{"id":18807,"date":"2024-06-28T10:38:25","date_gmt":"2024-06-28T08:38:25","guid":{"rendered":"https:\/\/www.facecorner.lv\/?post_type=product&#038;p=18807"},"modified":"2025-03-19T12:25:28","modified_gmt":"2025-03-19T09:25:28","slug":"by-wishtrend-green-tea-enzyme-milky-foaming-wash-140ml","status":"publish","type":"product","link":"https:\/\/www.facecorner.lv\/lv\/shop\/by-wishtrend-green-tea-enzyme-milky-foaming-wash-140ml\/","title":{"rendered":"By Wishtrend Green Tea &#038; Enzyme Milky Foaming Wash 140ml"},"content":{"rendered":"<p>By Wishtrend Green Tea &amp; Enzyme Milky Foaming Wash maigi att\u012bra \u0101du no net\u012brumiem, keratiniz\u0113t\u0101m da\u013ci\u0146\u0101m un sebuma, padarot to svaigu un mitrin\u0101tu.<\/p>\n<p>Tas nov\u0113r\u0161 sausuma un sasprindzin\u0101juma saj\u016btu p\u0113c mazg\u0101\u0161anas, maigi noloba raga sl\u0101ni, nov\u0113r\u0161ot poru aizs\u0113r\u0113\u0161anu un iekaisumu. Tam ir pienaina \u017eelejas tekst\u016bra, kas p\u0101rv\u0113r\u0161as maig\u0101s put\u0101s. Piem\u0113rots ikdienas att\u012br\u012b\u0161anai pat jut\u012bgai \u0101dai.<\/p>\n<p>By Wishtrend Green Tea &amp; Enzyme Milky Foaming Wash formulas pamat\u0101 ir 52 % za\u013c\u0101s t\u0113jas hidrol\u0101ta, kas aug Jeju sal\u0101. Za\u013cajai t\u0113jai piem\u012bt sp\u0113c\u012bga antioksidanta iedarb\u012bba, t\u0101 nov\u0113r\u0161 oksid\u0113\u0161an\u0101s procesus, toniz\u0113 un nomierina.<\/p>\n<p>T\u0101 satur enz\u012bmus papa\u012bnu un bromela\u012bnu, kas atraisa saites starp atmiru\u0161aj\u0101m \u0101das \u0161\u016bn\u0101m, t\u0101d\u0113j\u0101di pa\u0101trinot to p\u012blingu, nov\u0113r\u0161ot poru aizs\u0113r\u0113\u0161anu, komedonus un lob\u012b\u0161anos, m\u012bkstinot raupju tekst\u016bru. Papa\u012bns tiek ieg\u016bts no papaijas aug\u013ciem, bet bromela\u012bns &#8211; no anan\u0101sa.<\/p>\n<ul>\n<li>Auzu milti m\u012bkstina, maigi p\u012blingo, nodro\u0161ina antioksidantu \u0161\u016bnu aizsardz\u012bbu, satur beta-glik\u0101nu.<\/li>\n<li>Diflores ekstrakts mitrina, m\u012bkstina un nov\u0113r\u0161 kairin\u0101jumu, veicina dz\u012b\u0161anu, stiprina asinsvadus un saglab\u0101 mitrumu.<\/li>\n<li>Gard\u0113nijas jasm\u012bna ekstrakts ir tradicion\u0101ls austrumu medic\u012bnas atjaunojo\u0161s l\u012bdzeklis, atsvaidzina un uzlabo sejas kr\u0101su, nodro\u0161inot skaistu vienm\u0113r\u012bgu toni. Tam piem\u012bt aizsarg\u0101jo\u0161as, atjaunojo\u0161as un antiseptiskas \u012bpa\u0161\u012bbas.<\/li>\n<li>Kakao s\u0113klu ekstrakts toniz\u0113, mazina piet\u016bkumu, darbojas antioksidanti, stimul\u0113 dz\u012b\u0161anu.<\/li>\n<li>Centella asiatica ekstrakts mazina aps\u0101rtumu un kairin\u0101jumu, stiprina asinsvadu sieni\u0146as, mazina kuperozes ra\u0161anos, palielina elast\u012bbu.<\/li>\n<li>V\u012b\u0123es ekstrakts satur unik\u0101lu fermentu fic\u012bnu, kas sp\u0113j maigi un bez kairin\u0101juma no\u0146emt kerat\u012bna \u0161\u016bnas, izl\u012bdzina \u0101das reljefu un tekst\u016bru, pie\u0161\u0137ir gludumu un izl\u012bdzina \u0101das toni.<\/li>\n<li>R\u012bsu ekstrakts satur noder\u012bgas miner\u0101lvielas (kalciju, magniju, fosforu), tam piem\u012bt izgaismojo\u0161a un atjaunojo\u0161a iedarb\u012bba: tas uzlabo kolag\u0113na strukt\u016bru, t\u0101d\u0113j\u0101di palielinot elast\u012bbu.<\/li>\n<li>Beta-glik\u0101ns atjauno boj\u0101t\u0101s vietas, tam piem\u012bt pretiekaisuma un pretnoveco\u0161an\u0101s iedarb\u012bba, tas intens\u012bvi mitrina un aizsarg\u0101 pret br\u012bvajiem radik\u0101\u013ciem.<\/li>\n<li>Ceram\u012bdi iek\u013caujas lip\u012bdu sl\u0101n\u012b un stiprina to, nov\u0113r\u0161 transepiderm\u0101lo mitruma zudumu, uzlabo \u0101das tekst\u016bru.<\/li>\n<li>Tokoferols (E vitam\u012bns) c\u012bn\u0101s pret br\u012bvajiem radik\u0101\u013ciem, pal\u0113nina noveco\u0161anos, nov\u0113r\u0161 \u0101das tekst\u016bras veido\u0161anos.<\/li>\n<\/ul>\n<p><strong>Piem\u0113rots visiem \u0101das tipiem.<\/strong><\/p>\n<p><strong>Lieto\u0161ana:<\/strong> nospiediet dozatoru, iep\u016btiet \u017eeleju, uzkl\u0101jiet uz sejas un izkl\u0101jiet pa \u0101du. Noskalojiet ar \u016bdeni.<\/p>\n<p><strong>S\u0101stavs: \u00a0<\/strong>Camellia Sinensis Leaf Water\u00a0(52%), Aqua (Water), Hydrogenated Poly(C6-14 Olefin), Myristic Acid, Potassium Hydroxide, Glycerin, Lauric Acid, Lauryl Hydroxysultaine, Butylene Glycol, Potassium Cocoyl Glycinate, 1,2-Hexanediol, Palmitic Acid, Acrylates\/C10-30 Alkyl Acrylate Crosspolymer, Stearic Acid, Potassium Myristate, Hydrated Silica, Potassium Laurate, Ethylhexylglycerin, Potassium Stearate, Mannitol, Carthamus Tinctorius (Safflower) Flower Extract, Dextrin, Gardenia Florida Fruit Extract, Papain\u00a0(175 ppm), Hydrogenated Lecithin, Bromelain\u00a0(25 ppm), Theobroma Cacao (Cocoa) Seed Extract, Ficus Carica (Fig) Fruit Extract, Centella Asiatica Extract, Beta-Glucan, Oryza Sativa (Rice) Extract, Avena Sativa (Oat) Meal Extract, Tocopherol, Ceramide NP, Glycine Max (Soybean) Seed Extract<\/p>\n<p>&nbsp;<\/p>\n","protected":false},"excerpt":{"rendered":"<p>By Wishtrend Green Tea &amp; Enzyme Milkeny Foaming Wash maigi att\u012bra \u0101du no net\u012brumiem, keratiniz\u0113t\u0101m da\u013ci\u0146\u0101m un sebuma, padarot to svaigu un mitrin\u0101tu. Nov\u0113r\u0161 sausumu un sasprindzin\u0101jumu p\u0113c mazg\u0101\u0161anas, maigi p\u012blingo raga sl\u0101ni, nov\u0113r\u0161 poru aizs\u0113r\u0113\u0161anu un iekaisumu. Tam ir pienaina \u017eelejas tekst\u016bra, kas p\u0101rv\u0113r\u0161as maig\u0101s put\u0101s. T\u0101 pamat\u0101 ir 52 % za\u013c\u0101s t\u0113jas, satur papa\u012bna un bromela\u012bna enz\u012bmus, auzu miltus, saflora kr\u0101su, graudz\u0101les, kakao, centellas, v\u012b\u0123es un r\u012bsu ekstraktus, k\u0101 ar\u012b beta-glik\u0101nu, keram\u012bdus un tokoferolu.<\/p>\n","protected":false},"featured_media":18805,"comment_status":"open","ping_status":"closed","template":"","meta":{"site-sidebar-layout":"default","site-content-layout":"","ast-site-content-layout":"","site-content-style":"default","site-sidebar-style":"default","ast-global-header-display":"","ast-banner-title-visibility":"","ast-main-header-display":"","ast-hfb-above-header-display":"","ast-hfb-below-header-display":"","ast-hfb-mobile-header-display":"","site-post-title":"","ast-breadcrumbs-content":"","ast-featured-img":"","footer-sml-layout":"","theme-transparent-header-meta":"","adv-header-id-meta":"","stick-header-meta":"","header-above-stick-meta":"","header-main-stick-meta":"","header-below-stick-meta":"","astra-migrate-meta-layouts":"default","ast-page-background-enabled":"default","ast-page-background-meta":{"desktop":{"background-color":"var(--ast-global-color-4)","background-image":"","background-repeat":"repeat","background-position":"center center","background-size":"auto","background-attachment":"scroll","background-type":"","background-media":"","overlay-type":"","overlay-color":"","overlay-opacity":"","overlay-gradient":""},"tablet":{"background-color":"","background-image":"","background-repeat":"repeat","background-position":"center center","background-size":"auto","background-attachment":"scroll","background-type":"","background-media":"","overlay-type":"","overlay-color":"","overlay-opacity":"","overlay-gradient":""},"mobile":{"background-color":"","background-image":"","background-repeat":"repeat","background-position":"center center","background-size":"auto","background-attachment":"scroll","background-type":"","background-media":"","overlay-type":"","overlay-color":"","overlay-opacity":"","overlay-gradient":""}},"ast-content-background-meta":{"desktop":{"background-color":"var(--ast-global-color-5)","background-image":"","background-repeat":"repeat","background-position":"center center","background-size":"auto","background-attachment":"scroll","background-type":"","background-media":"","overlay-type":"","overlay-color":"","overlay-opacity":"","overlay-gradient":""},"tablet":{"background-color":"var(--ast-global-color-5)","background-image":"","background-repeat":"repeat","background-position":"center center","background-size":"auto","background-attachment":"scroll","background-type":"","background-media":"","overlay-type":"","overlay-color":"","overlay-opacity":"","overlay-gradient":""},"mobile":{"background-color":"var(--ast-global-color-5)","background-image":"","background-repeat":"repeat","background-position":"center center","background-size":"auto","background-attachment":"scroll","background-type":"","background-media":"","overlay-type":"","overlay-color":"","overlay-opacity":"","overlay-gradient":""}}},"product_brand":[],"product_cat":[310,311,312,313,317,314],"product_tag":[],"berocket_brand":[603],"class_list":{"0":"post-18807","1":"product","2":"type-product","3":"status-publish","4":"has-post-thumbnail","6":"product_cat-attirisana","7":"product_cat-jutigai-adai-attirisana","8":"product_cat-kombinetai-adai-attirisana","9":"product_cat-problematiskai-adai-attirisana","10":"product_cat-sausai-adai-attirisana","11":"product_cat-taukainai-adai-attirisana","12":"berocket_brand-bywishtrend","13":"desktop-align-left","14":"tablet-align-left","15":"mobile-align-left","17":"first","18":"outofstock","19":"taxable","20":"shipping-taxable","21":"purchasable","22":"product-type-simple","23":"add-to-wishlist-before_image"},"yoast_head":"<!-- This site is optimized with the Yoast SEO plugin v27.4 - https:\/\/yoast.com\/product\/yoast-seo-wordpress\/ -->\n<title>By Wishtrend Green Tea &amp; Enzyme Milky Foaming Wash 140ml - FACECORNER<\/title>\n<meta name=\"description\" content=\"By Wishtrend Green Tea &amp; Enzyme Milkeny Foaming Wash maigi att\u012bra \u0101du no net\u012brumiem, keratiniz\u0113t\u0101m da\u013ci\u0146\u0101m un sebuma, padarot to svaigu un mitrin\u0101tu.\" \/>\n<meta name=\"robots\" content=\"index, follow, max-snippet:-1, max-image-preview:large, max-video-preview:-1\" \/>\n<link rel=\"canonical\" href=\"https:\/\/www.facecorner.lv\/lv\/shop\/by-wishtrend-green-tea-enzyme-milky-foaming-wash-140ml\/\" \/>\n<meta property=\"og:locale\" content=\"lv_LV\" \/>\n<meta property=\"og:type\" content=\"article\" \/>\n<meta property=\"og:title\" content=\"By Wishtrend Green Tea &amp; Enzyme Milky Foaming Wash 140ml - FACECORNER\" \/>\n<meta property=\"og:description\" content=\"By Wishtrend Green Tea &amp; Enzyme Milkeny Foaming Wash maigi att\u012bra \u0101du no net\u012brumiem, keratiniz\u0113t\u0101m da\u013ci\u0146\u0101m un sebuma, padarot to svaigu un mitrin\u0101tu.\" \/>\n<meta property=\"og:url\" content=\"https:\/\/www.facecorner.lv\/lv\/shop\/by-wishtrend-green-tea-enzyme-milky-foaming-wash-140ml\/\" \/>\n<meta property=\"og:site_name\" content=\"FACECORNER\" \/>\n<meta property=\"article:publisher\" content=\"https:\/\/www.facebook.com\/profile.php?id=100063824551839\" \/>\n<meta property=\"article:modified_time\" content=\"2025-03-19T09:25:28+00:00\" \/>\n<meta property=\"og:image\" content=\"https:\/\/www.facecorner.lv\/wp-content\/uploads\/2024\/06\/Green-Tea_Enzyme-Milky-Foaming-Wash-thumbnail-01-product.jpg-2.webp\" \/>\n\t<meta property=\"og:image:width\" content=\"600\" \/>\n\t<meta property=\"og:image:height\" content=\"600\" \/>\n\t<meta property=\"og:image:type\" content=\"image\/webp\" \/>\n<meta name=\"twitter:card\" content=\"summary_large_image\" \/>\n<meta name=\"twitter:label1\" content=\"Price\" \/>\n\t<meta name=\"twitter:data1\" content=\"&euro;29.00\" \/>\n\t<meta name=\"twitter:label2\" content=\"Availability\" \/>\n\t<meta name=\"twitter:data2\" content=\"Out of stock\" \/>\n<script type=\"application\/ld+json\" class=\"yoast-schema-graph\">{\"@context\":\"https:\\\/\\\/schema.org\",\"@graph\":[{\"@type\":\"WebPage\",\"@id\":\"https:\\\/\\\/www.facecorner.lv\\\/shop\\\/by-wishtrend-green-tea-enzyme-milky-foaming-wash-140ml\\\/\",\"url\":\"https:\\\/\\\/www.facecorner.lv\\\/shop\\\/by-wishtrend-green-tea-enzyme-milky-foaming-wash-140ml\\\/\",\"name\":\"By Wishtrend Green Tea & Enzyme Milky Foaming Wash 140ml - FACECORNER\",\"isPartOf\":{\"@id\":\"https:\\\/\\\/www.facecorner.lv\\\/#website\"},\"primaryImageOfPage\":{\"@id\":\"https:\\\/\\\/www.facecorner.lv\\\/shop\\\/by-wishtrend-green-tea-enzyme-milky-foaming-wash-140ml\\\/#primaryimage\"},\"image\":{\"@id\":\"https:\\\/\\\/www.facecorner.lv\\\/shop\\\/by-wishtrend-green-tea-enzyme-milky-foaming-wash-140ml\\\/#primaryimage\"},\"thumbnailUrl\":\"https:\\\/\\\/www.facecorner.lv\\\/wp-content\\\/uploads\\\/2024\\\/06\\\/Green-Tea_Enzyme-Milky-Foaming-Wash-thumbnail-01-product.jpg-2.webp\",\"datePublished\":\"2024-06-28T08:38:25+00:00\",\"dateModified\":\"2025-03-19T09:25:28+00:00\",\"description\":\"By Wishtrend Green Tea & Enzyme Milkeny Foaming Wash maigi att\u012bra \u0101du no net\u012brumiem, keratiniz\u0113t\u0101m da\u013ci\u0146\u0101m un sebuma, padarot to svaigu un mitrin\u0101tu.\",\"breadcrumb\":{\"@id\":\"https:\\\/\\\/www.facecorner.lv\\\/shop\\\/by-wishtrend-green-tea-enzyme-milky-foaming-wash-140ml\\\/#breadcrumb\"},\"inLanguage\":\"lv-LV\",\"potentialAction\":[{\"@type\":\"ReadAction\",\"target\":[\"https:\\\/\\\/www.facecorner.lv\\\/shop\\\/by-wishtrend-green-tea-enzyme-milky-foaming-wash-140ml\\\/\"]}]},{\"@type\":\"ImageObject\",\"inLanguage\":\"lv-LV\",\"@id\":\"https:\\\/\\\/www.facecorner.lv\\\/shop\\\/by-wishtrend-green-tea-enzyme-milky-foaming-wash-140ml\\\/#primaryimage\",\"url\":\"https:\\\/\\\/www.facecorner.lv\\\/wp-content\\\/uploads\\\/2024\\\/06\\\/Green-Tea_Enzyme-Milky-Foaming-Wash-thumbnail-01-product.jpg-2.webp\",\"contentUrl\":\"https:\\\/\\\/www.facecorner.lv\\\/wp-content\\\/uploads\\\/2024\\\/06\\\/Green-Tea_Enzyme-Milky-Foaming-Wash-thumbnail-01-product.jpg-2.webp\",\"width\":600,\"height\":600,\"caption\":\"By Wishtrend Green Tea & Enzyme Milky Foaming Wash\"},{\"@type\":\"BreadcrumbList\",\"@id\":\"https:\\\/\\\/www.facecorner.lv\\\/shop\\\/by-wishtrend-green-tea-enzyme-milky-foaming-wash-140ml\\\/#breadcrumb\",\"itemListElement\":[{\"@type\":\"ListItem\",\"position\":1,\"name\":\"Home\",\"item\":\"https:\\\/\\\/www.facecorner.lv\\\/\"},{\"@type\":\"ListItem\",\"position\":2,\"name\":\"Veikals\",\"item\":\"https:\\\/\\\/www.facecorner.lv\\\/shop\\\/\"},{\"@type\":\"ListItem\",\"position\":3,\"name\":\"By Wishtrend Green Tea &#038; Enzyme Milky Foaming Wash 140ml\"}]},{\"@type\":\"WebSite\",\"@id\":\"https:\\\/\\\/www.facecorner.lv\\\/#website\",\"url\":\"https:\\\/\\\/www.facecorner.lv\\\/\",\"name\":\"Facecorner\",\"description\":\"\",\"publisher\":{\"@id\":\"https:\\\/\\\/www.facecorner.lv\\\/#organization\"},\"potentialAction\":[{\"@type\":\"SearchAction\",\"target\":{\"@type\":\"EntryPoint\",\"urlTemplate\":\"https:\\\/\\\/www.facecorner.lv\\\/?s={search_term_string}\"},\"query-input\":{\"@type\":\"PropertyValueSpecification\",\"valueRequired\":true,\"valueName\":\"search_term_string\"}}],\"inLanguage\":\"lv-LV\"},{\"@type\":\"Organization\",\"@id\":\"https:\\\/\\\/www.facecorner.lv\\\/#organization\",\"name\":\"Facecorner\",\"url\":\"https:\\\/\\\/www.facecorner.lv\\\/\",\"logo\":{\"@type\":\"ImageObject\",\"inLanguage\":\"lv-LV\",\"@id\":\"https:\\\/\\\/www.facecorner.lv\\\/#\\\/schema\\\/logo\\\/image\\\/\",\"url\":\"https:\\\/\\\/www.facecorner.lv\\\/wp-content\\\/uploads\\\/2024\\\/04\\\/fc-logo.jpg\",\"contentUrl\":\"https:\\\/\\\/www.facecorner.lv\\\/wp-content\\\/uploads\\\/2024\\\/04\\\/fc-logo.jpg\",\"width\":174,\"height\":28,\"caption\":\"Facecorner\"},\"image\":{\"@id\":\"https:\\\/\\\/www.facecorner.lv\\\/#\\\/schema\\\/logo\\\/image\\\/\"},\"sameAs\":[\"https:\\\/\\\/www.facebook.com\\\/profile.php?id=100063824551839\",\"https:\\\/\\\/www.instagram.com\\\/facecorner_shop\\\/\"]}]}<\/script>\n<meta property=\"product:price:amount\" content=\"29.00\" \/>\n<meta property=\"product:price:currency\" content=\"EUR\" \/>\n<meta property=\"og:availability\" content=\"out of stock\" \/>\n<meta property=\"product:availability\" content=\"out of stock\" \/>\n<meta property=\"product:condition\" content=\"new\" \/>\n<!-- \/ Yoast SEO plugin. -->","yoast_head_json":{"title":"By Wishtrend Green Tea & Enzyme Milky Foaming Wash 140ml - FACECORNER","description":"By Wishtrend Green Tea & Enzyme Milkeny Foaming Wash maigi att\u012bra \u0101du no net\u012brumiem, keratiniz\u0113t\u0101m da\u013ci\u0146\u0101m un sebuma, padarot to svaigu un mitrin\u0101tu.","robots":{"index":"index","follow":"follow","max-snippet":"max-snippet:-1","max-image-preview":"max-image-preview:large","max-video-preview":"max-video-preview:-1"},"canonical":"https:\/\/www.facecorner.lv\/lv\/shop\/by-wishtrend-green-tea-enzyme-milky-foaming-wash-140ml\/","og_locale":"lv_LV","og_type":"article","og_title":"By Wishtrend Green Tea & Enzyme Milky Foaming Wash 140ml - FACECORNER","og_description":"By Wishtrend Green Tea & Enzyme Milkeny Foaming Wash maigi att\u012bra \u0101du no net\u012brumiem, keratiniz\u0113t\u0101m da\u013ci\u0146\u0101m un sebuma, padarot to svaigu un mitrin\u0101tu.","og_url":"https:\/\/www.facecorner.lv\/lv\/shop\/by-wishtrend-green-tea-enzyme-milky-foaming-wash-140ml\/","og_site_name":"FACECORNER","article_publisher":"https:\/\/www.facebook.com\/profile.php?id=100063824551839","article_modified_time":"2025-03-19T09:25:28+00:00","og_image":[{"width":600,"height":600,"url":"https:\/\/www.facecorner.lv\/wp-content\/uploads\/2024\/06\/Green-Tea_Enzyme-Milky-Foaming-Wash-thumbnail-01-product.jpg-2.webp","type":"image\/webp"}],"twitter_card":"summary_large_image","twitter_misc":{"Price":"&euro;29.00","Availability":"Out of stock"},"schema":{"@context":"https:\/\/schema.org","@graph":[{"@type":"WebPage","@id":"https:\/\/www.facecorner.lv\/shop\/by-wishtrend-green-tea-enzyme-milky-foaming-wash-140ml\/","url":"https:\/\/www.facecorner.lv\/shop\/by-wishtrend-green-tea-enzyme-milky-foaming-wash-140ml\/","name":"By Wishtrend Green Tea & Enzyme Milky Foaming Wash 140ml - FACECORNER","isPartOf":{"@id":"https:\/\/www.facecorner.lv\/#website"},"primaryImageOfPage":{"@id":"https:\/\/www.facecorner.lv\/shop\/by-wishtrend-green-tea-enzyme-milky-foaming-wash-140ml\/#primaryimage"},"image":{"@id":"https:\/\/www.facecorner.lv\/shop\/by-wishtrend-green-tea-enzyme-milky-foaming-wash-140ml\/#primaryimage"},"thumbnailUrl":"https:\/\/www.facecorner.lv\/wp-content\/uploads\/2024\/06\/Green-Tea_Enzyme-Milky-Foaming-Wash-thumbnail-01-product.jpg-2.webp","datePublished":"2024-06-28T08:38:25+00:00","dateModified":"2025-03-19T09:25:28+00:00","description":"By Wishtrend Green Tea & Enzyme Milkeny Foaming Wash maigi att\u012bra \u0101du no net\u012brumiem, keratiniz\u0113t\u0101m da\u013ci\u0146\u0101m un sebuma, padarot to svaigu un mitrin\u0101tu.","breadcrumb":{"@id":"https:\/\/www.facecorner.lv\/shop\/by-wishtrend-green-tea-enzyme-milky-foaming-wash-140ml\/#breadcrumb"},"inLanguage":"lv-LV","potentialAction":[{"@type":"ReadAction","target":["https:\/\/www.facecorner.lv\/shop\/by-wishtrend-green-tea-enzyme-milky-foaming-wash-140ml\/"]}]},{"@type":"ImageObject","inLanguage":"lv-LV","@id":"https:\/\/www.facecorner.lv\/shop\/by-wishtrend-green-tea-enzyme-milky-foaming-wash-140ml\/#primaryimage","url":"https:\/\/www.facecorner.lv\/wp-content\/uploads\/2024\/06\/Green-Tea_Enzyme-Milky-Foaming-Wash-thumbnail-01-product.jpg-2.webp","contentUrl":"https:\/\/www.facecorner.lv\/wp-content\/uploads\/2024\/06\/Green-Tea_Enzyme-Milky-Foaming-Wash-thumbnail-01-product.jpg-2.webp","width":600,"height":600,"caption":"By Wishtrend Green Tea & Enzyme Milky Foaming Wash"},{"@type":"BreadcrumbList","@id":"https:\/\/www.facecorner.lv\/shop\/by-wishtrend-green-tea-enzyme-milky-foaming-wash-140ml\/#breadcrumb","itemListElement":[{"@type":"ListItem","position":1,"name":"Home","item":"https:\/\/www.facecorner.lv\/"},{"@type":"ListItem","position":2,"name":"Veikals","item":"https:\/\/www.facecorner.lv\/shop\/"},{"@type":"ListItem","position":3,"name":"By Wishtrend Green Tea &#038; Enzyme Milky Foaming Wash 140ml"}]},{"@type":"WebSite","@id":"https:\/\/www.facecorner.lv\/#website","url":"https:\/\/www.facecorner.lv\/","name":"Facecorner","description":"","publisher":{"@id":"https:\/\/www.facecorner.lv\/#organization"},"potentialAction":[{"@type":"SearchAction","target":{"@type":"EntryPoint","urlTemplate":"https:\/\/www.facecorner.lv\/?s={search_term_string}"},"query-input":{"@type":"PropertyValueSpecification","valueRequired":true,"valueName":"search_term_string"}}],"inLanguage":"lv-LV"},{"@type":"Organization","@id":"https:\/\/www.facecorner.lv\/#organization","name":"Facecorner","url":"https:\/\/www.facecorner.lv\/","logo":{"@type":"ImageObject","inLanguage":"lv-LV","@id":"https:\/\/www.facecorner.lv\/#\/schema\/logo\/image\/","url":"https:\/\/www.facecorner.lv\/wp-content\/uploads\/2024\/04\/fc-logo.jpg","contentUrl":"https:\/\/www.facecorner.lv\/wp-content\/uploads\/2024\/04\/fc-logo.jpg","width":174,"height":28,"caption":"Facecorner"},"image":{"@id":"https:\/\/www.facecorner.lv\/#\/schema\/logo\/image\/"},"sameAs":["https:\/\/www.facebook.com\/profile.php?id=100063824551839","https:\/\/www.instagram.com\/facecorner_shop\/"]}]},"product_price_amount":"29.00","product_price_currency":"EUR","og_availability":"out of stock","product_availability":"out of stock","product_condition":"new"},"_links":{"self":[{"href":"https:\/\/www.facecorner.lv\/lv\/wp-json\/wp\/v2\/product\/18807","targetHints":{"allow":["GET"]}}],"collection":[{"href":"https:\/\/www.facecorner.lv\/lv\/wp-json\/wp\/v2\/product"}],"about":[{"href":"https:\/\/www.facecorner.lv\/lv\/wp-json\/wp\/v2\/types\/product"}],"replies":[{"embeddable":true,"href":"https:\/\/www.facecorner.lv\/lv\/wp-json\/wp\/v2\/comments?post=18807"}],"wp:featuredmedia":[{"embeddable":true,"href":"https:\/\/www.facecorner.lv\/lv\/wp-json\/wp\/v2\/media\/18805"}],"wp:attachment":[{"href":"https:\/\/www.facecorner.lv\/lv\/wp-json\/wp\/v2\/media?parent=18807"}],"wp:term":[{"taxonomy":"product_brand","embeddable":true,"href":"https:\/\/www.facecorner.lv\/lv\/wp-json\/wp\/v2\/product_brand?post=18807"},{"taxonomy":"product_cat","embeddable":true,"href":"https:\/\/www.facecorner.lv\/lv\/wp-json\/wp\/v2\/product_cat?post=18807"},{"taxonomy":"product_tag","embeddable":true,"href":"https:\/\/www.facecorner.lv\/lv\/wp-json\/wp\/v2\/product_tag?post=18807"},{"taxonomy":"berocket_brand","embeddable":true,"href":"https:\/\/www.facecorner.lv\/lv\/wp-json\/wp\/v2\/berocket_brand?post=18807"}],"curies":[{"name":"wp","href":"https:\/\/api.w.org\/{rel}","templated":true}]}}