{"id":18115,"date":"2024-06-21T12:26:52","date_gmt":"2024-06-21T10:26:52","guid":{"rendered":"https:\/\/www.facecorner.lv\/?post_type=product&#038;p=18115"},"modified":"2024-12-02T23:21:32","modified_gmt":"2024-12-02T20:21:32","slug":"anua-birch-70-moisture-boosting-pad-70ea","status":"publish","type":"product","link":"https:\/\/www.facecorner.lv\/lv\/shop\/anua-birch-70-moisture-boosting-pad-70ea\/","title":{"rendered":"ANUA Birch 70% Moisture Boosting Pad 70ea"},"content":{"rendered":"<p>ANUA Birch 70% Moisture Boosting Pad \u00a0mitrino\u0161ie sejas toniz\u0113jo\u0161ie spilventi\u0146i ar b\u0113rzu sul\u0101m nodro\u0161ina akt\u012bvu mitruma l\u012bdzsvara atjauno\u0161anu, maigu p\u012blingu un nomierino\u0161u iedarb\u012bbu.<\/p>\n<ul>\n<li>Dzi\u013ci mitrina \u0101du, nov\u0113r\u0161 sausumu un lob\u012b\u0161anos, nov\u0113r\u0161 to ra\u0161anos un atjauno mitruma l\u012bdzsvaru p\u0113c mazg\u0101\u0161anas.<\/li>\n<li>T\u0101m piem\u012bt nomierino\u0161a pretiekaisuma iedarb\u012bba, kas pal\u012bdz tikt gal\u0101 ar kairin\u0101jumiem un aps\u0101rtumiem, k\u0101 ar\u012b nov\u0113r\u0161 izsitumus.<\/li>\n<li>T\u0101m piem\u012bt viegla p\u012blinga iedarb\u012bba, t\u0101s pal\u012bdz stimul\u0113t atjauno\u0161an\u0101s procesus un izl\u012bdzin\u0101t \u0101das toni.<\/li>\n<\/ul>\n<p><strong>Galven\u0101s sast\u0101vda\u013cas:<\/strong><\/p>\n<ul>\n<li>B\u0113rzu sul\u0101m piem\u012bt atsvaidzino\u0161a un toniz\u0113jo\u0161a iedarb\u012bba, mazina kairin\u0101jumus, pa\u0101trina dz\u012b\u0161anas procesus.<\/li>\n<li>Gur\u0137u ekstraktam piem\u012bt m\u012bkstino\u0161a un mitrino\u0161a iedarb\u012bba, tas veicina seboregul\u0101ciju un nov\u0113r\u0161 papla\u0161in\u0101tas poras, k\u0101 ar\u012b izl\u012bdzina \u0101das tonusu.<\/li>\n<li>Hialuronsk\u0101be dzi\u013ci mitrina \u0101du, saglab\u0101jot mitrumu t\u0101s iek\u0161ien\u0113, nov\u0113r\u0161 dehidrat\u0101ciju un sausumu, pal\u012bdz saglab\u0101t \u0101du gludu un elast\u012bgu.<\/li>\n<li>Piparm\u0113tras ekstraktam piem\u012bt atv\u0113sino\u0161a un atsvaidzino\u0161a iedarb\u012bba, tas regul\u0113 sebuma veido\u0161anos, mazina aps\u0101rtumu un stimul\u0113 mikrocirkul\u0101ciju.<\/li>\n<li>Glikosk\u0101bei (PHA) piem\u012bt maiga p\u012blinga iedarb\u012bba, att\u012brot epidermas aug\u0161\u0113jo sl\u0101ni no keratiniz\u0113t\u0101m \u0161\u016bn\u0101m, padarot \u0101du vienm\u0113r\u012bg\u0101ku un glud\u0101ku, atsvaidzinot un izl\u012bdzinot \u0101das toni.<\/li>\n<li>Neema lapu ekstraktam piem\u012bt nomierino\u0161a un antibakteri\u0101la iedarb\u012bba, tas nov\u0113r\u0161 aps\u0101rtumu un izsitumus.<\/li>\n<li>Prie\u017eu ekstrakts efekt\u012bvi mazina aps\u0101rtumu un nov\u0113r\u0161 iekaisumu.<\/li>\n<li>Alvejas ekstraktam piem\u012bt m\u012bkstino\u0161a, mitrino\u0161a un nomierino\u0161a iedarb\u012bba, tas re\u0123ener\u0113 un mazina aps\u0101rtumu.<\/li>\n<li>Bakla\u017e\u0101nu ekstraktam ir nomierino\u0161a un nomierino\u0161a iedarb\u012bba, tas pal\u012bdz sa\u0161aurin\u0101t poras, regul\u0113 sebuma veido\u0161anos un nov\u0113r\u0161 taukainu sp\u012bdumu.<\/li>\n<\/ul>\n<p><strong>Lieto\u0161\u0101na:<\/strong> Maigi noslaukiet att\u012br\u012btu \u0101du ar toniz\u0113jo\u0161o spilventi\u0146u un \u013caujiet atliku\u0161ajai esencei ies\u016bkties. P\u0113c tam turpiniet pamatapr\u016bpi.<\/p>\n<p><strong>S\u0101stavs:\u00a0<\/strong>Water, Betula Platyphylla Japonica Juice(70,000ppm), Butylene Glycol, Glycerin, Dipropylene Glycol, Allantoin, Betaine, Cucumis Sativus (\u200bCucumber) Fruit Extract, Hyaluronic Acid, Hydrolyzed Hyaluronic Acid, Sodium Hyaluronate Crosspolymer, Sodium Hyaluronate, Camellia Sinensis Leaf Extract, Mentha Rotundifolia Leaf Extract, Thymus Vulgaris (\u200bThyme) Flower\/Leaf Extract, Propanediol, Oenothera Biennis (Evening Primrose) Flower Extract, Pinus Palustris Leaf Extract, Pueraria Lobata Root Extract, Ulmus Davidiana Root Extract, Gluconolactone, Chlorella Vulgaris Extract, Melia Azadirachta Branch\/Leaf Extract, Melia Azadirachta Flower Extract, Coccinia Indica Fruit Extract, Althaea Rosea Flower Extract, Aloe Barbadensis Flower Extract, Solanum Melongena (Eggplant) Fruit Extract, Ocimum Sanctum Leaf Extract, Corallina Officinalis Extract, Curcuma Longa (\u200bTurmeric) Root Extract, 1,2-Hexanediol, Hydroxyacetophenone, Glucose, Ethylhexylglycerin, Caprylyl Glycol, Fructooligosaccharides, Fructose, Polyglyceryl-10 Laurate, Glyceryl Caprylate, Pentylene Glycol, Acetyl Glucosamine, Sodium Citrate, Cyanocobalamin, Tocopherol, Xanthan Gum, Disodium EDTA<\/p>\n","protected":false},"excerpt":{"rendered":"<p>ANUA Birch 70% Moisture Boosting Pad \u00a0mitrino\u0161ie sejas toniz\u0113jo\u0161ie spilventi\u0146i ar b\u0113rzu sul\u0101m nodro\u0161ina akt\u012bvu mitruma l\u012bdzsvara atjauno\u0161anu, maigu p\u012blingu un nomierino\u0161u iedarb\u012bbu.<\/p>\n","protected":false},"featured_media":18116,"comment_status":"closed","ping_status":"closed","template":"","meta":{"site-sidebar-layout":"default","site-content-layout":"","ast-site-content-layout":"","site-content-style":"default","site-sidebar-style":"default","ast-global-header-display":"","ast-banner-title-visibility":"","ast-main-header-display":"","ast-hfb-above-header-display":"","ast-hfb-below-header-display":"","ast-hfb-mobile-header-display":"","site-post-title":"","ast-breadcrumbs-content":"","ast-featured-img":"","footer-sml-layout":"","theme-transparent-header-meta":"","adv-header-id-meta":"","stick-header-meta":"","header-above-stick-meta":"","header-main-stick-meta":"","header-below-stick-meta":"","astra-migrate-meta-layouts":"default","ast-page-background-enabled":"default","ast-page-background-meta":{"desktop":{"background-color":"var(--ast-global-color-4)","background-image":"","background-repeat":"repeat","background-position":"center center","background-size":"auto","background-attachment":"scroll","background-type":"","background-media":"","overlay-type":"","overlay-color":"","overlay-opacity":"","overlay-gradient":""},"tablet":{"background-color":"","background-image":"","background-repeat":"repeat","background-position":"center center","background-size":"auto","background-attachment":"scroll","background-type":"","background-media":"","overlay-type":"","overlay-color":"","overlay-opacity":"","overlay-gradient":""},"mobile":{"background-color":"","background-image":"","background-repeat":"repeat","background-position":"center center","background-size":"auto","background-attachment":"scroll","background-type":"","background-media":"","overlay-type":"","overlay-color":"","overlay-opacity":"","overlay-gradient":""}},"ast-content-background-meta":{"desktop":{"background-color":"var(--ast-global-color-5)","background-image":"","background-repeat":"repeat","background-position":"center center","background-size":"auto","background-attachment":"scroll","background-type":"","background-media":"","overlay-type":"","overlay-color":"","overlay-opacity":"","overlay-gradient":""},"tablet":{"background-color":"var(--ast-global-color-5)","background-image":"","background-repeat":"repeat","background-position":"center center","background-size":"auto","background-attachment":"scroll","background-type":"","background-media":"","overlay-type":"","overlay-color":"","overlay-opacity":"","overlay-gradient":""},"mobile":{"background-color":"var(--ast-global-color-5)","background-image":"","background-repeat":"repeat","background-position":"center center","background-size":"auto","background-attachment":"scroll","background-type":"","background-media":"","overlay-type":"","overlay-color":"","overlay-opacity":"","overlay-gradient":""}}},"product_brand":[],"product_cat":[375,377,378,364,376],"product_tag":[],"berocket_brand":[575],"class_list":{"0":"post-18115","1":"product","2":"type-product","3":"status-publish","4":"has-post-thumbnail","6":"product_cat-jutigai-adai-toneri","7":"product_cat-problematiskai-adai-toneri","8":"product_cat-sausai-adai-toneri","9":"product_cat-toneri","10":"product_cat-kombinetai-adai-toneri","11":"berocket_brand-anua","12":"desktop-align-left","13":"tablet-align-left","14":"mobile-align-left","16":"first","17":"outofstock","18":"taxable","19":"shipping-taxable","20":"purchasable","21":"product-type-simple","22":"add-to-wishlist-before_image"},"yoast_head":"<!-- This site is optimized with the Yoast SEO plugin v27.3 - https:\/\/yoast.com\/product\/yoast-seo-wordpress\/ -->\n<title>ANUA Birch 70% Moisture Boosting Pad 70ea - FACECORNER<\/title>\n<meta name=\"description\" content=\"ANUA Birch 70% Moisture Boosting Pad \u00a0mitrino\u0161ie sejas toniz\u0113jo\u0161ie spilventi\u0146i ar b\u0113rzu sul\u0101m nodro\u0161ina akt\u012bvu mitruma l\u012bdzsvara atjauno\u0161anu.\" \/>\n<meta name=\"robots\" content=\"index, follow, max-snippet:-1, max-image-preview:large, max-video-preview:-1\" \/>\n<link rel=\"canonical\" href=\"https:\/\/www.facecorner.lv\/lv\/shop\/anua-birch-70-moisture-boosting-pad-70ea\/\" \/>\n<meta property=\"og:locale\" content=\"lv_LV\" \/>\n<meta property=\"og:type\" content=\"article\" \/>\n<meta property=\"og:title\" content=\"ANUA Birch 70% Moisture Boosting Pad 70ea - FACECORNER\" \/>\n<meta property=\"og:description\" content=\"ANUA Birch 70% Moisture Boosting Pad \u00a0mitrino\u0161ie sejas toniz\u0113jo\u0161ie spilventi\u0146i ar b\u0113rzu sul\u0101m nodro\u0161ina akt\u012bvu mitruma l\u012bdzsvara atjauno\u0161anu.\" \/>\n<meta property=\"og:url\" content=\"https:\/\/www.facecorner.lv\/lv\/shop\/anua-birch-70-moisture-boosting-pad-70ea\/\" \/>\n<meta property=\"og:site_name\" content=\"FACECORNER\" \/>\n<meta property=\"article:publisher\" content=\"https:\/\/www.facebook.com\/profile.php?id=100063824551839\" \/>\n<meta property=\"article:modified_time\" content=\"2024-12-02T20:21:32+00:00\" \/>\n<meta property=\"og:image\" content=\"https:\/\/www.facecorner.lv\/wp-content\/uploads\/2024\/06\/Anua_Birch_Moisture_Boosting_Pad-9d8bdf3c72e16fd82a504248dfddd002.jpg\" \/>\n\t<meta property=\"og:image:width\" content=\"1000\" \/>\n\t<meta property=\"og:image:height\" content=\"1000\" \/>\n\t<meta property=\"og:image:type\" content=\"image\/jpeg\" \/>\n<meta name=\"twitter:card\" content=\"summary_large_image\" \/>\n<meta name=\"twitter:label1\" content=\"Price\" \/>\n\t<meta name=\"twitter:data1\" content=\"&euro;27.90\" \/>\n\t<meta name=\"twitter:label2\" content=\"Availability\" \/>\n\t<meta name=\"twitter:data2\" content=\"Out of stock\" \/>\n<script type=\"application\/ld+json\" class=\"yoast-schema-graph\">{\"@context\":\"https:\\\/\\\/schema.org\",\"@graph\":[{\"@type\":\"WebPage\",\"@id\":\"https:\\\/\\\/www.facecorner.lv\\\/shop\\\/anua-birch-70-moisture-boosting-pad-70ea\\\/\",\"url\":\"https:\\\/\\\/www.facecorner.lv\\\/shop\\\/anua-birch-70-moisture-boosting-pad-70ea\\\/\",\"name\":\"ANUA Birch 70% Moisture Boosting Pad 70ea - FACECORNER\",\"isPartOf\":{\"@id\":\"https:\\\/\\\/www.facecorner.lv\\\/#website\"},\"primaryImageOfPage\":{\"@id\":\"https:\\\/\\\/www.facecorner.lv\\\/shop\\\/anua-birch-70-moisture-boosting-pad-70ea\\\/#primaryimage\"},\"image\":{\"@id\":\"https:\\\/\\\/www.facecorner.lv\\\/shop\\\/anua-birch-70-moisture-boosting-pad-70ea\\\/#primaryimage\"},\"thumbnailUrl\":\"https:\\\/\\\/www.facecorner.lv\\\/wp-content\\\/uploads\\\/2024\\\/06\\\/Anua_Birch_Moisture_Boosting_Pad-9d8bdf3c72e16fd82a504248dfddd002.jpg\",\"datePublished\":\"2024-06-21T10:26:52+00:00\",\"dateModified\":\"2024-12-02T20:21:32+00:00\",\"description\":\"ANUA Birch 70% Moisture Boosting Pad \u00a0mitrino\u0161ie sejas toniz\u0113jo\u0161ie spilventi\u0146i ar b\u0113rzu sul\u0101m nodro\u0161ina akt\u012bvu mitruma l\u012bdzsvara atjauno\u0161anu.\",\"breadcrumb\":{\"@id\":\"https:\\\/\\\/www.facecorner.lv\\\/shop\\\/anua-birch-70-moisture-boosting-pad-70ea\\\/#breadcrumb\"},\"inLanguage\":\"lv-LV\",\"potentialAction\":[{\"@type\":\"ReadAction\",\"target\":[\"https:\\\/\\\/www.facecorner.lv\\\/shop\\\/anua-birch-70-moisture-boosting-pad-70ea\\\/\"]}]},{\"@type\":\"ImageObject\",\"inLanguage\":\"lv-LV\",\"@id\":\"https:\\\/\\\/www.facecorner.lv\\\/shop\\\/anua-birch-70-moisture-boosting-pad-70ea\\\/#primaryimage\",\"url\":\"https:\\\/\\\/www.facecorner.lv\\\/wp-content\\\/uploads\\\/2024\\\/06\\\/Anua_Birch_Moisture_Boosting_Pad-9d8bdf3c72e16fd82a504248dfddd002.jpg\",\"contentUrl\":\"https:\\\/\\\/www.facecorner.lv\\\/wp-content\\\/uploads\\\/2024\\\/06\\\/Anua_Birch_Moisture_Boosting_Pad-9d8bdf3c72e16fd82a504248dfddd002.jpg\",\"width\":1000,\"height\":1000,\"caption\":\"ANUA Birch 70% Moisture Boosting Pad\"},{\"@type\":\"BreadcrumbList\",\"@id\":\"https:\\\/\\\/www.facecorner.lv\\\/shop\\\/anua-birch-70-moisture-boosting-pad-70ea\\\/#breadcrumb\",\"itemListElement\":[{\"@type\":\"ListItem\",\"position\":1,\"name\":\"Home\",\"item\":\"https:\\\/\\\/www.facecorner.lv\\\/\"},{\"@type\":\"ListItem\",\"position\":2,\"name\":\"Veikals\",\"item\":\"https:\\\/\\\/www.facecorner.lv\\\/shop\\\/\"},{\"@type\":\"ListItem\",\"position\":3,\"name\":\"ANUA Birch 70% Moisture Boosting Pad 70ea\"}]},{\"@type\":\"WebSite\",\"@id\":\"https:\\\/\\\/www.facecorner.lv\\\/#website\",\"url\":\"https:\\\/\\\/www.facecorner.lv\\\/\",\"name\":\"Facecorner\",\"description\":\"\",\"publisher\":{\"@id\":\"https:\\\/\\\/www.facecorner.lv\\\/#organization\"},\"potentialAction\":[{\"@type\":\"SearchAction\",\"target\":{\"@type\":\"EntryPoint\",\"urlTemplate\":\"https:\\\/\\\/www.facecorner.lv\\\/?s={search_term_string}\"},\"query-input\":{\"@type\":\"PropertyValueSpecification\",\"valueRequired\":true,\"valueName\":\"search_term_string\"}}],\"inLanguage\":\"lv-LV\"},{\"@type\":\"Organization\",\"@id\":\"https:\\\/\\\/www.facecorner.lv\\\/#organization\",\"name\":\"Facecorner\",\"url\":\"https:\\\/\\\/www.facecorner.lv\\\/\",\"logo\":{\"@type\":\"ImageObject\",\"inLanguage\":\"lv-LV\",\"@id\":\"https:\\\/\\\/www.facecorner.lv\\\/#\\\/schema\\\/logo\\\/image\\\/\",\"url\":\"https:\\\/\\\/www.facecorner.lv\\\/wp-content\\\/uploads\\\/2024\\\/04\\\/fc-logo.jpg\",\"contentUrl\":\"https:\\\/\\\/www.facecorner.lv\\\/wp-content\\\/uploads\\\/2024\\\/04\\\/fc-logo.jpg\",\"width\":174,\"height\":28,\"caption\":\"Facecorner\"},\"image\":{\"@id\":\"https:\\\/\\\/www.facecorner.lv\\\/#\\\/schema\\\/logo\\\/image\\\/\"},\"sameAs\":[\"https:\\\/\\\/www.facebook.com\\\/profile.php?id=100063824551839\",\"https:\\\/\\\/www.instagram.com\\\/facecorner_shop\\\/\"]}]}<\/script>\n<meta property=\"product:price:amount\" content=\"27.90\" \/>\n<meta property=\"product:price:currency\" content=\"EUR\" \/>\n<meta property=\"og:availability\" content=\"out of stock\" \/>\n<meta property=\"product:availability\" content=\"out of stock\" \/>\n<meta property=\"product:condition\" content=\"new\" \/>\n<!-- \/ Yoast SEO plugin. -->","yoast_head_json":{"title":"ANUA Birch 70% Moisture Boosting Pad 70ea - FACECORNER","description":"ANUA Birch 70% Moisture Boosting Pad \u00a0mitrino\u0161ie sejas toniz\u0113jo\u0161ie spilventi\u0146i ar b\u0113rzu sul\u0101m nodro\u0161ina akt\u012bvu mitruma l\u012bdzsvara atjauno\u0161anu.","robots":{"index":"index","follow":"follow","max-snippet":"max-snippet:-1","max-image-preview":"max-image-preview:large","max-video-preview":"max-video-preview:-1"},"canonical":"https:\/\/www.facecorner.lv\/lv\/shop\/anua-birch-70-moisture-boosting-pad-70ea\/","og_locale":"lv_LV","og_type":"article","og_title":"ANUA Birch 70% Moisture Boosting Pad 70ea - FACECORNER","og_description":"ANUA Birch 70% Moisture Boosting Pad \u00a0mitrino\u0161ie sejas toniz\u0113jo\u0161ie spilventi\u0146i ar b\u0113rzu sul\u0101m nodro\u0161ina akt\u012bvu mitruma l\u012bdzsvara atjauno\u0161anu.","og_url":"https:\/\/www.facecorner.lv\/lv\/shop\/anua-birch-70-moisture-boosting-pad-70ea\/","og_site_name":"FACECORNER","article_publisher":"https:\/\/www.facebook.com\/profile.php?id=100063824551839","article_modified_time":"2024-12-02T20:21:32+00:00","og_image":[{"width":1000,"height":1000,"url":"https:\/\/www.facecorner.lv\/wp-content\/uploads\/2024\/06\/Anua_Birch_Moisture_Boosting_Pad-9d8bdf3c72e16fd82a504248dfddd002.jpg","type":"image\/jpeg"}],"twitter_card":"summary_large_image","twitter_misc":{"Price":"&euro;27.90","Availability":"Out of stock"},"schema":{"@context":"https:\/\/schema.org","@graph":[{"@type":"WebPage","@id":"https:\/\/www.facecorner.lv\/shop\/anua-birch-70-moisture-boosting-pad-70ea\/","url":"https:\/\/www.facecorner.lv\/shop\/anua-birch-70-moisture-boosting-pad-70ea\/","name":"ANUA Birch 70% Moisture Boosting Pad 70ea - FACECORNER","isPartOf":{"@id":"https:\/\/www.facecorner.lv\/#website"},"primaryImageOfPage":{"@id":"https:\/\/www.facecorner.lv\/shop\/anua-birch-70-moisture-boosting-pad-70ea\/#primaryimage"},"image":{"@id":"https:\/\/www.facecorner.lv\/shop\/anua-birch-70-moisture-boosting-pad-70ea\/#primaryimage"},"thumbnailUrl":"https:\/\/www.facecorner.lv\/wp-content\/uploads\/2024\/06\/Anua_Birch_Moisture_Boosting_Pad-9d8bdf3c72e16fd82a504248dfddd002.jpg","datePublished":"2024-06-21T10:26:52+00:00","dateModified":"2024-12-02T20:21:32+00:00","description":"ANUA Birch 70% Moisture Boosting Pad \u00a0mitrino\u0161ie sejas toniz\u0113jo\u0161ie spilventi\u0146i ar b\u0113rzu sul\u0101m nodro\u0161ina akt\u012bvu mitruma l\u012bdzsvara atjauno\u0161anu.","breadcrumb":{"@id":"https:\/\/www.facecorner.lv\/shop\/anua-birch-70-moisture-boosting-pad-70ea\/#breadcrumb"},"inLanguage":"lv-LV","potentialAction":[{"@type":"ReadAction","target":["https:\/\/www.facecorner.lv\/shop\/anua-birch-70-moisture-boosting-pad-70ea\/"]}]},{"@type":"ImageObject","inLanguage":"lv-LV","@id":"https:\/\/www.facecorner.lv\/shop\/anua-birch-70-moisture-boosting-pad-70ea\/#primaryimage","url":"https:\/\/www.facecorner.lv\/wp-content\/uploads\/2024\/06\/Anua_Birch_Moisture_Boosting_Pad-9d8bdf3c72e16fd82a504248dfddd002.jpg","contentUrl":"https:\/\/www.facecorner.lv\/wp-content\/uploads\/2024\/06\/Anua_Birch_Moisture_Boosting_Pad-9d8bdf3c72e16fd82a504248dfddd002.jpg","width":1000,"height":1000,"caption":"ANUA Birch 70% Moisture Boosting Pad"},{"@type":"BreadcrumbList","@id":"https:\/\/www.facecorner.lv\/shop\/anua-birch-70-moisture-boosting-pad-70ea\/#breadcrumb","itemListElement":[{"@type":"ListItem","position":1,"name":"Home","item":"https:\/\/www.facecorner.lv\/"},{"@type":"ListItem","position":2,"name":"Veikals","item":"https:\/\/www.facecorner.lv\/shop\/"},{"@type":"ListItem","position":3,"name":"ANUA Birch 70% Moisture Boosting Pad 70ea"}]},{"@type":"WebSite","@id":"https:\/\/www.facecorner.lv\/#website","url":"https:\/\/www.facecorner.lv\/","name":"Facecorner","description":"","publisher":{"@id":"https:\/\/www.facecorner.lv\/#organization"},"potentialAction":[{"@type":"SearchAction","target":{"@type":"EntryPoint","urlTemplate":"https:\/\/www.facecorner.lv\/?s={search_term_string}"},"query-input":{"@type":"PropertyValueSpecification","valueRequired":true,"valueName":"search_term_string"}}],"inLanguage":"lv-LV"},{"@type":"Organization","@id":"https:\/\/www.facecorner.lv\/#organization","name":"Facecorner","url":"https:\/\/www.facecorner.lv\/","logo":{"@type":"ImageObject","inLanguage":"lv-LV","@id":"https:\/\/www.facecorner.lv\/#\/schema\/logo\/image\/","url":"https:\/\/www.facecorner.lv\/wp-content\/uploads\/2024\/04\/fc-logo.jpg","contentUrl":"https:\/\/www.facecorner.lv\/wp-content\/uploads\/2024\/04\/fc-logo.jpg","width":174,"height":28,"caption":"Facecorner"},"image":{"@id":"https:\/\/www.facecorner.lv\/#\/schema\/logo\/image\/"},"sameAs":["https:\/\/www.facebook.com\/profile.php?id=100063824551839","https:\/\/www.instagram.com\/facecorner_shop\/"]}]},"product_price_amount":"27.90","product_price_currency":"EUR","og_availability":"out of stock","product_availability":"out of stock","product_condition":"new"},"_links":{"self":[{"href":"https:\/\/www.facecorner.lv\/lv\/wp-json\/wp\/v2\/product\/18115","targetHints":{"allow":["GET"]}}],"collection":[{"href":"https:\/\/www.facecorner.lv\/lv\/wp-json\/wp\/v2\/product"}],"about":[{"href":"https:\/\/www.facecorner.lv\/lv\/wp-json\/wp\/v2\/types\/product"}],"replies":[{"embeddable":true,"href":"https:\/\/www.facecorner.lv\/lv\/wp-json\/wp\/v2\/comments?post=18115"}],"wp:featuredmedia":[{"embeddable":true,"href":"https:\/\/www.facecorner.lv\/lv\/wp-json\/wp\/v2\/media\/18116"}],"wp:attachment":[{"href":"https:\/\/www.facecorner.lv\/lv\/wp-json\/wp\/v2\/media?parent=18115"}],"wp:term":[{"taxonomy":"product_brand","embeddable":true,"href":"https:\/\/www.facecorner.lv\/lv\/wp-json\/wp\/v2\/product_brand?post=18115"},{"taxonomy":"product_cat","embeddable":true,"href":"https:\/\/www.facecorner.lv\/lv\/wp-json\/wp\/v2\/product_cat?post=18115"},{"taxonomy":"product_tag","embeddable":true,"href":"https:\/\/www.facecorner.lv\/lv\/wp-json\/wp\/v2\/product_tag?post=18115"},{"taxonomy":"berocket_brand","embeddable":true,"href":"https:\/\/www.facecorner.lv\/lv\/wp-json\/wp\/v2\/berocket_brand?post=18115"}],"curies":[{"name":"wp","href":"https:\/\/api.w.org\/{rel}","templated":true}]}}