{"id":17996,"date":"2024-06-19T09:04:32","date_gmt":"2024-06-19T07:04:32","guid":{"rendered":"https:\/\/www.facecorner.lv\/?post_type=product&#038;p=17996"},"modified":"2026-01-04T21:56:45","modified_gmt":"2026-01-04T18:56:45","slug":"medicube-zero-pore-cream-2-0-50ml","status":"publish","type":"product","link":"https:\/\/www.facecorner.lv\/lv\/shop\/medicube-zero-pore-cream-2-0-50ml\/","title":{"rendered":"MEDICUBE Zero Pore Cream 2.0 50ml"},"content":{"rendered":"<p>MEDICUBE Zero Pore Cream 2.0 \u00a0kl\u012bniski apstiprin\u0101ts poras samazino\u0161s kr\u0113ms, kas samazina poru redzam\u012bbu<br \/>\nSatur patent\u0113tu sast\u0101vda\u013cu, kas pal\u012bdz sa\u0161aurin\u0101t poras un kontrol\u0113t lieko sebuma veido\u0161anos<br \/>\nSebuma\/ mitruma l\u012bdzsvars un sebuma p\u0101rpalikuma kontrole, kas nodro\u0161ina atsvaidzino\u0161u \u0101das mitrin\u0101\u0161anu<br \/>\n<strong>Sertific\u0113ts k\u0101 hipoaler\u0123isks<\/strong><\/p>\n<p><strong>MEDICUBE Zero Pore Cream 2.0 aptauja par apmierin\u0101t\u012bbu ar produkta lieto\u0161anu:<\/strong><br \/>\n95,7 % apmierin\u0101ti ar mitrino\u0161o iedarb\u012bbu un lieto\u0161anas pieredzi.<br \/>\n60,9% piekr\u012bt, ka poru izm\u0113rs ir samazin\u0101jies un poras izskat\u0101s maz\u0101k redzamas.<br \/>\n69,6 % piekr\u012bt, ka \u0101da ir uzlabojusies un ir glud\u0101ka.<br \/>\n100 % lietot\u0101ju apmierin\u0101t\u012bba kopum\u0101<br \/>\n* Korejas Dermatolo\u0123isko zin\u0101t\u0146u instit\u016bta Dermatolo\u0123isko zin\u0101t\u0146u kl\u012bnisk\u0101 testa zi\u0146ojums par Medicube Zero Pore Cream.<br \/>\n* Rezult\u0101ti var at\u0161\u0137irties individu\u0101lo un vides at\u0161\u0137ir\u012bbu d\u0113\u013c.<\/p>\n<p><strong>Lieto\u0161\u0101na:<\/strong><\/p>\n<p>1. Lietojiet p\u0113c att\u012br\u012b\u0161anas un toniz\u0113\u0161anas.<br \/>\n2. Uz\u0146emiet atbilsto\u0161u daudzumu un uzkl\u0101jiet uz sejas, s\u0101kot no centra uz \u0101ru.<br \/>\n3. Lai lab\u0101k ies\u016bktos, viegli piesitiet.<\/p>\n<p><strong>S\u0101stavs<\/strong>: Water Propanediol Butylene Glycol Cetearyl Alcohol Caprylic\/Capric Triglyceride Camellia Japonica Flower Extract Dimethicone 1,2-Hexanediol Cyclopentasiloxane Cyclohexasiloxane Glycolic Acid Beeswax Arachidyl Alcohol Glycerin Panthenol Cetearyl Glucoside Behenyl Alcohol Cetearyl Olivate Arachidyl Glucoside Potassium Hydroxide Sorbitan Olivate Helianthus Annuus (Sunflower) Seed Oil Fragrance Allantoin Xanthan Gum Tricholoma Matsutake Extract Rhododendron Chrysanthum Leaf Extract Hydrolyzed Cicer Seed Extract Disodium EDTA Glycine Soja (Soybean) Oil Glucose Sodium Hyaluronate Hyaluronic Acid Hydrolyzed Hyaluronic Acid Pueraria Lobata Root Extract Ulmus Davidiana Root Extract Oenothera Biennis (Evening Primrose) Flower Extract Pinus Palustris Leaf Extract Bixa Orellana Seed Oil Fomes Officinalis (Mushroom) Extract Cinnamomum Zeylanicum Bark Extract Uncaria Gambir Extract Sanguisorba Officinalis Root Extract Pelargonium Graveolens Extract Nelumbo Nucifera Flower Extract Tocopherol Mentha Rotundifolia Leaf Extract Citrus Aurantifolia (Lime) Peel Extract Cymbopogon Schoenanthus Extract<\/p>\n","protected":false},"excerpt":{"rendered":"<p>MEDICUBE Zero Pore Cream 2.0 \u00a0kl\u012bniski apstiprin\u0101ts poras samazino\u0161s kr\u0113ms, kas samazina poru redzam\u012bbu,pal\u012bdz kontrol\u0113t lieko sebuma veido\u0161anos.<\/p>\n","protected":false},"featured_media":17997,"comment_status":"closed","ping_status":"closed","template":"","meta":{"site-sidebar-layout":"default","site-content-layout":"","ast-site-content-layout":"","site-content-style":"default","site-sidebar-style":"default","ast-global-header-display":"","ast-banner-title-visibility":"","ast-main-header-display":"","ast-hfb-above-header-display":"","ast-hfb-below-header-display":"","ast-hfb-mobile-header-display":"","site-post-title":"","ast-breadcrumbs-content":"","ast-featured-img":"","footer-sml-layout":"","theme-transparent-header-meta":"","adv-header-id-meta":"","stick-header-meta":"","header-above-stick-meta":"","header-main-stick-meta":"","header-below-stick-meta":"","astra-migrate-meta-layouts":"default","ast-page-background-enabled":"default","ast-page-background-meta":{"desktop":{"background-color":"var(--ast-global-color-4)","background-image":"","background-repeat":"repeat","background-position":"center center","background-size":"auto","background-attachment":"scroll","background-type":"","background-media":"","overlay-type":"","overlay-color":"","overlay-opacity":"","overlay-gradient":""},"tablet":{"background-color":"","background-image":"","background-repeat":"repeat","background-position":"center center","background-size":"auto","background-attachment":"scroll","background-type":"","background-media":"","overlay-type":"","overlay-color":"","overlay-opacity":"","overlay-gradient":""},"mobile":{"background-color":"","background-image":"","background-repeat":"repeat","background-position":"center center","background-size":"auto","background-attachment":"scroll","background-type":"","background-media":"","overlay-type":"","overlay-color":"","overlay-opacity":"","overlay-gradient":""}},"ast-content-background-meta":{"desktop":{"background-color":"var(--ast-global-color-5)","background-image":"","background-repeat":"repeat","background-position":"center center","background-size":"auto","background-attachment":"scroll","background-type":"","background-media":"","overlay-type":"","overlay-color":"","overlay-opacity":"","overlay-gradient":""},"tablet":{"background-color":"var(--ast-global-color-5)","background-image":"","background-repeat":"repeat","background-position":"center center","background-size":"auto","background-attachment":"scroll","background-type":"","background-media":"","overlay-type":"","overlay-color":"","overlay-opacity":"","overlay-gradient":""},"mobile":{"background-color":"var(--ast-global-color-5)","background-image":"","background-repeat":"repeat","background-position":"center center","background-size":"auto","background-attachment":"scroll","background-type":"","background-media":"","overlay-type":"","overlay-color":"","overlay-opacity":"","overlay-gradient":""}}},"product_brand":[],"product_cat":[511,366,369,362],"product_tag":[],"berocket_brand":[579],"class_list":{"0":"post-17996","1":"product","2":"type-product","3":"status-publish","4":"has-post-thumbnail","6":"product_cat-atlaides","7":"product_cat-mitrinoss","8":"product_cat-problematiskai-adai-sejas-krems","9":"product_cat-sejas-krems","10":"berocket_brand-medicube","11":"desktop-align-left","12":"tablet-align-left","13":"mobile-align-left","15":"first","16":"outofstock","17":"sale","18":"taxable","19":"shipping-taxable","20":"purchasable","21":"product-type-simple","22":"add-to-wishlist-before_image"},"yoast_head":"<!-- This site is optimized with the Yoast SEO plugin v27.3 - https:\/\/yoast.com\/product\/yoast-seo-wordpress\/ -->\n<title>MEDICUBE Zero Pore Cream 2.0 50ml - FACECORNER<\/title>\n<meta name=\"description\" content=\"MEDICUBE Zero Pore Cream 2.0 \u00a0kl\u012bniski apstiprin\u0101ts poras samazino\u0161s kr\u0113ms, kas samazina poru redzam\u012bbu,pal\u012bdz kontrol\u0113t lieko sebuma veido\u0161anos.\" \/>\n<meta name=\"robots\" content=\"index, follow, max-snippet:-1, max-image-preview:large, max-video-preview:-1\" \/>\n<link rel=\"canonical\" href=\"https:\/\/www.facecorner.lv\/lv\/shop\/medicube-zero-pore-cream-2-0-50ml\/\" \/>\n<meta property=\"og:locale\" content=\"lv_LV\" \/>\n<meta property=\"og:type\" content=\"article\" \/>\n<meta property=\"og:title\" content=\"MEDICUBE Zero Pore Cream 2.0 50ml - FACECORNER\" \/>\n<meta property=\"og:description\" content=\"MEDICUBE Zero Pore Cream 2.0 \u00a0kl\u012bniski apstiprin\u0101ts poras samazino\u0161s kr\u0113ms, kas samazina poru redzam\u012bbu,pal\u012bdz kontrol\u0113t lieko sebuma veido\u0161anos.\" \/>\n<meta property=\"og:url\" content=\"https:\/\/www.facecorner.lv\/lv\/shop\/medicube-zero-pore-cream-2-0-50ml\/\" \/>\n<meta property=\"og:site_name\" content=\"FACECORNER\" \/>\n<meta property=\"article:publisher\" content=\"https:\/\/www.facebook.com\/profile.php?id=100063824551839\" \/>\n<meta property=\"article:modified_time\" content=\"2026-01-04T18:56:45+00:00\" \/>\n<meta property=\"og:image\" content=\"https:\/\/www.facecorner.lv\/wp-content\/uploads\/2024\/06\/ZeroPoreCream.jpg.webp\" \/>\n\t<meta property=\"og:image:width\" content=\"1080\" \/>\n\t<meta property=\"og:image:height\" content=\"1080\" \/>\n\t<meta property=\"og:image:type\" content=\"image\/webp\" \/>\n<meta name=\"twitter:card\" content=\"summary_large_image\" \/>\n<meta name=\"twitter:label1\" content=\"Price\" \/>\n\t<meta name=\"twitter:data1\" content=\"&euro;24.90\" \/>\n\t<meta name=\"twitter:label2\" content=\"Availability\" \/>\n\t<meta name=\"twitter:data2\" content=\"Out of stock\" \/>\n<script type=\"application\/ld+json\" class=\"yoast-schema-graph\">{\"@context\":\"https:\\\/\\\/schema.org\",\"@graph\":[{\"@type\":\"WebPage\",\"@id\":\"https:\\\/\\\/www.facecorner.lv\\\/shop\\\/medicube-zero-pore-cream-2-0-50ml\\\/\",\"url\":\"https:\\\/\\\/www.facecorner.lv\\\/shop\\\/medicube-zero-pore-cream-2-0-50ml\\\/\",\"name\":\"MEDICUBE Zero Pore Cream 2.0 50ml - FACECORNER\",\"isPartOf\":{\"@id\":\"https:\\\/\\\/www.facecorner.lv\\\/#website\"},\"primaryImageOfPage\":{\"@id\":\"https:\\\/\\\/www.facecorner.lv\\\/shop\\\/medicube-zero-pore-cream-2-0-50ml\\\/#primaryimage\"},\"image\":{\"@id\":\"https:\\\/\\\/www.facecorner.lv\\\/shop\\\/medicube-zero-pore-cream-2-0-50ml\\\/#primaryimage\"},\"thumbnailUrl\":\"https:\\\/\\\/www.facecorner.lv\\\/wp-content\\\/uploads\\\/2024\\\/06\\\/ZeroPoreCream.jpg.webp\",\"datePublished\":\"2024-06-19T07:04:32+00:00\",\"dateModified\":\"2026-01-04T18:56:45+00:00\",\"description\":\"MEDICUBE Zero Pore Cream 2.0 \u00a0kl\u012bniski apstiprin\u0101ts poras samazino\u0161s kr\u0113ms, kas samazina poru redzam\u012bbu,pal\u012bdz kontrol\u0113t lieko sebuma veido\u0161anos.\",\"breadcrumb\":{\"@id\":\"https:\\\/\\\/www.facecorner.lv\\\/shop\\\/medicube-zero-pore-cream-2-0-50ml\\\/#breadcrumb\"},\"inLanguage\":\"lv-LV\",\"potentialAction\":[{\"@type\":\"ReadAction\",\"target\":[\"https:\\\/\\\/www.facecorner.lv\\\/shop\\\/medicube-zero-pore-cream-2-0-50ml\\\/\"]}]},{\"@type\":\"ImageObject\",\"inLanguage\":\"lv-LV\",\"@id\":\"https:\\\/\\\/www.facecorner.lv\\\/shop\\\/medicube-zero-pore-cream-2-0-50ml\\\/#primaryimage\",\"url\":\"https:\\\/\\\/www.facecorner.lv\\\/wp-content\\\/uploads\\\/2024\\\/06\\\/ZeroPoreCream.jpg.webp\",\"contentUrl\":\"https:\\\/\\\/www.facecorner.lv\\\/wp-content\\\/uploads\\\/2024\\\/06\\\/ZeroPoreCream.jpg.webp\",\"width\":1080,\"height\":1080,\"caption\":\"MEDICUBE Zero Pore Cream 2.0\"},{\"@type\":\"BreadcrumbList\",\"@id\":\"https:\\\/\\\/www.facecorner.lv\\\/shop\\\/medicube-zero-pore-cream-2-0-50ml\\\/#breadcrumb\",\"itemListElement\":[{\"@type\":\"ListItem\",\"position\":1,\"name\":\"Home\",\"item\":\"https:\\\/\\\/www.facecorner.lv\\\/\"},{\"@type\":\"ListItem\",\"position\":2,\"name\":\"Veikals\",\"item\":\"https:\\\/\\\/www.facecorner.lv\\\/shop\\\/\"},{\"@type\":\"ListItem\",\"position\":3,\"name\":\"MEDICUBE Zero Pore Cream 2.0 50ml\"}]},{\"@type\":\"WebSite\",\"@id\":\"https:\\\/\\\/www.facecorner.lv\\\/#website\",\"url\":\"https:\\\/\\\/www.facecorner.lv\\\/\",\"name\":\"Facecorner\",\"description\":\"\",\"publisher\":{\"@id\":\"https:\\\/\\\/www.facecorner.lv\\\/#organization\"},\"potentialAction\":[{\"@type\":\"SearchAction\",\"target\":{\"@type\":\"EntryPoint\",\"urlTemplate\":\"https:\\\/\\\/www.facecorner.lv\\\/?s={search_term_string}\"},\"query-input\":{\"@type\":\"PropertyValueSpecification\",\"valueRequired\":true,\"valueName\":\"search_term_string\"}}],\"inLanguage\":\"lv-LV\"},{\"@type\":\"Organization\",\"@id\":\"https:\\\/\\\/www.facecorner.lv\\\/#organization\",\"name\":\"Facecorner\",\"url\":\"https:\\\/\\\/www.facecorner.lv\\\/\",\"logo\":{\"@type\":\"ImageObject\",\"inLanguage\":\"lv-LV\",\"@id\":\"https:\\\/\\\/www.facecorner.lv\\\/#\\\/schema\\\/logo\\\/image\\\/\",\"url\":\"https:\\\/\\\/www.facecorner.lv\\\/wp-content\\\/uploads\\\/2024\\\/04\\\/fc-logo.jpg\",\"contentUrl\":\"https:\\\/\\\/www.facecorner.lv\\\/wp-content\\\/uploads\\\/2024\\\/04\\\/fc-logo.jpg\",\"width\":174,\"height\":28,\"caption\":\"Facecorner\"},\"image\":{\"@id\":\"https:\\\/\\\/www.facecorner.lv\\\/#\\\/schema\\\/logo\\\/image\\\/\"},\"sameAs\":[\"https:\\\/\\\/www.facebook.com\\\/profile.php?id=100063824551839\",\"https:\\\/\\\/www.instagram.com\\\/facecorner_shop\\\/\"]}]}<\/script>\n<meta property=\"product:price:amount\" content=\"24.90\" \/>\n<meta property=\"product:price:currency\" content=\"EUR\" \/>\n<meta property=\"og:availability\" content=\"out of stock\" \/>\n<meta property=\"product:availability\" content=\"out of stock\" \/>\n<meta property=\"product:condition\" content=\"new\" \/>\n<!-- \/ Yoast SEO plugin. -->","yoast_head_json":{"title":"MEDICUBE Zero Pore Cream 2.0 50ml - FACECORNER","description":"MEDICUBE Zero Pore Cream 2.0 \u00a0kl\u012bniski apstiprin\u0101ts poras samazino\u0161s kr\u0113ms, kas samazina poru redzam\u012bbu,pal\u012bdz kontrol\u0113t lieko sebuma veido\u0161anos.","robots":{"index":"index","follow":"follow","max-snippet":"max-snippet:-1","max-image-preview":"max-image-preview:large","max-video-preview":"max-video-preview:-1"},"canonical":"https:\/\/www.facecorner.lv\/lv\/shop\/medicube-zero-pore-cream-2-0-50ml\/","og_locale":"lv_LV","og_type":"article","og_title":"MEDICUBE Zero Pore Cream 2.0 50ml - FACECORNER","og_description":"MEDICUBE Zero Pore Cream 2.0 \u00a0kl\u012bniski apstiprin\u0101ts poras samazino\u0161s kr\u0113ms, kas samazina poru redzam\u012bbu,pal\u012bdz kontrol\u0113t lieko sebuma veido\u0161anos.","og_url":"https:\/\/www.facecorner.lv\/lv\/shop\/medicube-zero-pore-cream-2-0-50ml\/","og_site_name":"FACECORNER","article_publisher":"https:\/\/www.facebook.com\/profile.php?id=100063824551839","article_modified_time":"2026-01-04T18:56:45+00:00","og_image":[{"width":1080,"height":1080,"url":"https:\/\/www.facecorner.lv\/wp-content\/uploads\/2024\/06\/ZeroPoreCream.jpg.webp","type":"image\/webp"}],"twitter_card":"summary_large_image","twitter_misc":{"Price":"&euro;24.90","Availability":"Out of stock"},"schema":{"@context":"https:\/\/schema.org","@graph":[{"@type":"WebPage","@id":"https:\/\/www.facecorner.lv\/shop\/medicube-zero-pore-cream-2-0-50ml\/","url":"https:\/\/www.facecorner.lv\/shop\/medicube-zero-pore-cream-2-0-50ml\/","name":"MEDICUBE Zero Pore Cream 2.0 50ml - FACECORNER","isPartOf":{"@id":"https:\/\/www.facecorner.lv\/#website"},"primaryImageOfPage":{"@id":"https:\/\/www.facecorner.lv\/shop\/medicube-zero-pore-cream-2-0-50ml\/#primaryimage"},"image":{"@id":"https:\/\/www.facecorner.lv\/shop\/medicube-zero-pore-cream-2-0-50ml\/#primaryimage"},"thumbnailUrl":"https:\/\/www.facecorner.lv\/wp-content\/uploads\/2024\/06\/ZeroPoreCream.jpg.webp","datePublished":"2024-06-19T07:04:32+00:00","dateModified":"2026-01-04T18:56:45+00:00","description":"MEDICUBE Zero Pore Cream 2.0 \u00a0kl\u012bniski apstiprin\u0101ts poras samazino\u0161s kr\u0113ms, kas samazina poru redzam\u012bbu,pal\u012bdz kontrol\u0113t lieko sebuma veido\u0161anos.","breadcrumb":{"@id":"https:\/\/www.facecorner.lv\/shop\/medicube-zero-pore-cream-2-0-50ml\/#breadcrumb"},"inLanguage":"lv-LV","potentialAction":[{"@type":"ReadAction","target":["https:\/\/www.facecorner.lv\/shop\/medicube-zero-pore-cream-2-0-50ml\/"]}]},{"@type":"ImageObject","inLanguage":"lv-LV","@id":"https:\/\/www.facecorner.lv\/shop\/medicube-zero-pore-cream-2-0-50ml\/#primaryimage","url":"https:\/\/www.facecorner.lv\/wp-content\/uploads\/2024\/06\/ZeroPoreCream.jpg.webp","contentUrl":"https:\/\/www.facecorner.lv\/wp-content\/uploads\/2024\/06\/ZeroPoreCream.jpg.webp","width":1080,"height":1080,"caption":"MEDICUBE Zero Pore Cream 2.0"},{"@type":"BreadcrumbList","@id":"https:\/\/www.facecorner.lv\/shop\/medicube-zero-pore-cream-2-0-50ml\/#breadcrumb","itemListElement":[{"@type":"ListItem","position":1,"name":"Home","item":"https:\/\/www.facecorner.lv\/"},{"@type":"ListItem","position":2,"name":"Veikals","item":"https:\/\/www.facecorner.lv\/shop\/"},{"@type":"ListItem","position":3,"name":"MEDICUBE Zero Pore Cream 2.0 50ml"}]},{"@type":"WebSite","@id":"https:\/\/www.facecorner.lv\/#website","url":"https:\/\/www.facecorner.lv\/","name":"Facecorner","description":"","publisher":{"@id":"https:\/\/www.facecorner.lv\/#organization"},"potentialAction":[{"@type":"SearchAction","target":{"@type":"EntryPoint","urlTemplate":"https:\/\/www.facecorner.lv\/?s={search_term_string}"},"query-input":{"@type":"PropertyValueSpecification","valueRequired":true,"valueName":"search_term_string"}}],"inLanguage":"lv-LV"},{"@type":"Organization","@id":"https:\/\/www.facecorner.lv\/#organization","name":"Facecorner","url":"https:\/\/www.facecorner.lv\/","logo":{"@type":"ImageObject","inLanguage":"lv-LV","@id":"https:\/\/www.facecorner.lv\/#\/schema\/logo\/image\/","url":"https:\/\/www.facecorner.lv\/wp-content\/uploads\/2024\/04\/fc-logo.jpg","contentUrl":"https:\/\/www.facecorner.lv\/wp-content\/uploads\/2024\/04\/fc-logo.jpg","width":174,"height":28,"caption":"Facecorner"},"image":{"@id":"https:\/\/www.facecorner.lv\/#\/schema\/logo\/image\/"},"sameAs":["https:\/\/www.facebook.com\/profile.php?id=100063824551839","https:\/\/www.instagram.com\/facecorner_shop\/"]}]},"product_price_amount":"24.90","product_price_currency":"EUR","og_availability":"out of stock","product_availability":"out of stock","product_condition":"new"},"_links":{"self":[{"href":"https:\/\/www.facecorner.lv\/lv\/wp-json\/wp\/v2\/product\/17996","targetHints":{"allow":["GET"]}}],"collection":[{"href":"https:\/\/www.facecorner.lv\/lv\/wp-json\/wp\/v2\/product"}],"about":[{"href":"https:\/\/www.facecorner.lv\/lv\/wp-json\/wp\/v2\/types\/product"}],"replies":[{"embeddable":true,"href":"https:\/\/www.facecorner.lv\/lv\/wp-json\/wp\/v2\/comments?post=17996"}],"wp:featuredmedia":[{"embeddable":true,"href":"https:\/\/www.facecorner.lv\/lv\/wp-json\/wp\/v2\/media\/17997"}],"wp:attachment":[{"href":"https:\/\/www.facecorner.lv\/lv\/wp-json\/wp\/v2\/media?parent=17996"}],"wp:term":[{"taxonomy":"product_brand","embeddable":true,"href":"https:\/\/www.facecorner.lv\/lv\/wp-json\/wp\/v2\/product_brand?post=17996"},{"taxonomy":"product_cat","embeddable":true,"href":"https:\/\/www.facecorner.lv\/lv\/wp-json\/wp\/v2\/product_cat?post=17996"},{"taxonomy":"product_tag","embeddable":true,"href":"https:\/\/www.facecorner.lv\/lv\/wp-json\/wp\/v2\/product_tag?post=17996"},{"taxonomy":"berocket_brand","embeddable":true,"href":"https:\/\/www.facecorner.lv\/lv\/wp-json\/wp\/v2\/berocket_brand?post=17996"}],"curies":[{"name":"wp","href":"https:\/\/api.w.org\/{rel}","templated":true}]}}