{"id":17951,"date":"2024-06-14T22:08:01","date_gmt":"2024-06-14T20:08:01","guid":{"rendered":"https:\/\/www.facecorner.lv\/?post_type=product&#038;p=17951"},"modified":"2026-03-09T16:02:26","modified_gmt":"2026-03-09T13:02:26","slug":"medicube-triple-collagen-serum-55ml","status":"publish","type":"product","link":"https:\/\/www.facecorner.lv\/lv\/shop\/medicube-triple-collagen-serum-55ml\/","title":{"rendered":"Medicube Triple Collagen Serum 55ml"},"content":{"rendered":"<p>Medicube Triple Collagen Serum , kas bag\u0101tin\u0101ts ar tr\u012bsk\u0101r\u0161u kolag\u0113nu, lai sniegtu \u0101dai nepiecie\u0161am\u0101s uzturvielas, kas uzlabo \u0101das elast\u012bbu un mirdzumu.Barojiet bl\u0101vu \u0101du, lai ieg\u016btu apskau\u017eamu stikla mirdzumu ar Triple Collagen Serum 4.0, kura sast\u0101v\u0101 ir Triple Collagen Complex.<br \/>\nApg\u0101d\u0101 \u0101du ar kolag\u0113nu un cit\u0101m svar\u012bg\u0101m uzturviel\u0101m, lai saglab\u0101tu ilgsto\u0161u \u0101das elast\u012bbu un mirdzumu.<\/p>\n<p>Tr\u012bsk\u0101r\u0161ais kolag\u0113na komplekss sast\u0101v no 1000x pastiprin\u0101ta kolag\u0113na, hidroliz\u0113ta kolag\u0113na, atelo kolag\u0113na un \u0161\u0137\u012bsto\u0161a kolag\u0113na.<br \/>\nPieg\u0101d\u0101 bar\u012bbas vielas dzi\u013c\u0101kajam \u0101das sl\u0101nim, padarot \u0101du kupl\u0101ku. Pal\u012bdz uzlabot \u0101das tekst\u016bru un uzlabot \u0101das elast\u012bbu, lai \u0101da izskat\u012btos starojo\u0161a un mirdzo\u0161a.<br \/>\nKl\u012bniski test\u0113ts, piem\u0113rots jut\u012bgai \u0101dai.<\/p>\n<p><strong>K\u0101 lietot:<\/strong> P\u0113c tonika lieto\u0161anas uzkl\u0101jiet m\u0113renu daudzumu uz visas sejas.<\/p>\n<p><strong>S\u0101stavs: <\/strong>Water, Glycerin, Butylene Glycol, Cetyl Ethylhexanoate, 1,2-Hexanediol, Alcohol Denat, Niacinamide, Glycereth-26, Adenosine, Hydrolyzed Collagen, Hyaluronic Acid, Hydrolyzed Hyaluronic Acid, Sodium Hyaluronate, Soluble Collagen, Collagen Extract, Atelocollagen, Propanediol, Cyclopentasiloxane, Trehalose, Carbomer, Cetearyl Olivate, Tromethamine, Cyclohexasiloxane, Sorbitan Olivate, Ethylhexylglycerin, Disodium EDTA, Dimethicone, Fragrance<\/p>\n<ul>\n<li><\/li>\n<\/ul>\n","protected":false},"excerpt":{"rendered":"<p>Medicube Triple Collagen Serum , kas bag\u0101tin\u0101ts ar tr\u012bsk\u0101r\u0161u kolag\u0113nu, lai sniegtu \u0101dai nepiecie\u0161am\u0101s uzturvielas, kas uzlabo \u0101das elast\u012bbu un mirdzumu.<\/p>\n","protected":false},"featured_media":17952,"comment_status":"closed","ping_status":"closed","template":"","meta":{"site-sidebar-layout":"default","site-content-layout":"","ast-site-content-layout":"default","site-content-style":"default","site-sidebar-style":"default","ast-global-header-display":"","ast-banner-title-visibility":"","ast-main-header-display":"","ast-hfb-above-header-display":"","ast-hfb-below-header-display":"","ast-hfb-mobile-header-display":"","site-post-title":"","ast-breadcrumbs-content":"","ast-featured-img":"","footer-sml-layout":"","theme-transparent-header-meta":"default","adv-header-id-meta":"","stick-header-meta":"","header-above-stick-meta":"","header-main-stick-meta":"","header-below-stick-meta":"","astra-migrate-meta-layouts":"set","ast-page-background-enabled":"default","ast-page-background-meta":{"desktop":{"background-color":"var(--ast-global-color-4)","background-image":"","background-repeat":"repeat","background-position":"center center","background-size":"auto","background-attachment":"scroll","background-type":"","background-media":"","overlay-type":"","overlay-color":"","overlay-opacity":"","overlay-gradient":""},"tablet":{"background-color":"","background-image":"","background-repeat":"repeat","background-position":"center center","background-size":"auto","background-attachment":"scroll","background-type":"","background-media":"","overlay-type":"","overlay-color":"","overlay-opacity":"","overlay-gradient":""},"mobile":{"background-color":"","background-image":"","background-repeat":"repeat","background-position":"center center","background-size":"auto","background-attachment":"scroll","background-type":"","background-media":"","overlay-type":"","overlay-color":"","overlay-opacity":"","overlay-gradient":""}},"ast-content-background-meta":{"desktop":{"background-color":"var(--ast-global-color-5)","background-image":"","background-repeat":"repeat","background-position":"center center","background-size":"auto","background-attachment":"scroll","background-type":"","background-media":"","overlay-type":"","overlay-color":"","overlay-opacity":"","overlay-gradient":""},"tablet":{"background-color":"var(--ast-global-color-5)","background-image":"","background-repeat":"repeat","background-position":"center center","background-size":"auto","background-attachment":"scroll","background-type":"","background-media":"","overlay-type":"","overlay-color":"","overlay-opacity":"","overlay-gradient":""},"mobile":{"background-color":"var(--ast-global-color-5)","background-image":"","background-repeat":"repeat","background-position":"center center","background-size":"auto","background-attachment":"scroll","background-type":"","background-media":"","overlay-type":"","overlay-color":"","overlay-opacity":"","overlay-gradient":""}}},"product_brand":[],"product_cat":[370,371,315,363],"product_tag":[],"berocket_brand":[579],"class_list":{"0":"post-17951","1":"product","2":"type-product","3":"status-publish","4":"has-post-thumbnail","6":"product_cat-adas-mirdzumam","7":"product_cat-anti-age","8":"product_cat-maskas","9":"product_cat-serumi","10":"berocket_brand-medicube","11":"desktop-align-left","12":"tablet-align-left","13":"mobile-align-left","15":"first","16":"outofstock","17":"taxable","18":"shipping-taxable","19":"purchasable","20":"product-type-simple","21":"add-to-wishlist-before_image"},"yoast_head":"<!-- This site is optimized with the Yoast SEO plugin v27.4 - https:\/\/yoast.com\/product\/yoast-seo-wordpress\/ -->\n<title>Medicube Triple Collagen Serum 55ml - FACECORNER<\/title>\n<meta name=\"description\" content=\"Medicube Triple Collagen Serum , kas bag\u0101tin\u0101ts ar tr\u012bsk\u0101r\u0161u kolag\u0113nu, lai sniegtu \u0101dai nepiecie\u0161am\u0101s uzturvielas, kas uzlabo \u0101das elast\u012bbu un mirdzumu.\" \/>\n<meta name=\"robots\" content=\"index, follow, max-snippet:-1, max-image-preview:large, max-video-preview:-1\" \/>\n<link rel=\"canonical\" href=\"https:\/\/www.facecorner.lv\/lv\/shop\/medicube-triple-collagen-serum-55ml\/\" \/>\n<meta property=\"og:locale\" content=\"lv_LV\" \/>\n<meta property=\"og:type\" content=\"article\" \/>\n<meta property=\"og:title\" content=\"Medicube Triple Collagen Serum 55ml - FACECORNER\" \/>\n<meta property=\"og:description\" content=\"Medicube Triple Collagen Serum , kas bag\u0101tin\u0101ts ar tr\u012bsk\u0101r\u0161u kolag\u0113nu, lai sniegtu \u0101dai nepiecie\u0161am\u0101s uzturvielas, kas uzlabo \u0101das elast\u012bbu un mirdzumu.\" \/>\n<meta property=\"og:url\" content=\"https:\/\/www.facecorner.lv\/lv\/shop\/medicube-triple-collagen-serum-55ml\/\" \/>\n<meta property=\"og:site_name\" content=\"FACECORNER\" \/>\n<meta property=\"article:publisher\" content=\"https:\/\/www.facebook.com\/profile.php?id=100063824551839\" \/>\n<meta property=\"article:modified_time\" content=\"2026-03-09T13:02:26+00:00\" \/>\n<meta property=\"og:image\" content=\"https:\/\/www.facecorner.lv\/wp-content\/uploads\/2024\/06\/TripleCollagenSerum_1.jpg.webp\" \/>\n\t<meta property=\"og:image:width\" content=\"1080\" \/>\n\t<meta property=\"og:image:height\" content=\"1080\" \/>\n\t<meta property=\"og:image:type\" content=\"image\/webp\" \/>\n<meta name=\"twitter:card\" content=\"summary_large_image\" \/>\n<meta name=\"twitter:label1\" content=\"Price\" \/>\n\t<meta name=\"twitter:data1\" content=\"&euro;32.00\" \/>\n\t<meta name=\"twitter:label2\" content=\"Availability\" \/>\n\t<meta name=\"twitter:data2\" content=\"Out of stock\" \/>\n<script type=\"application\/ld+json\" class=\"yoast-schema-graph\">{\"@context\":\"https:\\\/\\\/schema.org\",\"@graph\":[{\"@type\":\"WebPage\",\"@id\":\"https:\\\/\\\/www.facecorner.lv\\\/shop\\\/medicube-triple-collagen-serum-55ml\\\/\",\"url\":\"https:\\\/\\\/www.facecorner.lv\\\/shop\\\/medicube-triple-collagen-serum-55ml\\\/\",\"name\":\"Medicube Triple Collagen Serum 55ml - FACECORNER\",\"isPartOf\":{\"@id\":\"https:\\\/\\\/www.facecorner.lv\\\/#website\"},\"primaryImageOfPage\":{\"@id\":\"https:\\\/\\\/www.facecorner.lv\\\/shop\\\/medicube-triple-collagen-serum-55ml\\\/#primaryimage\"},\"image\":{\"@id\":\"https:\\\/\\\/www.facecorner.lv\\\/shop\\\/medicube-triple-collagen-serum-55ml\\\/#primaryimage\"},\"thumbnailUrl\":\"https:\\\/\\\/www.facecorner.lv\\\/wp-content\\\/uploads\\\/2024\\\/06\\\/TripleCollagenSerum_1.jpg.webp\",\"datePublished\":\"2024-06-14T20:08:01+00:00\",\"dateModified\":\"2026-03-09T13:02:26+00:00\",\"description\":\"Medicube Triple Collagen Serum , kas bag\u0101tin\u0101ts ar tr\u012bsk\u0101r\u0161u kolag\u0113nu, lai sniegtu \u0101dai nepiecie\u0161am\u0101s uzturvielas, kas uzlabo \u0101das elast\u012bbu un mirdzumu.\",\"breadcrumb\":{\"@id\":\"https:\\\/\\\/www.facecorner.lv\\\/shop\\\/medicube-triple-collagen-serum-55ml\\\/#breadcrumb\"},\"inLanguage\":\"lv-LV\",\"potentialAction\":[{\"@type\":\"ReadAction\",\"target\":[\"https:\\\/\\\/www.facecorner.lv\\\/shop\\\/medicube-triple-collagen-serum-55ml\\\/\"]}]},{\"@type\":\"ImageObject\",\"inLanguage\":\"lv-LV\",\"@id\":\"https:\\\/\\\/www.facecorner.lv\\\/shop\\\/medicube-triple-collagen-serum-55ml\\\/#primaryimage\",\"url\":\"https:\\\/\\\/www.facecorner.lv\\\/wp-content\\\/uploads\\\/2024\\\/06\\\/TripleCollagenSerum_1.jpg.webp\",\"contentUrl\":\"https:\\\/\\\/www.facecorner.lv\\\/wp-content\\\/uploads\\\/2024\\\/06\\\/TripleCollagenSerum_1.jpg.webp\",\"width\":1080,\"height\":1080,\"caption\":\"Medicube Triple Collagen Serum\"},{\"@type\":\"BreadcrumbList\",\"@id\":\"https:\\\/\\\/www.facecorner.lv\\\/shop\\\/medicube-triple-collagen-serum-55ml\\\/#breadcrumb\",\"itemListElement\":[{\"@type\":\"ListItem\",\"position\":1,\"name\":\"Home\",\"item\":\"https:\\\/\\\/www.facecorner.lv\\\/\"},{\"@type\":\"ListItem\",\"position\":2,\"name\":\"Veikals\",\"item\":\"https:\\\/\\\/www.facecorner.lv\\\/shop\\\/\"},{\"@type\":\"ListItem\",\"position\":3,\"name\":\"Medicube Triple Collagen Serum 55ml\"}]},{\"@type\":\"WebSite\",\"@id\":\"https:\\\/\\\/www.facecorner.lv\\\/#website\",\"url\":\"https:\\\/\\\/www.facecorner.lv\\\/\",\"name\":\"Facecorner\",\"description\":\"\",\"publisher\":{\"@id\":\"https:\\\/\\\/www.facecorner.lv\\\/#organization\"},\"potentialAction\":[{\"@type\":\"SearchAction\",\"target\":{\"@type\":\"EntryPoint\",\"urlTemplate\":\"https:\\\/\\\/www.facecorner.lv\\\/?s={search_term_string}\"},\"query-input\":{\"@type\":\"PropertyValueSpecification\",\"valueRequired\":true,\"valueName\":\"search_term_string\"}}],\"inLanguage\":\"lv-LV\"},{\"@type\":\"Organization\",\"@id\":\"https:\\\/\\\/www.facecorner.lv\\\/#organization\",\"name\":\"Facecorner\",\"url\":\"https:\\\/\\\/www.facecorner.lv\\\/\",\"logo\":{\"@type\":\"ImageObject\",\"inLanguage\":\"lv-LV\",\"@id\":\"https:\\\/\\\/www.facecorner.lv\\\/#\\\/schema\\\/logo\\\/image\\\/\",\"url\":\"https:\\\/\\\/www.facecorner.lv\\\/wp-content\\\/uploads\\\/2024\\\/04\\\/fc-logo.jpg\",\"contentUrl\":\"https:\\\/\\\/www.facecorner.lv\\\/wp-content\\\/uploads\\\/2024\\\/04\\\/fc-logo.jpg\",\"width\":174,\"height\":28,\"caption\":\"Facecorner\"},\"image\":{\"@id\":\"https:\\\/\\\/www.facecorner.lv\\\/#\\\/schema\\\/logo\\\/image\\\/\"},\"sameAs\":[\"https:\\\/\\\/www.facebook.com\\\/profile.php?id=100063824551839\",\"https:\\\/\\\/www.instagram.com\\\/facecorner_shop\\\/\"]}]}<\/script>\n<meta property=\"product:price:amount\" content=\"32.00\" \/>\n<meta property=\"product:price:currency\" content=\"EUR\" \/>\n<meta property=\"og:availability\" content=\"out of stock\" \/>\n<meta property=\"product:availability\" content=\"out of stock\" \/>\n<meta property=\"product:condition\" content=\"new\" \/>\n<!-- \/ Yoast SEO plugin. -->","yoast_head_json":{"title":"Medicube Triple Collagen Serum 55ml - FACECORNER","description":"Medicube Triple Collagen Serum , kas bag\u0101tin\u0101ts ar tr\u012bsk\u0101r\u0161u kolag\u0113nu, lai sniegtu \u0101dai nepiecie\u0161am\u0101s uzturvielas, kas uzlabo \u0101das elast\u012bbu un mirdzumu.","robots":{"index":"index","follow":"follow","max-snippet":"max-snippet:-1","max-image-preview":"max-image-preview:large","max-video-preview":"max-video-preview:-1"},"canonical":"https:\/\/www.facecorner.lv\/lv\/shop\/medicube-triple-collagen-serum-55ml\/","og_locale":"lv_LV","og_type":"article","og_title":"Medicube Triple Collagen Serum 55ml - FACECORNER","og_description":"Medicube Triple Collagen Serum , kas bag\u0101tin\u0101ts ar tr\u012bsk\u0101r\u0161u kolag\u0113nu, lai sniegtu \u0101dai nepiecie\u0161am\u0101s uzturvielas, kas uzlabo \u0101das elast\u012bbu un mirdzumu.","og_url":"https:\/\/www.facecorner.lv\/lv\/shop\/medicube-triple-collagen-serum-55ml\/","og_site_name":"FACECORNER","article_publisher":"https:\/\/www.facebook.com\/profile.php?id=100063824551839","article_modified_time":"2026-03-09T13:02:26+00:00","og_image":[{"width":1080,"height":1080,"url":"https:\/\/www.facecorner.lv\/wp-content\/uploads\/2024\/06\/TripleCollagenSerum_1.jpg.webp","type":"image\/webp"}],"twitter_card":"summary_large_image","twitter_misc":{"Price":"&euro;32.00","Availability":"Out of stock"},"schema":{"@context":"https:\/\/schema.org","@graph":[{"@type":"WebPage","@id":"https:\/\/www.facecorner.lv\/shop\/medicube-triple-collagen-serum-55ml\/","url":"https:\/\/www.facecorner.lv\/shop\/medicube-triple-collagen-serum-55ml\/","name":"Medicube Triple Collagen Serum 55ml - FACECORNER","isPartOf":{"@id":"https:\/\/www.facecorner.lv\/#website"},"primaryImageOfPage":{"@id":"https:\/\/www.facecorner.lv\/shop\/medicube-triple-collagen-serum-55ml\/#primaryimage"},"image":{"@id":"https:\/\/www.facecorner.lv\/shop\/medicube-triple-collagen-serum-55ml\/#primaryimage"},"thumbnailUrl":"https:\/\/www.facecorner.lv\/wp-content\/uploads\/2024\/06\/TripleCollagenSerum_1.jpg.webp","datePublished":"2024-06-14T20:08:01+00:00","dateModified":"2026-03-09T13:02:26+00:00","description":"Medicube Triple Collagen Serum , kas bag\u0101tin\u0101ts ar tr\u012bsk\u0101r\u0161u kolag\u0113nu, lai sniegtu \u0101dai nepiecie\u0161am\u0101s uzturvielas, kas uzlabo \u0101das elast\u012bbu un mirdzumu.","breadcrumb":{"@id":"https:\/\/www.facecorner.lv\/shop\/medicube-triple-collagen-serum-55ml\/#breadcrumb"},"inLanguage":"lv-LV","potentialAction":[{"@type":"ReadAction","target":["https:\/\/www.facecorner.lv\/shop\/medicube-triple-collagen-serum-55ml\/"]}]},{"@type":"ImageObject","inLanguage":"lv-LV","@id":"https:\/\/www.facecorner.lv\/shop\/medicube-triple-collagen-serum-55ml\/#primaryimage","url":"https:\/\/www.facecorner.lv\/wp-content\/uploads\/2024\/06\/TripleCollagenSerum_1.jpg.webp","contentUrl":"https:\/\/www.facecorner.lv\/wp-content\/uploads\/2024\/06\/TripleCollagenSerum_1.jpg.webp","width":1080,"height":1080,"caption":"Medicube Triple Collagen Serum"},{"@type":"BreadcrumbList","@id":"https:\/\/www.facecorner.lv\/shop\/medicube-triple-collagen-serum-55ml\/#breadcrumb","itemListElement":[{"@type":"ListItem","position":1,"name":"Home","item":"https:\/\/www.facecorner.lv\/"},{"@type":"ListItem","position":2,"name":"Veikals","item":"https:\/\/www.facecorner.lv\/shop\/"},{"@type":"ListItem","position":3,"name":"Medicube Triple Collagen Serum 55ml"}]},{"@type":"WebSite","@id":"https:\/\/www.facecorner.lv\/#website","url":"https:\/\/www.facecorner.lv\/","name":"Facecorner","description":"","publisher":{"@id":"https:\/\/www.facecorner.lv\/#organization"},"potentialAction":[{"@type":"SearchAction","target":{"@type":"EntryPoint","urlTemplate":"https:\/\/www.facecorner.lv\/?s={search_term_string}"},"query-input":{"@type":"PropertyValueSpecification","valueRequired":true,"valueName":"search_term_string"}}],"inLanguage":"lv-LV"},{"@type":"Organization","@id":"https:\/\/www.facecorner.lv\/#organization","name":"Facecorner","url":"https:\/\/www.facecorner.lv\/","logo":{"@type":"ImageObject","inLanguage":"lv-LV","@id":"https:\/\/www.facecorner.lv\/#\/schema\/logo\/image\/","url":"https:\/\/www.facecorner.lv\/wp-content\/uploads\/2024\/04\/fc-logo.jpg","contentUrl":"https:\/\/www.facecorner.lv\/wp-content\/uploads\/2024\/04\/fc-logo.jpg","width":174,"height":28,"caption":"Facecorner"},"image":{"@id":"https:\/\/www.facecorner.lv\/#\/schema\/logo\/image\/"},"sameAs":["https:\/\/www.facebook.com\/profile.php?id=100063824551839","https:\/\/www.instagram.com\/facecorner_shop\/"]}]},"product_price_amount":"32.00","product_price_currency":"EUR","og_availability":"out of stock","product_availability":"out of stock","product_condition":"new"},"_links":{"self":[{"href":"https:\/\/www.facecorner.lv\/lv\/wp-json\/wp\/v2\/product\/17951","targetHints":{"allow":["GET"]}}],"collection":[{"href":"https:\/\/www.facecorner.lv\/lv\/wp-json\/wp\/v2\/product"}],"about":[{"href":"https:\/\/www.facecorner.lv\/lv\/wp-json\/wp\/v2\/types\/product"}],"replies":[{"embeddable":true,"href":"https:\/\/www.facecorner.lv\/lv\/wp-json\/wp\/v2\/comments?post=17951"}],"wp:featuredmedia":[{"embeddable":true,"href":"https:\/\/www.facecorner.lv\/lv\/wp-json\/wp\/v2\/media\/17952"}],"wp:attachment":[{"href":"https:\/\/www.facecorner.lv\/lv\/wp-json\/wp\/v2\/media?parent=17951"}],"wp:term":[{"taxonomy":"product_brand","embeddable":true,"href":"https:\/\/www.facecorner.lv\/lv\/wp-json\/wp\/v2\/product_brand?post=17951"},{"taxonomy":"product_cat","embeddable":true,"href":"https:\/\/www.facecorner.lv\/lv\/wp-json\/wp\/v2\/product_cat?post=17951"},{"taxonomy":"product_tag","embeddable":true,"href":"https:\/\/www.facecorner.lv\/lv\/wp-json\/wp\/v2\/product_tag?post=17951"},{"taxonomy":"berocket_brand","embeddable":true,"href":"https:\/\/www.facecorner.lv\/lv\/wp-json\/wp\/v2\/berocket_brand?post=17951"}],"curies":[{"name":"wp","href":"https:\/\/api.w.org\/{rel}","templated":true}]}}