{"id":17944,"date":"2024-06-14T21:46:08","date_gmt":"2024-06-14T19:46:08","guid":{"rendered":"https:\/\/www.facecorner.lv\/?post_type=product&#038;p=17944"},"modified":"2026-03-10T22:13:52","modified_gmt":"2026-03-10T19:13:52","slug":"medicube-triple-collagen-cream-50ml","status":"publish","type":"product","link":"https:\/\/www.facecorner.lv\/lv\/shop\/medicube-triple-collagen-cream-50ml\/","title":{"rendered":"Medicube Triple Collagen Cream 50ml"},"content":{"rendered":"<p>Medicube Triple Collagen Cream pateicoties kolag\u0113na, niacinam\u012bda un barojo\u0161o e\u013c\u013cu mais\u012bjumam, \u0161is kr\u0113ms uzlabo \u0101das elast\u012bbu, tvirtumu un elast\u012bbu.<br \/>\nUzlabojiet savu \u0101das kop\u0161anas rut\u012bnu un atkl\u0101jiet starojo\u0161u sejas toni ar &#8220;Triple Collagen Cream&#8221; &#8211; j\u016bsu risin\u0101jums \u0101das barjeras stiprin\u0101\u0161anai.<\/p>\n<p>Pal\u012bdz nov\u0113rst noveco\u0161an\u0101s paz\u012bmes jau p\u0113c div\u0101m ned\u0113\u013c\u0101m, vien\u0101 kr\u0113m\u0101 risinot tr\u012bs galven\u0101s \u0101das probl\u0113mas. Tr\u012bsk\u0101r\u0161ais kolag\u0113na kr\u0113ms, kura sast\u0101v\u0101 ir l\u012bdz pat 16 patent\u0113t\u0101m sast\u0101vda\u013c\u0101m poru, \u0101das elast\u012bbas un tum\u0161o plankumu kop\u0161anai, ir dermatolo\u0123iski p\u0101rbaud\u012bts kr\u0113ms, kas efekt\u012bvi pal\u012bdz samazin\u0101t noveco\u0161an\u0101s paz\u012bmes. Tas ir ar\u012b sertific\u0113ts bez 15 toksisk\u0101m sast\u0101vda\u013c\u0101m, t\u0101p\u0113c ir dro\u0161s pat jut\u012bgai \u0101dai.<\/p>\n<p><strong>Korejas Dermatolo\u0123ijas zin\u0101t\u0146u instit\u016bta veiktais kl\u012bniskais p\u0113t\u012bjums:<\/strong><\/p>\n<ul>\n<li>Nomierina \u0101r\u0113j\u0101s vides izrais\u012btu \u0101das kairin\u0101jumu 3 ned\u0113\u013cu laik\u0101<\/li>\n<li>Nomierina un uzlabo \u0101das lob\u012b\u0161anos 3 ned\u0113\u013cu laik\u0101<\/li>\n<li>2 ned\u0113\u013cu laik\u0101 sa\u0161aurina poras<\/li>\n<li>Samazina vasaras raibumu ra\u0161anos 4 ned\u0113\u013cu laik\u0101<\/li>\n<li>Uzlabo vasaras raibumu un plankumu izplat\u012bbu 4 ned\u0113\u013cu laik\u0101<\/li>\n<li>3 ned\u0113\u013cu laik\u0101 samazina grumbi\u0146u ra\u0161anos<\/li>\n<\/ul>\n<p><strong>K\u0101 lietot:<\/strong> Uzkl\u0101jiet kr\u0113mu uz sejas p\u0113c att\u012br\u012b\u0161anas, izvairoties no acu un mutes zonas.<\/p>\n<p><strong>S\u0101stavs:<\/strong> Water, Propanediol, Dipropylene Glycol, Butylene Glycol, Methylpropanediol, Diethoxyethyl Succinate, Ethoxydiglycol, Ammonium Acryloyldimethyltaurate\/Beheneth-25 Methacrylate Crosspolymer, Niacinamide, Trehalose, 1,2-Hexanediol, Chlorella Vulgaris Extract, Collagen, Hydrolyzed Collagen, Cynanchum Atratum Extract, Althaea Rosea Flower Extract, Soluble Collagen, Allium Sativum (Garlic) Bulb Extract, Avena Sativa (Oat) Kernel Extract, Bertholletia Excelsa Seed Extract, Brassica Oleracea Italica (Broccoli) Extract, Camellia Sinensis Seed Extract, Salmon Egg Extract, Solanum Lycopersicum (Tomato) Fruit Extract, Spinacia Oleracea (Spinach) Leaf Extract, Vaccinium Angustifolium (Blueberry) Fruit Extract, Wine Extract, Polyglyceryl-10 Isostearate, Tromethamine, Glucose, Polyglyceryl-10 Oleate, Ethylhexylglycerin, Fructooligosaccharides, Fructose, Adenosine, Sodium Phytate, Cyanocobalamin, Tocopherol, Pullulan, Glycerin, Hydroxypropyltrimonium Hyaluronate, Squalane, Soluble Proteoglycan, Hydrolyzed Elastin, Sodium DNA, Carbomer, Xanthan Gum, Fragrance(Parfum)<\/p>\n","protected":false},"excerpt":{"rendered":"<p>Medicube Triple Collagen Cream pateicoties kolag\u0113na, niacinam\u012bda un barojo\u0161o e\u013c\u013cu mais\u012bjumam, \u0161is kr\u0113ms uzlabo \u0101das elast\u012bbu, tvirtumu un elast\u012bbu.<br \/>\nUzlabojiet savu \u0101das kop\u0161anas rut\u012bnu un atkl\u0101jiet starojo\u0161u sejas toni ar &#8220;Triple Collagen Cream&#8221; &#8211; j\u016bsu risin\u0101jums \u0101das barjeras stiprin\u0101\u0161anai.<\/p>\n","protected":false},"featured_media":17948,"comment_status":"closed","ping_status":"closed","template":"","meta":{"site-sidebar-layout":"default","site-content-layout":"","ast-site-content-layout":"","site-content-style":"default","site-sidebar-style":"default","ast-global-header-display":"","ast-banner-title-visibility":"","ast-main-header-display":"","ast-hfb-above-header-display":"","ast-hfb-below-header-display":"","ast-hfb-mobile-header-display":"","site-post-title":"","ast-breadcrumbs-content":"","ast-featured-img":"","footer-sml-layout":"","theme-transparent-header-meta":"","adv-header-id-meta":"","stick-header-meta":"","header-above-stick-meta":"","header-main-stick-meta":"","header-below-stick-meta":"","astra-migrate-meta-layouts":"default","ast-page-background-enabled":"default","ast-page-background-meta":{"desktop":{"background-color":"var(--ast-global-color-4)","background-image":"","background-repeat":"repeat","background-position":"center center","background-size":"auto","background-attachment":"scroll","background-type":"","background-media":"","overlay-type":"","overlay-color":"","overlay-opacity":"","overlay-gradient":""},"tablet":{"background-color":"","background-image":"","background-repeat":"repeat","background-position":"center center","background-size":"auto","background-attachment":"scroll","background-type":"","background-media":"","overlay-type":"","overlay-color":"","overlay-opacity":"","overlay-gradient":""},"mobile":{"background-color":"","background-image":"","background-repeat":"repeat","background-position":"center center","background-size":"auto","background-attachment":"scroll","background-type":"","background-media":"","overlay-type":"","overlay-color":"","overlay-opacity":"","overlay-gradient":""}},"ast-content-background-meta":{"desktop":{"background-color":"var(--ast-global-color-5)","background-image":"","background-repeat":"repeat","background-position":"center center","background-size":"auto","background-attachment":"scroll","background-type":"","background-media":"","overlay-type":"","overlay-color":"","overlay-opacity":"","overlay-gradient":""},"tablet":{"background-color":"var(--ast-global-color-5)","background-image":"","background-repeat":"repeat","background-position":"center center","background-size":"auto","background-attachment":"scroll","background-type":"","background-media":"","overlay-type":"","overlay-color":"","overlay-opacity":"","overlay-gradient":""},"mobile":{"background-color":"var(--ast-global-color-5)","background-image":"","background-repeat":"repeat","background-position":"center center","background-size":"auto","background-attachment":"scroll","background-type":"","background-media":"","overlay-type":"","overlay-color":"","overlay-opacity":"","overlay-gradient":""}}},"product_brand":[],"product_cat":[511,435,366,367,368,362],"product_tag":[],"berocket_brand":[579],"class_list":{"0":"post-17944","1":"product","2":"type-product","3":"status-publish","4":"has-post-thumbnail","6":"product_cat-atlaides","7":"product_cat-jaunumi","8":"product_cat-mitrinoss","9":"product_cat-nomierinoss","10":"product_cat-pret-grumbam","11":"product_cat-sejas-krems","12":"berocket_brand-medicube","13":"desktop-align-left","14":"tablet-align-left","15":"mobile-align-left","17":"first","18":"instock","19":"sale","20":"taxable","21":"shipping-taxable","22":"purchasable","23":"product-type-simple","24":"add-to-wishlist-before_image"},"yoast_head":"<!-- This site is optimized with the Yoast SEO plugin v27.3 - https:\/\/yoast.com\/product\/yoast-seo-wordpress\/ -->\n<title>Medicube Triple Collagen Cream 50ml - FACECORNER<\/title>\n<meta name=\"description\" content=\"Medicube Triple Collagen Cream pateicoties kolag\u0113na, niacinam\u012bda un barojo\u0161o e\u013c\u013cu mais\u012bjumam, \u0161is kr\u0113ms uzlabo \u0101das elast\u012bbu, tvirtumu un elast\u012bbu.\" \/>\n<meta name=\"robots\" content=\"index, follow, max-snippet:-1, max-image-preview:large, max-video-preview:-1\" \/>\n<link rel=\"canonical\" href=\"https:\/\/www.facecorner.lv\/lv\/shop\/medicube-triple-collagen-cream-50ml\/\" \/>\n<meta property=\"og:locale\" content=\"lv_LV\" \/>\n<meta property=\"og:type\" content=\"article\" \/>\n<meta property=\"og:title\" content=\"Medicube Triple Collagen Cream 50ml - FACECORNER\" \/>\n<meta property=\"og:description\" content=\"Medicube Triple Collagen Cream pateicoties kolag\u0113na, niacinam\u012bda un barojo\u0161o e\u013c\u013cu mais\u012bjumam, \u0161is kr\u0113ms uzlabo \u0101das elast\u012bbu, tvirtumu un elast\u012bbu.\" \/>\n<meta property=\"og:url\" content=\"https:\/\/www.facecorner.lv\/lv\/shop\/medicube-triple-collagen-cream-50ml\/\" \/>\n<meta property=\"og:site_name\" content=\"FACECORNER\" \/>\n<meta property=\"article:publisher\" content=\"https:\/\/www.facebook.com\/profile.php?id=100063824551839\" \/>\n<meta property=\"article:modified_time\" content=\"2026-03-10T19:13:52+00:00\" \/>\n<meta property=\"og:image\" content=\"https:\/\/www.facecorner.lv\/wp-content\/uploads\/2024\/06\/2_b756ea51-04f5-4ff6-b8b2-38629249bc4e.jpg.webp\" \/>\n\t<meta property=\"og:image:width\" content=\"1080\" \/>\n\t<meta property=\"og:image:height\" content=\"1080\" \/>\n\t<meta property=\"og:image:type\" content=\"image\/webp\" \/>\n<meta name=\"twitter:card\" content=\"summary_large_image\" \/>\n<meta name=\"twitter:label1\" content=\"Price\" \/>\n\t<meta name=\"twitter:data1\" content=\"&euro;29.95\" \/>\n\t<meta name=\"twitter:label2\" content=\"Availability\" \/>\n\t<meta name=\"twitter:data2\" content=\"In stock\" \/>\n<script type=\"application\/ld+json\" class=\"yoast-schema-graph\">{\"@context\":\"https:\\\/\\\/schema.org\",\"@graph\":[{\"@type\":\"WebPage\",\"@id\":\"https:\\\/\\\/www.facecorner.lv\\\/shop\\\/medicube-triple-collagen-cream-50ml\\\/\",\"url\":\"https:\\\/\\\/www.facecorner.lv\\\/shop\\\/medicube-triple-collagen-cream-50ml\\\/\",\"name\":\"Medicube Triple Collagen Cream 50ml - FACECORNER\",\"isPartOf\":{\"@id\":\"https:\\\/\\\/www.facecorner.lv\\\/#website\"},\"primaryImageOfPage\":{\"@id\":\"https:\\\/\\\/www.facecorner.lv\\\/shop\\\/medicube-triple-collagen-cream-50ml\\\/#primaryimage\"},\"image\":{\"@id\":\"https:\\\/\\\/www.facecorner.lv\\\/shop\\\/medicube-triple-collagen-cream-50ml\\\/#primaryimage\"},\"thumbnailUrl\":\"https:\\\/\\\/www.facecorner.lv\\\/wp-content\\\/uploads\\\/2024\\\/06\\\/2_b756ea51-04f5-4ff6-b8b2-38629249bc4e.jpg.webp\",\"datePublished\":\"2024-06-14T19:46:08+00:00\",\"dateModified\":\"2026-03-10T19:13:52+00:00\",\"description\":\"Medicube Triple Collagen Cream pateicoties kolag\u0113na, niacinam\u012bda un barojo\u0161o e\u013c\u013cu mais\u012bjumam, \u0161is kr\u0113ms uzlabo \u0101das elast\u012bbu, tvirtumu un elast\u012bbu.\",\"breadcrumb\":{\"@id\":\"https:\\\/\\\/www.facecorner.lv\\\/shop\\\/medicube-triple-collagen-cream-50ml\\\/#breadcrumb\"},\"inLanguage\":\"lv-LV\",\"potentialAction\":[{\"@type\":\"ReadAction\",\"target\":[\"https:\\\/\\\/www.facecorner.lv\\\/shop\\\/medicube-triple-collagen-cream-50ml\\\/\"]}]},{\"@type\":\"ImageObject\",\"inLanguage\":\"lv-LV\",\"@id\":\"https:\\\/\\\/www.facecorner.lv\\\/shop\\\/medicube-triple-collagen-cream-50ml\\\/#primaryimage\",\"url\":\"https:\\\/\\\/www.facecorner.lv\\\/wp-content\\\/uploads\\\/2024\\\/06\\\/2_b756ea51-04f5-4ff6-b8b2-38629249bc4e.jpg.webp\",\"contentUrl\":\"https:\\\/\\\/www.facecorner.lv\\\/wp-content\\\/uploads\\\/2024\\\/06\\\/2_b756ea51-04f5-4ff6-b8b2-38629249bc4e.jpg.webp\",\"width\":1080,\"height\":1080,\"caption\":\"Medicube Triple Collagen Cream\"},{\"@type\":\"BreadcrumbList\",\"@id\":\"https:\\\/\\\/www.facecorner.lv\\\/shop\\\/medicube-triple-collagen-cream-50ml\\\/#breadcrumb\",\"itemListElement\":[{\"@type\":\"ListItem\",\"position\":1,\"name\":\"Home\",\"item\":\"https:\\\/\\\/www.facecorner.lv\\\/\"},{\"@type\":\"ListItem\",\"position\":2,\"name\":\"Veikals\",\"item\":\"https:\\\/\\\/www.facecorner.lv\\\/shop\\\/\"},{\"@type\":\"ListItem\",\"position\":3,\"name\":\"Medicube Triple Collagen Cream 50ml\"}]},{\"@type\":\"WebSite\",\"@id\":\"https:\\\/\\\/www.facecorner.lv\\\/#website\",\"url\":\"https:\\\/\\\/www.facecorner.lv\\\/\",\"name\":\"Facecorner\",\"description\":\"\",\"publisher\":{\"@id\":\"https:\\\/\\\/www.facecorner.lv\\\/#organization\"},\"potentialAction\":[{\"@type\":\"SearchAction\",\"target\":{\"@type\":\"EntryPoint\",\"urlTemplate\":\"https:\\\/\\\/www.facecorner.lv\\\/?s={search_term_string}\"},\"query-input\":{\"@type\":\"PropertyValueSpecification\",\"valueRequired\":true,\"valueName\":\"search_term_string\"}}],\"inLanguage\":\"lv-LV\"},{\"@type\":\"Organization\",\"@id\":\"https:\\\/\\\/www.facecorner.lv\\\/#organization\",\"name\":\"Facecorner\",\"url\":\"https:\\\/\\\/www.facecorner.lv\\\/\",\"logo\":{\"@type\":\"ImageObject\",\"inLanguage\":\"lv-LV\",\"@id\":\"https:\\\/\\\/www.facecorner.lv\\\/#\\\/schema\\\/logo\\\/image\\\/\",\"url\":\"https:\\\/\\\/www.facecorner.lv\\\/wp-content\\\/uploads\\\/2024\\\/04\\\/fc-logo.jpg\",\"contentUrl\":\"https:\\\/\\\/www.facecorner.lv\\\/wp-content\\\/uploads\\\/2024\\\/04\\\/fc-logo.jpg\",\"width\":174,\"height\":28,\"caption\":\"Facecorner\"},\"image\":{\"@id\":\"https:\\\/\\\/www.facecorner.lv\\\/#\\\/schema\\\/logo\\\/image\\\/\"},\"sameAs\":[\"https:\\\/\\\/www.facebook.com\\\/profile.php?id=100063824551839\",\"https:\\\/\\\/www.instagram.com\\\/facecorner_shop\\\/\"]}]}<\/script>\n<meta property=\"product:price:amount\" content=\"29.95\" \/>\n<meta property=\"product:price:currency\" content=\"EUR\" \/>\n<meta property=\"og:availability\" content=\"instock\" \/>\n<meta property=\"product:availability\" content=\"instock\" \/>\n<meta property=\"product:condition\" content=\"new\" \/>\n<!-- \/ Yoast SEO plugin. -->","yoast_head_json":{"title":"Medicube Triple Collagen Cream 50ml - FACECORNER","description":"Medicube Triple Collagen Cream pateicoties kolag\u0113na, niacinam\u012bda un barojo\u0161o e\u013c\u013cu mais\u012bjumam, \u0161is kr\u0113ms uzlabo \u0101das elast\u012bbu, tvirtumu un elast\u012bbu.","robots":{"index":"index","follow":"follow","max-snippet":"max-snippet:-1","max-image-preview":"max-image-preview:large","max-video-preview":"max-video-preview:-1"},"canonical":"https:\/\/www.facecorner.lv\/lv\/shop\/medicube-triple-collagen-cream-50ml\/","og_locale":"lv_LV","og_type":"article","og_title":"Medicube Triple Collagen Cream 50ml - FACECORNER","og_description":"Medicube Triple Collagen Cream pateicoties kolag\u0113na, niacinam\u012bda un barojo\u0161o e\u013c\u013cu mais\u012bjumam, \u0161is kr\u0113ms uzlabo \u0101das elast\u012bbu, tvirtumu un elast\u012bbu.","og_url":"https:\/\/www.facecorner.lv\/lv\/shop\/medicube-triple-collagen-cream-50ml\/","og_site_name":"FACECORNER","article_publisher":"https:\/\/www.facebook.com\/profile.php?id=100063824551839","article_modified_time":"2026-03-10T19:13:52+00:00","og_image":[{"width":1080,"height":1080,"url":"https:\/\/www.facecorner.lv\/wp-content\/uploads\/2024\/06\/2_b756ea51-04f5-4ff6-b8b2-38629249bc4e.jpg.webp","type":"image\/webp"}],"twitter_card":"summary_large_image","twitter_misc":{"Price":"&euro;29.95","Availability":"In stock"},"schema":{"@context":"https:\/\/schema.org","@graph":[{"@type":"WebPage","@id":"https:\/\/www.facecorner.lv\/shop\/medicube-triple-collagen-cream-50ml\/","url":"https:\/\/www.facecorner.lv\/shop\/medicube-triple-collagen-cream-50ml\/","name":"Medicube Triple Collagen Cream 50ml - FACECORNER","isPartOf":{"@id":"https:\/\/www.facecorner.lv\/#website"},"primaryImageOfPage":{"@id":"https:\/\/www.facecorner.lv\/shop\/medicube-triple-collagen-cream-50ml\/#primaryimage"},"image":{"@id":"https:\/\/www.facecorner.lv\/shop\/medicube-triple-collagen-cream-50ml\/#primaryimage"},"thumbnailUrl":"https:\/\/www.facecorner.lv\/wp-content\/uploads\/2024\/06\/2_b756ea51-04f5-4ff6-b8b2-38629249bc4e.jpg.webp","datePublished":"2024-06-14T19:46:08+00:00","dateModified":"2026-03-10T19:13:52+00:00","description":"Medicube Triple Collagen Cream pateicoties kolag\u0113na, niacinam\u012bda un barojo\u0161o e\u013c\u013cu mais\u012bjumam, \u0161is kr\u0113ms uzlabo \u0101das elast\u012bbu, tvirtumu un elast\u012bbu.","breadcrumb":{"@id":"https:\/\/www.facecorner.lv\/shop\/medicube-triple-collagen-cream-50ml\/#breadcrumb"},"inLanguage":"lv-LV","potentialAction":[{"@type":"ReadAction","target":["https:\/\/www.facecorner.lv\/shop\/medicube-triple-collagen-cream-50ml\/"]}]},{"@type":"ImageObject","inLanguage":"lv-LV","@id":"https:\/\/www.facecorner.lv\/shop\/medicube-triple-collagen-cream-50ml\/#primaryimage","url":"https:\/\/www.facecorner.lv\/wp-content\/uploads\/2024\/06\/2_b756ea51-04f5-4ff6-b8b2-38629249bc4e.jpg.webp","contentUrl":"https:\/\/www.facecorner.lv\/wp-content\/uploads\/2024\/06\/2_b756ea51-04f5-4ff6-b8b2-38629249bc4e.jpg.webp","width":1080,"height":1080,"caption":"Medicube Triple Collagen Cream"},{"@type":"BreadcrumbList","@id":"https:\/\/www.facecorner.lv\/shop\/medicube-triple-collagen-cream-50ml\/#breadcrumb","itemListElement":[{"@type":"ListItem","position":1,"name":"Home","item":"https:\/\/www.facecorner.lv\/"},{"@type":"ListItem","position":2,"name":"Veikals","item":"https:\/\/www.facecorner.lv\/shop\/"},{"@type":"ListItem","position":3,"name":"Medicube Triple Collagen Cream 50ml"}]},{"@type":"WebSite","@id":"https:\/\/www.facecorner.lv\/#website","url":"https:\/\/www.facecorner.lv\/","name":"Facecorner","description":"","publisher":{"@id":"https:\/\/www.facecorner.lv\/#organization"},"potentialAction":[{"@type":"SearchAction","target":{"@type":"EntryPoint","urlTemplate":"https:\/\/www.facecorner.lv\/?s={search_term_string}"},"query-input":{"@type":"PropertyValueSpecification","valueRequired":true,"valueName":"search_term_string"}}],"inLanguage":"lv-LV"},{"@type":"Organization","@id":"https:\/\/www.facecorner.lv\/#organization","name":"Facecorner","url":"https:\/\/www.facecorner.lv\/","logo":{"@type":"ImageObject","inLanguage":"lv-LV","@id":"https:\/\/www.facecorner.lv\/#\/schema\/logo\/image\/","url":"https:\/\/www.facecorner.lv\/wp-content\/uploads\/2024\/04\/fc-logo.jpg","contentUrl":"https:\/\/www.facecorner.lv\/wp-content\/uploads\/2024\/04\/fc-logo.jpg","width":174,"height":28,"caption":"Facecorner"},"image":{"@id":"https:\/\/www.facecorner.lv\/#\/schema\/logo\/image\/"},"sameAs":["https:\/\/www.facebook.com\/profile.php?id=100063824551839","https:\/\/www.instagram.com\/facecorner_shop\/"]}]},"product_price_amount":"29.95","product_price_currency":"EUR","og_availability":"instock","product_availability":"instock","product_condition":"new"},"_links":{"self":[{"href":"https:\/\/www.facecorner.lv\/lv\/wp-json\/wp\/v2\/product\/17944","targetHints":{"allow":["GET"]}}],"collection":[{"href":"https:\/\/www.facecorner.lv\/lv\/wp-json\/wp\/v2\/product"}],"about":[{"href":"https:\/\/www.facecorner.lv\/lv\/wp-json\/wp\/v2\/types\/product"}],"replies":[{"embeddable":true,"href":"https:\/\/www.facecorner.lv\/lv\/wp-json\/wp\/v2\/comments?post=17944"}],"wp:featuredmedia":[{"embeddable":true,"href":"https:\/\/www.facecorner.lv\/lv\/wp-json\/wp\/v2\/media\/17948"}],"wp:attachment":[{"href":"https:\/\/www.facecorner.lv\/lv\/wp-json\/wp\/v2\/media?parent=17944"}],"wp:term":[{"taxonomy":"product_brand","embeddable":true,"href":"https:\/\/www.facecorner.lv\/lv\/wp-json\/wp\/v2\/product_brand?post=17944"},{"taxonomy":"product_cat","embeddable":true,"href":"https:\/\/www.facecorner.lv\/lv\/wp-json\/wp\/v2\/product_cat?post=17944"},{"taxonomy":"product_tag","embeddable":true,"href":"https:\/\/www.facecorner.lv\/lv\/wp-json\/wp\/v2\/product_tag?post=17944"},{"taxonomy":"berocket_brand","embeddable":true,"href":"https:\/\/www.facecorner.lv\/lv\/wp-json\/wp\/v2\/berocket_brand?post=17944"}],"curies":[{"name":"wp","href":"https:\/\/api.w.org\/{rel}","templated":true}]}}