{"id":17920,"date":"2024-06-13T08:13:42","date_gmt":"2024-06-13T06:13:42","guid":{"rendered":"https:\/\/www.facecorner.lv\/?post_type=product&#038;p=17920"},"modified":"2025-10-16T12:36:58","modified_gmt":"2025-10-16T09:36:58","slug":"anua-niacinamide-10-txa-4-serum-30ml-pre-order-17-06","status":"publish","type":"product","link":"https:\/\/www.facecorner.lv\/lv\/shop\/anua-niacinamide-10-txa-4-serum-30ml-pre-order-17-06\/","title":{"rendered":"Anua Niacinamide 10% + TXA 4% Serum 30ml"},"content":{"rendered":"<p>Anua Niacinamide 10% + TXA 4% Serum, kas satur 10 % niacinam\u012bda un 4 % traneksam\u012bnsk\u0101bes un ir paredz\u0113ts tum\u0161o plankumu un aknes r\u0113tu mazin\u0101\u0161anai, varat c\u012bn\u012bties pret hiperpigment\u0101ciju. Serums ir bag\u0101tin\u0101ts ar alfa arbut\u012bnu, kas izgaismo un izl\u012bdzina \u0101das toni, k\u0101 ar\u012b satur hialuronsk\u0101bi un augu e\u013c\u013cas, kas mitrina un nomierina \u0101du.<\/p>\n<p><strong>Anua Niacinamide 10% + TXA 4% Serum Ieguvumi: <\/strong><\/p>\n<ul>\n<li>Pal\u012bdz nov\u0113rst un nov\u0113rst hiperpigment\u0101ciju.<\/li>\n<li>izl\u012bdzina \u0101das toni un atgrie\u017e \u0101dai vesel\u012bgu mirdzumu.<\/li>\n<li>Pal\u012bdz c\u012bn\u012bties ar \u0101das aps\u0101rtumu un aps\u0101rtumu p\u0113c pinnes.<\/li>\n<li>\u0112rti mitrina \u0101du, nov\u0113r\u0161 mitruma zudumu un sausumu.<\/li>\n<\/ul>\n<p><strong>Galven\u0101s sast\u0101vda\u013cas:<\/strong><\/p>\n<ul>\n<li>Niacinam\u012bds pal\u012bdz izl\u012bdzin\u0101t \u0101das toni, tam piem\u012bt maigs izgaismojo\u0161s efekts un tas nov\u0113r\u0161 hiperpigment\u0101ciju, tam piem\u012bt nomierino\u0161a un pretiekaisuma iedarb\u012bba, tas nov\u0113r\u0161 izsitumu un aps\u0101rtumu ra\u0161anos.<\/li>\n<li>Traneksam\u012bnsk\u0101be regul\u0113 melan\u012bna veido\u0161anos, izgaismo hiperpigment\u0101cijas, nomierina un mazina aps\u0101rtumu, izl\u012bdzina \u0101das toni.<\/li>\n<li>Arbut\u012bnam piem\u012bt sp\u0113c\u012bga balino\u0161a iedarb\u012bba, tas akt\u012bvi iedarbojas uz vecuma plankumiem un nevienm\u0113r\u012bgu \u0101das toni.<\/li>\n<li>Hialuronsk\u0101be dzi\u013ci mitrina \u0101du, saglab\u0101jot mitrumu t\u0101s iek\u0161ien\u0113, nov\u0113r\u0161 dehidrat\u0101ciju un sausumu, pal\u012bdz uztur\u0113t \u0101du gludu un stingru.<\/li>\n<li>Eclipta ekstraktam ir pretiekaisuma un nomierino\u0161a iedarb\u012bba.<\/li>\n<li>Makad\u0101mijas e\u013c\u013ca akt\u012bvi baro un m\u012bkstina \u0101du, atjauno aizsargbarjeru un nov\u0113r\u0161 mitruma zudumu.<\/li>\n<li>Mugurenes ekstrakts samazina jut\u012bgumu, nov\u0113r\u0161 aps\u0101rtumu un kairin\u0101jumu.<\/li>\n<li>Centella asiatica akt\u012bvi nomierina \u0101du, mazina aps\u0101rtumu un kairin\u0101jumu, mazina jut\u012bgumu un iedarbojas m\u012bkstino\u0161i.<\/li>\n<li>C vitam\u012bns pal\u012bdz izl\u012bdzin\u0101t \u0101das toni, izgaismo pigmenta plankumus, stimul\u0113 kolag\u0113na veido\u0161anos un iedarbojas sp\u0113c\u012bgi antioksidanti, aizsarg\u0101jot \u0101du no br\u012bvajiem radik\u0101\u013ciem.<\/li>\n<\/ul>\n<p><strong>Lieto\u0161\u0101na:<\/strong><\/p>\n<p>1. Uzkl\u0101jiet da\u017eus pilienus uz skartaj\u0101m viet\u0101m un pak\u0101peniski palieliniet lieto\u0161anas laiku.<\/p>\n<p>2. Lietojiet no r\u012bta un vakar\u0101 pirms e\u013c\u013cas un mitrino\u0161\u0101 l\u012bdzek\u013ca.<\/p>\n<p>3. Var lietot katru dienu, bet p\u0101rtraukt lieto\u0161anu, ja rodas kairin\u0101jums.<\/p>\n<p>4. Lietojot no r\u012bta, p\u0101rliecinieties, ka lietojat saules aizsargl\u012bdzek\u013cus ar SPF 30 vai augst\u0101ku.<\/p>\n<p><strong>S\u0101stavs:<\/strong> Water, Glycerin, Niacinamide, Tranexamic Acid, Butylene Glycol, Diethoxyethyl Succinate, 1,2-Hexanediol, Arbutin, Sodium Hyaluronate, Alpha-Arbutin, Coccinia Indica Fruit Extract, Eclipta Prostrata Extract, Macadamia Integrifolia Seed Oil, Olea Europaea (Olive) Fruit Oil, Simmondsia Chinensis (Jojoba) Seed Oil, Vitis Vinifera (Grape) Seed Oil, Theobroma Cacao (Cocoa) Extract, Hydrolyzed Hyaluronic Acid, Chamaecyparis Obtusa Leaf Extract, Prunus Persica (Peach) Flower Extract, Camellia Sinensis Seed Oil, Yeast Ferment Extract, Centella Asiatica Extract, Artemisia Princeps Leaf Extract, Candida Bombicola\/Glucose\/Methyl Rapeseedate Ferment, Hyaluronic Acid, Pentylene Glycol, Betaine Salicylate, Sucrose Palmitate, Hydrogenated Lecithin, Gellan Gum, Sodium Phytate, Cellulose, Caprylic\/Capric Triglyceride, Panthenol, Cyanocobalamin, Polyglutamic Acid, 3-0-Ethyl Ascorbic Acid, Ceramide NP, Dextrin, Asiaticoside, Madecassic Acid, Asiatic Acid, Dimethylsilanol Hyaluronate, Hydrolyzed Sodium Hyaluronate, Potassium Hyaluronate, Hydroxypropyltrimonium Hyaluronate, Sodium Hyaluronate Crosspolymer, Sodium Hyaluronate Dimethylsilanol, Sodium Acetylated Hyaluronate, Xanthan Gum<\/p>\n<p>&nbsp;<\/p>\n","protected":false},"excerpt":{"rendered":"<p>Anua Niacinamide 10% + TXA 4% Serum, kas satur 10 % niacinam\u012bda un 4 % traneksam\u012bnsk\u0101bes un ir paredz\u0113ts tum\u0161o plankumu un aknes r\u0113tu mazin\u0101\u0161anai, varat c\u012bn\u012bties pret hiperpigment\u0101ciju. Serums ir bag\u0101tin\u0101ts ar alfa arbut\u012bnu, kas izgaismo un izl\u012bdzina \u0101das toni, k\u0101 ar\u012b satur hialuronsk\u0101bi un augu e\u013c\u013cas, kas mitrina un nomierina \u0101du.<\/p>\n","protected":false},"featured_media":17921,"comment_status":"open","ping_status":"closed","template":"","meta":{"site-sidebar-layout":"default","site-content-layout":"","ast-site-content-layout":"","site-content-style":"default","site-sidebar-style":"default","ast-global-header-display":"","ast-banner-title-visibility":"","ast-main-header-display":"","ast-hfb-above-header-display":"","ast-hfb-below-header-display":"","ast-hfb-mobile-header-display":"","site-post-title":"","ast-breadcrumbs-content":"","ast-featured-img":"","footer-sml-layout":"","theme-transparent-header-meta":"","adv-header-id-meta":"","stick-header-meta":"","header-above-stick-meta":"","header-main-stick-meta":"","header-below-stick-meta":"","astra-migrate-meta-layouts":"default","ast-page-background-enabled":"default","ast-page-background-meta":{"desktop":{"background-color":"var(--ast-global-color-4)","background-image":"","background-repeat":"repeat","background-position":"center center","background-size":"auto","background-attachment":"scroll","background-type":"","background-media":"","overlay-type":"","overlay-color":"","overlay-opacity":"","overlay-gradient":""},"tablet":{"background-color":"","background-image":"","background-repeat":"repeat","background-position":"center center","background-size":"auto","background-attachment":"scroll","background-type":"","background-media":"","overlay-type":"","overlay-color":"","overlay-opacity":"","overlay-gradient":""},"mobile":{"background-color":"","background-image":"","background-repeat":"repeat","background-position":"center center","background-size":"auto","background-attachment":"scroll","background-type":"","background-media":"","overlay-type":"","overlay-color":"","overlay-opacity":"","overlay-gradient":""}},"ast-content-background-meta":{"desktop":{"background-color":"var(--ast-global-color-5)","background-image":"","background-repeat":"repeat","background-position":"center center","background-size":"auto","background-attachment":"scroll","background-type":"","background-media":"","overlay-type":"","overlay-color":"","overlay-opacity":"","overlay-gradient":""},"tablet":{"background-color":"var(--ast-global-color-5)","background-image":"","background-repeat":"repeat","background-position":"center center","background-size":"auto","background-attachment":"scroll","background-type":"","background-media":"","overlay-type":"","overlay-color":"","overlay-opacity":"","overlay-gradient":""},"mobile":{"background-color":"var(--ast-global-color-5)","background-image":"","background-repeat":"repeat","background-position":"center center","background-size":"auto","background-attachment":"scroll","background-type":"","background-media":"","overlay-type":"","overlay-color":"","overlay-opacity":"","overlay-gradient":""}}},"product_brand":[],"product_cat":[370,511,372,373,374,363],"product_tag":[],"berocket_brand":[575],"class_list":{"0":"post-17920","1":"product","2":"type-product","3":"status-publish","4":"has-post-thumbnail","6":"product_cat-adas-mirdzumam","7":"product_cat-atlaides","8":"product_cat-jutigai-adai-serumi","9":"product_cat-poras-sasaurinoss","10":"product_cat-pret-pinnem","11":"product_cat-serumi","12":"berocket_brand-anua","13":"desktop-align-left","14":"tablet-align-left","15":"mobile-align-left","17":"first","18":"outofstock","19":"sale","20":"taxable","21":"shipping-taxable","22":"purchasable","23":"product-type-simple","24":"add-to-wishlist-before_image"},"yoast_head":"<!-- This site is optimized with the Yoast SEO plugin v27.3 - https:\/\/yoast.com\/product\/yoast-seo-wordpress\/ -->\n<title>Anua Niacinamide 10% + TXA 4% Serum 30ml - FACECORNER<\/title>\n<meta name=\"description\" content=\"Anua Niacinamide 10% + TXA 4% Serum, kas satur 10 % niacinam\u012bda un 4 % traneksam\u012bnsk\u0101bes un ir paredz\u0113ts tum\u0161o plankumu un aknes r\u0113tu mazin\u0101\u0161anai.\" \/>\n<meta name=\"robots\" content=\"index, follow, max-snippet:-1, max-image-preview:large, max-video-preview:-1\" \/>\n<link rel=\"canonical\" href=\"https:\/\/www.facecorner.lv\/lv\/shop\/anua-niacinamide-10-txa-4-serum-30ml-pre-order-17-06\/\" \/>\n<meta property=\"og:locale\" content=\"lv_LV\" \/>\n<meta property=\"og:type\" content=\"article\" \/>\n<meta property=\"og:title\" content=\"Anua Niacinamide 10% + TXA 4% Serum 30ml - FACECORNER\" \/>\n<meta property=\"og:description\" content=\"Anua Niacinamide 10% + TXA 4% Serum, kas satur 10 % niacinam\u012bda un 4 % traneksam\u012bnsk\u0101bes un ir paredz\u0113ts tum\u0161o plankumu un aknes r\u0113tu mazin\u0101\u0161anai.\" \/>\n<meta property=\"og:url\" content=\"https:\/\/www.facecorner.lv\/lv\/shop\/anua-niacinamide-10-txa-4-serum-30ml-pre-order-17-06\/\" \/>\n<meta property=\"og:site_name\" content=\"FACECORNER\" \/>\n<meta property=\"article:publisher\" content=\"https:\/\/www.facebook.com\/profile.php?id=100063824551839\" \/>\n<meta property=\"article:modified_time\" content=\"2025-10-16T09:36:58+00:00\" \/>\n<meta property=\"og:image\" content=\"https:\/\/www.facecorner.lv\/wp-content\/uploads\/2024\/06\/CRUELTYFREEVEGANBEAUTY-2024-05-01T170738.869.png.webp\" \/>\n\t<meta property=\"og:image:width\" content=\"1080\" \/>\n\t<meta property=\"og:image:height\" content=\"1080\" \/>\n\t<meta property=\"og:image:type\" content=\"image\/webp\" \/>\n<meta name=\"twitter:card\" content=\"summary_large_image\" \/>\n<meta name=\"twitter:label1\" content=\"Price\" \/>\n\t<meta name=\"twitter:data1\" content=\"&euro;22.90\" \/>\n\t<meta name=\"twitter:label2\" content=\"Availability\" \/>\n\t<meta name=\"twitter:data2\" content=\"Out of stock\" \/>\n<script type=\"application\/ld+json\" class=\"yoast-schema-graph\">{\"@context\":\"https:\\\/\\\/schema.org\",\"@graph\":[{\"@type\":\"WebPage\",\"@id\":\"https:\\\/\\\/www.facecorner.lv\\\/shop\\\/anua-niacinamide-10-txa-4-serum-30ml-pre-order-17-06\\\/\",\"url\":\"https:\\\/\\\/www.facecorner.lv\\\/shop\\\/anua-niacinamide-10-txa-4-serum-30ml-pre-order-17-06\\\/\",\"name\":\"Anua Niacinamide 10% + TXA 4% Serum 30ml - FACECORNER\",\"isPartOf\":{\"@id\":\"https:\\\/\\\/www.facecorner.lv\\\/#website\"},\"primaryImageOfPage\":{\"@id\":\"https:\\\/\\\/www.facecorner.lv\\\/shop\\\/anua-niacinamide-10-txa-4-serum-30ml-pre-order-17-06\\\/#primaryimage\"},\"image\":{\"@id\":\"https:\\\/\\\/www.facecorner.lv\\\/shop\\\/anua-niacinamide-10-txa-4-serum-30ml-pre-order-17-06\\\/#primaryimage\"},\"thumbnailUrl\":\"https:\\\/\\\/www.facecorner.lv\\\/wp-content\\\/uploads\\\/2024\\\/06\\\/CRUELTYFREEVEGANBEAUTY-2024-05-01T170738.869.png.webp\",\"datePublished\":\"2024-06-13T06:13:42+00:00\",\"dateModified\":\"2025-10-16T09:36:58+00:00\",\"description\":\"Anua Niacinamide 10% + TXA 4% Serum, kas satur 10 % niacinam\u012bda un 4 % traneksam\u012bnsk\u0101bes un ir paredz\u0113ts tum\u0161o plankumu un aknes r\u0113tu mazin\u0101\u0161anai.\",\"breadcrumb\":{\"@id\":\"https:\\\/\\\/www.facecorner.lv\\\/shop\\\/anua-niacinamide-10-txa-4-serum-30ml-pre-order-17-06\\\/#breadcrumb\"},\"inLanguage\":\"lv-LV\",\"potentialAction\":[{\"@type\":\"ReadAction\",\"target\":[\"https:\\\/\\\/www.facecorner.lv\\\/shop\\\/anua-niacinamide-10-txa-4-serum-30ml-pre-order-17-06\\\/\"]}]},{\"@type\":\"ImageObject\",\"inLanguage\":\"lv-LV\",\"@id\":\"https:\\\/\\\/www.facecorner.lv\\\/shop\\\/anua-niacinamide-10-txa-4-serum-30ml-pre-order-17-06\\\/#primaryimage\",\"url\":\"https:\\\/\\\/www.facecorner.lv\\\/wp-content\\\/uploads\\\/2024\\\/06\\\/CRUELTYFREEVEGANBEAUTY-2024-05-01T170738.869.png.webp\",\"contentUrl\":\"https:\\\/\\\/www.facecorner.lv\\\/wp-content\\\/uploads\\\/2024\\\/06\\\/CRUELTYFREEVEGANBEAUTY-2024-05-01T170738.869.png.webp\",\"width\":1080,\"height\":1080,\"caption\":\"Anua Niacinamide 10% + TXA 4% Serum\"},{\"@type\":\"BreadcrumbList\",\"@id\":\"https:\\\/\\\/www.facecorner.lv\\\/shop\\\/anua-niacinamide-10-txa-4-serum-30ml-pre-order-17-06\\\/#breadcrumb\",\"itemListElement\":[{\"@type\":\"ListItem\",\"position\":1,\"name\":\"Home\",\"item\":\"https:\\\/\\\/www.facecorner.lv\\\/\"},{\"@type\":\"ListItem\",\"position\":2,\"name\":\"Veikals\",\"item\":\"https:\\\/\\\/www.facecorner.lv\\\/shop\\\/\"},{\"@type\":\"ListItem\",\"position\":3,\"name\":\"Anua Niacinamide 10% + TXA 4% Serum 30ml\"}]},{\"@type\":\"WebSite\",\"@id\":\"https:\\\/\\\/www.facecorner.lv\\\/#website\",\"url\":\"https:\\\/\\\/www.facecorner.lv\\\/\",\"name\":\"Facecorner\",\"description\":\"\",\"publisher\":{\"@id\":\"https:\\\/\\\/www.facecorner.lv\\\/#organization\"},\"potentialAction\":[{\"@type\":\"SearchAction\",\"target\":{\"@type\":\"EntryPoint\",\"urlTemplate\":\"https:\\\/\\\/www.facecorner.lv\\\/?s={search_term_string}\"},\"query-input\":{\"@type\":\"PropertyValueSpecification\",\"valueRequired\":true,\"valueName\":\"search_term_string\"}}],\"inLanguage\":\"lv-LV\"},{\"@type\":\"Organization\",\"@id\":\"https:\\\/\\\/www.facecorner.lv\\\/#organization\",\"name\":\"Facecorner\",\"url\":\"https:\\\/\\\/www.facecorner.lv\\\/\",\"logo\":{\"@type\":\"ImageObject\",\"inLanguage\":\"lv-LV\",\"@id\":\"https:\\\/\\\/www.facecorner.lv\\\/#\\\/schema\\\/logo\\\/image\\\/\",\"url\":\"https:\\\/\\\/www.facecorner.lv\\\/wp-content\\\/uploads\\\/2024\\\/04\\\/fc-logo.jpg\",\"contentUrl\":\"https:\\\/\\\/www.facecorner.lv\\\/wp-content\\\/uploads\\\/2024\\\/04\\\/fc-logo.jpg\",\"width\":174,\"height\":28,\"caption\":\"Facecorner\"},\"image\":{\"@id\":\"https:\\\/\\\/www.facecorner.lv\\\/#\\\/schema\\\/logo\\\/image\\\/\"},\"sameAs\":[\"https:\\\/\\\/www.facebook.com\\\/profile.php?id=100063824551839\",\"https:\\\/\\\/www.instagram.com\\\/facecorner_shop\\\/\"]}]}<\/script>\n<meta property=\"product:price:amount\" content=\"22.90\" \/>\n<meta property=\"product:price:currency\" content=\"EUR\" \/>\n<meta property=\"og:availability\" content=\"out of stock\" \/>\n<meta property=\"product:availability\" content=\"out of stock\" \/>\n<meta property=\"product:condition\" content=\"new\" \/>\n<!-- \/ Yoast SEO plugin. -->","yoast_head_json":{"title":"Anua Niacinamide 10% + TXA 4% Serum 30ml - FACECORNER","description":"Anua Niacinamide 10% + TXA 4% Serum, kas satur 10 % niacinam\u012bda un 4 % traneksam\u012bnsk\u0101bes un ir paredz\u0113ts tum\u0161o plankumu un aknes r\u0113tu mazin\u0101\u0161anai.","robots":{"index":"index","follow":"follow","max-snippet":"max-snippet:-1","max-image-preview":"max-image-preview:large","max-video-preview":"max-video-preview:-1"},"canonical":"https:\/\/www.facecorner.lv\/lv\/shop\/anua-niacinamide-10-txa-4-serum-30ml-pre-order-17-06\/","og_locale":"lv_LV","og_type":"article","og_title":"Anua Niacinamide 10% + TXA 4% Serum 30ml - FACECORNER","og_description":"Anua Niacinamide 10% + TXA 4% Serum, kas satur 10 % niacinam\u012bda un 4 % traneksam\u012bnsk\u0101bes un ir paredz\u0113ts tum\u0161o plankumu un aknes r\u0113tu mazin\u0101\u0161anai.","og_url":"https:\/\/www.facecorner.lv\/lv\/shop\/anua-niacinamide-10-txa-4-serum-30ml-pre-order-17-06\/","og_site_name":"FACECORNER","article_publisher":"https:\/\/www.facebook.com\/profile.php?id=100063824551839","article_modified_time":"2025-10-16T09:36:58+00:00","og_image":[{"width":1080,"height":1080,"url":"https:\/\/www.facecorner.lv\/wp-content\/uploads\/2024\/06\/CRUELTYFREEVEGANBEAUTY-2024-05-01T170738.869.png.webp","type":"image\/webp"}],"twitter_card":"summary_large_image","twitter_misc":{"Price":"&euro;22.90","Availability":"Out of stock"},"schema":{"@context":"https:\/\/schema.org","@graph":[{"@type":"WebPage","@id":"https:\/\/www.facecorner.lv\/shop\/anua-niacinamide-10-txa-4-serum-30ml-pre-order-17-06\/","url":"https:\/\/www.facecorner.lv\/shop\/anua-niacinamide-10-txa-4-serum-30ml-pre-order-17-06\/","name":"Anua Niacinamide 10% + TXA 4% Serum 30ml - FACECORNER","isPartOf":{"@id":"https:\/\/www.facecorner.lv\/#website"},"primaryImageOfPage":{"@id":"https:\/\/www.facecorner.lv\/shop\/anua-niacinamide-10-txa-4-serum-30ml-pre-order-17-06\/#primaryimage"},"image":{"@id":"https:\/\/www.facecorner.lv\/shop\/anua-niacinamide-10-txa-4-serum-30ml-pre-order-17-06\/#primaryimage"},"thumbnailUrl":"https:\/\/www.facecorner.lv\/wp-content\/uploads\/2024\/06\/CRUELTYFREEVEGANBEAUTY-2024-05-01T170738.869.png.webp","datePublished":"2024-06-13T06:13:42+00:00","dateModified":"2025-10-16T09:36:58+00:00","description":"Anua Niacinamide 10% + TXA 4% Serum, kas satur 10 % niacinam\u012bda un 4 % traneksam\u012bnsk\u0101bes un ir paredz\u0113ts tum\u0161o plankumu un aknes r\u0113tu mazin\u0101\u0161anai.","breadcrumb":{"@id":"https:\/\/www.facecorner.lv\/shop\/anua-niacinamide-10-txa-4-serum-30ml-pre-order-17-06\/#breadcrumb"},"inLanguage":"lv-LV","potentialAction":[{"@type":"ReadAction","target":["https:\/\/www.facecorner.lv\/shop\/anua-niacinamide-10-txa-4-serum-30ml-pre-order-17-06\/"]}]},{"@type":"ImageObject","inLanguage":"lv-LV","@id":"https:\/\/www.facecorner.lv\/shop\/anua-niacinamide-10-txa-4-serum-30ml-pre-order-17-06\/#primaryimage","url":"https:\/\/www.facecorner.lv\/wp-content\/uploads\/2024\/06\/CRUELTYFREEVEGANBEAUTY-2024-05-01T170738.869.png.webp","contentUrl":"https:\/\/www.facecorner.lv\/wp-content\/uploads\/2024\/06\/CRUELTYFREEVEGANBEAUTY-2024-05-01T170738.869.png.webp","width":1080,"height":1080,"caption":"Anua Niacinamide 10% + TXA 4% Serum"},{"@type":"BreadcrumbList","@id":"https:\/\/www.facecorner.lv\/shop\/anua-niacinamide-10-txa-4-serum-30ml-pre-order-17-06\/#breadcrumb","itemListElement":[{"@type":"ListItem","position":1,"name":"Home","item":"https:\/\/www.facecorner.lv\/"},{"@type":"ListItem","position":2,"name":"Veikals","item":"https:\/\/www.facecorner.lv\/shop\/"},{"@type":"ListItem","position":3,"name":"Anua Niacinamide 10% + TXA 4% Serum 30ml"}]},{"@type":"WebSite","@id":"https:\/\/www.facecorner.lv\/#website","url":"https:\/\/www.facecorner.lv\/","name":"Facecorner","description":"","publisher":{"@id":"https:\/\/www.facecorner.lv\/#organization"},"potentialAction":[{"@type":"SearchAction","target":{"@type":"EntryPoint","urlTemplate":"https:\/\/www.facecorner.lv\/?s={search_term_string}"},"query-input":{"@type":"PropertyValueSpecification","valueRequired":true,"valueName":"search_term_string"}}],"inLanguage":"lv-LV"},{"@type":"Organization","@id":"https:\/\/www.facecorner.lv\/#organization","name":"Facecorner","url":"https:\/\/www.facecorner.lv\/","logo":{"@type":"ImageObject","inLanguage":"lv-LV","@id":"https:\/\/www.facecorner.lv\/#\/schema\/logo\/image\/","url":"https:\/\/www.facecorner.lv\/wp-content\/uploads\/2024\/04\/fc-logo.jpg","contentUrl":"https:\/\/www.facecorner.lv\/wp-content\/uploads\/2024\/04\/fc-logo.jpg","width":174,"height":28,"caption":"Facecorner"},"image":{"@id":"https:\/\/www.facecorner.lv\/#\/schema\/logo\/image\/"},"sameAs":["https:\/\/www.facebook.com\/profile.php?id=100063824551839","https:\/\/www.instagram.com\/facecorner_shop\/"]}]},"product_price_amount":"22.90","product_price_currency":"EUR","og_availability":"out of stock","product_availability":"out of stock","product_condition":"new"},"_links":{"self":[{"href":"https:\/\/www.facecorner.lv\/lv\/wp-json\/wp\/v2\/product\/17920","targetHints":{"allow":["GET"]}}],"collection":[{"href":"https:\/\/www.facecorner.lv\/lv\/wp-json\/wp\/v2\/product"}],"about":[{"href":"https:\/\/www.facecorner.lv\/lv\/wp-json\/wp\/v2\/types\/product"}],"replies":[{"embeddable":true,"href":"https:\/\/www.facecorner.lv\/lv\/wp-json\/wp\/v2\/comments?post=17920"}],"wp:featuredmedia":[{"embeddable":true,"href":"https:\/\/www.facecorner.lv\/lv\/wp-json\/wp\/v2\/media\/17921"}],"wp:attachment":[{"href":"https:\/\/www.facecorner.lv\/lv\/wp-json\/wp\/v2\/media?parent=17920"}],"wp:term":[{"taxonomy":"product_brand","embeddable":true,"href":"https:\/\/www.facecorner.lv\/lv\/wp-json\/wp\/v2\/product_brand?post=17920"},{"taxonomy":"product_cat","embeddable":true,"href":"https:\/\/www.facecorner.lv\/lv\/wp-json\/wp\/v2\/product_cat?post=17920"},{"taxonomy":"product_tag","embeddable":true,"href":"https:\/\/www.facecorner.lv\/lv\/wp-json\/wp\/v2\/product_tag?post=17920"},{"taxonomy":"berocket_brand","embeddable":true,"href":"https:\/\/www.facecorner.lv\/lv\/wp-json\/wp\/v2\/berocket_brand?post=17920"}],"curies":[{"name":"wp","href":"https:\/\/api.w.org\/{rel}","templated":true}]}}