{"id":16987,"date":"2024-05-31T21:11:36","date_gmt":"2024-05-31T19:11:36","guid":{"rendered":"https:\/\/www.facecorner.lv\/?post_type=product&#038;p=16987"},"modified":"2024-12-02T23:22:19","modified_gmt":"2024-12-02T20:22:19","slug":"some-by-mi-galactomyces-pure-vitamin-c-glow-serum-30ml","status":"publish","type":"product","link":"https:\/\/www.facecorner.lv\/lv\/shop\/some-by-mi-galactomyces-pure-vitamin-c-glow-serum-30ml\/","title":{"rendered":"Some By Mi Galactomyces Pure Vitamin C Glow Serum 30ml"},"content":{"rendered":"<p>Some By Mi Galactomyces Pure Vitamin C Glow Serum atjauno vesel\u012bgu mirdzumu, uzlabo sejas kr\u0101su un toniz\u0113 \u0101du.<\/p>\n<p>\u013boti koncentr\u0113ts serums balina pigment\u0101ciju, izgaismo p\u0113caknes un sastr\u0113gumu plankumus, izl\u012bdzina kop\u0113jo \u0101das toni, nov\u0113r\u0161 bl\u0101vumu un aps\u0101rtumu. Palielina \u0101das imunit\u0101ti, atgrie\u017e dabisko mirdzumu un tonusu.<\/p>\n<p>Tam piem\u012bt viegla atjaunojo\u0161a iedarb\u012bba, tas stimul\u0113 kolag\u0113na un elast\u012bna \u0161\u0137iedru sint\u0113zi.<\/p>\n<p>L\u012bdzeklis maigi p\u012blingo epidermu un no\u0146em atmiru\u0161\u0101s \u0101das \u0161\u016bnas, m\u012bkstina, izl\u012bdzina un pa\u0101trina re\u0123ener\u0101cijas procesus.<\/p>\n<p>L\u012bdzek\u013ca sast\u0101v\u0101 ir augsti koncentr\u0113ts sast\u0101vs efekt\u012bvai \u0101das balin\u0101\u0161anai &#8211; galaktoz\u012bzes enz\u012bms (75%), C vitam\u012bns (30 000 ppm) un vitam\u012bnu komplekss.<\/p>\n<p><strong>Serumu ieteicams lietot sieviet\u0113m, kur\u0101m ir:<\/strong><\/p>\n<ul>\n<li>nevienm\u0113r\u012bgs \u0101das tonis;<\/li>\n<li>bl\u0101vi un nogurusi \u0101da ar pel\u0113c\u012bgiem to\u0146iem;<\/li>\n<li>\u0101dai ar pigmenta plankumiem un p\u0113c pinnes;<\/li>\n<li>dehidr\u0113ta \u0101da ar lob\u012b\u0161anos.<\/li>\n<\/ul>\n<p><strong>Galven\u0101s akt\u012bv\u0101s sast\u0101vda\u013cas:<\/strong><\/p>\n<ul>\n<li>Galaktomiz\u0101cijas enz\u012bms &#8211; sp\u0113j sadal\u012bt bar\u012bbas vielas un uzlabot to uzs\u016bk\u0161anos \u0101das \u0161\u016bn\u0101s. Pateicoties tam, atjauno \u0161\u016bnu integrit\u0101ti, palielina asins mikrocirkul\u0101ciju, pa\u0101trina vielmai\u0146as procesus, att\u012bra \u0101du, izl\u012bdzina mikroreljefu, uzlabo \u0101das tonusu, mazina iekaisumus, uzlabo sejas kr\u0101su.<\/li>\n<li><span style=\"color: var(--g5-color-text-main); font-family: var(--g5-body-font); font-size: var(--g5-body-font-size); font-style: var(--g5-body-font-style); letter-spacing: var(--g5-body-letter-spacing); text-transform: var(--g5-body-text-transform);\">C vitam\u012bns &#8211; tam piem\u012bt izteikta antioksidanta iedarb\u012bba, efekt\u012bvi aizsarg\u0101 \u0101du no ultraviolet\u0101 starojuma rad\u012btiem boj\u0101jumiem, inici\u0113 \u0101das pa\u0161u kolag\u0113na veido\u0161anos, pal\u012bdz palielin\u0101t \u0101das elast\u012bbu, elast\u012bbu un mitrin\u0101\u0161anu, pal\u012bdz pal\u0113nin\u0101t glik\u0101cijas (kolag\u0113na \u0161\u0137iedru salip\u0161anas ar glikozi) procesu, kas izraisa \u0101das agr\u012bnu noveco\u0161anos, mazina vecuma plankumus un p\u0113cakne, izl\u012bdzina sejas kr\u0101su un pie\u0161\u0137ir \u0101dai vesel\u012bgu mirdzumu.<\/span><\/li>\n<li><span style=\"color: var(--g5-color-text-main); font-family: var(--g5-body-font); font-size: var(--g5-body-font-size); font-style: var(--g5-body-font-style); letter-spacing: var(--g5-body-letter-spacing); text-transform: var(--g5-body-text-transform);\">Niacinam\u012bds &#8211; stimul\u0113 kolag\u0113na sint\u0113zi, palielina \u0101das aizsargfunkcijas, nom\u0101c transepiderm\u0101lo mitruma zudumu, sa\u0161aurina poras, uzlabo turgoru, nomierina.<\/span><\/li>\n<li><span style=\"color: var(--g5-color-text-main); font-family: var(--g5-body-font); font-size: var(--g5-body-font-size); font-style: var(--g5-body-font-style); letter-spacing: var(--g5-body-letter-spacing); text-transform: var(--g5-body-text-transform);\">Adenoz\u012bns &#8211; iedarbojas atjaunojo\u0161i. Tas savelk \u0101du, uzlabo kolag\u0113na veido\u0161anos, pal\u012bdz samazin\u0101t grumbu skaitu, kav\u0113 \u0101das noveco\u0161an\u0101s procesus.<\/span><\/li>\n<\/ul>\n<p><strong>Lieto\u0161ana<\/strong>: Uzkl\u0101jiet nepiecie\u0161amo seruma daudzumu uz \u0101das, kas ir samitrin\u0101ta ar toniku, un pal\u012bdziet tam ies\u016bkties ar viegl\u0101m nogl\u0101st\u012b\u0161anas kust\u012bb\u0101m.<\/p>\n<p>*Lai pan\u0101ktu dzi\u013c\u0101ku mitrin\u0101\u0161anu, serums j\u0101lieto 3 reizes p\u0113c k\u0101rtas, izmantojot sl\u0101\u0146o\u0161anas metodi.<\/p>\n<p>*Ja serumu lietojat dienas laik\u0101, ieteicams lietot saules aizsargkr\u0113mu.<\/p>\n<p><strong>S\u0101stavs:<\/strong>Fermented Galactomisis Filtrate (75%), Dipropylene Glycol, Glycerin, Ascorbic Acid, Butylene Glycol, 1,2-Hexanediol, Niacinamide, Trometamine, Water, Trehalose, C12-14 Paret-12, Allantoin, Hydroxyethyl Cellulose, Xanthan Gum, Ethylhexylglycerin, Adenosine, Bergamot Oil, Hydrogenated Lecithin , Glycerylacrylate\/ Acrylic acid copolymer, Sodium Hyaluronate, PVM\/MA Copolymer, Polyglyceryl-10 Stearate, Lavender oil, Pentanol, Sodium Ascorbyl phosphate, Phenylethyl Resorcinol, Propolis extract, Aronia fruit extract, Bamboo extract, Rooibos extract, Saccharide Hydrolysate, Maltodextrin, Fig Extract, Date Fruit Extract, White Truffle Extract, Pyridoxine, Guttuinia Extract, Folic Acid, Biotin, Prickly Pear Extract, Cochineal Fruit Extract, Caprylic\/Caprylic Triglyceride, Baobab Seed Extract, Leuconostoc\/Fermented Radish Filtrate, Sparassis Extract, Calendula Extract, Broccoli Extract, Tocopherol, Cyanocobalamin, Blueberry Extract, Cranberry Extract, Blueberry Extract, Raspberry Extract, Raspberry Extract, Black Currant Extract, Acai Extract, Spirulina Extract, Thiamine HL, Linoleic Acid, Inositol, Astaxanthin, Caramel, Linalol, Limonene<\/p>\n<p>&nbsp;<\/p>\n","protected":false},"excerpt":{"rendered":"<p>Izgaismojo\u0161s serums ar C vitam\u012bnu un galaktom\u012bcij\u0101m Some By Mi Galactomyces Pure Vitamin C Glow Serum efekt\u012bvi c\u012bn\u0101s ar pigment\u0101ciju un p\u0113caknes periodu par\u0101d\u012bb\u0101m, izl\u012bdzina \u0101das toni un uzlabo sejas kr\u0101su. Tas maigi p\u012blings, izl\u012bdzina un m\u012bkstina \u0101du. Ieteicams bl\u0101vai un noguru\u0161ai \u0101dai.<\/p>\n","protected":false},"featured_media":16988,"comment_status":"closed","ping_status":"closed","template":"","meta":{"site-sidebar-layout":"default","site-content-layout":"","ast-site-content-layout":"","site-content-style":"default","site-sidebar-style":"default","ast-global-header-display":"","ast-banner-title-visibility":"","ast-main-header-display":"","ast-hfb-above-header-display":"","ast-hfb-below-header-display":"","ast-hfb-mobile-header-display":"","site-post-title":"","ast-breadcrumbs-content":"","ast-featured-img":"","footer-sml-layout":"","theme-transparent-header-meta":"","adv-header-id-meta":"","stick-header-meta":"","header-above-stick-meta":"","header-main-stick-meta":"","header-below-stick-meta":"","astra-migrate-meta-layouts":"default","ast-page-background-enabled":"default","ast-page-background-meta":{"desktop":{"background-color":"var(--ast-global-color-4)","background-image":"","background-repeat":"repeat","background-position":"center center","background-size":"auto","background-attachment":"scroll","background-type":"","background-media":"","overlay-type":"","overlay-color":"","overlay-opacity":"","overlay-gradient":""},"tablet":{"background-color":"","background-image":"","background-repeat":"repeat","background-position":"center center","background-size":"auto","background-attachment":"scroll","background-type":"","background-media":"","overlay-type":"","overlay-color":"","overlay-opacity":"","overlay-gradient":""},"mobile":{"background-color":"","background-image":"","background-repeat":"repeat","background-position":"center center","background-size":"auto","background-attachment":"scroll","background-type":"","background-media":"","overlay-type":"","overlay-color":"","overlay-opacity":"","overlay-gradient":""}},"ast-content-background-meta":{"desktop":{"background-color":"var(--ast-global-color-5)","background-image":"","background-repeat":"repeat","background-position":"center center","background-size":"auto","background-attachment":"scroll","background-type":"","background-media":"","overlay-type":"","overlay-color":"","overlay-opacity":"","overlay-gradient":""},"tablet":{"background-color":"var(--ast-global-color-5)","background-image":"","background-repeat":"repeat","background-position":"center center","background-size":"auto","background-attachment":"scroll","background-type":"","background-media":"","overlay-type":"","overlay-color":"","overlay-opacity":"","overlay-gradient":""},"mobile":{"background-color":"var(--ast-global-color-5)","background-image":"","background-repeat":"repeat","background-position":"center center","background-size":"auto","background-attachment":"scroll","background-type":"","background-media":"","overlay-type":"","overlay-color":"","overlay-opacity":"","overlay-gradient":""}}},"product_brand":[],"product_cat":[370,371,373,374,363],"product_tag":[],"berocket_brand":[581],"class_list":{"0":"post-16987","1":"product","2":"type-product","3":"status-publish","4":"has-post-thumbnail","6":"product_cat-adas-mirdzumam","7":"product_cat-anti-age","8":"product_cat-poras-sasaurinoss","9":"product_cat-pret-pinnem","10":"product_cat-serumi","11":"berocket_brand-some-by-mi","12":"desktop-align-left","13":"tablet-align-left","14":"mobile-align-left","16":"first","17":"outofstock","18":"taxable","19":"shipping-taxable","20":"purchasable","21":"product-type-simple","22":"add-to-wishlist-before_image"},"yoast_head":"<!-- This site is optimized with the Yoast SEO plugin v27.3 - https:\/\/yoast.com\/product\/yoast-seo-wordpress\/ -->\n<title>Some By Mi Galactomyces Pure Vitamin C Glow Serum 30ml - FACECORNER<\/title>\n<meta name=\"description\" content=\"Izgaismojo\u0161s serums ar C vitam\u012bnu un galaktom\u012bcij\u0101m Some By Mi Galactomyces Pure Vitamin C Glow Serum efekt\u012bvi c\u012bn\u0101s ar pigment\u0101ciju.\" \/>\n<meta name=\"robots\" content=\"index, follow, max-snippet:-1, max-image-preview:large, max-video-preview:-1\" \/>\n<link rel=\"canonical\" href=\"https:\/\/www.facecorner.lv\/lv\/shop\/some-by-mi-galactomyces-pure-vitamin-c-glow-serum-30ml\/\" \/>\n<meta property=\"og:locale\" content=\"lv_LV\" \/>\n<meta property=\"og:type\" content=\"article\" \/>\n<meta property=\"og:title\" content=\"Some By Mi Galactomyces Pure Vitamin C Glow Serum 30ml - FACECORNER\" \/>\n<meta property=\"og:description\" content=\"Izgaismojo\u0161s serums ar C vitam\u012bnu un galaktom\u012bcij\u0101m Some By Mi Galactomyces Pure Vitamin C Glow Serum efekt\u012bvi c\u012bn\u0101s ar pigment\u0101ciju.\" \/>\n<meta property=\"og:url\" content=\"https:\/\/www.facecorner.lv\/lv\/shop\/some-by-mi-galactomyces-pure-vitamin-c-glow-serum-30ml\/\" \/>\n<meta property=\"og:site_name\" content=\"FACECORNER\" \/>\n<meta property=\"article:publisher\" content=\"https:\/\/www.facebook.com\/profile.php?id=100063824551839\" \/>\n<meta property=\"article:modified_time\" content=\"2024-12-02T20:22:19+00:00\" \/>\n<meta property=\"og:image\" content=\"https:\/\/www.facecorner.lv\/wp-content\/uploads\/2024\/05\/somebymigalactomycespurevitamincglowserum111.jpg.webp\" \/>\n\t<meta property=\"og:image:width\" content=\"1000\" \/>\n\t<meta property=\"og:image:height\" content=\"1000\" \/>\n\t<meta property=\"og:image:type\" content=\"image\/webp\" \/>\n<meta name=\"twitter:card\" content=\"summary_large_image\" \/>\n<meta name=\"twitter:label1\" content=\"Price\" \/>\n\t<meta name=\"twitter:data1\" content=\"&euro;21.90\" \/>\n\t<meta name=\"twitter:label2\" content=\"Availability\" \/>\n\t<meta name=\"twitter:data2\" content=\"Out of stock\" \/>\n<script type=\"application\/ld+json\" class=\"yoast-schema-graph\">{\"@context\":\"https:\\\/\\\/schema.org\",\"@graph\":[{\"@type\":\"WebPage\",\"@id\":\"https:\\\/\\\/www.facecorner.lv\\\/shop\\\/some-by-mi-galactomyces-pure-vitamin-c-glow-serum-30ml\\\/\",\"url\":\"https:\\\/\\\/www.facecorner.lv\\\/shop\\\/some-by-mi-galactomyces-pure-vitamin-c-glow-serum-30ml\\\/\",\"name\":\"Some By Mi Galactomyces Pure Vitamin C Glow Serum 30ml - FACECORNER\",\"isPartOf\":{\"@id\":\"https:\\\/\\\/www.facecorner.lv\\\/#website\"},\"primaryImageOfPage\":{\"@id\":\"https:\\\/\\\/www.facecorner.lv\\\/shop\\\/some-by-mi-galactomyces-pure-vitamin-c-glow-serum-30ml\\\/#primaryimage\"},\"image\":{\"@id\":\"https:\\\/\\\/www.facecorner.lv\\\/shop\\\/some-by-mi-galactomyces-pure-vitamin-c-glow-serum-30ml\\\/#primaryimage\"},\"thumbnailUrl\":\"https:\\\/\\\/www.facecorner.lv\\\/wp-content\\\/uploads\\\/2024\\\/05\\\/somebymigalactomycespurevitamincglowserum111.jpg.webp\",\"datePublished\":\"2024-05-31T19:11:36+00:00\",\"dateModified\":\"2024-12-02T20:22:19+00:00\",\"description\":\"Izgaismojo\u0161s serums ar C vitam\u012bnu un galaktom\u012bcij\u0101m Some By Mi Galactomyces Pure Vitamin C Glow Serum efekt\u012bvi c\u012bn\u0101s ar pigment\u0101ciju.\",\"breadcrumb\":{\"@id\":\"https:\\\/\\\/www.facecorner.lv\\\/shop\\\/some-by-mi-galactomyces-pure-vitamin-c-glow-serum-30ml\\\/#breadcrumb\"},\"inLanguage\":\"lv-LV\",\"potentialAction\":[{\"@type\":\"ReadAction\",\"target\":[\"https:\\\/\\\/www.facecorner.lv\\\/shop\\\/some-by-mi-galactomyces-pure-vitamin-c-glow-serum-30ml\\\/\"]}]},{\"@type\":\"ImageObject\",\"inLanguage\":\"lv-LV\",\"@id\":\"https:\\\/\\\/www.facecorner.lv\\\/shop\\\/some-by-mi-galactomyces-pure-vitamin-c-glow-serum-30ml\\\/#primaryimage\",\"url\":\"https:\\\/\\\/www.facecorner.lv\\\/wp-content\\\/uploads\\\/2024\\\/05\\\/somebymigalactomycespurevitamincglowserum111.jpg.webp\",\"contentUrl\":\"https:\\\/\\\/www.facecorner.lv\\\/wp-content\\\/uploads\\\/2024\\\/05\\\/somebymigalactomycespurevitamincglowserum111.jpg.webp\",\"width\":1000,\"height\":1000,\"caption\":\"Some By Mi Galactomyces Pure Vitamin C Glow Serum\"},{\"@type\":\"BreadcrumbList\",\"@id\":\"https:\\\/\\\/www.facecorner.lv\\\/shop\\\/some-by-mi-galactomyces-pure-vitamin-c-glow-serum-30ml\\\/#breadcrumb\",\"itemListElement\":[{\"@type\":\"ListItem\",\"position\":1,\"name\":\"Home\",\"item\":\"https:\\\/\\\/www.facecorner.lv\\\/\"},{\"@type\":\"ListItem\",\"position\":2,\"name\":\"Veikals\",\"item\":\"https:\\\/\\\/www.facecorner.lv\\\/shop\\\/\"},{\"@type\":\"ListItem\",\"position\":3,\"name\":\"Some By Mi Galactomyces Pure Vitamin C Glow Serum 30ml\"}]},{\"@type\":\"WebSite\",\"@id\":\"https:\\\/\\\/www.facecorner.lv\\\/#website\",\"url\":\"https:\\\/\\\/www.facecorner.lv\\\/\",\"name\":\"Facecorner\",\"description\":\"\",\"publisher\":{\"@id\":\"https:\\\/\\\/www.facecorner.lv\\\/#organization\"},\"potentialAction\":[{\"@type\":\"SearchAction\",\"target\":{\"@type\":\"EntryPoint\",\"urlTemplate\":\"https:\\\/\\\/www.facecorner.lv\\\/?s={search_term_string}\"},\"query-input\":{\"@type\":\"PropertyValueSpecification\",\"valueRequired\":true,\"valueName\":\"search_term_string\"}}],\"inLanguage\":\"lv-LV\"},{\"@type\":\"Organization\",\"@id\":\"https:\\\/\\\/www.facecorner.lv\\\/#organization\",\"name\":\"Facecorner\",\"url\":\"https:\\\/\\\/www.facecorner.lv\\\/\",\"logo\":{\"@type\":\"ImageObject\",\"inLanguage\":\"lv-LV\",\"@id\":\"https:\\\/\\\/www.facecorner.lv\\\/#\\\/schema\\\/logo\\\/image\\\/\",\"url\":\"https:\\\/\\\/www.facecorner.lv\\\/wp-content\\\/uploads\\\/2024\\\/04\\\/fc-logo.jpg\",\"contentUrl\":\"https:\\\/\\\/www.facecorner.lv\\\/wp-content\\\/uploads\\\/2024\\\/04\\\/fc-logo.jpg\",\"width\":174,\"height\":28,\"caption\":\"Facecorner\"},\"image\":{\"@id\":\"https:\\\/\\\/www.facecorner.lv\\\/#\\\/schema\\\/logo\\\/image\\\/\"},\"sameAs\":[\"https:\\\/\\\/www.facebook.com\\\/profile.php?id=100063824551839\",\"https:\\\/\\\/www.instagram.com\\\/facecorner_shop\\\/\"]}]}<\/script>\n<meta property=\"product:price:amount\" content=\"21.90\" \/>\n<meta property=\"product:price:currency\" content=\"EUR\" \/>\n<meta property=\"og:availability\" content=\"out of stock\" \/>\n<meta property=\"product:availability\" content=\"out of stock\" \/>\n<meta property=\"product:condition\" content=\"new\" \/>\n<!-- \/ Yoast SEO plugin. -->","yoast_head_json":{"title":"Some By Mi Galactomyces Pure Vitamin C Glow Serum 30ml - FACECORNER","description":"Izgaismojo\u0161s serums ar C vitam\u012bnu un galaktom\u012bcij\u0101m Some By Mi Galactomyces Pure Vitamin C Glow Serum efekt\u012bvi c\u012bn\u0101s ar pigment\u0101ciju.","robots":{"index":"index","follow":"follow","max-snippet":"max-snippet:-1","max-image-preview":"max-image-preview:large","max-video-preview":"max-video-preview:-1"},"canonical":"https:\/\/www.facecorner.lv\/lv\/shop\/some-by-mi-galactomyces-pure-vitamin-c-glow-serum-30ml\/","og_locale":"lv_LV","og_type":"article","og_title":"Some By Mi Galactomyces Pure Vitamin C Glow Serum 30ml - FACECORNER","og_description":"Izgaismojo\u0161s serums ar C vitam\u012bnu un galaktom\u012bcij\u0101m Some By Mi Galactomyces Pure Vitamin C Glow Serum efekt\u012bvi c\u012bn\u0101s ar pigment\u0101ciju.","og_url":"https:\/\/www.facecorner.lv\/lv\/shop\/some-by-mi-galactomyces-pure-vitamin-c-glow-serum-30ml\/","og_site_name":"FACECORNER","article_publisher":"https:\/\/www.facebook.com\/profile.php?id=100063824551839","article_modified_time":"2024-12-02T20:22:19+00:00","og_image":[{"width":1000,"height":1000,"url":"https:\/\/www.facecorner.lv\/wp-content\/uploads\/2024\/05\/somebymigalactomycespurevitamincglowserum111.jpg.webp","type":"image\/webp"}],"twitter_card":"summary_large_image","twitter_misc":{"Price":"&euro;21.90","Availability":"Out of stock"},"schema":{"@context":"https:\/\/schema.org","@graph":[{"@type":"WebPage","@id":"https:\/\/www.facecorner.lv\/shop\/some-by-mi-galactomyces-pure-vitamin-c-glow-serum-30ml\/","url":"https:\/\/www.facecorner.lv\/shop\/some-by-mi-galactomyces-pure-vitamin-c-glow-serum-30ml\/","name":"Some By Mi Galactomyces Pure Vitamin C Glow Serum 30ml - FACECORNER","isPartOf":{"@id":"https:\/\/www.facecorner.lv\/#website"},"primaryImageOfPage":{"@id":"https:\/\/www.facecorner.lv\/shop\/some-by-mi-galactomyces-pure-vitamin-c-glow-serum-30ml\/#primaryimage"},"image":{"@id":"https:\/\/www.facecorner.lv\/shop\/some-by-mi-galactomyces-pure-vitamin-c-glow-serum-30ml\/#primaryimage"},"thumbnailUrl":"https:\/\/www.facecorner.lv\/wp-content\/uploads\/2024\/05\/somebymigalactomycespurevitamincglowserum111.jpg.webp","datePublished":"2024-05-31T19:11:36+00:00","dateModified":"2024-12-02T20:22:19+00:00","description":"Izgaismojo\u0161s serums ar C vitam\u012bnu un galaktom\u012bcij\u0101m Some By Mi Galactomyces Pure Vitamin C Glow Serum efekt\u012bvi c\u012bn\u0101s ar pigment\u0101ciju.","breadcrumb":{"@id":"https:\/\/www.facecorner.lv\/shop\/some-by-mi-galactomyces-pure-vitamin-c-glow-serum-30ml\/#breadcrumb"},"inLanguage":"lv-LV","potentialAction":[{"@type":"ReadAction","target":["https:\/\/www.facecorner.lv\/shop\/some-by-mi-galactomyces-pure-vitamin-c-glow-serum-30ml\/"]}]},{"@type":"ImageObject","inLanguage":"lv-LV","@id":"https:\/\/www.facecorner.lv\/shop\/some-by-mi-galactomyces-pure-vitamin-c-glow-serum-30ml\/#primaryimage","url":"https:\/\/www.facecorner.lv\/wp-content\/uploads\/2024\/05\/somebymigalactomycespurevitamincglowserum111.jpg.webp","contentUrl":"https:\/\/www.facecorner.lv\/wp-content\/uploads\/2024\/05\/somebymigalactomycespurevitamincglowserum111.jpg.webp","width":1000,"height":1000,"caption":"Some By Mi Galactomyces Pure Vitamin C Glow Serum"},{"@type":"BreadcrumbList","@id":"https:\/\/www.facecorner.lv\/shop\/some-by-mi-galactomyces-pure-vitamin-c-glow-serum-30ml\/#breadcrumb","itemListElement":[{"@type":"ListItem","position":1,"name":"Home","item":"https:\/\/www.facecorner.lv\/"},{"@type":"ListItem","position":2,"name":"Veikals","item":"https:\/\/www.facecorner.lv\/shop\/"},{"@type":"ListItem","position":3,"name":"Some By Mi Galactomyces Pure Vitamin C Glow Serum 30ml"}]},{"@type":"WebSite","@id":"https:\/\/www.facecorner.lv\/#website","url":"https:\/\/www.facecorner.lv\/","name":"Facecorner","description":"","publisher":{"@id":"https:\/\/www.facecorner.lv\/#organization"},"potentialAction":[{"@type":"SearchAction","target":{"@type":"EntryPoint","urlTemplate":"https:\/\/www.facecorner.lv\/?s={search_term_string}"},"query-input":{"@type":"PropertyValueSpecification","valueRequired":true,"valueName":"search_term_string"}}],"inLanguage":"lv-LV"},{"@type":"Organization","@id":"https:\/\/www.facecorner.lv\/#organization","name":"Facecorner","url":"https:\/\/www.facecorner.lv\/","logo":{"@type":"ImageObject","inLanguage":"lv-LV","@id":"https:\/\/www.facecorner.lv\/#\/schema\/logo\/image\/","url":"https:\/\/www.facecorner.lv\/wp-content\/uploads\/2024\/04\/fc-logo.jpg","contentUrl":"https:\/\/www.facecorner.lv\/wp-content\/uploads\/2024\/04\/fc-logo.jpg","width":174,"height":28,"caption":"Facecorner"},"image":{"@id":"https:\/\/www.facecorner.lv\/#\/schema\/logo\/image\/"},"sameAs":["https:\/\/www.facebook.com\/profile.php?id=100063824551839","https:\/\/www.instagram.com\/facecorner_shop\/"]}]},"product_price_amount":"21.90","product_price_currency":"EUR","og_availability":"out of stock","product_availability":"out of stock","product_condition":"new"},"_links":{"self":[{"href":"https:\/\/www.facecorner.lv\/lv\/wp-json\/wp\/v2\/product\/16987","targetHints":{"allow":["GET"]}}],"collection":[{"href":"https:\/\/www.facecorner.lv\/lv\/wp-json\/wp\/v2\/product"}],"about":[{"href":"https:\/\/www.facecorner.lv\/lv\/wp-json\/wp\/v2\/types\/product"}],"replies":[{"embeddable":true,"href":"https:\/\/www.facecorner.lv\/lv\/wp-json\/wp\/v2\/comments?post=16987"}],"wp:featuredmedia":[{"embeddable":true,"href":"https:\/\/www.facecorner.lv\/lv\/wp-json\/wp\/v2\/media\/16988"}],"wp:attachment":[{"href":"https:\/\/www.facecorner.lv\/lv\/wp-json\/wp\/v2\/media?parent=16987"}],"wp:term":[{"taxonomy":"product_brand","embeddable":true,"href":"https:\/\/www.facecorner.lv\/lv\/wp-json\/wp\/v2\/product_brand?post=16987"},{"taxonomy":"product_cat","embeddable":true,"href":"https:\/\/www.facecorner.lv\/lv\/wp-json\/wp\/v2\/product_cat?post=16987"},{"taxonomy":"product_tag","embeddable":true,"href":"https:\/\/www.facecorner.lv\/lv\/wp-json\/wp\/v2\/product_tag?post=16987"},{"taxonomy":"berocket_brand","embeddable":true,"href":"https:\/\/www.facecorner.lv\/lv\/wp-json\/wp\/v2\/berocket_brand?post=16987"}],"curies":[{"name":"wp","href":"https:\/\/api.w.org\/{rel}","templated":true}]}}