{"id":15685,"date":"2024-05-16T20:30:38","date_gmt":"2024-05-16T18:30:38","guid":{"rendered":"https:\/\/www.facecorner.lv\/?post_type=product&#038;p=15685"},"modified":"2024-07-10T13:06:49","modified_gmt":"2024-07-10T11:06:49","slug":"vitamin-c-brightening-ampoule-30ml","status":"publish","type":"product","link":"https:\/\/www.facecorner.lv\/lv\/shop\/vitamin-c-brightening-ampoule-30ml\/","title":{"rendered":"Commonlabs Vitamin C Brightening Ampoule 30ml"},"content":{"rendered":"<p>Commonlabs Vitamin C Brightening Ampoule Izgaismo \u0101du, nodro\u0161inot to ar bag\u0101t\u012bgu un daudzveid\u012bgu vitam\u012bnu uzturu.<\/p>\n<p>Sp\u0113c\u012bgas vitam\u012bnu uzturvielas, izmantojot vitam\u012bnu koka \u016bdeni, kas ieg\u016bts no sen\u0101k\u0101 auga uz zemes &#8211; vitam\u012bnu koka.<\/p>\n<p>Lai mazin\u0101tu iesp\u0113jamo kairin\u0101jumu, \u0161aj\u0101 ampul\u0101 ir t\u012bra C vitam\u012bna (1ppm) un C vitam\u012bna atvasin\u0101jumu (2499ppm) mais\u012bjums &#8211; ikdienas kop\u0161anai atbilsto\u0161s daudzums.<\/p>\n<p>Formula uz \u016bdens b\u0101zes, kas atst\u0101j elast\u012bgu, atsvaidzino\u0161u un gludu fini\u0161u, bet nav lip\u012bga.<\/p>\n<div>\n<p><strong>K\u0101 lietot : <\/strong>P\u0113c att\u012br\u012b\u0161anas uzkl\u0101jiet seruma atbilsto\u0161\u0101 daudzum\u0101 uz \u0101das un \u013caujiet tam ies\u016bkties.<\/p>\n<p><strong>Sast\u0101vs: \u00a0<\/strong>Hippophae Rhamnoides Water, Water, Dipropylene Glycol, Glycerin, Butylene Glycol, 1,2-Hexanediol, Niacinamide, Polyglyceryl-10 Laurate, Saccharide Isomerate, Trehalose, Citrus Junos Peel Oil, 3-O-Ethyl Ascorbic Acid, Allantoin, Carbomer, Arginine, Hydroxyethylcellulose, Ethylhexylglycerin, Melia Azadirachta Leaf Extract, Melia Azadirachta Flower Extract, Glyceryl Acrylate\/ Acrylic Acid Copolymer, Curcuma Longa (Turmeric) Root Extract, Disodium EDTA, Citric Acid, Sodium Citrate, Ocimum Sanctum Leaf Extract, Corallina Officinalis Extract, Polyglutamic Acid, Maltodextrin, Saccharide Hydrolysate, Ananas Sativus (Pineapple) Fruit Extract, Pyrus Malus (Apple) Fruit Extract, Vitis Vinifera (Grape) Fruit Extract, Actinidia Chinensis (Kiwi) Fruit Extract, Prunus Persica (Peach) Fruit Extract, Fragaria Vesca (Strawberry) Fruit Extract, Rubus Fruticosus (Blackberry) Fruit Extract, Ascorbic Acid, Caprylic\/Capric Triglyceride, Hydrogenated Lecithin, Vaccinium Myrtillus Fruit Extract, Vaccinium Angustifolium (Blueberry) Fruit Extract, Vaccinium VitisIdaea Fruit Extract, Rubus Idaeus (Raspberry) Fruit Extract, Citrus Junos Fruit Extract, Chaenomeles Sinensis Fruit Extract, Citrus Aurantium Dulcis (Orange) Flower Extract, Melissa Officinalis Extract, Astaxanthin, Limonene, Linalool_<\/p>\n<\/div>\n","protected":false},"excerpt":{"rendered":"<p>Commonlabs Vitamin C Brightening Ampoule Izgaismo \u0101du, nodro\u0161inot to ar bag\u0101t\u012bgu un daudzveid\u012bgu vitam\u012bnu uzturu.<\/p>\n","protected":false},"featured_media":15686,"comment_status":"closed","ping_status":"closed","template":"","meta":{"site-sidebar-layout":"default","site-content-layout":"","ast-site-content-layout":"","site-content-style":"default","site-sidebar-style":"default","ast-global-header-display":"","ast-banner-title-visibility":"","ast-main-header-display":"","ast-hfb-above-header-display":"","ast-hfb-below-header-display":"","ast-hfb-mobile-header-display":"","site-post-title":"","ast-breadcrumbs-content":"","ast-featured-img":"","footer-sml-layout":"","theme-transparent-header-meta":"","adv-header-id-meta":"","stick-header-meta":"","header-above-stick-meta":"","header-main-stick-meta":"","header-below-stick-meta":"","astra-migrate-meta-layouts":"default","ast-page-background-enabled":"default","ast-page-background-meta":{"desktop":{"background-color":"var(--ast-global-color-4)","background-image":"","background-repeat":"repeat","background-position":"center center","background-size":"auto","background-attachment":"scroll","background-type":"","background-media":"","overlay-type":"","overlay-color":"","overlay-opacity":"","overlay-gradient":""},"tablet":{"background-color":"","background-image":"","background-repeat":"repeat","background-position":"center center","background-size":"auto","background-attachment":"scroll","background-type":"","background-media":"","overlay-type":"","overlay-color":"","overlay-opacity":"","overlay-gradient":""},"mobile":{"background-color":"","background-image":"","background-repeat":"repeat","background-position":"center center","background-size":"auto","background-attachment":"scroll","background-type":"","background-media":"","overlay-type":"","overlay-color":"","overlay-opacity":"","overlay-gradient":""}},"ast-content-background-meta":{"desktop":{"background-color":"var(--ast-global-color-5)","background-image":"","background-repeat":"repeat","background-position":"center center","background-size":"auto","background-attachment":"scroll","background-type":"","background-media":"","overlay-type":"","overlay-color":"","overlay-opacity":"","overlay-gradient":""},"tablet":{"background-color":"var(--ast-global-color-5)","background-image":"","background-repeat":"repeat","background-position":"center center","background-size":"auto","background-attachment":"scroll","background-type":"","background-media":"","overlay-type":"","overlay-color":"","overlay-opacity":"","overlay-gradient":""},"mobile":{"background-color":"var(--ast-global-color-5)","background-image":"","background-repeat":"repeat","background-position":"center center","background-size":"auto","background-attachment":"scroll","background-type":"","background-media":"","overlay-type":"","overlay-color":"","overlay-opacity":"","overlay-gradient":""}}},"product_brand":[],"product_cat":[370,371,372,373,374,363],"product_tag":[],"berocket_brand":[],"class_list":{"0":"post-15685","1":"product","2":"type-product","3":"status-publish","4":"has-post-thumbnail","6":"product_cat-adas-mirdzumam","7":"product_cat-anti-age","8":"product_cat-jutigai-adai-serumi","9":"product_cat-poras-sasaurinoss","10":"product_cat-pret-pinnem","11":"product_cat-serumi","12":"desktop-align-left","13":"tablet-align-left","14":"mobile-align-left","16":"first","17":"outofstock","18":"taxable","19":"shipping-taxable","20":"purchasable","21":"product-type-simple","22":"add-to-wishlist-before_image"},"yoast_head":"<!-- This site is optimized with the Yoast SEO plugin v27.4 - https:\/\/yoast.com\/product\/yoast-seo-wordpress\/ -->\n<title>Commonlabs Vitamin C Brightening Ampoule 30ml - FACECORNER<\/title>\n<meta name=\"description\" content=\"Commonlabs Vitamin C Brightening Ampoule Izgaismo \u0101du, nodro\u0161inot to ar bag\u0101t\u012bgu un daudzveid\u012bgu vitam\u012bnu uzturu izmantojot vitam\u012bnu koka \u016bdeni.\" \/>\n<meta name=\"robots\" content=\"index, follow, max-snippet:-1, max-image-preview:large, max-video-preview:-1\" \/>\n<link rel=\"canonical\" href=\"https:\/\/www.facecorner.lv\/lv\/shop\/vitamin-c-brightening-ampoule-30ml\/\" \/>\n<meta property=\"og:locale\" content=\"lv_LV\" \/>\n<meta property=\"og:type\" content=\"article\" \/>\n<meta property=\"og:title\" content=\"Commonlabs Vitamin C Brightening Ampoule 30ml - FACECORNER\" \/>\n<meta property=\"og:description\" content=\"Commonlabs Vitamin C Brightening Ampoule Izgaismo \u0101du, nodro\u0161inot to ar bag\u0101t\u012bgu un daudzveid\u012bgu vitam\u012bnu uzturu izmantojot vitam\u012bnu koka \u016bdeni.\" \/>\n<meta property=\"og:url\" content=\"https:\/\/www.facecorner.lv\/lv\/shop\/vitamin-c-brightening-ampoule-30ml\/\" \/>\n<meta property=\"og:site_name\" content=\"FACECORNER\" \/>\n<meta property=\"article:publisher\" content=\"https:\/\/www.facebook.com\/profile.php?id=100063824551839\" \/>\n<meta property=\"article:modified_time\" content=\"2024-07-10T11:06:49+00:00\" \/>\n<meta property=\"og:image\" content=\"https:\/\/www.facecorner.lv\/wp-content\/uploads\/2024\/05\/XL_p0200240890.jpg.webp\" \/>\n\t<meta property=\"og:image:width\" content=\"500\" \/>\n\t<meta property=\"og:image:height\" content=\"500\" \/>\n\t<meta property=\"og:image:type\" content=\"image\/webp\" \/>\n<meta name=\"twitter:card\" content=\"summary_large_image\" \/>\n<meta name=\"twitter:label1\" content=\"Price\" \/>\n\t<meta name=\"twitter:data1\" content=\"&euro;31.00\" \/>\n\t<meta name=\"twitter:label2\" content=\"Availability\" \/>\n\t<meta name=\"twitter:data2\" content=\"Out of stock\" \/>\n<script type=\"application\/ld+json\" class=\"yoast-schema-graph\">{\"@context\":\"https:\\\/\\\/schema.org\",\"@graph\":[{\"@type\":\"WebPage\",\"@id\":\"https:\\\/\\\/www.facecorner.lv\\\/ru\\\/shop\\\/vitamin-c-brightening-ampoule-30ml\\\/\",\"url\":\"https:\\\/\\\/www.facecorner.lv\\\/ru\\\/shop\\\/vitamin-c-brightening-ampoule-30ml\\\/\",\"name\":\"Commonlabs Vitamin C Brightening Ampoule 30ml - FACECORNER\",\"isPartOf\":{\"@id\":\"https:\\\/\\\/www.facecorner.lv\\\/#website\"},\"primaryImageOfPage\":{\"@id\":\"https:\\\/\\\/www.facecorner.lv\\\/ru\\\/shop\\\/vitamin-c-brightening-ampoule-30ml\\\/#primaryimage\"},\"image\":{\"@id\":\"https:\\\/\\\/www.facecorner.lv\\\/ru\\\/shop\\\/vitamin-c-brightening-ampoule-30ml\\\/#primaryimage\"},\"thumbnailUrl\":\"https:\\\/\\\/www.facecorner.lv\\\/wp-content\\\/uploads\\\/2024\\\/05\\\/XL_p0200240890.jpg.webp\",\"datePublished\":\"2024-05-16T18:30:38+00:00\",\"dateModified\":\"2024-07-10T11:06:49+00:00\",\"description\":\"Commonlabs Vitamin C Brightening Ampoule Izgaismo \u0101du, nodro\u0161inot to ar bag\u0101t\u012bgu un daudzveid\u012bgu vitam\u012bnu uzturu izmantojot vitam\u012bnu koka \u016bdeni.\",\"breadcrumb\":{\"@id\":\"https:\\\/\\\/www.facecorner.lv\\\/ru\\\/shop\\\/vitamin-c-brightening-ampoule-30ml\\\/#breadcrumb\"},\"inLanguage\":\"lv-LV\",\"potentialAction\":[{\"@type\":\"ReadAction\",\"target\":[\"https:\\\/\\\/www.facecorner.lv\\\/ru\\\/shop\\\/vitamin-c-brightening-ampoule-30ml\\\/\"]}]},{\"@type\":\"ImageObject\",\"inLanguage\":\"lv-LV\",\"@id\":\"https:\\\/\\\/www.facecorner.lv\\\/ru\\\/shop\\\/vitamin-c-brightening-ampoule-30ml\\\/#primaryimage\",\"url\":\"https:\\\/\\\/www.facecorner.lv\\\/wp-content\\\/uploads\\\/2024\\\/05\\\/XL_p0200240890.jpg.webp\",\"contentUrl\":\"https:\\\/\\\/www.facecorner.lv\\\/wp-content\\\/uploads\\\/2024\\\/05\\\/XL_p0200240890.jpg.webp\",\"width\":500,\"height\":500,\"caption\":\"Commonlabs Vitamin C Brightening Ampoule\"},{\"@type\":\"BreadcrumbList\",\"@id\":\"https:\\\/\\\/www.facecorner.lv\\\/ru\\\/shop\\\/vitamin-c-brightening-ampoule-30ml\\\/#breadcrumb\",\"itemListElement\":[{\"@type\":\"ListItem\",\"position\":1,\"name\":\"Home\",\"item\":\"https:\\\/\\\/www.facecorner.lv\\\/\"},{\"@type\":\"ListItem\",\"position\":2,\"name\":\"Veikals\",\"item\":\"https:\\\/\\\/www.facecorner.lv\\\/shop\\\/\"},{\"@type\":\"ListItem\",\"position\":3,\"name\":\"Commonlabs Vitamin C Brightening Ampoule 30ml\"}]},{\"@type\":\"WebSite\",\"@id\":\"https:\\\/\\\/www.facecorner.lv\\\/#website\",\"url\":\"https:\\\/\\\/www.facecorner.lv\\\/\",\"name\":\"Facecorner\",\"description\":\"\",\"publisher\":{\"@id\":\"https:\\\/\\\/www.facecorner.lv\\\/#organization\"},\"potentialAction\":[{\"@type\":\"SearchAction\",\"target\":{\"@type\":\"EntryPoint\",\"urlTemplate\":\"https:\\\/\\\/www.facecorner.lv\\\/?s={search_term_string}\"},\"query-input\":{\"@type\":\"PropertyValueSpecification\",\"valueRequired\":true,\"valueName\":\"search_term_string\"}}],\"inLanguage\":\"lv-LV\"},{\"@type\":\"Organization\",\"@id\":\"https:\\\/\\\/www.facecorner.lv\\\/#organization\",\"name\":\"Facecorner\",\"url\":\"https:\\\/\\\/www.facecorner.lv\\\/\",\"logo\":{\"@type\":\"ImageObject\",\"inLanguage\":\"lv-LV\",\"@id\":\"https:\\\/\\\/www.facecorner.lv\\\/#\\\/schema\\\/logo\\\/image\\\/\",\"url\":\"https:\\\/\\\/www.facecorner.lv\\\/wp-content\\\/uploads\\\/2024\\\/04\\\/fc-logo.jpg\",\"contentUrl\":\"https:\\\/\\\/www.facecorner.lv\\\/wp-content\\\/uploads\\\/2024\\\/04\\\/fc-logo.jpg\",\"width\":174,\"height\":28,\"caption\":\"Facecorner\"},\"image\":{\"@id\":\"https:\\\/\\\/www.facecorner.lv\\\/#\\\/schema\\\/logo\\\/image\\\/\"},\"sameAs\":[\"https:\\\/\\\/www.facebook.com\\\/profile.php?id=100063824551839\",\"https:\\\/\\\/www.instagram.com\\\/facecorner_shop\\\/\"]}]}<\/script>\n<meta property=\"product:price:amount\" content=\"31.00\" \/>\n<meta property=\"product:price:currency\" content=\"EUR\" \/>\n<meta property=\"og:availability\" content=\"out of stock\" \/>\n<meta property=\"product:availability\" content=\"out of stock\" \/>\n<meta property=\"product:condition\" content=\"new\" \/>\n<!-- \/ Yoast SEO plugin. -->","yoast_head_json":{"title":"Commonlabs Vitamin C Brightening Ampoule 30ml - FACECORNER","description":"Commonlabs Vitamin C Brightening Ampoule Izgaismo \u0101du, nodro\u0161inot to ar bag\u0101t\u012bgu un daudzveid\u012bgu vitam\u012bnu uzturu izmantojot vitam\u012bnu koka \u016bdeni.","robots":{"index":"index","follow":"follow","max-snippet":"max-snippet:-1","max-image-preview":"max-image-preview:large","max-video-preview":"max-video-preview:-1"},"canonical":"https:\/\/www.facecorner.lv\/lv\/shop\/vitamin-c-brightening-ampoule-30ml\/","og_locale":"lv_LV","og_type":"article","og_title":"Commonlabs Vitamin C Brightening Ampoule 30ml - FACECORNER","og_description":"Commonlabs Vitamin C Brightening Ampoule Izgaismo \u0101du, nodro\u0161inot to ar bag\u0101t\u012bgu un daudzveid\u012bgu vitam\u012bnu uzturu izmantojot vitam\u012bnu koka \u016bdeni.","og_url":"https:\/\/www.facecorner.lv\/lv\/shop\/vitamin-c-brightening-ampoule-30ml\/","og_site_name":"FACECORNER","article_publisher":"https:\/\/www.facebook.com\/profile.php?id=100063824551839","article_modified_time":"2024-07-10T11:06:49+00:00","og_image":[{"width":500,"height":500,"url":"https:\/\/www.facecorner.lv\/wp-content\/uploads\/2024\/05\/XL_p0200240890.jpg.webp","type":"image\/webp"}],"twitter_card":"summary_large_image","twitter_misc":{"Price":"&euro;31.00","Availability":"Out of stock"},"schema":{"@context":"https:\/\/schema.org","@graph":[{"@type":"WebPage","@id":"https:\/\/www.facecorner.lv\/ru\/shop\/vitamin-c-brightening-ampoule-30ml\/","url":"https:\/\/www.facecorner.lv\/ru\/shop\/vitamin-c-brightening-ampoule-30ml\/","name":"Commonlabs Vitamin C Brightening Ampoule 30ml - FACECORNER","isPartOf":{"@id":"https:\/\/www.facecorner.lv\/#website"},"primaryImageOfPage":{"@id":"https:\/\/www.facecorner.lv\/ru\/shop\/vitamin-c-brightening-ampoule-30ml\/#primaryimage"},"image":{"@id":"https:\/\/www.facecorner.lv\/ru\/shop\/vitamin-c-brightening-ampoule-30ml\/#primaryimage"},"thumbnailUrl":"https:\/\/www.facecorner.lv\/wp-content\/uploads\/2024\/05\/XL_p0200240890.jpg.webp","datePublished":"2024-05-16T18:30:38+00:00","dateModified":"2024-07-10T11:06:49+00:00","description":"Commonlabs Vitamin C Brightening Ampoule Izgaismo \u0101du, nodro\u0161inot to ar bag\u0101t\u012bgu un daudzveid\u012bgu vitam\u012bnu uzturu izmantojot vitam\u012bnu koka \u016bdeni.","breadcrumb":{"@id":"https:\/\/www.facecorner.lv\/ru\/shop\/vitamin-c-brightening-ampoule-30ml\/#breadcrumb"},"inLanguage":"lv-LV","potentialAction":[{"@type":"ReadAction","target":["https:\/\/www.facecorner.lv\/ru\/shop\/vitamin-c-brightening-ampoule-30ml\/"]}]},{"@type":"ImageObject","inLanguage":"lv-LV","@id":"https:\/\/www.facecorner.lv\/ru\/shop\/vitamin-c-brightening-ampoule-30ml\/#primaryimage","url":"https:\/\/www.facecorner.lv\/wp-content\/uploads\/2024\/05\/XL_p0200240890.jpg.webp","contentUrl":"https:\/\/www.facecorner.lv\/wp-content\/uploads\/2024\/05\/XL_p0200240890.jpg.webp","width":500,"height":500,"caption":"Commonlabs Vitamin C Brightening Ampoule"},{"@type":"BreadcrumbList","@id":"https:\/\/www.facecorner.lv\/ru\/shop\/vitamin-c-brightening-ampoule-30ml\/#breadcrumb","itemListElement":[{"@type":"ListItem","position":1,"name":"Home","item":"https:\/\/www.facecorner.lv\/"},{"@type":"ListItem","position":2,"name":"Veikals","item":"https:\/\/www.facecorner.lv\/shop\/"},{"@type":"ListItem","position":3,"name":"Commonlabs Vitamin C Brightening Ampoule 30ml"}]},{"@type":"WebSite","@id":"https:\/\/www.facecorner.lv\/#website","url":"https:\/\/www.facecorner.lv\/","name":"Facecorner","description":"","publisher":{"@id":"https:\/\/www.facecorner.lv\/#organization"},"potentialAction":[{"@type":"SearchAction","target":{"@type":"EntryPoint","urlTemplate":"https:\/\/www.facecorner.lv\/?s={search_term_string}"},"query-input":{"@type":"PropertyValueSpecification","valueRequired":true,"valueName":"search_term_string"}}],"inLanguage":"lv-LV"},{"@type":"Organization","@id":"https:\/\/www.facecorner.lv\/#organization","name":"Facecorner","url":"https:\/\/www.facecorner.lv\/","logo":{"@type":"ImageObject","inLanguage":"lv-LV","@id":"https:\/\/www.facecorner.lv\/#\/schema\/logo\/image\/","url":"https:\/\/www.facecorner.lv\/wp-content\/uploads\/2024\/04\/fc-logo.jpg","contentUrl":"https:\/\/www.facecorner.lv\/wp-content\/uploads\/2024\/04\/fc-logo.jpg","width":174,"height":28,"caption":"Facecorner"},"image":{"@id":"https:\/\/www.facecorner.lv\/#\/schema\/logo\/image\/"},"sameAs":["https:\/\/www.facebook.com\/profile.php?id=100063824551839","https:\/\/www.instagram.com\/facecorner_shop\/"]}]},"product_price_amount":"31.00","product_price_currency":"EUR","og_availability":"out of stock","product_availability":"out of stock","product_condition":"new"},"_links":{"self":[{"href":"https:\/\/www.facecorner.lv\/lv\/wp-json\/wp\/v2\/product\/15685","targetHints":{"allow":["GET"]}}],"collection":[{"href":"https:\/\/www.facecorner.lv\/lv\/wp-json\/wp\/v2\/product"}],"about":[{"href":"https:\/\/www.facecorner.lv\/lv\/wp-json\/wp\/v2\/types\/product"}],"replies":[{"embeddable":true,"href":"https:\/\/www.facecorner.lv\/lv\/wp-json\/wp\/v2\/comments?post=15685"}],"wp:featuredmedia":[{"embeddable":true,"href":"https:\/\/www.facecorner.lv\/lv\/wp-json\/wp\/v2\/media\/15686"}],"wp:attachment":[{"href":"https:\/\/www.facecorner.lv\/lv\/wp-json\/wp\/v2\/media?parent=15685"}],"wp:term":[{"taxonomy":"product_brand","embeddable":true,"href":"https:\/\/www.facecorner.lv\/lv\/wp-json\/wp\/v2\/product_brand?post=15685"},{"taxonomy":"product_cat","embeddable":true,"href":"https:\/\/www.facecorner.lv\/lv\/wp-json\/wp\/v2\/product_cat?post=15685"},{"taxonomy":"product_tag","embeddable":true,"href":"https:\/\/www.facecorner.lv\/lv\/wp-json\/wp\/v2\/product_tag?post=15685"},{"taxonomy":"berocket_brand","embeddable":true,"href":"https:\/\/www.facecorner.lv\/lv\/wp-json\/wp\/v2\/berocket_brand?post=15685"}],"curies":[{"name":"wp","href":"https:\/\/api.w.org\/{rel}","templated":true}]}}