{"id":15402,"date":"2024-05-07T16:32:13","date_gmt":"2024-05-07T14:32:13","guid":{"rendered":"https:\/\/www.facecorner.lv\/?post_type=product&#038;p=15402"},"modified":"2024-08-05T13:48:52","modified_gmt":"2024-08-05T11:48:52","slug":"ilso-daily-moisture-pudding-cream-50ml","status":"publish","type":"product","link":"https:\/\/www.facecorner.lv\/lv\/shop\/ilso-daily-moisture-pudding-cream-50ml\/","title":{"rendered":"Ilso Daily Moisture Pudding Cream 50ml"},"content":{"rendered":"<p>Ilso Daily Moisture Pudinga kr\u0113ms ir ide\u0101ls mitrino\u0161s losjons tiem, kuri v\u0113las atsvaidzin\u0101jumu bez smaguma, tiem, kuri mekl\u0113 nelip\u012bgu un atsvaidzino\u0161u mitrino\u0161u l\u012bdzekli, tiem, kuriem nepiecie\u0161ams \u016bdens un tauku l\u012bdzsvars, un tiem, kuri mekl\u0113 mitrino\u0161u losjonu, ko var lietot nep\u0101rtraukti visas dienas garum\u0101.<\/p>\n<p>Ikdienas kop\u0161anas l\u012bdzeklis ar zemu kairin\u0101juma l\u012bmeni, ko var lietot katru dienu \u010detros gadalaikos, pal\u012bdz uzkl\u0101t grimu un mitrina \u0101du no iek\u0161puses uz \u0101ru, neradot taukainu saj\u016btu.<\/p>\n<p>Pudi\u0146a mitrino\u0161\u0101, atspirdzino\u0161\u0101 formula piepilda \u0101du ar mitrumu, un, tikl\u012bdz tas non\u0101k saskar\u0113 ar \u0101du, uz \u0101das veidojas mitrino\u0161a pl\u0113v\u012bte, kas uzlabo grima sa\u0137eri, pie\u0161\u0137irot \u0101dai \u016bdens sp\u012bdumu visas dienas garum\u0101.<\/p>\n<p>Vesel\u012bga \u0101das virsma uztur vesel\u012bgu \u0101du ar nedaudz sk\u0101bu pH, ko aizsarg\u0101 aizsargsl\u0101nis ar pH 5,5 ~ 6,5, kam\u0113r kr\u0113ms tiek uzkl\u0101ts katru dienu. T\u0101 ir pikanta pudi\u0146a tekst\u016bra, kas uzspr\u0101gst, tikl\u012bdz tas pieskaras \u0101dai, un, pat uzkl\u0101jot to vienu reizi, t\u0101 paliks svaiga un mitrin\u0101ta l\u012bdz pamatam.<\/p>\n<p><strong>Lieto\u0161\u0101na:<\/strong> Uzkl\u0101jiet vajadz\u012bgo balzama daudzumu uz sausas sejas \u0101das un vienm\u0113r\u012bgi izkl\u0101jiet to, viegli iemas\u0113jiet \u0101du, lai no\u0146emtu grimu, atmiru\u0161\u0101s \u0161\u016bnas un net\u012brumus. P\u0113c tam noskalojiet l\u012bdzekli ar siltu \u016bdeni.<\/p>\n<p><strong>S\u0101stavs:<\/strong> Purified Water, Butylene Glycol, Propanediol, Isotridecylisononanoate, Phenyl Trimethicone, 1,2-Hexanediol, Glycerin, Diglycerin, Squalane, Shea Butter, Polyglyceryl-3 Distearate, Caprylic\/Capric Triglyceride, Xylityl Glucoside, Cetyl Alcohol, Acrylate\/C10-30 Alkyl Acrylate Crosspolymer, Arginine, Anhydroxylitol, Polyacrylate Crosspolymer-6, Trehalose, Sodium Acrylate\/Sodium Acryloyl Dimethyl Taurate Copolymer, Polyisobutene, Xylitol, Vitamin Tree Water, Manchuria Birch Sap, Camellia Seed Oil, Ceramide NP (1001 ppm), Sodium Hyaluronate, Allantoin, Ectoin, Hydrogenated Lecithin, Ethylhexylglycerin, Glyceryl Stearate Citrate, Hydroxyethylurea, Glucose, Linoleic Acid, Sorbitan Oleate, Caprylyl\/Capryl Glucoside, Glyceryl Acrylate\/Acrylic Acid Copolymer.<\/p>\n","protected":false},"excerpt":{"rendered":"<p>Ilso Daily Moisture Pudinga kr\u0113ms ir ide\u0101ls mitrino\u0161s losjons tiem, kuri v\u0113las atsvaidzin\u0101jumu bez smaguma, tiem, kuri mekl\u0113 nelip\u012bgu un atsvaidzino\u0161u mitrino\u0161u l\u012bdzekli, tiem, kuriem nepiecie\u0161ams \u016bdens un tauku l\u012bdzsvars, un tiem, kuri mekl\u0113 mitrino\u0161u losjonu, ko var lietot nep\u0101rtraukti visas dienas garum\u0101. Ikdienas kop\u0161anas l\u012bdzeklis ar zemu kairin\u0101juma l\u012bmeni, ko var lietot katru dienu [&hellip;]<\/p>\n","protected":false},"featured_media":15403,"comment_status":"open","ping_status":"closed","template":"","meta":{"site-sidebar-layout":"default","site-content-layout":"","ast-site-content-layout":"","site-content-style":"default","site-sidebar-style":"default","ast-global-header-display":"","ast-banner-title-visibility":"","ast-main-header-display":"","ast-hfb-above-header-display":"","ast-hfb-below-header-display":"","ast-hfb-mobile-header-display":"","site-post-title":"","ast-breadcrumbs-content":"","ast-featured-img":"","footer-sml-layout":"","theme-transparent-header-meta":"","adv-header-id-meta":"","stick-header-meta":"","header-above-stick-meta":"","header-main-stick-meta":"","header-below-stick-meta":"","astra-migrate-meta-layouts":"default","ast-page-background-enabled":"default","ast-page-background-meta":{"desktop":{"background-color":"var(--ast-global-color-4)","background-image":"","background-repeat":"repeat","background-position":"center center","background-size":"auto","background-attachment":"scroll","background-type":"","background-media":"","overlay-type":"","overlay-color":"","overlay-opacity":"","overlay-gradient":""},"tablet":{"background-color":"","background-image":"","background-repeat":"repeat","background-position":"center center","background-size":"auto","background-attachment":"scroll","background-type":"","background-media":"","overlay-type":"","overlay-color":"","overlay-opacity":"","overlay-gradient":""},"mobile":{"background-color":"","background-image":"","background-repeat":"repeat","background-position":"center center","background-size":"auto","background-attachment":"scroll","background-type":"","background-media":"","overlay-type":"","overlay-color":"","overlay-opacity":"","overlay-gradient":""}},"ast-content-background-meta":{"desktop":{"background-color":"var(--ast-global-color-5)","background-image":"","background-repeat":"repeat","background-position":"center center","background-size":"auto","background-attachment":"scroll","background-type":"","background-media":"","overlay-type":"","overlay-color":"","overlay-opacity":"","overlay-gradient":""},"tablet":{"background-color":"var(--ast-global-color-5)","background-image":"","background-repeat":"repeat","background-position":"center center","background-size":"auto","background-attachment":"scroll","background-type":"","background-media":"","overlay-type":"","overlay-color":"","overlay-opacity":"","overlay-gradient":""},"mobile":{"background-color":"var(--ast-global-color-5)","background-image":"","background-repeat":"repeat","background-position":"center center","background-size":"auto","background-attachment":"scroll","background-type":"","background-media":"","overlay-type":"","overlay-color":"","overlay-opacity":"","overlay-gradient":""}}},"product_brand":[],"product_cat":[366,367,362],"product_tag":[],"berocket_brand":[],"class_list":{"0":"post-15402","1":"product","2":"type-product","3":"status-publish","4":"has-post-thumbnail","6":"product_cat-mitrinoss","7":"product_cat-nomierinoss","8":"product_cat-sejas-krems","9":"desktop-align-left","10":"tablet-align-left","11":"mobile-align-left","13":"first","14":"outofstock","15":"taxable","16":"shipping-taxable","17":"purchasable","18":"product-type-simple","19":"add-to-wishlist-before_image"},"yoast_head":"<!-- This site is optimized with the Yoast SEO plugin v27.4 - https:\/\/yoast.com\/product\/yoast-seo-wordpress\/ -->\n<title>Ilso Daily Moisture Pudding Cream 50ml - FACECORNER<\/title>\n<meta name=\"robots\" content=\"index, follow, max-snippet:-1, max-image-preview:large, max-video-preview:-1\" \/>\n<link rel=\"canonical\" href=\"https:\/\/www.facecorner.lv\/lv\/shop\/ilso-daily-moisture-pudding-cream-50ml\/\" \/>\n<meta property=\"og:locale\" content=\"lv_LV\" \/>\n<meta property=\"og:type\" content=\"article\" \/>\n<meta property=\"og:title\" content=\"Ilso Daily Moisture Pudding Cream 50ml - FACECORNER\" \/>\n<meta property=\"og:description\" content=\"Ilso Daily Moisture Pudinga kr\u0113ms ir ide\u0101ls mitrino\u0161s losjons tiem, kuri v\u0113las atsvaidzin\u0101jumu bez smaguma, tiem, kuri mekl\u0113 nelip\u012bgu un atsvaidzino\u0161u mitrino\u0161u l\u012bdzekli, tiem, kuriem nepiecie\u0161ams \u016bdens un tauku l\u012bdzsvars, un tiem, kuri mekl\u0113 mitrino\u0161u losjonu, ko var lietot nep\u0101rtraukti visas dienas garum\u0101. Ikdienas kop\u0161anas l\u012bdzeklis ar zemu kairin\u0101juma l\u012bmeni, ko var lietot katru dienu [&hellip;]\" \/>\n<meta property=\"og:url\" content=\"https:\/\/www.facecorner.lv\/lv\/shop\/ilso-daily-moisture-pudding-cream-50ml\/\" \/>\n<meta property=\"og:site_name\" content=\"FACECORNER\" \/>\n<meta property=\"article:publisher\" content=\"https:\/\/www.facebook.com\/profile.php?id=100063824551839\" \/>\n<meta property=\"article:modified_time\" content=\"2024-08-05T11:48:52+00:00\" \/>\n<meta property=\"og:image\" content=\"https:\/\/www.facecorner.lv\/wp-content\/uploads\/2024\/05\/ILSO-Daily-Moisture-Pudding-Cream-1.jpg\" \/>\n\t<meta property=\"og:image:width\" content=\"700\" \/>\n\t<meta property=\"og:image:height\" content=\"700\" \/>\n\t<meta property=\"og:image:type\" content=\"image\/jpeg\" \/>\n<meta name=\"twitter:card\" content=\"summary_large_image\" \/>\n<meta name=\"twitter:label1\" content=\"Price\" \/>\n\t<meta name=\"twitter:data1\" content=\"&euro;28.00\" \/>\n\t<meta name=\"twitter:label2\" content=\"Availability\" \/>\n\t<meta name=\"twitter:data2\" content=\"Out of stock\" \/>\n<script type=\"application\/ld+json\" class=\"yoast-schema-graph\">{\"@context\":\"https:\\\/\\\/schema.org\",\"@graph\":[{\"@type\":\"WebPage\",\"@id\":\"https:\\\/\\\/www.facecorner.lv\\\/en\\\/shop\\\/ilso-daily-moisture-pudding-cream-50ml\\\/\",\"url\":\"https:\\\/\\\/www.facecorner.lv\\\/en\\\/shop\\\/ilso-daily-moisture-pudding-cream-50ml\\\/\",\"name\":\"Ilso Daily Moisture Pudding Cream 50ml - FACECORNER\",\"isPartOf\":{\"@id\":\"https:\\\/\\\/www.facecorner.lv\\\/#website\"},\"primaryImageOfPage\":{\"@id\":\"https:\\\/\\\/www.facecorner.lv\\\/en\\\/shop\\\/ilso-daily-moisture-pudding-cream-50ml\\\/#primaryimage\"},\"image\":{\"@id\":\"https:\\\/\\\/www.facecorner.lv\\\/en\\\/shop\\\/ilso-daily-moisture-pudding-cream-50ml\\\/#primaryimage\"},\"thumbnailUrl\":\"https:\\\/\\\/www.facecorner.lv\\\/wp-content\\\/uploads\\\/2024\\\/05\\\/ILSO-Daily-Moisture-Pudding-Cream-1.jpg\",\"datePublished\":\"2024-05-07T14:32:13+00:00\",\"dateModified\":\"2024-08-05T11:48:52+00:00\",\"breadcrumb\":{\"@id\":\"https:\\\/\\\/www.facecorner.lv\\\/en\\\/shop\\\/ilso-daily-moisture-pudding-cream-50ml\\\/#breadcrumb\"},\"inLanguage\":\"lv-LV\",\"potentialAction\":[{\"@type\":\"ReadAction\",\"target\":[\"https:\\\/\\\/www.facecorner.lv\\\/en\\\/shop\\\/ilso-daily-moisture-pudding-cream-50ml\\\/\"]}]},{\"@type\":\"ImageObject\",\"inLanguage\":\"lv-LV\",\"@id\":\"https:\\\/\\\/www.facecorner.lv\\\/en\\\/shop\\\/ilso-daily-moisture-pudding-cream-50ml\\\/#primaryimage\",\"url\":\"https:\\\/\\\/www.facecorner.lv\\\/wp-content\\\/uploads\\\/2024\\\/05\\\/ILSO-Daily-Moisture-Pudding-Cream-1.jpg\",\"contentUrl\":\"https:\\\/\\\/www.facecorner.lv\\\/wp-content\\\/uploads\\\/2024\\\/05\\\/ILSO-Daily-Moisture-Pudding-Cream-1.jpg\",\"width\":700,\"height\":700,\"caption\":\"896\"},{\"@type\":\"BreadcrumbList\",\"@id\":\"https:\\\/\\\/www.facecorner.lv\\\/en\\\/shop\\\/ilso-daily-moisture-pudding-cream-50ml\\\/#breadcrumb\",\"itemListElement\":[{\"@type\":\"ListItem\",\"position\":1,\"name\":\"Home\",\"item\":\"https:\\\/\\\/www.facecorner.lv\\\/\"},{\"@type\":\"ListItem\",\"position\":2,\"name\":\"Veikals\",\"item\":\"https:\\\/\\\/www.facecorner.lv\\\/shop\\\/\"},{\"@type\":\"ListItem\",\"position\":3,\"name\":\"Ilso Daily Moisture Pudding Cream 50ml\"}]},{\"@type\":\"WebSite\",\"@id\":\"https:\\\/\\\/www.facecorner.lv\\\/#website\",\"url\":\"https:\\\/\\\/www.facecorner.lv\\\/\",\"name\":\"Facecorner\",\"description\":\"\",\"publisher\":{\"@id\":\"https:\\\/\\\/www.facecorner.lv\\\/#organization\"},\"potentialAction\":[{\"@type\":\"SearchAction\",\"target\":{\"@type\":\"EntryPoint\",\"urlTemplate\":\"https:\\\/\\\/www.facecorner.lv\\\/?s={search_term_string}\"},\"query-input\":{\"@type\":\"PropertyValueSpecification\",\"valueRequired\":true,\"valueName\":\"search_term_string\"}}],\"inLanguage\":\"lv-LV\"},{\"@type\":\"Organization\",\"@id\":\"https:\\\/\\\/www.facecorner.lv\\\/#organization\",\"name\":\"Facecorner\",\"url\":\"https:\\\/\\\/www.facecorner.lv\\\/\",\"logo\":{\"@type\":\"ImageObject\",\"inLanguage\":\"lv-LV\",\"@id\":\"https:\\\/\\\/www.facecorner.lv\\\/#\\\/schema\\\/logo\\\/image\\\/\",\"url\":\"https:\\\/\\\/www.facecorner.lv\\\/wp-content\\\/uploads\\\/2024\\\/04\\\/fc-logo.jpg\",\"contentUrl\":\"https:\\\/\\\/www.facecorner.lv\\\/wp-content\\\/uploads\\\/2024\\\/04\\\/fc-logo.jpg\",\"width\":174,\"height\":28,\"caption\":\"Facecorner\"},\"image\":{\"@id\":\"https:\\\/\\\/www.facecorner.lv\\\/#\\\/schema\\\/logo\\\/image\\\/\"},\"sameAs\":[\"https:\\\/\\\/www.facebook.com\\\/profile.php?id=100063824551839\",\"https:\\\/\\\/www.instagram.com\\\/facecorner_shop\\\/\"]}]}<\/script>\n<meta property=\"product:price:amount\" content=\"28.00\" \/>\n<meta property=\"product:price:currency\" content=\"EUR\" \/>\n<meta property=\"og:availability\" content=\"out of stock\" \/>\n<meta property=\"product:availability\" content=\"out of stock\" \/>\n<meta property=\"product:condition\" content=\"new\" \/>\n<!-- \/ Yoast SEO plugin. -->","yoast_head_json":{"title":"Ilso Daily Moisture Pudding Cream 50ml - FACECORNER","robots":{"index":"index","follow":"follow","max-snippet":"max-snippet:-1","max-image-preview":"max-image-preview:large","max-video-preview":"max-video-preview:-1"},"canonical":"https:\/\/www.facecorner.lv\/lv\/shop\/ilso-daily-moisture-pudding-cream-50ml\/","og_locale":"lv_LV","og_type":"article","og_title":"Ilso Daily Moisture Pudding Cream 50ml - FACECORNER","og_description":"Ilso Daily Moisture Pudinga kr\u0113ms ir ide\u0101ls mitrino\u0161s losjons tiem, kuri v\u0113las atsvaidzin\u0101jumu bez smaguma, tiem, kuri mekl\u0113 nelip\u012bgu un atsvaidzino\u0161u mitrino\u0161u l\u012bdzekli, tiem, kuriem nepiecie\u0161ams \u016bdens un tauku l\u012bdzsvars, un tiem, kuri mekl\u0113 mitrino\u0161u losjonu, ko var lietot nep\u0101rtraukti visas dienas garum\u0101. Ikdienas kop\u0161anas l\u012bdzeklis ar zemu kairin\u0101juma l\u012bmeni, ko var lietot katru dienu [&hellip;]","og_url":"https:\/\/www.facecorner.lv\/lv\/shop\/ilso-daily-moisture-pudding-cream-50ml\/","og_site_name":"FACECORNER","article_publisher":"https:\/\/www.facebook.com\/profile.php?id=100063824551839","article_modified_time":"2024-08-05T11:48:52+00:00","og_image":[{"width":700,"height":700,"url":"https:\/\/www.facecorner.lv\/wp-content\/uploads\/2024\/05\/ILSO-Daily-Moisture-Pudding-Cream-1.jpg","type":"image\/jpeg"}],"twitter_card":"summary_large_image","twitter_misc":{"Price":"&euro;28.00","Availability":"Out of stock"},"schema":{"@context":"https:\/\/schema.org","@graph":[{"@type":"WebPage","@id":"https:\/\/www.facecorner.lv\/en\/shop\/ilso-daily-moisture-pudding-cream-50ml\/","url":"https:\/\/www.facecorner.lv\/en\/shop\/ilso-daily-moisture-pudding-cream-50ml\/","name":"Ilso Daily Moisture Pudding Cream 50ml - FACECORNER","isPartOf":{"@id":"https:\/\/www.facecorner.lv\/#website"},"primaryImageOfPage":{"@id":"https:\/\/www.facecorner.lv\/en\/shop\/ilso-daily-moisture-pudding-cream-50ml\/#primaryimage"},"image":{"@id":"https:\/\/www.facecorner.lv\/en\/shop\/ilso-daily-moisture-pudding-cream-50ml\/#primaryimage"},"thumbnailUrl":"https:\/\/www.facecorner.lv\/wp-content\/uploads\/2024\/05\/ILSO-Daily-Moisture-Pudding-Cream-1.jpg","datePublished":"2024-05-07T14:32:13+00:00","dateModified":"2024-08-05T11:48:52+00:00","breadcrumb":{"@id":"https:\/\/www.facecorner.lv\/en\/shop\/ilso-daily-moisture-pudding-cream-50ml\/#breadcrumb"},"inLanguage":"lv-LV","potentialAction":[{"@type":"ReadAction","target":["https:\/\/www.facecorner.lv\/en\/shop\/ilso-daily-moisture-pudding-cream-50ml\/"]}]},{"@type":"ImageObject","inLanguage":"lv-LV","@id":"https:\/\/www.facecorner.lv\/en\/shop\/ilso-daily-moisture-pudding-cream-50ml\/#primaryimage","url":"https:\/\/www.facecorner.lv\/wp-content\/uploads\/2024\/05\/ILSO-Daily-Moisture-Pudding-Cream-1.jpg","contentUrl":"https:\/\/www.facecorner.lv\/wp-content\/uploads\/2024\/05\/ILSO-Daily-Moisture-Pudding-Cream-1.jpg","width":700,"height":700,"caption":"896"},{"@type":"BreadcrumbList","@id":"https:\/\/www.facecorner.lv\/en\/shop\/ilso-daily-moisture-pudding-cream-50ml\/#breadcrumb","itemListElement":[{"@type":"ListItem","position":1,"name":"Home","item":"https:\/\/www.facecorner.lv\/"},{"@type":"ListItem","position":2,"name":"Veikals","item":"https:\/\/www.facecorner.lv\/shop\/"},{"@type":"ListItem","position":3,"name":"Ilso Daily Moisture Pudding Cream 50ml"}]},{"@type":"WebSite","@id":"https:\/\/www.facecorner.lv\/#website","url":"https:\/\/www.facecorner.lv\/","name":"Facecorner","description":"","publisher":{"@id":"https:\/\/www.facecorner.lv\/#organization"},"potentialAction":[{"@type":"SearchAction","target":{"@type":"EntryPoint","urlTemplate":"https:\/\/www.facecorner.lv\/?s={search_term_string}"},"query-input":{"@type":"PropertyValueSpecification","valueRequired":true,"valueName":"search_term_string"}}],"inLanguage":"lv-LV"},{"@type":"Organization","@id":"https:\/\/www.facecorner.lv\/#organization","name":"Facecorner","url":"https:\/\/www.facecorner.lv\/","logo":{"@type":"ImageObject","inLanguage":"lv-LV","@id":"https:\/\/www.facecorner.lv\/#\/schema\/logo\/image\/","url":"https:\/\/www.facecorner.lv\/wp-content\/uploads\/2024\/04\/fc-logo.jpg","contentUrl":"https:\/\/www.facecorner.lv\/wp-content\/uploads\/2024\/04\/fc-logo.jpg","width":174,"height":28,"caption":"Facecorner"},"image":{"@id":"https:\/\/www.facecorner.lv\/#\/schema\/logo\/image\/"},"sameAs":["https:\/\/www.facebook.com\/profile.php?id=100063824551839","https:\/\/www.instagram.com\/facecorner_shop\/"]}]},"product_price_amount":"28.00","product_price_currency":"EUR","og_availability":"out of stock","product_availability":"out of stock","product_condition":"new"},"_links":{"self":[{"href":"https:\/\/www.facecorner.lv\/lv\/wp-json\/wp\/v2\/product\/15402","targetHints":{"allow":["GET"]}}],"collection":[{"href":"https:\/\/www.facecorner.lv\/lv\/wp-json\/wp\/v2\/product"}],"about":[{"href":"https:\/\/www.facecorner.lv\/lv\/wp-json\/wp\/v2\/types\/product"}],"replies":[{"embeddable":true,"href":"https:\/\/www.facecorner.lv\/lv\/wp-json\/wp\/v2\/comments?post=15402"}],"wp:featuredmedia":[{"embeddable":true,"href":"https:\/\/www.facecorner.lv\/lv\/wp-json\/wp\/v2\/media\/15403"}],"wp:attachment":[{"href":"https:\/\/www.facecorner.lv\/lv\/wp-json\/wp\/v2\/media?parent=15402"}],"wp:term":[{"taxonomy":"product_brand","embeddable":true,"href":"https:\/\/www.facecorner.lv\/lv\/wp-json\/wp\/v2\/product_brand?post=15402"},{"taxonomy":"product_cat","embeddable":true,"href":"https:\/\/www.facecorner.lv\/lv\/wp-json\/wp\/v2\/product_cat?post=15402"},{"taxonomy":"product_tag","embeddable":true,"href":"https:\/\/www.facecorner.lv\/lv\/wp-json\/wp\/v2\/product_tag?post=15402"},{"taxonomy":"berocket_brand","embeddable":true,"href":"https:\/\/www.facecorner.lv\/lv\/wp-json\/wp\/v2\/berocket_brand?post=15402"}],"curies":[{"name":"wp","href":"https:\/\/api.w.org\/{rel}","templated":true}]}}