{"id":15398,"date":"2024-05-07T15:48:16","date_gmt":"2024-05-07T13:48:16","guid":{"rendered":"https:\/\/www.facecorner.lv\/?post_type=product&#038;p=15398"},"modified":"2024-12-05T19:42:32","modified_gmt":"2024-12-05T16:42:32","slug":"ilso-clean-mud-cream-100g","status":"publish","type":"product","link":"https:\/\/www.facecorner.lv\/lv\/shop\/ilso-clean-mud-cream-100g\/","title":{"rendered":"ILSO CLEAN MUD CREAM 100G"},"content":{"rendered":"<p>\u0160is inovat\u012bvais dub\u013cu kr\u0113ms ir ne tikai vienk\u0101r\u0161i att\u012br\u012b\u0161anas l\u012bdzeklis, bet ar\u012b daudzpak\u0101pju kop\u0161anas ritu\u0101ls, kas mitrina, nomierina un efekt\u012bvi c\u012bn\u0101s ar net\u012brumiem, atmiru\u0161aj\u0101m \u0101das \u0161\u016bn\u0101m un lieko sebumu.<\/p>\n<p><strong>L\u016bk, k\u0101p\u0113c jums tas patiks:<\/strong><br \/>\n&#8211; Poras att\u012bro\u0161a piln\u012bba: maigi un efekt\u012bvi no\u0146em net\u012brumus, atmiru\u0161\u0101s \u0101das \u0161\u016bnas un sebumu, lai padar\u012btu sejas toni t\u012br\u0101ku un vienm\u0113r\u012bg\u0101ku.<br \/>\n&#8211; Mitrino\u0161s p\u012blings: dzi\u013ci att\u012bra \u0101du, p\u0101rm\u0113r\u012bgi neiz\u017e\u0101v\u0113jot, padarot to maigu, mitrin\u0101tu un atjaunotu.<br \/>\n&#8211; Pak\u0101peniska kop\u0161ana: \u0161is dub\u013cu kr\u0113ms nodro\u0161ina tr\u012bs posmu procesu: atver poras, absorb\u0113 net\u012brumus un sa\u0161aurina poras, lai nodro\u0161in\u0101tu optim\u0101lu poru kop\u0161anu.<br \/>\n&#8211; Jut\u012bgai \u0101dai: pateicoties hipoaler\u0123iskai, jut\u012bgai \u0101dai test\u0113tai formulai, \u0161is kr\u0113ms ir pietiekami saudz\u012bgs pat visjut\u012bg\u0101kajai \u0101dai.<\/p>\n<p><strong>Ide\u0101li piem\u0113rots:<\/strong><br \/>\n&#8211; Piem\u0113rots visiem, kas mekl\u0113 maigu, bet efekt\u012bvu d\u016b\u0146u masku, kas p\u0101r\u0101k neiz\u017e\u0101v\u0113 \u0101du.<br \/>\n&#8211; jut\u012bgai \u0101dai, kurai nepiecie\u0161ams p\u012blings<br \/>\n&#8211; Rupja \u0101da un nesabalans\u0113ts taukain\u012bbas\/mitruma l\u012bmenis.<br \/>\n&#8211; T\u0101m, kur\u0101m ir tendence viegli izsm\u0113r\u0113t grimu.<\/p>\n<p>\u0160is inovat\u012bvais dub\u013cu kr\u0113ms ir vair\u0101k nek\u0101 tikai att\u012br\u012b\u0161anas l\u012bdzeklis, jo pied\u0101v\u0101 vair\u0101ku posmu kop\u0161anas ritu\u0101lu, kas mitrina, nomierina un efekt\u012bvi att\u012bra \u0101du no net\u012brumiem, atmiru\u0161aj\u0101m \u0161\u016bn\u0101m un liek\u0101 sebuma. Izp\u0113t\u012bsim zin\u0101tnisko pamatojumu t\u0101 efektivit\u0101tei<br \/>\n<strong>Dabiskas izcelsmes sp\u0113ks:<\/strong><br \/>\n&#8211; \u0160\u012b sp\u0113c\u012bg\u0101 sast\u0101vda\u013ca, ko Amazones pamatiedz\u012bvot\u0101ji ciena par t\u0101s att\u012bro\u0161aj\u0101m \u012bpa\u0161\u012bb\u0101m, efekt\u012bvi absorb\u0113 net\u012brumus un atmiru\u0161\u0101s \u0101das \u0161\u016bnas, padarot \u0101du gludu un l\u012bdzsvarotu.<br \/>\n&#8211; Kaol\u012bns: \u0161is dab\u012bgais miner\u0101lm\u0101ls v\u0113l vair\u0101k uzlabo att\u012br\u012b\u0161anas procesu, absorb\u0113jot lieko e\u013c\u013cu un sa\u0161aurinot poras, lai \u0101da izskat\u012btos t\u012br\u0101ka.<\/p>\n<p><strong>K\u0101 lietot<\/strong><br \/>\nIzbaudiet ILSO Clean Mud kr\u0113ma p\u0101rveidojo\u0161o sp\u0113ku, izmantojot \u0161o viegli \u012bstenojamo ce\u013cvedi:<br \/>\n1. solis: Sagatavojiet \u0101du<br \/>\n&#8211; Nomazg\u0101jiet seju ar maigu t\u012br\u012b\u0161anas l\u012bdzekli un nosusiniet to.<br \/>\n&#8211; Optim\u0101lam rezult\u0101tam 30 sekundes pak\u013caujiet seju siltam dvielim vai du\u0161as tvaikam. Tas atver poras un \u013cauj dub\u013ciem iek\u013c\u016bt dzi\u013c\u0101k.<br \/>\n2. solis: Uzkl\u0101jiet burvju<br \/>\n&#8211; Uzkl\u0101jiet pl\u0101nu, vienm\u0113r\u012bgu ILSO Clean Mud kr\u0113ma k\u0101rti\u0146u uz visas sejas, izvairoties no jut\u012bg\u0101s acu un mutes zonas.<br \/>\n&#8211; Piel\u0101gojiet uzkl\u0101\u0161anas laiku atbilsto\u0161i savam \u0101das tipam:<\/p>\n<ul>\n<li>7-10 min\u016btes: Ieteicams jut\u012bgai vai sausai \u0101dai.<\/li>\n<li>12-15 min\u016btes: Ide\u0101li piem\u0113rots jauktai vai taukainai \u0101dai.<\/li>\n<\/ul>\n<p>3. solis: Noskalojiet un atkl\u0101jiet<br \/>\n&#8211; R\u016bp\u012bgi noskalojiet dub\u013cus no sejas ar siltu \u016bdeni, maigi ap\u013cveida kust\u012bb\u0101m tos ap\u013cveida kust\u012bb\u0101m.<br \/>\n&#8211; Lai ieg\u016btu papildu efektu, sajauciet ILSO Clean Mud kr\u0113mu ar savu parasto t\u012br\u012b\u0161anas l\u012bdzekli proporcij\u0101 1:1. Tas nodro\u0161ina dzi\u013c\u0101ku att\u012br\u012b\u0161anu un pal\u012bdz uzlabot \u0101das strukt\u016bru.<\/p>\n<p><strong>Bie\u017eums<\/strong>:<br \/>\n&#8211; Lai sasniegtu optim\u0101lus rezult\u0101tus, izmantojiet ILSO Clean Mud kr\u0113mu 2-3 reizes ned\u0113\u013c\u0101.<br \/>\n&#8211; Jut\u012bgai vai sausai \u0101dai ieteicams lietot reizi ned\u0113\u013c\u0101.<br \/>\nPapildu padomi:<br \/>\n&#8211; \u0160os kr\u0113mveida dub\u013cus var viegli noslauc\u012bt ar siltu \u016bdeni, t\u0101d\u0113j\u0101di nov\u0113r\u0161ot nepiecie\u0161am\u012bbu p\u0113c otrreiz\u0113jas t\u012br\u012b\u0161anas.<br \/>\n&#8211; R\u016bp\u012bg\u0101kai t\u012br\u012b\u0161anai izmantojiet sejas mazg\u0101\u0161anas s\u016bkli\/suku.<\/p>\n<p><strong>S\u0101stavs:<\/strong> Water, Kaolin\uff08250,000 ppm), Glycerin, Caprylic\/Capric Triglyceride, Hectorite, 1,2-Hexanediol, Glyceryl Stearate SE, Sorbitan Olivate, Cetearyl Olivate, Cetyl Alcohol, Phoenix Dactylifera (Date) Fruit Extract, Ficus Carica (Fig) Fruit Extract, Portulaca Oleracea Extract, Sodium Hyaluronate, Ceramide NP, Ethylhexylglycerin, Pyrus Communis (Pear) Fruit Extract, Sodium Acrylate\/Sodium Acryloyldimethyl Taurate Copolymer, Hedera Helix (Ivy) Leaf\/Stem Extract, Polyisobutene, Butylene Glycol, Opuntia Ficus-Indica Stem Extract, Opuntia Coccinellifera Fruit Extract, Fragaria Chiloensis (Strawberry) Fruit Extract, Pyrus Malus (Apple) Leaf Extract, Adansonia Digitata Seed Extract, Sorbitan Oleate, Caprylyl\/Capryl Glucoside, Crithmum Maritimum Callus Culture Filtrate, Centella Asiatica Extract<\/p>\n","protected":false},"excerpt":{"rendered":"<p>\u0160is inovat\u012bvais dub\u013cu kr\u0113ms ir ne tikai vienk\u0101r\u0161i att\u012br\u012b\u0161anas l\u012bdzeklis, bet ar\u012b daudzpak\u0101pju kop\u0161anas ritu\u0101ls, kas mitrina, nomierina un efekt\u012bvi c\u012bn\u0101s ar net\u012brumiem, atmiru\u0161aj\u0101m \u0101das \u0161\u016bn\u0101m un lieko sebumu. L\u016bk, k\u0101p\u0113c jums tas patiks: &#8211; Poras att\u012bro\u0161a piln\u012bba: maigi un efekt\u012bvi no\u0146em net\u012brumus, atmiru\u0161\u0101s \u0101das \u0161\u016bnas un sebumu, lai padar\u012btu sejas toni t\u012br\u0101ku un vienm\u0113r\u012bg\u0101ku. [&hellip;]<\/p>\n","protected":false},"featured_media":15399,"comment_status":"open","ping_status":"closed","template":"","meta":{"site-sidebar-layout":"default","site-content-layout":"","ast-site-content-layout":"","site-content-style":"default","site-sidebar-style":"default","ast-global-header-display":"","ast-banner-title-visibility":"","ast-main-header-display":"","ast-hfb-above-header-display":"","ast-hfb-below-header-display":"","ast-hfb-mobile-header-display":"","site-post-title":"","ast-breadcrumbs-content":"","ast-featured-img":"","footer-sml-layout":"","theme-transparent-header-meta":"","adv-header-id-meta":"","stick-header-meta":"","header-above-stick-meta":"","header-main-stick-meta":"","header-below-stick-meta":"","astra-migrate-meta-layouts":"default","ast-page-background-enabled":"default","ast-page-background-meta":{"desktop":{"background-color":"var(--ast-global-color-4)","background-image":"","background-repeat":"repeat","background-position":"center center","background-size":"auto","background-attachment":"scroll","background-type":"","background-media":"","overlay-type":"","overlay-color":"","overlay-opacity":"","overlay-gradient":""},"tablet":{"background-color":"","background-image":"","background-repeat":"repeat","background-position":"center center","background-size":"auto","background-attachment":"scroll","background-type":"","background-media":"","overlay-type":"","overlay-color":"","overlay-opacity":"","overlay-gradient":""},"mobile":{"background-color":"","background-image":"","background-repeat":"repeat","background-position":"center center","background-size":"auto","background-attachment":"scroll","background-type":"","background-media":"","overlay-type":"","overlay-color":"","overlay-opacity":"","overlay-gradient":""}},"ast-content-background-meta":{"desktop":{"background-color":"var(--ast-global-color-5)","background-image":"","background-repeat":"repeat","background-position":"center center","background-size":"auto","background-attachment":"scroll","background-type":"","background-media":"","overlay-type":"","overlay-color":"","overlay-opacity":"","overlay-gradient":""},"tablet":{"background-color":"var(--ast-global-color-5)","background-image":"","background-repeat":"repeat","background-position":"center center","background-size":"auto","background-attachment":"scroll","background-type":"","background-media":"","overlay-type":"","overlay-color":"","overlay-opacity":"","overlay-gradient":""},"mobile":{"background-color":"var(--ast-global-color-5)","background-image":"","background-repeat":"repeat","background-position":"center center","background-size":"auto","background-attachment":"scroll","background-type":"","background-media":"","overlay-type":"","overlay-color":"","overlay-opacity":"","overlay-gradient":""}}},"product_brand":[],"product_cat":[316,315],"product_tag":[],"berocket_brand":[],"class_list":{"0":"post-15398","1":"product","2":"type-product","3":"status-publish","4":"has-post-thumbnail","6":"product_cat-attirosas","7":"product_cat-maskas","8":"desktop-align-left","9":"tablet-align-left","10":"mobile-align-left","12":"first","13":"instock","14":"taxable","15":"shipping-taxable","16":"purchasable","17":"product-type-simple","18":"add-to-wishlist-before_image"},"yoast_head":"<!-- This site is optimized with the Yoast SEO plugin v27.4 - https:\/\/yoast.com\/product\/yoast-seo-wordpress\/ -->\n<title>ILSO CLEAN MUD CREAM 100G - FACECORNER<\/title>\n<meta name=\"robots\" content=\"index, follow, max-snippet:-1, max-image-preview:large, max-video-preview:-1\" \/>\n<link rel=\"canonical\" href=\"https:\/\/www.facecorner.lv\/lv\/shop\/ilso-clean-mud-cream-100g\/\" \/>\n<meta property=\"og:locale\" content=\"lv_LV\" \/>\n<meta property=\"og:type\" content=\"article\" \/>\n<meta property=\"og:title\" content=\"ILSO CLEAN MUD CREAM 100G - FACECORNER\" \/>\n<meta property=\"og:description\" content=\"\u0160is inovat\u012bvais dub\u013cu kr\u0113ms ir ne tikai vienk\u0101r\u0161i att\u012br\u012b\u0161anas l\u012bdzeklis, bet ar\u012b daudzpak\u0101pju kop\u0161anas ritu\u0101ls, kas mitrina, nomierina un efekt\u012bvi c\u012bn\u0101s ar net\u012brumiem, atmiru\u0161aj\u0101m \u0101das \u0161\u016bn\u0101m un lieko sebumu. L\u016bk, k\u0101p\u0113c jums tas patiks: &#8211; Poras att\u012bro\u0161a piln\u012bba: maigi un efekt\u012bvi no\u0146em net\u012brumus, atmiru\u0161\u0101s \u0101das \u0161\u016bnas un sebumu, lai padar\u012btu sejas toni t\u012br\u0101ku un vienm\u0113r\u012bg\u0101ku. [&hellip;]\" \/>\n<meta property=\"og:url\" content=\"https:\/\/www.facecorner.lv\/lv\/shop\/ilso-clean-mud-cream-100g\/\" \/>\n<meta property=\"og:site_name\" content=\"FACECORNER\" \/>\n<meta property=\"article:publisher\" content=\"https:\/\/www.facebook.com\/profile.php?id=100063824551839\" \/>\n<meta property=\"article:modified_time\" content=\"2024-12-05T16:42:32+00:00\" \/>\n<meta property=\"og:image\" content=\"https:\/\/www.facecorner.lv\/wp-content\/uploads\/2024\/05\/s-l1200.webp\" \/>\n\t<meta property=\"og:image:width\" content=\"550\" \/>\n\t<meta property=\"og:image:height\" content=\"550\" \/>\n\t<meta property=\"og:image:type\" content=\"image\/webp\" \/>\n<meta name=\"twitter:card\" content=\"summary_large_image\" \/>\n<meta name=\"twitter:label1\" content=\"Price\" \/>\n\t<meta name=\"twitter:data1\" content=\"&euro;28.00\" \/>\n\t<meta name=\"twitter:label2\" content=\"Availability\" \/>\n\t<meta name=\"twitter:data2\" content=\"In stock\" \/>\n<script type=\"application\/ld+json\" class=\"yoast-schema-graph\">{\"@context\":\"https:\\\/\\\/schema.org\",\"@graph\":[{\"@type\":\"WebPage\",\"@id\":\"https:\\\/\\\/www.facecorner.lv\\\/shop\\\/ilso-clean-mud-cream-100g\\\/\",\"url\":\"https:\\\/\\\/www.facecorner.lv\\\/shop\\\/ilso-clean-mud-cream-100g\\\/\",\"name\":\"ILSO CLEAN MUD CREAM 100G - FACECORNER\",\"isPartOf\":{\"@id\":\"https:\\\/\\\/www.facecorner.lv\\\/#website\"},\"primaryImageOfPage\":{\"@id\":\"https:\\\/\\\/www.facecorner.lv\\\/shop\\\/ilso-clean-mud-cream-100g\\\/#primaryimage\"},\"image\":{\"@id\":\"https:\\\/\\\/www.facecorner.lv\\\/shop\\\/ilso-clean-mud-cream-100g\\\/#primaryimage\"},\"thumbnailUrl\":\"https:\\\/\\\/www.facecorner.lv\\\/wp-content\\\/uploads\\\/2024\\\/05\\\/s-l1200.webp\",\"datePublished\":\"2024-05-07T13:48:16+00:00\",\"dateModified\":\"2024-12-05T16:42:32+00:00\",\"breadcrumb\":{\"@id\":\"https:\\\/\\\/www.facecorner.lv\\\/shop\\\/ilso-clean-mud-cream-100g\\\/#breadcrumb\"},\"inLanguage\":\"lv-LV\",\"potentialAction\":[{\"@type\":\"ReadAction\",\"target\":[\"https:\\\/\\\/www.facecorner.lv\\\/shop\\\/ilso-clean-mud-cream-100g\\\/\"]}]},{\"@type\":\"ImageObject\",\"inLanguage\":\"lv-LV\",\"@id\":\"https:\\\/\\\/www.facecorner.lv\\\/shop\\\/ilso-clean-mud-cream-100g\\\/#primaryimage\",\"url\":\"https:\\\/\\\/www.facecorner.lv\\\/wp-content\\\/uploads\\\/2024\\\/05\\\/s-l1200.webp\",\"contentUrl\":\"https:\\\/\\\/www.facecorner.lv\\\/wp-content\\\/uploads\\\/2024\\\/05\\\/s-l1200.webp\",\"width\":550,\"height\":550},{\"@type\":\"BreadcrumbList\",\"@id\":\"https:\\\/\\\/www.facecorner.lv\\\/shop\\\/ilso-clean-mud-cream-100g\\\/#breadcrumb\",\"itemListElement\":[{\"@type\":\"ListItem\",\"position\":1,\"name\":\"Home\",\"item\":\"https:\\\/\\\/www.facecorner.lv\\\/\"},{\"@type\":\"ListItem\",\"position\":2,\"name\":\"Veikals\",\"item\":\"https:\\\/\\\/www.facecorner.lv\\\/shop\\\/\"},{\"@type\":\"ListItem\",\"position\":3,\"name\":\"ILSO CLEAN MUD CREAM 100G\"}]},{\"@type\":\"WebSite\",\"@id\":\"https:\\\/\\\/www.facecorner.lv\\\/#website\",\"url\":\"https:\\\/\\\/www.facecorner.lv\\\/\",\"name\":\"Facecorner\",\"description\":\"\",\"publisher\":{\"@id\":\"https:\\\/\\\/www.facecorner.lv\\\/#organization\"},\"potentialAction\":[{\"@type\":\"SearchAction\",\"target\":{\"@type\":\"EntryPoint\",\"urlTemplate\":\"https:\\\/\\\/www.facecorner.lv\\\/?s={search_term_string}\"},\"query-input\":{\"@type\":\"PropertyValueSpecification\",\"valueRequired\":true,\"valueName\":\"search_term_string\"}}],\"inLanguage\":\"lv-LV\"},{\"@type\":\"Organization\",\"@id\":\"https:\\\/\\\/www.facecorner.lv\\\/#organization\",\"name\":\"Facecorner\",\"url\":\"https:\\\/\\\/www.facecorner.lv\\\/\",\"logo\":{\"@type\":\"ImageObject\",\"inLanguage\":\"lv-LV\",\"@id\":\"https:\\\/\\\/www.facecorner.lv\\\/#\\\/schema\\\/logo\\\/image\\\/\",\"url\":\"https:\\\/\\\/www.facecorner.lv\\\/wp-content\\\/uploads\\\/2024\\\/04\\\/fc-logo.jpg\",\"contentUrl\":\"https:\\\/\\\/www.facecorner.lv\\\/wp-content\\\/uploads\\\/2024\\\/04\\\/fc-logo.jpg\",\"width\":174,\"height\":28,\"caption\":\"Facecorner\"},\"image\":{\"@id\":\"https:\\\/\\\/www.facecorner.lv\\\/#\\\/schema\\\/logo\\\/image\\\/\"},\"sameAs\":[\"https:\\\/\\\/www.facebook.com\\\/profile.php?id=100063824551839\",\"https:\\\/\\\/www.instagram.com\\\/facecorner_shop\\\/\"]}]}<\/script>\n<meta property=\"product:price:amount\" content=\"28.00\" \/>\n<meta property=\"product:price:currency\" content=\"EUR\" \/>\n<meta property=\"og:availability\" content=\"instock\" \/>\n<meta property=\"product:availability\" content=\"instock\" \/>\n<meta property=\"product:condition\" content=\"new\" \/>\n<!-- \/ Yoast SEO plugin. -->","yoast_head_json":{"title":"ILSO CLEAN MUD CREAM 100G - FACECORNER","robots":{"index":"index","follow":"follow","max-snippet":"max-snippet:-1","max-image-preview":"max-image-preview:large","max-video-preview":"max-video-preview:-1"},"canonical":"https:\/\/www.facecorner.lv\/lv\/shop\/ilso-clean-mud-cream-100g\/","og_locale":"lv_LV","og_type":"article","og_title":"ILSO CLEAN MUD CREAM 100G - FACECORNER","og_description":"\u0160is inovat\u012bvais dub\u013cu kr\u0113ms ir ne tikai vienk\u0101r\u0161i att\u012br\u012b\u0161anas l\u012bdzeklis, bet ar\u012b daudzpak\u0101pju kop\u0161anas ritu\u0101ls, kas mitrina, nomierina un efekt\u012bvi c\u012bn\u0101s ar net\u012brumiem, atmiru\u0161aj\u0101m \u0101das \u0161\u016bn\u0101m un lieko sebumu. L\u016bk, k\u0101p\u0113c jums tas patiks: &#8211; Poras att\u012bro\u0161a piln\u012bba: maigi un efekt\u012bvi no\u0146em net\u012brumus, atmiru\u0161\u0101s \u0101das \u0161\u016bnas un sebumu, lai padar\u012btu sejas toni t\u012br\u0101ku un vienm\u0113r\u012bg\u0101ku. [&hellip;]","og_url":"https:\/\/www.facecorner.lv\/lv\/shop\/ilso-clean-mud-cream-100g\/","og_site_name":"FACECORNER","article_publisher":"https:\/\/www.facebook.com\/profile.php?id=100063824551839","article_modified_time":"2024-12-05T16:42:32+00:00","og_image":[{"width":550,"height":550,"url":"https:\/\/www.facecorner.lv\/wp-content\/uploads\/2024\/05\/s-l1200.webp","type":"image\/webp"}],"twitter_card":"summary_large_image","twitter_misc":{"Price":"&euro;28.00","Availability":"In stock"},"schema":{"@context":"https:\/\/schema.org","@graph":[{"@type":"WebPage","@id":"https:\/\/www.facecorner.lv\/shop\/ilso-clean-mud-cream-100g\/","url":"https:\/\/www.facecorner.lv\/shop\/ilso-clean-mud-cream-100g\/","name":"ILSO CLEAN MUD CREAM 100G - FACECORNER","isPartOf":{"@id":"https:\/\/www.facecorner.lv\/#website"},"primaryImageOfPage":{"@id":"https:\/\/www.facecorner.lv\/shop\/ilso-clean-mud-cream-100g\/#primaryimage"},"image":{"@id":"https:\/\/www.facecorner.lv\/shop\/ilso-clean-mud-cream-100g\/#primaryimage"},"thumbnailUrl":"https:\/\/www.facecorner.lv\/wp-content\/uploads\/2024\/05\/s-l1200.webp","datePublished":"2024-05-07T13:48:16+00:00","dateModified":"2024-12-05T16:42:32+00:00","breadcrumb":{"@id":"https:\/\/www.facecorner.lv\/shop\/ilso-clean-mud-cream-100g\/#breadcrumb"},"inLanguage":"lv-LV","potentialAction":[{"@type":"ReadAction","target":["https:\/\/www.facecorner.lv\/shop\/ilso-clean-mud-cream-100g\/"]}]},{"@type":"ImageObject","inLanguage":"lv-LV","@id":"https:\/\/www.facecorner.lv\/shop\/ilso-clean-mud-cream-100g\/#primaryimage","url":"https:\/\/www.facecorner.lv\/wp-content\/uploads\/2024\/05\/s-l1200.webp","contentUrl":"https:\/\/www.facecorner.lv\/wp-content\/uploads\/2024\/05\/s-l1200.webp","width":550,"height":550},{"@type":"BreadcrumbList","@id":"https:\/\/www.facecorner.lv\/shop\/ilso-clean-mud-cream-100g\/#breadcrumb","itemListElement":[{"@type":"ListItem","position":1,"name":"Home","item":"https:\/\/www.facecorner.lv\/"},{"@type":"ListItem","position":2,"name":"Veikals","item":"https:\/\/www.facecorner.lv\/shop\/"},{"@type":"ListItem","position":3,"name":"ILSO CLEAN MUD CREAM 100G"}]},{"@type":"WebSite","@id":"https:\/\/www.facecorner.lv\/#website","url":"https:\/\/www.facecorner.lv\/","name":"Facecorner","description":"","publisher":{"@id":"https:\/\/www.facecorner.lv\/#organization"},"potentialAction":[{"@type":"SearchAction","target":{"@type":"EntryPoint","urlTemplate":"https:\/\/www.facecorner.lv\/?s={search_term_string}"},"query-input":{"@type":"PropertyValueSpecification","valueRequired":true,"valueName":"search_term_string"}}],"inLanguage":"lv-LV"},{"@type":"Organization","@id":"https:\/\/www.facecorner.lv\/#organization","name":"Facecorner","url":"https:\/\/www.facecorner.lv\/","logo":{"@type":"ImageObject","inLanguage":"lv-LV","@id":"https:\/\/www.facecorner.lv\/#\/schema\/logo\/image\/","url":"https:\/\/www.facecorner.lv\/wp-content\/uploads\/2024\/04\/fc-logo.jpg","contentUrl":"https:\/\/www.facecorner.lv\/wp-content\/uploads\/2024\/04\/fc-logo.jpg","width":174,"height":28,"caption":"Facecorner"},"image":{"@id":"https:\/\/www.facecorner.lv\/#\/schema\/logo\/image\/"},"sameAs":["https:\/\/www.facebook.com\/profile.php?id=100063824551839","https:\/\/www.instagram.com\/facecorner_shop\/"]}]},"product_price_amount":"28.00","product_price_currency":"EUR","og_availability":"instock","product_availability":"instock","product_condition":"new"},"_links":{"self":[{"href":"https:\/\/www.facecorner.lv\/lv\/wp-json\/wp\/v2\/product\/15398","targetHints":{"allow":["GET"]}}],"collection":[{"href":"https:\/\/www.facecorner.lv\/lv\/wp-json\/wp\/v2\/product"}],"about":[{"href":"https:\/\/www.facecorner.lv\/lv\/wp-json\/wp\/v2\/types\/product"}],"replies":[{"embeddable":true,"href":"https:\/\/www.facecorner.lv\/lv\/wp-json\/wp\/v2\/comments?post=15398"}],"wp:featuredmedia":[{"embeddable":true,"href":"https:\/\/www.facecorner.lv\/lv\/wp-json\/wp\/v2\/media\/15399"}],"wp:attachment":[{"href":"https:\/\/www.facecorner.lv\/lv\/wp-json\/wp\/v2\/media?parent=15398"}],"wp:term":[{"taxonomy":"product_brand","embeddable":true,"href":"https:\/\/www.facecorner.lv\/lv\/wp-json\/wp\/v2\/product_brand?post=15398"},{"taxonomy":"product_cat","embeddable":true,"href":"https:\/\/www.facecorner.lv\/lv\/wp-json\/wp\/v2\/product_cat?post=15398"},{"taxonomy":"product_tag","embeddable":true,"href":"https:\/\/www.facecorner.lv\/lv\/wp-json\/wp\/v2\/product_tag?post=15398"},{"taxonomy":"berocket_brand","embeddable":true,"href":"https:\/\/www.facecorner.lv\/lv\/wp-json\/wp\/v2\/berocket_brand?post=15398"}],"curies":[{"name":"wp","href":"https:\/\/api.w.org\/{rel}","templated":true}]}}