{"id":15377,"date":"2024-05-06T18:07:40","date_gmt":"2024-05-06T16:07:40","guid":{"rendered":"https:\/\/www.facecorner.lv\/?post_type=product&#038;p=15377"},"modified":"2025-12-16T02:12:22","modified_gmt":"2025-12-15T23:12:22","slug":"medi-peel-5-gf-eye-tox-cream-40ml","status":"publish","type":"product","link":"https:\/\/www.facecorner.lv\/lv\/shop\/medi-peel-5-gf-eye-tox-cream-40ml\/","title":{"rendered":"Medi-Peel 5 GF Eye Tox Cream 40ml"},"content":{"rendered":"<p>Atjaunojo\u0161s acu liftinga kr\u0113ms ar pept\u012bdu kompleksu Medi-Peel 5 GF Eye Tox Cream kopj nobriedu\u0161u \u0101du un pal\u0113nina noveco\u0161an\u0101s procesu.<\/p>\n<p>5 veidu pept\u012bdu komplekss &#8220;5PEPTIDE BALANCE&#8221; atjauno, samazina eso\u0161\u0101s grumbas un nov\u0113r\u0161 jaunu grumbu ra\u0161anos, savelk, mitrina un pal\u0113nina noveco\u0161an\u0101s procesu. Peptidi pal\u012bdz nostiprin\u0101t sejas kont\u016bras, paaugstina kop\u0113jo \u0101das tonusu, pa\u0101trina dabisko kolag\u0113na un elast\u012bna \u0161\u0137iedru ra\u017eo\u0161anas procesu epiderm\u0101.<\/p>\n<p>Kr\u0113ms efekt\u012bvi iedarbojas uz nobriedu\u0161u \u0101du, stiprina un nostiepj, palielina \u0101das elast\u012bbu, k\u0101 ar\u012b aktiviz\u0113 kolag\u0113na un elast\u012bna sint\u0113zi, nov\u0113r\u0161ot \u0101das nov\u012b\u0161anu. Tam piem\u012bt atjaunojo\u0161a iedarb\u012bba, tas samazina vecuma grumbu dzi\u013cumu un smaguma pak\u0101pi un izl\u012bdzina sejas grumbas. Nostiprina turgoru, mitrina un pal\u0113nina noveco\u0161an\u0101s procesus.<\/p>\n<p>Atjauno mitruma tr\u016bkumu un uztur optim\u0101lu mitrin\u0101\u0161anas l\u012bmeni, k\u0101 ar\u012b nomierina sakairin\u0101tu \u0101du.<\/p>\n<p>L\u012bdzekli var lietot lok\u0101li, uzkl\u0101jot to uz viet\u0101m ar izteikt\u0101m grumbi\u0146\u0101m &#8211; deguna un kakla grumbi\u0146\u0101m, starpacu zonai un kaklam.<\/p>\n<p><strong>Galven\u0101s akt\u012bv\u0101s sast\u0101vda\u013cas:<\/strong><\/p>\n<ul>\n<li>Adenoz\u012bns ir sp\u0113c\u012bga pretnoveco\u0161an\u0101s sast\u0101vda\u013ca. Tas savelk \u0101du, veicina kolag\u0113na veido\u0161anos, pal\u012bdz samazin\u0101t grumbu skaitu, kav\u0113 noveco\u0161an\u0101s procesus.<\/li>\n<li>5 veidu pept\u012bdu komplekss pal\u012bdz mitrin\u0101t \u0101du un saglab\u0101t mitrumu, uzlabo sejas kr\u0101su, pie\u0161\u0137irot vesel\u012bgu mirdzumu un izl\u012bdzinot tonusu, samazina vecuma un sejas grumbu dzi\u013cumu un skaitu, palielina elast\u012bbu, samazina piet\u016bkumu, izgaismo pigment\u0101ciju.<\/li>\n<li>Hidroliz\u0113tais kolag\u0113ns pal\u012bdz izl\u012bdzin\u0101t \u0101das mikroreljefu, izl\u012bdzina s\u012bk\u0101s grumbi\u0146as un samazina lielo sejas izteiksmes l\u012bniju dzi\u013cumu, palielina tvirtumu un elast\u012bbu, viegli savelk sejas ov\u0101lu, toniz\u0113 \u0101du. Tas ir sp\u0113c\u012bgs mitrin\u0101t\u0101js un aizsarg\u0101 mitrumu dzi\u013cajos sl\u0101\u0146os no priek\u0161laic\u012bgas iztvaiko\u0161anas.<\/li>\n<li>Hialuronsk\u0101be nodro\u0161ina ilgsto\u0161u un intens\u012bvu \u0101das mitrin\u0101\u0161anu, aizsarg\u0101 pret dehidrat\u0101ciju un priek\u0161laic\u012bgu grumbu veido\u0161anos, stimul\u0113 \u0161\u016bnu atjauno\u0161anos, dzied\u0113 br\u016bces un plaisas.<\/li>\n<li>Za\u013c\u0101s t\u0113jas ekstrakts lieliski mitrina un toniz\u0113 \u0101du, tam piem\u012bt antioksidanta iedarb\u012bba, antibakteri\u0101las \u012bpa\u0161\u012bbas, padara \u0101du tvirt\u0101ku un elast\u012bg\u0101ku, izl\u012bdzina grumbas, uzlabo sejas kr\u0101su.<\/li>\n<li>Rozmar\u012bna ekstrakts veicina \u0101das \u0161\u016bnu atjauno\u0161anos, toniz\u0113, uzlabo asinsriti, izl\u012bdzina \u0101das strukt\u016bru, labi sa\u0161aurina poras un iedarbojas p\u012blinga veid\u0101, ide\u0101li piem\u0113rots nobriedu\u0161ai \u0101dai un c\u012b\u0146ai ar vecuma izmai\u0146\u0101m.<\/li>\n<\/ul>\n<p><strong>Lieto\u0161ana:<\/strong> uzkl\u0101jiet nepiecie\u0161amo kr\u0113ma daudzumu lok\u0101li uz acu zonas, deguna un kakla, starpacu zonas un starpacu zonas. Ar maziem pirkstiem viegli ieziep\u0101jiet kr\u0113mu uz \u0101das.<\/p>\n<p><strong>S\u0101stavs:\u00a0<\/strong>Purified water, Butylene Glycol, Caprylic\/Capric Triglyceride, Cetearyl Alcohol, Glycerin, Stearic Acid, Polyglyceryl-3methylglucose Distearate, Cyclopentasiloxane, Urea, C12-15 alkyl Benzoate, Glyceryl Stearate, Hydroxyacetophenone, Carbomer, Triethanolamine, Dimethicone, Betaine, Propanediol, Macadamia Seed Oil, Meadowform Seed Oil, Ethylhexyl Glycerin, Panthenol, FivP, Adenosine, Disodium EDTA, Green Tea Extract, Lavender Extract, Rosemary Leaf Extract, Sodium Hyaluronate, Acetylhexapeptide-8 (100 ppm), Aloe Vera Ieaf Juice, Palmitoyl Tetrapeptide-7, Palmitoyl Tripeptide-1, Hydrolyzed Collagen, Golden Extract, 1,2-Hexanediol,Aloe Vera Leaf Extract,Bioflavonoid,Broccoli Extract,SH-Oligopeptide-1(0.0001ppm), SH-Oligopeptide-2 (0.0001 ppm) ,SH-Polypeptide-1 (0.0001 ppm), SH-Polypeptide-16 (0.0001 ppm), SH-Polypeptide-3 (0.0001 ppm)<\/p>\n","protected":false},"excerpt":{"rendered":"<p>Atjaunojo\u0161s acu liftinga kr\u0113ms ar pept\u012bdu kompleksu Medi-Peel 5 GF Eye Tox Cream kopj nobriedu\u0161u \u0101du un pal\u0113nina noveco\u0161an\u0101s procesu. 5 veidu pept\u012bdu komplekss &#8220;5PEPTIDE BALANCE&#8221; atjauno, samazina eso\u0161\u0101s grumbas un nov\u0113r\u0161 jaunu grumbu ra\u0161anos, savelk, mitrina un pal\u0113nina noveco\u0161an\u0101s procesu. Peptidi pal\u012bdz nostiprin\u0101t sejas kont\u016bras, paaugstina kop\u0113jo \u0101das tonusu, pa\u0101trina dabisko kolag\u0113na un elast\u012bna [&hellip;]<\/p>\n","protected":false},"featured_media":15378,"comment_status":"open","ping_status":"closed","template":"","meta":{"site-sidebar-layout":"default","site-content-layout":"","ast-site-content-layout":"","site-content-style":"default","site-sidebar-style":"default","ast-global-header-display":"","ast-banner-title-visibility":"","ast-main-header-display":"","ast-hfb-above-header-display":"","ast-hfb-below-header-display":"","ast-hfb-mobile-header-display":"","site-post-title":"","ast-breadcrumbs-content":"","ast-featured-img":"","footer-sml-layout":"","theme-transparent-header-meta":"","adv-header-id-meta":"","stick-header-meta":"","header-above-stick-meta":"","header-main-stick-meta":"","header-below-stick-meta":"","astra-migrate-meta-layouts":"default","ast-page-background-enabled":"default","ast-page-background-meta":{"desktop":{"background-color":"var(--ast-global-color-4)","background-image":"","background-repeat":"repeat","background-position":"center center","background-size":"auto","background-attachment":"scroll","background-type":"","background-media":"","overlay-type":"","overlay-color":"","overlay-opacity":"","overlay-gradient":""},"tablet":{"background-color":"","background-image":"","background-repeat":"repeat","background-position":"center center","background-size":"auto","background-attachment":"scroll","background-type":"","background-media":"","overlay-type":"","overlay-color":"","overlay-opacity":"","overlay-gradient":""},"mobile":{"background-color":"","background-image":"","background-repeat":"repeat","background-position":"center center","background-size":"auto","background-attachment":"scroll","background-type":"","background-media":"","overlay-type":"","overlay-color":"","overlay-opacity":"","overlay-gradient":""}},"ast-content-background-meta":{"desktop":{"background-color":"var(--ast-global-color-5)","background-image":"","background-repeat":"repeat","background-position":"center center","background-size":"auto","background-attachment":"scroll","background-type":"","background-media":"","overlay-type":"","overlay-color":"","overlay-opacity":"","overlay-gradient":""},"tablet":{"background-color":"var(--ast-global-color-5)","background-image":"","background-repeat":"repeat","background-position":"center center","background-size":"auto","background-attachment":"scroll","background-type":"","background-media":"","overlay-type":"","overlay-color":"","overlay-opacity":"","overlay-gradient":""},"mobile":{"background-color":"var(--ast-global-color-5)","background-image":"","background-repeat":"repeat","background-position":"center center","background-size":"auto","background-attachment":"scroll","background-type":"","background-media":"","overlay-type":"","overlay-color":"","overlay-opacity":"","overlay-gradient":""}}},"product_brand":[],"product_cat":[308],"product_tag":[],"berocket_brand":[583],"class_list":{"0":"post-15377","1":"product","2":"type-product","3":"status-publish","4":"has-post-thumbnail","6":"product_cat-acu-krems","7":"berocket_brand-medi-peel","8":"desktop-align-left","9":"tablet-align-left","10":"mobile-align-left","12":"first","13":"outofstock","14":"taxable","15":"shipping-taxable","16":"purchasable","17":"product-type-simple","18":"add-to-wishlist-before_image"},"yoast_head":"<!-- This site is optimized with the Yoast SEO plugin v27.3 - https:\/\/yoast.com\/product\/yoast-seo-wordpress\/ -->\n<title>Medi-Peel 5 GF Eye Tox Cream 40ml - FACECORNER<\/title>\n<meta name=\"robots\" content=\"index, follow, max-snippet:-1, max-image-preview:large, max-video-preview:-1\" \/>\n<link rel=\"canonical\" href=\"https:\/\/www.facecorner.lv\/lv\/shop\/medi-peel-5-gf-eye-tox-cream-40ml\/\" \/>\n<meta property=\"og:locale\" content=\"lv_LV\" \/>\n<meta property=\"og:type\" content=\"article\" \/>\n<meta property=\"og:title\" content=\"Medi-Peel 5 GF Eye Tox Cream 40ml - FACECORNER\" \/>\n<meta property=\"og:description\" content=\"Atjaunojo\u0161s acu liftinga kr\u0113ms ar pept\u012bdu kompleksu Medi-Peel 5 GF Eye Tox Cream kopj nobriedu\u0161u \u0101du un pal\u0113nina noveco\u0161an\u0101s procesu. 5 veidu pept\u012bdu komplekss &#8220;5PEPTIDE BALANCE&#8221; atjauno, samazina eso\u0161\u0101s grumbas un nov\u0113r\u0161 jaunu grumbu ra\u0161anos, savelk, mitrina un pal\u0113nina noveco\u0161an\u0101s procesu. Peptidi pal\u012bdz nostiprin\u0101t sejas kont\u016bras, paaugstina kop\u0113jo \u0101das tonusu, pa\u0101trina dabisko kolag\u0113na un elast\u012bna [&hellip;]\" \/>\n<meta property=\"og:url\" content=\"https:\/\/www.facecorner.lv\/lv\/shop\/medi-peel-5-gf-eye-tox-cream-40ml\/\" \/>\n<meta property=\"og:site_name\" content=\"FACECORNER\" \/>\n<meta property=\"article:publisher\" content=\"https:\/\/www.facebook.com\/profile.php?id=100063824551839\" \/>\n<meta property=\"article:modified_time\" content=\"2025-12-15T23:12:22+00:00\" \/>\n<meta property=\"og:image\" content=\"https:\/\/www.facecorner.lv\/wp-content\/uploads\/2024\/05\/51qCCBMpdfL.jpg\" \/>\n\t<meta property=\"og:image:width\" content=\"1500\" \/>\n\t<meta property=\"og:image:height\" content=\"1500\" \/>\n\t<meta property=\"og:image:type\" content=\"image\/jpeg\" \/>\n<meta name=\"twitter:card\" content=\"summary_large_image\" \/>\n<meta name=\"twitter:label1\" content=\"Price\" \/>\n\t<meta name=\"twitter:data1\" content=\"&euro;20.99\" \/>\n\t<meta name=\"twitter:label2\" content=\"Availability\" \/>\n\t<meta name=\"twitter:data2\" content=\"Out of stock\" \/>\n<script type=\"application\/ld+json\" class=\"yoast-schema-graph\">{\"@context\":\"https:\\\/\\\/schema.org\",\"@graph\":[{\"@type\":\"WebPage\",\"@id\":\"https:\\\/\\\/www.facecorner.lv\\\/shop\\\/medi-peel-5-gf-eye-tox-cream-40ml\\\/\",\"url\":\"https:\\\/\\\/www.facecorner.lv\\\/shop\\\/medi-peel-5-gf-eye-tox-cream-40ml\\\/\",\"name\":\"Medi-Peel 5 GF Eye Tox Cream 40ml - FACECORNER\",\"isPartOf\":{\"@id\":\"https:\\\/\\\/www.facecorner.lv\\\/#website\"},\"primaryImageOfPage\":{\"@id\":\"https:\\\/\\\/www.facecorner.lv\\\/shop\\\/medi-peel-5-gf-eye-tox-cream-40ml\\\/#primaryimage\"},\"image\":{\"@id\":\"https:\\\/\\\/www.facecorner.lv\\\/shop\\\/medi-peel-5-gf-eye-tox-cream-40ml\\\/#primaryimage\"},\"thumbnailUrl\":\"https:\\\/\\\/www.facecorner.lv\\\/wp-content\\\/uploads\\\/2024\\\/05\\\/51qCCBMpdfL.jpg\",\"datePublished\":\"2024-05-06T16:07:40+00:00\",\"dateModified\":\"2025-12-15T23:12:22+00:00\",\"breadcrumb\":{\"@id\":\"https:\\\/\\\/www.facecorner.lv\\\/shop\\\/medi-peel-5-gf-eye-tox-cream-40ml\\\/#breadcrumb\"},\"inLanguage\":\"lv-LV\",\"potentialAction\":[{\"@type\":\"ReadAction\",\"target\":[\"https:\\\/\\\/www.facecorner.lv\\\/shop\\\/medi-peel-5-gf-eye-tox-cream-40ml\\\/\"]}]},{\"@type\":\"ImageObject\",\"inLanguage\":\"lv-LV\",\"@id\":\"https:\\\/\\\/www.facecorner.lv\\\/shop\\\/medi-peel-5-gf-eye-tox-cream-40ml\\\/#primaryimage\",\"url\":\"https:\\\/\\\/www.facecorner.lv\\\/wp-content\\\/uploads\\\/2024\\\/05\\\/51qCCBMpdfL.jpg\",\"contentUrl\":\"https:\\\/\\\/www.facecorner.lv\\\/wp-content\\\/uploads\\\/2024\\\/05\\\/51qCCBMpdfL.jpg\",\"width\":1500,\"height\":1500,\"caption\":\"Version 1.0.0\"},{\"@type\":\"BreadcrumbList\",\"@id\":\"https:\\\/\\\/www.facecorner.lv\\\/shop\\\/medi-peel-5-gf-eye-tox-cream-40ml\\\/#breadcrumb\",\"itemListElement\":[{\"@type\":\"ListItem\",\"position\":1,\"name\":\"Home\",\"item\":\"https:\\\/\\\/www.facecorner.lv\\\/\"},{\"@type\":\"ListItem\",\"position\":2,\"name\":\"Veikals\",\"item\":\"https:\\\/\\\/www.facecorner.lv\\\/shop\\\/\"},{\"@type\":\"ListItem\",\"position\":3,\"name\":\"Medi-Peel 5 GF Eye Tox Cream 40ml\"}]},{\"@type\":\"WebSite\",\"@id\":\"https:\\\/\\\/www.facecorner.lv\\\/#website\",\"url\":\"https:\\\/\\\/www.facecorner.lv\\\/\",\"name\":\"Facecorner\",\"description\":\"\",\"publisher\":{\"@id\":\"https:\\\/\\\/www.facecorner.lv\\\/#organization\"},\"potentialAction\":[{\"@type\":\"SearchAction\",\"target\":{\"@type\":\"EntryPoint\",\"urlTemplate\":\"https:\\\/\\\/www.facecorner.lv\\\/?s={search_term_string}\"},\"query-input\":{\"@type\":\"PropertyValueSpecification\",\"valueRequired\":true,\"valueName\":\"search_term_string\"}}],\"inLanguage\":\"lv-LV\"},{\"@type\":\"Organization\",\"@id\":\"https:\\\/\\\/www.facecorner.lv\\\/#organization\",\"name\":\"Facecorner\",\"url\":\"https:\\\/\\\/www.facecorner.lv\\\/\",\"logo\":{\"@type\":\"ImageObject\",\"inLanguage\":\"lv-LV\",\"@id\":\"https:\\\/\\\/www.facecorner.lv\\\/#\\\/schema\\\/logo\\\/image\\\/\",\"url\":\"https:\\\/\\\/www.facecorner.lv\\\/wp-content\\\/uploads\\\/2024\\\/04\\\/fc-logo.jpg\",\"contentUrl\":\"https:\\\/\\\/www.facecorner.lv\\\/wp-content\\\/uploads\\\/2024\\\/04\\\/fc-logo.jpg\",\"width\":174,\"height\":28,\"caption\":\"Facecorner\"},\"image\":{\"@id\":\"https:\\\/\\\/www.facecorner.lv\\\/#\\\/schema\\\/logo\\\/image\\\/\"},\"sameAs\":[\"https:\\\/\\\/www.facebook.com\\\/profile.php?id=100063824551839\",\"https:\\\/\\\/www.instagram.com\\\/facecorner_shop\\\/\"]}]}<\/script>\n<meta property=\"product:price:amount\" content=\"20.99\" \/>\n<meta property=\"product:price:currency\" content=\"EUR\" \/>\n<meta property=\"og:availability\" content=\"out of stock\" \/>\n<meta property=\"product:availability\" content=\"out of stock\" \/>\n<meta property=\"product:condition\" content=\"new\" \/>\n<!-- \/ Yoast SEO plugin. -->","yoast_head_json":{"title":"Medi-Peel 5 GF Eye Tox Cream 40ml - FACECORNER","robots":{"index":"index","follow":"follow","max-snippet":"max-snippet:-1","max-image-preview":"max-image-preview:large","max-video-preview":"max-video-preview:-1"},"canonical":"https:\/\/www.facecorner.lv\/lv\/shop\/medi-peel-5-gf-eye-tox-cream-40ml\/","og_locale":"lv_LV","og_type":"article","og_title":"Medi-Peel 5 GF Eye Tox Cream 40ml - FACECORNER","og_description":"Atjaunojo\u0161s acu liftinga kr\u0113ms ar pept\u012bdu kompleksu Medi-Peel 5 GF Eye Tox Cream kopj nobriedu\u0161u \u0101du un pal\u0113nina noveco\u0161an\u0101s procesu. 5 veidu pept\u012bdu komplekss &#8220;5PEPTIDE BALANCE&#8221; atjauno, samazina eso\u0161\u0101s grumbas un nov\u0113r\u0161 jaunu grumbu ra\u0161anos, savelk, mitrina un pal\u0113nina noveco\u0161an\u0101s procesu. Peptidi pal\u012bdz nostiprin\u0101t sejas kont\u016bras, paaugstina kop\u0113jo \u0101das tonusu, pa\u0101trina dabisko kolag\u0113na un elast\u012bna [&hellip;]","og_url":"https:\/\/www.facecorner.lv\/lv\/shop\/medi-peel-5-gf-eye-tox-cream-40ml\/","og_site_name":"FACECORNER","article_publisher":"https:\/\/www.facebook.com\/profile.php?id=100063824551839","article_modified_time":"2025-12-15T23:12:22+00:00","og_image":[{"width":1500,"height":1500,"url":"https:\/\/www.facecorner.lv\/wp-content\/uploads\/2024\/05\/51qCCBMpdfL.jpg","type":"image\/jpeg"}],"twitter_card":"summary_large_image","twitter_misc":{"Price":"&euro;20.99","Availability":"Out of stock"},"schema":{"@context":"https:\/\/schema.org","@graph":[{"@type":"WebPage","@id":"https:\/\/www.facecorner.lv\/shop\/medi-peel-5-gf-eye-tox-cream-40ml\/","url":"https:\/\/www.facecorner.lv\/shop\/medi-peel-5-gf-eye-tox-cream-40ml\/","name":"Medi-Peel 5 GF Eye Tox Cream 40ml - FACECORNER","isPartOf":{"@id":"https:\/\/www.facecorner.lv\/#website"},"primaryImageOfPage":{"@id":"https:\/\/www.facecorner.lv\/shop\/medi-peel-5-gf-eye-tox-cream-40ml\/#primaryimage"},"image":{"@id":"https:\/\/www.facecorner.lv\/shop\/medi-peel-5-gf-eye-tox-cream-40ml\/#primaryimage"},"thumbnailUrl":"https:\/\/www.facecorner.lv\/wp-content\/uploads\/2024\/05\/51qCCBMpdfL.jpg","datePublished":"2024-05-06T16:07:40+00:00","dateModified":"2025-12-15T23:12:22+00:00","breadcrumb":{"@id":"https:\/\/www.facecorner.lv\/shop\/medi-peel-5-gf-eye-tox-cream-40ml\/#breadcrumb"},"inLanguage":"lv-LV","potentialAction":[{"@type":"ReadAction","target":["https:\/\/www.facecorner.lv\/shop\/medi-peel-5-gf-eye-tox-cream-40ml\/"]}]},{"@type":"ImageObject","inLanguage":"lv-LV","@id":"https:\/\/www.facecorner.lv\/shop\/medi-peel-5-gf-eye-tox-cream-40ml\/#primaryimage","url":"https:\/\/www.facecorner.lv\/wp-content\/uploads\/2024\/05\/51qCCBMpdfL.jpg","contentUrl":"https:\/\/www.facecorner.lv\/wp-content\/uploads\/2024\/05\/51qCCBMpdfL.jpg","width":1500,"height":1500,"caption":"Version 1.0.0"},{"@type":"BreadcrumbList","@id":"https:\/\/www.facecorner.lv\/shop\/medi-peel-5-gf-eye-tox-cream-40ml\/#breadcrumb","itemListElement":[{"@type":"ListItem","position":1,"name":"Home","item":"https:\/\/www.facecorner.lv\/"},{"@type":"ListItem","position":2,"name":"Veikals","item":"https:\/\/www.facecorner.lv\/shop\/"},{"@type":"ListItem","position":3,"name":"Medi-Peel 5 GF Eye Tox Cream 40ml"}]},{"@type":"WebSite","@id":"https:\/\/www.facecorner.lv\/#website","url":"https:\/\/www.facecorner.lv\/","name":"Facecorner","description":"","publisher":{"@id":"https:\/\/www.facecorner.lv\/#organization"},"potentialAction":[{"@type":"SearchAction","target":{"@type":"EntryPoint","urlTemplate":"https:\/\/www.facecorner.lv\/?s={search_term_string}"},"query-input":{"@type":"PropertyValueSpecification","valueRequired":true,"valueName":"search_term_string"}}],"inLanguage":"lv-LV"},{"@type":"Organization","@id":"https:\/\/www.facecorner.lv\/#organization","name":"Facecorner","url":"https:\/\/www.facecorner.lv\/","logo":{"@type":"ImageObject","inLanguage":"lv-LV","@id":"https:\/\/www.facecorner.lv\/#\/schema\/logo\/image\/","url":"https:\/\/www.facecorner.lv\/wp-content\/uploads\/2024\/04\/fc-logo.jpg","contentUrl":"https:\/\/www.facecorner.lv\/wp-content\/uploads\/2024\/04\/fc-logo.jpg","width":174,"height":28,"caption":"Facecorner"},"image":{"@id":"https:\/\/www.facecorner.lv\/#\/schema\/logo\/image\/"},"sameAs":["https:\/\/www.facebook.com\/profile.php?id=100063824551839","https:\/\/www.instagram.com\/facecorner_shop\/"]}]},"product_price_amount":"20.99","product_price_currency":"EUR","og_availability":"out of stock","product_availability":"out of stock","product_condition":"new"},"_links":{"self":[{"href":"https:\/\/www.facecorner.lv\/lv\/wp-json\/wp\/v2\/product\/15377","targetHints":{"allow":["GET"]}}],"collection":[{"href":"https:\/\/www.facecorner.lv\/lv\/wp-json\/wp\/v2\/product"}],"about":[{"href":"https:\/\/www.facecorner.lv\/lv\/wp-json\/wp\/v2\/types\/product"}],"replies":[{"embeddable":true,"href":"https:\/\/www.facecorner.lv\/lv\/wp-json\/wp\/v2\/comments?post=15377"}],"wp:featuredmedia":[{"embeddable":true,"href":"https:\/\/www.facecorner.lv\/lv\/wp-json\/wp\/v2\/media\/15378"}],"wp:attachment":[{"href":"https:\/\/www.facecorner.lv\/lv\/wp-json\/wp\/v2\/media?parent=15377"}],"wp:term":[{"taxonomy":"product_brand","embeddable":true,"href":"https:\/\/www.facecorner.lv\/lv\/wp-json\/wp\/v2\/product_brand?post=15377"},{"taxonomy":"product_cat","embeddable":true,"href":"https:\/\/www.facecorner.lv\/lv\/wp-json\/wp\/v2\/product_cat?post=15377"},{"taxonomy":"product_tag","embeddable":true,"href":"https:\/\/www.facecorner.lv\/lv\/wp-json\/wp\/v2\/product_tag?post=15377"},{"taxonomy":"berocket_brand","embeddable":true,"href":"https:\/\/www.facecorner.lv\/lv\/wp-json\/wp\/v2\/berocket_brand?post=15377"}],"curies":[{"name":"wp","href":"https:\/\/api.w.org\/{rel}","templated":true}]}}