{"id":15350,"date":"2024-05-04T06:57:11","date_gmt":"2024-05-04T04:57:11","guid":{"rendered":"https:\/\/www.facecorner.lv\/?post_type=product&#038;p=15350"},"modified":"2025-11-30T22:25:17","modified_gmt":"2025-11-30T19:25:17","slug":"lmedi-peel-cell-toxing-dermajours-repair-eye-cream-30ml","status":"publish","type":"product","link":"https:\/\/www.facecorner.lv\/lv\/shop\/lmedi-peel-cell-toxing-dermajours-repair-eye-cream-30ml\/","title":{"rendered":"Medi-Peel Cell Toxing Dermajours Repair Eye Cream 30ml"},"content":{"rendered":"<p>Medi-Peel Cell Toxing Dermajours Repair Eye Cream stimul\u0113 jaunu kolag\u0113na un elast\u012bna \u0161\u0137iedru sint\u0113zi, lai intens\u012bvi uzlabotu \u0101das elast\u012bbu. Tas stiprina turgoru, akt\u012bvi mitrina un baro, nov\u0113r\u0161 sausumu un pal\u0113nina audu noveco\u0161anos.<\/p>\n<p>L\u012bdzeklis redzami samazina izteiktas dzi\u013c\u0101s un sejas izteiksmes l\u012bnijas, maigi balina tum\u0161os lokus zem ac\u012bm un c\u012bn\u0101s pret bl\u0101vumu. Tas atjauno boj\u0101to \u0101das matricu, izl\u012bdzina reljefu un nov\u0113r\u0161 ar vecumu saist\u012bto izmai\u0146u ra\u0161anos.<\/p>\n<p><strong>Kr\u0113mu var lietot ne tikai plaksti\u0146u zonai, bet ar\u012b zon\u0101m, kur\u0101m nepiecie\u0161ama papildu kop\u0161ana: nazolabi\u0101laj\u0101m krok\u0101m, starpacu grumbi\u0146\u0101m, pieres un kakla zonai.<\/strong><\/p>\n<p><strong>Galven\u0101s akt\u012bv\u0101s sast\u0101vda\u013cas:<\/strong><\/p>\n<ul>\n<li>Edelweiss Alpine cilmes \u0161\u016bnas stimul\u0113 akvapor\u012bnus, kas ir &#8220;\u016bdens kan\u0101li&#8221; \u0161\u016bnu membr\u0101n\u0101s un nodro\u0161ina ide\u0101lu \u0101das mitrin\u0101\u0161anas l\u012bdzsvaru, k\u0101 ar\u012b atjauno aizsargfunkcijas un nov\u0113r\u0161 transepiderm\u0101lo mitruma zudumu.<\/li>\n<li>Ol\u012bve\u013c\u013ca m\u012bkstina un baro, atjauno \u0101du un tai piem\u012bt antioksidantu \u012bpa\u0161\u012bbas.<\/li>\n<li>9 veidu pept\u012bdu komplekss palielina \u0101das tvirtumu un elast\u012bbu, pa\u0101trina organisma kolag\u0113na un elast\u012bna \u0161\u0137iedru veido\u0161anos. Samazina grumbu dzi\u013cumu un nov\u0113r\u0161 \u0101das nov\u012b\u0161anu. Stiprina \u0101das aizsargbarjeru.<\/li>\n<li>SYN\u00ae\ufe0f-AKE &#8211; p\u0113c sast\u0101va l\u012bdz\u012bgs viperes indei, kas nom\u0101c musku\u013cu kontrakcijas, ar botul\u012bnam l\u012bdz\u012bgu iedarb\u012bbu: samazina grumbu dzi\u013cumu uz pieres, nazolabi\u0101laj\u0101s krok\u0101s, ap ac\u012bm.<\/li>\n<li>SYN\u00ae\ufe0f-COLL &#8211; sp\u0113c\u012bgs pretnoveco\u0161an\u0101s komplekss, kas akt\u012bvi stimul\u0113 kolag\u0113na sint\u0113zi un nov\u0113r\u0161 t\u0101 izn\u012bcin\u0101\u0161anu. Tas uzlabo turgoru, samazina izteikto sejas un vecuma grumbu dzi\u013cumu, izl\u012bdzina reljefu un nostiepj.<\/li>\n<li>Oriental Beauty Fruits Newplex (v\u012b\u0123es, gran\u0101t\u0101bolu, ginko biloba, z\u012bdkoka ekstraktu, z\u012bdkoka ogas) ir izteikta nomierino\u0161a iedarb\u012bba, mazina niezi un kairin\u0101jumu, stimul\u0113 \u0161\u016bnu atjauno\u0161anos.<\/li>\n<li>Fresh Bud no. 6\u2122\ufe0f (broko\u013cu d\u012bgstu, lucernas, Pekinas k\u0101postu, kvie\u0161u ekstrakti) stiprina imunit\u0101ti un stimul\u0113 re\u0123ener\u0101cijas procesus, nomierina un dzied\u0113 iekaisumus.<\/li>\n<li>Magnolijas mizas ekstrakts pal\u0113nina kolag\u0113na un elast\u012bna \u0161\u0137iedru boj\u0101\u0161anos, saglab\u0101 audu elast\u012bbu un bl\u012bvumu.<\/li>\n<\/ul>\n<p><strong>Lieto\u0161ana:<\/strong> uzkl\u0101jiet nepiecie\u0161amo l\u012bdzek\u013ca daudzumu ar vieglu uzsl\u0101\u0146o\u0161anu uz acu zonas.<\/p>\n<p><strong>S\u0101stavs:\u00a0<\/strong>Water, Butylene Glycol, Methylpropanediol, Glycerin, Olea Europaea (Olive) Fruit Oil, Triethylhexanoin, Cetearyl Olivate, 1,2-Hexanediol, Niacinamide, Butylene Glycol Dicaprylate\/Dicaprate, Sorbitan Olivate, Cetyl Alcohol, Helianthus Annuus (Sunflower) Seed Oil, Stearic Acid, Palmitic Acid, Orbignya Oleifera Seed Oil,Simethicone, Hydroxyethyl Acrylate\/Sodium Acryloyldimethyl Taurate Copolymer, Arginine, Carbomer, Sodium Polyacrylate, Trehalose, Glyceryl Glucoside, Ethylhexylglycerin, Adenosine, Sorbitan Isostearate, Disodium EDTA, Malt Extract, Panthenol, Propylene Glycol, Leontopodium Alpinum Callus Culture Extract, Glutathione, Ficus Carica (Fig) Fruit Extract, Morus Alba Fruit Extract, Punica Granatum Fruit Extract, Ginkgo Biloba Nut Extract, Dipeptide Diaminobutyroyl Benzylamide Diacetate, Triticum Vulgare (Wheat) Sprout Extract, Brassica Oleracea Italica (Broccoli) Extract, Brassica Oleracea Capitata (Cabbage) Leaf Extract, Medicago Sativa (Alfalfa) Extract, Caviar Extract, Raphanus Sativus (Radish) Seed Extract, Brassica Campestris (Rapeseed) Extract, Palmitoyl Tripeptide-5, Sodium Hyaluronate, Magnolia Officinalis Bark Extract, Polysorbate 20, Lecithin, Copper Tripeptide-1, Tripeptide-1, Palmitoyl Pentapeptide-4, Nonapeptide-1, Acetyl Octapeptide-3, Acetyl Hexapeptide-8, Hexapeptide-9, Palmitoyl Tetrapeptide-7, Palmitoyl Tripeptide-1, Fragrance<\/p>\n","protected":false},"excerpt":{"rendered":"<p>Medi-Peel Cell Toxing Dermajours Repair Eye Cream stimul\u0113 jaunu kolag\u0113na un elast\u012bna \u0161\u0137iedru sint\u0113zi, lai intens\u012bvi uzlabotu \u0101das elast\u012bbu. Tas stiprina turgoru, akt\u012bvi mitrina un baro, nov\u0113r\u0161 sausumu un pal\u0113nina audu noveco\u0161anos. L\u012bdzeklis redzami samazina izteiktas dzi\u013c\u0101s un sejas izteiksmes l\u012bnijas, maigi balina tum\u0161os lokus zem ac\u012bm un c\u012bn\u0101s pret bl\u0101vumu. Tas atjauno boj\u0101to \u0101das [&hellip;]<\/p>\n","protected":false},"featured_media":15351,"comment_status":"open","ping_status":"closed","template":"","meta":{"site-sidebar-layout":"default","site-content-layout":"","ast-site-content-layout":"","site-content-style":"default","site-sidebar-style":"default","ast-global-header-display":"","ast-banner-title-visibility":"","ast-main-header-display":"","ast-hfb-above-header-display":"","ast-hfb-below-header-display":"","ast-hfb-mobile-header-display":"","site-post-title":"","ast-breadcrumbs-content":"","ast-featured-img":"","footer-sml-layout":"","theme-transparent-header-meta":"","adv-header-id-meta":"","stick-header-meta":"","header-above-stick-meta":"","header-main-stick-meta":"","header-below-stick-meta":"","astra-migrate-meta-layouts":"default","ast-page-background-enabled":"default","ast-page-background-meta":{"desktop":{"background-color":"var(--ast-global-color-4)","background-image":"","background-repeat":"repeat","background-position":"center center","background-size":"auto","background-attachment":"scroll","background-type":"","background-media":"","overlay-type":"","overlay-color":"","overlay-opacity":"","overlay-gradient":""},"tablet":{"background-color":"","background-image":"","background-repeat":"repeat","background-position":"center center","background-size":"auto","background-attachment":"scroll","background-type":"","background-media":"","overlay-type":"","overlay-color":"","overlay-opacity":"","overlay-gradient":""},"mobile":{"background-color":"","background-image":"","background-repeat":"repeat","background-position":"center center","background-size":"auto","background-attachment":"scroll","background-type":"","background-media":"","overlay-type":"","overlay-color":"","overlay-opacity":"","overlay-gradient":""}},"ast-content-background-meta":{"desktop":{"background-color":"var(--ast-global-color-5)","background-image":"","background-repeat":"repeat","background-position":"center center","background-size":"auto","background-attachment":"scroll","background-type":"","background-media":"","overlay-type":"","overlay-color":"","overlay-opacity":"","overlay-gradient":""},"tablet":{"background-color":"var(--ast-global-color-5)","background-image":"","background-repeat":"repeat","background-position":"center center","background-size":"auto","background-attachment":"scroll","background-type":"","background-media":"","overlay-type":"","overlay-color":"","overlay-opacity":"","overlay-gradient":""},"mobile":{"background-color":"var(--ast-global-color-5)","background-image":"","background-repeat":"repeat","background-position":"center center","background-size":"auto","background-attachment":"scroll","background-type":"","background-media":"","overlay-type":"","overlay-color":"","overlay-opacity":"","overlay-gradient":""}}},"product_brand":[],"product_cat":[308,511],"product_tag":[],"berocket_brand":[583],"class_list":{"0":"post-15350","1":"product","2":"type-product","3":"status-publish","4":"has-post-thumbnail","6":"product_cat-acu-krems","7":"product_cat-atlaides","8":"berocket_brand-medi-peel","9":"desktop-align-left","10":"tablet-align-left","11":"mobile-align-left","13":"first","14":"outofstock","15":"sale","16":"taxable","17":"shipping-taxable","18":"purchasable","19":"product-type-simple","20":"add-to-wishlist-before_image"},"yoast_head":"<!-- This site is optimized with the Yoast SEO plugin v27.3 - https:\/\/yoast.com\/product\/yoast-seo-wordpress\/ -->\n<title>Medi-Peel Cell Toxing Dermajours Repair Eye Cream 30ml - FACECORNER<\/title>\n<meta name=\"robots\" content=\"index, follow, max-snippet:-1, max-image-preview:large, max-video-preview:-1\" \/>\n<link rel=\"canonical\" href=\"https:\/\/www.facecorner.lv\/lv\/shop\/lmedi-peel-cell-toxing-dermajours-repair-eye-cream-30ml\/\" \/>\n<meta property=\"og:locale\" content=\"lv_LV\" \/>\n<meta property=\"og:type\" content=\"article\" \/>\n<meta property=\"og:title\" content=\"Medi-Peel Cell Toxing Dermajours Repair Eye Cream 30ml - FACECORNER\" \/>\n<meta property=\"og:description\" content=\"Medi-Peel Cell Toxing Dermajours Repair Eye Cream stimul\u0113 jaunu kolag\u0113na un elast\u012bna \u0161\u0137iedru sint\u0113zi, lai intens\u012bvi uzlabotu \u0101das elast\u012bbu. Tas stiprina turgoru, akt\u012bvi mitrina un baro, nov\u0113r\u0161 sausumu un pal\u0113nina audu noveco\u0161anos. L\u012bdzeklis redzami samazina izteiktas dzi\u013c\u0101s un sejas izteiksmes l\u012bnijas, maigi balina tum\u0161os lokus zem ac\u012bm un c\u012bn\u0101s pret bl\u0101vumu. Tas atjauno boj\u0101to \u0101das [&hellip;]\" \/>\n<meta property=\"og:url\" content=\"https:\/\/www.facecorner.lv\/lv\/shop\/lmedi-peel-cell-toxing-dermajours-repair-eye-cream-30ml\/\" \/>\n<meta property=\"og:site_name\" content=\"FACECORNER\" \/>\n<meta property=\"article:publisher\" content=\"https:\/\/www.facebook.com\/profile.php?id=100063824551839\" \/>\n<meta property=\"article:modified_time\" content=\"2025-11-30T19:25:17+00:00\" \/>\n<meta property=\"og:image\" content=\"https:\/\/www.facecorner.lv\/wp-content\/uploads\/2024\/05\/nu0khimd7994phk5t44g9swu2wjgya6l.jpg\" \/>\n\t<meta property=\"og:image:width\" content=\"1000\" \/>\n\t<meta property=\"og:image:height\" content=\"1000\" \/>\n\t<meta property=\"og:image:type\" content=\"image\/jpeg\" \/>\n<meta name=\"twitter:card\" content=\"summary_large_image\" \/>\n<meta name=\"twitter:label1\" content=\"Price\" \/>\n\t<meta name=\"twitter:data1\" content=\"&euro;29.99\" \/>\n\t<meta name=\"twitter:label2\" content=\"Availability\" \/>\n\t<meta name=\"twitter:data2\" content=\"Out of stock\" \/>\n<script type=\"application\/ld+json\" class=\"yoast-schema-graph\">{\"@context\":\"https:\\\/\\\/schema.org\",\"@graph\":[{\"@type\":\"WebPage\",\"@id\":\"https:\\\/\\\/www.facecorner.lv\\\/shop\\\/lmedi-peel-cell-toxing-dermajours-repair-eye-cream-30ml\\\/\",\"url\":\"https:\\\/\\\/www.facecorner.lv\\\/shop\\\/lmedi-peel-cell-toxing-dermajours-repair-eye-cream-30ml\\\/\",\"name\":\"Medi-Peel Cell Toxing Dermajours Repair Eye Cream 30ml - FACECORNER\",\"isPartOf\":{\"@id\":\"https:\\\/\\\/www.facecorner.lv\\\/#website\"},\"primaryImageOfPage\":{\"@id\":\"https:\\\/\\\/www.facecorner.lv\\\/shop\\\/lmedi-peel-cell-toxing-dermajours-repair-eye-cream-30ml\\\/#primaryimage\"},\"image\":{\"@id\":\"https:\\\/\\\/www.facecorner.lv\\\/shop\\\/lmedi-peel-cell-toxing-dermajours-repair-eye-cream-30ml\\\/#primaryimage\"},\"thumbnailUrl\":\"https:\\\/\\\/www.facecorner.lv\\\/wp-content\\\/uploads\\\/2024\\\/05\\\/nu0khimd7994phk5t44g9swu2wjgya6l.jpg\",\"datePublished\":\"2024-05-04T04:57:11+00:00\",\"dateModified\":\"2025-11-30T19:25:17+00:00\",\"breadcrumb\":{\"@id\":\"https:\\\/\\\/www.facecorner.lv\\\/shop\\\/lmedi-peel-cell-toxing-dermajours-repair-eye-cream-30ml\\\/#breadcrumb\"},\"inLanguage\":\"lv-LV\",\"potentialAction\":[{\"@type\":\"ReadAction\",\"target\":[\"https:\\\/\\\/www.facecorner.lv\\\/shop\\\/lmedi-peel-cell-toxing-dermajours-repair-eye-cream-30ml\\\/\"]}]},{\"@type\":\"ImageObject\",\"inLanguage\":\"lv-LV\",\"@id\":\"https:\\\/\\\/www.facecorner.lv\\\/shop\\\/lmedi-peel-cell-toxing-dermajours-repair-eye-cream-30ml\\\/#primaryimage\",\"url\":\"https:\\\/\\\/www.facecorner.lv\\\/wp-content\\\/uploads\\\/2024\\\/05\\\/nu0khimd7994phk5t44g9swu2wjgya6l.jpg\",\"contentUrl\":\"https:\\\/\\\/www.facecorner.lv\\\/wp-content\\\/uploads\\\/2024\\\/05\\\/nu0khimd7994phk5t44g9swu2wjgya6l.jpg\",\"width\":1000,\"height\":1000},{\"@type\":\"BreadcrumbList\",\"@id\":\"https:\\\/\\\/www.facecorner.lv\\\/shop\\\/lmedi-peel-cell-toxing-dermajours-repair-eye-cream-30ml\\\/#breadcrumb\",\"itemListElement\":[{\"@type\":\"ListItem\",\"position\":1,\"name\":\"Home\",\"item\":\"https:\\\/\\\/www.facecorner.lv\\\/\"},{\"@type\":\"ListItem\",\"position\":2,\"name\":\"Veikals\",\"item\":\"https:\\\/\\\/www.facecorner.lv\\\/shop\\\/\"},{\"@type\":\"ListItem\",\"position\":3,\"name\":\"Medi-Peel Cell Toxing Dermajours Repair Eye Cream 30ml\"}]},{\"@type\":\"WebSite\",\"@id\":\"https:\\\/\\\/www.facecorner.lv\\\/#website\",\"url\":\"https:\\\/\\\/www.facecorner.lv\\\/\",\"name\":\"Facecorner\",\"description\":\"\",\"publisher\":{\"@id\":\"https:\\\/\\\/www.facecorner.lv\\\/#organization\"},\"potentialAction\":[{\"@type\":\"SearchAction\",\"target\":{\"@type\":\"EntryPoint\",\"urlTemplate\":\"https:\\\/\\\/www.facecorner.lv\\\/?s={search_term_string}\"},\"query-input\":{\"@type\":\"PropertyValueSpecification\",\"valueRequired\":true,\"valueName\":\"search_term_string\"}}],\"inLanguage\":\"lv-LV\"},{\"@type\":\"Organization\",\"@id\":\"https:\\\/\\\/www.facecorner.lv\\\/#organization\",\"name\":\"Facecorner\",\"url\":\"https:\\\/\\\/www.facecorner.lv\\\/\",\"logo\":{\"@type\":\"ImageObject\",\"inLanguage\":\"lv-LV\",\"@id\":\"https:\\\/\\\/www.facecorner.lv\\\/#\\\/schema\\\/logo\\\/image\\\/\",\"url\":\"https:\\\/\\\/www.facecorner.lv\\\/wp-content\\\/uploads\\\/2024\\\/04\\\/fc-logo.jpg\",\"contentUrl\":\"https:\\\/\\\/www.facecorner.lv\\\/wp-content\\\/uploads\\\/2024\\\/04\\\/fc-logo.jpg\",\"width\":174,\"height\":28,\"caption\":\"Facecorner\"},\"image\":{\"@id\":\"https:\\\/\\\/www.facecorner.lv\\\/#\\\/schema\\\/logo\\\/image\\\/\"},\"sameAs\":[\"https:\\\/\\\/www.facebook.com\\\/profile.php?id=100063824551839\",\"https:\\\/\\\/www.instagram.com\\\/facecorner_shop\\\/\"]}]}<\/script>\n<meta property=\"product:price:amount\" content=\"29.99\" \/>\n<meta property=\"product:price:currency\" content=\"EUR\" \/>\n<meta property=\"og:availability\" content=\"out of stock\" \/>\n<meta property=\"product:availability\" content=\"out of stock\" \/>\n<meta property=\"product:condition\" content=\"new\" \/>\n<!-- \/ Yoast SEO plugin. -->","yoast_head_json":{"title":"Medi-Peel Cell Toxing Dermajours Repair Eye Cream 30ml - FACECORNER","robots":{"index":"index","follow":"follow","max-snippet":"max-snippet:-1","max-image-preview":"max-image-preview:large","max-video-preview":"max-video-preview:-1"},"canonical":"https:\/\/www.facecorner.lv\/lv\/shop\/lmedi-peel-cell-toxing-dermajours-repair-eye-cream-30ml\/","og_locale":"lv_LV","og_type":"article","og_title":"Medi-Peel Cell Toxing Dermajours Repair Eye Cream 30ml - FACECORNER","og_description":"Medi-Peel Cell Toxing Dermajours Repair Eye Cream stimul\u0113 jaunu kolag\u0113na un elast\u012bna \u0161\u0137iedru sint\u0113zi, lai intens\u012bvi uzlabotu \u0101das elast\u012bbu. Tas stiprina turgoru, akt\u012bvi mitrina un baro, nov\u0113r\u0161 sausumu un pal\u0113nina audu noveco\u0161anos. L\u012bdzeklis redzami samazina izteiktas dzi\u013c\u0101s un sejas izteiksmes l\u012bnijas, maigi balina tum\u0161os lokus zem ac\u012bm un c\u012bn\u0101s pret bl\u0101vumu. Tas atjauno boj\u0101to \u0101das [&hellip;]","og_url":"https:\/\/www.facecorner.lv\/lv\/shop\/lmedi-peel-cell-toxing-dermajours-repair-eye-cream-30ml\/","og_site_name":"FACECORNER","article_publisher":"https:\/\/www.facebook.com\/profile.php?id=100063824551839","article_modified_time":"2025-11-30T19:25:17+00:00","og_image":[{"width":1000,"height":1000,"url":"https:\/\/www.facecorner.lv\/wp-content\/uploads\/2024\/05\/nu0khimd7994phk5t44g9swu2wjgya6l.jpg","type":"image\/jpeg"}],"twitter_card":"summary_large_image","twitter_misc":{"Price":"&euro;29.99","Availability":"Out of stock"},"schema":{"@context":"https:\/\/schema.org","@graph":[{"@type":"WebPage","@id":"https:\/\/www.facecorner.lv\/shop\/lmedi-peel-cell-toxing-dermajours-repair-eye-cream-30ml\/","url":"https:\/\/www.facecorner.lv\/shop\/lmedi-peel-cell-toxing-dermajours-repair-eye-cream-30ml\/","name":"Medi-Peel Cell Toxing Dermajours Repair Eye Cream 30ml - FACECORNER","isPartOf":{"@id":"https:\/\/www.facecorner.lv\/#website"},"primaryImageOfPage":{"@id":"https:\/\/www.facecorner.lv\/shop\/lmedi-peel-cell-toxing-dermajours-repair-eye-cream-30ml\/#primaryimage"},"image":{"@id":"https:\/\/www.facecorner.lv\/shop\/lmedi-peel-cell-toxing-dermajours-repair-eye-cream-30ml\/#primaryimage"},"thumbnailUrl":"https:\/\/www.facecorner.lv\/wp-content\/uploads\/2024\/05\/nu0khimd7994phk5t44g9swu2wjgya6l.jpg","datePublished":"2024-05-04T04:57:11+00:00","dateModified":"2025-11-30T19:25:17+00:00","breadcrumb":{"@id":"https:\/\/www.facecorner.lv\/shop\/lmedi-peel-cell-toxing-dermajours-repair-eye-cream-30ml\/#breadcrumb"},"inLanguage":"lv-LV","potentialAction":[{"@type":"ReadAction","target":["https:\/\/www.facecorner.lv\/shop\/lmedi-peel-cell-toxing-dermajours-repair-eye-cream-30ml\/"]}]},{"@type":"ImageObject","inLanguage":"lv-LV","@id":"https:\/\/www.facecorner.lv\/shop\/lmedi-peel-cell-toxing-dermajours-repair-eye-cream-30ml\/#primaryimage","url":"https:\/\/www.facecorner.lv\/wp-content\/uploads\/2024\/05\/nu0khimd7994phk5t44g9swu2wjgya6l.jpg","contentUrl":"https:\/\/www.facecorner.lv\/wp-content\/uploads\/2024\/05\/nu0khimd7994phk5t44g9swu2wjgya6l.jpg","width":1000,"height":1000},{"@type":"BreadcrumbList","@id":"https:\/\/www.facecorner.lv\/shop\/lmedi-peel-cell-toxing-dermajours-repair-eye-cream-30ml\/#breadcrumb","itemListElement":[{"@type":"ListItem","position":1,"name":"Home","item":"https:\/\/www.facecorner.lv\/"},{"@type":"ListItem","position":2,"name":"Veikals","item":"https:\/\/www.facecorner.lv\/shop\/"},{"@type":"ListItem","position":3,"name":"Medi-Peel Cell Toxing Dermajours Repair Eye Cream 30ml"}]},{"@type":"WebSite","@id":"https:\/\/www.facecorner.lv\/#website","url":"https:\/\/www.facecorner.lv\/","name":"Facecorner","description":"","publisher":{"@id":"https:\/\/www.facecorner.lv\/#organization"},"potentialAction":[{"@type":"SearchAction","target":{"@type":"EntryPoint","urlTemplate":"https:\/\/www.facecorner.lv\/?s={search_term_string}"},"query-input":{"@type":"PropertyValueSpecification","valueRequired":true,"valueName":"search_term_string"}}],"inLanguage":"lv-LV"},{"@type":"Organization","@id":"https:\/\/www.facecorner.lv\/#organization","name":"Facecorner","url":"https:\/\/www.facecorner.lv\/","logo":{"@type":"ImageObject","inLanguage":"lv-LV","@id":"https:\/\/www.facecorner.lv\/#\/schema\/logo\/image\/","url":"https:\/\/www.facecorner.lv\/wp-content\/uploads\/2024\/04\/fc-logo.jpg","contentUrl":"https:\/\/www.facecorner.lv\/wp-content\/uploads\/2024\/04\/fc-logo.jpg","width":174,"height":28,"caption":"Facecorner"},"image":{"@id":"https:\/\/www.facecorner.lv\/#\/schema\/logo\/image\/"},"sameAs":["https:\/\/www.facebook.com\/profile.php?id=100063824551839","https:\/\/www.instagram.com\/facecorner_shop\/"]}]},"product_price_amount":"29.99","product_price_currency":"EUR","og_availability":"out of stock","product_availability":"out of stock","product_condition":"new"},"_links":{"self":[{"href":"https:\/\/www.facecorner.lv\/lv\/wp-json\/wp\/v2\/product\/15350","targetHints":{"allow":["GET"]}}],"collection":[{"href":"https:\/\/www.facecorner.lv\/lv\/wp-json\/wp\/v2\/product"}],"about":[{"href":"https:\/\/www.facecorner.lv\/lv\/wp-json\/wp\/v2\/types\/product"}],"replies":[{"embeddable":true,"href":"https:\/\/www.facecorner.lv\/lv\/wp-json\/wp\/v2\/comments?post=15350"}],"wp:featuredmedia":[{"embeddable":true,"href":"https:\/\/www.facecorner.lv\/lv\/wp-json\/wp\/v2\/media\/15351"}],"wp:attachment":[{"href":"https:\/\/www.facecorner.lv\/lv\/wp-json\/wp\/v2\/media?parent=15350"}],"wp:term":[{"taxonomy":"product_brand","embeddable":true,"href":"https:\/\/www.facecorner.lv\/lv\/wp-json\/wp\/v2\/product_brand?post=15350"},{"taxonomy":"product_cat","embeddable":true,"href":"https:\/\/www.facecorner.lv\/lv\/wp-json\/wp\/v2\/product_cat?post=15350"},{"taxonomy":"product_tag","embeddable":true,"href":"https:\/\/www.facecorner.lv\/lv\/wp-json\/wp\/v2\/product_tag?post=15350"},{"taxonomy":"berocket_brand","embeddable":true,"href":"https:\/\/www.facecorner.lv\/lv\/wp-json\/wp\/v2\/berocket_brand?post=15350"}],"curies":[{"name":"wp","href":"https:\/\/api.w.org\/{rel}","templated":true}]}}