{"id":15225,"date":"2024-04-24T08:38:58","date_gmt":"2024-04-24T06:38:58","guid":{"rendered":"https:\/\/www.facecorner.lv\/?post_type=product&#038;p=15225"},"modified":"2024-05-30T18:40:54","modified_gmt":"2024-05-30T16:40:54","slug":"15225","status":"publish","type":"product","link":"https:\/\/www.facecorner.lv\/lv\/shop\/15225\/","title":{"rendered":"Pyunkang Yul Miniature Travel Kit"},"content":{"rendered":"<p>Pyunkang Yul Miniature Travel komplekts \u013cauj izm\u0113\u0123in\u0101t 4 z\u012bmola vislab\u0101k p\u0101rdotos produktus.<\/p>\n<ul>\n<li>Komplekt\u0101 ietilpst zema pH poru dzi\u013cas att\u012br\u012b\u0161anas putu, esences tonika, mitrino\u0161\u0101 seruma un barojo\u0161\u0101 kr\u0113ma mini versijas.<\/li>\n<li>Att\u012bro\u0161\u0101s putas r\u016bp\u012bgi no\u0146em atmiru\u0161\u0101s \u0101das \u0161\u016bnas, net\u012brumus un kosm\u0113tikas atlikumus.<\/li>\n<li>Toneris att\u012bra un mitrina \u0101du, bet maigais, barojo\u0161ais kr\u0113ms baro un mitrina \u0101du.<\/li>\n<\/ul>\n<p><strong>Visu produktu sast\u0101v\u0101 ir EWG p\u0101rbaud\u012btas sast\u0101vda\u013cas.<\/strong><\/p>\n<p><strong>\u0160aj\u0101 komplekt\u0101 ir:<\/strong><br \/>\nZema pH poru dzi\u013ci att\u012bro\u0161as putas (40ml)<br \/>\nesenci\u0101lais toniks (30ml)<br \/>\nMitrino\u0161s serums (9ml)<br \/>\nBarojo\u0161s kr\u0113ms (20ml)<\/p>\n","protected":false},"excerpt":{"rendered":"<p>Pyunkang Yul Miniature Travel komplekts \u013cauj izm\u0113\u0123in\u0101t 4 z\u012bmola vislab\u0101k p\u0101rdotos produktus. Komplekt\u0101 ietilpst zema pH poru dzi\u013cas att\u012br\u012b\u0161anas putu, esences tonika, mitrino\u0161\u0101 seruma un barojo\u0161\u0101 kr\u0113ma mini versijas. Att\u012bro\u0161\u0101s putas r\u016bp\u012bgi no\u0146em atmiru\u0161\u0101s \u0101das \u0161\u016bnas, net\u012brumus un kosm\u0113tikas atlikumus. Toneris att\u012bra un mitrina \u0101du, bet maigais, barojo\u0161ais kr\u0113ms baro un mitrina \u0101du. Visu produktu [&hellip;]<\/p>\n","protected":false},"featured_media":15226,"comment_status":"open","ping_status":"closed","template":"","meta":{"site-sidebar-layout":"default","site-content-layout":"","ast-site-content-layout":"","site-content-style":"default","site-sidebar-style":"default","ast-global-header-display":"","ast-banner-title-visibility":"","ast-main-header-display":"","ast-hfb-above-header-display":"","ast-hfb-below-header-display":"","ast-hfb-mobile-header-display":"","site-post-title":"","ast-breadcrumbs-content":"","ast-featured-img":"","footer-sml-layout":"","theme-transparent-header-meta":"","adv-header-id-meta":"","stick-header-meta":"","header-above-stick-meta":"","header-main-stick-meta":"","header-below-stick-meta":"","astra-migrate-meta-layouts":"default","ast-page-background-enabled":"default","ast-page-background-meta":{"desktop":{"background-color":"var(--ast-global-color-4)","background-image":"","background-repeat":"repeat","background-position":"center center","background-size":"auto","background-attachment":"scroll","background-type":"","background-media":"","overlay-type":"","overlay-color":"","overlay-opacity":"","overlay-gradient":""},"tablet":{"background-color":"","background-image":"","background-repeat":"repeat","background-position":"center center","background-size":"auto","background-attachment":"scroll","background-type":"","background-media":"","overlay-type":"","overlay-color":"","overlay-opacity":"","overlay-gradient":""},"mobile":{"background-color":"","background-image":"","background-repeat":"repeat","background-position":"center center","background-size":"auto","background-attachment":"scroll","background-type":"","background-media":"","overlay-type":"","overlay-color":"","overlay-opacity":"","overlay-gradient":""}},"ast-content-background-meta":{"desktop":{"background-color":"var(--ast-global-color-5)","background-image":"","background-repeat":"repeat","background-position":"center center","background-size":"auto","background-attachment":"scroll","background-type":"","background-media":"","overlay-type":"","overlay-color":"","overlay-opacity":"","overlay-gradient":""},"tablet":{"background-color":"var(--ast-global-color-5)","background-image":"","background-repeat":"repeat","background-position":"center center","background-size":"auto","background-attachment":"scroll","background-type":"","background-media":"","overlay-type":"","overlay-color":"","overlay-opacity":"","overlay-gradient":""},"mobile":{"background-color":"var(--ast-global-color-5)","background-image":"","background-repeat":"repeat","background-position":"center center","background-size":"auto","background-attachment":"scroll","background-type":"","background-media":"","overlay-type":"","overlay-color":"","overlay-opacity":"","overlay-gradient":""}}},"product_brand":[],"product_cat":[310,318,362,363,364],"product_tag":[],"berocket_brand":[],"class_list":{"0":"post-15225","1":"product","2":"type-product","3":"status-publish","4":"has-post-thumbnail","6":"product_cat-attirisana","7":"product_cat-komplekti-sejai","8":"product_cat-sejas-krems","9":"product_cat-serumi","10":"product_cat-toneri","11":"desktop-align-left","12":"tablet-align-left","13":"mobile-align-left","15":"first","16":"outofstock","17":"taxable","18":"shipping-taxable","19":"purchasable","20":"product-type-simple","21":"add-to-wishlist-before_image"},"yoast_head":"<!-- This site is optimized with the Yoast SEO plugin v27.4 - https:\/\/yoast.com\/product\/yoast-seo-wordpress\/ -->\n<title>Pyunkang Yul Miniature Travel Kit - FACECORNER<\/title>\n<meta name=\"robots\" content=\"index, follow, max-snippet:-1, max-image-preview:large, max-video-preview:-1\" \/>\n<link rel=\"canonical\" href=\"https:\/\/www.facecorner.lv\/lv\/shop\/15225\/\" \/>\n<meta property=\"og:locale\" content=\"lv_LV\" \/>\n<meta property=\"og:type\" content=\"article\" \/>\n<meta property=\"og:title\" content=\"Pyunkang Yul Miniature Travel Kit - FACECORNER\" \/>\n<meta property=\"og:description\" content=\"Pyunkang Yul Miniature Travel komplekts \u013cauj izm\u0113\u0123in\u0101t 4 z\u012bmola vislab\u0101k p\u0101rdotos produktus. Komplekt\u0101 ietilpst zema pH poru dzi\u013cas att\u012br\u012b\u0161anas putu, esences tonika, mitrino\u0161\u0101 seruma un barojo\u0161\u0101 kr\u0113ma mini versijas. Att\u012bro\u0161\u0101s putas r\u016bp\u012bgi no\u0146em atmiru\u0161\u0101s \u0101das \u0161\u016bnas, net\u012brumus un kosm\u0113tikas atlikumus. Toneris att\u012bra un mitrina \u0101du, bet maigais, barojo\u0161ais kr\u0113ms baro un mitrina \u0101du. Visu produktu [&hellip;]\" \/>\n<meta property=\"og:url\" content=\"https:\/\/www.facecorner.lv\/lv\/shop\/15225\/\" \/>\n<meta property=\"og:site_name\" content=\"FACECORNER\" \/>\n<meta property=\"article:publisher\" content=\"https:\/\/www.facebook.com\/profile.php?id=100063824551839\" \/>\n<meta property=\"article:modified_time\" content=\"2024-05-30T16:40:54+00:00\" \/>\n<meta property=\"og:image\" content=\"https:\/\/www.facecorner.lv\/wp-content\/uploads\/2024\/04\/PyunkangYulMiniature4TypeSetNudieGlowAustralia_1024x1024_809061ce-5030-4456-886a-93199deecc91_1024x.webp.jpeg\" \/>\n\t<meta property=\"og:image:width\" content=\"1024\" \/>\n\t<meta property=\"og:image:height\" content=\"1024\" \/>\n\t<meta property=\"og:image:type\" content=\"image\/jpeg\" \/>\n<meta name=\"twitter:card\" content=\"summary_large_image\" \/>\n<meta name=\"twitter:label1\" content=\"Price\" \/>\n\t<meta name=\"twitter:data1\" content=\"&euro;19.99\" \/>\n\t<meta name=\"twitter:label2\" content=\"Availability\" \/>\n\t<meta name=\"twitter:data2\" content=\"Out of stock\" \/>\n<script type=\"application\/ld+json\" class=\"yoast-schema-graph\">{\"@context\":\"https:\\\/\\\/schema.org\",\"@graph\":[{\"@type\":\"WebPage\",\"@id\":\"https:\\\/\\\/www.facecorner.lv\\\/shop\\\/15225\\\/\",\"url\":\"https:\\\/\\\/www.facecorner.lv\\\/shop\\\/15225\\\/\",\"name\":\"Pyunkang Yul Miniature Travel Kit - FACECORNER\",\"isPartOf\":{\"@id\":\"https:\\\/\\\/www.facecorner.lv\\\/#website\"},\"primaryImageOfPage\":{\"@id\":\"https:\\\/\\\/www.facecorner.lv\\\/shop\\\/15225\\\/#primaryimage\"},\"image\":{\"@id\":\"https:\\\/\\\/www.facecorner.lv\\\/shop\\\/15225\\\/#primaryimage\"},\"thumbnailUrl\":\"https:\\\/\\\/www.facecorner.lv\\\/wp-content\\\/uploads\\\/2024\\\/04\\\/PyunkangYulMiniature4TypeSetNudieGlowAustralia_1024x1024_809061ce-5030-4456-886a-93199deecc91_1024x.webp.jpeg\",\"datePublished\":\"2024-04-24T06:38:58+00:00\",\"dateModified\":\"2024-05-30T16:40:54+00:00\",\"breadcrumb\":{\"@id\":\"https:\\\/\\\/www.facecorner.lv\\\/shop\\\/15225\\\/#breadcrumb\"},\"inLanguage\":\"lv-LV\",\"potentialAction\":[{\"@type\":\"ReadAction\",\"target\":[\"https:\\\/\\\/www.facecorner.lv\\\/shop\\\/15225\\\/\"]}]},{\"@type\":\"ImageObject\",\"inLanguage\":\"lv-LV\",\"@id\":\"https:\\\/\\\/www.facecorner.lv\\\/shop\\\/15225\\\/#primaryimage\",\"url\":\"https:\\\/\\\/www.facecorner.lv\\\/wp-content\\\/uploads\\\/2024\\\/04\\\/PyunkangYulMiniature4TypeSetNudieGlowAustralia_1024x1024_809061ce-5030-4456-886a-93199deecc91_1024x.webp.jpeg\",\"contentUrl\":\"https:\\\/\\\/www.facecorner.lv\\\/wp-content\\\/uploads\\\/2024\\\/04\\\/PyunkangYulMiniature4TypeSetNudieGlowAustralia_1024x1024_809061ce-5030-4456-886a-93199deecc91_1024x.webp.jpeg\",\"width\":1024,\"height\":1024},{\"@type\":\"BreadcrumbList\",\"@id\":\"https:\\\/\\\/www.facecorner.lv\\\/shop\\\/15225\\\/#breadcrumb\",\"itemListElement\":[{\"@type\":\"ListItem\",\"position\":1,\"name\":\"Home\",\"item\":\"https:\\\/\\\/www.facecorner.lv\\\/\"},{\"@type\":\"ListItem\",\"position\":2,\"name\":\"Veikals\",\"item\":\"https:\\\/\\\/www.facecorner.lv\\\/shop\\\/\"},{\"@type\":\"ListItem\",\"position\":3,\"name\":\"Pyunkang Yul Miniature Travel Kit\"}]},{\"@type\":\"WebSite\",\"@id\":\"https:\\\/\\\/www.facecorner.lv\\\/#website\",\"url\":\"https:\\\/\\\/www.facecorner.lv\\\/\",\"name\":\"Facecorner\",\"description\":\"\",\"publisher\":{\"@id\":\"https:\\\/\\\/www.facecorner.lv\\\/#organization\"},\"potentialAction\":[{\"@type\":\"SearchAction\",\"target\":{\"@type\":\"EntryPoint\",\"urlTemplate\":\"https:\\\/\\\/www.facecorner.lv\\\/?s={search_term_string}\"},\"query-input\":{\"@type\":\"PropertyValueSpecification\",\"valueRequired\":true,\"valueName\":\"search_term_string\"}}],\"inLanguage\":\"lv-LV\"},{\"@type\":\"Organization\",\"@id\":\"https:\\\/\\\/www.facecorner.lv\\\/#organization\",\"name\":\"Facecorner\",\"url\":\"https:\\\/\\\/www.facecorner.lv\\\/\",\"logo\":{\"@type\":\"ImageObject\",\"inLanguage\":\"lv-LV\",\"@id\":\"https:\\\/\\\/www.facecorner.lv\\\/#\\\/schema\\\/logo\\\/image\\\/\",\"url\":\"https:\\\/\\\/www.facecorner.lv\\\/wp-content\\\/uploads\\\/2024\\\/04\\\/fc-logo.jpg\",\"contentUrl\":\"https:\\\/\\\/www.facecorner.lv\\\/wp-content\\\/uploads\\\/2024\\\/04\\\/fc-logo.jpg\",\"width\":174,\"height\":28,\"caption\":\"Facecorner\"},\"image\":{\"@id\":\"https:\\\/\\\/www.facecorner.lv\\\/#\\\/schema\\\/logo\\\/image\\\/\"},\"sameAs\":[\"https:\\\/\\\/www.facebook.com\\\/profile.php?id=100063824551839\",\"https:\\\/\\\/www.instagram.com\\\/facecorner_shop\\\/\"]}]}<\/script>\n<meta property=\"product:price:amount\" content=\"19.99\" \/>\n<meta property=\"product:price:currency\" content=\"EUR\" \/>\n<meta property=\"og:availability\" content=\"out of stock\" \/>\n<meta property=\"product:availability\" content=\"out of stock\" \/>\n<meta property=\"product:condition\" content=\"new\" \/>\n<!-- \/ Yoast SEO plugin. -->","yoast_head_json":{"title":"Pyunkang Yul Miniature Travel Kit - FACECORNER","robots":{"index":"index","follow":"follow","max-snippet":"max-snippet:-1","max-image-preview":"max-image-preview:large","max-video-preview":"max-video-preview:-1"},"canonical":"https:\/\/www.facecorner.lv\/lv\/shop\/15225\/","og_locale":"lv_LV","og_type":"article","og_title":"Pyunkang Yul Miniature Travel Kit - FACECORNER","og_description":"Pyunkang Yul Miniature Travel komplekts \u013cauj izm\u0113\u0123in\u0101t 4 z\u012bmola vislab\u0101k p\u0101rdotos produktus. Komplekt\u0101 ietilpst zema pH poru dzi\u013cas att\u012br\u012b\u0161anas putu, esences tonika, mitrino\u0161\u0101 seruma un barojo\u0161\u0101 kr\u0113ma mini versijas. Att\u012bro\u0161\u0101s putas r\u016bp\u012bgi no\u0146em atmiru\u0161\u0101s \u0101das \u0161\u016bnas, net\u012brumus un kosm\u0113tikas atlikumus. Toneris att\u012bra un mitrina \u0101du, bet maigais, barojo\u0161ais kr\u0113ms baro un mitrina \u0101du. Visu produktu [&hellip;]","og_url":"https:\/\/www.facecorner.lv\/lv\/shop\/15225\/","og_site_name":"FACECORNER","article_publisher":"https:\/\/www.facebook.com\/profile.php?id=100063824551839","article_modified_time":"2024-05-30T16:40:54+00:00","og_image":[{"width":1024,"height":1024,"url":"https:\/\/www.facecorner.lv\/wp-content\/uploads\/2024\/04\/PyunkangYulMiniature4TypeSetNudieGlowAustralia_1024x1024_809061ce-5030-4456-886a-93199deecc91_1024x.webp.jpeg","type":"image\/jpeg"}],"twitter_card":"summary_large_image","twitter_misc":{"Price":"&euro;19.99","Availability":"Out of stock"},"schema":{"@context":"https:\/\/schema.org","@graph":[{"@type":"WebPage","@id":"https:\/\/www.facecorner.lv\/shop\/15225\/","url":"https:\/\/www.facecorner.lv\/shop\/15225\/","name":"Pyunkang Yul Miniature Travel Kit - FACECORNER","isPartOf":{"@id":"https:\/\/www.facecorner.lv\/#website"},"primaryImageOfPage":{"@id":"https:\/\/www.facecorner.lv\/shop\/15225\/#primaryimage"},"image":{"@id":"https:\/\/www.facecorner.lv\/shop\/15225\/#primaryimage"},"thumbnailUrl":"https:\/\/www.facecorner.lv\/wp-content\/uploads\/2024\/04\/PyunkangYulMiniature4TypeSetNudieGlowAustralia_1024x1024_809061ce-5030-4456-886a-93199deecc91_1024x.webp.jpeg","datePublished":"2024-04-24T06:38:58+00:00","dateModified":"2024-05-30T16:40:54+00:00","breadcrumb":{"@id":"https:\/\/www.facecorner.lv\/shop\/15225\/#breadcrumb"},"inLanguage":"lv-LV","potentialAction":[{"@type":"ReadAction","target":["https:\/\/www.facecorner.lv\/shop\/15225\/"]}]},{"@type":"ImageObject","inLanguage":"lv-LV","@id":"https:\/\/www.facecorner.lv\/shop\/15225\/#primaryimage","url":"https:\/\/www.facecorner.lv\/wp-content\/uploads\/2024\/04\/PyunkangYulMiniature4TypeSetNudieGlowAustralia_1024x1024_809061ce-5030-4456-886a-93199deecc91_1024x.webp.jpeg","contentUrl":"https:\/\/www.facecorner.lv\/wp-content\/uploads\/2024\/04\/PyunkangYulMiniature4TypeSetNudieGlowAustralia_1024x1024_809061ce-5030-4456-886a-93199deecc91_1024x.webp.jpeg","width":1024,"height":1024},{"@type":"BreadcrumbList","@id":"https:\/\/www.facecorner.lv\/shop\/15225\/#breadcrumb","itemListElement":[{"@type":"ListItem","position":1,"name":"Home","item":"https:\/\/www.facecorner.lv\/"},{"@type":"ListItem","position":2,"name":"Veikals","item":"https:\/\/www.facecorner.lv\/shop\/"},{"@type":"ListItem","position":3,"name":"Pyunkang Yul Miniature Travel Kit"}]},{"@type":"WebSite","@id":"https:\/\/www.facecorner.lv\/#website","url":"https:\/\/www.facecorner.lv\/","name":"Facecorner","description":"","publisher":{"@id":"https:\/\/www.facecorner.lv\/#organization"},"potentialAction":[{"@type":"SearchAction","target":{"@type":"EntryPoint","urlTemplate":"https:\/\/www.facecorner.lv\/?s={search_term_string}"},"query-input":{"@type":"PropertyValueSpecification","valueRequired":true,"valueName":"search_term_string"}}],"inLanguage":"lv-LV"},{"@type":"Organization","@id":"https:\/\/www.facecorner.lv\/#organization","name":"Facecorner","url":"https:\/\/www.facecorner.lv\/","logo":{"@type":"ImageObject","inLanguage":"lv-LV","@id":"https:\/\/www.facecorner.lv\/#\/schema\/logo\/image\/","url":"https:\/\/www.facecorner.lv\/wp-content\/uploads\/2024\/04\/fc-logo.jpg","contentUrl":"https:\/\/www.facecorner.lv\/wp-content\/uploads\/2024\/04\/fc-logo.jpg","width":174,"height":28,"caption":"Facecorner"},"image":{"@id":"https:\/\/www.facecorner.lv\/#\/schema\/logo\/image\/"},"sameAs":["https:\/\/www.facebook.com\/profile.php?id=100063824551839","https:\/\/www.instagram.com\/facecorner_shop\/"]}]},"product_price_amount":"19.99","product_price_currency":"EUR","og_availability":"out of stock","product_availability":"out of stock","product_condition":"new"},"_links":{"self":[{"href":"https:\/\/www.facecorner.lv\/lv\/wp-json\/wp\/v2\/product\/15225","targetHints":{"allow":["GET"]}}],"collection":[{"href":"https:\/\/www.facecorner.lv\/lv\/wp-json\/wp\/v2\/product"}],"about":[{"href":"https:\/\/www.facecorner.lv\/lv\/wp-json\/wp\/v2\/types\/product"}],"replies":[{"embeddable":true,"href":"https:\/\/www.facecorner.lv\/lv\/wp-json\/wp\/v2\/comments?post=15225"}],"wp:featuredmedia":[{"embeddable":true,"href":"https:\/\/www.facecorner.lv\/lv\/wp-json\/wp\/v2\/media\/15226"}],"wp:attachment":[{"href":"https:\/\/www.facecorner.lv\/lv\/wp-json\/wp\/v2\/media?parent=15225"}],"wp:term":[{"taxonomy":"product_brand","embeddable":true,"href":"https:\/\/www.facecorner.lv\/lv\/wp-json\/wp\/v2\/product_brand?post=15225"},{"taxonomy":"product_cat","embeddable":true,"href":"https:\/\/www.facecorner.lv\/lv\/wp-json\/wp\/v2\/product_cat?post=15225"},{"taxonomy":"product_tag","embeddable":true,"href":"https:\/\/www.facecorner.lv\/lv\/wp-json\/wp\/v2\/product_tag?post=15225"},{"taxonomy":"berocket_brand","embeddable":true,"href":"https:\/\/www.facecorner.lv\/lv\/wp-json\/wp\/v2\/berocket_brand?post=15225"}],"curies":[{"name":"wp","href":"https:\/\/api.w.org\/{rel}","templated":true}]}}