{"id":15218,"date":"2024-04-23T21:42:21","date_gmt":"2024-04-23T19:42:21","guid":{"rendered":"https:\/\/www.facecorner.lv\/?post_type=product&#038;p=15218"},"modified":"2026-03-18T08:13:45","modified_gmt":"2026-03-18T05:13:45","slug":"biodance-bio-collagen-real-deep-mask-2","status":"publish","type":"product","link":"https:\/\/www.facecorner.lv\/lv\/shop\/biodance-bio-collagen-real-deep-mask-2\/","title":{"rendered":"Hidrogela maska ar kolag\u0113nu Biodance Bio-Collagen Real Deep Mask"},"content":{"rendered":"<p><span style=\"font-size: 16px; -webkit-text-size-adjust: 100%;\">Hidrogela maska ar kolag\u0113nu Biodance Bio-Collagen Real Deep Mask acumirkl\u012b mazina \u0101das sasprindzin\u0101jumu, nov\u0113r\u0161 visas dehidrat\u0101cijas paz\u012bmes, atjauno \u0101das tonusu, atdz\u012bvina to, uzlabo sejas kr\u0101su.<\/span><\/p>\n<p>Sast\u0101v\u0101 eso\u0161ais kolag\u0113ns izl\u012bdzina reljefu, uzlabo elast\u012bbu, padara \u0101du pilnu un svaigu, pal\u012bdz saglab\u0101t mitrumu iek\u0161pus\u0113, nov\u0113r\u0161 t\u0101 iztvaiko\u0161anu. Probiotiku komplekss uzlabo mikrobiomu, r\u016bp\u0113jas par \u0101das barjeru, atdz\u012bvina \u0101du.<\/p>\n<p>Galaktomisis iedarbojas uz tonusu, maigi balina pigment\u0101ciju, mazina iekaisumu. Ro\u017eu ekstrakts baro un pies\u0101tina \u0101du ar noder\u012bg\u0101m viel\u0101m, toniz\u0113 to, dz\u0113\u0161 noguruma p\u0113das, tam piem\u012bt augstas atjaunojo\u0161as \u012bpa\u0161\u012bbas.<\/p>\n<p><strong>Galven\u0101s sast\u0101vda\u013cas: <\/strong><\/p>\n<ul>\n<li>Kolag\u0113ns stiprina \u0101das barjeras funkciju, pal\u012bdz saglab\u0101t elast\u012bbu un nov\u0113r\u0161 ar vecumu saist\u012bt\u0101s izmai\u0146as.<\/li>\n<li>Galaktoz\u012bm\u0113m piem\u012bt antioksidanta iedarb\u012bba, t\u0101s pal\u012bdz izl\u012bdzin\u0101t \u0101das tonusu, stiprina \u0101das im\u016bnsist\u0113mu, mazina iekaisumus, nov\u0113r\u0161 izsitumus un p\u0113pne.<\/li>\n<li>Bifido- un laktobacilu liz\u0101ti akt\u012bvi baro \u0101du, pal\u012bdz izl\u012bdzin\u0101t \u0101das tonusu, uztur\u0113t gludumu un nov\u0113r\u0161 dehidrat\u0101ciju, k\u0101 ar\u012b uztur vesel\u012bgu \u0101das mikrobiomu, nov\u0113r\u0161ot patog\u0113n\u0101s bakt\u0113riju vides veido\u0161anos.<\/li>\n<li>Niacinam\u012bds pal\u012bdz izl\u012bdzin\u0101t \u0101das toni, tam piem\u012bt maiga izgaismojo\u0161a iedarb\u012bba un tas nov\u0113r\u0161 hiperpigment\u0101ciju, tam piem\u012bt nomierino\u0161a un pretiekaisuma iedarb\u012bba, tas nov\u0113r\u0161 izsitumu un aps\u0101rtumu ra\u0161anos.<\/li>\n<li>\u012arijas s\u016bnu ekstraktam piem\u012bt dzi\u013ci mitrino\u0161a iedarb\u012bba, tas nov\u0113r\u0161 mitruma zudumu un pal\u012bdz saglab\u0101t \u0101das barjerfunkciju.<\/li>\n<li>Hialuronsk\u0101be dzi\u013ci mitrina \u0101du, saglab\u0101jot mitrumu t\u0101s iek\u0161ien\u0113, nov\u0113r\u0161 dehidrat\u0101ciju un sausumu, pal\u012bdz saglab\u0101t \u0101du gludu un elast\u012bgu.<\/li>\n<li>Ro\u017eu ekstrakts dzi\u013ci mitrina, tam piem\u012bt sp\u0113c\u012bga pretnoveco\u0161an\u0101s iedarb\u012bba, tas pal\u012bdz atjaunot elast\u012bbu un izl\u012bdzina reljefu.<\/li>\n<\/ul>\n<p><strong>Lieto\u0161ana:<\/strong> Uzkl\u0101jiet pamatapr\u016bpi pirms seruma f\u0101zes, p\u0113c tam iz\u0146emiet masku no iepakojuma un uzkl\u0101jiet hidrog\u0113la pamatni uz visas sejas, cie\u0161i nostiprinot to. Atst\u0101jiet to uz 3-4 stund\u0101m vai uz nakti.<\/p>\n<p><strong>S\u0101stavs:\u00a0<\/strong>Purified water, Galactomyces fermentation filtrate, glycerin, acrylate copolymer, niacinamide, carob gum, Irish moss extract, betaine, algin, dipropylene glycol, agar, hydroxyacetophenone, 1,2-hexanedihydrogen. All, potassium chloride, polyglyceryl-10 laurate, caprylyl glycol, sucrose, butylene glycol, allantoin, ethylhexylglycerin, hydrolyzed hyaluronic acid, adenosine, disodium EDTA, Pear extract, Damask rose flower water, Oris root extract, melon extract, American pine leaf\/stem extract, collagen extract (55,000ppb), dipotassium glycyrrhizate, Bifida fermentation filtrate, tocopherol, Lactobacillus fermentation, Lactobacillus fermentation lysate<\/p>\n","protected":false},"excerpt":{"rendered":"<p>Hidrogela maska ar kolag\u0113nu Biodance Bio-Collagen Real Deep Mask dzi\u013ci mitrina \u0101du, iev\u0113rojami uzlabo sejas kr\u0101su, izl\u012bdzina tonusu, atsvaidzina \u0101du, padara to atp\u016btu\u0161os un starojo\u0161u. Nov\u0113r\u0161 ar \u0101das noveco\u0161anu saist\u012bt\u0101s izmai\u0146as, nov\u0113r\u0161 \u0101das noveco\u0161anos.<\/p>\n","protected":false},"featured_media":15017,"comment_status":"open","ping_status":"closed","template":"","meta":{"site-sidebar-layout":"default","site-content-layout":"","ast-site-content-layout":"default","site-content-style":"default","site-sidebar-style":"default","ast-global-header-display":"","ast-banner-title-visibility":"","ast-main-header-display":"","ast-hfb-above-header-display":"","ast-hfb-below-header-display":"","ast-hfb-mobile-header-display":"","site-post-title":"","ast-breadcrumbs-content":"","ast-featured-img":"","footer-sml-layout":"","theme-transparent-header-meta":"default","adv-header-id-meta":"","stick-header-meta":"","header-above-stick-meta":"","header-main-stick-meta":"","header-below-stick-meta":"","astra-migrate-meta-layouts":"set","ast-page-background-enabled":"default","ast-page-background-meta":{"desktop":{"background-color":"var(--ast-global-color-4)","background-image":"","background-repeat":"repeat","background-position":"center center","background-size":"auto","background-attachment":"scroll","background-type":"","background-media":"","overlay-type":"","overlay-color":"","overlay-opacity":"","overlay-gradient":""},"tablet":{"background-color":"","background-image":"","background-repeat":"repeat","background-position":"center center","background-size":"auto","background-attachment":"scroll","background-type":"","background-media":"","overlay-type":"","overlay-color":"","overlay-opacity":"","overlay-gradient":""},"mobile":{"background-color":"","background-image":"","background-repeat":"repeat","background-position":"center center","background-size":"auto","background-attachment":"scroll","background-type":"","background-media":"","overlay-type":"","overlay-color":"","overlay-opacity":"","overlay-gradient":""}},"ast-content-background-meta":{"desktop":{"background-color":"var(--ast-global-color-5)","background-image":"","background-repeat":"repeat","background-position":"center center","background-size":"auto","background-attachment":"scroll","background-type":"","background-media":"","overlay-type":"","overlay-color":"","overlay-opacity":"","overlay-gradient":""},"tablet":{"background-color":"var(--ast-global-color-5)","background-image":"","background-repeat":"repeat","background-position":"center center","background-size":"auto","background-attachment":"scroll","background-type":"","background-media":"","overlay-type":"","overlay-color":"","overlay-opacity":"","overlay-gradient":""},"mobile":{"background-color":"var(--ast-global-color-5)","background-image":"","background-repeat":"repeat","background-position":"center center","background-size":"auto","background-attachment":"scroll","background-type":"","background-media":"","overlay-type":"","overlay-color":"","overlay-opacity":"","overlay-gradient":""}}},"product_brand":[],"product_cat":[511,325,435,315,322],"product_tag":[],"berocket_brand":[578],"class_list":{"0":"post-15218","1":"product","2":"type-product","3":"status-publish","4":"has-post-thumbnail","6":"product_cat-atlaides","7":"product_cat-hidrogela","8":"product_cat-jaunumi","9":"product_cat-maskas","10":"product_cat-nakts","11":"berocket_brand-biodance","12":"desktop-align-left","13":"tablet-align-left","14":"mobile-align-left","16":"first","17":"outofstock","18":"sale","19":"taxable","20":"shipping-taxable","21":"purchasable","22":"product-type-simple","23":"add-to-wishlist-before_image"},"yoast_head":"<!-- This site is optimized with the Yoast SEO plugin v27.3 - https:\/\/yoast.com\/product\/yoast-seo-wordpress\/ -->\n<title>Hidrogela maska ar kolag\u0113nu Biodance Bio-Collagen Real Deep Mask - FACECORNER<\/title>\n<meta name=\"description\" content=\"Hidrogela maska ar kolag\u0113nu Biodance Bio-Collagen Real Deep Mask dzi\u013ci mitrina \u0101du, iev\u0113rojami uzlabo sejas kr\u0101su, izl\u012bdzina tonusu, atsvaidzina \u0101du\" \/>\n<meta name=\"robots\" content=\"index, follow, max-snippet:-1, max-image-preview:large, max-video-preview:-1\" \/>\n<link rel=\"canonical\" href=\"https:\/\/www.facecorner.lv\/lv\/shop\/biodance-bio-collagen-real-deep-mask-2\/\" \/>\n<meta property=\"og:locale\" content=\"lv_LV\" \/>\n<meta property=\"og:type\" content=\"article\" \/>\n<meta property=\"og:title\" content=\"Hidrogela maska ar kolag\u0113nu Biodance Bio-Collagen Real Deep Mask - FACECORNER\" \/>\n<meta property=\"og:description\" content=\"Hidrogela maska ar kolag\u0113nu Biodance Bio-Collagen Real Deep Mask dzi\u013ci mitrina \u0101du, iev\u0113rojami uzlabo sejas kr\u0101su, izl\u012bdzina tonusu, atsvaidzina \u0101du\" \/>\n<meta property=\"og:url\" content=\"https:\/\/www.facecorner.lv\/lv\/shop\/biodance-bio-collagen-real-deep-mask-2\/\" \/>\n<meta property=\"og:site_name\" content=\"FACECORNER\" \/>\n<meta property=\"article:publisher\" content=\"https:\/\/www.facebook.com\/profile.php?id=100063824551839\" \/>\n<meta property=\"article:modified_time\" content=\"2026-03-18T05:13:45+00:00\" \/>\n<meta property=\"og:image\" content=\"https:\/\/www.facecorner.lv\/wp-content\/uploads\/2024\/04\/19f51d11df55d7c72d8ecabb248f611b476d4cce_original.jpeg\" \/>\n\t<meta property=\"og:image:width\" content=\"780\" \/>\n\t<meta property=\"og:image:height\" content=\"780\" \/>\n\t<meta property=\"og:image:type\" content=\"image\/jpeg\" \/>\n<meta name=\"twitter:card\" content=\"summary_large_image\" \/>\n<meta name=\"twitter:label1\" content=\"Price\" \/>\n\t<meta name=\"twitter:data1\" content=\"&euro;6.10\" \/>\n\t<meta name=\"twitter:label2\" content=\"Availability\" \/>\n\t<meta name=\"twitter:data2\" content=\"Out of stock\" \/>\n<script type=\"application\/ld+json\" class=\"yoast-schema-graph\">{\"@context\":\"https:\\\/\\\/schema.org\",\"@graph\":[{\"@type\":\"WebPage\",\"@id\":\"https:\\\/\\\/www.facecorner.lv\\\/shop\\\/biodance-bio-collagen-real-deep-mask-2\\\/\",\"url\":\"https:\\\/\\\/www.facecorner.lv\\\/shop\\\/biodance-bio-collagen-real-deep-mask-2\\\/\",\"name\":\"Hidrogela maska ar kolag\u0113nu Biodance Bio-Collagen Real Deep Mask - FACECORNER\",\"isPartOf\":{\"@id\":\"https:\\\/\\\/www.facecorner.lv\\\/#website\"},\"primaryImageOfPage\":{\"@id\":\"https:\\\/\\\/www.facecorner.lv\\\/shop\\\/biodance-bio-collagen-real-deep-mask-2\\\/#primaryimage\"},\"image\":{\"@id\":\"https:\\\/\\\/www.facecorner.lv\\\/shop\\\/biodance-bio-collagen-real-deep-mask-2\\\/#primaryimage\"},\"thumbnailUrl\":\"https:\\\/\\\/www.facecorner.lv\\\/wp-content\\\/uploads\\\/2024\\\/04\\\/19f51d11df55d7c72d8ecabb248f611b476d4cce_original.jpeg\",\"datePublished\":\"2024-04-23T19:42:21+00:00\",\"dateModified\":\"2026-03-18T05:13:45+00:00\",\"description\":\"Hidrogela maska ar kolag\u0113nu Biodance Bio-Collagen Real Deep Mask dzi\u013ci mitrina \u0101du, iev\u0113rojami uzlabo sejas kr\u0101su, izl\u012bdzina tonusu, atsvaidzina \u0101du\",\"breadcrumb\":{\"@id\":\"https:\\\/\\\/www.facecorner.lv\\\/shop\\\/biodance-bio-collagen-real-deep-mask-2\\\/#breadcrumb\"},\"inLanguage\":\"lv-LV\",\"potentialAction\":[{\"@type\":\"ReadAction\",\"target\":[\"https:\\\/\\\/www.facecorner.lv\\\/shop\\\/biodance-bio-collagen-real-deep-mask-2\\\/\"]}]},{\"@type\":\"ImageObject\",\"inLanguage\":\"lv-LV\",\"@id\":\"https:\\\/\\\/www.facecorner.lv\\\/shop\\\/biodance-bio-collagen-real-deep-mask-2\\\/#primaryimage\",\"url\":\"https:\\\/\\\/www.facecorner.lv\\\/wp-content\\\/uploads\\\/2024\\\/04\\\/19f51d11df55d7c72d8ecabb248f611b476d4cce_original.jpeg\",\"contentUrl\":\"https:\\\/\\\/www.facecorner.lv\\\/wp-content\\\/uploads\\\/2024\\\/04\\\/19f51d11df55d7c72d8ecabb248f611b476d4cce_original.jpeg\",\"width\":780,\"height\":780,\"caption\":\"Hidrogela maska ar kolag\u0113nu Biodance Bio-Collagen Real Deep Mask\"},{\"@type\":\"BreadcrumbList\",\"@id\":\"https:\\\/\\\/www.facecorner.lv\\\/shop\\\/biodance-bio-collagen-real-deep-mask-2\\\/#breadcrumb\",\"itemListElement\":[{\"@type\":\"ListItem\",\"position\":1,\"name\":\"Home\",\"item\":\"https:\\\/\\\/www.facecorner.lv\\\/\"},{\"@type\":\"ListItem\",\"position\":2,\"name\":\"Veikals\",\"item\":\"https:\\\/\\\/www.facecorner.lv\\\/shop\\\/\"},{\"@type\":\"ListItem\",\"position\":3,\"name\":\"Hidrogela maska ar kolag\u0113nu Biodance Bio-Collagen Real Deep Mask\"}]},{\"@type\":\"WebSite\",\"@id\":\"https:\\\/\\\/www.facecorner.lv\\\/#website\",\"url\":\"https:\\\/\\\/www.facecorner.lv\\\/\",\"name\":\"Facecorner\",\"description\":\"\",\"publisher\":{\"@id\":\"https:\\\/\\\/www.facecorner.lv\\\/#organization\"},\"potentialAction\":[{\"@type\":\"SearchAction\",\"target\":{\"@type\":\"EntryPoint\",\"urlTemplate\":\"https:\\\/\\\/www.facecorner.lv\\\/?s={search_term_string}\"},\"query-input\":{\"@type\":\"PropertyValueSpecification\",\"valueRequired\":true,\"valueName\":\"search_term_string\"}}],\"inLanguage\":\"lv-LV\"},{\"@type\":\"Organization\",\"@id\":\"https:\\\/\\\/www.facecorner.lv\\\/#organization\",\"name\":\"Facecorner\",\"url\":\"https:\\\/\\\/www.facecorner.lv\\\/\",\"logo\":{\"@type\":\"ImageObject\",\"inLanguage\":\"lv-LV\",\"@id\":\"https:\\\/\\\/www.facecorner.lv\\\/#\\\/schema\\\/logo\\\/image\\\/\",\"url\":\"https:\\\/\\\/www.facecorner.lv\\\/wp-content\\\/uploads\\\/2024\\\/04\\\/fc-logo.jpg\",\"contentUrl\":\"https:\\\/\\\/www.facecorner.lv\\\/wp-content\\\/uploads\\\/2024\\\/04\\\/fc-logo.jpg\",\"width\":174,\"height\":28,\"caption\":\"Facecorner\"},\"image\":{\"@id\":\"https:\\\/\\\/www.facecorner.lv\\\/#\\\/schema\\\/logo\\\/image\\\/\"},\"sameAs\":[\"https:\\\/\\\/www.facebook.com\\\/profile.php?id=100063824551839\",\"https:\\\/\\\/www.instagram.com\\\/facecorner_shop\\\/\"]}]}<\/script>\n<meta property=\"product:price:amount\" content=\"6.10\" \/>\n<meta property=\"product:price:currency\" content=\"EUR\" \/>\n<meta property=\"og:availability\" content=\"out of stock\" \/>\n<meta property=\"product:availability\" content=\"out of stock\" \/>\n<meta property=\"product:condition\" content=\"new\" \/>\n<!-- \/ Yoast SEO plugin. -->","yoast_head_json":{"title":"Hidrogela maska ar kolag\u0113nu Biodance Bio-Collagen Real Deep Mask - FACECORNER","description":"Hidrogela maska ar kolag\u0113nu Biodance Bio-Collagen Real Deep Mask dzi\u013ci mitrina \u0101du, iev\u0113rojami uzlabo sejas kr\u0101su, izl\u012bdzina tonusu, atsvaidzina \u0101du","robots":{"index":"index","follow":"follow","max-snippet":"max-snippet:-1","max-image-preview":"max-image-preview:large","max-video-preview":"max-video-preview:-1"},"canonical":"https:\/\/www.facecorner.lv\/lv\/shop\/biodance-bio-collagen-real-deep-mask-2\/","og_locale":"lv_LV","og_type":"article","og_title":"Hidrogela maska ar kolag\u0113nu Biodance Bio-Collagen Real Deep Mask - FACECORNER","og_description":"Hidrogela maska ar kolag\u0113nu Biodance Bio-Collagen Real Deep Mask dzi\u013ci mitrina \u0101du, iev\u0113rojami uzlabo sejas kr\u0101su, izl\u012bdzina tonusu, atsvaidzina \u0101du","og_url":"https:\/\/www.facecorner.lv\/lv\/shop\/biodance-bio-collagen-real-deep-mask-2\/","og_site_name":"FACECORNER","article_publisher":"https:\/\/www.facebook.com\/profile.php?id=100063824551839","article_modified_time":"2026-03-18T05:13:45+00:00","og_image":[{"width":780,"height":780,"url":"https:\/\/www.facecorner.lv\/wp-content\/uploads\/2024\/04\/19f51d11df55d7c72d8ecabb248f611b476d4cce_original.jpeg","type":"image\/jpeg"}],"twitter_card":"summary_large_image","twitter_misc":{"Price":"&euro;6.10","Availability":"Out of stock"},"schema":{"@context":"https:\/\/schema.org","@graph":[{"@type":"WebPage","@id":"https:\/\/www.facecorner.lv\/shop\/biodance-bio-collagen-real-deep-mask-2\/","url":"https:\/\/www.facecorner.lv\/shop\/biodance-bio-collagen-real-deep-mask-2\/","name":"Hidrogela maska ar kolag\u0113nu Biodance Bio-Collagen Real Deep Mask - FACECORNER","isPartOf":{"@id":"https:\/\/www.facecorner.lv\/#website"},"primaryImageOfPage":{"@id":"https:\/\/www.facecorner.lv\/shop\/biodance-bio-collagen-real-deep-mask-2\/#primaryimage"},"image":{"@id":"https:\/\/www.facecorner.lv\/shop\/biodance-bio-collagen-real-deep-mask-2\/#primaryimage"},"thumbnailUrl":"https:\/\/www.facecorner.lv\/wp-content\/uploads\/2024\/04\/19f51d11df55d7c72d8ecabb248f611b476d4cce_original.jpeg","datePublished":"2024-04-23T19:42:21+00:00","dateModified":"2026-03-18T05:13:45+00:00","description":"Hidrogela maska ar kolag\u0113nu Biodance Bio-Collagen Real Deep Mask dzi\u013ci mitrina \u0101du, iev\u0113rojami uzlabo sejas kr\u0101su, izl\u012bdzina tonusu, atsvaidzina \u0101du","breadcrumb":{"@id":"https:\/\/www.facecorner.lv\/shop\/biodance-bio-collagen-real-deep-mask-2\/#breadcrumb"},"inLanguage":"lv-LV","potentialAction":[{"@type":"ReadAction","target":["https:\/\/www.facecorner.lv\/shop\/biodance-bio-collagen-real-deep-mask-2\/"]}]},{"@type":"ImageObject","inLanguage":"lv-LV","@id":"https:\/\/www.facecorner.lv\/shop\/biodance-bio-collagen-real-deep-mask-2\/#primaryimage","url":"https:\/\/www.facecorner.lv\/wp-content\/uploads\/2024\/04\/19f51d11df55d7c72d8ecabb248f611b476d4cce_original.jpeg","contentUrl":"https:\/\/www.facecorner.lv\/wp-content\/uploads\/2024\/04\/19f51d11df55d7c72d8ecabb248f611b476d4cce_original.jpeg","width":780,"height":780,"caption":"Hidrogela maska ar kolag\u0113nu Biodance Bio-Collagen Real Deep Mask"},{"@type":"BreadcrumbList","@id":"https:\/\/www.facecorner.lv\/shop\/biodance-bio-collagen-real-deep-mask-2\/#breadcrumb","itemListElement":[{"@type":"ListItem","position":1,"name":"Home","item":"https:\/\/www.facecorner.lv\/"},{"@type":"ListItem","position":2,"name":"Veikals","item":"https:\/\/www.facecorner.lv\/shop\/"},{"@type":"ListItem","position":3,"name":"Hidrogela maska ar kolag\u0113nu Biodance Bio-Collagen Real Deep Mask"}]},{"@type":"WebSite","@id":"https:\/\/www.facecorner.lv\/#website","url":"https:\/\/www.facecorner.lv\/","name":"Facecorner","description":"","publisher":{"@id":"https:\/\/www.facecorner.lv\/#organization"},"potentialAction":[{"@type":"SearchAction","target":{"@type":"EntryPoint","urlTemplate":"https:\/\/www.facecorner.lv\/?s={search_term_string}"},"query-input":{"@type":"PropertyValueSpecification","valueRequired":true,"valueName":"search_term_string"}}],"inLanguage":"lv-LV"},{"@type":"Organization","@id":"https:\/\/www.facecorner.lv\/#organization","name":"Facecorner","url":"https:\/\/www.facecorner.lv\/","logo":{"@type":"ImageObject","inLanguage":"lv-LV","@id":"https:\/\/www.facecorner.lv\/#\/schema\/logo\/image\/","url":"https:\/\/www.facecorner.lv\/wp-content\/uploads\/2024\/04\/fc-logo.jpg","contentUrl":"https:\/\/www.facecorner.lv\/wp-content\/uploads\/2024\/04\/fc-logo.jpg","width":174,"height":28,"caption":"Facecorner"},"image":{"@id":"https:\/\/www.facecorner.lv\/#\/schema\/logo\/image\/"},"sameAs":["https:\/\/www.facebook.com\/profile.php?id=100063824551839","https:\/\/www.instagram.com\/facecorner_shop\/"]}]},"product_price_amount":"6.10","product_price_currency":"EUR","og_availability":"out of stock","product_availability":"out of stock","product_condition":"new"},"_links":{"self":[{"href":"https:\/\/www.facecorner.lv\/lv\/wp-json\/wp\/v2\/product\/15218","targetHints":{"allow":["GET"]}}],"collection":[{"href":"https:\/\/www.facecorner.lv\/lv\/wp-json\/wp\/v2\/product"}],"about":[{"href":"https:\/\/www.facecorner.lv\/lv\/wp-json\/wp\/v2\/types\/product"}],"replies":[{"embeddable":true,"href":"https:\/\/www.facecorner.lv\/lv\/wp-json\/wp\/v2\/comments?post=15218"}],"wp:featuredmedia":[{"embeddable":true,"href":"https:\/\/www.facecorner.lv\/lv\/wp-json\/wp\/v2\/media\/15017"}],"wp:attachment":[{"href":"https:\/\/www.facecorner.lv\/lv\/wp-json\/wp\/v2\/media?parent=15218"}],"wp:term":[{"taxonomy":"product_brand","embeddable":true,"href":"https:\/\/www.facecorner.lv\/lv\/wp-json\/wp\/v2\/product_brand?post=15218"},{"taxonomy":"product_cat","embeddable":true,"href":"https:\/\/www.facecorner.lv\/lv\/wp-json\/wp\/v2\/product_cat?post=15218"},{"taxonomy":"product_tag","embeddable":true,"href":"https:\/\/www.facecorner.lv\/lv\/wp-json\/wp\/v2\/product_tag?post=15218"},{"taxonomy":"berocket_brand","embeddable":true,"href":"https:\/\/www.facecorner.lv\/lv\/wp-json\/wp\/v2\/berocket_brand?post=15218"}],"curies":[{"name":"wp","href":"https:\/\/api.w.org\/{rel}","templated":true}]}}