{"id":15157,"date":"2024-04-19T13:30:58","date_gmt":"2024-04-19T11:30:58","guid":{"rendered":"https:\/\/www.facecorner.lv\/?post_type=product&#038;p=15157"},"modified":"2024-12-02T23:25:31","modified_gmt":"2024-12-02T20:25:31","slug":"medi-peel-perfect-shape-lifting-mist-120ml","status":"publish","type":"product","link":"https:\/\/www.facecorner.lv\/lv\/shop\/medi-peel-perfect-shape-lifting-mist-120ml\/","title":{"rendered":"MEDI-PEEL Perfect Shape Lifting Mist 120ml"},"content":{"rendered":"<p><b> Perfect Shape Lifting Mist<\/b> ir man\u0101ms liftinga efekts, intens\u012bvi atjauno \u0101du, nostiepj to un pal\u012bdz izl\u012bdzin\u0101t grumbas.<\/p>\n<p>L\u012bdzeklis nomierina kairin\u0101jumus, tam piem\u012bt bakteric\u012bda iedarb\u012bba, tas mazina iekaisumu un aps\u0101rtumu.<\/p>\n<p>Migla intens\u012bvi baro \u0101du ar noder\u012bg\u0101m sast\u0101vda\u013c\u0101m un aizsarg\u0101 to no negat\u012bviem vides faktoriem. Izveido nej\u016bt\u012bgu barjeru, kas nov\u0113r\u0161 mitruma zudumu. Stiepj\u0101das elast\u012bbu, mazina piet\u016bkumu, intens\u012bvi mitrina, no\u0146em toks\u012bnus, atsvaidzina grimu.<\/p>\n<p>Pudel\u012bte ir apr\u012bkota ar \u0113rtu izsmidzin\u0101t\u0101ju, kas pal\u012bdz l\u012bdzeklim vienm\u0113r\u012bgi sadal\u012bties pa \u0101du un neboj\u0101t grimu. Migl\u012bti ieteicams lietot intens\u012bvas mitrin\u0101\u0161anas dienas laik\u0101.<\/p>\n<p>L\u012bdzeklis satur <b>8 pept\u012bdu kompleksu<\/b>, kas dzi\u013ci baro, c\u012bn\u0101s ar vecuma izmai\u0146\u0101m, tam piem\u012bt re\u0123ener\u0113jo\u0161as \u012bpa\u0161\u012bbas, atbr\u012bvo no s\u012bk\u0101m l\u012bnij\u0101m un grumbi\u0146\u0101m. Pie\u0161\u0137ir \u0101dai svaigu un koptu izskatu, nov\u0113r\u0161 dehidrat\u0101ciju un mitruma zudumu, aizsarg\u0101 pret UV stariem.<\/p>\n<ul>\n<li><b>Ceram\u012bdi<\/b> nov\u0113r\u0161 mitruma zudumu no \u0161\u016bn\u0101m, regul\u0113 vair\u0101kas \u0161\u016bnu funkcijas un pal\u012bdz atjaunot \u0101du.<\/li>\n<li><b>Hialuronsk\u0101be<\/b> nodro\u0161ina dzi\u013cu \u0101das mitrin\u0101\u0161anu un uztur optim\u0101lu \u0101das dabisko ph l\u012bdzsvaru. Hialuronsk\u0101be veido uz \u0101das netveramu aizsargsl\u0101ni, kas nov\u0113r\u0161 mitruma iztvaiko\u0161anu un sniedz pat\u012bkamu svaiguma un mitruma saj\u016btu uz sejas.<\/li>\n<li><b>Trehaloze <\/b>ir polisahar\u012bds, kam piem\u012bt sp\u0113c\u012bga mitrino\u0161a iedarb\u012bba, kas pal\u0113nina noveco\u0161an\u0101s procesus un kam piem\u012bt antioksidanta aktivit\u0101te.<\/li>\n<li><b>Adenoz\u012bns <\/b>&#8211; komponents, kas atbild\u012bgs par \u0101das noveco\u0161an\u0101s nov\u0113r\u0161anu &#8211; pal\u0113nina \u0101das noveco\u0161an\u0101s procesus.<\/li>\n<li><b>\u0136irbju ekstraktam <\/b>piem\u012bt bakteric\u012bda, br\u016b\u010du dziedino\u0161a un pretiekaisuma iedarb\u012bba, to izmanto pinnes \u0101rst\u0113\u0161anai. Piepilda ar vitam\u012bniem. Toniz\u0113 \u0101du, atsvaidzina un uzlabo sejas kr\u0101su. Tam piem\u012bt viegla balino\u0161a iedarb\u012bba. Tas ir antioksidants un aizsarg\u0101 \u0101du no ultravioleto staru negat\u012bv\u0101s ietekmes.<\/li>\n<li><b>Za\u013c\u0101s t\u0113jas ekstrakts <\/b>mazina kairin\u0101jumu, tam piem\u012bt antibakteri\u0101las \u012bpa\u0161\u012bbas, padara \u0101du tvirt\u0101ku un elast\u012bg\u0101ku, izl\u012bdzina grumbas, uzlabo sejas kr\u0101su.<\/li>\n<\/ul>\n<p><b>Lieto\u0161ana: <\/b>l\u012bdzekli var uzkl\u0101t starpposm\u0101 p\u0113c \u0101das att\u012br\u012b\u0161anas un pirms kr\u0113ma lieto\u0161anas. Migl\u012bti var lietot ar\u012b jebkur\u0101 dienas laik\u0101, kad \u0101dai nepiecie\u0161ama mitrin\u0101\u0161ana un aizsardz\u012bba.<\/p>\n<p><strong>S\u0101stavs:\u00a0<\/strong><\/p>\n<div class=\" product-block product-block--description \">\n<div class=\"product__description\">\n<div>Water, Alcohol, Niacinamide, Dipropylene Glycol, Hydroxyacetophenone, Polysorbate 80, Caprylyl Glycol, PVP, Adenosine, Fragrance, Disodium EDTA, Butylene Glycol, Betula Alba Juice, Panthenol, Cucurbita Pepo (Pumpkin) Fruit Extract, Glycerin, Propanediol, Hydrolyzed Pea Protein, Dipotassium Glycyrrhizate, Lecithin, Ceramide NP, Butyrospermum Parkii (Shea) Butter, Squalane, Olea Europaea (Olive) Fruit Oil, Terminalia Ferdinandiana Fruit Extract, Phytosterols, Centella Asiatica Extract, Symphytum Officinale Leaf Extract, 1,2-Hexanediol, Camellia Japonica Flower Extract, Polygonum Cuspidatum Root Extract, Scutellaria Baicalensis Root Extract, Glycyrrhiza Glabra (Licorice) Root Extract, Camellia Sinensis Leaf Extract, Citrus Limon (Lemon) Fruit Extract, Rosmarinus Officinalis (Rosemary) Leaf Extract, Chamomilla Recutita (Matricaria) Flower Extract, Ethylhexylglycerin, Caffeine, Hydrogenated Polyisobutene, Sorbitan Laurate, sh-Decapeptide-7, sh-Octapeptide-4, sh-Oligopeptide-9, sh-Pentapeptide-19, Acetyl Hexapeptide-8, Copper Tripeptide-1, Hydroxyethylcellulose, Glycosyl Trehalose, Acetyl Dipeptide-1 Cetyl Ester, Hydrolyzed Glycosaminoglycans, Sodium Hyaluronate, Palmitoyl Pentapeptide-4, Hydrogenated Starch Hydrolysate, Sodium Hyaluronate Crosspolymer, r-Spider Polypeptide-1, Hydrolyzed Hyaluronic Acid, Gellan Gum, Anemarrhena Asphodeloides Root Extract, Hydroxypropyltrimonium Hyaluronate, Tocopherol, Hyaluronic Acid, Sodium Acetylated Hyaluronate<\/div>\n<\/div>\n<\/div>\n<div class=\" product-block product-block--social \"><\/div>\n<p>&nbsp;<\/p>\n<p>&nbsp;<\/p>\n","protected":false},"excerpt":{"rendered":"<p>Perfect Shape Lifting Mist ir man\u0101ms liftinga efekts, intens\u012bvi atjauno \u0101du, nostiepj to un pal\u012bdz izl\u012bdzin\u0101t grumbas. L\u012bdzeklis nomierina kairin\u0101jumus, tam piem\u012bt bakteric\u012bda iedarb\u012bba, tas mazina iekaisumu un aps\u0101rtumu. Migla intens\u012bvi baro \u0101du ar noder\u012bg\u0101m sast\u0101vda\u013c\u0101m un aizsarg\u0101 to no negat\u012bviem vides faktoriem. Izveido nej\u016bt\u012bgu barjeru, kas nov\u0113r\u0161 mitruma zudumu. Stiepj\u0101das elast\u012bbu, mazina piet\u016bkumu, intens\u012bvi [&hellip;]<\/p>\n","protected":false},"featured_media":15158,"comment_status":"open","ping_status":"closed","template":"","meta":{"site-sidebar-layout":"default","site-content-layout":"","ast-site-content-layout":"","site-content-style":"default","site-sidebar-style":"default","ast-global-header-display":"","ast-banner-title-visibility":"","ast-main-header-display":"","ast-hfb-above-header-display":"","ast-hfb-below-header-display":"","ast-hfb-mobile-header-display":"","site-post-title":"","ast-breadcrumbs-content":"","ast-featured-img":"","footer-sml-layout":"","theme-transparent-header-meta":"","adv-header-id-meta":"","stick-header-meta":"","header-above-stick-meta":"","header-main-stick-meta":"","header-below-stick-meta":"","astra-migrate-meta-layouts":"default","ast-page-background-enabled":"default","ast-page-background-meta":{"desktop":{"background-color":"var(--ast-global-color-4)","background-image":"","background-repeat":"repeat","background-position":"center center","background-size":"auto","background-attachment":"scroll","background-type":"","background-media":"","overlay-type":"","overlay-color":"","overlay-opacity":"","overlay-gradient":""},"tablet":{"background-color":"","background-image":"","background-repeat":"repeat","background-position":"center center","background-size":"auto","background-attachment":"scroll","background-type":"","background-media":"","overlay-type":"","overlay-color":"","overlay-opacity":"","overlay-gradient":""},"mobile":{"background-color":"","background-image":"","background-repeat":"repeat","background-position":"center center","background-size":"auto","background-attachment":"scroll","background-type":"","background-media":"","overlay-type":"","overlay-color":"","overlay-opacity":"","overlay-gradient":""}},"ast-content-background-meta":{"desktop":{"background-color":"var(--ast-global-color-5)","background-image":"","background-repeat":"repeat","background-position":"center center","background-size":"auto","background-attachment":"scroll","background-type":"","background-media":"","overlay-type":"","overlay-color":"","overlay-opacity":"","overlay-gradient":""},"tablet":{"background-color":"var(--ast-global-color-5)","background-image":"","background-repeat":"repeat","background-position":"center center","background-size":"auto","background-attachment":"scroll","background-type":"","background-media":"","overlay-type":"","overlay-color":"","overlay-opacity":"","overlay-gradient":""},"mobile":{"background-color":"var(--ast-global-color-5)","background-image":"","background-repeat":"repeat","background-position":"center center","background-size":"auto","background-attachment":"scroll","background-type":"","background-media":"","overlay-type":"","overlay-color":"","overlay-opacity":"","overlay-gradient":""}}},"product_brand":[],"product_cat":[370,371,511,380,378,379,363,364],"product_tag":[],"berocket_brand":[583],"class_list":{"0":"post-15157","1":"product","2":"type-product","3":"status-publish","4":"has-post-thumbnail","6":"product_cat-adas-mirdzumam","7":"product_cat-anti-age","8":"product_cat-atlaides","9":"product_cat-kombinetai-adai","10":"product_cat-sausai-adai-toneri","11":"product_cat-sausai-adai-anti-age","12":"product_cat-serumi","13":"product_cat-toneri","14":"berocket_brand-medi-peel","15":"desktop-align-left","16":"tablet-align-left","17":"mobile-align-left","19":"first","20":"outofstock","21":"sale","22":"taxable","23":"shipping-taxable","24":"purchasable","25":"product-type-simple","26":"add-to-wishlist-before_image"},"yoast_head":"<!-- This site is optimized with the Yoast SEO plugin v27.4 - https:\/\/yoast.com\/product\/yoast-seo-wordpress\/ -->\n<title>MEDI-PEEL Perfect Shape Lifting Mist 120ml - FACECORNER<\/title>\n<meta name=\"robots\" content=\"index, follow, max-snippet:-1, max-image-preview:large, max-video-preview:-1\" \/>\n<link rel=\"canonical\" href=\"https:\/\/www.facecorner.lv\/lv\/shop\/medi-peel-perfect-shape-lifting-mist-120ml\/\" \/>\n<meta property=\"og:locale\" content=\"lv_LV\" \/>\n<meta property=\"og:type\" content=\"article\" \/>\n<meta property=\"og:title\" content=\"MEDI-PEEL Perfect Shape Lifting Mist 120ml - FACECORNER\" \/>\n<meta property=\"og:description\" content=\"Perfect Shape Lifting Mist ir man\u0101ms liftinga efekts, intens\u012bvi atjauno \u0101du, nostiepj to un pal\u012bdz izl\u012bdzin\u0101t grumbas. L\u012bdzeklis nomierina kairin\u0101jumus, tam piem\u012bt bakteric\u012bda iedarb\u012bba, tas mazina iekaisumu un aps\u0101rtumu. Migla intens\u012bvi baro \u0101du ar noder\u012bg\u0101m sast\u0101vda\u013c\u0101m un aizsarg\u0101 to no negat\u012bviem vides faktoriem. Izveido nej\u016bt\u012bgu barjeru, kas nov\u0113r\u0161 mitruma zudumu. Stiepj\u0101das elast\u012bbu, mazina piet\u016bkumu, intens\u012bvi [&hellip;]\" \/>\n<meta property=\"og:url\" content=\"https:\/\/www.facecorner.lv\/lv\/shop\/medi-peel-perfect-shape-lifting-mist-120ml\/\" \/>\n<meta property=\"og:site_name\" content=\"FACECORNER\" \/>\n<meta property=\"article:publisher\" content=\"https:\/\/www.facebook.com\/profile.php?id=100063824551839\" \/>\n<meta property=\"article:modified_time\" content=\"2024-12-02T20:25:31+00:00\" \/>\n<meta property=\"og:image\" content=\"https:\/\/www.facecorner.lv\/wp-content\/uploads\/2024\/04\/Medi-PeelV-PerfectShapeLiftingMist.png.webp\" \/>\n\t<meta property=\"og:image:width\" content=\"600\" \/>\n\t<meta property=\"og:image:height\" content=\"600\" \/>\n\t<meta property=\"og:image:type\" content=\"image\/webp\" \/>\n<meta name=\"twitter:card\" content=\"summary_large_image\" \/>\n<meta name=\"twitter:label1\" content=\"Price\" \/>\n\t<meta name=\"twitter:data1\" content=\"&euro;24.90\" \/>\n\t<meta name=\"twitter:label2\" content=\"Availability\" \/>\n\t<meta name=\"twitter:data2\" content=\"Out of stock\" \/>\n<script type=\"application\/ld+json\" class=\"yoast-schema-graph\">{\"@context\":\"https:\\\/\\\/schema.org\",\"@graph\":[{\"@type\":\"WebPage\",\"@id\":\"https:\\\/\\\/www.facecorner.lv\\\/shop\\\/medi-peel-perfect-shape-lifting-mist-120ml\\\/\",\"url\":\"https:\\\/\\\/www.facecorner.lv\\\/shop\\\/medi-peel-perfect-shape-lifting-mist-120ml\\\/\",\"name\":\"MEDI-PEEL Perfect Shape Lifting Mist 120ml - FACECORNER\",\"isPartOf\":{\"@id\":\"https:\\\/\\\/www.facecorner.lv\\\/#website\"},\"primaryImageOfPage\":{\"@id\":\"https:\\\/\\\/www.facecorner.lv\\\/shop\\\/medi-peel-perfect-shape-lifting-mist-120ml\\\/#primaryimage\"},\"image\":{\"@id\":\"https:\\\/\\\/www.facecorner.lv\\\/shop\\\/medi-peel-perfect-shape-lifting-mist-120ml\\\/#primaryimage\"},\"thumbnailUrl\":\"https:\\\/\\\/www.facecorner.lv\\\/wp-content\\\/uploads\\\/2024\\\/04\\\/Medi-PeelV-PerfectShapeLiftingMist.png.webp\",\"datePublished\":\"2024-04-19T11:30:58+00:00\",\"dateModified\":\"2024-12-02T20:25:31+00:00\",\"breadcrumb\":{\"@id\":\"https:\\\/\\\/www.facecorner.lv\\\/shop\\\/medi-peel-perfect-shape-lifting-mist-120ml\\\/#breadcrumb\"},\"inLanguage\":\"lv-LV\",\"potentialAction\":[{\"@type\":\"ReadAction\",\"target\":[\"https:\\\/\\\/www.facecorner.lv\\\/shop\\\/medi-peel-perfect-shape-lifting-mist-120ml\\\/\"]}]},{\"@type\":\"ImageObject\",\"inLanguage\":\"lv-LV\",\"@id\":\"https:\\\/\\\/www.facecorner.lv\\\/shop\\\/medi-peel-perfect-shape-lifting-mist-120ml\\\/#primaryimage\",\"url\":\"https:\\\/\\\/www.facecorner.lv\\\/wp-content\\\/uploads\\\/2024\\\/04\\\/Medi-PeelV-PerfectShapeLiftingMist.png.webp\",\"contentUrl\":\"https:\\\/\\\/www.facecorner.lv\\\/wp-content\\\/uploads\\\/2024\\\/04\\\/Medi-PeelV-PerfectShapeLiftingMist.png.webp\",\"width\":600,\"height\":600},{\"@type\":\"BreadcrumbList\",\"@id\":\"https:\\\/\\\/www.facecorner.lv\\\/shop\\\/medi-peel-perfect-shape-lifting-mist-120ml\\\/#breadcrumb\",\"itemListElement\":[{\"@type\":\"ListItem\",\"position\":1,\"name\":\"Home\",\"item\":\"https:\\\/\\\/www.facecorner.lv\\\/\"},{\"@type\":\"ListItem\",\"position\":2,\"name\":\"Veikals\",\"item\":\"https:\\\/\\\/www.facecorner.lv\\\/shop\\\/\"},{\"@type\":\"ListItem\",\"position\":3,\"name\":\"MEDI-PEEL Perfect Shape Lifting Mist 120ml\"}]},{\"@type\":\"WebSite\",\"@id\":\"https:\\\/\\\/www.facecorner.lv\\\/#website\",\"url\":\"https:\\\/\\\/www.facecorner.lv\\\/\",\"name\":\"Facecorner\",\"description\":\"\",\"publisher\":{\"@id\":\"https:\\\/\\\/www.facecorner.lv\\\/#organization\"},\"potentialAction\":[{\"@type\":\"SearchAction\",\"target\":{\"@type\":\"EntryPoint\",\"urlTemplate\":\"https:\\\/\\\/www.facecorner.lv\\\/?s={search_term_string}\"},\"query-input\":{\"@type\":\"PropertyValueSpecification\",\"valueRequired\":true,\"valueName\":\"search_term_string\"}}],\"inLanguage\":\"lv-LV\"},{\"@type\":\"Organization\",\"@id\":\"https:\\\/\\\/www.facecorner.lv\\\/#organization\",\"name\":\"Facecorner\",\"url\":\"https:\\\/\\\/www.facecorner.lv\\\/\",\"logo\":{\"@type\":\"ImageObject\",\"inLanguage\":\"lv-LV\",\"@id\":\"https:\\\/\\\/www.facecorner.lv\\\/#\\\/schema\\\/logo\\\/image\\\/\",\"url\":\"https:\\\/\\\/www.facecorner.lv\\\/wp-content\\\/uploads\\\/2024\\\/04\\\/fc-logo.jpg\",\"contentUrl\":\"https:\\\/\\\/www.facecorner.lv\\\/wp-content\\\/uploads\\\/2024\\\/04\\\/fc-logo.jpg\",\"width\":174,\"height\":28,\"caption\":\"Facecorner\"},\"image\":{\"@id\":\"https:\\\/\\\/www.facecorner.lv\\\/#\\\/schema\\\/logo\\\/image\\\/\"},\"sameAs\":[\"https:\\\/\\\/www.facebook.com\\\/profile.php?id=100063824551839\",\"https:\\\/\\\/www.instagram.com\\\/facecorner_shop\\\/\"]}]}<\/script>\n<meta property=\"product:price:amount\" content=\"24.90\" \/>\n<meta property=\"product:price:currency\" content=\"EUR\" \/>\n<meta property=\"og:availability\" content=\"out of stock\" \/>\n<meta property=\"product:availability\" content=\"out of stock\" \/>\n<meta property=\"product:condition\" content=\"new\" \/>\n<!-- \/ Yoast SEO plugin. -->","yoast_head_json":{"title":"MEDI-PEEL Perfect Shape Lifting Mist 120ml - FACECORNER","robots":{"index":"index","follow":"follow","max-snippet":"max-snippet:-1","max-image-preview":"max-image-preview:large","max-video-preview":"max-video-preview:-1"},"canonical":"https:\/\/www.facecorner.lv\/lv\/shop\/medi-peel-perfect-shape-lifting-mist-120ml\/","og_locale":"lv_LV","og_type":"article","og_title":"MEDI-PEEL Perfect Shape Lifting Mist 120ml - FACECORNER","og_description":"Perfect Shape Lifting Mist ir man\u0101ms liftinga efekts, intens\u012bvi atjauno \u0101du, nostiepj to un pal\u012bdz izl\u012bdzin\u0101t grumbas. L\u012bdzeklis nomierina kairin\u0101jumus, tam piem\u012bt bakteric\u012bda iedarb\u012bba, tas mazina iekaisumu un aps\u0101rtumu. Migla intens\u012bvi baro \u0101du ar noder\u012bg\u0101m sast\u0101vda\u013c\u0101m un aizsarg\u0101 to no negat\u012bviem vides faktoriem. Izveido nej\u016bt\u012bgu barjeru, kas nov\u0113r\u0161 mitruma zudumu. Stiepj\u0101das elast\u012bbu, mazina piet\u016bkumu, intens\u012bvi [&hellip;]","og_url":"https:\/\/www.facecorner.lv\/lv\/shop\/medi-peel-perfect-shape-lifting-mist-120ml\/","og_site_name":"FACECORNER","article_publisher":"https:\/\/www.facebook.com\/profile.php?id=100063824551839","article_modified_time":"2024-12-02T20:25:31+00:00","og_image":[{"width":600,"height":600,"url":"https:\/\/www.facecorner.lv\/wp-content\/uploads\/2024\/04\/Medi-PeelV-PerfectShapeLiftingMist.png.webp","type":"image\/webp"}],"twitter_card":"summary_large_image","twitter_misc":{"Price":"&euro;24.90","Availability":"Out of stock"},"schema":{"@context":"https:\/\/schema.org","@graph":[{"@type":"WebPage","@id":"https:\/\/www.facecorner.lv\/shop\/medi-peel-perfect-shape-lifting-mist-120ml\/","url":"https:\/\/www.facecorner.lv\/shop\/medi-peel-perfect-shape-lifting-mist-120ml\/","name":"MEDI-PEEL Perfect Shape Lifting Mist 120ml - FACECORNER","isPartOf":{"@id":"https:\/\/www.facecorner.lv\/#website"},"primaryImageOfPage":{"@id":"https:\/\/www.facecorner.lv\/shop\/medi-peel-perfect-shape-lifting-mist-120ml\/#primaryimage"},"image":{"@id":"https:\/\/www.facecorner.lv\/shop\/medi-peel-perfect-shape-lifting-mist-120ml\/#primaryimage"},"thumbnailUrl":"https:\/\/www.facecorner.lv\/wp-content\/uploads\/2024\/04\/Medi-PeelV-PerfectShapeLiftingMist.png.webp","datePublished":"2024-04-19T11:30:58+00:00","dateModified":"2024-12-02T20:25:31+00:00","breadcrumb":{"@id":"https:\/\/www.facecorner.lv\/shop\/medi-peel-perfect-shape-lifting-mist-120ml\/#breadcrumb"},"inLanguage":"lv-LV","potentialAction":[{"@type":"ReadAction","target":["https:\/\/www.facecorner.lv\/shop\/medi-peel-perfect-shape-lifting-mist-120ml\/"]}]},{"@type":"ImageObject","inLanguage":"lv-LV","@id":"https:\/\/www.facecorner.lv\/shop\/medi-peel-perfect-shape-lifting-mist-120ml\/#primaryimage","url":"https:\/\/www.facecorner.lv\/wp-content\/uploads\/2024\/04\/Medi-PeelV-PerfectShapeLiftingMist.png.webp","contentUrl":"https:\/\/www.facecorner.lv\/wp-content\/uploads\/2024\/04\/Medi-PeelV-PerfectShapeLiftingMist.png.webp","width":600,"height":600},{"@type":"BreadcrumbList","@id":"https:\/\/www.facecorner.lv\/shop\/medi-peel-perfect-shape-lifting-mist-120ml\/#breadcrumb","itemListElement":[{"@type":"ListItem","position":1,"name":"Home","item":"https:\/\/www.facecorner.lv\/"},{"@type":"ListItem","position":2,"name":"Veikals","item":"https:\/\/www.facecorner.lv\/shop\/"},{"@type":"ListItem","position":3,"name":"MEDI-PEEL Perfect Shape Lifting Mist 120ml"}]},{"@type":"WebSite","@id":"https:\/\/www.facecorner.lv\/#website","url":"https:\/\/www.facecorner.lv\/","name":"Facecorner","description":"","publisher":{"@id":"https:\/\/www.facecorner.lv\/#organization"},"potentialAction":[{"@type":"SearchAction","target":{"@type":"EntryPoint","urlTemplate":"https:\/\/www.facecorner.lv\/?s={search_term_string}"},"query-input":{"@type":"PropertyValueSpecification","valueRequired":true,"valueName":"search_term_string"}}],"inLanguage":"lv-LV"},{"@type":"Organization","@id":"https:\/\/www.facecorner.lv\/#organization","name":"Facecorner","url":"https:\/\/www.facecorner.lv\/","logo":{"@type":"ImageObject","inLanguage":"lv-LV","@id":"https:\/\/www.facecorner.lv\/#\/schema\/logo\/image\/","url":"https:\/\/www.facecorner.lv\/wp-content\/uploads\/2024\/04\/fc-logo.jpg","contentUrl":"https:\/\/www.facecorner.lv\/wp-content\/uploads\/2024\/04\/fc-logo.jpg","width":174,"height":28,"caption":"Facecorner"},"image":{"@id":"https:\/\/www.facecorner.lv\/#\/schema\/logo\/image\/"},"sameAs":["https:\/\/www.facebook.com\/profile.php?id=100063824551839","https:\/\/www.instagram.com\/facecorner_shop\/"]}]},"product_price_amount":"24.90","product_price_currency":"EUR","og_availability":"out of stock","product_availability":"out of stock","product_condition":"new"},"_links":{"self":[{"href":"https:\/\/www.facecorner.lv\/lv\/wp-json\/wp\/v2\/product\/15157","targetHints":{"allow":["GET"]}}],"collection":[{"href":"https:\/\/www.facecorner.lv\/lv\/wp-json\/wp\/v2\/product"}],"about":[{"href":"https:\/\/www.facecorner.lv\/lv\/wp-json\/wp\/v2\/types\/product"}],"replies":[{"embeddable":true,"href":"https:\/\/www.facecorner.lv\/lv\/wp-json\/wp\/v2\/comments?post=15157"}],"wp:featuredmedia":[{"embeddable":true,"href":"https:\/\/www.facecorner.lv\/lv\/wp-json\/wp\/v2\/media\/15158"}],"wp:attachment":[{"href":"https:\/\/www.facecorner.lv\/lv\/wp-json\/wp\/v2\/media?parent=15157"}],"wp:term":[{"taxonomy":"product_brand","embeddable":true,"href":"https:\/\/www.facecorner.lv\/lv\/wp-json\/wp\/v2\/product_brand?post=15157"},{"taxonomy":"product_cat","embeddable":true,"href":"https:\/\/www.facecorner.lv\/lv\/wp-json\/wp\/v2\/product_cat?post=15157"},{"taxonomy":"product_tag","embeddable":true,"href":"https:\/\/www.facecorner.lv\/lv\/wp-json\/wp\/v2\/product_tag?post=15157"},{"taxonomy":"berocket_brand","embeddable":true,"href":"https:\/\/www.facecorner.lv\/lv\/wp-json\/wp\/v2\/berocket_brand?post=15157"}],"curies":[{"name":"wp","href":"https:\/\/api.w.org\/{rel}","templated":true}]}}