{"id":14948,"date":"2024-04-05T16:29:04","date_gmt":"2024-04-05T14:29:04","guid":{"rendered":"https:\/\/www.facecorner.lv\/?post_type=product&#038;p=14948"},"modified":"2024-12-02T23:26:04","modified_gmt":"2024-12-02T20:26:04","slug":"isntree-hyaluronic-acid-airy-sun-stick-spf-50-pa-22g","status":"publish","type":"product","link":"https:\/\/www.facecorner.lv\/lv\/shop\/isntree-hyaluronic-acid-airy-sun-stick-spf-50-pa-22g\/","title":{"rendered":"IsNtree Hyaluronic Acid Airy Sun Stick SPF 50+ PA++++ 22g"},"content":{"rendered":"<p>IsNtree Hyaluronic Acid Airy Sun Stick SPF 50+ PA++++ nodro\u0161ina augstu aizsardz\u012bbas l\u012bmeni pret UVA un UVB stariem, neiz\u017e\u016bst, padara \u0101du starojo\u0161u un mitrin\u0101tu.<\/p>\n<p>Nov\u0113r\u0161 fotonoveco\u0161anos, aizsarg\u0101 pret saules apdegumiem un pigment\u0101ciju, pateicoties jaun\u0101s paaudzes fotostabilajiem \u0137\u012bmiskajiem filtriem, kas pils\u0113tas apst\u0101k\u013cos nav j\u0101atjauno l\u012bdz pat 8 stund\u0101m:<\/p>\n<ul>\n<li>Uvinul A Plus (Diethylamino Hydroxybenzoyl Hexyl Benzoate) aizsarg\u0101 pret UVA stariem.<\/li>\n<li>Tinosorb S (bis-etilheksilheksiloksiloksifenols-metoksifeniltriaz\u012bns) ir pla\u0161a spektra filtrs, kas aizsarg\u0101 pret UVA un UVB stariem.<br \/>\nProdukta pamat\u0101 ir augsti koncentr\u0113ta esence dzi\u013cas un kvalitat\u012bvas \u0101das mitrin\u0101\u0161anas nodro\u0161in\u0101\u0161anai. T\u0101 veicina aizsargbarjeras veido\u0161anos un uztur mitrumu \u0161\u016bn\u0101s optim\u0101l\u0101 l\u012bmen\u012b.<br \/>\nTam piem\u012bt izteikta nomierino\u0161a iedarb\u012bba, tas veicina nelielu iekaisumu un kairin\u0101jumu dz\u012b\u0161anu, un atv\u0113sino\u0161ais efekts pal\u012bdz tikt gal\u0101 ar niezi un aps\u0101rtumu.<\/li>\n<\/ul>\n<p>\u0160\u012b sticks ir kompakt\u0101 form\u0101t\u0101, kas ir \u0113rti pa\u0146emams l\u012bdzi. Ide\u0101li piem\u0113rots, lai atjaunin\u0101tu aizsardz\u012bbu dienas laik\u0101 un ce\u013c\u0101, tie\u0161i uz grima. \u0112rta grima forma nodro\u0161ina maksim\u0101lu p\u0101rkl\u0101jumu pat gr\u016bti aizsniedzam\u0101s viet\u0101s. Tam ir pat\u012bkami atsvaidzino\u0161s, z\u012bdains fini\u0161s bez lip\u012bguma.<\/p>\n<p><strong>Galven\u0101s akt\u012bv\u0101s sast\u0101vda\u013cas:<\/strong><\/p>\n<ul>\n<li>8 hialuronsk\u0101bes veidi iek\u013c\u016bst dzi\u013cos epidermas sl\u0101\u0146os, akt\u012bvi mitrina \u0161\u016bnas, veicina mitruma saglab\u0101\u0161anos \u0101d\u0101. T\u0101s veido aizsargsl\u0101ni, kas nov\u0113r\u0161 mitruma iztvaiko\u0161anu.<\/li>\n<li>Led\u0101ja ekstrakts ir bag\u0101ts ar betakarat\u012bnu, polifenoliem un mikroelementiem \u0101das vesel\u012bbai. Tam piem\u012bt izteikta iedarb\u012bba, tas nomierina sakairin\u0101tu \u0101du, mazina niezi un aps\u0101rtumu.<\/li>\n<li>Prie\u017eu ekstraktam piem\u012bt antioksidanta un pretiekaisuma iedarb\u012bba. Nov\u0113r\u0161 p\u0101rm\u0113r\u012bgu sebuma aktivit\u0101ti, normaliz\u0113 \u0101das taukain\u012bbu un nov\u0113r\u0161 taukainu sp\u012bdumu.<\/li>\n<li>Bambusa \u016bdens ir lab\u0101kais l\u012bdzeklis c\u012b\u0146\u0101 pret kuperozi. Tam piem\u012bt izteiktas nostiprino\u0161as un toniz\u0113jo\u0161as \u012bpa\u0161\u012bbas, tas pal\u012bdz asinsvadu zvaigzn\u012btes \u0101rst\u0113\u0161an\u0101 un nov\u0113r\u0161 aps\u0101rtumu.<\/li>\n<li>Hibiska ziedu ekstrakts mitrina \u0101du, tam piem\u012bt antioksidanta iedarb\u012bba, tas nov\u0113r\u0161 \u0101das noveco\u0161anos, veicina dzi\u013cu atmiru\u0161o \u0101das \u0161\u016bnu att\u012br\u012b\u0161anu un sa\u0161aurina poras.<\/li>\n<li>Alvejas ekstrakts pal\u012bdz m\u012bkstin\u0101t \u0101du un mazin\u0101t kairin\u0101jumus, pa\u0101trina br\u016b\u010du dz\u012b\u0161anu, tam piem\u012bt pretiekaisuma un pretaler\u0123iska iedarb\u012bba, antioksidanta iedarb\u012bba, stimul\u0113 kolag\u0113na \u0161\u0137iedru sint\u0113zi.<\/li>\n<\/ul>\n<p><strong>Lieto\u0161ana<\/strong>: p\u0113c visiem dienas kop\u0161anas posmiem uzkl\u0101jiet uz sejas 3-4 k\u0101rt\u0101s. Uzturoties tie\u0161os saules staros (piem\u0113ram, pludmal\u0113), atjaunojiet aizsargsl\u0101ni ik p\u0113c 2-3 stund\u0101m. N\u016bji\u0146as \u0161aur\u0101 da\u013ca ir paredz\u0113ta degunam, deguna tiltam un l\u016bpu rievi\u0146ai, bet plat\u0101 da\u013ca &#8211; pieres, vaigu un \u0137erme\u0146a kop\u0161anai.<\/p>\n<p><strong>S\u0101stavs:\u00a0<\/strong>Water, Polyethylene, Propylheptyl Caprylate, C12-15 Alkyl Benzoate, Homosalate, Silica, Ethylhexyl Methoxycinnamate, Neopentyl Glycol Diheptanoate, Vinyl Dimethicone \/Methicone Silsesquioxane Crosspolymer, Ethylhexyl Salicylate, Butylene Glycol, Synthetic Fluorphlogopite, Niacinamide, Diethylamino Hydroxybenzoyl Hexyl Benzoate, Vinyl Dimethicone, Bis-Ethylhexyloxyphenol Methoxyphenyl Triazine, Ozokerite, Polyglyceryl-4 Disostearate\/Polyhydroxystearate\/Sebacate, Pinus Pinaster Bark Extract, Bambusa Vulgaris Water, Mesembryanthemum Crystallinum Extract, Hibiscus Sabdariffa Flower Extract, Ceramide NP, Glycerin, Olea Europaea (Olive) Fruit Oil, Laminaria Japonica Extract, Ulmus Davidiana Root Extract, Aloe Barbadensis Leaf Extract, Viola Mandshurica Flower Extract, Dioscorea Japonica Root Extract, Polyglyceryl-2 Dipolyhydroxystearate, Polyurethane-11, Glyceryl Caprylate, Sorbitan Sesquioleate, Sodium Hyaluronate, Adenosine, Astaxanthin, Pentylene Glycol, Sodium Acetylated Hyaluronate, Sodium Hyaluronate Crosspolymer, Ascorbyl Propyl Hyaluronate, Hydroxy propyltrimonium Hyaluronate, Hydrolyzed Sodium Hyaluronate, Hydrolyzed Hyaluronic Acid, Hyaluronic Acid, Triethoxycaprylylsilane, Caprylyl Glycol, Ethylhexylglycerin, 1,2-Hexanediol<\/p>\n","protected":false},"excerpt":{"rendered":"<p>IsNtree Hyaluronic Acid Airy Sun Stick SPF 50+ PA++++ nodro\u0161ina augstu aizsardz\u012bbas l\u012bmeni pret UVA un UVB stariem, neiz\u017e\u016bst, padara \u0101du starojo\u0161u un mitrin\u0101tu. Nov\u0113r\u0161 fotonoveco\u0161anos, aizsarg\u0101 pret saules apdegumiem un pigment\u0101ciju, pateicoties jaun\u0101s paaudzes fotostabilajiem \u0137\u012bmiskajiem filtriem, kas pils\u0113tas apst\u0101k\u013cos nav j\u0101atjauno l\u012bdz pat 8 stund\u0101m: Uvinul A Plus (Diethylamino Hydroxybenzoyl Hexyl Benzoate) aizsarg\u0101 [&hellip;]<\/p>\n","protected":false},"featured_media":14949,"comment_status":"open","ping_status":"closed","template":"","meta":{"site-sidebar-layout":"default","site-content-layout":"","ast-site-content-layout":"","site-content-style":"default","site-sidebar-style":"default","ast-global-header-display":"","ast-banner-title-visibility":"","ast-main-header-display":"","ast-hfb-above-header-display":"","ast-hfb-below-header-display":"","ast-hfb-mobile-header-display":"","site-post-title":"","ast-breadcrumbs-content":"","ast-featured-img":"","footer-sml-layout":"","theme-transparent-header-meta":"","adv-header-id-meta":"","stick-header-meta":"","header-above-stick-meta":"","header-main-stick-meta":"","header-below-stick-meta":"","astra-migrate-meta-layouts":"default","ast-page-background-enabled":"default","ast-page-background-meta":{"desktop":{"background-color":"var(--ast-global-color-4)","background-image":"","background-repeat":"repeat","background-position":"center center","background-size":"auto","background-attachment":"scroll","background-type":"","background-media":"","overlay-type":"","overlay-color":"","overlay-opacity":"","overlay-gradient":""},"tablet":{"background-color":"","background-image":"","background-repeat":"repeat","background-position":"center center","background-size":"auto","background-attachment":"scroll","background-type":"","background-media":"","overlay-type":"","overlay-color":"","overlay-opacity":"","overlay-gradient":""},"mobile":{"background-color":"","background-image":"","background-repeat":"repeat","background-position":"center center","background-size":"auto","background-attachment":"scroll","background-type":"","background-media":"","overlay-type":"","overlay-color":"","overlay-opacity":"","overlay-gradient":""}},"ast-content-background-meta":{"desktop":{"background-color":"var(--ast-global-color-5)","background-image":"","background-repeat":"repeat","background-position":"center center","background-size":"auto","background-attachment":"scroll","background-type":"","background-media":"","overlay-type":"","overlay-color":"","overlay-opacity":"","overlay-gradient":""},"tablet":{"background-color":"var(--ast-global-color-5)","background-image":"","background-repeat":"repeat","background-position":"center center","background-size":"auto","background-attachment":"scroll","background-type":"","background-media":"","overlay-type":"","overlay-color":"","overlay-opacity":"","overlay-gradient":""},"mobile":{"background-color":"var(--ast-global-color-5)","background-image":"","background-repeat":"repeat","background-position":"center center","background-size":"auto","background-attachment":"scroll","background-type":"","background-media":"","overlay-type":"","overlay-color":"","overlay-opacity":"","overlay-gradient":""}}},"product_brand":[],"product_cat":[307,512],"product_tag":[],"berocket_brand":[585],"class_list":{"0":"post-14948","1":"product","2":"type-product","3":"status-publish","4":"has-post-thumbnail","6":"product_cat-sejai","7":"product_cat-spf","8":"berocket_brand-isntree","9":"desktop-align-left","10":"tablet-align-left","11":"mobile-align-left","13":"first","14":"outofstock","15":"taxable","16":"shipping-taxable","17":"purchasable","18":"product-type-simple","19":"add-to-wishlist-before_image"},"yoast_head":"<!-- This site is optimized with the Yoast SEO plugin v27.3 - https:\/\/yoast.com\/product\/yoast-seo-wordpress\/ -->\n<title>IsNtree Hyaluronic Acid Airy Sun Stick SPF 50+ PA++++ 22g - FACECORNER<\/title>\n<meta name=\"robots\" content=\"index, follow, max-snippet:-1, max-image-preview:large, max-video-preview:-1\" \/>\n<link rel=\"canonical\" href=\"https:\/\/www.facecorner.lv\/lv\/shop\/isntree-hyaluronic-acid-airy-sun-stick-spf-50-pa-22g\/\" \/>\n<meta property=\"og:locale\" content=\"lv_LV\" \/>\n<meta property=\"og:type\" content=\"article\" \/>\n<meta property=\"og:title\" content=\"IsNtree Hyaluronic Acid Airy Sun Stick SPF 50+ PA++++ 22g - FACECORNER\" \/>\n<meta property=\"og:description\" content=\"IsNtree Hyaluronic Acid Airy Sun Stick SPF 50+ PA++++ nodro\u0161ina augstu aizsardz\u012bbas l\u012bmeni pret UVA un UVB stariem, neiz\u017e\u016bst, padara \u0101du starojo\u0161u un mitrin\u0101tu. Nov\u0113r\u0161 fotonoveco\u0161anos, aizsarg\u0101 pret saules apdegumiem un pigment\u0101ciju, pateicoties jaun\u0101s paaudzes fotostabilajiem \u0137\u012bmiskajiem filtriem, kas pils\u0113tas apst\u0101k\u013cos nav j\u0101atjauno l\u012bdz pat 8 stund\u0101m: Uvinul A Plus (Diethylamino Hydroxybenzoyl Hexyl Benzoate) aizsarg\u0101 [&hellip;]\" \/>\n<meta property=\"og:url\" content=\"https:\/\/www.facecorner.lv\/lv\/shop\/isntree-hyaluronic-acid-airy-sun-stick-spf-50-pa-22g\/\" \/>\n<meta property=\"og:site_name\" content=\"FACECORNER\" \/>\n<meta property=\"article:publisher\" content=\"https:\/\/www.facebook.com\/profile.php?id=100063824551839\" \/>\n<meta property=\"article:modified_time\" content=\"2024-12-02T20:26:04+00:00\" \/>\n<meta property=\"og:image\" content=\"https:\/\/www.facecorner.lv\/wp-content\/uploads\/2024\/04\/isntreehyaluronicacidairysunstick.jpeg\" \/>\n\t<meta property=\"og:image:width\" content=\"1100\" \/>\n\t<meta property=\"og:image:height\" content=\"1100\" \/>\n\t<meta property=\"og:image:type\" content=\"image\/jpeg\" \/>\n<meta name=\"twitter:card\" content=\"summary_large_image\" \/>\n<meta name=\"twitter:label1\" content=\"Price\" \/>\n\t<meta name=\"twitter:data1\" content=\"&euro;23.00\" \/>\n\t<meta name=\"twitter:label2\" content=\"Availability\" \/>\n\t<meta name=\"twitter:data2\" content=\"Out of stock\" \/>\n<script type=\"application\/ld+json\" class=\"yoast-schema-graph\">{\"@context\":\"https:\\\/\\\/schema.org\",\"@graph\":[{\"@type\":\"WebPage\",\"@id\":\"https:\\\/\\\/www.facecorner.lv\\\/shop\\\/isntree-hyaluronic-acid-airy-sun-stick-spf-50-pa-22g\\\/\",\"url\":\"https:\\\/\\\/www.facecorner.lv\\\/shop\\\/isntree-hyaluronic-acid-airy-sun-stick-spf-50-pa-22g\\\/\",\"name\":\"IsNtree Hyaluronic Acid Airy Sun Stick SPF 50+ PA++++ 22g - FACECORNER\",\"isPartOf\":{\"@id\":\"https:\\\/\\\/www.facecorner.lv\\\/#website\"},\"primaryImageOfPage\":{\"@id\":\"https:\\\/\\\/www.facecorner.lv\\\/shop\\\/isntree-hyaluronic-acid-airy-sun-stick-spf-50-pa-22g\\\/#primaryimage\"},\"image\":{\"@id\":\"https:\\\/\\\/www.facecorner.lv\\\/shop\\\/isntree-hyaluronic-acid-airy-sun-stick-spf-50-pa-22g\\\/#primaryimage\"},\"thumbnailUrl\":\"https:\\\/\\\/www.facecorner.lv\\\/wp-content\\\/uploads\\\/2024\\\/04\\\/isntreehyaluronicacidairysunstick.jpeg\",\"datePublished\":\"2024-04-05T14:29:04+00:00\",\"dateModified\":\"2024-12-02T20:26:04+00:00\",\"breadcrumb\":{\"@id\":\"https:\\\/\\\/www.facecorner.lv\\\/shop\\\/isntree-hyaluronic-acid-airy-sun-stick-spf-50-pa-22g\\\/#breadcrumb\"},\"inLanguage\":\"lv-LV\",\"potentialAction\":[{\"@type\":\"ReadAction\",\"target\":[\"https:\\\/\\\/www.facecorner.lv\\\/shop\\\/isntree-hyaluronic-acid-airy-sun-stick-spf-50-pa-22g\\\/\"]}]},{\"@type\":\"ImageObject\",\"inLanguage\":\"lv-LV\",\"@id\":\"https:\\\/\\\/www.facecorner.lv\\\/shop\\\/isntree-hyaluronic-acid-airy-sun-stick-spf-50-pa-22g\\\/#primaryimage\",\"url\":\"https:\\\/\\\/www.facecorner.lv\\\/wp-content\\\/uploads\\\/2024\\\/04\\\/isntreehyaluronicacidairysunstick.jpeg\",\"contentUrl\":\"https:\\\/\\\/www.facecorner.lv\\\/wp-content\\\/uploads\\\/2024\\\/04\\\/isntreehyaluronicacidairysunstick.jpeg\",\"width\":1100,\"height\":1100},{\"@type\":\"BreadcrumbList\",\"@id\":\"https:\\\/\\\/www.facecorner.lv\\\/shop\\\/isntree-hyaluronic-acid-airy-sun-stick-spf-50-pa-22g\\\/#breadcrumb\",\"itemListElement\":[{\"@type\":\"ListItem\",\"position\":1,\"name\":\"Home\",\"item\":\"https:\\\/\\\/www.facecorner.lv\\\/\"},{\"@type\":\"ListItem\",\"position\":2,\"name\":\"Veikals\",\"item\":\"https:\\\/\\\/www.facecorner.lv\\\/shop\\\/\"},{\"@type\":\"ListItem\",\"position\":3,\"name\":\"IsNtree Hyaluronic Acid Airy Sun Stick SPF 50+ PA++++ 22g\"}]},{\"@type\":\"WebSite\",\"@id\":\"https:\\\/\\\/www.facecorner.lv\\\/#website\",\"url\":\"https:\\\/\\\/www.facecorner.lv\\\/\",\"name\":\"Facecorner\",\"description\":\"\",\"publisher\":{\"@id\":\"https:\\\/\\\/www.facecorner.lv\\\/#organization\"},\"potentialAction\":[{\"@type\":\"SearchAction\",\"target\":{\"@type\":\"EntryPoint\",\"urlTemplate\":\"https:\\\/\\\/www.facecorner.lv\\\/?s={search_term_string}\"},\"query-input\":{\"@type\":\"PropertyValueSpecification\",\"valueRequired\":true,\"valueName\":\"search_term_string\"}}],\"inLanguage\":\"lv-LV\"},{\"@type\":\"Organization\",\"@id\":\"https:\\\/\\\/www.facecorner.lv\\\/#organization\",\"name\":\"Facecorner\",\"url\":\"https:\\\/\\\/www.facecorner.lv\\\/\",\"logo\":{\"@type\":\"ImageObject\",\"inLanguage\":\"lv-LV\",\"@id\":\"https:\\\/\\\/www.facecorner.lv\\\/#\\\/schema\\\/logo\\\/image\\\/\",\"url\":\"https:\\\/\\\/www.facecorner.lv\\\/wp-content\\\/uploads\\\/2024\\\/04\\\/fc-logo.jpg\",\"contentUrl\":\"https:\\\/\\\/www.facecorner.lv\\\/wp-content\\\/uploads\\\/2024\\\/04\\\/fc-logo.jpg\",\"width\":174,\"height\":28,\"caption\":\"Facecorner\"},\"image\":{\"@id\":\"https:\\\/\\\/www.facecorner.lv\\\/#\\\/schema\\\/logo\\\/image\\\/\"},\"sameAs\":[\"https:\\\/\\\/www.facebook.com\\\/profile.php?id=100063824551839\",\"https:\\\/\\\/www.instagram.com\\\/facecorner_shop\\\/\"]}]}<\/script>\n<meta property=\"product:price:amount\" content=\"23.00\" \/>\n<meta property=\"product:price:currency\" content=\"EUR\" \/>\n<meta property=\"og:availability\" content=\"out of stock\" \/>\n<meta property=\"product:availability\" content=\"out of stock\" \/>\n<meta property=\"product:condition\" content=\"new\" \/>\n<!-- \/ Yoast SEO plugin. -->","yoast_head_json":{"title":"IsNtree Hyaluronic Acid Airy Sun Stick SPF 50+ PA++++ 22g - FACECORNER","robots":{"index":"index","follow":"follow","max-snippet":"max-snippet:-1","max-image-preview":"max-image-preview:large","max-video-preview":"max-video-preview:-1"},"canonical":"https:\/\/www.facecorner.lv\/lv\/shop\/isntree-hyaluronic-acid-airy-sun-stick-spf-50-pa-22g\/","og_locale":"lv_LV","og_type":"article","og_title":"IsNtree Hyaluronic Acid Airy Sun Stick SPF 50+ PA++++ 22g - FACECORNER","og_description":"IsNtree Hyaluronic Acid Airy Sun Stick SPF 50+ PA++++ nodro\u0161ina augstu aizsardz\u012bbas l\u012bmeni pret UVA un UVB stariem, neiz\u017e\u016bst, padara \u0101du starojo\u0161u un mitrin\u0101tu. Nov\u0113r\u0161 fotonoveco\u0161anos, aizsarg\u0101 pret saules apdegumiem un pigment\u0101ciju, pateicoties jaun\u0101s paaudzes fotostabilajiem \u0137\u012bmiskajiem filtriem, kas pils\u0113tas apst\u0101k\u013cos nav j\u0101atjauno l\u012bdz pat 8 stund\u0101m: Uvinul A Plus (Diethylamino Hydroxybenzoyl Hexyl Benzoate) aizsarg\u0101 [&hellip;]","og_url":"https:\/\/www.facecorner.lv\/lv\/shop\/isntree-hyaluronic-acid-airy-sun-stick-spf-50-pa-22g\/","og_site_name":"FACECORNER","article_publisher":"https:\/\/www.facebook.com\/profile.php?id=100063824551839","article_modified_time":"2024-12-02T20:26:04+00:00","og_image":[{"width":1100,"height":1100,"url":"https:\/\/www.facecorner.lv\/wp-content\/uploads\/2024\/04\/isntreehyaluronicacidairysunstick.jpeg","type":"image\/jpeg"}],"twitter_card":"summary_large_image","twitter_misc":{"Price":"&euro;23.00","Availability":"Out of stock"},"schema":{"@context":"https:\/\/schema.org","@graph":[{"@type":"WebPage","@id":"https:\/\/www.facecorner.lv\/shop\/isntree-hyaluronic-acid-airy-sun-stick-spf-50-pa-22g\/","url":"https:\/\/www.facecorner.lv\/shop\/isntree-hyaluronic-acid-airy-sun-stick-spf-50-pa-22g\/","name":"IsNtree Hyaluronic Acid Airy Sun Stick SPF 50+ PA++++ 22g - FACECORNER","isPartOf":{"@id":"https:\/\/www.facecorner.lv\/#website"},"primaryImageOfPage":{"@id":"https:\/\/www.facecorner.lv\/shop\/isntree-hyaluronic-acid-airy-sun-stick-spf-50-pa-22g\/#primaryimage"},"image":{"@id":"https:\/\/www.facecorner.lv\/shop\/isntree-hyaluronic-acid-airy-sun-stick-spf-50-pa-22g\/#primaryimage"},"thumbnailUrl":"https:\/\/www.facecorner.lv\/wp-content\/uploads\/2024\/04\/isntreehyaluronicacidairysunstick.jpeg","datePublished":"2024-04-05T14:29:04+00:00","dateModified":"2024-12-02T20:26:04+00:00","breadcrumb":{"@id":"https:\/\/www.facecorner.lv\/shop\/isntree-hyaluronic-acid-airy-sun-stick-spf-50-pa-22g\/#breadcrumb"},"inLanguage":"lv-LV","potentialAction":[{"@type":"ReadAction","target":["https:\/\/www.facecorner.lv\/shop\/isntree-hyaluronic-acid-airy-sun-stick-spf-50-pa-22g\/"]}]},{"@type":"ImageObject","inLanguage":"lv-LV","@id":"https:\/\/www.facecorner.lv\/shop\/isntree-hyaluronic-acid-airy-sun-stick-spf-50-pa-22g\/#primaryimage","url":"https:\/\/www.facecorner.lv\/wp-content\/uploads\/2024\/04\/isntreehyaluronicacidairysunstick.jpeg","contentUrl":"https:\/\/www.facecorner.lv\/wp-content\/uploads\/2024\/04\/isntreehyaluronicacidairysunstick.jpeg","width":1100,"height":1100},{"@type":"BreadcrumbList","@id":"https:\/\/www.facecorner.lv\/shop\/isntree-hyaluronic-acid-airy-sun-stick-spf-50-pa-22g\/#breadcrumb","itemListElement":[{"@type":"ListItem","position":1,"name":"Home","item":"https:\/\/www.facecorner.lv\/"},{"@type":"ListItem","position":2,"name":"Veikals","item":"https:\/\/www.facecorner.lv\/shop\/"},{"@type":"ListItem","position":3,"name":"IsNtree Hyaluronic Acid Airy Sun Stick SPF 50+ PA++++ 22g"}]},{"@type":"WebSite","@id":"https:\/\/www.facecorner.lv\/#website","url":"https:\/\/www.facecorner.lv\/","name":"Facecorner","description":"","publisher":{"@id":"https:\/\/www.facecorner.lv\/#organization"},"potentialAction":[{"@type":"SearchAction","target":{"@type":"EntryPoint","urlTemplate":"https:\/\/www.facecorner.lv\/?s={search_term_string}"},"query-input":{"@type":"PropertyValueSpecification","valueRequired":true,"valueName":"search_term_string"}}],"inLanguage":"lv-LV"},{"@type":"Organization","@id":"https:\/\/www.facecorner.lv\/#organization","name":"Facecorner","url":"https:\/\/www.facecorner.lv\/","logo":{"@type":"ImageObject","inLanguage":"lv-LV","@id":"https:\/\/www.facecorner.lv\/#\/schema\/logo\/image\/","url":"https:\/\/www.facecorner.lv\/wp-content\/uploads\/2024\/04\/fc-logo.jpg","contentUrl":"https:\/\/www.facecorner.lv\/wp-content\/uploads\/2024\/04\/fc-logo.jpg","width":174,"height":28,"caption":"Facecorner"},"image":{"@id":"https:\/\/www.facecorner.lv\/#\/schema\/logo\/image\/"},"sameAs":["https:\/\/www.facebook.com\/profile.php?id=100063824551839","https:\/\/www.instagram.com\/facecorner_shop\/"]}]},"product_price_amount":"23.00","product_price_currency":"EUR","og_availability":"out of stock","product_availability":"out of stock","product_condition":"new"},"_links":{"self":[{"href":"https:\/\/www.facecorner.lv\/lv\/wp-json\/wp\/v2\/product\/14948","targetHints":{"allow":["GET"]}}],"collection":[{"href":"https:\/\/www.facecorner.lv\/lv\/wp-json\/wp\/v2\/product"}],"about":[{"href":"https:\/\/www.facecorner.lv\/lv\/wp-json\/wp\/v2\/types\/product"}],"replies":[{"embeddable":true,"href":"https:\/\/www.facecorner.lv\/lv\/wp-json\/wp\/v2\/comments?post=14948"}],"wp:featuredmedia":[{"embeddable":true,"href":"https:\/\/www.facecorner.lv\/lv\/wp-json\/wp\/v2\/media\/14949"}],"wp:attachment":[{"href":"https:\/\/www.facecorner.lv\/lv\/wp-json\/wp\/v2\/media?parent=14948"}],"wp:term":[{"taxonomy":"product_brand","embeddable":true,"href":"https:\/\/www.facecorner.lv\/lv\/wp-json\/wp\/v2\/product_brand?post=14948"},{"taxonomy":"product_cat","embeddable":true,"href":"https:\/\/www.facecorner.lv\/lv\/wp-json\/wp\/v2\/product_cat?post=14948"},{"taxonomy":"product_tag","embeddable":true,"href":"https:\/\/www.facecorner.lv\/lv\/wp-json\/wp\/v2\/product_tag?post=14948"},{"taxonomy":"berocket_brand","embeddable":true,"href":"https:\/\/www.facecorner.lv\/lv\/wp-json\/wp\/v2\/berocket_brand?post=14948"}],"curies":[{"name":"wp","href":"https:\/\/api.w.org\/{rel}","templated":true}]}}