{"id":14908,"date":"2024-04-02T14:29:11","date_gmt":"2024-04-02T12:29:11","guid":{"rendered":"https:\/\/www.facecorner.lv\/?post_type=product&#038;p=14908"},"modified":"2026-04-28T11:23:57","modified_gmt":"2026-04-28T08:23:57","slug":"medi-peel-peptide-9-volume-lifting-all-in-one-essence-100ml","status":"publish","type":"product","link":"https:\/\/www.facecorner.lv\/lv\/shop\/medi-peel-peptide-9-volume-lifting-all-in-one-essence-100ml\/","title":{"rendered":"Medi-Peel Peptide 9 Volume Lifting All-In-One Essence 100ml"},"content":{"rendered":"<p>Medi-Peel Peptide Peptide 9 Volume Lifting All-In-One Essence intens\u012bvi iedarbojas uz \u0101du, palielina t\u0101s elast\u012bbu un tvirtumu, izl\u012bdzina grumbas un savelk \u0101du. T\u0101 nostiprina sejas kont\u016bras, pal\u0113nina noveco\u0161an\u0101s procesus, samazina grumbas un to dzi\u013cumu.<\/p>\n<p>Esence uztur optim\u0101lu mitrin\u0101\u0161anas l\u012bmeni, uzlabo tonusu un aizsarg\u0101 \u0101du no agres\u012bviem vides faktoriem, izgaismo kop\u0113jo \u0101das tonusu un atgrie\u017e vesel\u012bgu mirdzumu.<\/p>\n<ul>\n<li>9 pept\u012bdu komplekss efekt\u012bvi c\u012bn\u0101s pret s\u012bk\u0101m grumbi\u0146\u0101m, padara \u0101du tvirt\u0101ku un elast\u012bg\u0101ku.<\/li>\n<li>Polimolsk\u0101bei piem\u012bt sp\u0113c\u012bgs liftinga efekts.<\/li>\n<li>Kolag\u0113na ekstrakts dzi\u013ci ies\u016bcas \u0101d\u0101, piepildot to ar sp\u0113ku un vesel\u012bbu.<\/li>\n<li>Remannijas saknes ekstrakts, kas satur lielu daudzumu karot\u012bna, nov\u0113r\u0161 priek\u0161laic\u012bgu \u0101das noveco\u0161anos, tostarp fotonoveco\u0161anos.<\/li>\n<\/ul>\n<p class=\"moze-justify\"><strong>Lieto\u0161ana:<\/strong> Liftinga esenci lieto p\u0113c tonika vai losjona uzkl\u0101\u0161anas. Uz\u0146emiet vajadz\u012bgo produkta daudzumu un maigi izkl\u0101jiet to no sejas iek\u0161\u0113j\u0101s da\u013cas uz \u0101r\u0113jo \u0101das virsmas da\u013cu. P\u0113c tam ar ab\u0101m plaukst\u0101m viegli nospiediet uz vaigiem, pieres un zoda, lai l\u012bdzeklis ies\u016bktos un pabeigtu proced\u016bru.<\/p>\n<p><strong>S\u0101stavs:<\/strong> Purified water, glycerin, methyl perfluoroisobutyl ether, hydrogenated polyisobutene, methyl propanediol, caprylic\/capric triglyceride, cyclopentasiloxane, niacinamide, butylene glycol dicapryl lactate\/dicaprate, methyl perfluorobutyl ether, cyclohexasiloxane, sodium myristoyl glutamate, cetearyl alcohol, oil palm kernel oil, arginine, oil palm oil, decyl glucoside, glyceryl stearate, Hydroxyethyl Urea, Betaine, PEG-100 Stearate, Dimethicone, Myristic Acid, Carbomer, Ammonium Acryloyldimethyltaurate\/VP Copolymer, Decylene Glycol, Ethylhexylglycerin, Hex Silene Glycol, Butylene Glycol, Dimethicone\/Vinyl Dimethicone Crosspolymer, Propanediol, 1,2-Hexanediol, Glyceryl Acrylate\/Acrylic Acid Copolymer, Totarol,\u00a0 Sodium Hyaluronate Crosspolymer, Allantoin, Polylactic Acid ( 499ppm), adenosine,\u00a0 sodium hyaluronate, ethanol,\u00a0 hydrolyzed glycosaminoglycan, laureth-23, disodium EDTA, bean sprout fruit extract, eucalyptus leaf extract, argan kernel oil, benzyl glycol, Dandelion rhizome\/root extract, decyl alcohol, caprylyl glycol, trideceth-6,\u00a0 sodium polyacrylate, pentylene glycol, hydrogenated polydecene, hydrolyzed hyaluronic acid, Glucose, thyme extract, rosemary extract,Oregano Flower\/Leaf\/Stem Extract, Lavender Extract, Green Tea Extract, Oleracea Acmela Extract, Fructan, Jimmo Root Extract, Snow White Tea Leaf Extract, Silica, Kelp Extract, Vitamin Tree Extract, Collagen Extract (1ppm), Tocopherol, Hyaluronic Acid Ronic acid, chamomile flower water, raspberry ketone, polysorbate 80, lactobacillus fermented product, hydrolyzed elastin, astaxanthin, Rehmannia root extract, panthenol, inositol, hydrolyzed collagen, glutathione, polyacid, biotin , Ascorbic Acid, Palmitoyl Tetrapeptide-7 (5ppb), Acetyl Octapeptide-3 (5ppb), Tripeptide-1 (1ppb), Palmitoyl Tripeptide-1 (1ppb), Palmitoylpentapeptide-4 (1ppb) ), Copper Tripeptide-1 (1ppb), Acetyl Hexapeptide-8 (1ppb), Hexapeptide-9 (0.5ppb), Nonapeptide-1 (0.1ppb), Fragrance<\/p>\n<div class=\"moze-justify\"><\/div>\n","protected":false},"excerpt":{"rendered":"<p>Medi-Peel Peptide Peptide 9 Volume Lifting All-In-One Essence intens\u012bvi iedarbojas uz \u0101du, palielina t\u0101s elast\u012bbu un tvirtumu, izl\u012bdzina grumbas un savelk \u0101du. T\u0101 nostiprina sejas kont\u016bras, pal\u0113nina noveco\u0161an\u0101s procesus, samazina grumbas un to dzi\u013cumu. Esence uztur optim\u0101lu mitrin\u0101\u0161anas l\u012bmeni, uzlabo tonusu un aizsarg\u0101 \u0101du no agres\u012bviem vides faktoriem, izgaismo kop\u0113jo \u0101das tonusu un atgrie\u017e vesel\u012bgu [&hellip;]<\/p>\n","protected":false},"featured_media":14909,"comment_status":"open","ping_status":"closed","template":"","meta":{"site-sidebar-layout":"default","site-content-layout":"","ast-site-content-layout":"","site-content-style":"default","site-sidebar-style":"default","ast-global-header-display":"","ast-banner-title-visibility":"","ast-main-header-display":"","ast-hfb-above-header-display":"","ast-hfb-below-header-display":"","ast-hfb-mobile-header-display":"","site-post-title":"","ast-breadcrumbs-content":"","ast-featured-img":"","footer-sml-layout":"","theme-transparent-header-meta":"","adv-header-id-meta":"","stick-header-meta":"","header-above-stick-meta":"","header-main-stick-meta":"","header-below-stick-meta":"","astra-migrate-meta-layouts":"default","ast-page-background-enabled":"default","ast-page-background-meta":{"desktop":{"background-color":"var(--ast-global-color-4)","background-image":"","background-repeat":"repeat","background-position":"center center","background-size":"auto","background-attachment":"scroll","background-type":"","background-media":"","overlay-type":"","overlay-color":"","overlay-opacity":"","overlay-gradient":""},"tablet":{"background-color":"","background-image":"","background-repeat":"repeat","background-position":"center center","background-size":"auto","background-attachment":"scroll","background-type":"","background-media":"","overlay-type":"","overlay-color":"","overlay-opacity":"","overlay-gradient":""},"mobile":{"background-color":"","background-image":"","background-repeat":"repeat","background-position":"center center","background-size":"auto","background-attachment":"scroll","background-type":"","background-media":"","overlay-type":"","overlay-color":"","overlay-opacity":"","overlay-gradient":""}},"ast-content-background-meta":{"desktop":{"background-color":"var(--ast-global-color-5)","background-image":"","background-repeat":"repeat","background-position":"center center","background-size":"auto","background-attachment":"scroll","background-type":"","background-media":"","overlay-type":"","overlay-color":"","overlay-opacity":"","overlay-gradient":""},"tablet":{"background-color":"var(--ast-global-color-5)","background-image":"","background-repeat":"repeat","background-position":"center center","background-size":"auto","background-attachment":"scroll","background-type":"","background-media":"","overlay-type":"","overlay-color":"","overlay-opacity":"","overlay-gradient":""},"mobile":{"background-color":"var(--ast-global-color-5)","background-image":"","background-repeat":"repeat","background-position":"center center","background-size":"auto","background-attachment":"scroll","background-type":"","background-media":"","overlay-type":"","overlay-color":"","overlay-opacity":"","overlay-gradient":""}}},"product_brand":[],"product_cat":[435],"product_tag":[],"berocket_brand":[583],"class_list":{"0":"post-14908","1":"product","2":"type-product","3":"status-publish","4":"has-post-thumbnail","6":"product_cat-jaunumi","7":"berocket_brand-medi-peel","8":"desktop-align-left","9":"tablet-align-left","10":"mobile-align-left","12":"first","13":"instock","14":"taxable","15":"shipping-taxable","16":"purchasable","17":"product-type-simple","18":"add-to-wishlist-before_image"},"yoast_head":"<!-- This site is optimized with the Yoast SEO plugin v27.4 - https:\/\/yoast.com\/product\/yoast-seo-wordpress\/ -->\n<title>Medi-Peel Peptide 9 Volume Lifting All-In-One Essence 100ml - FACECORNER<\/title>\n<meta name=\"robots\" content=\"index, follow, max-snippet:-1, max-image-preview:large, max-video-preview:-1\" \/>\n<link rel=\"canonical\" href=\"https:\/\/www.facecorner.lv\/lv\/shop\/medi-peel-peptide-9-volume-lifting-all-in-one-essence-100ml\/\" \/>\n<meta property=\"og:locale\" content=\"lv_LV\" \/>\n<meta property=\"og:type\" content=\"article\" \/>\n<meta property=\"og:title\" content=\"Medi-Peel Peptide 9 Volume Lifting All-In-One Essence 100ml - FACECORNER\" \/>\n<meta property=\"og:description\" content=\"Medi-Peel Peptide Peptide 9 Volume Lifting All-In-One Essence intens\u012bvi iedarbojas uz \u0101du, palielina t\u0101s elast\u012bbu un tvirtumu, izl\u012bdzina grumbas un savelk \u0101du. T\u0101 nostiprina sejas kont\u016bras, pal\u0113nina noveco\u0161an\u0101s procesus, samazina grumbas un to dzi\u013cumu. Esence uztur optim\u0101lu mitrin\u0101\u0161anas l\u012bmeni, uzlabo tonusu un aizsarg\u0101 \u0101du no agres\u012bviem vides faktoriem, izgaismo kop\u0113jo \u0101das tonusu un atgrie\u017e vesel\u012bgu [&hellip;]\" \/>\n<meta property=\"og:url\" content=\"https:\/\/www.facecorner.lv\/lv\/shop\/medi-peel-peptide-9-volume-lifting-all-in-one-essence-100ml\/\" \/>\n<meta property=\"og:site_name\" content=\"FACECORNER\" \/>\n<meta property=\"article:publisher\" content=\"https:\/\/www.facebook.com\/profile.php?id=100063824551839\" \/>\n<meta property=\"article:modified_time\" content=\"2026-04-28T08:23:57+00:00\" \/>\n<meta property=\"og:image\" content=\"https:\/\/www.facecorner.lv\/wp-content\/uploads\/2024\/04\/1_2cp9-nf.webp\" \/>\n\t<meta property=\"og:image:width\" content=\"1000\" \/>\n\t<meta property=\"og:image:height\" content=\"1000\" \/>\n\t<meta property=\"og:image:type\" content=\"image\/webp\" \/>\n<meta name=\"twitter:card\" content=\"summary_large_image\" \/>\n<meta name=\"twitter:label1\" content=\"Price\" \/>\n\t<meta name=\"twitter:data1\" content=\"&euro;41.90\" \/>\n\t<meta name=\"twitter:label2\" content=\"Availability\" \/>\n\t<meta name=\"twitter:data2\" content=\"In stock\" \/>\n<script type=\"application\/ld+json\" class=\"yoast-schema-graph\">{\"@context\":\"https:\\\/\\\/schema.org\",\"@graph\":[{\"@type\":\"WebPage\",\"@id\":\"https:\\\/\\\/www.facecorner.lv\\\/shop\\\/medi-peel-peptide-9-volume-lifting-all-in-one-essence-100ml\\\/\",\"url\":\"https:\\\/\\\/www.facecorner.lv\\\/shop\\\/medi-peel-peptide-9-volume-lifting-all-in-one-essence-100ml\\\/\",\"name\":\"Medi-Peel Peptide 9 Volume Lifting All-In-One Essence 100ml - FACECORNER\",\"isPartOf\":{\"@id\":\"https:\\\/\\\/www.facecorner.lv\\\/#website\"},\"primaryImageOfPage\":{\"@id\":\"https:\\\/\\\/www.facecorner.lv\\\/shop\\\/medi-peel-peptide-9-volume-lifting-all-in-one-essence-100ml\\\/#primaryimage\"},\"image\":{\"@id\":\"https:\\\/\\\/www.facecorner.lv\\\/shop\\\/medi-peel-peptide-9-volume-lifting-all-in-one-essence-100ml\\\/#primaryimage\"},\"thumbnailUrl\":\"https:\\\/\\\/www.facecorner.lv\\\/wp-content\\\/uploads\\\/2024\\\/04\\\/1_2cp9-nf.webp\",\"datePublished\":\"2024-04-02T12:29:11+00:00\",\"dateModified\":\"2026-04-28T08:23:57+00:00\",\"breadcrumb\":{\"@id\":\"https:\\\/\\\/www.facecorner.lv\\\/shop\\\/medi-peel-peptide-9-volume-lifting-all-in-one-essence-100ml\\\/#breadcrumb\"},\"inLanguage\":\"lv-LV\",\"potentialAction\":[{\"@type\":\"ReadAction\",\"target\":[\"https:\\\/\\\/www.facecorner.lv\\\/shop\\\/medi-peel-peptide-9-volume-lifting-all-in-one-essence-100ml\\\/\"]}]},{\"@type\":\"ImageObject\",\"inLanguage\":\"lv-LV\",\"@id\":\"https:\\\/\\\/www.facecorner.lv\\\/shop\\\/medi-peel-peptide-9-volume-lifting-all-in-one-essence-100ml\\\/#primaryimage\",\"url\":\"https:\\\/\\\/www.facecorner.lv\\\/wp-content\\\/uploads\\\/2024\\\/04\\\/1_2cp9-nf.webp\",\"contentUrl\":\"https:\\\/\\\/www.facecorner.lv\\\/wp-content\\\/uploads\\\/2024\\\/04\\\/1_2cp9-nf.webp\",\"width\":1000,\"height\":1000},{\"@type\":\"BreadcrumbList\",\"@id\":\"https:\\\/\\\/www.facecorner.lv\\\/shop\\\/medi-peel-peptide-9-volume-lifting-all-in-one-essence-100ml\\\/#breadcrumb\",\"itemListElement\":[{\"@type\":\"ListItem\",\"position\":1,\"name\":\"Home\",\"item\":\"https:\\\/\\\/www.facecorner.lv\\\/\"},{\"@type\":\"ListItem\",\"position\":2,\"name\":\"Veikals\",\"item\":\"https:\\\/\\\/www.facecorner.lv\\\/shop\\\/\"},{\"@type\":\"ListItem\",\"position\":3,\"name\":\"Medi-Peel Peptide 9 Volume Lifting All-In-One Essence 100ml\"}]},{\"@type\":\"WebSite\",\"@id\":\"https:\\\/\\\/www.facecorner.lv\\\/#website\",\"url\":\"https:\\\/\\\/www.facecorner.lv\\\/\",\"name\":\"Facecorner\",\"description\":\"\",\"publisher\":{\"@id\":\"https:\\\/\\\/www.facecorner.lv\\\/#organization\"},\"potentialAction\":[{\"@type\":\"SearchAction\",\"target\":{\"@type\":\"EntryPoint\",\"urlTemplate\":\"https:\\\/\\\/www.facecorner.lv\\\/?s={search_term_string}\"},\"query-input\":{\"@type\":\"PropertyValueSpecification\",\"valueRequired\":true,\"valueName\":\"search_term_string\"}}],\"inLanguage\":\"lv-LV\"},{\"@type\":\"Organization\",\"@id\":\"https:\\\/\\\/www.facecorner.lv\\\/#organization\",\"name\":\"Facecorner\",\"url\":\"https:\\\/\\\/www.facecorner.lv\\\/\",\"logo\":{\"@type\":\"ImageObject\",\"inLanguage\":\"lv-LV\",\"@id\":\"https:\\\/\\\/www.facecorner.lv\\\/#\\\/schema\\\/logo\\\/image\\\/\",\"url\":\"https:\\\/\\\/www.facecorner.lv\\\/wp-content\\\/uploads\\\/2024\\\/04\\\/fc-logo.jpg\",\"contentUrl\":\"https:\\\/\\\/www.facecorner.lv\\\/wp-content\\\/uploads\\\/2024\\\/04\\\/fc-logo.jpg\",\"width\":174,\"height\":28,\"caption\":\"Facecorner\"},\"image\":{\"@id\":\"https:\\\/\\\/www.facecorner.lv\\\/#\\\/schema\\\/logo\\\/image\\\/\"},\"sameAs\":[\"https:\\\/\\\/www.facebook.com\\\/profile.php?id=100063824551839\",\"https:\\\/\\\/www.instagram.com\\\/facecorner_shop\\\/\"]}]}<\/script>\n<meta property=\"product:price:amount\" content=\"41.90\" \/>\n<meta property=\"product:price:currency\" content=\"EUR\" \/>\n<meta property=\"og:availability\" content=\"instock\" \/>\n<meta property=\"product:availability\" content=\"instock\" \/>\n<meta property=\"product:condition\" content=\"new\" \/>\n<!-- \/ Yoast SEO plugin. -->","yoast_head_json":{"title":"Medi-Peel Peptide 9 Volume Lifting All-In-One Essence 100ml - FACECORNER","robots":{"index":"index","follow":"follow","max-snippet":"max-snippet:-1","max-image-preview":"max-image-preview:large","max-video-preview":"max-video-preview:-1"},"canonical":"https:\/\/www.facecorner.lv\/lv\/shop\/medi-peel-peptide-9-volume-lifting-all-in-one-essence-100ml\/","og_locale":"lv_LV","og_type":"article","og_title":"Medi-Peel Peptide 9 Volume Lifting All-In-One Essence 100ml - FACECORNER","og_description":"Medi-Peel Peptide Peptide 9 Volume Lifting All-In-One Essence intens\u012bvi iedarbojas uz \u0101du, palielina t\u0101s elast\u012bbu un tvirtumu, izl\u012bdzina grumbas un savelk \u0101du. T\u0101 nostiprina sejas kont\u016bras, pal\u0113nina noveco\u0161an\u0101s procesus, samazina grumbas un to dzi\u013cumu. Esence uztur optim\u0101lu mitrin\u0101\u0161anas l\u012bmeni, uzlabo tonusu un aizsarg\u0101 \u0101du no agres\u012bviem vides faktoriem, izgaismo kop\u0113jo \u0101das tonusu un atgrie\u017e vesel\u012bgu [&hellip;]","og_url":"https:\/\/www.facecorner.lv\/lv\/shop\/medi-peel-peptide-9-volume-lifting-all-in-one-essence-100ml\/","og_site_name":"FACECORNER","article_publisher":"https:\/\/www.facebook.com\/profile.php?id=100063824551839","article_modified_time":"2026-04-28T08:23:57+00:00","og_image":[{"width":1000,"height":1000,"url":"https:\/\/www.facecorner.lv\/wp-content\/uploads\/2024\/04\/1_2cp9-nf.webp","type":"image\/webp"}],"twitter_card":"summary_large_image","twitter_misc":{"Price":"&euro;41.90","Availability":"In stock"},"schema":{"@context":"https:\/\/schema.org","@graph":[{"@type":"WebPage","@id":"https:\/\/www.facecorner.lv\/shop\/medi-peel-peptide-9-volume-lifting-all-in-one-essence-100ml\/","url":"https:\/\/www.facecorner.lv\/shop\/medi-peel-peptide-9-volume-lifting-all-in-one-essence-100ml\/","name":"Medi-Peel Peptide 9 Volume Lifting All-In-One Essence 100ml - FACECORNER","isPartOf":{"@id":"https:\/\/www.facecorner.lv\/#website"},"primaryImageOfPage":{"@id":"https:\/\/www.facecorner.lv\/shop\/medi-peel-peptide-9-volume-lifting-all-in-one-essence-100ml\/#primaryimage"},"image":{"@id":"https:\/\/www.facecorner.lv\/shop\/medi-peel-peptide-9-volume-lifting-all-in-one-essence-100ml\/#primaryimage"},"thumbnailUrl":"https:\/\/www.facecorner.lv\/wp-content\/uploads\/2024\/04\/1_2cp9-nf.webp","datePublished":"2024-04-02T12:29:11+00:00","dateModified":"2026-04-28T08:23:57+00:00","breadcrumb":{"@id":"https:\/\/www.facecorner.lv\/shop\/medi-peel-peptide-9-volume-lifting-all-in-one-essence-100ml\/#breadcrumb"},"inLanguage":"lv-LV","potentialAction":[{"@type":"ReadAction","target":["https:\/\/www.facecorner.lv\/shop\/medi-peel-peptide-9-volume-lifting-all-in-one-essence-100ml\/"]}]},{"@type":"ImageObject","inLanguage":"lv-LV","@id":"https:\/\/www.facecorner.lv\/shop\/medi-peel-peptide-9-volume-lifting-all-in-one-essence-100ml\/#primaryimage","url":"https:\/\/www.facecorner.lv\/wp-content\/uploads\/2024\/04\/1_2cp9-nf.webp","contentUrl":"https:\/\/www.facecorner.lv\/wp-content\/uploads\/2024\/04\/1_2cp9-nf.webp","width":1000,"height":1000},{"@type":"BreadcrumbList","@id":"https:\/\/www.facecorner.lv\/shop\/medi-peel-peptide-9-volume-lifting-all-in-one-essence-100ml\/#breadcrumb","itemListElement":[{"@type":"ListItem","position":1,"name":"Home","item":"https:\/\/www.facecorner.lv\/"},{"@type":"ListItem","position":2,"name":"Veikals","item":"https:\/\/www.facecorner.lv\/shop\/"},{"@type":"ListItem","position":3,"name":"Medi-Peel Peptide 9 Volume Lifting All-In-One Essence 100ml"}]},{"@type":"WebSite","@id":"https:\/\/www.facecorner.lv\/#website","url":"https:\/\/www.facecorner.lv\/","name":"Facecorner","description":"","publisher":{"@id":"https:\/\/www.facecorner.lv\/#organization"},"potentialAction":[{"@type":"SearchAction","target":{"@type":"EntryPoint","urlTemplate":"https:\/\/www.facecorner.lv\/?s={search_term_string}"},"query-input":{"@type":"PropertyValueSpecification","valueRequired":true,"valueName":"search_term_string"}}],"inLanguage":"lv-LV"},{"@type":"Organization","@id":"https:\/\/www.facecorner.lv\/#organization","name":"Facecorner","url":"https:\/\/www.facecorner.lv\/","logo":{"@type":"ImageObject","inLanguage":"lv-LV","@id":"https:\/\/www.facecorner.lv\/#\/schema\/logo\/image\/","url":"https:\/\/www.facecorner.lv\/wp-content\/uploads\/2024\/04\/fc-logo.jpg","contentUrl":"https:\/\/www.facecorner.lv\/wp-content\/uploads\/2024\/04\/fc-logo.jpg","width":174,"height":28,"caption":"Facecorner"},"image":{"@id":"https:\/\/www.facecorner.lv\/#\/schema\/logo\/image\/"},"sameAs":["https:\/\/www.facebook.com\/profile.php?id=100063824551839","https:\/\/www.instagram.com\/facecorner_shop\/"]}]},"product_price_amount":"41.90","product_price_currency":"EUR","og_availability":"instock","product_availability":"instock","product_condition":"new"},"_links":{"self":[{"href":"https:\/\/www.facecorner.lv\/lv\/wp-json\/wp\/v2\/product\/14908","targetHints":{"allow":["GET"]}}],"collection":[{"href":"https:\/\/www.facecorner.lv\/lv\/wp-json\/wp\/v2\/product"}],"about":[{"href":"https:\/\/www.facecorner.lv\/lv\/wp-json\/wp\/v2\/types\/product"}],"replies":[{"embeddable":true,"href":"https:\/\/www.facecorner.lv\/lv\/wp-json\/wp\/v2\/comments?post=14908"}],"wp:featuredmedia":[{"embeddable":true,"href":"https:\/\/www.facecorner.lv\/lv\/wp-json\/wp\/v2\/media\/14909"}],"wp:attachment":[{"href":"https:\/\/www.facecorner.lv\/lv\/wp-json\/wp\/v2\/media?parent=14908"}],"wp:term":[{"taxonomy":"product_brand","embeddable":true,"href":"https:\/\/www.facecorner.lv\/lv\/wp-json\/wp\/v2\/product_brand?post=14908"},{"taxonomy":"product_cat","embeddable":true,"href":"https:\/\/www.facecorner.lv\/lv\/wp-json\/wp\/v2\/product_cat?post=14908"},{"taxonomy":"product_tag","embeddable":true,"href":"https:\/\/www.facecorner.lv\/lv\/wp-json\/wp\/v2\/product_tag?post=14908"},{"taxonomy":"berocket_brand","embeddable":true,"href":"https:\/\/www.facecorner.lv\/lv\/wp-json\/wp\/v2\/berocket_brand?post=14908"}],"curies":[{"name":"wp","href":"https:\/\/api.w.org\/{rel}","templated":true}]}}