{"id":14905,"date":"2024-04-02T14:19:21","date_gmt":"2024-04-02T12:19:21","guid":{"rendered":"https:\/\/www.facecorner.lv\/?post_type=product&#038;p=14905"},"modified":"2025-05-25T22:04:35","modified_gmt":"2025-05-25T19:04:35","slug":"medi-peel-aqua-mooltox-sparkling-essence-100ml","status":"publish","type":"product","link":"https:\/\/www.facecorner.lv\/lv\/shop\/medi-peel-aqua-mooltox-sparkling-essence-100ml\/","title":{"rendered":"Medi-Peel Aqua Mooltox Sparkling Essence 100ml"},"content":{"rendered":"<p>Medi-Peel Aqua Mooltox dzirksto\u0161\u0101 esence acumirkl\u012b atjauno mitruma tr\u016bkumu epidermas \u0161\u016bn\u0101s, veido barjeru, kas uztur optim\u0101lu mitruma l\u012bmeni un aizsarg\u0101 pret dehidrat\u0101ciju. T\u0101 nov\u0113r\u0161 sausumu, sasprindzin\u0101jumu un lob\u012b\u0161anos, atjauno \u0101das tonusu un vesel\u012bgu mirdzumu.<\/p>\n<p>Esences pamat\u0101 ir 46,9 % Blue Waterlock komplekss, kas sast\u0101v no 5 veidu hialuronsk\u0101bes, akvapor\u012bniem, 17 veidu aminosk\u0101b\u0113m, ekt\u012bna un karbon\u0101ta koda. \u0160\u0101ds sast\u0101vs sp\u0113j iek\u013c\u016bt dzi\u013ci epidermas \u0161\u016bn\u0101s, papildin\u0101t mitruma tr\u016bkumu audos un tam ir ilgsto\u0161a mitrino\u0161a iedarb\u012bba. Tas aizsarg\u0101 pret dehidrat\u0101ciju un transepiderm\u0101lo mitruma zudumu, darbojas k\u0101 diri\u0123ents cit\u0101m viel\u0101m.<\/p>\n<p>L\u012bdzeklis ir izgatavots p\u0113c \u012bpa\u0161as liposom\u0101l\u0101s tehnolo\u0123ijas FL Calming Some, pateicoties kurai visas l\u012bdzek\u013ca akt\u012bv\u0101s vielas iek\u013c\u016bst p\u0113c iesp\u0113jas dzi\u013c\u0101k epiderm\u0101, lab\u0101k uzs\u016bcas un palielina to efektivit\u0101ti. Tas pies\u0101tina \u0101du ar sk\u0101bekli, pal\u0113nina noveco\u0161an\u0101s procesus, atgrie\u017e audiem elast\u012bbu un elast\u012bbu.<\/p>\n<p>Patent\u0113tais Questice\u00ae Liquid (Menthyl PCA) elements pazemina \u0101das temperat\u016bru par 4,6\u00b0 gr\u0101diem un rada pat\u012bkamu atv\u0113sino\u0161u efektu. Nomierina kairin\u0101tu \u0101du, mazina niezi un aps\u0101rtumu. Pa\u0101trina iekaisumu un nelielu izsitumu dz\u012b\u0161anu.<\/p>\n<p>Esences sk\u0101bek\u013ca form\u0101ts 7,9 reizes palielina \u0101das uzs\u016bk\u0161an\u0101s sp\u0113ju, dzi\u013ci mitrina un pie\u0161\u0137ir \u0101dai mitru fini\u0161u.<\/p>\n<p><strong>Papildu akt\u012bv\u0101s sast\u0101vda\u013cas:<\/strong><\/p>\n<ul>\n<li>AQUAXYL stimul\u0113 pa\u0161as \u0101das hialuronsk\u0101bes veido\u0161anos, pal\u012bdz \u0101dai saglab\u0101t mitrumu, nov\u0113r\u0161 sausumu un grumbas, palielina audu elast\u012bbu un bl\u012bvumu.<\/li>\n<li>Zilais komplekss ietver 6 veidu augu ekstraktus ar antiseptisku un atjaunojo\u0161u iedarb\u012bbu, efekt\u012bvi nov\u0113r\u0161 sausumu un sasprindzin\u0101jumu. Palielina audu elast\u012bbu un bl\u012bvumu.<\/li>\n<li>T\u0113jas koka ekstraktam piem\u012bt dezinfic\u0113jo\u0161as un att\u012bro\u0161as \u012bpa\u0161\u012bbas, tas nom\u0101c iekaisumus un uzlabo \u0101das st\u0101vokli ar p\u016bt\u012bt\u0113m.<\/li>\n<li>Pantenols stimul\u0113 \u0101das integrit\u0101tes atjauno\u0161anos, mazina aps\u0101rtumu un kairin\u0101jumu, tam piem\u012bt br\u016b\u010du dziedino\u0161as \u012bpa\u0161\u012bbas.<\/li>\n<li>7 pept\u012bdu veidi atbild par past\u0101v\u012bgu re\u0123ener\u0101ciju un \u0161\u016bnu atjauno\u0161anos, tiem piem\u012bt dzi\u013ca anti-age iedarb\u012bba, tie samazina grumbu izskatu un nov\u0113r\u0161 jaunu grumbu veido\u0161anos, stimul\u0113 atjauno\u0161an\u0101s un re\u0123ener\u0101cijas procesus, pal\u0113nina \u0161\u016bnu noveco\u0161anos.<\/li>\n<li>Azul\u0113nam piem\u012bt pretiekaisuma, pretaler\u0123iska, antioksidanta iedarb\u012bba, stimul\u0113 re\u0123ener\u0101cijas procesus.<\/li>\n<li>Ingvera ekstraktam piem\u012bt seboregul\u0113jo\u0161a iedarb\u012bba, samazina \u0101das jut\u012bbu pret \u0101r\u0113jiem kairin\u0101t\u0101jiem. Aktiviz\u0113 vielmai\u0146as procesus, dzi\u013ci baro un dzied\u0113.<\/li>\n<\/ul>\n<p><strong>Lieto\u0161ana:<\/strong> uzkl\u0101jiet uz \u0101das vajadz\u012bgo daudzumu esences un pagaidiet, l\u012bdz par\u0101d\u0101s burbu\u013ci. Kad l\u012bdzeklis s\u0101k putot, viegli uzs\u016bciet esenci, lai pal\u012bdz\u0113tu tai ies\u016bkties.<\/p>\n<p><strong>S\u0101stavs:\u00a0<\/strong>Purified water, glycerin, methylpropanediol, hydrogenated polyisobutene, methyl perfluoroisobutyl ether, caprylic\/capric triglyceride, methyl perfluorobutyl ether, cyclohexasiloxane, niacinamide , Butylene Glycol Dicaprylate\/Dicaprate, Cetearyl Alcohol, Glyceryl Glucoside, Cetearyl Olivate, Sodium Myristoyl Glutamate, Carbonated Water, Arginine, Oil Palm Kernel Oil, Sorbitan Olivate, Oil Palm Oil, Decyl Glucoside, Hydroxyethyl Urea, Betaine, Cetyl Palmitate, Ammonium Acryloyl Dimethyltaurate\/VP Copolymer, Sorbitan Palmitate, Menthyl PCA, Carbomer, Myristic Acid, Ethylhexylglycerin , Hexylene Glycol, Decylene Glycol, Butylene Glycol, Propanediol, Panthenol, 1,2-Hexanediol, Ginger Extract, Tea Tree Extract, Sorbitan Oleate, Totalol, Sodium Hyaluronate Ronate Crosspolymer, Allantoin, Xylityl Glucoside, Adenosine, Sodium Hyaluronate, Hydrolyzed Glycosaminoglycan, Glyceryl Acrylate\/Acrylic Acid Copolymer, Anhydroxylitol, Disodium EDTA, Xylitol , Argan Kernel Oil, Benzyl Glycol, Glucose, Decyl Alcohol, Clary Extract, Lavender Flower Extract, Hydrolyzed Hyaluronic Acid, Hyacinth Outpost Extract, Matricaria Flower Extract, Cornflower Flower Extract, Borage extract, drumstick seed extract, hair root extract, hydrogenated lecithin, blue No. 1, fig extract, centella asiatica extract, sodium guaiazulenesulfonate, ectoin, tocopherol, leucine, hyaluronic acid, phenylalanine, iso Leucine, aspartic acid, alanine, ceramide NP, raspberry ketone, valine, taurine, serine, proline, ornithine, methionine, histidine, glycine, glutamic acid, caprylyl glycol, palmitoyl tetrapeptide-7, acetyl Octapeptide-3, Tripeptide-1, Palmitoyl Tripeptide-1, Palmitoyl Pentapeptide-4, Copper Tripeptide-1, Acetyl Hexapeptide-8, Hexapeptide-9, Nonapeptide-1, Fragrance<\/p>\n","protected":false},"excerpt":{"rendered":"<p>Medi-Peel Aqua Mooltox dzirksto\u0161\u0101 esence acumirkl\u012b atjauno mitruma tr\u016bkumu epidermas \u0161\u016bn\u0101s, veido barjeru, kas uztur optim\u0101lu mitruma l\u012bmeni un aizsarg\u0101 pret dehidrat\u0101ciju. T\u0101 nov\u0113r\u0161 sausumu, sasprindzin\u0101jumu un lob\u012b\u0161anos, atjauno \u0101das tonusu un vesel\u012bgu mirdzumu. Esences pamat\u0101 ir 46,9 % Blue Waterlock komplekss, kas sast\u0101v no 5 veidu hialuronsk\u0101bes, akvapor\u012bniem, 17 veidu aminosk\u0101b\u0113m, ekt\u012bna un karbon\u0101ta [&hellip;]<\/p>\n","protected":false},"featured_media":14906,"comment_status":"open","ping_status":"closed","template":"","meta":{"site-sidebar-layout":"default","site-content-layout":"","ast-site-content-layout":"","site-content-style":"default","site-sidebar-style":"default","ast-global-header-display":"","ast-banner-title-visibility":"","ast-main-header-display":"","ast-hfb-above-header-display":"","ast-hfb-below-header-display":"","ast-hfb-mobile-header-display":"","site-post-title":"","ast-breadcrumbs-content":"","ast-featured-img":"","footer-sml-layout":"","theme-transparent-header-meta":"","adv-header-id-meta":"","stick-header-meta":"","header-above-stick-meta":"","header-main-stick-meta":"","header-below-stick-meta":"","astra-migrate-meta-layouts":"default","ast-page-background-enabled":"default","ast-page-background-meta":{"desktop":{"background-color":"var(--ast-global-color-4)","background-image":"","background-repeat":"repeat","background-position":"center center","background-size":"auto","background-attachment":"scroll","background-type":"","background-media":"","overlay-type":"","overlay-color":"","overlay-opacity":"","overlay-gradient":""},"tablet":{"background-color":"","background-image":"","background-repeat":"repeat","background-position":"center center","background-size":"auto","background-attachment":"scroll","background-type":"","background-media":"","overlay-type":"","overlay-color":"","overlay-opacity":"","overlay-gradient":""},"mobile":{"background-color":"","background-image":"","background-repeat":"repeat","background-position":"center center","background-size":"auto","background-attachment":"scroll","background-type":"","background-media":"","overlay-type":"","overlay-color":"","overlay-opacity":"","overlay-gradient":""}},"ast-content-background-meta":{"desktop":{"background-color":"var(--ast-global-color-5)","background-image":"","background-repeat":"repeat","background-position":"center center","background-size":"auto","background-attachment":"scroll","background-type":"","background-media":"","overlay-type":"","overlay-color":"","overlay-opacity":"","overlay-gradient":""},"tablet":{"background-color":"var(--ast-global-color-5)","background-image":"","background-repeat":"repeat","background-position":"center center","background-size":"auto","background-attachment":"scroll","background-type":"","background-media":"","overlay-type":"","overlay-color":"","overlay-opacity":"","overlay-gradient":""},"mobile":{"background-color":"var(--ast-global-color-5)","background-image":"","background-repeat":"repeat","background-position":"center center","background-size":"auto","background-attachment":"scroll","background-type":"","background-media":"","overlay-type":"","overlay-color":"","overlay-opacity":"","overlay-gradient":""}}},"product_brand":[],"product_cat":[370,371,511,363],"product_tag":[],"berocket_brand":[583],"class_list":{"0":"post-14905","1":"product","2":"type-product","3":"status-publish","4":"has-post-thumbnail","6":"product_cat-adas-mirdzumam","7":"product_cat-anti-age","8":"product_cat-atlaides","9":"product_cat-serumi","10":"berocket_brand-medi-peel","11":"desktop-align-left","12":"tablet-align-left","13":"mobile-align-left","15":"first","16":"outofstock","17":"sale","18":"taxable","19":"shipping-taxable","20":"purchasable","21":"product-type-simple","22":"add-to-wishlist-before_image"},"yoast_head":"<!-- This site is optimized with the Yoast SEO plugin v27.4 - https:\/\/yoast.com\/product\/yoast-seo-wordpress\/ -->\n<title>Medi-Peel Aqua Mooltox Sparkling Essence 100ml - FACECORNER<\/title>\n<meta name=\"robots\" content=\"index, follow, max-snippet:-1, max-image-preview:large, max-video-preview:-1\" \/>\n<link rel=\"canonical\" href=\"https:\/\/www.facecorner.lv\/lv\/shop\/medi-peel-aqua-mooltox-sparkling-essence-100ml\/\" \/>\n<meta property=\"og:locale\" content=\"lv_LV\" \/>\n<meta property=\"og:type\" content=\"article\" \/>\n<meta property=\"og:title\" content=\"Medi-Peel Aqua Mooltox Sparkling Essence 100ml - FACECORNER\" \/>\n<meta property=\"og:description\" content=\"Medi-Peel Aqua Mooltox dzirksto\u0161\u0101 esence acumirkl\u012b atjauno mitruma tr\u016bkumu epidermas \u0161\u016bn\u0101s, veido barjeru, kas uztur optim\u0101lu mitruma l\u012bmeni un aizsarg\u0101 pret dehidrat\u0101ciju. T\u0101 nov\u0113r\u0161 sausumu, sasprindzin\u0101jumu un lob\u012b\u0161anos, atjauno \u0101das tonusu un vesel\u012bgu mirdzumu. Esences pamat\u0101 ir 46,9 % Blue Waterlock komplekss, kas sast\u0101v no 5 veidu hialuronsk\u0101bes, akvapor\u012bniem, 17 veidu aminosk\u0101b\u0113m, ekt\u012bna un karbon\u0101ta [&hellip;]\" \/>\n<meta property=\"og:url\" content=\"https:\/\/www.facecorner.lv\/lv\/shop\/medi-peel-aqua-mooltox-sparkling-essence-100ml\/\" \/>\n<meta property=\"og:site_name\" content=\"FACECORNER\" \/>\n<meta property=\"article:publisher\" content=\"https:\/\/www.facebook.com\/profile.php?id=100063824551839\" \/>\n<meta property=\"article:modified_time\" content=\"2025-05-25T19:04:35+00:00\" \/>\n<meta property=\"og:image\" content=\"https:\/\/www.facecorner.lv\/wp-content\/uploads\/2024\/04\/0_vik8-yf.png\" \/>\n\t<meta property=\"og:image:width\" content=\"1000\" \/>\n\t<meta property=\"og:image:height\" content=\"1000\" \/>\n\t<meta property=\"og:image:type\" content=\"image\/png\" \/>\n<meta name=\"twitter:card\" content=\"summary_large_image\" \/>\n<meta name=\"twitter:label1\" content=\"Price\" \/>\n\t<meta name=\"twitter:data1\" content=\"&euro;40.99\" \/>\n\t<meta name=\"twitter:label2\" content=\"Availability\" \/>\n\t<meta name=\"twitter:data2\" content=\"Out of stock\" \/>\n<script type=\"application\/ld+json\" class=\"yoast-schema-graph\">{\"@context\":\"https:\\\/\\\/schema.org\",\"@graph\":[{\"@type\":\"WebPage\",\"@id\":\"https:\\\/\\\/www.facecorner.lv\\\/shop\\\/medi-peel-aqua-mooltox-sparkling-essence-100ml\\\/\",\"url\":\"https:\\\/\\\/www.facecorner.lv\\\/shop\\\/medi-peel-aqua-mooltox-sparkling-essence-100ml\\\/\",\"name\":\"Medi-Peel Aqua Mooltox Sparkling Essence 100ml - FACECORNER\",\"isPartOf\":{\"@id\":\"https:\\\/\\\/www.facecorner.lv\\\/#website\"},\"primaryImageOfPage\":{\"@id\":\"https:\\\/\\\/www.facecorner.lv\\\/shop\\\/medi-peel-aqua-mooltox-sparkling-essence-100ml\\\/#primaryimage\"},\"image\":{\"@id\":\"https:\\\/\\\/www.facecorner.lv\\\/shop\\\/medi-peel-aqua-mooltox-sparkling-essence-100ml\\\/#primaryimage\"},\"thumbnailUrl\":\"https:\\\/\\\/www.facecorner.lv\\\/wp-content\\\/uploads\\\/2024\\\/04\\\/0_vik8-yf.png\",\"datePublished\":\"2024-04-02T12:19:21+00:00\",\"dateModified\":\"2025-05-25T19:04:35+00:00\",\"breadcrumb\":{\"@id\":\"https:\\\/\\\/www.facecorner.lv\\\/shop\\\/medi-peel-aqua-mooltox-sparkling-essence-100ml\\\/#breadcrumb\"},\"inLanguage\":\"lv-LV\",\"potentialAction\":[{\"@type\":\"ReadAction\",\"target\":[\"https:\\\/\\\/www.facecorner.lv\\\/shop\\\/medi-peel-aqua-mooltox-sparkling-essence-100ml\\\/\"]}]},{\"@type\":\"ImageObject\",\"inLanguage\":\"lv-LV\",\"@id\":\"https:\\\/\\\/www.facecorner.lv\\\/shop\\\/medi-peel-aqua-mooltox-sparkling-essence-100ml\\\/#primaryimage\",\"url\":\"https:\\\/\\\/www.facecorner.lv\\\/wp-content\\\/uploads\\\/2024\\\/04\\\/0_vik8-yf.png\",\"contentUrl\":\"https:\\\/\\\/www.facecorner.lv\\\/wp-content\\\/uploads\\\/2024\\\/04\\\/0_vik8-yf.png\",\"width\":1000,\"height\":1000},{\"@type\":\"BreadcrumbList\",\"@id\":\"https:\\\/\\\/www.facecorner.lv\\\/shop\\\/medi-peel-aqua-mooltox-sparkling-essence-100ml\\\/#breadcrumb\",\"itemListElement\":[{\"@type\":\"ListItem\",\"position\":1,\"name\":\"Home\",\"item\":\"https:\\\/\\\/www.facecorner.lv\\\/\"},{\"@type\":\"ListItem\",\"position\":2,\"name\":\"Veikals\",\"item\":\"https:\\\/\\\/www.facecorner.lv\\\/shop\\\/\"},{\"@type\":\"ListItem\",\"position\":3,\"name\":\"Medi-Peel Aqua Mooltox Sparkling Essence 100ml\"}]},{\"@type\":\"WebSite\",\"@id\":\"https:\\\/\\\/www.facecorner.lv\\\/#website\",\"url\":\"https:\\\/\\\/www.facecorner.lv\\\/\",\"name\":\"Facecorner\",\"description\":\"\",\"publisher\":{\"@id\":\"https:\\\/\\\/www.facecorner.lv\\\/#organization\"},\"potentialAction\":[{\"@type\":\"SearchAction\",\"target\":{\"@type\":\"EntryPoint\",\"urlTemplate\":\"https:\\\/\\\/www.facecorner.lv\\\/?s={search_term_string}\"},\"query-input\":{\"@type\":\"PropertyValueSpecification\",\"valueRequired\":true,\"valueName\":\"search_term_string\"}}],\"inLanguage\":\"lv-LV\"},{\"@type\":\"Organization\",\"@id\":\"https:\\\/\\\/www.facecorner.lv\\\/#organization\",\"name\":\"Facecorner\",\"url\":\"https:\\\/\\\/www.facecorner.lv\\\/\",\"logo\":{\"@type\":\"ImageObject\",\"inLanguage\":\"lv-LV\",\"@id\":\"https:\\\/\\\/www.facecorner.lv\\\/#\\\/schema\\\/logo\\\/image\\\/\",\"url\":\"https:\\\/\\\/www.facecorner.lv\\\/wp-content\\\/uploads\\\/2024\\\/04\\\/fc-logo.jpg\",\"contentUrl\":\"https:\\\/\\\/www.facecorner.lv\\\/wp-content\\\/uploads\\\/2024\\\/04\\\/fc-logo.jpg\",\"width\":174,\"height\":28,\"caption\":\"Facecorner\"},\"image\":{\"@id\":\"https:\\\/\\\/www.facecorner.lv\\\/#\\\/schema\\\/logo\\\/image\\\/\"},\"sameAs\":[\"https:\\\/\\\/www.facebook.com\\\/profile.php?id=100063824551839\",\"https:\\\/\\\/www.instagram.com\\\/facecorner_shop\\\/\"]}]}<\/script>\n<meta property=\"product:price:amount\" content=\"40.99\" \/>\n<meta property=\"product:price:currency\" content=\"EUR\" \/>\n<meta property=\"og:availability\" content=\"out of stock\" \/>\n<meta property=\"product:availability\" content=\"out of stock\" \/>\n<meta property=\"product:condition\" content=\"new\" \/>\n<!-- \/ Yoast SEO plugin. -->","yoast_head_json":{"title":"Medi-Peel Aqua Mooltox Sparkling Essence 100ml - FACECORNER","robots":{"index":"index","follow":"follow","max-snippet":"max-snippet:-1","max-image-preview":"max-image-preview:large","max-video-preview":"max-video-preview:-1"},"canonical":"https:\/\/www.facecorner.lv\/lv\/shop\/medi-peel-aqua-mooltox-sparkling-essence-100ml\/","og_locale":"lv_LV","og_type":"article","og_title":"Medi-Peel Aqua Mooltox Sparkling Essence 100ml - FACECORNER","og_description":"Medi-Peel Aqua Mooltox dzirksto\u0161\u0101 esence acumirkl\u012b atjauno mitruma tr\u016bkumu epidermas \u0161\u016bn\u0101s, veido barjeru, kas uztur optim\u0101lu mitruma l\u012bmeni un aizsarg\u0101 pret dehidrat\u0101ciju. T\u0101 nov\u0113r\u0161 sausumu, sasprindzin\u0101jumu un lob\u012b\u0161anos, atjauno \u0101das tonusu un vesel\u012bgu mirdzumu. Esences pamat\u0101 ir 46,9 % Blue Waterlock komplekss, kas sast\u0101v no 5 veidu hialuronsk\u0101bes, akvapor\u012bniem, 17 veidu aminosk\u0101b\u0113m, ekt\u012bna un karbon\u0101ta [&hellip;]","og_url":"https:\/\/www.facecorner.lv\/lv\/shop\/medi-peel-aqua-mooltox-sparkling-essence-100ml\/","og_site_name":"FACECORNER","article_publisher":"https:\/\/www.facebook.com\/profile.php?id=100063824551839","article_modified_time":"2025-05-25T19:04:35+00:00","og_image":[{"width":1000,"height":1000,"url":"https:\/\/www.facecorner.lv\/wp-content\/uploads\/2024\/04\/0_vik8-yf.png","type":"image\/png"}],"twitter_card":"summary_large_image","twitter_misc":{"Price":"&euro;40.99","Availability":"Out of stock"},"schema":{"@context":"https:\/\/schema.org","@graph":[{"@type":"WebPage","@id":"https:\/\/www.facecorner.lv\/shop\/medi-peel-aqua-mooltox-sparkling-essence-100ml\/","url":"https:\/\/www.facecorner.lv\/shop\/medi-peel-aqua-mooltox-sparkling-essence-100ml\/","name":"Medi-Peel Aqua Mooltox Sparkling Essence 100ml - FACECORNER","isPartOf":{"@id":"https:\/\/www.facecorner.lv\/#website"},"primaryImageOfPage":{"@id":"https:\/\/www.facecorner.lv\/shop\/medi-peel-aqua-mooltox-sparkling-essence-100ml\/#primaryimage"},"image":{"@id":"https:\/\/www.facecorner.lv\/shop\/medi-peel-aqua-mooltox-sparkling-essence-100ml\/#primaryimage"},"thumbnailUrl":"https:\/\/www.facecorner.lv\/wp-content\/uploads\/2024\/04\/0_vik8-yf.png","datePublished":"2024-04-02T12:19:21+00:00","dateModified":"2025-05-25T19:04:35+00:00","breadcrumb":{"@id":"https:\/\/www.facecorner.lv\/shop\/medi-peel-aqua-mooltox-sparkling-essence-100ml\/#breadcrumb"},"inLanguage":"lv-LV","potentialAction":[{"@type":"ReadAction","target":["https:\/\/www.facecorner.lv\/shop\/medi-peel-aqua-mooltox-sparkling-essence-100ml\/"]}]},{"@type":"ImageObject","inLanguage":"lv-LV","@id":"https:\/\/www.facecorner.lv\/shop\/medi-peel-aqua-mooltox-sparkling-essence-100ml\/#primaryimage","url":"https:\/\/www.facecorner.lv\/wp-content\/uploads\/2024\/04\/0_vik8-yf.png","contentUrl":"https:\/\/www.facecorner.lv\/wp-content\/uploads\/2024\/04\/0_vik8-yf.png","width":1000,"height":1000},{"@type":"BreadcrumbList","@id":"https:\/\/www.facecorner.lv\/shop\/medi-peel-aqua-mooltox-sparkling-essence-100ml\/#breadcrumb","itemListElement":[{"@type":"ListItem","position":1,"name":"Home","item":"https:\/\/www.facecorner.lv\/"},{"@type":"ListItem","position":2,"name":"Veikals","item":"https:\/\/www.facecorner.lv\/shop\/"},{"@type":"ListItem","position":3,"name":"Medi-Peel Aqua Mooltox Sparkling Essence 100ml"}]},{"@type":"WebSite","@id":"https:\/\/www.facecorner.lv\/#website","url":"https:\/\/www.facecorner.lv\/","name":"Facecorner","description":"","publisher":{"@id":"https:\/\/www.facecorner.lv\/#organization"},"potentialAction":[{"@type":"SearchAction","target":{"@type":"EntryPoint","urlTemplate":"https:\/\/www.facecorner.lv\/?s={search_term_string}"},"query-input":{"@type":"PropertyValueSpecification","valueRequired":true,"valueName":"search_term_string"}}],"inLanguage":"lv-LV"},{"@type":"Organization","@id":"https:\/\/www.facecorner.lv\/#organization","name":"Facecorner","url":"https:\/\/www.facecorner.lv\/","logo":{"@type":"ImageObject","inLanguage":"lv-LV","@id":"https:\/\/www.facecorner.lv\/#\/schema\/logo\/image\/","url":"https:\/\/www.facecorner.lv\/wp-content\/uploads\/2024\/04\/fc-logo.jpg","contentUrl":"https:\/\/www.facecorner.lv\/wp-content\/uploads\/2024\/04\/fc-logo.jpg","width":174,"height":28,"caption":"Facecorner"},"image":{"@id":"https:\/\/www.facecorner.lv\/#\/schema\/logo\/image\/"},"sameAs":["https:\/\/www.facebook.com\/profile.php?id=100063824551839","https:\/\/www.instagram.com\/facecorner_shop\/"]}]},"product_price_amount":"40.99","product_price_currency":"EUR","og_availability":"out of stock","product_availability":"out of stock","product_condition":"new"},"_links":{"self":[{"href":"https:\/\/www.facecorner.lv\/lv\/wp-json\/wp\/v2\/product\/14905","targetHints":{"allow":["GET"]}}],"collection":[{"href":"https:\/\/www.facecorner.lv\/lv\/wp-json\/wp\/v2\/product"}],"about":[{"href":"https:\/\/www.facecorner.lv\/lv\/wp-json\/wp\/v2\/types\/product"}],"replies":[{"embeddable":true,"href":"https:\/\/www.facecorner.lv\/lv\/wp-json\/wp\/v2\/comments?post=14905"}],"wp:featuredmedia":[{"embeddable":true,"href":"https:\/\/www.facecorner.lv\/lv\/wp-json\/wp\/v2\/media\/14906"}],"wp:attachment":[{"href":"https:\/\/www.facecorner.lv\/lv\/wp-json\/wp\/v2\/media?parent=14905"}],"wp:term":[{"taxonomy":"product_brand","embeddable":true,"href":"https:\/\/www.facecorner.lv\/lv\/wp-json\/wp\/v2\/product_brand?post=14905"},{"taxonomy":"product_cat","embeddable":true,"href":"https:\/\/www.facecorner.lv\/lv\/wp-json\/wp\/v2\/product_cat?post=14905"},{"taxonomy":"product_tag","embeddable":true,"href":"https:\/\/www.facecorner.lv\/lv\/wp-json\/wp\/v2\/product_tag?post=14905"},{"taxonomy":"berocket_brand","embeddable":true,"href":"https:\/\/www.facecorner.lv\/lv\/wp-json\/wp\/v2\/berocket_brand?post=14905"}],"curies":[{"name":"wp","href":"https:\/\/api.w.org\/{rel}","templated":true}]}}