{"id":14875,"date":"2024-03-28T09:16:47","date_gmt":"2024-03-28T07:16:47","guid":{"rendered":"https:\/\/www.facecorner.lv\/?post_type=product&#038;p=14875"},"modified":"2025-09-21T20:29:26","modified_gmt":"2025-09-21T17:29:26","slug":"medi-peel-peptide-9-aqua-essence-trial-kit","status":"publish","type":"product","link":"https:\/\/www.facecorner.lv\/lv\/shop\/medi-peel-peptide-9-aqua-essence-trial-kit\/","title":{"rendered":"Medi-Peel Peptide 9 Aqua Essence Trial Kit"},"content":{"rendered":"<p>Atkl\u0101jiet perfektas \u0101das nosl\u0113pumu ar Medi-Peel Peptide 9 Aqua Essence izm\u0113\u0123in\u0101juma komplektu!<br \/>\n\u0160is ekskluz\u012bvais kosm\u0113tikas komplekts pied\u0101v\u0101 revolucion\u0101ru kop\u0161anu, apvienojot sp\u0113c\u012bgus pept\u012bdus un hialuronsk\u0101bi, kas nodro\u0161ina nesal\u012bdzin\u0101mu mitrin\u0101\u0161anu un tvirtumu.<br \/>\nBag\u0101tin\u0101ts ar adenoz\u012bnu un kolag\u0113nu, tas sola redzamu \u0101das tekst\u016bras uzlabo\u0161anos, savuk\u0101rt ekt\u012bns aizsarg\u0101 un nostiprina \u0101du. Izbaudiet profesion\u0101lu kop\u0161anu, izmantojot Medi-Peel.<\/p>\n<p><strong>Komplekt\u0101 ietilpst:<\/strong><\/p>\n<ul>\n<li>Peptide 9 Aqua Essence Facial Cleanser Foam, 15ml &#8211; nomazg\u0101 net\u012brumus un kosm\u0113tikas atlikumus no \u0101das virsmas, att\u012bra poras un no\u0146em lieko sebumu. Tam ir papildu atjaunojo\u0161a iedarb\u012bba, tas uzlabo elast\u012bbu un pal\u012bdz izl\u012bdzin\u0101t grumbas;<\/li>\n<li>Aqua Essence toniks, 20 ml &#8211; intens\u012bvi mitrina, toniz\u0113, nostiprina, atjauno un pal\u0113nina noveco\u0161an\u0101s procesus. Tas pal\u012bdz izl\u012bdzin\u0101t grumbas un samazina \u0101das grumbi\u0146u dzi\u013cumu, palielina turgoru, padara \u0101du mitrin\u0101tu, m\u012bkstu un samtainu;<\/li>\n<li>Peptide 9 Aqua Essence Lifting Ampoule, 15 ml &#8211; tai ir pla\u0161as funkcijas: uzlabo sejas kr\u0101su, maigi izgaismo nev\u0113lamu pigment\u0101ciju un izl\u012bdzina tonusu, uzlabo elast\u012bbu, stiprina turgoru, izl\u012bdzina \u0101das krokas un samazina grumbas;<\/li>\n<li>Peptide 9 Volume Tox Cream PRO, 15 g &#8211; tam ir sp\u0113c\u012bgs pretnoveco\u0161an\u0101s sast\u0101vs, kura m\u0113r\u0137is ir akt\u012bvi c\u012bn\u012bties ar vecuma izrais\u012bt\u0101m izmai\u0146\u0101m, \u0101das izpl\u016bdumiem un noveco\u0161anos.<\/li>\n<\/ul>\n<p><strong>Galven\u0101s akt\u012bv\u0101s sast\u0101vda\u013cas:<\/strong><\/p>\n<ul>\n<li>9 pept\u012bdu komplekss palielina tvirtumu un elast\u012bbu, pa\u0101trina kolag\u0113na un elast\u012bna \u0161\u0137iedru veido\u0161anos organism\u0101. Samazina grumbu dzi\u013cumu un nov\u0113r\u0161 \u0101das nov\u012b\u0161anu. Stiprina \u0101das aizsargbarjeru.<\/li>\n<li>Astaksant\u012bns &#8211; sp\u0113c\u012bgs antioksidants, ko d\u0113v\u0113 par galveno &#8220;jaun\u012bbas antioksidantu&#8221;. Astaksant\u012bns akt\u012bvi darbojas visos \u0101das sl\u0101\u0146os, nodro\u0161ina aizsardz\u012bbu pret UV staru rad\u012btiem boj\u0101jumiem, samazina grumbas un balina vecuma plankumus.<\/li>\n<li>Volufil\u012bns efekt\u012bvi stimul\u0113 adipoc\u012btus &#8211; \u0161\u016bnas, kas galvenok\u0101rt veido taukaudus. Tas stimul\u0113 lip\u012bdu veido\u0161anos tauku \u0161\u016bn\u0101s (adipoc\u012btos), regul\u0113 to nogulsn\u0113\u0161an\u0101s procesu un aktiviz\u0113 asins mikrocirkul\u0101ciju.<\/li>\n<li>7 hialuronsk\u0101bes veidi iek\u013c\u016bst dzi\u013cos epidermas sl\u0101\u0146os, akt\u012bvi mitrina \u0161\u016bnas, veicina mitruma saglab\u0101\u0161anos \u0101d\u0101. T\u0101s veido aizsargsl\u0101ni, kas nov\u0113r\u0161 mitruma iztvaiko\u0161anu.<\/li>\n<li>Glutations ir sp\u0113c\u012bgs antioksidants. Efekt\u012bvi balina, nov\u0113r\u0161 pigment\u0101ciju. Atjauno, uzlabo \u0101das tvirtumu un elast\u012bbu, izl\u012bdzina grumbas un nov\u0113r\u0161 noguruma paz\u012bmes.<\/li>\n<li>Koenz\u012bms Q10 iedarbojas atjaunojo\u0161i un antioksidanti, pal\u012bdz izl\u012bdzin\u0101t grumbas, pa\u0101trina kolag\u0113na \u0161\u0137iedru re\u0123ener\u0101ciju un sint\u0113zi \u0161\u016bn\u0101s. Stimul\u0113 saistaudu aug\u0161anu, aizsarg\u0101 \u0161\u016bnas no boj\u0101ejas.<\/li>\n<\/ul>\n<p><strong>Lieto\u0161ana<\/strong>: nomazg\u0101jiet seju ar put\u0101m, uzkl\u0101jiet toniz\u0113jo\u0161o esenci, p\u0113c tam iemas\u0113jiet serumu un nosl\u0113dziet ar kr\u0113mu.<\/p>\n<p><strong>S\u0101stavs:\u00a0<\/strong>Water, Palmitic Acid, Glycerin, Lauric Acid, Myristic Acid, Potassium Hydroxide, Stearic Acid, Propanediol, 1,2-Hexanediol, Hydrolyzed Collagen, Hydrolyzed Elastin, Acetyl Hexapeptide-8, Copper Tripeptide-1, Tripeptide-1, Dipeptide-2, Palmitoyl Pentapeptide-4, Palmitoyl Tripeptide-1, Alanine\/Histidine\/Lysine Polypeptide Copper HCl, Acetyl Octapeptide-3, Palmitoyl Tripeptide-5, Macadamia Ternifolia Seed Oil, Caprylic\/Capric Triglyceride, Cholesterol, Brassica Campestris (Rapeseed) Sterols, PEG-5 Rapeseed Sterol, Tocopheryl Acetate, Ceteth-3, Ceteth-5, Hydrogenated Lecithin, Potassium Cetyl Phosphate, Sodium Ascorbyl Phosphate, Ethylhexylglycerin, Glutathione, Thioctic Acid, Anemarrhena Asphodeloides Root Extract, Ubiquinone, Astaxanthin, Hydrogenated Polyisobutene, Hydrolyzed Glycosaminoglycans, Sodium Hyaluronate, Sodium Hyaluronate Crosspolymer, Hydrolyzed Hyaluronic Acid, Hydroxypropyltrimonium Hyaluronate, Hyaluronic Acid, Sodium Acetylated Hyaluronate, Glycol Di<\/p>\n","protected":false},"excerpt":{"rendered":"<p>Atkl\u0101jiet perfektas \u0101das nosl\u0113pumu ar Medi-Peel Peptide 9 Aqua Essence izm\u0113\u0123in\u0101juma komplektu! \u0160is ekskluz\u012bvais kosm\u0113tikas komplekts pied\u0101v\u0101 revolucion\u0101ru kop\u0161anu, apvienojot sp\u0113c\u012bgus pept\u012bdus un hialuronsk\u0101bi, kas nodro\u0161ina nesal\u012bdzin\u0101mu mitrin\u0101\u0161anu un tvirtumu. Bag\u0101tin\u0101ts ar adenoz\u012bnu un kolag\u0113nu, tas sola redzamu \u0101das tekst\u016bras uzlabo\u0161anos, savuk\u0101rt ekt\u012bns aizsarg\u0101 un nostiprina \u0101du. Izbaudiet profesion\u0101lu kop\u0161anu, izmantojot Medi-Peel. Komplekt\u0101 ietilpst: Peptide [&hellip;]<\/p>\n","protected":false},"featured_media":14877,"comment_status":"open","ping_status":"closed","template":"","meta":{"site-sidebar-layout":"default","site-content-layout":"","ast-site-content-layout":"","site-content-style":"default","site-sidebar-style":"default","ast-global-header-display":"","ast-banner-title-visibility":"","ast-main-header-display":"","ast-hfb-above-header-display":"","ast-hfb-below-header-display":"","ast-hfb-mobile-header-display":"","site-post-title":"","ast-breadcrumbs-content":"","ast-featured-img":"","footer-sml-layout":"","theme-transparent-header-meta":"","adv-header-id-meta":"","stick-header-meta":"","header-above-stick-meta":"","header-main-stick-meta":"","header-below-stick-meta":"","astra-migrate-meta-layouts":"default","ast-page-background-enabled":"default","ast-page-background-meta":{"desktop":{"background-color":"var(--ast-global-color-4)","background-image":"","background-repeat":"repeat","background-position":"center center","background-size":"auto","background-attachment":"scroll","background-type":"","background-media":"","overlay-type":"","overlay-color":"","overlay-opacity":"","overlay-gradient":""},"tablet":{"background-color":"","background-image":"","background-repeat":"repeat","background-position":"center center","background-size":"auto","background-attachment":"scroll","background-type":"","background-media":"","overlay-type":"","overlay-color":"","overlay-opacity":"","overlay-gradient":""},"mobile":{"background-color":"","background-image":"","background-repeat":"repeat","background-position":"center center","background-size":"auto","background-attachment":"scroll","background-type":"","background-media":"","overlay-type":"","overlay-color":"","overlay-opacity":"","overlay-gradient":""}},"ast-content-background-meta":{"desktop":{"background-color":"var(--ast-global-color-5)","background-image":"","background-repeat":"repeat","background-position":"center center","background-size":"auto","background-attachment":"scroll","background-type":"","background-media":"","overlay-type":"","overlay-color":"","overlay-opacity":"","overlay-gradient":""},"tablet":{"background-color":"var(--ast-global-color-5)","background-image":"","background-repeat":"repeat","background-position":"center center","background-size":"auto","background-attachment":"scroll","background-type":"","background-media":"","overlay-type":"","overlay-color":"","overlay-opacity":"","overlay-gradient":""},"mobile":{"background-color":"var(--ast-global-color-5)","background-image":"","background-repeat":"repeat","background-position":"center center","background-size":"auto","background-attachment":"scroll","background-type":"","background-media":"","overlay-type":"","overlay-color":"","overlay-opacity":"","overlay-gradient":""}}},"product_brand":[],"product_cat":[310,318,307,362,363,364],"product_tag":[],"berocket_brand":[583],"class_list":{"0":"post-14875","1":"product","2":"type-product","3":"status-publish","4":"has-post-thumbnail","6":"product_cat-attirisana","7":"product_cat-komplekti-sejai","8":"product_cat-sejai","9":"product_cat-sejas-krems","10":"product_cat-serumi","11":"product_cat-toneri","12":"berocket_brand-medi-peel","13":"desktop-align-left","14":"tablet-align-left","15":"mobile-align-left","17":"first","18":"outofstock","19":"taxable","20":"shipping-taxable","21":"purchasable","22":"product-type-simple","23":"add-to-wishlist-before_image"},"yoast_head":"<!-- This site is optimized with the Yoast SEO plugin v27.4 - https:\/\/yoast.com\/product\/yoast-seo-wordpress\/ -->\n<title>Medi-Peel Peptide 9 Aqua Essence Trial Kit - FACECORNER<\/title>\n<meta name=\"robots\" content=\"index, follow, max-snippet:-1, max-image-preview:large, max-video-preview:-1\" \/>\n<link rel=\"canonical\" href=\"https:\/\/www.facecorner.lv\/lv\/shop\/medi-peel-peptide-9-aqua-essence-trial-kit\/\" \/>\n<meta property=\"og:locale\" content=\"lv_LV\" \/>\n<meta property=\"og:type\" content=\"article\" \/>\n<meta property=\"og:title\" content=\"Medi-Peel Peptide 9 Aqua Essence Trial Kit - FACECORNER\" \/>\n<meta property=\"og:description\" content=\"Atkl\u0101jiet perfektas \u0101das nosl\u0113pumu ar Medi-Peel Peptide 9 Aqua Essence izm\u0113\u0123in\u0101juma komplektu! \u0160is ekskluz\u012bvais kosm\u0113tikas komplekts pied\u0101v\u0101 revolucion\u0101ru kop\u0161anu, apvienojot sp\u0113c\u012bgus pept\u012bdus un hialuronsk\u0101bi, kas nodro\u0161ina nesal\u012bdzin\u0101mu mitrin\u0101\u0161anu un tvirtumu. Bag\u0101tin\u0101ts ar adenoz\u012bnu un kolag\u0113nu, tas sola redzamu \u0101das tekst\u016bras uzlabo\u0161anos, savuk\u0101rt ekt\u012bns aizsarg\u0101 un nostiprina \u0101du. Izbaudiet profesion\u0101lu kop\u0161anu, izmantojot Medi-Peel. Komplekt\u0101 ietilpst: Peptide [&hellip;]\" \/>\n<meta property=\"og:url\" content=\"https:\/\/www.facecorner.lv\/lv\/shop\/medi-peel-peptide-9-aqua-essence-trial-kit\/\" \/>\n<meta property=\"og:site_name\" content=\"FACECORNER\" \/>\n<meta property=\"article:publisher\" content=\"https:\/\/www.facebook.com\/profile.php?id=100063824551839\" \/>\n<meta property=\"article:modified_time\" content=\"2025-09-21T17:29:26+00:00\" \/>\n<meta property=\"og:image\" content=\"https:\/\/www.facecorner.lv\/wp-content\/uploads\/2024\/03\/1_4gpp-ag.webp\" \/>\n\t<meta property=\"og:image:width\" content=\"1000\" \/>\n\t<meta property=\"og:image:height\" content=\"1000\" \/>\n\t<meta property=\"og:image:type\" content=\"image\/webp\" \/>\n<meta name=\"twitter:card\" content=\"summary_large_image\" \/>\n<meta name=\"twitter:label1\" content=\"Price\" \/>\n\t<meta name=\"twitter:data1\" content=\"&euro;21.90\" \/>\n\t<meta name=\"twitter:label2\" content=\"Availability\" \/>\n\t<meta name=\"twitter:data2\" content=\"Out of stock\" \/>\n<script type=\"application\/ld+json\" class=\"yoast-schema-graph\">{\"@context\":\"https:\\\/\\\/schema.org\",\"@graph\":[{\"@type\":\"WebPage\",\"@id\":\"https:\\\/\\\/www.facecorner.lv\\\/shop\\\/medi-peel-peptide-9-aqua-essence-trial-kit\\\/\",\"url\":\"https:\\\/\\\/www.facecorner.lv\\\/shop\\\/medi-peel-peptide-9-aqua-essence-trial-kit\\\/\",\"name\":\"Medi-Peel Peptide 9 Aqua Essence Trial Kit - FACECORNER\",\"isPartOf\":{\"@id\":\"https:\\\/\\\/www.facecorner.lv\\\/#website\"},\"primaryImageOfPage\":{\"@id\":\"https:\\\/\\\/www.facecorner.lv\\\/shop\\\/medi-peel-peptide-9-aqua-essence-trial-kit\\\/#primaryimage\"},\"image\":{\"@id\":\"https:\\\/\\\/www.facecorner.lv\\\/shop\\\/medi-peel-peptide-9-aqua-essence-trial-kit\\\/#primaryimage\"},\"thumbnailUrl\":\"https:\\\/\\\/www.facecorner.lv\\\/wp-content\\\/uploads\\\/2024\\\/03\\\/1_4gpp-ag.webp\",\"datePublished\":\"2024-03-28T07:16:47+00:00\",\"dateModified\":\"2025-09-21T17:29:26+00:00\",\"breadcrumb\":{\"@id\":\"https:\\\/\\\/www.facecorner.lv\\\/shop\\\/medi-peel-peptide-9-aqua-essence-trial-kit\\\/#breadcrumb\"},\"inLanguage\":\"lv-LV\",\"potentialAction\":[{\"@type\":\"ReadAction\",\"target\":[\"https:\\\/\\\/www.facecorner.lv\\\/shop\\\/medi-peel-peptide-9-aqua-essence-trial-kit\\\/\"]}]},{\"@type\":\"ImageObject\",\"inLanguage\":\"lv-LV\",\"@id\":\"https:\\\/\\\/www.facecorner.lv\\\/shop\\\/medi-peel-peptide-9-aqua-essence-trial-kit\\\/#primaryimage\",\"url\":\"https:\\\/\\\/www.facecorner.lv\\\/wp-content\\\/uploads\\\/2024\\\/03\\\/1_4gpp-ag.webp\",\"contentUrl\":\"https:\\\/\\\/www.facecorner.lv\\\/wp-content\\\/uploads\\\/2024\\\/03\\\/1_4gpp-ag.webp\",\"width\":1000,\"height\":1000},{\"@type\":\"BreadcrumbList\",\"@id\":\"https:\\\/\\\/www.facecorner.lv\\\/shop\\\/medi-peel-peptide-9-aqua-essence-trial-kit\\\/#breadcrumb\",\"itemListElement\":[{\"@type\":\"ListItem\",\"position\":1,\"name\":\"Home\",\"item\":\"https:\\\/\\\/www.facecorner.lv\\\/\"},{\"@type\":\"ListItem\",\"position\":2,\"name\":\"Veikals\",\"item\":\"https:\\\/\\\/www.facecorner.lv\\\/shop\\\/\"},{\"@type\":\"ListItem\",\"position\":3,\"name\":\"Medi-Peel Peptide 9 Aqua Essence Trial Kit\"}]},{\"@type\":\"WebSite\",\"@id\":\"https:\\\/\\\/www.facecorner.lv\\\/#website\",\"url\":\"https:\\\/\\\/www.facecorner.lv\\\/\",\"name\":\"Facecorner\",\"description\":\"\",\"publisher\":{\"@id\":\"https:\\\/\\\/www.facecorner.lv\\\/#organization\"},\"potentialAction\":[{\"@type\":\"SearchAction\",\"target\":{\"@type\":\"EntryPoint\",\"urlTemplate\":\"https:\\\/\\\/www.facecorner.lv\\\/?s={search_term_string}\"},\"query-input\":{\"@type\":\"PropertyValueSpecification\",\"valueRequired\":true,\"valueName\":\"search_term_string\"}}],\"inLanguage\":\"lv-LV\"},{\"@type\":\"Organization\",\"@id\":\"https:\\\/\\\/www.facecorner.lv\\\/#organization\",\"name\":\"Facecorner\",\"url\":\"https:\\\/\\\/www.facecorner.lv\\\/\",\"logo\":{\"@type\":\"ImageObject\",\"inLanguage\":\"lv-LV\",\"@id\":\"https:\\\/\\\/www.facecorner.lv\\\/#\\\/schema\\\/logo\\\/image\\\/\",\"url\":\"https:\\\/\\\/www.facecorner.lv\\\/wp-content\\\/uploads\\\/2024\\\/04\\\/fc-logo.jpg\",\"contentUrl\":\"https:\\\/\\\/www.facecorner.lv\\\/wp-content\\\/uploads\\\/2024\\\/04\\\/fc-logo.jpg\",\"width\":174,\"height\":28,\"caption\":\"Facecorner\"},\"image\":{\"@id\":\"https:\\\/\\\/www.facecorner.lv\\\/#\\\/schema\\\/logo\\\/image\\\/\"},\"sameAs\":[\"https:\\\/\\\/www.facebook.com\\\/profile.php?id=100063824551839\",\"https:\\\/\\\/www.instagram.com\\\/facecorner_shop\\\/\"]}]}<\/script>\n<meta property=\"product:price:amount\" content=\"21.90\" \/>\n<meta property=\"product:price:currency\" content=\"EUR\" \/>\n<meta property=\"og:availability\" content=\"out of stock\" \/>\n<meta property=\"product:availability\" content=\"out of stock\" \/>\n<meta property=\"product:condition\" content=\"new\" \/>\n<!-- \/ Yoast SEO plugin. -->","yoast_head_json":{"title":"Medi-Peel Peptide 9 Aqua Essence Trial Kit - FACECORNER","robots":{"index":"index","follow":"follow","max-snippet":"max-snippet:-1","max-image-preview":"max-image-preview:large","max-video-preview":"max-video-preview:-1"},"canonical":"https:\/\/www.facecorner.lv\/lv\/shop\/medi-peel-peptide-9-aqua-essence-trial-kit\/","og_locale":"lv_LV","og_type":"article","og_title":"Medi-Peel Peptide 9 Aqua Essence Trial Kit - FACECORNER","og_description":"Atkl\u0101jiet perfektas \u0101das nosl\u0113pumu ar Medi-Peel Peptide 9 Aqua Essence izm\u0113\u0123in\u0101juma komplektu! \u0160is ekskluz\u012bvais kosm\u0113tikas komplekts pied\u0101v\u0101 revolucion\u0101ru kop\u0161anu, apvienojot sp\u0113c\u012bgus pept\u012bdus un hialuronsk\u0101bi, kas nodro\u0161ina nesal\u012bdzin\u0101mu mitrin\u0101\u0161anu un tvirtumu. Bag\u0101tin\u0101ts ar adenoz\u012bnu un kolag\u0113nu, tas sola redzamu \u0101das tekst\u016bras uzlabo\u0161anos, savuk\u0101rt ekt\u012bns aizsarg\u0101 un nostiprina \u0101du. Izbaudiet profesion\u0101lu kop\u0161anu, izmantojot Medi-Peel. Komplekt\u0101 ietilpst: Peptide [&hellip;]","og_url":"https:\/\/www.facecorner.lv\/lv\/shop\/medi-peel-peptide-9-aqua-essence-trial-kit\/","og_site_name":"FACECORNER","article_publisher":"https:\/\/www.facebook.com\/profile.php?id=100063824551839","article_modified_time":"2025-09-21T17:29:26+00:00","og_image":[{"width":1000,"height":1000,"url":"https:\/\/www.facecorner.lv\/wp-content\/uploads\/2024\/03\/1_4gpp-ag.webp","type":"image\/webp"}],"twitter_card":"summary_large_image","twitter_misc":{"Price":"&euro;21.90","Availability":"Out of stock"},"schema":{"@context":"https:\/\/schema.org","@graph":[{"@type":"WebPage","@id":"https:\/\/www.facecorner.lv\/shop\/medi-peel-peptide-9-aqua-essence-trial-kit\/","url":"https:\/\/www.facecorner.lv\/shop\/medi-peel-peptide-9-aqua-essence-trial-kit\/","name":"Medi-Peel Peptide 9 Aqua Essence Trial Kit - FACECORNER","isPartOf":{"@id":"https:\/\/www.facecorner.lv\/#website"},"primaryImageOfPage":{"@id":"https:\/\/www.facecorner.lv\/shop\/medi-peel-peptide-9-aqua-essence-trial-kit\/#primaryimage"},"image":{"@id":"https:\/\/www.facecorner.lv\/shop\/medi-peel-peptide-9-aqua-essence-trial-kit\/#primaryimage"},"thumbnailUrl":"https:\/\/www.facecorner.lv\/wp-content\/uploads\/2024\/03\/1_4gpp-ag.webp","datePublished":"2024-03-28T07:16:47+00:00","dateModified":"2025-09-21T17:29:26+00:00","breadcrumb":{"@id":"https:\/\/www.facecorner.lv\/shop\/medi-peel-peptide-9-aqua-essence-trial-kit\/#breadcrumb"},"inLanguage":"lv-LV","potentialAction":[{"@type":"ReadAction","target":["https:\/\/www.facecorner.lv\/shop\/medi-peel-peptide-9-aqua-essence-trial-kit\/"]}]},{"@type":"ImageObject","inLanguage":"lv-LV","@id":"https:\/\/www.facecorner.lv\/shop\/medi-peel-peptide-9-aqua-essence-trial-kit\/#primaryimage","url":"https:\/\/www.facecorner.lv\/wp-content\/uploads\/2024\/03\/1_4gpp-ag.webp","contentUrl":"https:\/\/www.facecorner.lv\/wp-content\/uploads\/2024\/03\/1_4gpp-ag.webp","width":1000,"height":1000},{"@type":"BreadcrumbList","@id":"https:\/\/www.facecorner.lv\/shop\/medi-peel-peptide-9-aqua-essence-trial-kit\/#breadcrumb","itemListElement":[{"@type":"ListItem","position":1,"name":"Home","item":"https:\/\/www.facecorner.lv\/"},{"@type":"ListItem","position":2,"name":"Veikals","item":"https:\/\/www.facecorner.lv\/shop\/"},{"@type":"ListItem","position":3,"name":"Medi-Peel Peptide 9 Aqua Essence Trial Kit"}]},{"@type":"WebSite","@id":"https:\/\/www.facecorner.lv\/#website","url":"https:\/\/www.facecorner.lv\/","name":"Facecorner","description":"","publisher":{"@id":"https:\/\/www.facecorner.lv\/#organization"},"potentialAction":[{"@type":"SearchAction","target":{"@type":"EntryPoint","urlTemplate":"https:\/\/www.facecorner.lv\/?s={search_term_string}"},"query-input":{"@type":"PropertyValueSpecification","valueRequired":true,"valueName":"search_term_string"}}],"inLanguage":"lv-LV"},{"@type":"Organization","@id":"https:\/\/www.facecorner.lv\/#organization","name":"Facecorner","url":"https:\/\/www.facecorner.lv\/","logo":{"@type":"ImageObject","inLanguage":"lv-LV","@id":"https:\/\/www.facecorner.lv\/#\/schema\/logo\/image\/","url":"https:\/\/www.facecorner.lv\/wp-content\/uploads\/2024\/04\/fc-logo.jpg","contentUrl":"https:\/\/www.facecorner.lv\/wp-content\/uploads\/2024\/04\/fc-logo.jpg","width":174,"height":28,"caption":"Facecorner"},"image":{"@id":"https:\/\/www.facecorner.lv\/#\/schema\/logo\/image\/"},"sameAs":["https:\/\/www.facebook.com\/profile.php?id=100063824551839","https:\/\/www.instagram.com\/facecorner_shop\/"]}]},"product_price_amount":"21.90","product_price_currency":"EUR","og_availability":"out of stock","product_availability":"out of stock","product_condition":"new"},"_links":{"self":[{"href":"https:\/\/www.facecorner.lv\/lv\/wp-json\/wp\/v2\/product\/14875","targetHints":{"allow":["GET"]}}],"collection":[{"href":"https:\/\/www.facecorner.lv\/lv\/wp-json\/wp\/v2\/product"}],"about":[{"href":"https:\/\/www.facecorner.lv\/lv\/wp-json\/wp\/v2\/types\/product"}],"replies":[{"embeddable":true,"href":"https:\/\/www.facecorner.lv\/lv\/wp-json\/wp\/v2\/comments?post=14875"}],"wp:featuredmedia":[{"embeddable":true,"href":"https:\/\/www.facecorner.lv\/lv\/wp-json\/wp\/v2\/media\/14877"}],"wp:attachment":[{"href":"https:\/\/www.facecorner.lv\/lv\/wp-json\/wp\/v2\/media?parent=14875"}],"wp:term":[{"taxonomy":"product_brand","embeddable":true,"href":"https:\/\/www.facecorner.lv\/lv\/wp-json\/wp\/v2\/product_brand?post=14875"},{"taxonomy":"product_cat","embeddable":true,"href":"https:\/\/www.facecorner.lv\/lv\/wp-json\/wp\/v2\/product_cat?post=14875"},{"taxonomy":"product_tag","embeddable":true,"href":"https:\/\/www.facecorner.lv\/lv\/wp-json\/wp\/v2\/product_tag?post=14875"},{"taxonomy":"berocket_brand","embeddable":true,"href":"https:\/\/www.facecorner.lv\/lv\/wp-json\/wp\/v2\/berocket_brand?post=14875"}],"curies":[{"name":"wp","href":"https:\/\/api.w.org\/{rel}","templated":true}]}}