{"id":14748,"date":"2024-03-23T21:06:16","date_gmt":"2024-03-23T19:06:16","guid":{"rendered":"https:\/\/www.facecorner.lv\/?post_type=product&#038;p=14748"},"modified":"2024-06-05T08:46:04","modified_gmt":"2024-06-05T06:46:04","slug":"dear-klairs-fundamental-watery-oil-drop-50ml","status":"publish","type":"product","link":"https:\/\/www.facecorner.lv\/lv\/shop\/dear-klairs-fundamental-watery-oil-drop-50ml\/","title":{"rendered":"Dear, Klairs Fundamental Watery Oil Drop 50ml"},"content":{"rendered":"<p>Klairs Fundamental Watery Oil Drop pretnoveco\u0161an\u0101s serums intens\u012bvi mitrina un baro \u0101du, pie\u0161\u0137ir tai mirdzumu un sp\u012bdumu.<\/p>\n<p>Tas pal\u012bdz saglab\u0101t mitrumu \u0161\u016bn\u0101s, aizsarg\u0101 pret dehidrat\u0101ciju, nov\u0113r\u0161 sausumu un nov\u0113r\u0161 lob\u012b\u0161anos.<\/p>\n<p>Padara \u0101du maigu, stingru un elast\u012bgu, uzlabo imunit\u0101ti un aizsarg\u0101 to no \u0101r\u0113j\u0101s vides faktoru negat\u012bv\u0101s ietekmes.<\/p>\n<p>Pal\u012bdz izl\u012bdzin\u0101t grumbas, samazina \u0101das grumbu dzi\u013cumu, c\u012bn\u0101s ar vis\u0101m redzamaj\u0101m vecuma p\u0101rmai\u0146u paz\u012bm\u0113m.<\/p>\n<p>Serumam piem\u012bt antioksidanta iedarb\u012bba un tas c\u012bn\u0101s pret br\u012bvajiem radik\u0101\u013ciem. Tas izl\u012bdzina \u0101das toni un mikroreljefu, padara sejas toni viendab\u012bgu un piepilda to ar vesel\u012bgu mirdzumu.<\/p>\n<p><strong>Galven\u0101s akt\u012bv\u0101s sast\u0101vda\u013cas:<\/strong><\/p>\n<ul>\n<li>pept\u012bdu komplekss palielina \u0101das elast\u012bbu un tvirtumu, pa\u0101trina kolag\u0113na un elast\u012bna \u0161\u0137iedru veido\u0161anos organism\u0101. Samazina grumbu dzi\u013cumu un nov\u0113r\u0161 \u0101das nov\u012b\u0161anu.<\/li>\n<li>Bifidobakt\u0113rijas uzlabo asinsriti, pa\u0101trina vielmai\u0146u, uzlabo \u0101das strukt\u016bru, pa\u0101trina asinsriti un pal\u012bdz normaliz\u0113t biolo\u0123iskos procesus \u0161\u016bn\u0101s.<\/li>\n<li>Ceram\u012bdi veicina \u0101das atjauno\u0161anos, uzlabo aizsargfunkcijas un barjeras funkcijas, normaliz\u0113 hidrolip\u012bdu l\u012bdzsvaru, aizsarg\u0101 pret dehidrat\u0101ciju un piem\u012bt atjaunojo\u0161s potenci\u0101ls.<\/li>\n<li>Za\u013c\u0101s t\u0113jas ekstrakts lieliski mazina kairin\u0101jumu, tam piem\u012bt antibakteri\u0101las \u012bpa\u0161\u012bbas, padara \u0101du tvirt\u0101ku un elast\u012bg\u0101ku, izl\u012bdzina grumbas, uzlabo sejas kr\u0101su.<\/li>\n<li>Argin\u012bnam piem\u012bt br\u016b\u010du dziedino\u0161s un re\u0123ener\u0113jo\u0161s efekts.<\/li>\n<li>Beta\u012bns akt\u012bvi mitrina, tam piem\u012bt kondicion\u0113jo\u0161a iedarb\u012bba, mazina \u0101das kairin\u0101jumu, mazina virsmakt\u012bvo vielu destrukt\u012bvo iedarb\u012bbu, pal\u012bdz palielin\u0101t to apjomu un stabiliz\u0113 putas, pastiprina citu sast\u0101vda\u013cu kondicion\u0113jo\u0161o iedarb\u012bbu un pats nav slikts kondicionieris, iedarbojas uz \u0101du virspus\u0113ji, uzlabojot t\u0101s izskatu.<\/li>\n<li>Hialuronsk\u0101be nodro\u0161ina ilgsto\u0161u un intens\u012bvu \u0101das mitrin\u0101\u0161anu, aizsarg\u0101 pret dehidrat\u0101ciju un priek\u0161laic\u012bg\u0101m grumbi\u0146\u0101m, stimul\u0113 \u0161\u016bnu atjauno\u0161anos, dzied\u0113 br\u016bces un plaisas.<\/li>\n<li>Tokoferols pal\u012bdz uzlabot \u0101das struktur\u0101lo integrit\u0101ti un iedarbojas atjaunojo\u0161i.<\/li>\n<\/ul>\n<p><strong>Lieto\u0161ana:<\/strong> uzkl\u0101jiet serumu uz sejas \u0101das p\u0113c att\u012br\u012b\u0161anas un tonika lieto\u0161anas. Piem\u0113rots ikdienas lieto\u0161anai no r\u012bta un vakar\u0101.<\/p>\n<p><strong>S\u0101stavs:\u00a0<\/strong>Aqua (Water), Glycerin, Butylene Glycol, Camellia Sinensis Leaf Water, Bifida Ferment Extract, Oryza Sativa (Rice) Extract, Dipropylene Glycol, Betaine, 1,2-Hexanediol, Aspergillus\/Rice Ferment Extract, Camellia Sinensis Leaf Extract, Sorbitol, Sorbitan Sesquioleate, Ethylhexylglycerin, Arginine, Xanthan Gum, Hydroxyethylcellulose, Sodium Acrylate\/Sodium Acryloyldimethyl Dimethyl Taurate Copolymer, Ischexadecane, Dipotassium Glycyrrhizate, Stearyl Sodium Hyaluronate, Carbomer, Acrylates\/C10-30 Alkyl Acrylate Crosspolymer, Tocopheryl Acetate, Laminaria Japonica Indica Extract, Polysorbate 80, Sorbitan\u00a0Oleate, Hydrogenated Lecithin, Ceramide NP, Disodium Phosphate, Polysorbate 60, Sodium Phosphate, Copper\u00a0Tripeptide-1, Acetyl Hexapeptide-8<\/p>\n","protected":false},"excerpt":{"rendered":"<p>Klairs Fundamental Watery Oil Drop pretnoveco\u0161an\u0101s serums intens\u012bvi mitrina un baro \u0101du, pie\u0161\u0137ir tai mirdzumu un sp\u012bdumu. Tas pal\u012bdz saglab\u0101t mitrumu \u0161\u016bn\u0101s, aizsarg\u0101 pret dehidrat\u0101ciju, nov\u0113r\u0161 sausumu un nov\u0113r\u0161 lob\u012b\u0161anos. Padara \u0101du maigu, stingru un elast\u012bgu, uzlabo imunit\u0101ti un aizsarg\u0101 to no \u0101r\u0113j\u0101s vides faktoru negat\u012bv\u0101s ietekmes. Pal\u012bdz izl\u012bdzin\u0101t grumbas, samazina \u0101das grumbu dzi\u013cumu, c\u012bn\u0101s [&hellip;]<\/p>\n","protected":false},"featured_media":14749,"comment_status":"open","ping_status":"closed","template":"","meta":{"site-sidebar-layout":"default","site-content-layout":"","ast-site-content-layout":"","site-content-style":"default","site-sidebar-style":"default","ast-global-header-display":"","ast-banner-title-visibility":"","ast-main-header-display":"","ast-hfb-above-header-display":"","ast-hfb-below-header-display":"","ast-hfb-mobile-header-display":"","site-post-title":"","ast-breadcrumbs-content":"","ast-featured-img":"","footer-sml-layout":"","theme-transparent-header-meta":"","adv-header-id-meta":"","stick-header-meta":"","header-above-stick-meta":"","header-main-stick-meta":"","header-below-stick-meta":"","astra-migrate-meta-layouts":"default","ast-page-background-enabled":"default","ast-page-background-meta":{"desktop":{"background-color":"var(--ast-global-color-4)","background-image":"","background-repeat":"repeat","background-position":"center center","background-size":"auto","background-attachment":"scroll","background-type":"","background-media":"","overlay-type":"","overlay-color":"","overlay-opacity":"","overlay-gradient":""},"tablet":{"background-color":"","background-image":"","background-repeat":"repeat","background-position":"center center","background-size":"auto","background-attachment":"scroll","background-type":"","background-media":"","overlay-type":"","overlay-color":"","overlay-opacity":"","overlay-gradient":""},"mobile":{"background-color":"","background-image":"","background-repeat":"repeat","background-position":"center center","background-size":"auto","background-attachment":"scroll","background-type":"","background-media":"","overlay-type":"","overlay-color":"","overlay-opacity":"","overlay-gradient":""}},"ast-content-background-meta":{"desktop":{"background-color":"var(--ast-global-color-5)","background-image":"","background-repeat":"repeat","background-position":"center center","background-size":"auto","background-attachment":"scroll","background-type":"","background-media":"","overlay-type":"","overlay-color":"","overlay-opacity":"","overlay-gradient":""},"tablet":{"background-color":"var(--ast-global-color-5)","background-image":"","background-repeat":"repeat","background-position":"center center","background-size":"auto","background-attachment":"scroll","background-type":"","background-media":"","overlay-type":"","overlay-color":"","overlay-opacity":"","overlay-gradient":""},"mobile":{"background-color":"var(--ast-global-color-5)","background-image":"","background-repeat":"repeat","background-position":"center center","background-size":"auto","background-attachment":"scroll","background-type":"","background-media":"","overlay-type":"","overlay-color":"","overlay-opacity":"","overlay-gradient":""}}},"product_brand":[],"product_cat":[370,371,511,363],"product_tag":[],"berocket_brand":[],"class_list":{"0":"post-14748","1":"product","2":"type-product","3":"status-publish","4":"has-post-thumbnail","6":"product_cat-adas-mirdzumam","7":"product_cat-anti-age","8":"product_cat-atlaides","9":"product_cat-serumi","10":"desktop-align-left","11":"tablet-align-left","12":"mobile-align-left","14":"first","15":"outofstock","16":"sale","17":"taxable","18":"shipping-taxable","19":"purchasable","20":"product-type-simple","21":"add-to-wishlist-before_image"},"yoast_head":"<!-- This site is optimized with the Yoast SEO plugin v27.3 - https:\/\/yoast.com\/product\/yoast-seo-wordpress\/ -->\n<title>Dear, Klairs Fundamental Watery Oil Drop 50ml - FACECORNER<\/title>\n<meta name=\"robots\" content=\"index, follow, max-snippet:-1, max-image-preview:large, max-video-preview:-1\" \/>\n<link rel=\"canonical\" href=\"https:\/\/www.facecorner.lv\/lv\/shop\/dear-klairs-fundamental-watery-oil-drop-50ml\/\" \/>\n<meta property=\"og:locale\" content=\"lv_LV\" \/>\n<meta property=\"og:type\" content=\"article\" \/>\n<meta property=\"og:title\" content=\"Dear, Klairs Fundamental Watery Oil Drop 50ml - FACECORNER\" \/>\n<meta property=\"og:description\" content=\"Klairs Fundamental Watery Oil Drop pretnoveco\u0161an\u0101s serums intens\u012bvi mitrina un baro \u0101du, pie\u0161\u0137ir tai mirdzumu un sp\u012bdumu. Tas pal\u012bdz saglab\u0101t mitrumu \u0161\u016bn\u0101s, aizsarg\u0101 pret dehidrat\u0101ciju, nov\u0113r\u0161 sausumu un nov\u0113r\u0161 lob\u012b\u0161anos. Padara \u0101du maigu, stingru un elast\u012bgu, uzlabo imunit\u0101ti un aizsarg\u0101 to no \u0101r\u0113j\u0101s vides faktoru negat\u012bv\u0101s ietekmes. Pal\u012bdz izl\u012bdzin\u0101t grumbas, samazina \u0101das grumbu dzi\u013cumu, c\u012bn\u0101s [&hellip;]\" \/>\n<meta property=\"og:url\" content=\"https:\/\/www.facecorner.lv\/lv\/shop\/dear-klairs-fundamental-watery-oil-drop-50ml\/\" \/>\n<meta property=\"og:site_name\" content=\"FACECORNER\" \/>\n<meta property=\"article:publisher\" content=\"https:\/\/www.facebook.com\/profile.php?id=100063824551839\" \/>\n<meta property=\"article:modified_time\" content=\"2024-06-05T06:46:04+00:00\" \/>\n<meta property=\"og:image\" content=\"https:\/\/www.facecorner.lv\/wp-content\/uploads\/2024\/03\/61jame6enjL.jpg\" \/>\n\t<meta property=\"og:image:width\" content=\"1500\" \/>\n\t<meta property=\"og:image:height\" content=\"1500\" \/>\n\t<meta property=\"og:image:type\" content=\"image\/jpeg\" \/>\n<meta name=\"twitter:card\" content=\"summary_large_image\" \/>\n<meta name=\"twitter:label1\" content=\"Price\" \/>\n\t<meta name=\"twitter:data1\" content=\"&euro;29.95\" \/>\n\t<meta name=\"twitter:label2\" content=\"Availability\" \/>\n\t<meta name=\"twitter:data2\" content=\"Out of stock\" \/>\n<script type=\"application\/ld+json\" class=\"yoast-schema-graph\">{\"@context\":\"https:\\\/\\\/schema.org\",\"@graph\":[{\"@type\":\"WebPage\",\"@id\":\"https:\\\/\\\/www.facecorner.lv\\\/shop\\\/dear-klairs-fundamental-watery-oil-drop-50ml\\\/\",\"url\":\"https:\\\/\\\/www.facecorner.lv\\\/shop\\\/dear-klairs-fundamental-watery-oil-drop-50ml\\\/\",\"name\":\"Dear, Klairs Fundamental Watery Oil Drop 50ml - FACECORNER\",\"isPartOf\":{\"@id\":\"https:\\\/\\\/www.facecorner.lv\\\/#website\"},\"primaryImageOfPage\":{\"@id\":\"https:\\\/\\\/www.facecorner.lv\\\/shop\\\/dear-klairs-fundamental-watery-oil-drop-50ml\\\/#primaryimage\"},\"image\":{\"@id\":\"https:\\\/\\\/www.facecorner.lv\\\/shop\\\/dear-klairs-fundamental-watery-oil-drop-50ml\\\/#primaryimage\"},\"thumbnailUrl\":\"https:\\\/\\\/www.facecorner.lv\\\/wp-content\\\/uploads\\\/2024\\\/03\\\/61jame6enjL.jpg\",\"datePublished\":\"2024-03-23T19:06:16+00:00\",\"dateModified\":\"2024-06-05T06:46:04+00:00\",\"breadcrumb\":{\"@id\":\"https:\\\/\\\/www.facecorner.lv\\\/shop\\\/dear-klairs-fundamental-watery-oil-drop-50ml\\\/#breadcrumb\"},\"inLanguage\":\"lv-LV\",\"potentialAction\":[{\"@type\":\"ReadAction\",\"target\":[\"https:\\\/\\\/www.facecorner.lv\\\/shop\\\/dear-klairs-fundamental-watery-oil-drop-50ml\\\/\"]}]},{\"@type\":\"ImageObject\",\"inLanguage\":\"lv-LV\",\"@id\":\"https:\\\/\\\/www.facecorner.lv\\\/shop\\\/dear-klairs-fundamental-watery-oil-drop-50ml\\\/#primaryimage\",\"url\":\"https:\\\/\\\/www.facecorner.lv\\\/wp-content\\\/uploads\\\/2024\\\/03\\\/61jame6enjL.jpg\",\"contentUrl\":\"https:\\\/\\\/www.facecorner.lv\\\/wp-content\\\/uploads\\\/2024\\\/03\\\/61jame6enjL.jpg\",\"width\":1500,\"height\":1500},{\"@type\":\"BreadcrumbList\",\"@id\":\"https:\\\/\\\/www.facecorner.lv\\\/shop\\\/dear-klairs-fundamental-watery-oil-drop-50ml\\\/#breadcrumb\",\"itemListElement\":[{\"@type\":\"ListItem\",\"position\":1,\"name\":\"Home\",\"item\":\"https:\\\/\\\/www.facecorner.lv\\\/\"},{\"@type\":\"ListItem\",\"position\":2,\"name\":\"Veikals\",\"item\":\"https:\\\/\\\/www.facecorner.lv\\\/shop\\\/\"},{\"@type\":\"ListItem\",\"position\":3,\"name\":\"Dear, Klairs Fundamental Watery Oil Drop 50ml\"}]},{\"@type\":\"WebSite\",\"@id\":\"https:\\\/\\\/www.facecorner.lv\\\/#website\",\"url\":\"https:\\\/\\\/www.facecorner.lv\\\/\",\"name\":\"Facecorner\",\"description\":\"\",\"publisher\":{\"@id\":\"https:\\\/\\\/www.facecorner.lv\\\/#organization\"},\"potentialAction\":[{\"@type\":\"SearchAction\",\"target\":{\"@type\":\"EntryPoint\",\"urlTemplate\":\"https:\\\/\\\/www.facecorner.lv\\\/?s={search_term_string}\"},\"query-input\":{\"@type\":\"PropertyValueSpecification\",\"valueRequired\":true,\"valueName\":\"search_term_string\"}}],\"inLanguage\":\"lv-LV\"},{\"@type\":\"Organization\",\"@id\":\"https:\\\/\\\/www.facecorner.lv\\\/#organization\",\"name\":\"Facecorner\",\"url\":\"https:\\\/\\\/www.facecorner.lv\\\/\",\"logo\":{\"@type\":\"ImageObject\",\"inLanguage\":\"lv-LV\",\"@id\":\"https:\\\/\\\/www.facecorner.lv\\\/#\\\/schema\\\/logo\\\/image\\\/\",\"url\":\"https:\\\/\\\/www.facecorner.lv\\\/wp-content\\\/uploads\\\/2024\\\/04\\\/fc-logo.jpg\",\"contentUrl\":\"https:\\\/\\\/www.facecorner.lv\\\/wp-content\\\/uploads\\\/2024\\\/04\\\/fc-logo.jpg\",\"width\":174,\"height\":28,\"caption\":\"Facecorner\"},\"image\":{\"@id\":\"https:\\\/\\\/www.facecorner.lv\\\/#\\\/schema\\\/logo\\\/image\\\/\"},\"sameAs\":[\"https:\\\/\\\/www.facebook.com\\\/profile.php?id=100063824551839\",\"https:\\\/\\\/www.instagram.com\\\/facecorner_shop\\\/\"]}]}<\/script>\n<meta property=\"product:price:amount\" content=\"29.95\" \/>\n<meta property=\"product:price:currency\" content=\"EUR\" \/>\n<meta property=\"og:availability\" content=\"out of stock\" \/>\n<meta property=\"product:availability\" content=\"out of stock\" \/>\n<meta property=\"product:condition\" content=\"new\" \/>\n<!-- \/ Yoast SEO plugin. -->","yoast_head_json":{"title":"Dear, Klairs Fundamental Watery Oil Drop 50ml - FACECORNER","robots":{"index":"index","follow":"follow","max-snippet":"max-snippet:-1","max-image-preview":"max-image-preview:large","max-video-preview":"max-video-preview:-1"},"canonical":"https:\/\/www.facecorner.lv\/lv\/shop\/dear-klairs-fundamental-watery-oil-drop-50ml\/","og_locale":"lv_LV","og_type":"article","og_title":"Dear, Klairs Fundamental Watery Oil Drop 50ml - FACECORNER","og_description":"Klairs Fundamental Watery Oil Drop pretnoveco\u0161an\u0101s serums intens\u012bvi mitrina un baro \u0101du, pie\u0161\u0137ir tai mirdzumu un sp\u012bdumu. Tas pal\u012bdz saglab\u0101t mitrumu \u0161\u016bn\u0101s, aizsarg\u0101 pret dehidrat\u0101ciju, nov\u0113r\u0161 sausumu un nov\u0113r\u0161 lob\u012b\u0161anos. Padara \u0101du maigu, stingru un elast\u012bgu, uzlabo imunit\u0101ti un aizsarg\u0101 to no \u0101r\u0113j\u0101s vides faktoru negat\u012bv\u0101s ietekmes. Pal\u012bdz izl\u012bdzin\u0101t grumbas, samazina \u0101das grumbu dzi\u013cumu, c\u012bn\u0101s [&hellip;]","og_url":"https:\/\/www.facecorner.lv\/lv\/shop\/dear-klairs-fundamental-watery-oil-drop-50ml\/","og_site_name":"FACECORNER","article_publisher":"https:\/\/www.facebook.com\/profile.php?id=100063824551839","article_modified_time":"2024-06-05T06:46:04+00:00","og_image":[{"width":1500,"height":1500,"url":"https:\/\/www.facecorner.lv\/wp-content\/uploads\/2024\/03\/61jame6enjL.jpg","type":"image\/jpeg"}],"twitter_card":"summary_large_image","twitter_misc":{"Price":"&euro;29.95","Availability":"Out of stock"},"schema":{"@context":"https:\/\/schema.org","@graph":[{"@type":"WebPage","@id":"https:\/\/www.facecorner.lv\/shop\/dear-klairs-fundamental-watery-oil-drop-50ml\/","url":"https:\/\/www.facecorner.lv\/shop\/dear-klairs-fundamental-watery-oil-drop-50ml\/","name":"Dear, Klairs Fundamental Watery Oil Drop 50ml - FACECORNER","isPartOf":{"@id":"https:\/\/www.facecorner.lv\/#website"},"primaryImageOfPage":{"@id":"https:\/\/www.facecorner.lv\/shop\/dear-klairs-fundamental-watery-oil-drop-50ml\/#primaryimage"},"image":{"@id":"https:\/\/www.facecorner.lv\/shop\/dear-klairs-fundamental-watery-oil-drop-50ml\/#primaryimage"},"thumbnailUrl":"https:\/\/www.facecorner.lv\/wp-content\/uploads\/2024\/03\/61jame6enjL.jpg","datePublished":"2024-03-23T19:06:16+00:00","dateModified":"2024-06-05T06:46:04+00:00","breadcrumb":{"@id":"https:\/\/www.facecorner.lv\/shop\/dear-klairs-fundamental-watery-oil-drop-50ml\/#breadcrumb"},"inLanguage":"lv-LV","potentialAction":[{"@type":"ReadAction","target":["https:\/\/www.facecorner.lv\/shop\/dear-klairs-fundamental-watery-oil-drop-50ml\/"]}]},{"@type":"ImageObject","inLanguage":"lv-LV","@id":"https:\/\/www.facecorner.lv\/shop\/dear-klairs-fundamental-watery-oil-drop-50ml\/#primaryimage","url":"https:\/\/www.facecorner.lv\/wp-content\/uploads\/2024\/03\/61jame6enjL.jpg","contentUrl":"https:\/\/www.facecorner.lv\/wp-content\/uploads\/2024\/03\/61jame6enjL.jpg","width":1500,"height":1500},{"@type":"BreadcrumbList","@id":"https:\/\/www.facecorner.lv\/shop\/dear-klairs-fundamental-watery-oil-drop-50ml\/#breadcrumb","itemListElement":[{"@type":"ListItem","position":1,"name":"Home","item":"https:\/\/www.facecorner.lv\/"},{"@type":"ListItem","position":2,"name":"Veikals","item":"https:\/\/www.facecorner.lv\/shop\/"},{"@type":"ListItem","position":3,"name":"Dear, Klairs Fundamental Watery Oil Drop 50ml"}]},{"@type":"WebSite","@id":"https:\/\/www.facecorner.lv\/#website","url":"https:\/\/www.facecorner.lv\/","name":"Facecorner","description":"","publisher":{"@id":"https:\/\/www.facecorner.lv\/#organization"},"potentialAction":[{"@type":"SearchAction","target":{"@type":"EntryPoint","urlTemplate":"https:\/\/www.facecorner.lv\/?s={search_term_string}"},"query-input":{"@type":"PropertyValueSpecification","valueRequired":true,"valueName":"search_term_string"}}],"inLanguage":"lv-LV"},{"@type":"Organization","@id":"https:\/\/www.facecorner.lv\/#organization","name":"Facecorner","url":"https:\/\/www.facecorner.lv\/","logo":{"@type":"ImageObject","inLanguage":"lv-LV","@id":"https:\/\/www.facecorner.lv\/#\/schema\/logo\/image\/","url":"https:\/\/www.facecorner.lv\/wp-content\/uploads\/2024\/04\/fc-logo.jpg","contentUrl":"https:\/\/www.facecorner.lv\/wp-content\/uploads\/2024\/04\/fc-logo.jpg","width":174,"height":28,"caption":"Facecorner"},"image":{"@id":"https:\/\/www.facecorner.lv\/#\/schema\/logo\/image\/"},"sameAs":["https:\/\/www.facebook.com\/profile.php?id=100063824551839","https:\/\/www.instagram.com\/facecorner_shop\/"]}]},"product_price_amount":"29.95","product_price_currency":"EUR","og_availability":"out of stock","product_availability":"out of stock","product_condition":"new"},"_links":{"self":[{"href":"https:\/\/www.facecorner.lv\/lv\/wp-json\/wp\/v2\/product\/14748","targetHints":{"allow":["GET"]}}],"collection":[{"href":"https:\/\/www.facecorner.lv\/lv\/wp-json\/wp\/v2\/product"}],"about":[{"href":"https:\/\/www.facecorner.lv\/lv\/wp-json\/wp\/v2\/types\/product"}],"replies":[{"embeddable":true,"href":"https:\/\/www.facecorner.lv\/lv\/wp-json\/wp\/v2\/comments?post=14748"}],"wp:featuredmedia":[{"embeddable":true,"href":"https:\/\/www.facecorner.lv\/lv\/wp-json\/wp\/v2\/media\/14749"}],"wp:attachment":[{"href":"https:\/\/www.facecorner.lv\/lv\/wp-json\/wp\/v2\/media?parent=14748"}],"wp:term":[{"taxonomy":"product_brand","embeddable":true,"href":"https:\/\/www.facecorner.lv\/lv\/wp-json\/wp\/v2\/product_brand?post=14748"},{"taxonomy":"product_cat","embeddable":true,"href":"https:\/\/www.facecorner.lv\/lv\/wp-json\/wp\/v2\/product_cat?post=14748"},{"taxonomy":"product_tag","embeddable":true,"href":"https:\/\/www.facecorner.lv\/lv\/wp-json\/wp\/v2\/product_tag?post=14748"},{"taxonomy":"berocket_brand","embeddable":true,"href":"https:\/\/www.facecorner.lv\/lv\/wp-json\/wp\/v2\/berocket_brand?post=14748"}],"curies":[{"name":"wp","href":"https:\/\/api.w.org\/{rel}","templated":true}]}}