{"id":14606,"date":"2024-03-10T20:34:55","date_gmt":"2024-03-10T18:34:55","guid":{"rendered":"https:\/\/www.facecorner.lv\/?post_type=product&#038;p=14606"},"modified":"2026-02-26T13:16:52","modified_gmt":"2026-02-26T10:16:52","slug":"dr-jart-ctrl-a-teatreement-soothing-spot-correcteur-apaisant-15ml","status":"publish","type":"product","link":"https:\/\/www.facecorner.lv\/lv\/shop\/dr-jart-ctrl-a-teatreement-soothing-spot-correcteur-apaisant-15ml\/","title":{"rendered":"Dr.Jart+ Ctrl A Teatreement Soothing Spot Correcteur Apaisant 15ml"},"content":{"rendered":"<p>Dr.Jart+ Ctrl A Teatreement Nomierino\u0161s kori\u0123\u0113jo\u0161s l\u012bdzeklis pret pinn\u0113m Apaisant \u0101tri nomierina un iz\u017e\u0101v\u0113 iekaisumu, pa\u0101trina pinnes dz\u012b\u0161anu, samazina sebuma veido\u0161anos.<\/p>\n<p>SOS-medikaments uzlabo problem\u0101tiskas \u0101das ar pinn\u0113m st\u0101vokli, samazina aps\u0101rtumu un pinnes p\u0113das. Pal\u012bdz nov\u0113rst iekaisumu s\u0101kuma stadij\u0101, mazina s\u0101pes.<\/p>\n<p>Daudz mitrino\u0161o komponentu nov\u0113r\u0161 sausumu un kairin\u0101jumu viet\u0101s, kur tiek uzkl\u0101ts l\u012bdzeklis.<\/p>\n<p>Divf\u0101zu l\u012bdzek\u013ca sast\u0101v\u0101 ir esence uz t\u0113jas koka b\u0101zes un kalam\u012bna pulveris. 16,2 % t\u0113jas koka ekstrakts, k\u0101 ar\u012b t\u0113jas koka e\u013c\u013ca un t\u0101s atvasin\u0101jums terp\u012bn-4-ols (4-terpineols). T\u0113jas kokam piem\u012bt antiseptiska un antibakteri\u0101la iedarb\u012bba, c\u012bn\u0101s ar iekaisumiem, uzlabo taukainas un problem\u0101tiskas \u0101das st\u0101vokli.<\/p>\n<p>Sast\u0101v\u0101 eso\u0161ais kalam\u012bna pulveris lieliski nomierina, mazina kairin\u0101jumu un niezi, sausina p\u016bt\u012btes.<\/p>\n<p><strong>Papildu akt\u012bv\u0101s sast\u0101vda\u013cas:<\/strong><\/p>\n<ul>\n<li>Salicilsk\u0101be (BHA) ir taukos \u0161\u0137\u012bsto\u0161a sk\u0101be. T\u0101 att\u012bra poras, balina melnos punkti\u0146us un tauku pavedienus, nov\u0113r\u0161 poru aizs\u0113r\u0113\u0161anu un iekaisumus, samazina \u0101das taukain\u012bbu un nov\u0113r\u0161 sp\u012bdumu T zon\u0101.<\/li>\n<li>S\u0113rs (dimetilsulfons, koloid\u0101lais s\u0113rs) pal\u012bdz aknes \u0101rst\u0113\u0161an\u0101, nom\u0101c iekaisumu, pa\u0101trina boj\u0101jumu atjauno\u0161anos, darbojas antibakteri\u0101li un normaliz\u0113 sebuma veido\u0161anos.<\/li>\n<li>Niacinamide (vitam\u012bns B3) normaliz\u0113 sebuma sekr\u0113ciju, samazina sp\u012bdumu T zon\u0101, balina pigment\u0101ciju un nov\u0113r\u0161 t\u0101s ra\u0161anos, palielina \u0101das aizsargfunkcijas un stimul\u0113 kolag\u0113na sint\u0113zi.<\/li>\n<li>Centella asiatica ekstrakts nov\u0113r\u0161 aps\u0101rtumu un kairin\u0101jumu, m\u012bkstina, veicina dz\u012b\u0161anu un stiprina aizsargbarjeru, k\u0101 ar\u012b nostiprina asinsvadu sieni\u0146as, nov\u0113r\u0161ot asinsvadu zvaigzn\u012b\u0161u veido\u0161anos.<\/li>\n<li>Lakricas saknes ekstrakts maigi balina, c\u012bn\u0101s pret kairin\u0101jumu un palielina kolag\u0113na veido\u0161anos.<\/li>\n<\/ul>\n<p><strong>Lieto\u0161ana:<\/strong> nesakratiet produktu. Pa\u0146emiet vates koci\u0146u un iem\u0113rciet to trauk\u0101 ar produktu t\u0101, lai uz t\u0101 paliktu gan p\u016bderis, gan esence. Izmantojiet koci\u0146u, lai uzkl\u0101tu produktu uz izsitumiem.<\/p>\n<p><strong>S\u0101stavs:\u00a0<\/strong>Alcohol, Melaleuca Alternifolia (Tea Tree) Leaf Extract (16.2%), Calamine, Glycerin, Zinc Oxide, Titanium Dioxide, Niacinamide, Dimethyl Sulfone, Camellia Sinensis Leaf Extract, Hamamelis Virginiana (Witch Hazel) Extract, Gloiopeltis Furcata Extract, Anthemis Nobilis Flower Extract, Centella Asiatica Extract, Ficus Carica (Fig) Fruit Extract, Laminaria Japonica Extract, Eclipta Prostrata Leaf Extract, Glycyrrhiza Glabra (Licorice) Root Extract, Paeonia Lactiflora Root Extract, Cnidium Officinale Root Extract, Pueraria Lobata Root Extract, Portulaca Oleracea Extract, Pinus Pinaster Bark Extract, Cinnamomum Zeylanicum Bark Extract, Aloe Barbadensis Leaf Water, Melaleuca Alternifolia (Tea Tree) Leaf Oil, Hydrogenated Lecithin, Carthamus Tinctorius (Samiower) Seed Oil, Soluble Collagen, Aloe Barbadensis Leaf Juice, Sodium Hyaluronate, Water, Salicylic Acid, Colloidal Sulfur, Butylene Glycol, Dipropylene Glycol, Allantoin, Camphor, Fructooligosaccharides, Lecithin, Beta-Glucan, Xanthan Gum, Hydrolyzed Hyaluronic Acid, Ceramide NP, Silica, Glycine Soja (Soybean) Sterols, Linoleic Acid, Capryloyl\u00a0Glycine, Caprylic\/Capric Triglyceride, Phospholipids, Hexylene Glycol, Sarcosine, 4-Terpineol, Methyl Methacrylate Crosspolymer, PEG-40 Hydrogenated Castor Oil, 1,2-Hexanediol<\/p>\n","protected":false},"excerpt":{"rendered":"<p>Dr.Jart+ Ctrl A Teatreement Nomierino\u0161s kori\u0123\u0113jo\u0161s l\u012bdzeklis pret pinn\u0113m Apaisant \u0101tri nomierina un iz\u017e\u0101v\u0113 iekaisumu, pa\u0101trina pinnes dz\u012b\u0161anu, samazina sebuma veido\u0161anos. SOS-medikaments uzlabo problem\u0101tiskas \u0101das ar pinn\u0113m st\u0101vokli, samazina aps\u0101rtumu un pinnes p\u0113das. Pal\u012bdz nov\u0113rst iekaisumu s\u0101kuma stadij\u0101, mazina s\u0101pes. Daudz mitrino\u0161o komponentu nov\u0113r\u0161 sausumu un kairin\u0101jumu viet\u0101s, kur tiek uzkl\u0101ts l\u012bdzeklis. Divf\u0101zu l\u012bdzek\u013ca sast\u0101v\u0101 [&hellip;]<\/p>\n","protected":false},"featured_media":14607,"comment_status":"open","ping_status":"closed","template":"","meta":{"site-sidebar-layout":"default","site-content-layout":"","ast-site-content-layout":"","site-content-style":"default","site-sidebar-style":"default","ast-global-header-display":"","ast-banner-title-visibility":"","ast-main-header-display":"","ast-hfb-above-header-display":"","ast-hfb-below-header-display":"","ast-hfb-mobile-header-display":"","site-post-title":"","ast-breadcrumbs-content":"","ast-featured-img":"","footer-sml-layout":"","theme-transparent-header-meta":"","adv-header-id-meta":"","stick-header-meta":"","header-above-stick-meta":"","header-main-stick-meta":"","header-below-stick-meta":"","astra-migrate-meta-layouts":"default","ast-page-background-enabled":"default","ast-page-background-meta":{"desktop":{"background-color":"var(--ast-global-color-4)","background-image":"","background-repeat":"repeat","background-position":"center center","background-size":"auto","background-attachment":"scroll","background-type":"","background-media":"","overlay-type":"","overlay-color":"","overlay-opacity":"","overlay-gradient":""},"tablet":{"background-color":"","background-image":"","background-repeat":"repeat","background-position":"center center","background-size":"auto","background-attachment":"scroll","background-type":"","background-media":"","overlay-type":"","overlay-color":"","overlay-opacity":"","overlay-gradient":""},"mobile":{"background-color":"","background-image":"","background-repeat":"repeat","background-position":"center center","background-size":"auto","background-attachment":"scroll","background-type":"","background-media":"","overlay-type":"","overlay-color":"","overlay-opacity":"","overlay-gradient":""}},"ast-content-background-meta":{"desktop":{"background-color":"var(--ast-global-color-5)","background-image":"","background-repeat":"repeat","background-position":"center center","background-size":"auto","background-attachment":"scroll","background-type":"","background-media":"","overlay-type":"","overlay-color":"","overlay-opacity":"","overlay-gradient":""},"tablet":{"background-color":"var(--ast-global-color-5)","background-image":"","background-repeat":"repeat","background-position":"center center","background-size":"auto","background-attachment":"scroll","background-type":"","background-media":"","overlay-type":"","overlay-color":"","overlay-opacity":"","overlay-gradient":""},"mobile":{"background-color":"var(--ast-global-color-5)","background-image":"","background-repeat":"repeat","background-position":"center center","background-size":"auto","background-attachment":"scroll","background-type":"","background-media":"","overlay-type":"","overlay-color":"","overlay-opacity":"","overlay-gradient":""}}},"product_brand":[],"product_cat":[316,380,315,374,369,381,379,362,363],"product_tag":[],"berocket_brand":[591],"class_list":{"0":"post-14606","1":"product","2":"type-product","3":"status-publish","4":"has-post-thumbnail","6":"product_cat-attirosas","7":"product_cat-kombinetai-adai","8":"product_cat-maskas","9":"product_cat-pret-pinnem","10":"product_cat-problematiskai-adai-sejas-krems","11":"product_cat-problematiskai-un-taukainai-adai","12":"product_cat-sausai-adai-anti-age","13":"product_cat-sejas-krems","14":"product_cat-serumi","15":"berocket_brand-dr-jart","16":"desktop-align-left","17":"tablet-align-left","18":"mobile-align-left","20":"first","21":"outofstock","22":"taxable","23":"shipping-taxable","24":"purchasable","25":"product-type-simple","26":"add-to-wishlist-before_image"},"yoast_head":"<!-- This site is optimized with the Yoast SEO plugin v27.3 - https:\/\/yoast.com\/product\/yoast-seo-wordpress\/ -->\n<title>Dr.Jart+ Ctrl A Teatreement Soothing Spot Correcteur Apaisant 15ml - FACECORNER<\/title>\n<meta name=\"robots\" content=\"index, follow, max-snippet:-1, max-image-preview:large, max-video-preview:-1\" \/>\n<link rel=\"canonical\" href=\"https:\/\/www.facecorner.lv\/lv\/shop\/dr-jart-ctrl-a-teatreement-soothing-spot-correcteur-apaisant-15ml\/\" \/>\n<meta property=\"og:locale\" content=\"lv_LV\" \/>\n<meta property=\"og:type\" content=\"article\" \/>\n<meta property=\"og:title\" content=\"Dr.Jart+ Ctrl A Teatreement Soothing Spot Correcteur Apaisant 15ml - FACECORNER\" \/>\n<meta property=\"og:description\" content=\"Dr.Jart+ Ctrl A Teatreement Nomierino\u0161s kori\u0123\u0113jo\u0161s l\u012bdzeklis pret pinn\u0113m Apaisant \u0101tri nomierina un iz\u017e\u0101v\u0113 iekaisumu, pa\u0101trina pinnes dz\u012b\u0161anu, samazina sebuma veido\u0161anos. SOS-medikaments uzlabo problem\u0101tiskas \u0101das ar pinn\u0113m st\u0101vokli, samazina aps\u0101rtumu un pinnes p\u0113das. Pal\u012bdz nov\u0113rst iekaisumu s\u0101kuma stadij\u0101, mazina s\u0101pes. Daudz mitrino\u0161o komponentu nov\u0113r\u0161 sausumu un kairin\u0101jumu viet\u0101s, kur tiek uzkl\u0101ts l\u012bdzeklis. Divf\u0101zu l\u012bdzek\u013ca sast\u0101v\u0101 [&hellip;]\" \/>\n<meta property=\"og:url\" content=\"https:\/\/www.facecorner.lv\/lv\/shop\/dr-jart-ctrl-a-teatreement-soothing-spot-correcteur-apaisant-15ml\/\" \/>\n<meta property=\"og:site_name\" content=\"FACECORNER\" \/>\n<meta property=\"article:publisher\" content=\"https:\/\/www.facebook.com\/profile.php?id=100063824551839\" \/>\n<meta property=\"article:modified_time\" content=\"2026-02-26T10:16:52+00:00\" \/>\n<meta property=\"og:image\" content=\"https:\/\/www.facecorner.lv\/wp-content\/uploads\/2024\/03\/1-49.jpeg\" \/>\n\t<meta property=\"og:image:width\" content=\"1024\" \/>\n\t<meta property=\"og:image:height\" content=\"1024\" \/>\n\t<meta property=\"og:image:type\" content=\"image\/jpeg\" \/>\n<meta name=\"twitter:card\" content=\"summary_large_image\" \/>\n<meta name=\"twitter:label1\" content=\"Price\" \/>\n\t<meta name=\"twitter:data1\" content=\"&euro;21.95\" \/>\n\t<meta name=\"twitter:label2\" content=\"Availability\" \/>\n\t<meta name=\"twitter:data2\" content=\"Out of stock\" \/>\n<script type=\"application\/ld+json\" class=\"yoast-schema-graph\">{\"@context\":\"https:\\\/\\\/schema.org\",\"@graph\":[{\"@type\":\"WebPage\",\"@id\":\"https:\\\/\\\/www.facecorner.lv\\\/shop\\\/dr-jart-ctrl-a-teatreement-soothing-spot-correcteur-apaisant-15ml\\\/\",\"url\":\"https:\\\/\\\/www.facecorner.lv\\\/shop\\\/dr-jart-ctrl-a-teatreement-soothing-spot-correcteur-apaisant-15ml\\\/\",\"name\":\"Dr.Jart+ Ctrl A Teatreement Soothing Spot Correcteur Apaisant 15ml - FACECORNER\",\"isPartOf\":{\"@id\":\"https:\\\/\\\/www.facecorner.lv\\\/#website\"},\"primaryImageOfPage\":{\"@id\":\"https:\\\/\\\/www.facecorner.lv\\\/shop\\\/dr-jart-ctrl-a-teatreement-soothing-spot-correcteur-apaisant-15ml\\\/#primaryimage\"},\"image\":{\"@id\":\"https:\\\/\\\/www.facecorner.lv\\\/shop\\\/dr-jart-ctrl-a-teatreement-soothing-spot-correcteur-apaisant-15ml\\\/#primaryimage\"},\"thumbnailUrl\":\"https:\\\/\\\/www.facecorner.lv\\\/wp-content\\\/uploads\\\/2024\\\/03\\\/1-49.jpeg\",\"datePublished\":\"2024-03-10T18:34:55+00:00\",\"dateModified\":\"2026-02-26T10:16:52+00:00\",\"breadcrumb\":{\"@id\":\"https:\\\/\\\/www.facecorner.lv\\\/shop\\\/dr-jart-ctrl-a-teatreement-soothing-spot-correcteur-apaisant-15ml\\\/#breadcrumb\"},\"inLanguage\":\"lv-LV\",\"potentialAction\":[{\"@type\":\"ReadAction\",\"target\":[\"https:\\\/\\\/www.facecorner.lv\\\/shop\\\/dr-jart-ctrl-a-teatreement-soothing-spot-correcteur-apaisant-15ml\\\/\"]}]},{\"@type\":\"ImageObject\",\"inLanguage\":\"lv-LV\",\"@id\":\"https:\\\/\\\/www.facecorner.lv\\\/shop\\\/dr-jart-ctrl-a-teatreement-soothing-spot-correcteur-apaisant-15ml\\\/#primaryimage\",\"url\":\"https:\\\/\\\/www.facecorner.lv\\\/wp-content\\\/uploads\\\/2024\\\/03\\\/1-49.jpeg\",\"contentUrl\":\"https:\\\/\\\/www.facecorner.lv\\\/wp-content\\\/uploads\\\/2024\\\/03\\\/1-49.jpeg\",\"width\":1024,\"height\":1024},{\"@type\":\"BreadcrumbList\",\"@id\":\"https:\\\/\\\/www.facecorner.lv\\\/shop\\\/dr-jart-ctrl-a-teatreement-soothing-spot-correcteur-apaisant-15ml\\\/#breadcrumb\",\"itemListElement\":[{\"@type\":\"ListItem\",\"position\":1,\"name\":\"Home\",\"item\":\"https:\\\/\\\/www.facecorner.lv\\\/\"},{\"@type\":\"ListItem\",\"position\":2,\"name\":\"Veikals\",\"item\":\"https:\\\/\\\/www.facecorner.lv\\\/shop\\\/\"},{\"@type\":\"ListItem\",\"position\":3,\"name\":\"Dr.Jart+ Ctrl A Teatreement Soothing Spot Correcteur Apaisant 15ml\"}]},{\"@type\":\"WebSite\",\"@id\":\"https:\\\/\\\/www.facecorner.lv\\\/#website\",\"url\":\"https:\\\/\\\/www.facecorner.lv\\\/\",\"name\":\"Facecorner\",\"description\":\"\",\"publisher\":{\"@id\":\"https:\\\/\\\/www.facecorner.lv\\\/#organization\"},\"potentialAction\":[{\"@type\":\"SearchAction\",\"target\":{\"@type\":\"EntryPoint\",\"urlTemplate\":\"https:\\\/\\\/www.facecorner.lv\\\/?s={search_term_string}\"},\"query-input\":{\"@type\":\"PropertyValueSpecification\",\"valueRequired\":true,\"valueName\":\"search_term_string\"}}],\"inLanguage\":\"lv-LV\"},{\"@type\":\"Organization\",\"@id\":\"https:\\\/\\\/www.facecorner.lv\\\/#organization\",\"name\":\"Facecorner\",\"url\":\"https:\\\/\\\/www.facecorner.lv\\\/\",\"logo\":{\"@type\":\"ImageObject\",\"inLanguage\":\"lv-LV\",\"@id\":\"https:\\\/\\\/www.facecorner.lv\\\/#\\\/schema\\\/logo\\\/image\\\/\",\"url\":\"https:\\\/\\\/www.facecorner.lv\\\/wp-content\\\/uploads\\\/2024\\\/04\\\/fc-logo.jpg\",\"contentUrl\":\"https:\\\/\\\/www.facecorner.lv\\\/wp-content\\\/uploads\\\/2024\\\/04\\\/fc-logo.jpg\",\"width\":174,\"height\":28,\"caption\":\"Facecorner\"},\"image\":{\"@id\":\"https:\\\/\\\/www.facecorner.lv\\\/#\\\/schema\\\/logo\\\/image\\\/\"},\"sameAs\":[\"https:\\\/\\\/www.facebook.com\\\/profile.php?id=100063824551839\",\"https:\\\/\\\/www.instagram.com\\\/facecorner_shop\\\/\"]}]}<\/script>\n<meta property=\"product:price:amount\" content=\"21.95\" \/>\n<meta property=\"product:price:currency\" content=\"EUR\" \/>\n<meta property=\"og:availability\" content=\"out of stock\" \/>\n<meta property=\"product:availability\" content=\"out of stock\" \/>\n<meta property=\"product:condition\" content=\"new\" \/>\n<!-- \/ Yoast SEO plugin. -->","yoast_head_json":{"title":"Dr.Jart+ Ctrl A Teatreement Soothing Spot Correcteur Apaisant 15ml - FACECORNER","robots":{"index":"index","follow":"follow","max-snippet":"max-snippet:-1","max-image-preview":"max-image-preview:large","max-video-preview":"max-video-preview:-1"},"canonical":"https:\/\/www.facecorner.lv\/lv\/shop\/dr-jart-ctrl-a-teatreement-soothing-spot-correcteur-apaisant-15ml\/","og_locale":"lv_LV","og_type":"article","og_title":"Dr.Jart+ Ctrl A Teatreement Soothing Spot Correcteur Apaisant 15ml - FACECORNER","og_description":"Dr.Jart+ Ctrl A Teatreement Nomierino\u0161s kori\u0123\u0113jo\u0161s l\u012bdzeklis pret pinn\u0113m Apaisant \u0101tri nomierina un iz\u017e\u0101v\u0113 iekaisumu, pa\u0101trina pinnes dz\u012b\u0161anu, samazina sebuma veido\u0161anos. SOS-medikaments uzlabo problem\u0101tiskas \u0101das ar pinn\u0113m st\u0101vokli, samazina aps\u0101rtumu un pinnes p\u0113das. Pal\u012bdz nov\u0113rst iekaisumu s\u0101kuma stadij\u0101, mazina s\u0101pes. Daudz mitrino\u0161o komponentu nov\u0113r\u0161 sausumu un kairin\u0101jumu viet\u0101s, kur tiek uzkl\u0101ts l\u012bdzeklis. Divf\u0101zu l\u012bdzek\u013ca sast\u0101v\u0101 [&hellip;]","og_url":"https:\/\/www.facecorner.lv\/lv\/shop\/dr-jart-ctrl-a-teatreement-soothing-spot-correcteur-apaisant-15ml\/","og_site_name":"FACECORNER","article_publisher":"https:\/\/www.facebook.com\/profile.php?id=100063824551839","article_modified_time":"2026-02-26T10:16:52+00:00","og_image":[{"width":1024,"height":1024,"url":"https:\/\/www.facecorner.lv\/wp-content\/uploads\/2024\/03\/1-49.jpeg","type":"image\/jpeg"}],"twitter_card":"summary_large_image","twitter_misc":{"Price":"&euro;21.95","Availability":"Out of stock"},"schema":{"@context":"https:\/\/schema.org","@graph":[{"@type":"WebPage","@id":"https:\/\/www.facecorner.lv\/shop\/dr-jart-ctrl-a-teatreement-soothing-spot-correcteur-apaisant-15ml\/","url":"https:\/\/www.facecorner.lv\/shop\/dr-jart-ctrl-a-teatreement-soothing-spot-correcteur-apaisant-15ml\/","name":"Dr.Jart+ Ctrl A Teatreement Soothing Spot Correcteur Apaisant 15ml - FACECORNER","isPartOf":{"@id":"https:\/\/www.facecorner.lv\/#website"},"primaryImageOfPage":{"@id":"https:\/\/www.facecorner.lv\/shop\/dr-jart-ctrl-a-teatreement-soothing-spot-correcteur-apaisant-15ml\/#primaryimage"},"image":{"@id":"https:\/\/www.facecorner.lv\/shop\/dr-jart-ctrl-a-teatreement-soothing-spot-correcteur-apaisant-15ml\/#primaryimage"},"thumbnailUrl":"https:\/\/www.facecorner.lv\/wp-content\/uploads\/2024\/03\/1-49.jpeg","datePublished":"2024-03-10T18:34:55+00:00","dateModified":"2026-02-26T10:16:52+00:00","breadcrumb":{"@id":"https:\/\/www.facecorner.lv\/shop\/dr-jart-ctrl-a-teatreement-soothing-spot-correcteur-apaisant-15ml\/#breadcrumb"},"inLanguage":"lv-LV","potentialAction":[{"@type":"ReadAction","target":["https:\/\/www.facecorner.lv\/shop\/dr-jart-ctrl-a-teatreement-soothing-spot-correcteur-apaisant-15ml\/"]}]},{"@type":"ImageObject","inLanguage":"lv-LV","@id":"https:\/\/www.facecorner.lv\/shop\/dr-jart-ctrl-a-teatreement-soothing-spot-correcteur-apaisant-15ml\/#primaryimage","url":"https:\/\/www.facecorner.lv\/wp-content\/uploads\/2024\/03\/1-49.jpeg","contentUrl":"https:\/\/www.facecorner.lv\/wp-content\/uploads\/2024\/03\/1-49.jpeg","width":1024,"height":1024},{"@type":"BreadcrumbList","@id":"https:\/\/www.facecorner.lv\/shop\/dr-jart-ctrl-a-teatreement-soothing-spot-correcteur-apaisant-15ml\/#breadcrumb","itemListElement":[{"@type":"ListItem","position":1,"name":"Home","item":"https:\/\/www.facecorner.lv\/"},{"@type":"ListItem","position":2,"name":"Veikals","item":"https:\/\/www.facecorner.lv\/shop\/"},{"@type":"ListItem","position":3,"name":"Dr.Jart+ Ctrl A Teatreement Soothing Spot Correcteur Apaisant 15ml"}]},{"@type":"WebSite","@id":"https:\/\/www.facecorner.lv\/#website","url":"https:\/\/www.facecorner.lv\/","name":"Facecorner","description":"","publisher":{"@id":"https:\/\/www.facecorner.lv\/#organization"},"potentialAction":[{"@type":"SearchAction","target":{"@type":"EntryPoint","urlTemplate":"https:\/\/www.facecorner.lv\/?s={search_term_string}"},"query-input":{"@type":"PropertyValueSpecification","valueRequired":true,"valueName":"search_term_string"}}],"inLanguage":"lv-LV"},{"@type":"Organization","@id":"https:\/\/www.facecorner.lv\/#organization","name":"Facecorner","url":"https:\/\/www.facecorner.lv\/","logo":{"@type":"ImageObject","inLanguage":"lv-LV","@id":"https:\/\/www.facecorner.lv\/#\/schema\/logo\/image\/","url":"https:\/\/www.facecorner.lv\/wp-content\/uploads\/2024\/04\/fc-logo.jpg","contentUrl":"https:\/\/www.facecorner.lv\/wp-content\/uploads\/2024\/04\/fc-logo.jpg","width":174,"height":28,"caption":"Facecorner"},"image":{"@id":"https:\/\/www.facecorner.lv\/#\/schema\/logo\/image\/"},"sameAs":["https:\/\/www.facebook.com\/profile.php?id=100063824551839","https:\/\/www.instagram.com\/facecorner_shop\/"]}]},"product_price_amount":"21.95","product_price_currency":"EUR","og_availability":"out of stock","product_availability":"out of stock","product_condition":"new"},"_links":{"self":[{"href":"https:\/\/www.facecorner.lv\/lv\/wp-json\/wp\/v2\/product\/14606","targetHints":{"allow":["GET"]}}],"collection":[{"href":"https:\/\/www.facecorner.lv\/lv\/wp-json\/wp\/v2\/product"}],"about":[{"href":"https:\/\/www.facecorner.lv\/lv\/wp-json\/wp\/v2\/types\/product"}],"replies":[{"embeddable":true,"href":"https:\/\/www.facecorner.lv\/lv\/wp-json\/wp\/v2\/comments?post=14606"}],"wp:featuredmedia":[{"embeddable":true,"href":"https:\/\/www.facecorner.lv\/lv\/wp-json\/wp\/v2\/media\/14607"}],"wp:attachment":[{"href":"https:\/\/www.facecorner.lv\/lv\/wp-json\/wp\/v2\/media?parent=14606"}],"wp:term":[{"taxonomy":"product_brand","embeddable":true,"href":"https:\/\/www.facecorner.lv\/lv\/wp-json\/wp\/v2\/product_brand?post=14606"},{"taxonomy":"product_cat","embeddable":true,"href":"https:\/\/www.facecorner.lv\/lv\/wp-json\/wp\/v2\/product_cat?post=14606"},{"taxonomy":"product_tag","embeddable":true,"href":"https:\/\/www.facecorner.lv\/lv\/wp-json\/wp\/v2\/product_tag?post=14606"},{"taxonomy":"berocket_brand","embeddable":true,"href":"https:\/\/www.facecorner.lv\/lv\/wp-json\/wp\/v2\/berocket_brand?post=14606"}],"curies":[{"name":"wp","href":"https:\/\/api.w.org\/{rel}","templated":true}]}}