{"id":14585,"date":"2024-03-09T20:56:28","date_gmt":"2024-03-09T18:56:28","guid":{"rendered":"https:\/\/www.facecorner.lv\/?post_type=product&#038;p=14585"},"modified":"2024-06-08T07:56:05","modified_gmt":"2024-06-08T05:56:05","slug":"dr-jart-every-sun-day-tone-up-sun-fluid-spf50-pa-30ml","status":"publish","type":"product","link":"https:\/\/www.facecorner.lv\/lv\/shop\/dr-jart-every-sun-day-tone-up-sun-fluid-spf50-pa-30ml\/","title":{"rendered":"Dr.Jart+ Every Sun Day Tone-Up Sun Fluid SPF50+ PA+++ 30ml"},"content":{"rendered":"<p>Dr.Jart+ Every Sun Day Tone-Up Sun Fluid SPF50+ PA+++ ir ar vieglu balino\u0161u efektu, izl\u012bdzina \u0101das toni un pie\u0161\u0137ir \u0101dai skaistu mirdzumu. Tas nodro\u0161ina uzticamu aizsardz\u012bbu pret saules stariem, nov\u0113r\u0161 \u0101das sasprindzin\u0101jumu un dehidrat\u0101ciju.<\/p>\n<p>Sau\u013co\u0161an\u0101s flu\u012bds nov\u0113r\u0161 bl\u0101vumu, aps\u0101rtumu un noguruma paz\u012bmes, atgrie\u017e sejai vesel\u012bgu, atp\u016btu\u0161os izskatu. Uztur optim\u0101lu mitrin\u0101\u0161anas l\u012bmeni, padara \u0101du tvirt\u0101ku un elast\u012bg\u0101ku, m\u012bkstina sausas zonas. Stiprina aizsargbarjeru, neitraliz\u0113 UV staru un br\u012bvo radik\u0101\u013cu agres\u012bvo iedarb\u012bbu, pal\u0113nina noveco\u0161an\u0101s procesus.<\/p>\n<p>Sau\u013co\u0161an\u0101s fluidam ir maiga tekst\u016bra, \u0101tri ies\u016bcas, neatst\u0101jot lip\u012bgumu.<\/p>\n<p><strong>Galven\u0101s akt\u012bv\u0101s sast\u0101vda\u013cas:<\/strong><\/p>\n<ul>\n<li>Niacinam\u012bds palielina keram\u012bdu sint\u0113zi, nov\u0113r\u0161 sausumu, sasprindzin\u0101jumu un lob\u012b\u0161anos. Pal\u0113nina melan\u012bna pieg\u0101di epidermai, nov\u0113r\u0161 vecuma plankumu veido\u0161anos. Samazina \u0101das jut\u012bbu pret \u0101r\u0113jiem kairin\u0101t\u0101jiem, veicina kolag\u0113na veido\u0161anos un palielina \u0101das bl\u012bvumu. Samazina transepiderm\u0101lo mitruma zudumu un uztur \u0101das aizsargbarjeru.<\/li>\n<li>Cianchum ekstrakts c\u012bn\u0101s pret \u0101das kairin\u0101jumu un da\u017e\u0101diem izsitumiem, tam piem\u012bt toniz\u0113jo\u0161a, pretnovasaro\u0161an\u0101s iedarb\u012bba. Tam piem\u012bt antioksidanta \u012bpa\u0161\u012bbas, tas pa\u0101trina \u0101das dz\u012b\u0161anu un re\u0123ener\u0101ciju.<\/li>\n<\/ul>\n<p><strong style=\"color: var(--g5-color-text-main); font-family: var(--g5-body-font); font-size: var(--g5-body-font-size); font-style: var(--g5-body-font-style); letter-spacing: var(--g5-body-letter-spacing); text-transform: var(--g5-body-text-transform);\">Lieto\u0161ana:<\/strong><span style=\"color: var(--g5-color-text-main); font-family: var(--g5-body-font); font-size: var(--g5-body-font-size); font-style: var(--g5-body-font-style); letter-spacing: var(--g5-body-letter-spacing); text-transform: var(--g5-body-text-transform);\"> vienm\u0113r\u012bgi uzkl\u0101jiet nepiecie\u0161amo produkta daudzumu pirms do\u0161an\u0101s \u0101r\u0101.<\/span><\/p>\n<p><strong>S\u0101stavs:\u00a0<\/strong>Water, Dibutil Adipate, Butylene Glycol, Butyloctyl Salicylate, Diethylamino Hydroxybenzoyl Hexy Benzoate, Bis-Ethylhexyloxyphenol Methoxyphenyl Triazine, Capryyl Methicone, Polysilicone-15, Titanium Dioxide (CI 77891), Methylene Bis-Benzotriazolyl Tetramethylbutylphenol, Ethylhexyl Triazone, Niacinamide, Phenethyl Benzoate, Butylene Glycol Dicaprylate \/ Dicaprate, Diethylhexyl Butamido Triazone, Isononyl Isononanoate, Cynanchum Atratum Extract, 1,2-Hexanediol, Pentylene Glycol, Potassium Cetyl Phosphate, Polyglyceryl-6 Stearate, Sodium Acrylates Crosspolymer-2, C20-22 Alkyl Phosphate, Slica, C12-15 Alkyl Benzoate, Decyl Glucoside, Hydroxyacetophenone, Aluminum Hydroxide Stearic Acid, Tromethamine, Glycerin, C12-20 Alkyl Glucoside, Polyhydroxystearic Acid, Acrylates \/ C10-30 Alkyl Acrylate Crosspolymer, Acrylates Copolymer, Polyglyceryl-6 Behenate Polyghyceryl-2 Dipolyhydroxystearate, Neopentyl Glycol Diethylhexanoate, Sodium Phytate, Isostearic Acid, Alcohol Denat. C14-22 Alcohols, C20-22 Alcohols, Xanthan Gum, Iron Oxides (CI 77491), Zinc Oxide (CI 77947)<\/p>\n","protected":false},"excerpt":{"rendered":"<p>Dr.Jart+ Every Sun Day Tone-Up Sun Fluid SPF50+ PA+++ ir ar vieglu balino\u0161u efektu, izl\u012bdzina \u0101das toni un pie\u0161\u0137ir \u0101dai skaistu mirdzumu. Tas nodro\u0161ina uzticamu aizsardz\u012bbu pret saules stariem, nov\u0113r\u0161 \u0101das sasprindzin\u0101jumu un dehidrat\u0101ciju. Sau\u013co\u0161an\u0101s flu\u012bds nov\u0113r\u0161 bl\u0101vumu, aps\u0101rtumu un noguruma paz\u012bmes, atgrie\u017e sejai vesel\u012bgu, atp\u016btu\u0161os izskatu. Uztur optim\u0101lu mitrin\u0101\u0161anas l\u012bmeni, padara \u0101du tvirt\u0101ku un [&hellip;]<\/p>\n","protected":false},"featured_media":14586,"comment_status":"open","ping_status":"closed","template":"","meta":{"site-sidebar-layout":"default","site-content-layout":"","ast-site-content-layout":"","site-content-style":"default","site-sidebar-style":"default","ast-global-header-display":"","ast-banner-title-visibility":"","ast-main-header-display":"","ast-hfb-above-header-display":"","ast-hfb-below-header-display":"","ast-hfb-mobile-header-display":"","site-post-title":"","ast-breadcrumbs-content":"","ast-featured-img":"","footer-sml-layout":"","theme-transparent-header-meta":"","adv-header-id-meta":"","stick-header-meta":"","header-above-stick-meta":"","header-main-stick-meta":"","header-below-stick-meta":"","astra-migrate-meta-layouts":"default","ast-page-background-enabled":"default","ast-page-background-meta":{"desktop":{"background-color":"var(--ast-global-color-4)","background-image":"","background-repeat":"repeat","background-position":"center center","background-size":"auto","background-attachment":"scroll","background-type":"","background-media":"","overlay-type":"","overlay-color":"","overlay-opacity":"","overlay-gradient":""},"tablet":{"background-color":"","background-image":"","background-repeat":"repeat","background-position":"center center","background-size":"auto","background-attachment":"scroll","background-type":"","background-media":"","overlay-type":"","overlay-color":"","overlay-opacity":"","overlay-gradient":""},"mobile":{"background-color":"","background-image":"","background-repeat":"repeat","background-position":"center center","background-size":"auto","background-attachment":"scroll","background-type":"","background-media":"","overlay-type":"","overlay-color":"","overlay-opacity":"","overlay-gradient":""}},"ast-content-background-meta":{"desktop":{"background-color":"var(--ast-global-color-5)","background-image":"","background-repeat":"repeat","background-position":"center center","background-size":"auto","background-attachment":"scroll","background-type":"","background-media":"","overlay-type":"","overlay-color":"","overlay-opacity":"","overlay-gradient":""},"tablet":{"background-color":"var(--ast-global-color-5)","background-image":"","background-repeat":"repeat","background-position":"center center","background-size":"auto","background-attachment":"scroll","background-type":"","background-media":"","overlay-type":"","overlay-color":"","overlay-opacity":"","overlay-gradient":""},"mobile":{"background-color":"var(--ast-global-color-5)","background-image":"","background-repeat":"repeat","background-position":"center center","background-size":"auto","background-attachment":"scroll","background-type":"","background-media":"","overlay-type":"","overlay-color":"","overlay-opacity":"","overlay-gradient":""}}},"product_brand":[],"product_cat":[512],"product_tag":[],"berocket_brand":[],"class_list":{"0":"post-14585","1":"product","2":"type-product","3":"status-publish","4":"has-post-thumbnail","6":"product_cat-spf","7":"desktop-align-left","8":"tablet-align-left","9":"mobile-align-left","11":"first","12":"outofstock","13":"taxable","14":"shipping-taxable","15":"purchasable","16":"product-type-simple","17":"add-to-wishlist-before_image"},"yoast_head":"<!-- This site is optimized with the Yoast SEO plugin v27.4 - https:\/\/yoast.com\/product\/yoast-seo-wordpress\/ -->\n<title>Dr.Jart+ Every Sun Day Tone-Up Sun Fluid SPF50+ PA+++ 30ml - FACECORNER<\/title>\n<meta name=\"robots\" content=\"index, follow, max-snippet:-1, max-image-preview:large, max-video-preview:-1\" \/>\n<link rel=\"canonical\" href=\"https:\/\/www.facecorner.lv\/lv\/shop\/dr-jart-every-sun-day-tone-up-sun-fluid-spf50-pa-30ml\/\" \/>\n<meta property=\"og:locale\" content=\"lv_LV\" \/>\n<meta property=\"og:type\" content=\"article\" \/>\n<meta property=\"og:title\" content=\"Dr.Jart+ Every Sun Day Tone-Up Sun Fluid SPF50+ PA+++ 30ml - FACECORNER\" \/>\n<meta property=\"og:description\" content=\"Dr.Jart+ Every Sun Day Tone-Up Sun Fluid SPF50+ PA+++ ir ar vieglu balino\u0161u efektu, izl\u012bdzina \u0101das toni un pie\u0161\u0137ir \u0101dai skaistu mirdzumu. Tas nodro\u0161ina uzticamu aizsardz\u012bbu pret saules stariem, nov\u0113r\u0161 \u0101das sasprindzin\u0101jumu un dehidrat\u0101ciju. Sau\u013co\u0161an\u0101s flu\u012bds nov\u0113r\u0161 bl\u0101vumu, aps\u0101rtumu un noguruma paz\u012bmes, atgrie\u017e sejai vesel\u012bgu, atp\u016btu\u0161os izskatu. Uztur optim\u0101lu mitrin\u0101\u0161anas l\u012bmeni, padara \u0101du tvirt\u0101ku un [&hellip;]\" \/>\n<meta property=\"og:url\" content=\"https:\/\/www.facecorner.lv\/lv\/shop\/dr-jart-every-sun-day-tone-up-sun-fluid-spf50-pa-30ml\/\" \/>\n<meta property=\"og:site_name\" content=\"FACECORNER\" \/>\n<meta property=\"article:publisher\" content=\"https:\/\/www.facebook.com\/profile.php?id=100063824551839\" \/>\n<meta property=\"article:modified_time\" content=\"2024-06-08T05:56:05+00:00\" \/>\n<meta property=\"og:image\" content=\"https:\/\/www.facecorner.lv\/wp-content\/uploads\/2024\/03\/DrjartEverySunDayTone-upSunFluidSPF50.jpg\" \/>\n\t<meta property=\"og:image:width\" content=\"860\" \/>\n\t<meta property=\"og:image:height\" content=\"860\" \/>\n\t<meta property=\"og:image:type\" content=\"image\/jpeg\" \/>\n<meta name=\"twitter:card\" content=\"summary_large_image\" \/>\n<meta name=\"twitter:label1\" content=\"Price\" \/>\n\t<meta name=\"twitter:data1\" content=\"&euro;22.95\" \/>\n\t<meta name=\"twitter:label2\" content=\"Availability\" \/>\n\t<meta name=\"twitter:data2\" content=\"Out of stock\" \/>\n<script type=\"application\/ld+json\" class=\"yoast-schema-graph\">{\"@context\":\"https:\\\/\\\/schema.org\",\"@graph\":[{\"@type\":\"WebPage\",\"@id\":\"https:\\\/\\\/www.facecorner.lv\\\/shop\\\/dr-jart-every-sun-day-tone-up-sun-fluid-spf50-pa-30ml\\\/\",\"url\":\"https:\\\/\\\/www.facecorner.lv\\\/shop\\\/dr-jart-every-sun-day-tone-up-sun-fluid-spf50-pa-30ml\\\/\",\"name\":\"Dr.Jart+ Every Sun Day Tone-Up Sun Fluid SPF50+ PA+++ 30ml - FACECORNER\",\"isPartOf\":{\"@id\":\"https:\\\/\\\/www.facecorner.lv\\\/#website\"},\"primaryImageOfPage\":{\"@id\":\"https:\\\/\\\/www.facecorner.lv\\\/shop\\\/dr-jart-every-sun-day-tone-up-sun-fluid-spf50-pa-30ml\\\/#primaryimage\"},\"image\":{\"@id\":\"https:\\\/\\\/www.facecorner.lv\\\/shop\\\/dr-jart-every-sun-day-tone-up-sun-fluid-spf50-pa-30ml\\\/#primaryimage\"},\"thumbnailUrl\":\"https:\\\/\\\/www.facecorner.lv\\\/wp-content\\\/uploads\\\/2024\\\/03\\\/DrjartEverySunDayTone-upSunFluidSPF50.jpg\",\"datePublished\":\"2024-03-09T18:56:28+00:00\",\"dateModified\":\"2024-06-08T05:56:05+00:00\",\"breadcrumb\":{\"@id\":\"https:\\\/\\\/www.facecorner.lv\\\/shop\\\/dr-jart-every-sun-day-tone-up-sun-fluid-spf50-pa-30ml\\\/#breadcrumb\"},\"inLanguage\":\"lv-LV\",\"potentialAction\":[{\"@type\":\"ReadAction\",\"target\":[\"https:\\\/\\\/www.facecorner.lv\\\/shop\\\/dr-jart-every-sun-day-tone-up-sun-fluid-spf50-pa-30ml\\\/\"]}]},{\"@type\":\"ImageObject\",\"inLanguage\":\"lv-LV\",\"@id\":\"https:\\\/\\\/www.facecorner.lv\\\/shop\\\/dr-jart-every-sun-day-tone-up-sun-fluid-spf50-pa-30ml\\\/#primaryimage\",\"url\":\"https:\\\/\\\/www.facecorner.lv\\\/wp-content\\\/uploads\\\/2024\\\/03\\\/DrjartEverySunDayTone-upSunFluidSPF50.jpg\",\"contentUrl\":\"https:\\\/\\\/www.facecorner.lv\\\/wp-content\\\/uploads\\\/2024\\\/03\\\/DrjartEverySunDayTone-upSunFluidSPF50.jpg\",\"width\":860,\"height\":860},{\"@type\":\"BreadcrumbList\",\"@id\":\"https:\\\/\\\/www.facecorner.lv\\\/shop\\\/dr-jart-every-sun-day-tone-up-sun-fluid-spf50-pa-30ml\\\/#breadcrumb\",\"itemListElement\":[{\"@type\":\"ListItem\",\"position\":1,\"name\":\"Home\",\"item\":\"https:\\\/\\\/www.facecorner.lv\\\/\"},{\"@type\":\"ListItem\",\"position\":2,\"name\":\"Veikals\",\"item\":\"https:\\\/\\\/www.facecorner.lv\\\/shop\\\/\"},{\"@type\":\"ListItem\",\"position\":3,\"name\":\"Dr.Jart+ Every Sun Day Tone-Up Sun Fluid SPF50+ PA+++ 30ml\"}]},{\"@type\":\"WebSite\",\"@id\":\"https:\\\/\\\/www.facecorner.lv\\\/#website\",\"url\":\"https:\\\/\\\/www.facecorner.lv\\\/\",\"name\":\"Facecorner\",\"description\":\"\",\"publisher\":{\"@id\":\"https:\\\/\\\/www.facecorner.lv\\\/#organization\"},\"potentialAction\":[{\"@type\":\"SearchAction\",\"target\":{\"@type\":\"EntryPoint\",\"urlTemplate\":\"https:\\\/\\\/www.facecorner.lv\\\/?s={search_term_string}\"},\"query-input\":{\"@type\":\"PropertyValueSpecification\",\"valueRequired\":true,\"valueName\":\"search_term_string\"}}],\"inLanguage\":\"lv-LV\"},{\"@type\":\"Organization\",\"@id\":\"https:\\\/\\\/www.facecorner.lv\\\/#organization\",\"name\":\"Facecorner\",\"url\":\"https:\\\/\\\/www.facecorner.lv\\\/\",\"logo\":{\"@type\":\"ImageObject\",\"inLanguage\":\"lv-LV\",\"@id\":\"https:\\\/\\\/www.facecorner.lv\\\/#\\\/schema\\\/logo\\\/image\\\/\",\"url\":\"https:\\\/\\\/www.facecorner.lv\\\/wp-content\\\/uploads\\\/2024\\\/04\\\/fc-logo.jpg\",\"contentUrl\":\"https:\\\/\\\/www.facecorner.lv\\\/wp-content\\\/uploads\\\/2024\\\/04\\\/fc-logo.jpg\",\"width\":174,\"height\":28,\"caption\":\"Facecorner\"},\"image\":{\"@id\":\"https:\\\/\\\/www.facecorner.lv\\\/#\\\/schema\\\/logo\\\/image\\\/\"},\"sameAs\":[\"https:\\\/\\\/www.facebook.com\\\/profile.php?id=100063824551839\",\"https:\\\/\\\/www.instagram.com\\\/facecorner_shop\\\/\"]}]}<\/script>\n<meta property=\"product:price:amount\" content=\"22.95\" \/>\n<meta property=\"product:price:currency\" content=\"EUR\" \/>\n<meta property=\"og:availability\" content=\"out of stock\" \/>\n<meta property=\"product:availability\" content=\"out of stock\" \/>\n<meta property=\"product:condition\" content=\"new\" \/>\n<!-- \/ Yoast SEO plugin. -->","yoast_head_json":{"title":"Dr.Jart+ Every Sun Day Tone-Up Sun Fluid SPF50+ PA+++ 30ml - FACECORNER","robots":{"index":"index","follow":"follow","max-snippet":"max-snippet:-1","max-image-preview":"max-image-preview:large","max-video-preview":"max-video-preview:-1"},"canonical":"https:\/\/www.facecorner.lv\/lv\/shop\/dr-jart-every-sun-day-tone-up-sun-fluid-spf50-pa-30ml\/","og_locale":"lv_LV","og_type":"article","og_title":"Dr.Jart+ Every Sun Day Tone-Up Sun Fluid SPF50+ PA+++ 30ml - FACECORNER","og_description":"Dr.Jart+ Every Sun Day Tone-Up Sun Fluid SPF50+ PA+++ ir ar vieglu balino\u0161u efektu, izl\u012bdzina \u0101das toni un pie\u0161\u0137ir \u0101dai skaistu mirdzumu. Tas nodro\u0161ina uzticamu aizsardz\u012bbu pret saules stariem, nov\u0113r\u0161 \u0101das sasprindzin\u0101jumu un dehidrat\u0101ciju. Sau\u013co\u0161an\u0101s flu\u012bds nov\u0113r\u0161 bl\u0101vumu, aps\u0101rtumu un noguruma paz\u012bmes, atgrie\u017e sejai vesel\u012bgu, atp\u016btu\u0161os izskatu. Uztur optim\u0101lu mitrin\u0101\u0161anas l\u012bmeni, padara \u0101du tvirt\u0101ku un [&hellip;]","og_url":"https:\/\/www.facecorner.lv\/lv\/shop\/dr-jart-every-sun-day-tone-up-sun-fluid-spf50-pa-30ml\/","og_site_name":"FACECORNER","article_publisher":"https:\/\/www.facebook.com\/profile.php?id=100063824551839","article_modified_time":"2024-06-08T05:56:05+00:00","og_image":[{"width":860,"height":860,"url":"https:\/\/www.facecorner.lv\/wp-content\/uploads\/2024\/03\/DrjartEverySunDayTone-upSunFluidSPF50.jpg","type":"image\/jpeg"}],"twitter_card":"summary_large_image","twitter_misc":{"Price":"&euro;22.95","Availability":"Out of stock"},"schema":{"@context":"https:\/\/schema.org","@graph":[{"@type":"WebPage","@id":"https:\/\/www.facecorner.lv\/shop\/dr-jart-every-sun-day-tone-up-sun-fluid-spf50-pa-30ml\/","url":"https:\/\/www.facecorner.lv\/shop\/dr-jart-every-sun-day-tone-up-sun-fluid-spf50-pa-30ml\/","name":"Dr.Jart+ Every Sun Day Tone-Up Sun Fluid SPF50+ PA+++ 30ml - FACECORNER","isPartOf":{"@id":"https:\/\/www.facecorner.lv\/#website"},"primaryImageOfPage":{"@id":"https:\/\/www.facecorner.lv\/shop\/dr-jart-every-sun-day-tone-up-sun-fluid-spf50-pa-30ml\/#primaryimage"},"image":{"@id":"https:\/\/www.facecorner.lv\/shop\/dr-jart-every-sun-day-tone-up-sun-fluid-spf50-pa-30ml\/#primaryimage"},"thumbnailUrl":"https:\/\/www.facecorner.lv\/wp-content\/uploads\/2024\/03\/DrjartEverySunDayTone-upSunFluidSPF50.jpg","datePublished":"2024-03-09T18:56:28+00:00","dateModified":"2024-06-08T05:56:05+00:00","breadcrumb":{"@id":"https:\/\/www.facecorner.lv\/shop\/dr-jart-every-sun-day-tone-up-sun-fluid-spf50-pa-30ml\/#breadcrumb"},"inLanguage":"lv-LV","potentialAction":[{"@type":"ReadAction","target":["https:\/\/www.facecorner.lv\/shop\/dr-jart-every-sun-day-tone-up-sun-fluid-spf50-pa-30ml\/"]}]},{"@type":"ImageObject","inLanguage":"lv-LV","@id":"https:\/\/www.facecorner.lv\/shop\/dr-jart-every-sun-day-tone-up-sun-fluid-spf50-pa-30ml\/#primaryimage","url":"https:\/\/www.facecorner.lv\/wp-content\/uploads\/2024\/03\/DrjartEverySunDayTone-upSunFluidSPF50.jpg","contentUrl":"https:\/\/www.facecorner.lv\/wp-content\/uploads\/2024\/03\/DrjartEverySunDayTone-upSunFluidSPF50.jpg","width":860,"height":860},{"@type":"BreadcrumbList","@id":"https:\/\/www.facecorner.lv\/shop\/dr-jart-every-sun-day-tone-up-sun-fluid-spf50-pa-30ml\/#breadcrumb","itemListElement":[{"@type":"ListItem","position":1,"name":"Home","item":"https:\/\/www.facecorner.lv\/"},{"@type":"ListItem","position":2,"name":"Veikals","item":"https:\/\/www.facecorner.lv\/shop\/"},{"@type":"ListItem","position":3,"name":"Dr.Jart+ Every Sun Day Tone-Up Sun Fluid SPF50+ PA+++ 30ml"}]},{"@type":"WebSite","@id":"https:\/\/www.facecorner.lv\/#website","url":"https:\/\/www.facecorner.lv\/","name":"Facecorner","description":"","publisher":{"@id":"https:\/\/www.facecorner.lv\/#organization"},"potentialAction":[{"@type":"SearchAction","target":{"@type":"EntryPoint","urlTemplate":"https:\/\/www.facecorner.lv\/?s={search_term_string}"},"query-input":{"@type":"PropertyValueSpecification","valueRequired":true,"valueName":"search_term_string"}}],"inLanguage":"lv-LV"},{"@type":"Organization","@id":"https:\/\/www.facecorner.lv\/#organization","name":"Facecorner","url":"https:\/\/www.facecorner.lv\/","logo":{"@type":"ImageObject","inLanguage":"lv-LV","@id":"https:\/\/www.facecorner.lv\/#\/schema\/logo\/image\/","url":"https:\/\/www.facecorner.lv\/wp-content\/uploads\/2024\/04\/fc-logo.jpg","contentUrl":"https:\/\/www.facecorner.lv\/wp-content\/uploads\/2024\/04\/fc-logo.jpg","width":174,"height":28,"caption":"Facecorner"},"image":{"@id":"https:\/\/www.facecorner.lv\/#\/schema\/logo\/image\/"},"sameAs":["https:\/\/www.facebook.com\/profile.php?id=100063824551839","https:\/\/www.instagram.com\/facecorner_shop\/"]}]},"product_price_amount":"22.95","product_price_currency":"EUR","og_availability":"out of stock","product_availability":"out of stock","product_condition":"new"},"_links":{"self":[{"href":"https:\/\/www.facecorner.lv\/lv\/wp-json\/wp\/v2\/product\/14585","targetHints":{"allow":["GET"]}}],"collection":[{"href":"https:\/\/www.facecorner.lv\/lv\/wp-json\/wp\/v2\/product"}],"about":[{"href":"https:\/\/www.facecorner.lv\/lv\/wp-json\/wp\/v2\/types\/product"}],"replies":[{"embeddable":true,"href":"https:\/\/www.facecorner.lv\/lv\/wp-json\/wp\/v2\/comments?post=14585"}],"wp:featuredmedia":[{"embeddable":true,"href":"https:\/\/www.facecorner.lv\/lv\/wp-json\/wp\/v2\/media\/14586"}],"wp:attachment":[{"href":"https:\/\/www.facecorner.lv\/lv\/wp-json\/wp\/v2\/media?parent=14585"}],"wp:term":[{"taxonomy":"product_brand","embeddable":true,"href":"https:\/\/www.facecorner.lv\/lv\/wp-json\/wp\/v2\/product_brand?post=14585"},{"taxonomy":"product_cat","embeddable":true,"href":"https:\/\/www.facecorner.lv\/lv\/wp-json\/wp\/v2\/product_cat?post=14585"},{"taxonomy":"product_tag","embeddable":true,"href":"https:\/\/www.facecorner.lv\/lv\/wp-json\/wp\/v2\/product_tag?post=14585"},{"taxonomy":"berocket_brand","embeddable":true,"href":"https:\/\/www.facecorner.lv\/lv\/wp-json\/wp\/v2\/berocket_brand?post=14585"}],"curies":[{"name":"wp","href":"https:\/\/api.w.org\/{rel}","templated":true}]}}