{"id":14562,"date":"2024-03-08T14:55:20","date_gmt":"2024-03-08T12:55:20","guid":{"rendered":"https:\/\/www.facecorner.lv\/?post_type=product&#038;p=14562"},"modified":"2024-11-14T12:22:07","modified_gmt":"2024-11-14T09:22:07","slug":"mizon-phyto-plump-collagen-night-cream-50ml","status":"publish","type":"product","link":"https:\/\/www.facecorner.lv\/lv\/shop\/mizon-phyto-plump-collagen-night-cream-50ml\/","title":{"rendered":"Mizon Phyto Plump Collagen Night Cream 50ml"},"content":{"rendered":"<p>Mizon Phyto Plump kolag\u0113na nakts kr\u0113mam ir bl\u012bva barojo\u0161a tekst\u016bra, un tas ir lieliski piem\u0113rots vakara pretnoveco\u0161an\u0101s kop\u0161anai: tas samazina grumbas, uzlabo tvirtumu un elast\u012bbu, padarot \u0101du maigu, gludu un starojo\u0161u no r\u012bta.<\/p>\n<p>Produkts intens\u012bvi mitrina un atjauno \u0101du, nostiprina to un veido mitruma barjeru, kas nov\u0113r\u0161 sausumu, lob\u012b\u0161anos un dehidrat\u0101ciju.<\/p>\n<p>Hipoaler\u0123isk\u0101 formula ir 75 % augu izcelsmes, t\u0101 nekairina un ir piem\u0113rota jut\u012bgai \u0101dai. Nesatur miner\u0101le\u013c\u013cas, m\u0101ksl\u012bg\u0101s kr\u0101svielas un smar\u017evielas.<\/p>\n<p>Videi draudz\u012bgais iepakojums ir izgatavots no biolo\u0123iski no\u0101rd\u0101ma materi\u0101la &#8211; bambusa, un tas ir kr\u0101sots ar sojas tinti, kas nav kait\u012bga videi. Kr\u0113ma eti\u0137ete ir viegli atl\u012bm\u0113jama, t\u0101p\u0113c burci\u0146u var viegli nodot otrreiz\u0113jai p\u0101rstr\u0101dei.<\/p>\n<p>Produkta pamat\u0101 ir Tremella s\u0113\u0146u ekstrakts, kas darbojas k\u0101 fitokolag\u0113ns: kav\u0113jot kolag\u0113nu no\u0101rdo\u0161os enz\u012bmus, tas uzlabo \u0101das elast\u012bbu, samazina grumbas, tam piem\u012bt liftinga efekts, regul\u0113 melan\u012bna veido\u0161anos, kas nov\u0113r\u0161 vecuma plankumu veido\u0161anos, un samazina \u0101das jut\u012bgumu.<\/p>\n<p><strong>Papildu akt\u012bv\u0101s sast\u0101vda\u013cas:<\/strong><\/p>\n<ul>\n<li>Niac\u012bnam\u012bds (vitam\u012bns B3) stimul\u0113 kolag\u0113na veido\u0161anos, izgaismo, izl\u012bdzina tonusu un pal\u0113nina melan\u012bna transport\u0113\u0161anu epiderm\u0101, nostiprina hidrolip\u012bdu apvalku un nov\u0113r\u0161 taukainu sp\u012bdumu, regul\u0113jot tauku dziedzeru darb\u012bbu.<\/li>\n<li>Pantenols (vitam\u012bns B5) veicina dz\u012b\u0161anu, nomierina un m\u012bkstina, mazina kairin\u0101jumu un sniedz komforta saj\u016btu.<\/li>\n<li>Br\u016bno a\u013c\u0123u ekstraktu komplekss satur fukoid\u0101nu &#8211; heteropolisahar\u012bdu, kas uzlabo sejas kr\u0101su, nov\u0113r\u0161 pigment\u0101ciju un pie\u0161\u0137ir \u0101dai elast\u012bbu ar sp\u0113c\u012bgu pretnoveco\u0161an\u0101s efektu. Fukoid\u0101ns nepalielina \u0101das jut\u012bgumu, papildus aizsarg\u0101 pret patog\u0113niem un ir antioksidants.<\/li>\n<li>Skval\u0101ns nov\u0113r\u0161 sausumu, nov\u0113r\u0161 dehidrat\u0101ciju, intens\u012bvi mitrina, neatst\u0101j taukainu k\u0101rti\u0146u, piem\u0113rots pat problem\u0101tiskai \u0101dai.<\/li>\n<li>Beta\u012bns ir aminosk\u0101bes atvasin\u0101jums, tas saglab\u0101 mitrumu epiderm\u0101 un aizsarg\u0101 \u0161\u016bnu membr\u0101nas, nov\u0113r\u0161 dehidrat\u0101ciju, saglab\u0101 \u0101du gludu un m\u012bkstu.<\/li>\n<\/ul>\n<p><strong>Lieto\u0161ana:<\/strong> p\u0113c visiem kop\u0161anas posmiem uzkl\u0101jiet kr\u0113mu uz sejas, izkl\u0101jiet to pa mas\u0101\u017eas l\u012bnij\u0101m.<\/p>\n<p><strong>S\u0101stavs:\u00a0<\/strong>Purified water, Butylene glycol, Glycerin, pentaerisrithyltetraethylhexanoate, Panthenol, Coco-Caprylate\/Caprate, Squalane, Niacinamide, Butylene Glycol Dicaprylate\/Dicaprylate, Caprylic\/Capric triglyceride, Glyceryl stearate, Whitefish Polysaccharide (10,670 ppm), Betaine, methylmethacrylate cross Polymer, Palmitic acid, Polyglyceryl-2 Stearate, C11-13 Isoalkane, Isohexadecane, Stearic Acid, Dimethiconol, Behenyl Alcohol, Stearyl Alcohol, Dipropylene Glycol, Hydroxyacetophenone, Hydroxyethyl Acrylate\/Sodium acryloyldimethyl Taurate Copolymer, Ammonium polyacryloyldymethyl Taurate, Carbomer, Caprilylglycol, Tromethamine, Hydrogenated Olive oilbulcumide, 1,2-hexanediol, ethylhexylglycerin, adenosine, silica, dysodium EDTA, Nasturtium Herb Extract, Ivy God Fruit Extract, Sorbitan Isostearate, Sodium Methabisulfite, t-butyl alcohol, Kelp extract, Seaweed extract, Hat half extract\u0431 Water, Yellow Lily Root Extract, Diphotasium Glycyrrhizate, Tocopherol<\/p>\n","protected":false},"excerpt":{"rendered":"<p>Mizon Phyto Plump kolag\u0113na nakts kr\u0113mam ir bl\u012bva barojo\u0161a tekst\u016bra, un tas ir lieliski piem\u0113rots vakara pretnoveco\u0161an\u0101s kop\u0161anai: tas samazina grumbas, uzlabo tvirtumu un elast\u012bbu, padarot \u0101du maigu, gludu un starojo\u0161u no r\u012bta. Produkts intens\u012bvi mitrina un atjauno \u0101du, nostiprina to un veido mitruma barjeru, kas nov\u0113r\u0161 sausumu, lob\u012b\u0161anos un dehidrat\u0101ciju. Hipoaler\u0123isk\u0101 formula ir 75 [&hellip;]<\/p>\n","protected":false},"featured_media":14563,"comment_status":"open","ping_status":"closed","template":"","meta":{"site-sidebar-layout":"default","site-content-layout":"","ast-site-content-layout":"","site-content-style":"default","site-sidebar-style":"default","ast-global-header-display":"","ast-banner-title-visibility":"","ast-main-header-display":"","ast-hfb-above-header-display":"","ast-hfb-below-header-display":"","ast-hfb-mobile-header-display":"","site-post-title":"","ast-breadcrumbs-content":"","ast-featured-img":"","footer-sml-layout":"","theme-transparent-header-meta":"","adv-header-id-meta":"","stick-header-meta":"","header-above-stick-meta":"","header-main-stick-meta":"","header-below-stick-meta":"","astra-migrate-meta-layouts":"default","ast-page-background-enabled":"default","ast-page-background-meta":{"desktop":{"background-color":"var(--ast-global-color-4)","background-image":"","background-repeat":"repeat","background-position":"center center","background-size":"auto","background-attachment":"scroll","background-type":"","background-media":"","overlay-type":"","overlay-color":"","overlay-opacity":"","overlay-gradient":""},"tablet":{"background-color":"","background-image":"","background-repeat":"repeat","background-position":"center center","background-size":"auto","background-attachment":"scroll","background-type":"","background-media":"","overlay-type":"","overlay-color":"","overlay-opacity":"","overlay-gradient":""},"mobile":{"background-color":"","background-image":"","background-repeat":"repeat","background-position":"center center","background-size":"auto","background-attachment":"scroll","background-type":"","background-media":"","overlay-type":"","overlay-color":"","overlay-opacity":"","overlay-gradient":""}},"ast-content-background-meta":{"desktop":{"background-color":"var(--ast-global-color-5)","background-image":"","background-repeat":"repeat","background-position":"center center","background-size":"auto","background-attachment":"scroll","background-type":"","background-media":"","overlay-type":"","overlay-color":"","overlay-opacity":"","overlay-gradient":""},"tablet":{"background-color":"var(--ast-global-color-5)","background-image":"","background-repeat":"repeat","background-position":"center center","background-size":"auto","background-attachment":"scroll","background-type":"","background-media":"","overlay-type":"","overlay-color":"","overlay-opacity":"","overlay-gradient":""},"mobile":{"background-color":"var(--ast-global-color-5)","background-image":"","background-repeat":"repeat","background-position":"center center","background-size":"auto","background-attachment":"scroll","background-type":"","background-media":"","overlay-type":"","overlay-color":"","overlay-opacity":"","overlay-gradient":""}}},"product_brand":[],"product_cat":[435],"product_tag":[],"berocket_brand":[],"class_list":{"0":"post-14562","1":"product","2":"type-product","3":"status-publish","4":"has-post-thumbnail","6":"product_cat-jaunumi","7":"desktop-align-left","8":"tablet-align-left","9":"mobile-align-left","11":"first","12":"outofstock","13":"taxable","14":"shipping-taxable","15":"purchasable","16":"product-type-simple","17":"add-to-wishlist-before_image"},"yoast_head":"<!-- This site is optimized with the Yoast SEO plugin v27.3 - https:\/\/yoast.com\/product\/yoast-seo-wordpress\/ -->\n<title>Mizon Phyto Plump Collagen Night Cream 50ml - FACECORNER<\/title>\n<meta name=\"robots\" content=\"index, follow, max-snippet:-1, max-image-preview:large, max-video-preview:-1\" \/>\n<link rel=\"canonical\" href=\"https:\/\/www.facecorner.lv\/lv\/shop\/mizon-phyto-plump-collagen-night-cream-50ml\/\" \/>\n<meta property=\"og:locale\" content=\"lv_LV\" \/>\n<meta property=\"og:type\" content=\"article\" \/>\n<meta property=\"og:title\" content=\"Mizon Phyto Plump Collagen Night Cream 50ml - FACECORNER\" \/>\n<meta property=\"og:description\" content=\"Mizon Phyto Plump kolag\u0113na nakts kr\u0113mam ir bl\u012bva barojo\u0161a tekst\u016bra, un tas ir lieliski piem\u0113rots vakara pretnoveco\u0161an\u0101s kop\u0161anai: tas samazina grumbas, uzlabo tvirtumu un elast\u012bbu, padarot \u0101du maigu, gludu un starojo\u0161u no r\u012bta. Produkts intens\u012bvi mitrina un atjauno \u0101du, nostiprina to un veido mitruma barjeru, kas nov\u0113r\u0161 sausumu, lob\u012b\u0161anos un dehidrat\u0101ciju. Hipoaler\u0123isk\u0101 formula ir 75 [&hellip;]\" \/>\n<meta property=\"og:url\" content=\"https:\/\/www.facecorner.lv\/lv\/shop\/mizon-phyto-plump-collagen-night-cream-50ml\/\" \/>\n<meta property=\"og:site_name\" content=\"FACECORNER\" \/>\n<meta property=\"article:publisher\" content=\"https:\/\/www.facebook.com\/profile.php?id=100063824551839\" \/>\n<meta property=\"article:modified_time\" content=\"2024-11-14T09:22:07+00:00\" \/>\n<meta property=\"og:image\" content=\"https:\/\/www.facecorner.lv\/wp-content\/uploads\/2024\/03\/MizonPhytoPlumpCollagenNightCream1_800x.jpg.webp\" \/>\n\t<meta property=\"og:image:width\" content=\"800\" \/>\n\t<meta property=\"og:image:height\" content=\"800\" \/>\n\t<meta property=\"og:image:type\" content=\"image\/webp\" \/>\n<meta name=\"twitter:card\" content=\"summary_large_image\" \/>\n<meta name=\"twitter:label1\" content=\"Price\" \/>\n\t<meta name=\"twitter:data1\" content=\"&euro;25.90\" \/>\n\t<meta name=\"twitter:label2\" content=\"Availability\" \/>\n\t<meta name=\"twitter:data2\" content=\"Out of stock\" \/>\n<script type=\"application\/ld+json\" class=\"yoast-schema-graph\">{\"@context\":\"https:\\\/\\\/schema.org\",\"@graph\":[{\"@type\":\"WebPage\",\"@id\":\"https:\\\/\\\/www.facecorner.lv\\\/shop\\\/mizon-phyto-plump-collagen-night-cream-50ml\\\/\",\"url\":\"https:\\\/\\\/www.facecorner.lv\\\/shop\\\/mizon-phyto-plump-collagen-night-cream-50ml\\\/\",\"name\":\"Mizon Phyto Plump Collagen Night Cream 50ml - FACECORNER\",\"isPartOf\":{\"@id\":\"https:\\\/\\\/www.facecorner.lv\\\/#website\"},\"primaryImageOfPage\":{\"@id\":\"https:\\\/\\\/www.facecorner.lv\\\/shop\\\/mizon-phyto-plump-collagen-night-cream-50ml\\\/#primaryimage\"},\"image\":{\"@id\":\"https:\\\/\\\/www.facecorner.lv\\\/shop\\\/mizon-phyto-plump-collagen-night-cream-50ml\\\/#primaryimage\"},\"thumbnailUrl\":\"https:\\\/\\\/www.facecorner.lv\\\/wp-content\\\/uploads\\\/2024\\\/03\\\/MizonPhytoPlumpCollagenNightCream1_800x.jpg.webp\",\"datePublished\":\"2024-03-08T12:55:20+00:00\",\"dateModified\":\"2024-11-14T09:22:07+00:00\",\"breadcrumb\":{\"@id\":\"https:\\\/\\\/www.facecorner.lv\\\/shop\\\/mizon-phyto-plump-collagen-night-cream-50ml\\\/#breadcrumb\"},\"inLanguage\":\"lv-LV\",\"potentialAction\":[{\"@type\":\"ReadAction\",\"target\":[\"https:\\\/\\\/www.facecorner.lv\\\/shop\\\/mizon-phyto-plump-collagen-night-cream-50ml\\\/\"]}]},{\"@type\":\"ImageObject\",\"inLanguage\":\"lv-LV\",\"@id\":\"https:\\\/\\\/www.facecorner.lv\\\/shop\\\/mizon-phyto-plump-collagen-night-cream-50ml\\\/#primaryimage\",\"url\":\"https:\\\/\\\/www.facecorner.lv\\\/wp-content\\\/uploads\\\/2024\\\/03\\\/MizonPhytoPlumpCollagenNightCream1_800x.jpg.webp\",\"contentUrl\":\"https:\\\/\\\/www.facecorner.lv\\\/wp-content\\\/uploads\\\/2024\\\/03\\\/MizonPhytoPlumpCollagenNightCream1_800x.jpg.webp\",\"width\":800,\"height\":800},{\"@type\":\"BreadcrumbList\",\"@id\":\"https:\\\/\\\/www.facecorner.lv\\\/shop\\\/mizon-phyto-plump-collagen-night-cream-50ml\\\/#breadcrumb\",\"itemListElement\":[{\"@type\":\"ListItem\",\"position\":1,\"name\":\"Home\",\"item\":\"https:\\\/\\\/www.facecorner.lv\\\/\"},{\"@type\":\"ListItem\",\"position\":2,\"name\":\"Veikals\",\"item\":\"https:\\\/\\\/www.facecorner.lv\\\/shop\\\/\"},{\"@type\":\"ListItem\",\"position\":3,\"name\":\"Mizon Phyto Plump Collagen Night Cream 50ml\"}]},{\"@type\":\"WebSite\",\"@id\":\"https:\\\/\\\/www.facecorner.lv\\\/#website\",\"url\":\"https:\\\/\\\/www.facecorner.lv\\\/\",\"name\":\"Facecorner\",\"description\":\"\",\"publisher\":{\"@id\":\"https:\\\/\\\/www.facecorner.lv\\\/#organization\"},\"potentialAction\":[{\"@type\":\"SearchAction\",\"target\":{\"@type\":\"EntryPoint\",\"urlTemplate\":\"https:\\\/\\\/www.facecorner.lv\\\/?s={search_term_string}\"},\"query-input\":{\"@type\":\"PropertyValueSpecification\",\"valueRequired\":true,\"valueName\":\"search_term_string\"}}],\"inLanguage\":\"lv-LV\"},{\"@type\":\"Organization\",\"@id\":\"https:\\\/\\\/www.facecorner.lv\\\/#organization\",\"name\":\"Facecorner\",\"url\":\"https:\\\/\\\/www.facecorner.lv\\\/\",\"logo\":{\"@type\":\"ImageObject\",\"inLanguage\":\"lv-LV\",\"@id\":\"https:\\\/\\\/www.facecorner.lv\\\/#\\\/schema\\\/logo\\\/image\\\/\",\"url\":\"https:\\\/\\\/www.facecorner.lv\\\/wp-content\\\/uploads\\\/2024\\\/04\\\/fc-logo.jpg\",\"contentUrl\":\"https:\\\/\\\/www.facecorner.lv\\\/wp-content\\\/uploads\\\/2024\\\/04\\\/fc-logo.jpg\",\"width\":174,\"height\":28,\"caption\":\"Facecorner\"},\"image\":{\"@id\":\"https:\\\/\\\/www.facecorner.lv\\\/#\\\/schema\\\/logo\\\/image\\\/\"},\"sameAs\":[\"https:\\\/\\\/www.facebook.com\\\/profile.php?id=100063824551839\",\"https:\\\/\\\/www.instagram.com\\\/facecorner_shop\\\/\"]}]}<\/script>\n<meta property=\"product:price:amount\" content=\"25.90\" \/>\n<meta property=\"product:price:currency\" content=\"EUR\" \/>\n<meta property=\"og:availability\" content=\"out of stock\" \/>\n<meta property=\"product:availability\" content=\"out of stock\" \/>\n<meta property=\"product:condition\" content=\"new\" \/>\n<!-- \/ Yoast SEO plugin. -->","yoast_head_json":{"title":"Mizon Phyto Plump Collagen Night Cream 50ml - FACECORNER","robots":{"index":"index","follow":"follow","max-snippet":"max-snippet:-1","max-image-preview":"max-image-preview:large","max-video-preview":"max-video-preview:-1"},"canonical":"https:\/\/www.facecorner.lv\/lv\/shop\/mizon-phyto-plump-collagen-night-cream-50ml\/","og_locale":"lv_LV","og_type":"article","og_title":"Mizon Phyto Plump Collagen Night Cream 50ml - FACECORNER","og_description":"Mizon Phyto Plump kolag\u0113na nakts kr\u0113mam ir bl\u012bva barojo\u0161a tekst\u016bra, un tas ir lieliski piem\u0113rots vakara pretnoveco\u0161an\u0101s kop\u0161anai: tas samazina grumbas, uzlabo tvirtumu un elast\u012bbu, padarot \u0101du maigu, gludu un starojo\u0161u no r\u012bta. Produkts intens\u012bvi mitrina un atjauno \u0101du, nostiprina to un veido mitruma barjeru, kas nov\u0113r\u0161 sausumu, lob\u012b\u0161anos un dehidrat\u0101ciju. Hipoaler\u0123isk\u0101 formula ir 75 [&hellip;]","og_url":"https:\/\/www.facecorner.lv\/lv\/shop\/mizon-phyto-plump-collagen-night-cream-50ml\/","og_site_name":"FACECORNER","article_publisher":"https:\/\/www.facebook.com\/profile.php?id=100063824551839","article_modified_time":"2024-11-14T09:22:07+00:00","og_image":[{"width":800,"height":800,"url":"https:\/\/www.facecorner.lv\/wp-content\/uploads\/2024\/03\/MizonPhytoPlumpCollagenNightCream1_800x.jpg.webp","type":"image\/webp"}],"twitter_card":"summary_large_image","twitter_misc":{"Price":"&euro;25.90","Availability":"Out of stock"},"schema":{"@context":"https:\/\/schema.org","@graph":[{"@type":"WebPage","@id":"https:\/\/www.facecorner.lv\/shop\/mizon-phyto-plump-collagen-night-cream-50ml\/","url":"https:\/\/www.facecorner.lv\/shop\/mizon-phyto-plump-collagen-night-cream-50ml\/","name":"Mizon Phyto Plump Collagen Night Cream 50ml - FACECORNER","isPartOf":{"@id":"https:\/\/www.facecorner.lv\/#website"},"primaryImageOfPage":{"@id":"https:\/\/www.facecorner.lv\/shop\/mizon-phyto-plump-collagen-night-cream-50ml\/#primaryimage"},"image":{"@id":"https:\/\/www.facecorner.lv\/shop\/mizon-phyto-plump-collagen-night-cream-50ml\/#primaryimage"},"thumbnailUrl":"https:\/\/www.facecorner.lv\/wp-content\/uploads\/2024\/03\/MizonPhytoPlumpCollagenNightCream1_800x.jpg.webp","datePublished":"2024-03-08T12:55:20+00:00","dateModified":"2024-11-14T09:22:07+00:00","breadcrumb":{"@id":"https:\/\/www.facecorner.lv\/shop\/mizon-phyto-plump-collagen-night-cream-50ml\/#breadcrumb"},"inLanguage":"lv-LV","potentialAction":[{"@type":"ReadAction","target":["https:\/\/www.facecorner.lv\/shop\/mizon-phyto-plump-collagen-night-cream-50ml\/"]}]},{"@type":"ImageObject","inLanguage":"lv-LV","@id":"https:\/\/www.facecorner.lv\/shop\/mizon-phyto-plump-collagen-night-cream-50ml\/#primaryimage","url":"https:\/\/www.facecorner.lv\/wp-content\/uploads\/2024\/03\/MizonPhytoPlumpCollagenNightCream1_800x.jpg.webp","contentUrl":"https:\/\/www.facecorner.lv\/wp-content\/uploads\/2024\/03\/MizonPhytoPlumpCollagenNightCream1_800x.jpg.webp","width":800,"height":800},{"@type":"BreadcrumbList","@id":"https:\/\/www.facecorner.lv\/shop\/mizon-phyto-plump-collagen-night-cream-50ml\/#breadcrumb","itemListElement":[{"@type":"ListItem","position":1,"name":"Home","item":"https:\/\/www.facecorner.lv\/"},{"@type":"ListItem","position":2,"name":"Veikals","item":"https:\/\/www.facecorner.lv\/shop\/"},{"@type":"ListItem","position":3,"name":"Mizon Phyto Plump Collagen Night Cream 50ml"}]},{"@type":"WebSite","@id":"https:\/\/www.facecorner.lv\/#website","url":"https:\/\/www.facecorner.lv\/","name":"Facecorner","description":"","publisher":{"@id":"https:\/\/www.facecorner.lv\/#organization"},"potentialAction":[{"@type":"SearchAction","target":{"@type":"EntryPoint","urlTemplate":"https:\/\/www.facecorner.lv\/?s={search_term_string}"},"query-input":{"@type":"PropertyValueSpecification","valueRequired":true,"valueName":"search_term_string"}}],"inLanguage":"lv-LV"},{"@type":"Organization","@id":"https:\/\/www.facecorner.lv\/#organization","name":"Facecorner","url":"https:\/\/www.facecorner.lv\/","logo":{"@type":"ImageObject","inLanguage":"lv-LV","@id":"https:\/\/www.facecorner.lv\/#\/schema\/logo\/image\/","url":"https:\/\/www.facecorner.lv\/wp-content\/uploads\/2024\/04\/fc-logo.jpg","contentUrl":"https:\/\/www.facecorner.lv\/wp-content\/uploads\/2024\/04\/fc-logo.jpg","width":174,"height":28,"caption":"Facecorner"},"image":{"@id":"https:\/\/www.facecorner.lv\/#\/schema\/logo\/image\/"},"sameAs":["https:\/\/www.facebook.com\/profile.php?id=100063824551839","https:\/\/www.instagram.com\/facecorner_shop\/"]}]},"product_price_amount":"25.90","product_price_currency":"EUR","og_availability":"out of stock","product_availability":"out of stock","product_condition":"new"},"_links":{"self":[{"href":"https:\/\/www.facecorner.lv\/lv\/wp-json\/wp\/v2\/product\/14562","targetHints":{"allow":["GET"]}}],"collection":[{"href":"https:\/\/www.facecorner.lv\/lv\/wp-json\/wp\/v2\/product"}],"about":[{"href":"https:\/\/www.facecorner.lv\/lv\/wp-json\/wp\/v2\/types\/product"}],"replies":[{"embeddable":true,"href":"https:\/\/www.facecorner.lv\/lv\/wp-json\/wp\/v2\/comments?post=14562"}],"wp:featuredmedia":[{"embeddable":true,"href":"https:\/\/www.facecorner.lv\/lv\/wp-json\/wp\/v2\/media\/14563"}],"wp:attachment":[{"href":"https:\/\/www.facecorner.lv\/lv\/wp-json\/wp\/v2\/media?parent=14562"}],"wp:term":[{"taxonomy":"product_brand","embeddable":true,"href":"https:\/\/www.facecorner.lv\/lv\/wp-json\/wp\/v2\/product_brand?post=14562"},{"taxonomy":"product_cat","embeddable":true,"href":"https:\/\/www.facecorner.lv\/lv\/wp-json\/wp\/v2\/product_cat?post=14562"},{"taxonomy":"product_tag","embeddable":true,"href":"https:\/\/www.facecorner.lv\/lv\/wp-json\/wp\/v2\/product_tag?post=14562"},{"taxonomy":"berocket_brand","embeddable":true,"href":"https:\/\/www.facecorner.lv\/lv\/wp-json\/wp\/v2\/berocket_brand?post=14562"}],"curies":[{"name":"wp","href":"https:\/\/api.w.org\/{rel}","templated":true}]}}