{"id":14546,"date":"2024-03-07T16:45:12","date_gmt":"2024-03-07T14:45:12","guid":{"rendered":"https:\/\/www.facecorner.lv\/?post_type=product&#038;p=14546"},"modified":"2026-02-26T16:52:25","modified_gmt":"2026-02-26T13:52:25","slug":"medi-peel-peptide-9-volume-bio-tox-ampoule-pro-100ml","status":"publish","type":"product","link":"https:\/\/www.facecorner.lv\/lv\/shop\/medi-peel-peptide-9-volume-bio-tox-ampoule-pro-100ml\/","title":{"rendered":"Medi-Peel Peptide 9 Volume Bio Tox Ampoule Pro 100ml"},"content":{"rendered":"<p>Medi-Peel Peptide Peptide 9 Volume Bio Tox Ampoule Pro ir pilnveidota atjaunojo\u0161\u0101 ampulu seruma versija, kas satur liel\u0101ku akt\u012bvu koncentr\u0101ciju, kas nodro\u0161ina \u0101tr\u0101ku un efekt\u012bv\u0101ku iedarb\u012bbu.<\/p>\n<p>L\u012bdzeklis samazina grumbu dzi\u013cumu, atjauno \u0101das elast\u012bbu un bl\u012bvumu, pie\u0161\u0137ir elast\u012bbu un gludu tekst\u016bru, aizsarg\u0101 pret oksidat\u012bvo stresu. Pie\u0161\u0137ir vesel\u012bgu mirdzumu un vienm\u0113r\u012bgu tonusu, nov\u0113r\u0161 bl\u0101vumu, lieliski toniz\u0113.<\/p>\n<p>Nov\u0113r\u0161 sausumu un lob\u012b\u0161anos, dzi\u013ci mitrina, stiprina dabisko aizsargbarjeru. Aiztur mitrumu \u0161\u016bn\u0101s, nov\u0113r\u0161 dehidrat\u0101ciju, mazina kairin\u0101jumu un nomierina \u0101du. Tai ir \u017eelejveida tekst\u016bra.<\/p>\n<p>Satur 9 pept\u012bdu kompleksu, tostarp signaliz\u0113jo\u0161os pept\u012bdus, miorelaksantus un pept\u012bdus ar pretiekaisuma un balino\u0161u iedarb\u012bbu. Peptidi aktiviz\u0113 kolag\u0113na un hialuronsk\u0101bes veido\u0161anos, pretojas kolag\u0113na \u0161\u0137iedru izn\u012bcin\u0101\u0161anai un stiprina \u0101rpus\u0161\u016bnu matricu. Pateicoties \u0161im pept\u012bdu kompleksam, samazin\u0101s grumbu un grumbi\u0146u izpausme, mazina vecuma izmai\u0146u un fotonoveco\u0161an\u0101s paz\u012bmes, padara \u0101du jaun\u012bbu.<\/p>\n<p>Volufil\u012bns (Anemarrhena Asphodeloides saknes ekstrakts) sast\u0101v\u0101 palielina \u0101das apjomu un bl\u012bvumu, kas izl\u012bdzina grumbu t\u012bklu un padara reljefu vienm\u0113r\u012bg\u0101ku, radot l\u012bdz\u012bgu efektu k\u0101 lipofilling.<\/p>\n<p><strong>Papildu akt\u012bv\u0101s sast\u0101vda\u013cas:<\/strong><\/p>\n<ul>\n<li>Astaksant\u012bns ir sp\u0113c\u012bgs antioksidants, ko d\u0113v\u0113 par galveno &#8220;jaun\u012bbas antioksidantu&#8221;. Astaksant\u012bns akt\u012bvi darbojas visos epidermas sl\u0101\u0146os, nodro\u0161ina aizsardz\u012bbu pret UV staru rad\u012btiem boj\u0101jumiem, samazina grumbas un izgaismo vecuma plankumus.<\/li>\n<li>Ekto\u012bns &#8211; organiska aminosk\u0101be, efekt\u012bvi aizsarg\u0101 pret \u0101r\u0113jiem faktoriem un UV stariem, tam piem\u012bt dezinfic\u0113jo\u0161a iedarb\u012bba. Tas kontrol\u0113 melan\u012bna veido\u0161anos un pal\u012bdz izgaismot pigment\u0101ciju.<\/li>\n<li>Hidroliz\u0113tais kolag\u0113ns intens\u012bvi mitrina, pal\u012bdz \u0101dai saglab\u0101t mitrumu, uzlabo tekst\u016bru, stimul\u0113 re\u0123ener\u0101cijas procesus un c\u012bn\u0101s pret grumb\u0101m.<\/li>\n<li>MultiEx BSASM\u00ae Plus ir patent\u0113ts augu komplekss, kura sast\u0101v\u0101 ir rozmar\u012bns, kumel\u012bte, kam\u0113lija, centella, lakrica, gri\u0137i un Baik\u0101la hellebore. Tas nom\u0101c iekaisumu, nodro\u0161ina antiseptisku iedarb\u012bbu un c\u012bn\u0101s pret bakt\u0113riju aug\u0161anu. Lieliski piem\u0113rots \u0101dai ar kuperozi, papla\u0161in\u0101t\u0101m por\u0101m un nevienm\u0113r\u012bgu \u0101das toni.<\/li>\n<li>9 hialuronsk\u0101bes veidi iek\u013c\u016bst dzi\u013cos epidermas sl\u0101\u0146os, akt\u012bvi mitrina, uztur optim\u0101lu mitrin\u0101\u0161anas l\u012bmeni. T\u0101s veido aizsargsl\u0101ni, kas nov\u0113r\u0161 mitruma iztvaiko\u0161anu.<\/li>\n<\/ul>\n<p><strong>Lieto\u0161ana:<\/strong> p\u0113c mazg\u0101\u0161anas un toniz\u0113\u0161anas uzkl\u0101jiet ampulu uz sejas, izkl\u0101jiet pa \u0101du.<\/p>\n<p><strong>S\u0101stavs:\u00a0<\/strong>Water, Glycerin, Butylene Glycol, Niacinamide, Sodium Lactate, 1,2-Hexanediol, Gellan Gum, PEG-60 Hydrogenated Castor Oil, Ethylhexylglycerin, Adenosine, Disodium EDTA, Juniperus Communis Fruit Extract, Eucalyptus Globulus Leaf Extract, Centella Asiatica Extract, Scutellaria Baicalensis Root Extract, Polygonum Cuspidatum Root Extract, Propanediol, Glycyrrhiza Glabra (Licorice) Root Extract, Camellia Sinensis Leaf Extract, Sodium Hyaluronate Crosspolymer, Rosmarinus Officinalis (Rosemary) Leaf Extract, Fructan, Chamomilla Recutita (Matricaria) Flower Extract, Sodium Hyaluronate, Hydrolyzed Glycosaminoglycans, Glycine, Caprylyl Glycol, Polysorbate 80, Serine, Glutamic acid, Hydrolyzed Elastin, Ectoin, Hydrogenated Polyisobutene, Benzyl Glycol, Aspartic acid, Leucine, CynanchumAtratum Extract, Astaxanthin, Hydrolyzed Hyaluronic Acid, Alanine, Lysine, Arginine, Tyrosine, Phenylalanine, Valine, Threonine, Proline, Isoleucine, Histidine, Methionine, Cysteine, Palmitoyl Tetrapeptide-7(100 ppb), Hydrolyzed Sodium Hyaluronate, Hydrolyzed Collagen, Acetyl Octapeptide-3(100 ppb), Tripeptide-1(40 ppb), Palmitoyl Tripeptide-1(40 ppb), Palmitoyl Pentapeptide-4(40 ppb), Copper Tripeptide-1(40 ppb), Acetyl Hexapeptide-8 (40 ppb), Sodium Benzoate, Sodium Acetylated Hyaluronate, Hexapeptide-9(20 ppb), Hydroxypropyltrimonium Hyaluronate, Hyaluronic Acid, Dimethylsilanol Hyaluronate, Nonapeptide-1(4ppb), Pentylene Glycol, Anemarrhena Asphodeloides Root Extract, Potassium Hyaluronate, Tocopherol, Alcohol, Fragrance<\/p>\n","protected":false},"excerpt":{"rendered":"<p>Medi-Peel Peptide Peptide 9 Volume Bio Tox Ampoule Pro ir pilnveidota atjaunojo\u0161\u0101 ampulu seruma versija, kas satur liel\u0101ku akt\u012bvu koncentr\u0101ciju, kas nodro\u0161ina \u0101tr\u0101ku un efekt\u012bv\u0101ku iedarb\u012bbu. L\u012bdzeklis samazina grumbu dzi\u013cumu, atjauno \u0101das elast\u012bbu un bl\u012bvumu, pie\u0161\u0137ir elast\u012bbu un gludu tekst\u016bru, aizsarg\u0101 pret oksidat\u012bvo stresu. Pie\u0161\u0137ir vesel\u012bgu mirdzumu un vienm\u0113r\u012bgu tonusu, nov\u0113r\u0161 bl\u0101vumu, lieliski toniz\u0113. Nov\u0113r\u0161 [&hellip;]<\/p>\n","protected":false},"featured_media":14547,"comment_status":"open","ping_status":"closed","template":"","meta":{"site-sidebar-layout":"default","site-content-layout":"","ast-site-content-layout":"","site-content-style":"default","site-sidebar-style":"default","ast-global-header-display":"","ast-banner-title-visibility":"","ast-main-header-display":"","ast-hfb-above-header-display":"","ast-hfb-below-header-display":"","ast-hfb-mobile-header-display":"","site-post-title":"","ast-breadcrumbs-content":"","ast-featured-img":"","footer-sml-layout":"","theme-transparent-header-meta":"","adv-header-id-meta":"","stick-header-meta":"","header-above-stick-meta":"","header-main-stick-meta":"","header-below-stick-meta":"","astra-migrate-meta-layouts":"default","ast-page-background-enabled":"default","ast-page-background-meta":{"desktop":{"background-color":"var(--ast-global-color-4)","background-image":"","background-repeat":"repeat","background-position":"center center","background-size":"auto","background-attachment":"scroll","background-type":"","background-media":"","overlay-type":"","overlay-color":"","overlay-opacity":"","overlay-gradient":""},"tablet":{"background-color":"","background-image":"","background-repeat":"repeat","background-position":"center center","background-size":"auto","background-attachment":"scroll","background-type":"","background-media":"","overlay-type":"","overlay-color":"","overlay-opacity":"","overlay-gradient":""},"mobile":{"background-color":"","background-image":"","background-repeat":"repeat","background-position":"center center","background-size":"auto","background-attachment":"scroll","background-type":"","background-media":"","overlay-type":"","overlay-color":"","overlay-opacity":"","overlay-gradient":""}},"ast-content-background-meta":{"desktop":{"background-color":"var(--ast-global-color-5)","background-image":"","background-repeat":"repeat","background-position":"center center","background-size":"auto","background-attachment":"scroll","background-type":"","background-media":"","overlay-type":"","overlay-color":"","overlay-opacity":"","overlay-gradient":""},"tablet":{"background-color":"var(--ast-global-color-5)","background-image":"","background-repeat":"repeat","background-position":"center center","background-size":"auto","background-attachment":"scroll","background-type":"","background-media":"","overlay-type":"","overlay-color":"","overlay-opacity":"","overlay-gradient":""},"mobile":{"background-color":"var(--ast-global-color-5)","background-image":"","background-repeat":"repeat","background-position":"center center","background-size":"auto","background-attachment":"scroll","background-type":"","background-media":"","overlay-type":"","overlay-color":"","overlay-opacity":"","overlay-gradient":""}}},"product_brand":[],"product_cat":[370,371,363],"product_tag":[],"berocket_brand":[583],"class_list":{"0":"post-14546","1":"product","2":"type-product","3":"status-publish","4":"has-post-thumbnail","6":"product_cat-adas-mirdzumam","7":"product_cat-anti-age","8":"product_cat-serumi","9":"berocket_brand-medi-peel","10":"desktop-align-left","11":"tablet-align-left","12":"mobile-align-left","14":"first","15":"outofstock","16":"taxable","17":"shipping-taxable","18":"purchasable","19":"product-type-simple","20":"add-to-wishlist-before_image"},"yoast_head":"<!-- This site is optimized with the Yoast SEO plugin v27.4 - https:\/\/yoast.com\/product\/yoast-seo-wordpress\/ -->\n<title>Medi-Peel Peptide 9 Volume Bio Tox Ampoule Pro 100ml - FACECORNER<\/title>\n<meta name=\"robots\" content=\"index, follow, max-snippet:-1, max-image-preview:large, max-video-preview:-1\" \/>\n<link rel=\"canonical\" href=\"https:\/\/www.facecorner.lv\/lv\/shop\/medi-peel-peptide-9-volume-bio-tox-ampoule-pro-100ml\/\" \/>\n<meta property=\"og:locale\" content=\"lv_LV\" \/>\n<meta property=\"og:type\" content=\"article\" \/>\n<meta property=\"og:title\" content=\"Medi-Peel Peptide 9 Volume Bio Tox Ampoule Pro 100ml - FACECORNER\" \/>\n<meta property=\"og:description\" content=\"Medi-Peel Peptide Peptide 9 Volume Bio Tox Ampoule Pro ir pilnveidota atjaunojo\u0161\u0101 ampulu seruma versija, kas satur liel\u0101ku akt\u012bvu koncentr\u0101ciju, kas nodro\u0161ina \u0101tr\u0101ku un efekt\u012bv\u0101ku iedarb\u012bbu. L\u012bdzeklis samazina grumbu dzi\u013cumu, atjauno \u0101das elast\u012bbu un bl\u012bvumu, pie\u0161\u0137ir elast\u012bbu un gludu tekst\u016bru, aizsarg\u0101 pret oksidat\u012bvo stresu. Pie\u0161\u0137ir vesel\u012bgu mirdzumu un vienm\u0113r\u012bgu tonusu, nov\u0113r\u0161 bl\u0101vumu, lieliski toniz\u0113. Nov\u0113r\u0161 [&hellip;]\" \/>\n<meta property=\"og:url\" content=\"https:\/\/www.facecorner.lv\/lv\/shop\/medi-peel-peptide-9-volume-bio-tox-ampoule-pro-100ml\/\" \/>\n<meta property=\"og:site_name\" content=\"FACECORNER\" \/>\n<meta property=\"article:publisher\" content=\"https:\/\/www.facebook.com\/profile.php?id=100063824551839\" \/>\n<meta property=\"article:modified_time\" content=\"2026-02-26T13:52:25+00:00\" \/>\n<meta property=\"og:image\" content=\"https:\/\/www.facecorner.lv\/wp-content\/uploads\/2024\/03\/Medi-PeelPeptide9VolumeBioToxAmpoulePro.jpeg\" \/>\n\t<meta property=\"og:image:width\" content=\"1000\" \/>\n\t<meta property=\"og:image:height\" content=\"1000\" \/>\n\t<meta property=\"og:image:type\" content=\"image\/jpeg\" \/>\n<meta name=\"twitter:card\" content=\"summary_large_image\" \/>\n<meta name=\"twitter:label1\" content=\"Price\" \/>\n\t<meta name=\"twitter:data1\" content=\"&euro;29.95\" \/>\n\t<meta name=\"twitter:label2\" content=\"Availability\" \/>\n\t<meta name=\"twitter:data2\" content=\"Out of stock\" \/>\n<script type=\"application\/ld+json\" class=\"yoast-schema-graph\">{\"@context\":\"https:\\\/\\\/schema.org\",\"@graph\":[{\"@type\":\"WebPage\",\"@id\":\"https:\\\/\\\/www.facecorner.lv\\\/shop\\\/medi-peel-peptide-9-volume-bio-tox-ampoule-pro-100ml\\\/\",\"url\":\"https:\\\/\\\/www.facecorner.lv\\\/shop\\\/medi-peel-peptide-9-volume-bio-tox-ampoule-pro-100ml\\\/\",\"name\":\"Medi-Peel Peptide 9 Volume Bio Tox Ampoule Pro 100ml - FACECORNER\",\"isPartOf\":{\"@id\":\"https:\\\/\\\/www.facecorner.lv\\\/#website\"},\"primaryImageOfPage\":{\"@id\":\"https:\\\/\\\/www.facecorner.lv\\\/shop\\\/medi-peel-peptide-9-volume-bio-tox-ampoule-pro-100ml\\\/#primaryimage\"},\"image\":{\"@id\":\"https:\\\/\\\/www.facecorner.lv\\\/shop\\\/medi-peel-peptide-9-volume-bio-tox-ampoule-pro-100ml\\\/#primaryimage\"},\"thumbnailUrl\":\"https:\\\/\\\/www.facecorner.lv\\\/wp-content\\\/uploads\\\/2024\\\/03\\\/Medi-PeelPeptide9VolumeBioToxAmpoulePro.jpeg\",\"datePublished\":\"2024-03-07T14:45:12+00:00\",\"dateModified\":\"2026-02-26T13:52:25+00:00\",\"breadcrumb\":{\"@id\":\"https:\\\/\\\/www.facecorner.lv\\\/shop\\\/medi-peel-peptide-9-volume-bio-tox-ampoule-pro-100ml\\\/#breadcrumb\"},\"inLanguage\":\"lv-LV\",\"potentialAction\":[{\"@type\":\"ReadAction\",\"target\":[\"https:\\\/\\\/www.facecorner.lv\\\/shop\\\/medi-peel-peptide-9-volume-bio-tox-ampoule-pro-100ml\\\/\"]}]},{\"@type\":\"ImageObject\",\"inLanguage\":\"lv-LV\",\"@id\":\"https:\\\/\\\/www.facecorner.lv\\\/shop\\\/medi-peel-peptide-9-volume-bio-tox-ampoule-pro-100ml\\\/#primaryimage\",\"url\":\"https:\\\/\\\/www.facecorner.lv\\\/wp-content\\\/uploads\\\/2024\\\/03\\\/Medi-PeelPeptide9VolumeBioToxAmpoulePro.jpeg\",\"contentUrl\":\"https:\\\/\\\/www.facecorner.lv\\\/wp-content\\\/uploads\\\/2024\\\/03\\\/Medi-PeelPeptide9VolumeBioToxAmpoulePro.jpeg\",\"width\":1000,\"height\":1000},{\"@type\":\"BreadcrumbList\",\"@id\":\"https:\\\/\\\/www.facecorner.lv\\\/shop\\\/medi-peel-peptide-9-volume-bio-tox-ampoule-pro-100ml\\\/#breadcrumb\",\"itemListElement\":[{\"@type\":\"ListItem\",\"position\":1,\"name\":\"Home\",\"item\":\"https:\\\/\\\/www.facecorner.lv\\\/\"},{\"@type\":\"ListItem\",\"position\":2,\"name\":\"Veikals\",\"item\":\"https:\\\/\\\/www.facecorner.lv\\\/shop\\\/\"},{\"@type\":\"ListItem\",\"position\":3,\"name\":\"Medi-Peel Peptide 9 Volume Bio Tox Ampoule Pro 100ml\"}]},{\"@type\":\"WebSite\",\"@id\":\"https:\\\/\\\/www.facecorner.lv\\\/#website\",\"url\":\"https:\\\/\\\/www.facecorner.lv\\\/\",\"name\":\"Facecorner\",\"description\":\"\",\"publisher\":{\"@id\":\"https:\\\/\\\/www.facecorner.lv\\\/#organization\"},\"potentialAction\":[{\"@type\":\"SearchAction\",\"target\":{\"@type\":\"EntryPoint\",\"urlTemplate\":\"https:\\\/\\\/www.facecorner.lv\\\/?s={search_term_string}\"},\"query-input\":{\"@type\":\"PropertyValueSpecification\",\"valueRequired\":true,\"valueName\":\"search_term_string\"}}],\"inLanguage\":\"lv-LV\"},{\"@type\":\"Organization\",\"@id\":\"https:\\\/\\\/www.facecorner.lv\\\/#organization\",\"name\":\"Facecorner\",\"url\":\"https:\\\/\\\/www.facecorner.lv\\\/\",\"logo\":{\"@type\":\"ImageObject\",\"inLanguage\":\"lv-LV\",\"@id\":\"https:\\\/\\\/www.facecorner.lv\\\/#\\\/schema\\\/logo\\\/image\\\/\",\"url\":\"https:\\\/\\\/www.facecorner.lv\\\/wp-content\\\/uploads\\\/2024\\\/04\\\/fc-logo.jpg\",\"contentUrl\":\"https:\\\/\\\/www.facecorner.lv\\\/wp-content\\\/uploads\\\/2024\\\/04\\\/fc-logo.jpg\",\"width\":174,\"height\":28,\"caption\":\"Facecorner\"},\"image\":{\"@id\":\"https:\\\/\\\/www.facecorner.lv\\\/#\\\/schema\\\/logo\\\/image\\\/\"},\"sameAs\":[\"https:\\\/\\\/www.facebook.com\\\/profile.php?id=100063824551839\",\"https:\\\/\\\/www.instagram.com\\\/facecorner_shop\\\/\"]}]}<\/script>\n<meta property=\"product:price:amount\" content=\"29.95\" \/>\n<meta property=\"product:price:currency\" content=\"EUR\" \/>\n<meta property=\"og:availability\" content=\"out of stock\" \/>\n<meta property=\"product:availability\" content=\"out of stock\" \/>\n<meta property=\"product:condition\" content=\"new\" \/>\n<!-- \/ Yoast SEO plugin. -->","yoast_head_json":{"title":"Medi-Peel Peptide 9 Volume Bio Tox Ampoule Pro 100ml - FACECORNER","robots":{"index":"index","follow":"follow","max-snippet":"max-snippet:-1","max-image-preview":"max-image-preview:large","max-video-preview":"max-video-preview:-1"},"canonical":"https:\/\/www.facecorner.lv\/lv\/shop\/medi-peel-peptide-9-volume-bio-tox-ampoule-pro-100ml\/","og_locale":"lv_LV","og_type":"article","og_title":"Medi-Peel Peptide 9 Volume Bio Tox Ampoule Pro 100ml - FACECORNER","og_description":"Medi-Peel Peptide Peptide 9 Volume Bio Tox Ampoule Pro ir pilnveidota atjaunojo\u0161\u0101 ampulu seruma versija, kas satur liel\u0101ku akt\u012bvu koncentr\u0101ciju, kas nodro\u0161ina \u0101tr\u0101ku un efekt\u012bv\u0101ku iedarb\u012bbu. L\u012bdzeklis samazina grumbu dzi\u013cumu, atjauno \u0101das elast\u012bbu un bl\u012bvumu, pie\u0161\u0137ir elast\u012bbu un gludu tekst\u016bru, aizsarg\u0101 pret oksidat\u012bvo stresu. Pie\u0161\u0137ir vesel\u012bgu mirdzumu un vienm\u0113r\u012bgu tonusu, nov\u0113r\u0161 bl\u0101vumu, lieliski toniz\u0113. Nov\u0113r\u0161 [&hellip;]","og_url":"https:\/\/www.facecorner.lv\/lv\/shop\/medi-peel-peptide-9-volume-bio-tox-ampoule-pro-100ml\/","og_site_name":"FACECORNER","article_publisher":"https:\/\/www.facebook.com\/profile.php?id=100063824551839","article_modified_time":"2026-02-26T13:52:25+00:00","og_image":[{"width":1000,"height":1000,"url":"https:\/\/www.facecorner.lv\/wp-content\/uploads\/2024\/03\/Medi-PeelPeptide9VolumeBioToxAmpoulePro.jpeg","type":"image\/jpeg"}],"twitter_card":"summary_large_image","twitter_misc":{"Price":"&euro;29.95","Availability":"Out of stock"},"schema":{"@context":"https:\/\/schema.org","@graph":[{"@type":"WebPage","@id":"https:\/\/www.facecorner.lv\/shop\/medi-peel-peptide-9-volume-bio-tox-ampoule-pro-100ml\/","url":"https:\/\/www.facecorner.lv\/shop\/medi-peel-peptide-9-volume-bio-tox-ampoule-pro-100ml\/","name":"Medi-Peel Peptide 9 Volume Bio Tox Ampoule Pro 100ml - FACECORNER","isPartOf":{"@id":"https:\/\/www.facecorner.lv\/#website"},"primaryImageOfPage":{"@id":"https:\/\/www.facecorner.lv\/shop\/medi-peel-peptide-9-volume-bio-tox-ampoule-pro-100ml\/#primaryimage"},"image":{"@id":"https:\/\/www.facecorner.lv\/shop\/medi-peel-peptide-9-volume-bio-tox-ampoule-pro-100ml\/#primaryimage"},"thumbnailUrl":"https:\/\/www.facecorner.lv\/wp-content\/uploads\/2024\/03\/Medi-PeelPeptide9VolumeBioToxAmpoulePro.jpeg","datePublished":"2024-03-07T14:45:12+00:00","dateModified":"2026-02-26T13:52:25+00:00","breadcrumb":{"@id":"https:\/\/www.facecorner.lv\/shop\/medi-peel-peptide-9-volume-bio-tox-ampoule-pro-100ml\/#breadcrumb"},"inLanguage":"lv-LV","potentialAction":[{"@type":"ReadAction","target":["https:\/\/www.facecorner.lv\/shop\/medi-peel-peptide-9-volume-bio-tox-ampoule-pro-100ml\/"]}]},{"@type":"ImageObject","inLanguage":"lv-LV","@id":"https:\/\/www.facecorner.lv\/shop\/medi-peel-peptide-9-volume-bio-tox-ampoule-pro-100ml\/#primaryimage","url":"https:\/\/www.facecorner.lv\/wp-content\/uploads\/2024\/03\/Medi-PeelPeptide9VolumeBioToxAmpoulePro.jpeg","contentUrl":"https:\/\/www.facecorner.lv\/wp-content\/uploads\/2024\/03\/Medi-PeelPeptide9VolumeBioToxAmpoulePro.jpeg","width":1000,"height":1000},{"@type":"BreadcrumbList","@id":"https:\/\/www.facecorner.lv\/shop\/medi-peel-peptide-9-volume-bio-tox-ampoule-pro-100ml\/#breadcrumb","itemListElement":[{"@type":"ListItem","position":1,"name":"Home","item":"https:\/\/www.facecorner.lv\/"},{"@type":"ListItem","position":2,"name":"Veikals","item":"https:\/\/www.facecorner.lv\/shop\/"},{"@type":"ListItem","position":3,"name":"Medi-Peel Peptide 9 Volume Bio Tox Ampoule Pro 100ml"}]},{"@type":"WebSite","@id":"https:\/\/www.facecorner.lv\/#website","url":"https:\/\/www.facecorner.lv\/","name":"Facecorner","description":"","publisher":{"@id":"https:\/\/www.facecorner.lv\/#organization"},"potentialAction":[{"@type":"SearchAction","target":{"@type":"EntryPoint","urlTemplate":"https:\/\/www.facecorner.lv\/?s={search_term_string}"},"query-input":{"@type":"PropertyValueSpecification","valueRequired":true,"valueName":"search_term_string"}}],"inLanguage":"lv-LV"},{"@type":"Organization","@id":"https:\/\/www.facecorner.lv\/#organization","name":"Facecorner","url":"https:\/\/www.facecorner.lv\/","logo":{"@type":"ImageObject","inLanguage":"lv-LV","@id":"https:\/\/www.facecorner.lv\/#\/schema\/logo\/image\/","url":"https:\/\/www.facecorner.lv\/wp-content\/uploads\/2024\/04\/fc-logo.jpg","contentUrl":"https:\/\/www.facecorner.lv\/wp-content\/uploads\/2024\/04\/fc-logo.jpg","width":174,"height":28,"caption":"Facecorner"},"image":{"@id":"https:\/\/www.facecorner.lv\/#\/schema\/logo\/image\/"},"sameAs":["https:\/\/www.facebook.com\/profile.php?id=100063824551839","https:\/\/www.instagram.com\/facecorner_shop\/"]}]},"product_price_amount":"29.95","product_price_currency":"EUR","og_availability":"out of stock","product_availability":"out of stock","product_condition":"new"},"_links":{"self":[{"href":"https:\/\/www.facecorner.lv\/lv\/wp-json\/wp\/v2\/product\/14546","targetHints":{"allow":["GET"]}}],"collection":[{"href":"https:\/\/www.facecorner.lv\/lv\/wp-json\/wp\/v2\/product"}],"about":[{"href":"https:\/\/www.facecorner.lv\/lv\/wp-json\/wp\/v2\/types\/product"}],"replies":[{"embeddable":true,"href":"https:\/\/www.facecorner.lv\/lv\/wp-json\/wp\/v2\/comments?post=14546"}],"wp:featuredmedia":[{"embeddable":true,"href":"https:\/\/www.facecorner.lv\/lv\/wp-json\/wp\/v2\/media\/14547"}],"wp:attachment":[{"href":"https:\/\/www.facecorner.lv\/lv\/wp-json\/wp\/v2\/media?parent=14546"}],"wp:term":[{"taxonomy":"product_brand","embeddable":true,"href":"https:\/\/www.facecorner.lv\/lv\/wp-json\/wp\/v2\/product_brand?post=14546"},{"taxonomy":"product_cat","embeddable":true,"href":"https:\/\/www.facecorner.lv\/lv\/wp-json\/wp\/v2\/product_cat?post=14546"},{"taxonomy":"product_tag","embeddable":true,"href":"https:\/\/www.facecorner.lv\/lv\/wp-json\/wp\/v2\/product_tag?post=14546"},{"taxonomy":"berocket_brand","embeddable":true,"href":"https:\/\/www.facecorner.lv\/lv\/wp-json\/wp\/v2\/berocket_brand?post=14546"}],"curies":[{"name":"wp","href":"https:\/\/api.w.org\/{rel}","templated":true}]}}