{"id":14521,"date":"2024-03-05T14:26:50","date_gmt":"2024-03-05T12:26:50","guid":{"rendered":"https:\/\/www.facecorner.lv\/?post_type=product&#038;p=14521"},"modified":"2025-03-26T22:49:37","modified_gmt":"2025-03-26T19:49:37","slug":"by-wishtrend-natural-vitamin-215-enchancing-sheet-mask","status":"publish","type":"product","link":"https:\/\/www.facecorner.lv\/lv\/shop\/by-wishtrend-natural-vitamin-215-enchancing-sheet-mask\/","title":{"rendered":"By Wishtrend Natural Vitamin 21,5% Enchancing Sheet Mask"},"content":{"rendered":"<p>Wishtrend Natural Vitamin 21,5% Enchancing Sheet Mask pies\u0101tina \u0101du ar vitam\u012bniem, makroelementiem un antioksidantu iedarb\u012bbu.<\/p>\n<p><strong>Galven\u0101s maskas \u012bpa\u0161\u012bbas:<\/strong><\/p>\n<ul>\n<li>veicina toks\u012bnu izvad\u012b\u0161anu<\/li>\n<li>nomierina kairin\u0101jumu<\/li>\n<li>redzami uzlabo \u0101das tonusu un reljefu<\/li>\n<li>pal\u012bdz izl\u012bdzin\u0101t grumbas<\/li>\n<li>intens\u012bvi mitrina<\/li>\n<\/ul>\n<p>C vitam\u012bnam (11%) ir izteikta antioksidanta iedarb\u012bba, kas efekt\u012bvi aizsarg\u0101 \u0101du no ultraviolet\u0101 starojuma rad\u012btajiem boj\u0101jumiem, veicina \u0101das kolag\u0113na veido\u0161anos, pal\u012bdz uzlabot \u0101das elast\u012bbu, elast\u012bbu un mitrin\u0101\u0161anu, pal\u012bdz pal\u0113nin\u0101t glik\u0101cijas procesu (kolag\u0113na \u0161\u0137iedru salip\u0161anu), kas izraisa \u0101das noveco\u0161anos, mazina vecuma plankumus un p\u0113p\u016bt\u012btes, izl\u012bdzina sejas kr\u0101su un pie\u0161\u0137ir \u0101dai vesel\u012bgu mirdzumu.<\/p>\n<p>E vitam\u012bns (10,5 %) pal\u012bdz uzlabot \u0101das struktur\u0101lo integrit\u0101ti un iedarbojas atjaunojo\u0161i.<\/p>\n<p><strong>Lieto\u0161ana:<\/strong> iz\u0146emiet no iepakojuma un cie\u0161i uzkl\u0101jiet uz att\u012br\u012btas un samitrin\u0101tas sejas \u0101das. Pagaidiet 10-20 min\u016btes un no\u0146emiet. \u013baujiet esencei ies\u016bkties un viegli iep\u016btiet atlikumu \u0101d\u0101.<\/p>\n<p><strong>S\u0101stavs:\u00a0<\/strong>Water, Butylene Glycol, Hippophae Rhamnoides Water, Camellia Sinensis Leaf Extract, Glycerin, Betaine, 1,2-Hexanediol, Sodium Hyaluronate, Hydroxyethyl Acrylate\/Sodium Acryloyldimethyl Taurate Copolymer, Allantoin, Panthenol, Ethylhexylglycerin<\/p>\n","protected":false},"excerpt":{"rendered":"<p>Wishtrend Natural Vitamin 21,5% Enchancing Sheet Mask pies\u0101tina \u0101du ar vitam\u012bniem, makroelementiem un antioksidantu iedarb\u012bbu. Galven\u0101s maskas \u012bpa\u0161\u012bbas: veicina toks\u012bnu izvad\u012b\u0161anu nomierina kairin\u0101jumu redzami uzlabo \u0101das tonusu un reljefu pal\u012bdz izl\u012bdzin\u0101t grumbas intens\u012bvi mitrina C vitam\u012bnam (11%) ir izteikta antioksidanta iedarb\u012bba, kas efekt\u012bvi aizsarg\u0101 \u0101du no ultraviolet\u0101 starojuma rad\u012btajiem boj\u0101jumiem, veicina \u0101das kolag\u0113na veido\u0161anos, pal\u012bdz [&hellip;]<\/p>\n","protected":false},"featured_media":14523,"comment_status":"open","ping_status":"closed","template":"","meta":{"site-sidebar-layout":"default","site-content-layout":"","ast-site-content-layout":"","site-content-style":"default","site-sidebar-style":"default","ast-global-header-display":"","ast-banner-title-visibility":"","ast-main-header-display":"","ast-hfb-above-header-display":"","ast-hfb-below-header-display":"","ast-hfb-mobile-header-display":"","site-post-title":"","ast-breadcrumbs-content":"","ast-featured-img":"","footer-sml-layout":"","theme-transparent-header-meta":"","adv-header-id-meta":"","stick-header-meta":"","header-above-stick-meta":"","header-main-stick-meta":"","header-below-stick-meta":"","astra-migrate-meta-layouts":"default","ast-page-background-enabled":"default","ast-page-background-meta":{"desktop":{"background-color":"var(--ast-global-color-4)","background-image":"","background-repeat":"repeat","background-position":"center center","background-size":"auto","background-attachment":"scroll","background-type":"","background-media":"","overlay-type":"","overlay-color":"","overlay-opacity":"","overlay-gradient":""},"tablet":{"background-color":"","background-image":"","background-repeat":"repeat","background-position":"center center","background-size":"auto","background-attachment":"scroll","background-type":"","background-media":"","overlay-type":"","overlay-color":"","overlay-opacity":"","overlay-gradient":""},"mobile":{"background-color":"","background-image":"","background-repeat":"repeat","background-position":"center center","background-size":"auto","background-attachment":"scroll","background-type":"","background-media":"","overlay-type":"","overlay-color":"","overlay-opacity":"","overlay-gradient":""}},"ast-content-background-meta":{"desktop":{"background-color":"var(--ast-global-color-5)","background-image":"","background-repeat":"repeat","background-position":"center center","background-size":"auto","background-attachment":"scroll","background-type":"","background-media":"","overlay-type":"","overlay-color":"","overlay-opacity":"","overlay-gradient":""},"tablet":{"background-color":"var(--ast-global-color-5)","background-image":"","background-repeat":"repeat","background-position":"center center","background-size":"auto","background-attachment":"scroll","background-type":"","background-media":"","overlay-type":"","overlay-color":"","overlay-opacity":"","overlay-gradient":""},"mobile":{"background-color":"var(--ast-global-color-5)","background-image":"","background-repeat":"repeat","background-position":"center center","background-size":"auto","background-attachment":"scroll","background-type":"","background-media":"","overlay-type":"","overlay-color":"","overlay-opacity":"","overlay-gradient":""}}},"product_brand":[],"product_cat":[324,315],"product_tag":[],"berocket_brand":[],"class_list":{"0":"post-14521","1":"product","2":"type-product","3":"status-publish","4":"has-post-thumbnail","6":"product_cat-auduma","7":"product_cat-maskas","8":"desktop-align-left","9":"tablet-align-left","10":"mobile-align-left","12":"first","13":"outofstock","14":"taxable","15":"shipping-taxable","16":"purchasable","17":"product-type-simple","18":"add-to-wishlist-before_image"},"yoast_head":"<!-- This site is optimized with the Yoast SEO plugin v27.3 - https:\/\/yoast.com\/product\/yoast-seo-wordpress\/ -->\n<title>By Wishtrend Natural Vitamin 21,5% Enchancing Sheet Mask - FACECORNER<\/title>\n<meta name=\"robots\" content=\"index, follow, max-snippet:-1, max-image-preview:large, max-video-preview:-1\" \/>\n<link rel=\"canonical\" href=\"https:\/\/www.facecorner.lv\/lv\/shop\/by-wishtrend-natural-vitamin-215-enchancing-sheet-mask\/\" \/>\n<meta property=\"og:locale\" content=\"lv_LV\" \/>\n<meta property=\"og:type\" content=\"article\" \/>\n<meta property=\"og:title\" content=\"By Wishtrend Natural Vitamin 21,5% Enchancing Sheet Mask - FACECORNER\" \/>\n<meta property=\"og:description\" content=\"Wishtrend Natural Vitamin 21,5% Enchancing Sheet Mask pies\u0101tina \u0101du ar vitam\u012bniem, makroelementiem un antioksidantu iedarb\u012bbu. Galven\u0101s maskas \u012bpa\u0161\u012bbas: veicina toks\u012bnu izvad\u012b\u0161anu nomierina kairin\u0101jumu redzami uzlabo \u0101das tonusu un reljefu pal\u012bdz izl\u012bdzin\u0101t grumbas intens\u012bvi mitrina C vitam\u012bnam (11%) ir izteikta antioksidanta iedarb\u012bba, kas efekt\u012bvi aizsarg\u0101 \u0101du no ultraviolet\u0101 starojuma rad\u012btajiem boj\u0101jumiem, veicina \u0101das kolag\u0113na veido\u0161anos, pal\u012bdz [&hellip;]\" \/>\n<meta property=\"og:url\" content=\"https:\/\/www.facecorner.lv\/lv\/shop\/by-wishtrend-natural-vitamin-215-enchancing-sheet-mask\/\" \/>\n<meta property=\"og:site_name\" content=\"FACECORNER\" \/>\n<meta property=\"article:publisher\" content=\"https:\/\/www.facebook.com\/profile.php?id=100063824551839\" \/>\n<meta property=\"article:modified_time\" content=\"2025-03-26T19:49:37+00:00\" \/>\n<meta property=\"og:image\" content=\"https:\/\/www.facecorner.lv\/wp-content\/uploads\/2024\/03\/899f7f62fdaf099f637ef7b785071af2.jpeg\" \/>\n\t<meta property=\"og:image:width\" content=\"1024\" \/>\n\t<meta property=\"og:image:height\" content=\"1024\" \/>\n\t<meta property=\"og:image:type\" content=\"image\/jpeg\" \/>\n<meta name=\"twitter:card\" content=\"summary_large_image\" \/>\n<meta name=\"twitter:label1\" content=\"Price\" \/>\n\t<meta name=\"twitter:data1\" content=\"&euro;4.00\" \/>\n\t<meta name=\"twitter:label2\" content=\"Availability\" \/>\n\t<meta name=\"twitter:data2\" content=\"Out of stock\" \/>\n<script type=\"application\/ld+json\" class=\"yoast-schema-graph\">{\"@context\":\"https:\\\/\\\/schema.org\",\"@graph\":[{\"@type\":\"WebPage\",\"@id\":\"https:\\\/\\\/www.facecorner.lv\\\/shop\\\/by-wishtrend-natural-vitamin-215-enchancing-sheet-mask\\\/\",\"url\":\"https:\\\/\\\/www.facecorner.lv\\\/shop\\\/by-wishtrend-natural-vitamin-215-enchancing-sheet-mask\\\/\",\"name\":\"By Wishtrend Natural Vitamin 21,5% Enchancing Sheet Mask - FACECORNER\",\"isPartOf\":{\"@id\":\"https:\\\/\\\/www.facecorner.lv\\\/#website\"},\"primaryImageOfPage\":{\"@id\":\"https:\\\/\\\/www.facecorner.lv\\\/shop\\\/by-wishtrend-natural-vitamin-215-enchancing-sheet-mask\\\/#primaryimage\"},\"image\":{\"@id\":\"https:\\\/\\\/www.facecorner.lv\\\/shop\\\/by-wishtrend-natural-vitamin-215-enchancing-sheet-mask\\\/#primaryimage\"},\"thumbnailUrl\":\"https:\\\/\\\/www.facecorner.lv\\\/wp-content\\\/uploads\\\/2024\\\/03\\\/899f7f62fdaf099f637ef7b785071af2.jpeg\",\"datePublished\":\"2024-03-05T12:26:50+00:00\",\"dateModified\":\"2025-03-26T19:49:37+00:00\",\"breadcrumb\":{\"@id\":\"https:\\\/\\\/www.facecorner.lv\\\/shop\\\/by-wishtrend-natural-vitamin-215-enchancing-sheet-mask\\\/#breadcrumb\"},\"inLanguage\":\"lv-LV\",\"potentialAction\":[{\"@type\":\"ReadAction\",\"target\":[\"https:\\\/\\\/www.facecorner.lv\\\/shop\\\/by-wishtrend-natural-vitamin-215-enchancing-sheet-mask\\\/\"]}]},{\"@type\":\"ImageObject\",\"inLanguage\":\"lv-LV\",\"@id\":\"https:\\\/\\\/www.facecorner.lv\\\/shop\\\/by-wishtrend-natural-vitamin-215-enchancing-sheet-mask\\\/#primaryimage\",\"url\":\"https:\\\/\\\/www.facecorner.lv\\\/wp-content\\\/uploads\\\/2024\\\/03\\\/899f7f62fdaf099f637ef7b785071af2.jpeg\",\"contentUrl\":\"https:\\\/\\\/www.facecorner.lv\\\/wp-content\\\/uploads\\\/2024\\\/03\\\/899f7f62fdaf099f637ef7b785071af2.jpeg\",\"width\":1024,\"height\":1024},{\"@type\":\"BreadcrumbList\",\"@id\":\"https:\\\/\\\/www.facecorner.lv\\\/shop\\\/by-wishtrend-natural-vitamin-215-enchancing-sheet-mask\\\/#breadcrumb\",\"itemListElement\":[{\"@type\":\"ListItem\",\"position\":1,\"name\":\"Home\",\"item\":\"https:\\\/\\\/www.facecorner.lv\\\/\"},{\"@type\":\"ListItem\",\"position\":2,\"name\":\"Veikals\",\"item\":\"https:\\\/\\\/www.facecorner.lv\\\/shop\\\/\"},{\"@type\":\"ListItem\",\"position\":3,\"name\":\"By Wishtrend Natural Vitamin 21,5% Enchancing Sheet Mask\"}]},{\"@type\":\"WebSite\",\"@id\":\"https:\\\/\\\/www.facecorner.lv\\\/#website\",\"url\":\"https:\\\/\\\/www.facecorner.lv\\\/\",\"name\":\"Facecorner\",\"description\":\"\",\"publisher\":{\"@id\":\"https:\\\/\\\/www.facecorner.lv\\\/#organization\"},\"potentialAction\":[{\"@type\":\"SearchAction\",\"target\":{\"@type\":\"EntryPoint\",\"urlTemplate\":\"https:\\\/\\\/www.facecorner.lv\\\/?s={search_term_string}\"},\"query-input\":{\"@type\":\"PropertyValueSpecification\",\"valueRequired\":true,\"valueName\":\"search_term_string\"}}],\"inLanguage\":\"lv-LV\"},{\"@type\":\"Organization\",\"@id\":\"https:\\\/\\\/www.facecorner.lv\\\/#organization\",\"name\":\"Facecorner\",\"url\":\"https:\\\/\\\/www.facecorner.lv\\\/\",\"logo\":{\"@type\":\"ImageObject\",\"inLanguage\":\"lv-LV\",\"@id\":\"https:\\\/\\\/www.facecorner.lv\\\/#\\\/schema\\\/logo\\\/image\\\/\",\"url\":\"https:\\\/\\\/www.facecorner.lv\\\/wp-content\\\/uploads\\\/2024\\\/04\\\/fc-logo.jpg\",\"contentUrl\":\"https:\\\/\\\/www.facecorner.lv\\\/wp-content\\\/uploads\\\/2024\\\/04\\\/fc-logo.jpg\",\"width\":174,\"height\":28,\"caption\":\"Facecorner\"},\"image\":{\"@id\":\"https:\\\/\\\/www.facecorner.lv\\\/#\\\/schema\\\/logo\\\/image\\\/\"},\"sameAs\":[\"https:\\\/\\\/www.facebook.com\\\/profile.php?id=100063824551839\",\"https:\\\/\\\/www.instagram.com\\\/facecorner_shop\\\/\"]}]}<\/script>\n<meta property=\"product:price:amount\" content=\"4.00\" \/>\n<meta property=\"product:price:currency\" content=\"EUR\" \/>\n<meta property=\"og:availability\" content=\"out of stock\" \/>\n<meta property=\"product:availability\" content=\"out of stock\" \/>\n<meta property=\"product:condition\" content=\"new\" \/>\n<!-- \/ Yoast SEO plugin. -->","yoast_head_json":{"title":"By Wishtrend Natural Vitamin 21,5% Enchancing Sheet Mask - FACECORNER","robots":{"index":"index","follow":"follow","max-snippet":"max-snippet:-1","max-image-preview":"max-image-preview:large","max-video-preview":"max-video-preview:-1"},"canonical":"https:\/\/www.facecorner.lv\/lv\/shop\/by-wishtrend-natural-vitamin-215-enchancing-sheet-mask\/","og_locale":"lv_LV","og_type":"article","og_title":"By Wishtrend Natural Vitamin 21,5% Enchancing Sheet Mask - FACECORNER","og_description":"Wishtrend Natural Vitamin 21,5% Enchancing Sheet Mask pies\u0101tina \u0101du ar vitam\u012bniem, makroelementiem un antioksidantu iedarb\u012bbu. Galven\u0101s maskas \u012bpa\u0161\u012bbas: veicina toks\u012bnu izvad\u012b\u0161anu nomierina kairin\u0101jumu redzami uzlabo \u0101das tonusu un reljefu pal\u012bdz izl\u012bdzin\u0101t grumbas intens\u012bvi mitrina C vitam\u012bnam (11%) ir izteikta antioksidanta iedarb\u012bba, kas efekt\u012bvi aizsarg\u0101 \u0101du no ultraviolet\u0101 starojuma rad\u012btajiem boj\u0101jumiem, veicina \u0101das kolag\u0113na veido\u0161anos, pal\u012bdz [&hellip;]","og_url":"https:\/\/www.facecorner.lv\/lv\/shop\/by-wishtrend-natural-vitamin-215-enchancing-sheet-mask\/","og_site_name":"FACECORNER","article_publisher":"https:\/\/www.facebook.com\/profile.php?id=100063824551839","article_modified_time":"2025-03-26T19:49:37+00:00","og_image":[{"width":1024,"height":1024,"url":"https:\/\/www.facecorner.lv\/wp-content\/uploads\/2024\/03\/899f7f62fdaf099f637ef7b785071af2.jpeg","type":"image\/jpeg"}],"twitter_card":"summary_large_image","twitter_misc":{"Price":"&euro;4.00","Availability":"Out of stock"},"schema":{"@context":"https:\/\/schema.org","@graph":[{"@type":"WebPage","@id":"https:\/\/www.facecorner.lv\/shop\/by-wishtrend-natural-vitamin-215-enchancing-sheet-mask\/","url":"https:\/\/www.facecorner.lv\/shop\/by-wishtrend-natural-vitamin-215-enchancing-sheet-mask\/","name":"By Wishtrend Natural Vitamin 21,5% Enchancing Sheet Mask - FACECORNER","isPartOf":{"@id":"https:\/\/www.facecorner.lv\/#website"},"primaryImageOfPage":{"@id":"https:\/\/www.facecorner.lv\/shop\/by-wishtrend-natural-vitamin-215-enchancing-sheet-mask\/#primaryimage"},"image":{"@id":"https:\/\/www.facecorner.lv\/shop\/by-wishtrend-natural-vitamin-215-enchancing-sheet-mask\/#primaryimage"},"thumbnailUrl":"https:\/\/www.facecorner.lv\/wp-content\/uploads\/2024\/03\/899f7f62fdaf099f637ef7b785071af2.jpeg","datePublished":"2024-03-05T12:26:50+00:00","dateModified":"2025-03-26T19:49:37+00:00","breadcrumb":{"@id":"https:\/\/www.facecorner.lv\/shop\/by-wishtrend-natural-vitamin-215-enchancing-sheet-mask\/#breadcrumb"},"inLanguage":"lv-LV","potentialAction":[{"@type":"ReadAction","target":["https:\/\/www.facecorner.lv\/shop\/by-wishtrend-natural-vitamin-215-enchancing-sheet-mask\/"]}]},{"@type":"ImageObject","inLanguage":"lv-LV","@id":"https:\/\/www.facecorner.lv\/shop\/by-wishtrend-natural-vitamin-215-enchancing-sheet-mask\/#primaryimage","url":"https:\/\/www.facecorner.lv\/wp-content\/uploads\/2024\/03\/899f7f62fdaf099f637ef7b785071af2.jpeg","contentUrl":"https:\/\/www.facecorner.lv\/wp-content\/uploads\/2024\/03\/899f7f62fdaf099f637ef7b785071af2.jpeg","width":1024,"height":1024},{"@type":"BreadcrumbList","@id":"https:\/\/www.facecorner.lv\/shop\/by-wishtrend-natural-vitamin-215-enchancing-sheet-mask\/#breadcrumb","itemListElement":[{"@type":"ListItem","position":1,"name":"Home","item":"https:\/\/www.facecorner.lv\/"},{"@type":"ListItem","position":2,"name":"Veikals","item":"https:\/\/www.facecorner.lv\/shop\/"},{"@type":"ListItem","position":3,"name":"By Wishtrend Natural Vitamin 21,5% Enchancing Sheet Mask"}]},{"@type":"WebSite","@id":"https:\/\/www.facecorner.lv\/#website","url":"https:\/\/www.facecorner.lv\/","name":"Facecorner","description":"","publisher":{"@id":"https:\/\/www.facecorner.lv\/#organization"},"potentialAction":[{"@type":"SearchAction","target":{"@type":"EntryPoint","urlTemplate":"https:\/\/www.facecorner.lv\/?s={search_term_string}"},"query-input":{"@type":"PropertyValueSpecification","valueRequired":true,"valueName":"search_term_string"}}],"inLanguage":"lv-LV"},{"@type":"Organization","@id":"https:\/\/www.facecorner.lv\/#organization","name":"Facecorner","url":"https:\/\/www.facecorner.lv\/","logo":{"@type":"ImageObject","inLanguage":"lv-LV","@id":"https:\/\/www.facecorner.lv\/#\/schema\/logo\/image\/","url":"https:\/\/www.facecorner.lv\/wp-content\/uploads\/2024\/04\/fc-logo.jpg","contentUrl":"https:\/\/www.facecorner.lv\/wp-content\/uploads\/2024\/04\/fc-logo.jpg","width":174,"height":28,"caption":"Facecorner"},"image":{"@id":"https:\/\/www.facecorner.lv\/#\/schema\/logo\/image\/"},"sameAs":["https:\/\/www.facebook.com\/profile.php?id=100063824551839","https:\/\/www.instagram.com\/facecorner_shop\/"]}]},"product_price_amount":"4.00","product_price_currency":"EUR","og_availability":"out of stock","product_availability":"out of stock","product_condition":"new"},"_links":{"self":[{"href":"https:\/\/www.facecorner.lv\/lv\/wp-json\/wp\/v2\/product\/14521","targetHints":{"allow":["GET"]}}],"collection":[{"href":"https:\/\/www.facecorner.lv\/lv\/wp-json\/wp\/v2\/product"}],"about":[{"href":"https:\/\/www.facecorner.lv\/lv\/wp-json\/wp\/v2\/types\/product"}],"replies":[{"embeddable":true,"href":"https:\/\/www.facecorner.lv\/lv\/wp-json\/wp\/v2\/comments?post=14521"}],"wp:featuredmedia":[{"embeddable":true,"href":"https:\/\/www.facecorner.lv\/lv\/wp-json\/wp\/v2\/media\/14523"}],"wp:attachment":[{"href":"https:\/\/www.facecorner.lv\/lv\/wp-json\/wp\/v2\/media?parent=14521"}],"wp:term":[{"taxonomy":"product_brand","embeddable":true,"href":"https:\/\/www.facecorner.lv\/lv\/wp-json\/wp\/v2\/product_brand?post=14521"},{"taxonomy":"product_cat","embeddable":true,"href":"https:\/\/www.facecorner.lv\/lv\/wp-json\/wp\/v2\/product_cat?post=14521"},{"taxonomy":"product_tag","embeddable":true,"href":"https:\/\/www.facecorner.lv\/lv\/wp-json\/wp\/v2\/product_tag?post=14521"},{"taxonomy":"berocket_brand","embeddable":true,"href":"https:\/\/www.facecorner.lv\/lv\/wp-json\/wp\/v2\/berocket_brand?post=14521"}],"curies":[{"name":"wp","href":"https:\/\/api.w.org\/{rel}","templated":true}]}}