{"id":14438,"date":"2024-02-28T17:07:03","date_gmt":"2024-02-28T15:07:03","guid":{"rendered":"https:\/\/www.facecorner.lv\/?post_type=product&#038;p=14438"},"modified":"2026-01-21T12:27:15","modified_gmt":"2026-01-21T09:27:15","slug":"medi-peel-hyal-kombucha-tea-tox-toner-150ml","status":"publish","type":"product","link":"https:\/\/www.facecorner.lv\/lv\/shop\/medi-peel-hyal-kombucha-tea-tox-toner-150ml\/","title":{"rendered":"Medi-Peel Hyal Kombucha Tea-Tox Toner 150ml"},"content":{"rendered":"<p>Medi-Peel Hyal Kombucha Tea-Tox toniks m\u012bkstina un baro \u0101du, atjauno boj\u0101jumus, nov\u0113r\u0161 sausumu un lob\u012b\u0161anos, izl\u012bdzina un saglab\u0101 elast\u012bbu. pH l\u012bmenis ir ~6,0.<\/p>\n<p>L\u012bdzeklis stiprina dabisko aizsargbarjeru, nov\u0113r\u0161 bl\u0101vumu un pie\u0161\u0137ir vesel\u012bgu mirdzumu, atjauno pH l\u012bdzsvaru un sagatavo n\u0101kamajai kop\u0161anai. Tam ir maiga kr\u0113mveida tekst\u016bra. Atsvaidzino\u0161s, \u0101tri uzs\u016bcas.<\/p>\n<p>Sast\u0101v\u0101 ir 70 % Lielbrit\u0101nij\u0101 ra\u017eotas kombu\u010das, kas tiek veidota 336 stundas 29 \u00b0C temperat\u016br\u0101. Kombu\u010da ir bag\u0101ta ar vitam\u012bniem, polifenoliem, aminosk\u0101b\u0113m un miner\u0101lviel\u0101m, t\u0101p\u0113c t\u0101 akt\u012bvi c\u012bn\u0101s ar br\u012bvajiem radik\u0101\u013ciem: pal\u0113nina noveco\u0161an\u0101s procesus, uzlabo viet\u0113jo imunit\u0101ti un barjeras funkcijas.<\/p>\n<p>Sast\u0101v\u0101 eso\u0161ie 5 veidu keram\u012bdi nodro\u0161ina \u0101dai gludu tekst\u016bru, atbr\u012bvo no sausuma un sasprindzin\u0101juma, m\u012bkstina lob\u012bt\u0101s vietas. Pateicoties to l\u012bdz\u012bbai ar epidermas lip\u012bdiem, keram\u012bdi iesak\u0146ojas raga sl\u0101n\u012b un nostiprina to, t\u0101d\u0113j\u0101di nov\u0113r\u0161ot mitruma iztvaiko\u0161anu un kait\u012bgo vielu iek\u013c\u016b\u0161anu \u0101d\u0101.<\/p>\n<p>Tonik\u0101 eso\u0161ie keram\u012bdi pilda ar\u012b liposomu lomu &#8211; transport\u0113 akt\u012bv\u0101s vielas, kombu un hialuronsk\u0101bi, dzi\u013ci epiderm\u0101, \u013caujot sast\u0101vda\u013c\u0101m \u0101tr\u0101k uzs\u016bkties un iedarboties efekt\u012bv\u0101k,<\/p>\n<p>V-Label\u00ae starptautiski sertific\u0113ts, lai nodro\u0161in\u0101tu, ka sast\u0101v\u0101 nav dz\u012bvnieku izcelsmes sast\u0101vda\u013cu.<\/p>\n<p><strong>Lieto\u0161ana:<\/strong> pirms lieto\u0161anas sakratiet toniku. P\u0113c mazg\u0101\u0161anas uzkl\u0101jiet l\u012bdzekli uz sejas ar plaukst\u0101m vai ar vates disku. Var lietot k\u0101 lok\u0101lu masku: iem\u0113rciet vates disku ar toniku un uzkl\u0101jiet uz \u0101das uz 2-5 min\u016bt\u0113m.<\/p>\n<p><strong>S\u0101stavs<\/strong>:Saccharomyces\/Xylinum\/Black Tea Ferment (70%), water, cetylethylhexanoate, hydrogenated poly(C6-14 olefin), 1,2-hexanediol, niacinamide, propanediol, glycerin, butyLen Glycol, Caprylic\/Capric Triglyceride, Decyl Glucoside, Carbomer, Saccharomyces\/Rice Bran Ferment, Adansonia Digitata Seed Oil, Hydrogenated Lecithin, Camellia Flower Extract, Citrus Unshiu Peel Extract, Madecassoside, Tetradecyl Aminobutyroylvalylaminobutyric Urea Trifluoroacetate, Ceramide NP, Ceramide NS, Ceramide AS, Ceramide OP, Ceramide AP, sodium hyaluronate (500 ppm), hydrolyzed glycosaminoglycan (5.52 ppb), sodium hyaluronate crosspolymer (1 ppb), hydrolyzed hyaluronic acid (0.52 ppb), hydroxypropyltrimonium hyaluronate (0.1125 ppb), hyaluronic acid (0.01 ppb), sodium acetylated hyaluronate (0.002 ppb), Rosa Damascena Flower Water, Pyrus Communis (Pear) Fruit Extract, Prunus Persica (Peach) Fruit Extract, Jasminum Officinale (Jasmine) Flower Water, Hedera Helix (Ivy) Leaf\/Stem Extract, Cucumis Melo (Melon) Fruit Extract, Tocopheryl Acetate, Cyanocobalamin, Caprylyl Glycol, Magnesium Chloride, Benzyl Glycol, Polysorbate 60, Ethylhexylglycerin, Adenosine, Caramel, Pentylene Glycol<\/p>\n","protected":false},"excerpt":{"rendered":"<p>Medi-Peel Hyal Kombucha Tea-Tox toniks m\u012bkstina un baro \u0101du, atjauno boj\u0101jumus, nov\u0113r\u0161 sausumu un lob\u012b\u0161anos, izl\u012bdzina un saglab\u0101 elast\u012bbu. pH l\u012bmenis ir ~6,0. L\u012bdzeklis stiprina dabisko aizsargbarjeru, nov\u0113r\u0161 bl\u0101vumu un pie\u0161\u0137ir vesel\u012bgu mirdzumu, atjauno pH l\u012bdzsvaru un sagatavo n\u0101kamajai kop\u0161anai. Tam ir maiga kr\u0113mveida tekst\u016bra. Atsvaidzino\u0161s, \u0101tri uzs\u016bcas. Sast\u0101v\u0101 ir 70 % Lielbrit\u0101nij\u0101 ra\u017eotas kombu\u010das, [&hellip;]<\/p>\n","protected":false},"featured_media":14440,"comment_status":"open","ping_status":"closed","template":"","meta":{"site-sidebar-layout":"default","site-content-layout":"","ast-site-content-layout":"","site-content-style":"default","site-sidebar-style":"default","ast-global-header-display":"","ast-banner-title-visibility":"","ast-main-header-display":"","ast-hfb-above-header-display":"","ast-hfb-below-header-display":"","ast-hfb-mobile-header-display":"","site-post-title":"","ast-breadcrumbs-content":"","ast-featured-img":"","footer-sml-layout":"","theme-transparent-header-meta":"","adv-header-id-meta":"","stick-header-meta":"","header-above-stick-meta":"","header-main-stick-meta":"","header-below-stick-meta":"","astra-migrate-meta-layouts":"default","ast-page-background-enabled":"default","ast-page-background-meta":{"desktop":{"background-color":"var(--ast-global-color-4)","background-image":"","background-repeat":"repeat","background-position":"center center","background-size":"auto","background-attachment":"scroll","background-type":"","background-media":"","overlay-type":"","overlay-color":"","overlay-opacity":"","overlay-gradient":""},"tablet":{"background-color":"","background-image":"","background-repeat":"repeat","background-position":"center center","background-size":"auto","background-attachment":"scroll","background-type":"","background-media":"","overlay-type":"","overlay-color":"","overlay-opacity":"","overlay-gradient":""},"mobile":{"background-color":"","background-image":"","background-repeat":"repeat","background-position":"center center","background-size":"auto","background-attachment":"scroll","background-type":"","background-media":"","overlay-type":"","overlay-color":"","overlay-opacity":"","overlay-gradient":""}},"ast-content-background-meta":{"desktop":{"background-color":"var(--ast-global-color-5)","background-image":"","background-repeat":"repeat","background-position":"center center","background-size":"auto","background-attachment":"scroll","background-type":"","background-media":"","overlay-type":"","overlay-color":"","overlay-opacity":"","overlay-gradient":""},"tablet":{"background-color":"var(--ast-global-color-5)","background-image":"","background-repeat":"repeat","background-position":"center center","background-size":"auto","background-attachment":"scroll","background-type":"","background-media":"","overlay-type":"","overlay-color":"","overlay-opacity":"","overlay-gradient":""},"mobile":{"background-color":"var(--ast-global-color-5)","background-image":"","background-repeat":"repeat","background-position":"center center","background-size":"auto","background-attachment":"scroll","background-type":"","background-media":"","overlay-type":"","overlay-color":"","overlay-opacity":"","overlay-gradient":""}}},"product_brand":[],"product_cat":[375,378,364,376],"product_tag":[],"berocket_brand":[583],"class_list":{"0":"post-14438","1":"product","2":"type-product","3":"status-publish","4":"has-post-thumbnail","6":"product_cat-jutigai-adai-toneri","7":"product_cat-sausai-adai-toneri","8":"product_cat-toneri","9":"product_cat-kombinetai-adai-toneri","10":"berocket_brand-medi-peel","11":"desktop-align-left","12":"tablet-align-left","13":"mobile-align-left","15":"first","16":"instock","17":"taxable","18":"shipping-taxable","19":"purchasable","20":"product-type-simple","21":"add-to-wishlist-before_image"},"yoast_head":"<!-- This site is optimized with the Yoast SEO plugin v27.4 - https:\/\/yoast.com\/product\/yoast-seo-wordpress\/ -->\n<title>Medi-Peel Hyal Kombucha Tea-Tox Toner 150ml - FACECORNER<\/title>\n<meta name=\"robots\" content=\"index, follow, max-snippet:-1, max-image-preview:large, max-video-preview:-1\" \/>\n<link rel=\"canonical\" href=\"https:\/\/www.facecorner.lv\/lv\/shop\/medi-peel-hyal-kombucha-tea-tox-toner-150ml\/\" \/>\n<meta property=\"og:locale\" content=\"lv_LV\" \/>\n<meta property=\"og:type\" content=\"article\" \/>\n<meta property=\"og:title\" content=\"Medi-Peel Hyal Kombucha Tea-Tox Toner 150ml - FACECORNER\" \/>\n<meta property=\"og:description\" content=\"Medi-Peel Hyal Kombucha Tea-Tox toniks m\u012bkstina un baro \u0101du, atjauno boj\u0101jumus, nov\u0113r\u0161 sausumu un lob\u012b\u0161anos, izl\u012bdzina un saglab\u0101 elast\u012bbu. pH l\u012bmenis ir ~6,0. L\u012bdzeklis stiprina dabisko aizsargbarjeru, nov\u0113r\u0161 bl\u0101vumu un pie\u0161\u0137ir vesel\u012bgu mirdzumu, atjauno pH l\u012bdzsvaru un sagatavo n\u0101kamajai kop\u0161anai. Tam ir maiga kr\u0113mveida tekst\u016bra. Atsvaidzino\u0161s, \u0101tri uzs\u016bcas. Sast\u0101v\u0101 ir 70 % Lielbrit\u0101nij\u0101 ra\u017eotas kombu\u010das, [&hellip;]\" \/>\n<meta property=\"og:url\" content=\"https:\/\/www.facecorner.lv\/lv\/shop\/medi-peel-hyal-kombucha-tea-tox-toner-150ml\/\" \/>\n<meta property=\"og:site_name\" content=\"FACECORNER\" \/>\n<meta property=\"article:publisher\" content=\"https:\/\/www.facebook.com\/profile.php?id=100063824551839\" \/>\n<meta property=\"article:modified_time\" content=\"2026-01-21T09:27:15+00:00\" \/>\n<meta property=\"og:image\" content=\"https:\/\/www.facecorner.lv\/wp-content\/uploads\/2024\/02\/Medi-PeelHyalKombuchaTea-ToxToner.jpeg\" \/>\n\t<meta property=\"og:image:width\" content=\"1000\" \/>\n\t<meta property=\"og:image:height\" content=\"1000\" \/>\n\t<meta property=\"og:image:type\" content=\"image\/jpeg\" \/>\n<meta name=\"twitter:card\" content=\"summary_large_image\" \/>\n<meta name=\"twitter:label1\" content=\"Price\" \/>\n\t<meta name=\"twitter:data1\" content=\"&euro;24.90\" \/>\n\t<meta name=\"twitter:label2\" content=\"Availability\" \/>\n\t<meta name=\"twitter:data2\" content=\"In stock\" \/>\n<script type=\"application\/ld+json\" class=\"yoast-schema-graph\">{\"@context\":\"https:\\\/\\\/schema.org\",\"@graph\":[{\"@type\":\"WebPage\",\"@id\":\"https:\\\/\\\/www.facecorner.lv\\\/shop\\\/medi-peel-hyal-kombucha-tea-tox-toner-150ml\\\/\",\"url\":\"https:\\\/\\\/www.facecorner.lv\\\/shop\\\/medi-peel-hyal-kombucha-tea-tox-toner-150ml\\\/\",\"name\":\"Medi-Peel Hyal Kombucha Tea-Tox Toner 150ml - FACECORNER\",\"isPartOf\":{\"@id\":\"https:\\\/\\\/www.facecorner.lv\\\/#website\"},\"primaryImageOfPage\":{\"@id\":\"https:\\\/\\\/www.facecorner.lv\\\/shop\\\/medi-peel-hyal-kombucha-tea-tox-toner-150ml\\\/#primaryimage\"},\"image\":{\"@id\":\"https:\\\/\\\/www.facecorner.lv\\\/shop\\\/medi-peel-hyal-kombucha-tea-tox-toner-150ml\\\/#primaryimage\"},\"thumbnailUrl\":\"https:\\\/\\\/www.facecorner.lv\\\/wp-content\\\/uploads\\\/2024\\\/02\\\/Medi-PeelHyalKombuchaTea-ToxToner.jpeg\",\"datePublished\":\"2024-02-28T15:07:03+00:00\",\"dateModified\":\"2026-01-21T09:27:15+00:00\",\"breadcrumb\":{\"@id\":\"https:\\\/\\\/www.facecorner.lv\\\/shop\\\/medi-peel-hyal-kombucha-tea-tox-toner-150ml\\\/#breadcrumb\"},\"inLanguage\":\"lv-LV\",\"potentialAction\":[{\"@type\":\"ReadAction\",\"target\":[\"https:\\\/\\\/www.facecorner.lv\\\/shop\\\/medi-peel-hyal-kombucha-tea-tox-toner-150ml\\\/\"]}]},{\"@type\":\"ImageObject\",\"inLanguage\":\"lv-LV\",\"@id\":\"https:\\\/\\\/www.facecorner.lv\\\/shop\\\/medi-peel-hyal-kombucha-tea-tox-toner-150ml\\\/#primaryimage\",\"url\":\"https:\\\/\\\/www.facecorner.lv\\\/wp-content\\\/uploads\\\/2024\\\/02\\\/Medi-PeelHyalKombuchaTea-ToxToner.jpeg\",\"contentUrl\":\"https:\\\/\\\/www.facecorner.lv\\\/wp-content\\\/uploads\\\/2024\\\/02\\\/Medi-PeelHyalKombuchaTea-ToxToner.jpeg\",\"width\":1000,\"height\":1000},{\"@type\":\"BreadcrumbList\",\"@id\":\"https:\\\/\\\/www.facecorner.lv\\\/shop\\\/medi-peel-hyal-kombucha-tea-tox-toner-150ml\\\/#breadcrumb\",\"itemListElement\":[{\"@type\":\"ListItem\",\"position\":1,\"name\":\"Home\",\"item\":\"https:\\\/\\\/www.facecorner.lv\\\/\"},{\"@type\":\"ListItem\",\"position\":2,\"name\":\"Veikals\",\"item\":\"https:\\\/\\\/www.facecorner.lv\\\/shop\\\/\"},{\"@type\":\"ListItem\",\"position\":3,\"name\":\"Medi-Peel Hyal Kombucha Tea-Tox Toner 150ml\"}]},{\"@type\":\"WebSite\",\"@id\":\"https:\\\/\\\/www.facecorner.lv\\\/#website\",\"url\":\"https:\\\/\\\/www.facecorner.lv\\\/\",\"name\":\"Facecorner\",\"description\":\"\",\"publisher\":{\"@id\":\"https:\\\/\\\/www.facecorner.lv\\\/#organization\"},\"potentialAction\":[{\"@type\":\"SearchAction\",\"target\":{\"@type\":\"EntryPoint\",\"urlTemplate\":\"https:\\\/\\\/www.facecorner.lv\\\/?s={search_term_string}\"},\"query-input\":{\"@type\":\"PropertyValueSpecification\",\"valueRequired\":true,\"valueName\":\"search_term_string\"}}],\"inLanguage\":\"lv-LV\"},{\"@type\":\"Organization\",\"@id\":\"https:\\\/\\\/www.facecorner.lv\\\/#organization\",\"name\":\"Facecorner\",\"url\":\"https:\\\/\\\/www.facecorner.lv\\\/\",\"logo\":{\"@type\":\"ImageObject\",\"inLanguage\":\"lv-LV\",\"@id\":\"https:\\\/\\\/www.facecorner.lv\\\/#\\\/schema\\\/logo\\\/image\\\/\",\"url\":\"https:\\\/\\\/www.facecorner.lv\\\/wp-content\\\/uploads\\\/2024\\\/04\\\/fc-logo.jpg\",\"contentUrl\":\"https:\\\/\\\/www.facecorner.lv\\\/wp-content\\\/uploads\\\/2024\\\/04\\\/fc-logo.jpg\",\"width\":174,\"height\":28,\"caption\":\"Facecorner\"},\"image\":{\"@id\":\"https:\\\/\\\/www.facecorner.lv\\\/#\\\/schema\\\/logo\\\/image\\\/\"},\"sameAs\":[\"https:\\\/\\\/www.facebook.com\\\/profile.php?id=100063824551839\",\"https:\\\/\\\/www.instagram.com\\\/facecorner_shop\\\/\"]}]}<\/script>\n<meta property=\"product:price:amount\" content=\"24.90\" \/>\n<meta property=\"product:price:currency\" content=\"EUR\" \/>\n<meta property=\"og:availability\" content=\"instock\" \/>\n<meta property=\"product:availability\" content=\"instock\" \/>\n<meta property=\"product:condition\" content=\"new\" \/>\n<!-- \/ Yoast SEO plugin. -->","yoast_head_json":{"title":"Medi-Peel Hyal Kombucha Tea-Tox Toner 150ml - FACECORNER","robots":{"index":"index","follow":"follow","max-snippet":"max-snippet:-1","max-image-preview":"max-image-preview:large","max-video-preview":"max-video-preview:-1"},"canonical":"https:\/\/www.facecorner.lv\/lv\/shop\/medi-peel-hyal-kombucha-tea-tox-toner-150ml\/","og_locale":"lv_LV","og_type":"article","og_title":"Medi-Peel Hyal Kombucha Tea-Tox Toner 150ml - FACECORNER","og_description":"Medi-Peel Hyal Kombucha Tea-Tox toniks m\u012bkstina un baro \u0101du, atjauno boj\u0101jumus, nov\u0113r\u0161 sausumu un lob\u012b\u0161anos, izl\u012bdzina un saglab\u0101 elast\u012bbu. pH l\u012bmenis ir ~6,0. L\u012bdzeklis stiprina dabisko aizsargbarjeru, nov\u0113r\u0161 bl\u0101vumu un pie\u0161\u0137ir vesel\u012bgu mirdzumu, atjauno pH l\u012bdzsvaru un sagatavo n\u0101kamajai kop\u0161anai. Tam ir maiga kr\u0113mveida tekst\u016bra. Atsvaidzino\u0161s, \u0101tri uzs\u016bcas. Sast\u0101v\u0101 ir 70 % Lielbrit\u0101nij\u0101 ra\u017eotas kombu\u010das, [&hellip;]","og_url":"https:\/\/www.facecorner.lv\/lv\/shop\/medi-peel-hyal-kombucha-tea-tox-toner-150ml\/","og_site_name":"FACECORNER","article_publisher":"https:\/\/www.facebook.com\/profile.php?id=100063824551839","article_modified_time":"2026-01-21T09:27:15+00:00","og_image":[{"width":1000,"height":1000,"url":"https:\/\/www.facecorner.lv\/wp-content\/uploads\/2024\/02\/Medi-PeelHyalKombuchaTea-ToxToner.jpeg","type":"image\/jpeg"}],"twitter_card":"summary_large_image","twitter_misc":{"Price":"&euro;24.90","Availability":"In stock"},"schema":{"@context":"https:\/\/schema.org","@graph":[{"@type":"WebPage","@id":"https:\/\/www.facecorner.lv\/shop\/medi-peel-hyal-kombucha-tea-tox-toner-150ml\/","url":"https:\/\/www.facecorner.lv\/shop\/medi-peel-hyal-kombucha-tea-tox-toner-150ml\/","name":"Medi-Peel Hyal Kombucha Tea-Tox Toner 150ml - FACECORNER","isPartOf":{"@id":"https:\/\/www.facecorner.lv\/#website"},"primaryImageOfPage":{"@id":"https:\/\/www.facecorner.lv\/shop\/medi-peel-hyal-kombucha-tea-tox-toner-150ml\/#primaryimage"},"image":{"@id":"https:\/\/www.facecorner.lv\/shop\/medi-peel-hyal-kombucha-tea-tox-toner-150ml\/#primaryimage"},"thumbnailUrl":"https:\/\/www.facecorner.lv\/wp-content\/uploads\/2024\/02\/Medi-PeelHyalKombuchaTea-ToxToner.jpeg","datePublished":"2024-02-28T15:07:03+00:00","dateModified":"2026-01-21T09:27:15+00:00","breadcrumb":{"@id":"https:\/\/www.facecorner.lv\/shop\/medi-peel-hyal-kombucha-tea-tox-toner-150ml\/#breadcrumb"},"inLanguage":"lv-LV","potentialAction":[{"@type":"ReadAction","target":["https:\/\/www.facecorner.lv\/shop\/medi-peel-hyal-kombucha-tea-tox-toner-150ml\/"]}]},{"@type":"ImageObject","inLanguage":"lv-LV","@id":"https:\/\/www.facecorner.lv\/shop\/medi-peel-hyal-kombucha-tea-tox-toner-150ml\/#primaryimage","url":"https:\/\/www.facecorner.lv\/wp-content\/uploads\/2024\/02\/Medi-PeelHyalKombuchaTea-ToxToner.jpeg","contentUrl":"https:\/\/www.facecorner.lv\/wp-content\/uploads\/2024\/02\/Medi-PeelHyalKombuchaTea-ToxToner.jpeg","width":1000,"height":1000},{"@type":"BreadcrumbList","@id":"https:\/\/www.facecorner.lv\/shop\/medi-peel-hyal-kombucha-tea-tox-toner-150ml\/#breadcrumb","itemListElement":[{"@type":"ListItem","position":1,"name":"Home","item":"https:\/\/www.facecorner.lv\/"},{"@type":"ListItem","position":2,"name":"Veikals","item":"https:\/\/www.facecorner.lv\/shop\/"},{"@type":"ListItem","position":3,"name":"Medi-Peel Hyal Kombucha Tea-Tox Toner 150ml"}]},{"@type":"WebSite","@id":"https:\/\/www.facecorner.lv\/#website","url":"https:\/\/www.facecorner.lv\/","name":"Facecorner","description":"","publisher":{"@id":"https:\/\/www.facecorner.lv\/#organization"},"potentialAction":[{"@type":"SearchAction","target":{"@type":"EntryPoint","urlTemplate":"https:\/\/www.facecorner.lv\/?s={search_term_string}"},"query-input":{"@type":"PropertyValueSpecification","valueRequired":true,"valueName":"search_term_string"}}],"inLanguage":"lv-LV"},{"@type":"Organization","@id":"https:\/\/www.facecorner.lv\/#organization","name":"Facecorner","url":"https:\/\/www.facecorner.lv\/","logo":{"@type":"ImageObject","inLanguage":"lv-LV","@id":"https:\/\/www.facecorner.lv\/#\/schema\/logo\/image\/","url":"https:\/\/www.facecorner.lv\/wp-content\/uploads\/2024\/04\/fc-logo.jpg","contentUrl":"https:\/\/www.facecorner.lv\/wp-content\/uploads\/2024\/04\/fc-logo.jpg","width":174,"height":28,"caption":"Facecorner"},"image":{"@id":"https:\/\/www.facecorner.lv\/#\/schema\/logo\/image\/"},"sameAs":["https:\/\/www.facebook.com\/profile.php?id=100063824551839","https:\/\/www.instagram.com\/facecorner_shop\/"]}]},"product_price_amount":"24.90","product_price_currency":"EUR","og_availability":"instock","product_availability":"instock","product_condition":"new"},"_links":{"self":[{"href":"https:\/\/www.facecorner.lv\/lv\/wp-json\/wp\/v2\/product\/14438","targetHints":{"allow":["GET"]}}],"collection":[{"href":"https:\/\/www.facecorner.lv\/lv\/wp-json\/wp\/v2\/product"}],"about":[{"href":"https:\/\/www.facecorner.lv\/lv\/wp-json\/wp\/v2\/types\/product"}],"replies":[{"embeddable":true,"href":"https:\/\/www.facecorner.lv\/lv\/wp-json\/wp\/v2\/comments?post=14438"}],"wp:featuredmedia":[{"embeddable":true,"href":"https:\/\/www.facecorner.lv\/lv\/wp-json\/wp\/v2\/media\/14440"}],"wp:attachment":[{"href":"https:\/\/www.facecorner.lv\/lv\/wp-json\/wp\/v2\/media?parent=14438"}],"wp:term":[{"taxonomy":"product_brand","embeddable":true,"href":"https:\/\/www.facecorner.lv\/lv\/wp-json\/wp\/v2\/product_brand?post=14438"},{"taxonomy":"product_cat","embeddable":true,"href":"https:\/\/www.facecorner.lv\/lv\/wp-json\/wp\/v2\/product_cat?post=14438"},{"taxonomy":"product_tag","embeddable":true,"href":"https:\/\/www.facecorner.lv\/lv\/wp-json\/wp\/v2\/product_tag?post=14438"},{"taxonomy":"berocket_brand","embeddable":true,"href":"https:\/\/www.facecorner.lv\/lv\/wp-json\/wp\/v2\/berocket_brand?post=14438"}],"curies":[{"name":"wp","href":"https:\/\/api.w.org\/{rel}","templated":true}]}}