{"id":14435,"date":"2024-02-28T17:01:34","date_gmt":"2024-02-28T15:01:34","guid":{"rendered":"https:\/\/www.facecorner.lv\/?post_type=product&#038;p=14435"},"modified":"2026-03-08T14:25:32","modified_gmt":"2026-03-08T11:25:32","slug":"medi-peel-hyal-kombucha-tea-tox-ampoule-50ml","status":"publish","type":"product","link":"https:\/\/www.facecorner.lv\/lv\/shop\/medi-peel-hyal-kombucha-tea-tox-ampoule-50ml\/","title":{"rendered":"Medi-Peel Hyal Kombucha Tea-Tox Ampoule 50ml"},"content":{"rendered":"<p>Medi-Peel Hyal Kombucha Tea-Tox ampulas baro, m\u012bkstina un mitrina \u0101du, padarot to stingru, gludu un mirdzo\u0161u. L\u012bdzeklis papildina mitruma tr\u016bkumu, atjauno dabisko aizsargbarjeru un m\u012bkstina raupjas zonas.<\/p>\n<p>Tas uztur \u0101das elast\u012bbu, nov\u0113r\u0161 \u0101das bl\u0101vumu, mitrina \u0101du no iek\u0161puses, izl\u012bdzina \u0101das toni un aizsarg\u0101 to no \u0101r\u0113jiem kairin\u0101t\u0101jiem. Ampulas \u0101tri ies\u016bcas, neatst\u0101jot lip\u012bgumu.<\/p>\n<p>Formulas pamat\u0101 ir nevis \u016bdens, bet gan 70% Lielbrit\u0101nij\u0101 ra\u017eota kombu\u0161a: akt\u012bv\u0101 viela tiek veidota 336 stundas 29\u00b0C temperat\u016br\u0101. Bag\u0101tin\u0101ta ar miner\u0101lviel\u0101m, vitam\u012bniem, polifenoliem un aminosk\u0101b\u0113m, kombucha ir lielisks antioksidants, kas kav\u0113 oksid\u0113\u0161anos, t\u0101d\u0113j\u0101di pagarinot \u0101das jaun\u012bbu, tvirtumu un vienm\u0113r\u012bgu tekst\u016bru.<\/p>\n<p>5 veidu keram\u012bdi dzied\u0113, atjauno un m\u012bkstina \u0101du. Ceram\u012bdi sp\u0113j stiprin\u0101t aizsarg\u0101jo\u0161o hidrolip\u012bdu barjeru, jo tie ir l\u012bdz\u012bgi radzenes sl\u0101\u0146a lip\u012bdiem: tie iek\u013caujas aizsargbarjer\u0101. Ceram\u012bdi nov\u0113r\u0161 mitruma iztvaiko\u0161anu, c\u012bn\u0101s pret sausumu un dehidrat\u0101ciju.<\/p>\n<p>Ceram\u012bdiem ampul\u0101 ir liposomu loma, kur\u0101s ir iekapsul\u0113tas akt\u012bv\u0101s sast\u0101vda\u013cas &#8211; kombu\u0161a un hialuronsk\u0101be. Pateicoties tam, l\u012bdzek\u013ci iek\u013c\u016bst dzi\u013ci \u0101d\u0101, \u0101tri uzs\u016bcas un iedarbojas efekt\u012bvi.<\/p>\n<p>Tam ir starptautisks V-Label\u00ae sertifik\u0101ts, kas apliecina, ka produkts nesatur dz\u012bvnieku izcelsmes sast\u0101vda\u013cas.<\/p>\n<p><strong>Lieto\u0161ana:<\/strong> p\u0113c att\u012br\u012b\u0161anas un toniz\u0113\u0161anas uzkl\u0101jiet ampulu uz sejas un izkl\u0101jiet pa \u0101du.<\/p>\n<p><strong>S\u0101stavs:\u00a0<\/strong>Saccharomyces\/Xylinum\/Black Tea Ferment (70%), Glycerin, Butylene Glycol, Glyceryl Glucoside, Polyglycerin-3, Niacinamide, 1,2-Hexanediol, Propanediol, Rosa Damascena Flower Water, Pyrus Communis (Pear) Fruit Extract, Prunus Persica (Peach) Fruit Extract, Jasminum Officinale (Jasmine) Flower Water, Hedera Helix (Ivy) Leaf\/Stem Extract, Cucumis Melo (Melon) Fruit Extract, Camellia Japonica Flower Extract, Citrus Unshiu Peel Extract, Saccharomyces\/Rice Bran Ferment, Madecassoside, Ceramide NS, Ceramide NP, Ceramide AS, Ceramide EOP, Ceramide AP, Sodium Hyaluronate(5.3 ppb), Hydrolyzed Glycosaminoglycans (5.52 ppb), Sodium Hyaluronate Crosspolymer(1 ppb), Hydrolyzed Hyaluronic Acid(0.52 ppb), Hydroxypropyltrimonium Hyaluronate(0.1125 ppb), Hyaluronic Acid(0.01 ppb), Sodium Acetylated Hyaluronate(0.002 ppb), Magnesium Chloride, Tetradecyl Aminobutyroylvalylaminobutyric Urea Trifluoroacetate, Dipropylene Glycol, Hydroxyacetophenone, C14-22 Alcohols, Diisostearyl Malate, Caprylic\/Capric Triglyceride, Cyanocobalamin, Dipotassium Glycyrrhizate, Glucose, Glycereth-25 PCA Isostearate, Adansonia Digitata Seed Oil, Hydrogenated Lecithin, Pentylene Glycol, Benzyl Glycol, Decyl Glucoside, Tocopheryl Acetate, Caprylyl Glycol, Ethylhexylglycerin, Water, Adenosine, C12-20 Alkyl Glucoside, Caramel, Carbomer, Tromethamine, Disodium EDTA<\/p>\n","protected":false},"excerpt":{"rendered":"<p>Medi-Peel Hyal Kombucha Tea-Tox ampulas baro, m\u012bkstina un mitrina \u0101du, padarot to stingru, gludu un mirdzo\u0161u. L\u012bdzeklis papildina mitruma tr\u016bkumu, atjauno dabisko aizsargbarjeru un m\u012bkstina raupjas zonas. Tas uztur \u0101das elast\u012bbu, nov\u0113r\u0161 \u0101das bl\u0101vumu, mitrina \u0101du no iek\u0161puses, izl\u012bdzina \u0101das toni un aizsarg\u0101 to no \u0101r\u0113jiem kairin\u0101t\u0101jiem. Ampulas \u0101tri ies\u016bcas, neatst\u0101jot lip\u012bgumu. Formulas pamat\u0101 ir [&hellip;]<\/p>\n","protected":false},"featured_media":14436,"comment_status":"open","ping_status":"closed","template":"","meta":{"site-sidebar-layout":"default","site-content-layout":"","ast-site-content-layout":"","site-content-style":"default","site-sidebar-style":"default","ast-global-header-display":"","ast-banner-title-visibility":"","ast-main-header-display":"","ast-hfb-above-header-display":"","ast-hfb-below-header-display":"","ast-hfb-mobile-header-display":"","site-post-title":"","ast-breadcrumbs-content":"","ast-featured-img":"","footer-sml-layout":"","theme-transparent-header-meta":"","adv-header-id-meta":"","stick-header-meta":"","header-above-stick-meta":"","header-main-stick-meta":"","header-below-stick-meta":"","astra-migrate-meta-layouts":"default","ast-page-background-enabled":"default","ast-page-background-meta":{"desktop":{"background-color":"var(--ast-global-color-4)","background-image":"","background-repeat":"repeat","background-position":"center center","background-size":"auto","background-attachment":"scroll","background-type":"","background-media":"","overlay-type":"","overlay-color":"","overlay-opacity":"","overlay-gradient":""},"tablet":{"background-color":"","background-image":"","background-repeat":"repeat","background-position":"center center","background-size":"auto","background-attachment":"scroll","background-type":"","background-media":"","overlay-type":"","overlay-color":"","overlay-opacity":"","overlay-gradient":""},"mobile":{"background-color":"","background-image":"","background-repeat":"repeat","background-position":"center center","background-size":"auto","background-attachment":"scroll","background-type":"","background-media":"","overlay-type":"","overlay-color":"","overlay-opacity":"","overlay-gradient":""}},"ast-content-background-meta":{"desktop":{"background-color":"var(--ast-global-color-5)","background-image":"","background-repeat":"repeat","background-position":"center center","background-size":"auto","background-attachment":"scroll","background-type":"","background-media":"","overlay-type":"","overlay-color":"","overlay-opacity":"","overlay-gradient":""},"tablet":{"background-color":"var(--ast-global-color-5)","background-image":"","background-repeat":"repeat","background-position":"center center","background-size":"auto","background-attachment":"scroll","background-type":"","background-media":"","overlay-type":"","overlay-color":"","overlay-opacity":"","overlay-gradient":""},"mobile":{"background-color":"var(--ast-global-color-5)","background-image":"","background-repeat":"repeat","background-position":"center center","background-size":"auto","background-attachment":"scroll","background-type":"","background-media":"","overlay-type":"","overlay-color":"","overlay-opacity":"","overlay-gradient":""}}},"product_brand":[],"product_cat":[370,371,372,363],"product_tag":[],"berocket_brand":[583],"class_list":{"0":"post-14435","1":"product","2":"type-product","3":"status-publish","4":"has-post-thumbnail","6":"product_cat-adas-mirdzumam","7":"product_cat-anti-age","8":"product_cat-jutigai-adai-serumi","9":"product_cat-serumi","10":"berocket_brand-medi-peel","11":"desktop-align-left","12":"tablet-align-left","13":"mobile-align-left","15":"first","16":"instock","17":"sale","18":"taxable","19":"shipping-taxable","20":"purchasable","21":"product-type-simple","22":"add-to-wishlist-before_image"},"yoast_head":"<!-- This site is optimized with the Yoast SEO plugin v27.4 - https:\/\/yoast.com\/product\/yoast-seo-wordpress\/ -->\n<title>Medi-Peel Hyal Kombucha Tea-Tox Ampoule 50ml - FACECORNER<\/title>\n<meta name=\"robots\" content=\"index, follow, max-snippet:-1, max-image-preview:large, max-video-preview:-1\" \/>\n<link rel=\"canonical\" href=\"https:\/\/www.facecorner.lv\/lv\/shop\/medi-peel-hyal-kombucha-tea-tox-ampoule-50ml\/\" \/>\n<meta property=\"og:locale\" content=\"lv_LV\" \/>\n<meta property=\"og:type\" content=\"article\" \/>\n<meta property=\"og:title\" content=\"Medi-Peel Hyal Kombucha Tea-Tox Ampoule 50ml - FACECORNER\" \/>\n<meta property=\"og:description\" content=\"Medi-Peel Hyal Kombucha Tea-Tox ampulas baro, m\u012bkstina un mitrina \u0101du, padarot to stingru, gludu un mirdzo\u0161u. L\u012bdzeklis papildina mitruma tr\u016bkumu, atjauno dabisko aizsargbarjeru un m\u012bkstina raupjas zonas. Tas uztur \u0101das elast\u012bbu, nov\u0113r\u0161 \u0101das bl\u0101vumu, mitrina \u0101du no iek\u0161puses, izl\u012bdzina \u0101das toni un aizsarg\u0101 to no \u0101r\u0113jiem kairin\u0101t\u0101jiem. Ampulas \u0101tri ies\u016bcas, neatst\u0101jot lip\u012bgumu. Formulas pamat\u0101 ir [&hellip;]\" \/>\n<meta property=\"og:url\" content=\"https:\/\/www.facecorner.lv\/lv\/shop\/medi-peel-hyal-kombucha-tea-tox-ampoule-50ml\/\" \/>\n<meta property=\"og:site_name\" content=\"FACECORNER\" \/>\n<meta property=\"article:publisher\" content=\"https:\/\/www.facebook.com\/profile.php?id=100063824551839\" \/>\n<meta property=\"article:modified_time\" content=\"2026-03-08T11:25:32+00:00\" \/>\n<meta property=\"og:image\" content=\"https:\/\/www.facecorner.lv\/wp-content\/uploads\/2024\/02\/0_b1qt-4i.webp\" \/>\n\t<meta property=\"og:image:width\" content=\"1000\" \/>\n\t<meta property=\"og:image:height\" content=\"1000\" \/>\n\t<meta property=\"og:image:type\" content=\"image\/webp\" \/>\n<meta name=\"twitter:card\" content=\"summary_large_image\" \/>\n<meta name=\"twitter:label1\" content=\"Price\" \/>\n\t<meta name=\"twitter:data1\" content=\"&euro;24.20\" \/>\n\t<meta name=\"twitter:label2\" content=\"Availability\" \/>\n\t<meta name=\"twitter:data2\" content=\"In stock\" \/>\n<script type=\"application\/ld+json\" class=\"yoast-schema-graph\">{\"@context\":\"https:\\\/\\\/schema.org\",\"@graph\":[{\"@type\":\"WebPage\",\"@id\":\"https:\\\/\\\/www.facecorner.lv\\\/shop\\\/medi-peel-hyal-kombucha-tea-tox-ampoule-50ml\\\/\",\"url\":\"https:\\\/\\\/www.facecorner.lv\\\/shop\\\/medi-peel-hyal-kombucha-tea-tox-ampoule-50ml\\\/\",\"name\":\"Medi-Peel Hyal Kombucha Tea-Tox Ampoule 50ml - FACECORNER\",\"isPartOf\":{\"@id\":\"https:\\\/\\\/www.facecorner.lv\\\/#website\"},\"primaryImageOfPage\":{\"@id\":\"https:\\\/\\\/www.facecorner.lv\\\/shop\\\/medi-peel-hyal-kombucha-tea-tox-ampoule-50ml\\\/#primaryimage\"},\"image\":{\"@id\":\"https:\\\/\\\/www.facecorner.lv\\\/shop\\\/medi-peel-hyal-kombucha-tea-tox-ampoule-50ml\\\/#primaryimage\"},\"thumbnailUrl\":\"https:\\\/\\\/www.facecorner.lv\\\/wp-content\\\/uploads\\\/2024\\\/02\\\/0_b1qt-4i.webp\",\"datePublished\":\"2024-02-28T15:01:34+00:00\",\"dateModified\":\"2026-03-08T11:25:32+00:00\",\"breadcrumb\":{\"@id\":\"https:\\\/\\\/www.facecorner.lv\\\/shop\\\/medi-peel-hyal-kombucha-tea-tox-ampoule-50ml\\\/#breadcrumb\"},\"inLanguage\":\"lv-LV\",\"potentialAction\":[{\"@type\":\"ReadAction\",\"target\":[\"https:\\\/\\\/www.facecorner.lv\\\/shop\\\/medi-peel-hyal-kombucha-tea-tox-ampoule-50ml\\\/\"]}]},{\"@type\":\"ImageObject\",\"inLanguage\":\"lv-LV\",\"@id\":\"https:\\\/\\\/www.facecorner.lv\\\/shop\\\/medi-peel-hyal-kombucha-tea-tox-ampoule-50ml\\\/#primaryimage\",\"url\":\"https:\\\/\\\/www.facecorner.lv\\\/wp-content\\\/uploads\\\/2024\\\/02\\\/0_b1qt-4i.webp\",\"contentUrl\":\"https:\\\/\\\/www.facecorner.lv\\\/wp-content\\\/uploads\\\/2024\\\/02\\\/0_b1qt-4i.webp\",\"width\":1000,\"height\":1000},{\"@type\":\"BreadcrumbList\",\"@id\":\"https:\\\/\\\/www.facecorner.lv\\\/shop\\\/medi-peel-hyal-kombucha-tea-tox-ampoule-50ml\\\/#breadcrumb\",\"itemListElement\":[{\"@type\":\"ListItem\",\"position\":1,\"name\":\"Home\",\"item\":\"https:\\\/\\\/www.facecorner.lv\\\/\"},{\"@type\":\"ListItem\",\"position\":2,\"name\":\"Veikals\",\"item\":\"https:\\\/\\\/www.facecorner.lv\\\/shop\\\/\"},{\"@type\":\"ListItem\",\"position\":3,\"name\":\"Medi-Peel Hyal Kombucha Tea-Tox Ampoule 50ml\"}]},{\"@type\":\"WebSite\",\"@id\":\"https:\\\/\\\/www.facecorner.lv\\\/#website\",\"url\":\"https:\\\/\\\/www.facecorner.lv\\\/\",\"name\":\"Facecorner\",\"description\":\"\",\"publisher\":{\"@id\":\"https:\\\/\\\/www.facecorner.lv\\\/#organization\"},\"potentialAction\":[{\"@type\":\"SearchAction\",\"target\":{\"@type\":\"EntryPoint\",\"urlTemplate\":\"https:\\\/\\\/www.facecorner.lv\\\/?s={search_term_string}\"},\"query-input\":{\"@type\":\"PropertyValueSpecification\",\"valueRequired\":true,\"valueName\":\"search_term_string\"}}],\"inLanguage\":\"lv-LV\"},{\"@type\":\"Organization\",\"@id\":\"https:\\\/\\\/www.facecorner.lv\\\/#organization\",\"name\":\"Facecorner\",\"url\":\"https:\\\/\\\/www.facecorner.lv\\\/\",\"logo\":{\"@type\":\"ImageObject\",\"inLanguage\":\"lv-LV\",\"@id\":\"https:\\\/\\\/www.facecorner.lv\\\/#\\\/schema\\\/logo\\\/image\\\/\",\"url\":\"https:\\\/\\\/www.facecorner.lv\\\/wp-content\\\/uploads\\\/2024\\\/04\\\/fc-logo.jpg\",\"contentUrl\":\"https:\\\/\\\/www.facecorner.lv\\\/wp-content\\\/uploads\\\/2024\\\/04\\\/fc-logo.jpg\",\"width\":174,\"height\":28,\"caption\":\"Facecorner\"},\"image\":{\"@id\":\"https:\\\/\\\/www.facecorner.lv\\\/#\\\/schema\\\/logo\\\/image\\\/\"},\"sameAs\":[\"https:\\\/\\\/www.facebook.com\\\/profile.php?id=100063824551839\",\"https:\\\/\\\/www.instagram.com\\\/facecorner_shop\\\/\"]}]}<\/script>\n<meta property=\"product:price:amount\" content=\"24.20\" \/>\n<meta property=\"product:price:currency\" content=\"EUR\" \/>\n<meta property=\"og:availability\" content=\"instock\" \/>\n<meta property=\"product:availability\" content=\"instock\" \/>\n<meta property=\"product:condition\" content=\"new\" \/>\n<!-- \/ Yoast SEO plugin. -->","yoast_head_json":{"title":"Medi-Peel Hyal Kombucha Tea-Tox Ampoule 50ml - FACECORNER","robots":{"index":"index","follow":"follow","max-snippet":"max-snippet:-1","max-image-preview":"max-image-preview:large","max-video-preview":"max-video-preview:-1"},"canonical":"https:\/\/www.facecorner.lv\/lv\/shop\/medi-peel-hyal-kombucha-tea-tox-ampoule-50ml\/","og_locale":"lv_LV","og_type":"article","og_title":"Medi-Peel Hyal Kombucha Tea-Tox Ampoule 50ml - FACECORNER","og_description":"Medi-Peel Hyal Kombucha Tea-Tox ampulas baro, m\u012bkstina un mitrina \u0101du, padarot to stingru, gludu un mirdzo\u0161u. L\u012bdzeklis papildina mitruma tr\u016bkumu, atjauno dabisko aizsargbarjeru un m\u012bkstina raupjas zonas. Tas uztur \u0101das elast\u012bbu, nov\u0113r\u0161 \u0101das bl\u0101vumu, mitrina \u0101du no iek\u0161puses, izl\u012bdzina \u0101das toni un aizsarg\u0101 to no \u0101r\u0113jiem kairin\u0101t\u0101jiem. Ampulas \u0101tri ies\u016bcas, neatst\u0101jot lip\u012bgumu. Formulas pamat\u0101 ir [&hellip;]","og_url":"https:\/\/www.facecorner.lv\/lv\/shop\/medi-peel-hyal-kombucha-tea-tox-ampoule-50ml\/","og_site_name":"FACECORNER","article_publisher":"https:\/\/www.facebook.com\/profile.php?id=100063824551839","article_modified_time":"2026-03-08T11:25:32+00:00","og_image":[{"width":1000,"height":1000,"url":"https:\/\/www.facecorner.lv\/wp-content\/uploads\/2024\/02\/0_b1qt-4i.webp","type":"image\/webp"}],"twitter_card":"summary_large_image","twitter_misc":{"Price":"&euro;24.20","Availability":"In stock"},"schema":{"@context":"https:\/\/schema.org","@graph":[{"@type":"WebPage","@id":"https:\/\/www.facecorner.lv\/shop\/medi-peel-hyal-kombucha-tea-tox-ampoule-50ml\/","url":"https:\/\/www.facecorner.lv\/shop\/medi-peel-hyal-kombucha-tea-tox-ampoule-50ml\/","name":"Medi-Peel Hyal Kombucha Tea-Tox Ampoule 50ml - FACECORNER","isPartOf":{"@id":"https:\/\/www.facecorner.lv\/#website"},"primaryImageOfPage":{"@id":"https:\/\/www.facecorner.lv\/shop\/medi-peel-hyal-kombucha-tea-tox-ampoule-50ml\/#primaryimage"},"image":{"@id":"https:\/\/www.facecorner.lv\/shop\/medi-peel-hyal-kombucha-tea-tox-ampoule-50ml\/#primaryimage"},"thumbnailUrl":"https:\/\/www.facecorner.lv\/wp-content\/uploads\/2024\/02\/0_b1qt-4i.webp","datePublished":"2024-02-28T15:01:34+00:00","dateModified":"2026-03-08T11:25:32+00:00","breadcrumb":{"@id":"https:\/\/www.facecorner.lv\/shop\/medi-peel-hyal-kombucha-tea-tox-ampoule-50ml\/#breadcrumb"},"inLanguage":"lv-LV","potentialAction":[{"@type":"ReadAction","target":["https:\/\/www.facecorner.lv\/shop\/medi-peel-hyal-kombucha-tea-tox-ampoule-50ml\/"]}]},{"@type":"ImageObject","inLanguage":"lv-LV","@id":"https:\/\/www.facecorner.lv\/shop\/medi-peel-hyal-kombucha-tea-tox-ampoule-50ml\/#primaryimage","url":"https:\/\/www.facecorner.lv\/wp-content\/uploads\/2024\/02\/0_b1qt-4i.webp","contentUrl":"https:\/\/www.facecorner.lv\/wp-content\/uploads\/2024\/02\/0_b1qt-4i.webp","width":1000,"height":1000},{"@type":"BreadcrumbList","@id":"https:\/\/www.facecorner.lv\/shop\/medi-peel-hyal-kombucha-tea-tox-ampoule-50ml\/#breadcrumb","itemListElement":[{"@type":"ListItem","position":1,"name":"Home","item":"https:\/\/www.facecorner.lv\/"},{"@type":"ListItem","position":2,"name":"Veikals","item":"https:\/\/www.facecorner.lv\/shop\/"},{"@type":"ListItem","position":3,"name":"Medi-Peel Hyal Kombucha Tea-Tox Ampoule 50ml"}]},{"@type":"WebSite","@id":"https:\/\/www.facecorner.lv\/#website","url":"https:\/\/www.facecorner.lv\/","name":"Facecorner","description":"","publisher":{"@id":"https:\/\/www.facecorner.lv\/#organization"},"potentialAction":[{"@type":"SearchAction","target":{"@type":"EntryPoint","urlTemplate":"https:\/\/www.facecorner.lv\/?s={search_term_string}"},"query-input":{"@type":"PropertyValueSpecification","valueRequired":true,"valueName":"search_term_string"}}],"inLanguage":"lv-LV"},{"@type":"Organization","@id":"https:\/\/www.facecorner.lv\/#organization","name":"Facecorner","url":"https:\/\/www.facecorner.lv\/","logo":{"@type":"ImageObject","inLanguage":"lv-LV","@id":"https:\/\/www.facecorner.lv\/#\/schema\/logo\/image\/","url":"https:\/\/www.facecorner.lv\/wp-content\/uploads\/2024\/04\/fc-logo.jpg","contentUrl":"https:\/\/www.facecorner.lv\/wp-content\/uploads\/2024\/04\/fc-logo.jpg","width":174,"height":28,"caption":"Facecorner"},"image":{"@id":"https:\/\/www.facecorner.lv\/#\/schema\/logo\/image\/"},"sameAs":["https:\/\/www.facebook.com\/profile.php?id=100063824551839","https:\/\/www.instagram.com\/facecorner_shop\/"]}]},"product_price_amount":"24.20","product_price_currency":"EUR","og_availability":"instock","product_availability":"instock","product_condition":"new"},"_links":{"self":[{"href":"https:\/\/www.facecorner.lv\/lv\/wp-json\/wp\/v2\/product\/14435","targetHints":{"allow":["GET"]}}],"collection":[{"href":"https:\/\/www.facecorner.lv\/lv\/wp-json\/wp\/v2\/product"}],"about":[{"href":"https:\/\/www.facecorner.lv\/lv\/wp-json\/wp\/v2\/types\/product"}],"replies":[{"embeddable":true,"href":"https:\/\/www.facecorner.lv\/lv\/wp-json\/wp\/v2\/comments?post=14435"}],"wp:featuredmedia":[{"embeddable":true,"href":"https:\/\/www.facecorner.lv\/lv\/wp-json\/wp\/v2\/media\/14436"}],"wp:attachment":[{"href":"https:\/\/www.facecorner.lv\/lv\/wp-json\/wp\/v2\/media?parent=14435"}],"wp:term":[{"taxonomy":"product_brand","embeddable":true,"href":"https:\/\/www.facecorner.lv\/lv\/wp-json\/wp\/v2\/product_brand?post=14435"},{"taxonomy":"product_cat","embeddable":true,"href":"https:\/\/www.facecorner.lv\/lv\/wp-json\/wp\/v2\/product_cat?post=14435"},{"taxonomy":"product_tag","embeddable":true,"href":"https:\/\/www.facecorner.lv\/lv\/wp-json\/wp\/v2\/product_tag?post=14435"},{"taxonomy":"berocket_brand","embeddable":true,"href":"https:\/\/www.facecorner.lv\/lv\/wp-json\/wp\/v2\/berocket_brand?post=14435"}],"curies":[{"name":"wp","href":"https:\/\/api.w.org\/{rel}","templated":true}]}}