{"id":14333,"date":"2024-02-19T14:48:21","date_gmt":"2024-02-19T12:48:21","guid":{"rendered":"https:\/\/www.facecorner.lv\/?post_type=product&#038;p=14333"},"modified":"2024-12-02T23:28:20","modified_gmt":"2024-12-02T20:28:20","slug":"some-by-mi-super-matcha-pore-tightening-serum-50ml","status":"publish","type":"product","link":"https:\/\/www.facecorner.lv\/lv\/shop\/some-by-mi-super-matcha-pore-tightening-serum-50ml\/","title":{"rendered":"Some By Mi Super Matcha Pore Tightening Serum 50ml"},"content":{"rendered":"<p>Some By Mi Super Matcha Pore Tightening Serum regul\u0113 sebuma veido\u0161anos, nov\u0113r\u0161 taukainu sp\u012bdumu un padara \u0101du tvirt\u0101ku un tvirt\u0101ku. Tas nomierina iekaisumus, mazina aps\u0101rtumu un kairin\u0101jumu, izl\u012bdzina tonusu un uzlabo sejas kr\u0101su.<\/p>\n<p>Serums nov\u0113r\u0161 p\u0101rm\u0113r\u012bgu sebuma veido\u0161anos un poru aizs\u0113r\u0113\u0161anu, normaliz\u0113 \u016bdens-lip\u012bdu l\u012bdzsvaru, nov\u0113r\u0161 dehidrat\u0101ciju. Atjauno problem\u0101tisko \u0101du, nov\u0113r\u0161 izsitumu ra\u0161anos, mazina diskomfortu un niezi. Efekt\u012bvi aizpilda dab\u012bg\u0101 mitrino\u0161\u0101 faktora (NMF) &#8211; aminosk\u0101bju, miner\u0101lvielu un pept\u012bdu kompleksa, kas atrodas epidermas \u0161\u016bn\u0101s un ir atbild\u012bgs par mitruma saglab\u0101\u0161anu \u0101d\u0101, &#8211; tr\u016bkumu. NMF sast\u0101vda\u013cas pie\u0161\u0137ir \u0101dai elast\u012bbu un bl\u012bvumu, aizsarg\u0101 to no sausuma un temperat\u016bras iedarb\u012bbas.<\/p>\n<p>Seruma galven\u0101 akt\u012bv\u0101 sast\u0101vda\u013ca ir matcha za\u013c\u0101s t\u0113jas ekstrakts (93%). Matcha ir dabisks antioksidants, tai piem\u012bt aizsarg\u0101jo\u0161a un pretiekaisuma iedarb\u012bba, t\u0101 izl\u012bdzina sejas kr\u0101su, c\u012bn\u0101s ar iekaisumiem un regul\u0113 sebuma veido\u0161anos. T\u0101 efekt\u012bvi nomierina \u0101du un maigi izgaismo vecuma plankumus, vasaras raibumus.<\/p>\n<p>Serums tiek pied\u0101v\u0101ts \u0113rt\u0101 pudel\u012bt\u0113 ar dozatoru, kas ir \u0113rts, lai uz\u0146emtu nepiecie\u0161amo produkta daudzumu. Tam ir atsvaidzino\u0161a kondens\u0113ta \u016bdens tekst\u016bra, kas lieliski uzs\u016bcas un pies\u0101tina \u0101du ar mitrumu. Neatst\u0101j lip\u012bgumu.<\/p>\n<p><strong>Papildu akt\u012bv\u0101s sast\u0101vda\u013cas:<\/strong><\/p>\n<ul>\n<li>Anti-Sebum P\u2122 &#8211; augu ekstraktu komplekss, kas nom\u0101c p\u0101rm\u0113r\u012bgu sebuma aktivit\u0101ti. Tas regul\u0113 sebuma veido\u0161anos, normaliz\u0113 \u0101das taukain\u012bbu, nov\u0113r\u0161 taukainu sp\u012bdumu.<\/li>\n<li>Niacinam\u012bds nov\u0113r\u0161 vecuma plankumu veido\u0161anos, samazina \u0101das jut\u012bbu pret \u0101r\u0113jiem kairin\u0101t\u0101jiem, veicina \u0101das bl\u012bvumu. Samazina transepiderm\u0101lo mitruma zudumu un uztur \u0101das aizsargbarjeru.<\/li>\n<li>CICA-komplekss (centellas ekstrakts, madekasos\u012bds, asiatikos\u012bds, asiat\u012bnsk\u0101be, madekassk\u0101be) palielina \u0101das elast\u012bbu un tvirtumu, pies\u0101tina dermas \u0161\u016bnas ar mitrumu. Veido aizsargbarjeru, kas pasarg\u0101 \u0101du no ultraviolet\u0101s gaismas un negat\u012bviem vides faktoriem.<\/li>\n<li>Balt\u0101 v\u012btolu mizas ekstrakts &#8211; salicilsk\u0101bes avots. Tas uzlabo \u0101das kr\u0101su, mazina kairin\u0101jumu, re\u0123ener\u0113, samazina poras, regul\u0113 sebuma veido\u0161anos, efekt\u012bvi p\u012blings, pal\u012bdz \u0101dai atjaunot t\u0101s barjerfunkcijas.<\/li>\n<li>T\u0113jas koka \u016bdenim piem\u012bt sp\u0113c\u012bga pretmikrobu iedarb\u012bba. Tas c\u012bn\u0101s ar poru aizs\u0113r\u0113\u0161anu, normaliz\u0113 sebuma un tauku dziedzeru veido\u0161anos, samazina taukaino sp\u012bdumu.<\/li>\n<\/ul>\n<p><strong>Lieto\u0161ana:<\/strong> uz att\u012br\u012btas un toniz\u0113tas \u0101das uzkl\u0101jiet nelielu daudzumu seruma, viegli izklied\u0113jiet ar pirkstu galiem, l\u012bdz tas piln\u012bb\u0101 ies\u016bcas.<\/p>\n<p><strong>S\u0101stavs:\u00a0<\/strong>Green tea extract (93%), niacinamide, 1,2-hexanediol, purified water, butylene glycol, polyglyceryl-10 laurate, polyglyceryl-10 myristate, glycerin, acrylate\/C10-30 alkyl Acrylate crosspolymer, arginine, ethylhexyl glycerin, adenosine, disodium EDTA, fragrance, Indian mulberry leaf extract, Indian mulberry tree flower extract, lemon balm extract, orange flower extract, quince extract, evening primrose extract, Arrowroot root extract, Giant pine leaf extract, Tang elm root extract, Centella asiatica extract, glacier water, carbonated water, tea tree leaf water, white willow bark extract, madecassoside, yam extract, lactobanic acid, Asiaticoside, Asiatic acid Madecassic acid, sodium hyaluronate, glyceryl caprylate, hexylcinnamal, limonene, linalul<\/p>\n","protected":false},"excerpt":{"rendered":"<p>Some By Mi Super Matcha Pore Tightening Serum regul\u0113 sebuma veido\u0161anos, nov\u0113r\u0161 taukainu sp\u012bdumu un padara \u0101du tvirt\u0101ku un tvirt\u0101ku. Tas nomierina iekaisumus, mazina aps\u0101rtumu un kairin\u0101jumu, izl\u012bdzina tonusu un uzlabo sejas kr\u0101su. Serums nov\u0113r\u0161 p\u0101rm\u0113r\u012bgu sebuma veido\u0161anos un poru aizs\u0113r\u0113\u0161anu, normaliz\u0113 \u016bdens-lip\u012bdu l\u012bdzsvaru, nov\u0113r\u0161 dehidrat\u0101ciju. Atjauno problem\u0101tisko \u0101du, nov\u0113r\u0161 izsitumu ra\u0161anos, mazina diskomfortu un [&hellip;]<\/p>\n","protected":false},"featured_media":14334,"comment_status":"open","ping_status":"closed","template":"","meta":{"site-sidebar-layout":"default","site-content-layout":"","ast-site-content-layout":"","site-content-style":"default","site-sidebar-style":"default","ast-global-header-display":"","ast-banner-title-visibility":"","ast-main-header-display":"","ast-hfb-above-header-display":"","ast-hfb-below-header-display":"","ast-hfb-mobile-header-display":"","site-post-title":"","ast-breadcrumbs-content":"","ast-featured-img":"","footer-sml-layout":"","theme-transparent-header-meta":"","adv-header-id-meta":"","stick-header-meta":"","header-above-stick-meta":"","header-main-stick-meta":"","header-below-stick-meta":"","astra-migrate-meta-layouts":"default","ast-page-background-enabled":"default","ast-page-background-meta":{"desktop":{"background-color":"var(--ast-global-color-4)","background-image":"","background-repeat":"repeat","background-position":"center center","background-size":"auto","background-attachment":"scroll","background-type":"","background-media":"","overlay-type":"","overlay-color":"","overlay-opacity":"","overlay-gradient":""},"tablet":{"background-color":"","background-image":"","background-repeat":"repeat","background-position":"center center","background-size":"auto","background-attachment":"scroll","background-type":"","background-media":"","overlay-type":"","overlay-color":"","overlay-opacity":"","overlay-gradient":""},"mobile":{"background-color":"","background-image":"","background-repeat":"repeat","background-position":"center center","background-size":"auto","background-attachment":"scroll","background-type":"","background-media":"","overlay-type":"","overlay-color":"","overlay-opacity":"","overlay-gradient":""}},"ast-content-background-meta":{"desktop":{"background-color":"var(--ast-global-color-5)","background-image":"","background-repeat":"repeat","background-position":"center center","background-size":"auto","background-attachment":"scroll","background-type":"","background-media":"","overlay-type":"","overlay-color":"","overlay-opacity":"","overlay-gradient":""},"tablet":{"background-color":"var(--ast-global-color-5)","background-image":"","background-repeat":"repeat","background-position":"center center","background-size":"auto","background-attachment":"scroll","background-type":"","background-media":"","overlay-type":"","overlay-color":"","overlay-opacity":"","overlay-gradient":""},"mobile":{"background-color":"var(--ast-global-color-5)","background-image":"","background-repeat":"repeat","background-position":"center center","background-size":"auto","background-attachment":"scroll","background-type":"","background-media":"","overlay-type":"","overlay-color":"","overlay-opacity":"","overlay-gradient":""}}},"product_brand":[],"product_cat":[373,374,363],"product_tag":[],"berocket_brand":[581],"class_list":{"0":"post-14333","1":"product","2":"type-product","3":"status-publish","4":"has-post-thumbnail","6":"product_cat-poras-sasaurinoss","7":"product_cat-pret-pinnem","8":"product_cat-serumi","9":"berocket_brand-some-by-mi","10":"desktop-align-left","11":"tablet-align-left","12":"mobile-align-left","14":"first","15":"outofstock","16":"taxable","17":"shipping-taxable","18":"purchasable","19":"product-type-simple","20":"add-to-wishlist-before_image"},"yoast_head":"<!-- This site is optimized with the Yoast SEO plugin v27.3 - https:\/\/yoast.com\/product\/yoast-seo-wordpress\/ -->\n<title>Some By Mi Super Matcha Pore Tightening Serum 50ml - FACECORNER<\/title>\n<meta name=\"robots\" content=\"index, follow, max-snippet:-1, max-image-preview:large, max-video-preview:-1\" \/>\n<link rel=\"canonical\" href=\"https:\/\/www.facecorner.lv\/lv\/shop\/some-by-mi-super-matcha-pore-tightening-serum-50ml\/\" \/>\n<meta property=\"og:locale\" content=\"lv_LV\" \/>\n<meta property=\"og:type\" content=\"article\" \/>\n<meta property=\"og:title\" content=\"Some By Mi Super Matcha Pore Tightening Serum 50ml - FACECORNER\" \/>\n<meta property=\"og:description\" content=\"Some By Mi Super Matcha Pore Tightening Serum regul\u0113 sebuma veido\u0161anos, nov\u0113r\u0161 taukainu sp\u012bdumu un padara \u0101du tvirt\u0101ku un tvirt\u0101ku. Tas nomierina iekaisumus, mazina aps\u0101rtumu un kairin\u0101jumu, izl\u012bdzina tonusu un uzlabo sejas kr\u0101su. Serums nov\u0113r\u0161 p\u0101rm\u0113r\u012bgu sebuma veido\u0161anos un poru aizs\u0113r\u0113\u0161anu, normaliz\u0113 \u016bdens-lip\u012bdu l\u012bdzsvaru, nov\u0113r\u0161 dehidrat\u0101ciju. Atjauno problem\u0101tisko \u0101du, nov\u0113r\u0161 izsitumu ra\u0161anos, mazina diskomfortu un [&hellip;]\" \/>\n<meta property=\"og:url\" content=\"https:\/\/www.facecorner.lv\/lv\/shop\/some-by-mi-super-matcha-pore-tightening-serum-50ml\/\" \/>\n<meta property=\"og:site_name\" content=\"FACECORNER\" \/>\n<meta property=\"article:publisher\" content=\"https:\/\/www.facebook.com\/profile.php?id=100063824551839\" \/>\n<meta property=\"article:modified_time\" content=\"2024-12-02T20:28:20+00:00\" \/>\n<meta property=\"og:image\" content=\"https:\/\/www.facecorner.lv\/wp-content\/uploads\/2024\/02\/WXWorkCapture_16655599117453_1800x1800.webp\" \/>\n\t<meta property=\"og:image:width\" content=\"1080\" \/>\n\t<meta property=\"og:image:height\" content=\"1080\" \/>\n\t<meta property=\"og:image:type\" content=\"image\/webp\" \/>\n<meta name=\"twitter:card\" content=\"summary_large_image\" \/>\n<meta name=\"twitter:label1\" content=\"Price\" \/>\n\t<meta name=\"twitter:data1\" content=\"&euro;21.95\" \/>\n\t<meta name=\"twitter:label2\" content=\"Availability\" \/>\n\t<meta name=\"twitter:data2\" content=\"Out of stock\" \/>\n<script type=\"application\/ld+json\" class=\"yoast-schema-graph\">{\"@context\":\"https:\\\/\\\/schema.org\",\"@graph\":[{\"@type\":\"WebPage\",\"@id\":\"https:\\\/\\\/www.facecorner.lv\\\/shop\\\/some-by-mi-super-matcha-pore-tightening-serum-50ml\\\/\",\"url\":\"https:\\\/\\\/www.facecorner.lv\\\/shop\\\/some-by-mi-super-matcha-pore-tightening-serum-50ml\\\/\",\"name\":\"Some By Mi Super Matcha Pore Tightening Serum 50ml - FACECORNER\",\"isPartOf\":{\"@id\":\"https:\\\/\\\/www.facecorner.lv\\\/#website\"},\"primaryImageOfPage\":{\"@id\":\"https:\\\/\\\/www.facecorner.lv\\\/shop\\\/some-by-mi-super-matcha-pore-tightening-serum-50ml\\\/#primaryimage\"},\"image\":{\"@id\":\"https:\\\/\\\/www.facecorner.lv\\\/shop\\\/some-by-mi-super-matcha-pore-tightening-serum-50ml\\\/#primaryimage\"},\"thumbnailUrl\":\"https:\\\/\\\/www.facecorner.lv\\\/wp-content\\\/uploads\\\/2024\\\/02\\\/WXWorkCapture_16655599117453_1800x1800.webp\",\"datePublished\":\"2024-02-19T12:48:21+00:00\",\"dateModified\":\"2024-12-02T20:28:20+00:00\",\"breadcrumb\":{\"@id\":\"https:\\\/\\\/www.facecorner.lv\\\/shop\\\/some-by-mi-super-matcha-pore-tightening-serum-50ml\\\/#breadcrumb\"},\"inLanguage\":\"lv-LV\",\"potentialAction\":[{\"@type\":\"ReadAction\",\"target\":[\"https:\\\/\\\/www.facecorner.lv\\\/shop\\\/some-by-mi-super-matcha-pore-tightening-serum-50ml\\\/\"]}]},{\"@type\":\"ImageObject\",\"inLanguage\":\"lv-LV\",\"@id\":\"https:\\\/\\\/www.facecorner.lv\\\/shop\\\/some-by-mi-super-matcha-pore-tightening-serum-50ml\\\/#primaryimage\",\"url\":\"https:\\\/\\\/www.facecorner.lv\\\/wp-content\\\/uploads\\\/2024\\\/02\\\/WXWorkCapture_16655599117453_1800x1800.webp\",\"contentUrl\":\"https:\\\/\\\/www.facecorner.lv\\\/wp-content\\\/uploads\\\/2024\\\/02\\\/WXWorkCapture_16655599117453_1800x1800.webp\",\"width\":1080,\"height\":1080},{\"@type\":\"BreadcrumbList\",\"@id\":\"https:\\\/\\\/www.facecorner.lv\\\/shop\\\/some-by-mi-super-matcha-pore-tightening-serum-50ml\\\/#breadcrumb\",\"itemListElement\":[{\"@type\":\"ListItem\",\"position\":1,\"name\":\"Home\",\"item\":\"https:\\\/\\\/www.facecorner.lv\\\/\"},{\"@type\":\"ListItem\",\"position\":2,\"name\":\"Veikals\",\"item\":\"https:\\\/\\\/www.facecorner.lv\\\/shop\\\/\"},{\"@type\":\"ListItem\",\"position\":3,\"name\":\"Some By Mi Super Matcha Pore Tightening Serum 50ml\"}]},{\"@type\":\"WebSite\",\"@id\":\"https:\\\/\\\/www.facecorner.lv\\\/#website\",\"url\":\"https:\\\/\\\/www.facecorner.lv\\\/\",\"name\":\"Facecorner\",\"description\":\"\",\"publisher\":{\"@id\":\"https:\\\/\\\/www.facecorner.lv\\\/#organization\"},\"potentialAction\":[{\"@type\":\"SearchAction\",\"target\":{\"@type\":\"EntryPoint\",\"urlTemplate\":\"https:\\\/\\\/www.facecorner.lv\\\/?s={search_term_string}\"},\"query-input\":{\"@type\":\"PropertyValueSpecification\",\"valueRequired\":true,\"valueName\":\"search_term_string\"}}],\"inLanguage\":\"lv-LV\"},{\"@type\":\"Organization\",\"@id\":\"https:\\\/\\\/www.facecorner.lv\\\/#organization\",\"name\":\"Facecorner\",\"url\":\"https:\\\/\\\/www.facecorner.lv\\\/\",\"logo\":{\"@type\":\"ImageObject\",\"inLanguage\":\"lv-LV\",\"@id\":\"https:\\\/\\\/www.facecorner.lv\\\/#\\\/schema\\\/logo\\\/image\\\/\",\"url\":\"https:\\\/\\\/www.facecorner.lv\\\/wp-content\\\/uploads\\\/2024\\\/04\\\/fc-logo.jpg\",\"contentUrl\":\"https:\\\/\\\/www.facecorner.lv\\\/wp-content\\\/uploads\\\/2024\\\/04\\\/fc-logo.jpg\",\"width\":174,\"height\":28,\"caption\":\"Facecorner\"},\"image\":{\"@id\":\"https:\\\/\\\/www.facecorner.lv\\\/#\\\/schema\\\/logo\\\/image\\\/\"},\"sameAs\":[\"https:\\\/\\\/www.facebook.com\\\/profile.php?id=100063824551839\",\"https:\\\/\\\/www.instagram.com\\\/facecorner_shop\\\/\"]}]}<\/script>\n<meta property=\"product:price:amount\" content=\"21.95\" \/>\n<meta property=\"product:price:currency\" content=\"EUR\" \/>\n<meta property=\"og:availability\" content=\"out of stock\" \/>\n<meta property=\"product:availability\" content=\"out of stock\" \/>\n<meta property=\"product:condition\" content=\"new\" \/>\n<!-- \/ Yoast SEO plugin. -->","yoast_head_json":{"title":"Some By Mi Super Matcha Pore Tightening Serum 50ml - FACECORNER","robots":{"index":"index","follow":"follow","max-snippet":"max-snippet:-1","max-image-preview":"max-image-preview:large","max-video-preview":"max-video-preview:-1"},"canonical":"https:\/\/www.facecorner.lv\/lv\/shop\/some-by-mi-super-matcha-pore-tightening-serum-50ml\/","og_locale":"lv_LV","og_type":"article","og_title":"Some By Mi Super Matcha Pore Tightening Serum 50ml - FACECORNER","og_description":"Some By Mi Super Matcha Pore Tightening Serum regul\u0113 sebuma veido\u0161anos, nov\u0113r\u0161 taukainu sp\u012bdumu un padara \u0101du tvirt\u0101ku un tvirt\u0101ku. Tas nomierina iekaisumus, mazina aps\u0101rtumu un kairin\u0101jumu, izl\u012bdzina tonusu un uzlabo sejas kr\u0101su. Serums nov\u0113r\u0161 p\u0101rm\u0113r\u012bgu sebuma veido\u0161anos un poru aizs\u0113r\u0113\u0161anu, normaliz\u0113 \u016bdens-lip\u012bdu l\u012bdzsvaru, nov\u0113r\u0161 dehidrat\u0101ciju. Atjauno problem\u0101tisko \u0101du, nov\u0113r\u0161 izsitumu ra\u0161anos, mazina diskomfortu un [&hellip;]","og_url":"https:\/\/www.facecorner.lv\/lv\/shop\/some-by-mi-super-matcha-pore-tightening-serum-50ml\/","og_site_name":"FACECORNER","article_publisher":"https:\/\/www.facebook.com\/profile.php?id=100063824551839","article_modified_time":"2024-12-02T20:28:20+00:00","og_image":[{"width":1080,"height":1080,"url":"https:\/\/www.facecorner.lv\/wp-content\/uploads\/2024\/02\/WXWorkCapture_16655599117453_1800x1800.webp","type":"image\/webp"}],"twitter_card":"summary_large_image","twitter_misc":{"Price":"&euro;21.95","Availability":"Out of stock"},"schema":{"@context":"https:\/\/schema.org","@graph":[{"@type":"WebPage","@id":"https:\/\/www.facecorner.lv\/shop\/some-by-mi-super-matcha-pore-tightening-serum-50ml\/","url":"https:\/\/www.facecorner.lv\/shop\/some-by-mi-super-matcha-pore-tightening-serum-50ml\/","name":"Some By Mi Super Matcha Pore Tightening Serum 50ml - FACECORNER","isPartOf":{"@id":"https:\/\/www.facecorner.lv\/#website"},"primaryImageOfPage":{"@id":"https:\/\/www.facecorner.lv\/shop\/some-by-mi-super-matcha-pore-tightening-serum-50ml\/#primaryimage"},"image":{"@id":"https:\/\/www.facecorner.lv\/shop\/some-by-mi-super-matcha-pore-tightening-serum-50ml\/#primaryimage"},"thumbnailUrl":"https:\/\/www.facecorner.lv\/wp-content\/uploads\/2024\/02\/WXWorkCapture_16655599117453_1800x1800.webp","datePublished":"2024-02-19T12:48:21+00:00","dateModified":"2024-12-02T20:28:20+00:00","breadcrumb":{"@id":"https:\/\/www.facecorner.lv\/shop\/some-by-mi-super-matcha-pore-tightening-serum-50ml\/#breadcrumb"},"inLanguage":"lv-LV","potentialAction":[{"@type":"ReadAction","target":["https:\/\/www.facecorner.lv\/shop\/some-by-mi-super-matcha-pore-tightening-serum-50ml\/"]}]},{"@type":"ImageObject","inLanguage":"lv-LV","@id":"https:\/\/www.facecorner.lv\/shop\/some-by-mi-super-matcha-pore-tightening-serum-50ml\/#primaryimage","url":"https:\/\/www.facecorner.lv\/wp-content\/uploads\/2024\/02\/WXWorkCapture_16655599117453_1800x1800.webp","contentUrl":"https:\/\/www.facecorner.lv\/wp-content\/uploads\/2024\/02\/WXWorkCapture_16655599117453_1800x1800.webp","width":1080,"height":1080},{"@type":"BreadcrumbList","@id":"https:\/\/www.facecorner.lv\/shop\/some-by-mi-super-matcha-pore-tightening-serum-50ml\/#breadcrumb","itemListElement":[{"@type":"ListItem","position":1,"name":"Home","item":"https:\/\/www.facecorner.lv\/"},{"@type":"ListItem","position":2,"name":"Veikals","item":"https:\/\/www.facecorner.lv\/shop\/"},{"@type":"ListItem","position":3,"name":"Some By Mi Super Matcha Pore Tightening Serum 50ml"}]},{"@type":"WebSite","@id":"https:\/\/www.facecorner.lv\/#website","url":"https:\/\/www.facecorner.lv\/","name":"Facecorner","description":"","publisher":{"@id":"https:\/\/www.facecorner.lv\/#organization"},"potentialAction":[{"@type":"SearchAction","target":{"@type":"EntryPoint","urlTemplate":"https:\/\/www.facecorner.lv\/?s={search_term_string}"},"query-input":{"@type":"PropertyValueSpecification","valueRequired":true,"valueName":"search_term_string"}}],"inLanguage":"lv-LV"},{"@type":"Organization","@id":"https:\/\/www.facecorner.lv\/#organization","name":"Facecorner","url":"https:\/\/www.facecorner.lv\/","logo":{"@type":"ImageObject","inLanguage":"lv-LV","@id":"https:\/\/www.facecorner.lv\/#\/schema\/logo\/image\/","url":"https:\/\/www.facecorner.lv\/wp-content\/uploads\/2024\/04\/fc-logo.jpg","contentUrl":"https:\/\/www.facecorner.lv\/wp-content\/uploads\/2024\/04\/fc-logo.jpg","width":174,"height":28,"caption":"Facecorner"},"image":{"@id":"https:\/\/www.facecorner.lv\/#\/schema\/logo\/image\/"},"sameAs":["https:\/\/www.facebook.com\/profile.php?id=100063824551839","https:\/\/www.instagram.com\/facecorner_shop\/"]}]},"product_price_amount":"21.95","product_price_currency":"EUR","og_availability":"out of stock","product_availability":"out of stock","product_condition":"new"},"_links":{"self":[{"href":"https:\/\/www.facecorner.lv\/lv\/wp-json\/wp\/v2\/product\/14333","targetHints":{"allow":["GET"]}}],"collection":[{"href":"https:\/\/www.facecorner.lv\/lv\/wp-json\/wp\/v2\/product"}],"about":[{"href":"https:\/\/www.facecorner.lv\/lv\/wp-json\/wp\/v2\/types\/product"}],"replies":[{"embeddable":true,"href":"https:\/\/www.facecorner.lv\/lv\/wp-json\/wp\/v2\/comments?post=14333"}],"wp:featuredmedia":[{"embeddable":true,"href":"https:\/\/www.facecorner.lv\/lv\/wp-json\/wp\/v2\/media\/14334"}],"wp:attachment":[{"href":"https:\/\/www.facecorner.lv\/lv\/wp-json\/wp\/v2\/media?parent=14333"}],"wp:term":[{"taxonomy":"product_brand","embeddable":true,"href":"https:\/\/www.facecorner.lv\/lv\/wp-json\/wp\/v2\/product_brand?post=14333"},{"taxonomy":"product_cat","embeddable":true,"href":"https:\/\/www.facecorner.lv\/lv\/wp-json\/wp\/v2\/product_cat?post=14333"},{"taxonomy":"product_tag","embeddable":true,"href":"https:\/\/www.facecorner.lv\/lv\/wp-json\/wp\/v2\/product_tag?post=14333"},{"taxonomy":"berocket_brand","embeddable":true,"href":"https:\/\/www.facecorner.lv\/lv\/wp-json\/wp\/v2\/berocket_brand?post=14333"}],"curies":[{"name":"wp","href":"https:\/\/api.w.org\/{rel}","templated":true}]}}