{"id":14330,"date":"2024-02-19T14:40:49","date_gmt":"2024-02-19T12:40:49","guid":{"rendered":"https:\/\/www.facecorner.lv\/?post_type=product&#038;p=14330"},"modified":"2024-12-02T23:28:37","modified_gmt":"2024-12-02T20:28:37","slug":"some-by-mi-super-matcha-pore-clean-cleansing-gel-100ml","status":"publish","type":"product","link":"https:\/\/www.facecorner.lv\/lv\/shop\/some-by-mi-super-matcha-pore-clean-cleansing-gel-100ml\/","title":{"rendered":"Some By Mi Super Matcha Pore Clean Cleansing Gel 100ml"},"content":{"rendered":"<p>Some By Mi Super Matcha Tea Pore Clean att\u012bro\u0161\u0101 \u017eeleja dzi\u013ci att\u012bra \u0101du, efekt\u012bvi nov\u0113r\u0161ot taukainu sp\u012bdumu un lieko sebumu. Tas regul\u0113 sebuma veido\u0161anos, iz\u0161\u0137\u012bdina sebuma aizsprostojumus un no\u0146em net\u012brumus no por\u0101m.<\/p>\n<p>\u017deleja maigi p\u012blingo keratiniz\u0113to sl\u0101ni, uzlabojot mikrocirkul\u0101ciju un stimul\u0113jot atjauno\u0161an\u0101s un dziedin\u0101\u0161anas procesus. Tas palielina \u0101das bl\u012bvumu, padara to glud\u0101ku un elast\u012bg\u0101ku, uzlabo sejas kr\u0101su un izl\u012bdzina \u0101das toni. \u017deleja pal\u012bdz atjaunot \u016bdens un lip\u012bdu l\u012bdzsvaru, nov\u0113r\u0161 poru aizs\u0113r\u0113\u0161anu un nov\u0113r\u0161 iekaisumu un izsitumu ra\u0161anos. Tas papildina dab\u012bg\u0101 mitrino\u0161\u0101 faktora (NMF) &#8211; aminosk\u0101bju, miner\u0101lvielu un pept\u012bdu kompleksa &#8211; tr\u016bkumu, kas atrodas epidermas \u0161\u016bn\u0101s un ir atbild\u012bgs par mitruma saglab\u0101\u0161anu \u0101d\u0101.<\/p>\n<p>G\u0113la galven\u0101 akt\u012bv\u0101 sast\u0101vda\u013ca ir \u016bdens un matcha za\u013c\u0101s t\u0113jas pulveris (62%). Matcha ir dabisks antioksidants, tai piem\u012bt aizsarg\u0101jo\u0161a un pretiekaisuma iedarb\u012bba, t\u0101 izl\u012bdzina sejas kr\u0101su, c\u012bn\u0101s ar iekaisumiem un regul\u0113 sebuma veido\u0161anos. T\u0101 efekt\u012bvi nomierina \u0101du un maigi izgaismo pigmenta plankumus, vasaras raibumus un p\u0113p\u016bt\u012btes.<\/p>\n<p>\u017delejai ir atsvaidzino\u0161a tekst\u016bra, saskar\u0113 ar \u016bdeni t\u0101 p\u0101rv\u0113r\u0161as viegl\u0101s put\u0101s. To var viegli nomazg\u0101t ar \u016bdeni, neatst\u0101jot sasprindzin\u0101jumu un sausumu. Nesatur sulf\u0101tus.<\/p>\n<p><strong>Papildu akt\u012bv\u0101s sast\u0101vda\u013cas:<\/strong><\/p>\n<ul>\n<li>Balt\u0101 v\u012btolu mizas ekstrakts ir dab\u012bgs salicilsk\u0101bes avots. Tas uzlabo \u0101das kr\u0101su, mazina kairin\u0101jumu, re\u0123ener\u0113, samazina poras, regul\u0113 sebuma veido\u0161anos, efekt\u012bvi p\u012blings, pal\u012bdz \u0101dai atjaunot t\u0101s barjeras funkciju.<\/li>\n<li>Laktobionsk\u0101be dzi\u013ci mitrina, uztur optim\u0101lu mitrin\u0101\u0161anas l\u012bmeni, piesaista mitrumu. Pal\u0113nina oksid\u0101cijas procesus, nov\u0113r\u0161 kolag\u0113na \u0161\u0137iedru boj\u0101\u0161anos, pal\u0113nina noveco\u0161an\u0101s procesus.<\/li>\n<li>CICA-komplekss (centellas ekstrakts, madekasos\u012bds, asiatikos\u012bds, asiatisk\u0101 sk\u0101be, madekassk\u0101be) palielina \u0101das elast\u012bbu un tvirtumu, pies\u0101tina dermas \u0161\u016bnas ar mitrumu. Veido aizsargbarjeru, kas pasarg\u0101 \u0101du no ultraviolet\u0101s gaismas un negat\u012bviem vides faktoriem.<\/li>\n<li>T\u0113jas koka pulverim piem\u012bt sp\u0113c\u012bga pretmikrobu iedarb\u012bba. C\u012bn\u0101s pret poru aizs\u0113r\u0113\u0161anu, normaliz\u0113 sebuma un tauku dziedzeru veido\u0161anos, samazina taukaino sp\u012bdumu.<\/li>\n<\/ul>\n<p>Piem\u0113rots taukainai un problem\u0101tiskai \u0101dai.<\/p>\n<p><strong>Lieto\u0161ana:<\/strong> uzkl\u0101jiet nelielu daudzumu \u017eelejas uz samitrin\u0101t\u0101m plaukst\u0101m, saputojiet un iemas\u0113jiet \u0101d\u0101. R\u016bp\u012bgi nomazg\u0101jiet ar siltu \u016bdeni.<\/p>\n<p><strong>S\u0101stavs: \u00a0<\/strong>Green tea water (62%), glycerin, purified water, potassium cocoyl glycinate, lauryl glucoside, coco-glucoside, acrylate copolymer, sodium cocoyl isethionate, 1,2-hexanediol, white willow Bark water, white willow bark extract, glacier water, carbonated water, centella asiatica extract, centella asiatica leaf extract, india mulberry leaf extract, india mulberry tree flower extract, calamine, green tea powder (50 ppm), tea tree leaf powder, butyl Renglycol, Sodium Hyaluronate, Allantoin, Madecaic Acid, Asiaticoside , Asiatic Acid, Madecassoside, Coconut Palm Oil, Coco-Caprylate\/Caprate, Caprylyl Glycol, Glyceryl Middle Silenate, polyglyceryl-10 myristate, potassium cetyl phosphate, lauric acid, mannan, lactobionic acid, citric acid, triethoxycaprylylsilane, methylpropanediol, benzyl glycol, ethylhexyl Glycerin, raspberry ketone, fragrance<\/p>\n","protected":false},"excerpt":{"rendered":"<p>Some By Mi Super Matcha Tea Pore Clean att\u012bro\u0161\u0101 \u017eeleja dzi\u013ci att\u012bra \u0101du, efekt\u012bvi nov\u0113r\u0161ot taukainu sp\u012bdumu un lieko sebumu. Tas regul\u0113 sebuma veido\u0161anos, iz\u0161\u0137\u012bdina sebuma aizsprostojumus un no\u0146em net\u012brumus no por\u0101m. \u017deleja maigi p\u012blingo keratiniz\u0113to sl\u0101ni, uzlabojot mikrocirkul\u0101ciju un stimul\u0113jot atjauno\u0161an\u0101s un dziedin\u0101\u0161anas procesus. Tas palielina \u0101das bl\u012bvumu, padara to glud\u0101ku un elast\u012bg\u0101ku, uzlabo [&hellip;]<\/p>\n","protected":false},"featured_media":14331,"comment_status":"open","ping_status":"closed","template":"","meta":{"site-sidebar-layout":"default","site-content-layout":"","ast-site-content-layout":"","site-content-style":"default","site-sidebar-style":"default","ast-global-header-display":"","ast-banner-title-visibility":"","ast-main-header-display":"","ast-hfb-above-header-display":"","ast-hfb-below-header-display":"","ast-hfb-mobile-header-display":"","site-post-title":"","ast-breadcrumbs-content":"","ast-featured-img":"","footer-sml-layout":"","theme-transparent-header-meta":"","adv-header-id-meta":"","stick-header-meta":"","header-above-stick-meta":"","header-main-stick-meta":"","header-below-stick-meta":"","astra-migrate-meta-layouts":"default","ast-page-background-enabled":"default","ast-page-background-meta":{"desktop":{"background-color":"var(--ast-global-color-4)","background-image":"","background-repeat":"repeat","background-position":"center center","background-size":"auto","background-attachment":"scroll","background-type":"","background-media":"","overlay-type":"","overlay-color":"","overlay-opacity":"","overlay-gradient":""},"tablet":{"background-color":"","background-image":"","background-repeat":"repeat","background-position":"center center","background-size":"auto","background-attachment":"scroll","background-type":"","background-media":"","overlay-type":"","overlay-color":"","overlay-opacity":"","overlay-gradient":""},"mobile":{"background-color":"","background-image":"","background-repeat":"repeat","background-position":"center center","background-size":"auto","background-attachment":"scroll","background-type":"","background-media":"","overlay-type":"","overlay-color":"","overlay-opacity":"","overlay-gradient":""}},"ast-content-background-meta":{"desktop":{"background-color":"var(--ast-global-color-5)","background-image":"","background-repeat":"repeat","background-position":"center center","background-size":"auto","background-attachment":"scroll","background-type":"","background-media":"","overlay-type":"","overlay-color":"","overlay-opacity":"","overlay-gradient":""},"tablet":{"background-color":"var(--ast-global-color-5)","background-image":"","background-repeat":"repeat","background-position":"center center","background-size":"auto","background-attachment":"scroll","background-type":"","background-media":"","overlay-type":"","overlay-color":"","overlay-opacity":"","overlay-gradient":""},"mobile":{"background-color":"var(--ast-global-color-5)","background-image":"","background-repeat":"repeat","background-position":"center center","background-size":"auto","background-attachment":"scroll","background-type":"","background-media":"","overlay-type":"","overlay-color":"","overlay-opacity":"","overlay-gradient":""}}},"product_brand":[],"product_cat":[310,311,312,313,314],"product_tag":[],"berocket_brand":[581],"class_list":{"0":"post-14330","1":"product","2":"type-product","3":"status-publish","4":"has-post-thumbnail","6":"product_cat-attirisana","7":"product_cat-jutigai-adai-attirisana","8":"product_cat-kombinetai-adai-attirisana","9":"product_cat-problematiskai-adai-attirisana","10":"product_cat-taukainai-adai-attirisana","11":"berocket_brand-some-by-mi","12":"desktop-align-left","13":"tablet-align-left","14":"mobile-align-left","16":"first","17":"outofstock","18":"taxable","19":"shipping-taxable","20":"purchasable","21":"product-type-simple","22":"add-to-wishlist-before_image"},"yoast_head":"<!-- This site is optimized with the Yoast SEO plugin v27.3 - https:\/\/yoast.com\/product\/yoast-seo-wordpress\/ -->\n<title>Some By Mi Super Matcha Pore Clean Cleansing Gel 100ml - FACECORNER<\/title>\n<meta name=\"robots\" content=\"index, follow, max-snippet:-1, max-image-preview:large, max-video-preview:-1\" \/>\n<link rel=\"canonical\" href=\"https:\/\/www.facecorner.lv\/lv\/shop\/some-by-mi-super-matcha-pore-clean-cleansing-gel-100ml\/\" \/>\n<meta property=\"og:locale\" content=\"lv_LV\" \/>\n<meta property=\"og:type\" content=\"article\" \/>\n<meta property=\"og:title\" content=\"Some By Mi Super Matcha Pore Clean Cleansing Gel 100ml - FACECORNER\" \/>\n<meta property=\"og:description\" content=\"Some By Mi Super Matcha Tea Pore Clean att\u012bro\u0161\u0101 \u017eeleja dzi\u013ci att\u012bra \u0101du, efekt\u012bvi nov\u0113r\u0161ot taukainu sp\u012bdumu un lieko sebumu. Tas regul\u0113 sebuma veido\u0161anos, iz\u0161\u0137\u012bdina sebuma aizsprostojumus un no\u0146em net\u012brumus no por\u0101m. \u017deleja maigi p\u012blingo keratiniz\u0113to sl\u0101ni, uzlabojot mikrocirkul\u0101ciju un stimul\u0113jot atjauno\u0161an\u0101s un dziedin\u0101\u0161anas procesus. Tas palielina \u0101das bl\u012bvumu, padara to glud\u0101ku un elast\u012bg\u0101ku, uzlabo [&hellip;]\" \/>\n<meta property=\"og:url\" content=\"https:\/\/www.facecorner.lv\/lv\/shop\/some-by-mi-super-matcha-pore-clean-cleansing-gel-100ml\/\" \/>\n<meta property=\"og:site_name\" content=\"FACECORNER\" \/>\n<meta property=\"article:publisher\" content=\"https:\/\/www.facebook.com\/profile.php?id=100063824551839\" \/>\n<meta property=\"article:modified_time\" content=\"2024-12-02T20:28:37+00:00\" \/>\n<meta property=\"og:image\" content=\"https:\/\/www.facecorner.lv\/wp-content\/uploads\/2024\/02\/28341974.jpeg\" \/>\n\t<meta property=\"og:image:width\" content=\"845\" \/>\n\t<meta property=\"og:image:height\" content=\"845\" \/>\n\t<meta property=\"og:image:type\" content=\"image\/jpeg\" \/>\n<meta name=\"twitter:card\" content=\"summary_large_image\" \/>\n<meta name=\"twitter:label1\" content=\"Price\" \/>\n\t<meta name=\"twitter:data1\" content=\"&euro;16.95\" \/>\n\t<meta name=\"twitter:label2\" content=\"Availability\" \/>\n\t<meta name=\"twitter:data2\" content=\"Out of stock\" \/>\n<script type=\"application\/ld+json\" class=\"yoast-schema-graph\">{\"@context\":\"https:\\\/\\\/schema.org\",\"@graph\":[{\"@type\":\"WebPage\",\"@id\":\"https:\\\/\\\/www.facecorner.lv\\\/shop\\\/some-by-mi-super-matcha-pore-clean-cleansing-gel-100ml\\\/\",\"url\":\"https:\\\/\\\/www.facecorner.lv\\\/shop\\\/some-by-mi-super-matcha-pore-clean-cleansing-gel-100ml\\\/\",\"name\":\"Some By Mi Super Matcha Pore Clean Cleansing Gel 100ml - FACECORNER\",\"isPartOf\":{\"@id\":\"https:\\\/\\\/www.facecorner.lv\\\/#website\"},\"primaryImageOfPage\":{\"@id\":\"https:\\\/\\\/www.facecorner.lv\\\/shop\\\/some-by-mi-super-matcha-pore-clean-cleansing-gel-100ml\\\/#primaryimage\"},\"image\":{\"@id\":\"https:\\\/\\\/www.facecorner.lv\\\/shop\\\/some-by-mi-super-matcha-pore-clean-cleansing-gel-100ml\\\/#primaryimage\"},\"thumbnailUrl\":\"https:\\\/\\\/www.facecorner.lv\\\/wp-content\\\/uploads\\\/2024\\\/02\\\/28341974.jpeg\",\"datePublished\":\"2024-02-19T12:40:49+00:00\",\"dateModified\":\"2024-12-02T20:28:37+00:00\",\"breadcrumb\":{\"@id\":\"https:\\\/\\\/www.facecorner.lv\\\/shop\\\/some-by-mi-super-matcha-pore-clean-cleansing-gel-100ml\\\/#breadcrumb\"},\"inLanguage\":\"lv-LV\",\"potentialAction\":[{\"@type\":\"ReadAction\",\"target\":[\"https:\\\/\\\/www.facecorner.lv\\\/shop\\\/some-by-mi-super-matcha-pore-clean-cleansing-gel-100ml\\\/\"]}]},{\"@type\":\"ImageObject\",\"inLanguage\":\"lv-LV\",\"@id\":\"https:\\\/\\\/www.facecorner.lv\\\/shop\\\/some-by-mi-super-matcha-pore-clean-cleansing-gel-100ml\\\/#primaryimage\",\"url\":\"https:\\\/\\\/www.facecorner.lv\\\/wp-content\\\/uploads\\\/2024\\\/02\\\/28341974.jpeg\",\"contentUrl\":\"https:\\\/\\\/www.facecorner.lv\\\/wp-content\\\/uploads\\\/2024\\\/02\\\/28341974.jpeg\",\"width\":845,\"height\":845},{\"@type\":\"BreadcrumbList\",\"@id\":\"https:\\\/\\\/www.facecorner.lv\\\/shop\\\/some-by-mi-super-matcha-pore-clean-cleansing-gel-100ml\\\/#breadcrumb\",\"itemListElement\":[{\"@type\":\"ListItem\",\"position\":1,\"name\":\"Home\",\"item\":\"https:\\\/\\\/www.facecorner.lv\\\/\"},{\"@type\":\"ListItem\",\"position\":2,\"name\":\"Veikals\",\"item\":\"https:\\\/\\\/www.facecorner.lv\\\/shop\\\/\"},{\"@type\":\"ListItem\",\"position\":3,\"name\":\"Some By Mi Super Matcha Pore Clean Cleansing Gel 100ml\"}]},{\"@type\":\"WebSite\",\"@id\":\"https:\\\/\\\/www.facecorner.lv\\\/#website\",\"url\":\"https:\\\/\\\/www.facecorner.lv\\\/\",\"name\":\"Facecorner\",\"description\":\"\",\"publisher\":{\"@id\":\"https:\\\/\\\/www.facecorner.lv\\\/#organization\"},\"potentialAction\":[{\"@type\":\"SearchAction\",\"target\":{\"@type\":\"EntryPoint\",\"urlTemplate\":\"https:\\\/\\\/www.facecorner.lv\\\/?s={search_term_string}\"},\"query-input\":{\"@type\":\"PropertyValueSpecification\",\"valueRequired\":true,\"valueName\":\"search_term_string\"}}],\"inLanguage\":\"lv-LV\"},{\"@type\":\"Organization\",\"@id\":\"https:\\\/\\\/www.facecorner.lv\\\/#organization\",\"name\":\"Facecorner\",\"url\":\"https:\\\/\\\/www.facecorner.lv\\\/\",\"logo\":{\"@type\":\"ImageObject\",\"inLanguage\":\"lv-LV\",\"@id\":\"https:\\\/\\\/www.facecorner.lv\\\/#\\\/schema\\\/logo\\\/image\\\/\",\"url\":\"https:\\\/\\\/www.facecorner.lv\\\/wp-content\\\/uploads\\\/2024\\\/04\\\/fc-logo.jpg\",\"contentUrl\":\"https:\\\/\\\/www.facecorner.lv\\\/wp-content\\\/uploads\\\/2024\\\/04\\\/fc-logo.jpg\",\"width\":174,\"height\":28,\"caption\":\"Facecorner\"},\"image\":{\"@id\":\"https:\\\/\\\/www.facecorner.lv\\\/#\\\/schema\\\/logo\\\/image\\\/\"},\"sameAs\":[\"https:\\\/\\\/www.facebook.com\\\/profile.php?id=100063824551839\",\"https:\\\/\\\/www.instagram.com\\\/facecorner_shop\\\/\"]}]}<\/script>\n<meta property=\"product:price:amount\" content=\"16.95\" \/>\n<meta property=\"product:price:currency\" content=\"EUR\" \/>\n<meta property=\"og:availability\" content=\"out of stock\" \/>\n<meta property=\"product:availability\" content=\"out of stock\" \/>\n<meta property=\"product:condition\" content=\"new\" \/>\n<!-- \/ Yoast SEO plugin. -->","yoast_head_json":{"title":"Some By Mi Super Matcha Pore Clean Cleansing Gel 100ml - FACECORNER","robots":{"index":"index","follow":"follow","max-snippet":"max-snippet:-1","max-image-preview":"max-image-preview:large","max-video-preview":"max-video-preview:-1"},"canonical":"https:\/\/www.facecorner.lv\/lv\/shop\/some-by-mi-super-matcha-pore-clean-cleansing-gel-100ml\/","og_locale":"lv_LV","og_type":"article","og_title":"Some By Mi Super Matcha Pore Clean Cleansing Gel 100ml - FACECORNER","og_description":"Some By Mi Super Matcha Tea Pore Clean att\u012bro\u0161\u0101 \u017eeleja dzi\u013ci att\u012bra \u0101du, efekt\u012bvi nov\u0113r\u0161ot taukainu sp\u012bdumu un lieko sebumu. Tas regul\u0113 sebuma veido\u0161anos, iz\u0161\u0137\u012bdina sebuma aizsprostojumus un no\u0146em net\u012brumus no por\u0101m. \u017deleja maigi p\u012blingo keratiniz\u0113to sl\u0101ni, uzlabojot mikrocirkul\u0101ciju un stimul\u0113jot atjauno\u0161an\u0101s un dziedin\u0101\u0161anas procesus. Tas palielina \u0101das bl\u012bvumu, padara to glud\u0101ku un elast\u012bg\u0101ku, uzlabo [&hellip;]","og_url":"https:\/\/www.facecorner.lv\/lv\/shop\/some-by-mi-super-matcha-pore-clean-cleansing-gel-100ml\/","og_site_name":"FACECORNER","article_publisher":"https:\/\/www.facebook.com\/profile.php?id=100063824551839","article_modified_time":"2024-12-02T20:28:37+00:00","og_image":[{"width":845,"height":845,"url":"https:\/\/www.facecorner.lv\/wp-content\/uploads\/2024\/02\/28341974.jpeg","type":"image\/jpeg"}],"twitter_card":"summary_large_image","twitter_misc":{"Price":"&euro;16.95","Availability":"Out of stock"},"schema":{"@context":"https:\/\/schema.org","@graph":[{"@type":"WebPage","@id":"https:\/\/www.facecorner.lv\/shop\/some-by-mi-super-matcha-pore-clean-cleansing-gel-100ml\/","url":"https:\/\/www.facecorner.lv\/shop\/some-by-mi-super-matcha-pore-clean-cleansing-gel-100ml\/","name":"Some By Mi Super Matcha Pore Clean Cleansing Gel 100ml - FACECORNER","isPartOf":{"@id":"https:\/\/www.facecorner.lv\/#website"},"primaryImageOfPage":{"@id":"https:\/\/www.facecorner.lv\/shop\/some-by-mi-super-matcha-pore-clean-cleansing-gel-100ml\/#primaryimage"},"image":{"@id":"https:\/\/www.facecorner.lv\/shop\/some-by-mi-super-matcha-pore-clean-cleansing-gel-100ml\/#primaryimage"},"thumbnailUrl":"https:\/\/www.facecorner.lv\/wp-content\/uploads\/2024\/02\/28341974.jpeg","datePublished":"2024-02-19T12:40:49+00:00","dateModified":"2024-12-02T20:28:37+00:00","breadcrumb":{"@id":"https:\/\/www.facecorner.lv\/shop\/some-by-mi-super-matcha-pore-clean-cleansing-gel-100ml\/#breadcrumb"},"inLanguage":"lv-LV","potentialAction":[{"@type":"ReadAction","target":["https:\/\/www.facecorner.lv\/shop\/some-by-mi-super-matcha-pore-clean-cleansing-gel-100ml\/"]}]},{"@type":"ImageObject","inLanguage":"lv-LV","@id":"https:\/\/www.facecorner.lv\/shop\/some-by-mi-super-matcha-pore-clean-cleansing-gel-100ml\/#primaryimage","url":"https:\/\/www.facecorner.lv\/wp-content\/uploads\/2024\/02\/28341974.jpeg","contentUrl":"https:\/\/www.facecorner.lv\/wp-content\/uploads\/2024\/02\/28341974.jpeg","width":845,"height":845},{"@type":"BreadcrumbList","@id":"https:\/\/www.facecorner.lv\/shop\/some-by-mi-super-matcha-pore-clean-cleansing-gel-100ml\/#breadcrumb","itemListElement":[{"@type":"ListItem","position":1,"name":"Home","item":"https:\/\/www.facecorner.lv\/"},{"@type":"ListItem","position":2,"name":"Veikals","item":"https:\/\/www.facecorner.lv\/shop\/"},{"@type":"ListItem","position":3,"name":"Some By Mi Super Matcha Pore Clean Cleansing Gel 100ml"}]},{"@type":"WebSite","@id":"https:\/\/www.facecorner.lv\/#website","url":"https:\/\/www.facecorner.lv\/","name":"Facecorner","description":"","publisher":{"@id":"https:\/\/www.facecorner.lv\/#organization"},"potentialAction":[{"@type":"SearchAction","target":{"@type":"EntryPoint","urlTemplate":"https:\/\/www.facecorner.lv\/?s={search_term_string}"},"query-input":{"@type":"PropertyValueSpecification","valueRequired":true,"valueName":"search_term_string"}}],"inLanguage":"lv-LV"},{"@type":"Organization","@id":"https:\/\/www.facecorner.lv\/#organization","name":"Facecorner","url":"https:\/\/www.facecorner.lv\/","logo":{"@type":"ImageObject","inLanguage":"lv-LV","@id":"https:\/\/www.facecorner.lv\/#\/schema\/logo\/image\/","url":"https:\/\/www.facecorner.lv\/wp-content\/uploads\/2024\/04\/fc-logo.jpg","contentUrl":"https:\/\/www.facecorner.lv\/wp-content\/uploads\/2024\/04\/fc-logo.jpg","width":174,"height":28,"caption":"Facecorner"},"image":{"@id":"https:\/\/www.facecorner.lv\/#\/schema\/logo\/image\/"},"sameAs":["https:\/\/www.facebook.com\/profile.php?id=100063824551839","https:\/\/www.instagram.com\/facecorner_shop\/"]}]},"product_price_amount":"16.95","product_price_currency":"EUR","og_availability":"out of stock","product_availability":"out of stock","product_condition":"new"},"_links":{"self":[{"href":"https:\/\/www.facecorner.lv\/lv\/wp-json\/wp\/v2\/product\/14330","targetHints":{"allow":["GET"]}}],"collection":[{"href":"https:\/\/www.facecorner.lv\/lv\/wp-json\/wp\/v2\/product"}],"about":[{"href":"https:\/\/www.facecorner.lv\/lv\/wp-json\/wp\/v2\/types\/product"}],"replies":[{"embeddable":true,"href":"https:\/\/www.facecorner.lv\/lv\/wp-json\/wp\/v2\/comments?post=14330"}],"wp:featuredmedia":[{"embeddable":true,"href":"https:\/\/www.facecorner.lv\/lv\/wp-json\/wp\/v2\/media\/14331"}],"wp:attachment":[{"href":"https:\/\/www.facecorner.lv\/lv\/wp-json\/wp\/v2\/media?parent=14330"}],"wp:term":[{"taxonomy":"product_brand","embeddable":true,"href":"https:\/\/www.facecorner.lv\/lv\/wp-json\/wp\/v2\/product_brand?post=14330"},{"taxonomy":"product_cat","embeddable":true,"href":"https:\/\/www.facecorner.lv\/lv\/wp-json\/wp\/v2\/product_cat?post=14330"},{"taxonomy":"product_tag","embeddable":true,"href":"https:\/\/www.facecorner.lv\/lv\/wp-json\/wp\/v2\/product_tag?post=14330"},{"taxonomy":"berocket_brand","embeddable":true,"href":"https:\/\/www.facecorner.lv\/lv\/wp-json\/wp\/v2\/berocket_brand?post=14330"}],"curies":[{"name":"wp","href":"https:\/\/api.w.org\/{rel}","templated":true}]}}