{"id":14101,"date":"2024-02-01T19:56:26","date_gmt":"2024-02-01T17:56:26","guid":{"rendered":"https:\/\/www.facecorner.lv\/?post_type=product&#038;p=14101"},"modified":"2025-09-29T14:59:35","modified_gmt":"2025-09-29T11:59:35","slug":"round-lab-birch-juice-moisturizing-mild-up-sunscreen-spf-50-pa-50ml","status":"publish","type":"product","link":"https:\/\/www.facecorner.lv\/lv\/shop\/round-lab-birch-juice-moisturizing-mild-up-sunscreen-spf-50-pa-50ml\/","title":{"rendered":"Round Lab Birch Juice Moisturizing Mild-Up Sunscreen SPF 50+ PA++++ 50ml"},"content":{"rendered":"<p>Round Lab Birch Juice Mitrino\u0161s maigs saules aizsargkr\u0113ms SPF 50+ PA++++ lieliski aizsarg\u0101 jut\u012bgu \u0101du no UV stariem, nov\u0113r\u0161 aps\u0101rtumu un apdegumus, nov\u0113r\u0161 \u0101das noveco\u0161anos.<\/p>\n<p>L\u012bdzeklis ar maigu formulu ir lieliski piem\u0113rots jut\u012bgai un problem\u0101tiskai \u0101dai: tas nerada taukainu sp\u012bdumu, samazina jut\u012bbu pret \u0101r\u0113jiem kairin\u0101t\u0101jiem un nov\u0113r\u0161 iekaisumus. Augstais UV aizsardz\u012bbas indekss ir apstiprin\u0101ts kl\u012bniskajos p\u0113t\u012bjumos.<\/p>\n<p>Kr\u0113ms ar vieglu tekst\u016bru lieliski kl\u0101jas, atst\u0101jot atsvaidzino\u0161u efektu un maigi izl\u012bdzinot toni.<\/p>\n<p>Galven\u0101 formulas sast\u0101vda\u013ca ir b\u0113rzu sula, kas ieg\u016bta no kokiem, kuri aug ekolo\u0123iskaj\u0101 Inje re\u0123ion\u0101 Korej\u0101. B\u0113rzu sulas satur t\u0101das labv\u0113l\u012bgas sast\u0101vda\u013cas k\u0101 fruktozi un dekstrozi, magnija un kalcija fosf\u0101tus, vitam\u012bnus B12 un B6. T\u0101 uztur optim\u0101lu mitrin\u0101\u0161anas l\u012bmeni, uzlabo keranoc\u012btu \u0161\u016bnu darb\u012bbu un uzlabo epidermas vesel\u012bbu.<\/p>\n<p><strong>Papildu akt\u012bv\u0101s sast\u0101vda\u013cas:<\/strong><\/p>\n<ul>\n<li>Glicer\u012bna glikoz\u012bds, glicer\u012bna un glikozes atvasin\u0101jums, uzlabo akvapor\u012bnu &#8211; olbaltumvielu, kas veido kan\u0101lus, kas \u013cauj \u0101dai uzs\u016bkt mitrumu &#8211; darb\u012bbu. Glicerilglikoz\u012bds nov\u0113r\u0161 sausumu un saglab\u0101 mitrumu \u0161\u016bn\u0101s.<\/li>\n<li>Cinka oks\u012bds ir organiska saules aizsargviela, kas ne\u013cauj UV stariem iek\u013c\u016bt \u0101d\u0101, t\u0101d\u0113j\u0101di aizsarg\u0101jot no vecuma plankumu un fotonoveco\u0161an\u0101s paz\u012bmju ra\u0161an\u0101s.<\/li>\n<li>Dermatic AC komplekss, kas sast\u0101v no ciedra, lotosa un rauga ekstrakta, darbojas k\u0101 antibakteri\u0101ls un pretakne\u0101ls l\u012bdzeklis, kas nov\u0113r\u0161 iekaisumu, mitrina un dzied\u0113.<\/li>\n<li>Askorb\u012bnsk\u0101be ir C vitam\u012bna forma, kam piem\u012bt antioksidanta iedarb\u012bba, aizsarg\u0101jot \u0161\u016bnas no br\u012bvajiem radik\u0101\u013ciem, t\u0101d\u0113j\u0101di pal\u0113ninot noveco\u0161an\u0101s procesus, k\u0101 ar\u012b nov\u0113r\u0161ot pigment\u0101ciju un izl\u012bdzinot \u0101das toni.<\/li>\n<li>2 veidu hialuronsk\u0101be saista mitrumu, nov\u0113r\u0161 dehidrat\u0101ciju un sausumu, m\u012bkstina un veido aizsarg\u0101jo\u0161u mitruma barjeru uz \u0101das.<\/li>\n<\/ul>\n<p><strong>Lieto\u0161ana<\/strong>: dienas kop\u0161anas nosl\u0113gum\u0101 uzkl\u0101jiet kr\u0113mu uz sejas un cit\u0101m atkl\u0101t\u0101m \u0101das viet\u0101m. Sejas kop\u0161anai izmantojiet apm\u0113ram 1,2 ml (1\/3 t\u0113jkarotes vai &#8220;2 pirksti\u0146i&#8221;) 15-20 min\u016btes pirms do\u0161an\u0101s \u0101r\u0101. Atjaunojiet aizsargsl\u0101ni p\u0113c peldes vai dvie\u013cu lieto\u0161anas.<\/p>\n<p><strong>S\u0101stavs:<\/strong> Water, Zinc Oxide, Cyclohexasiloxane, Butyloctyl Salicylate, Propanediol, Propylheptyl Caprylate, Isododecane, Caprylyl Methicone, Lauryl Polyglyceryl-3 Polydimethylsiloxyethyl Dimethicone, Methyl Methacrylate Crosspolymer, Methyl Trimethicone, Adansonia Digitata Seed Extract (1,045 ppm), Cryptomeria Japonica Leaf Extract, Nelumbo Nucifera Leaf Extract, Saccharomyces Ferment Filtrate, Glyceryl Glucoside, Sodium Hyaluronate, Hyaluronic Acid, Glycerin, Butylene Glycol, Triethoxycaprylylsilane, Artemisia Annua Extract, Anthemis Nobilis Flower Oil, Pinus Sylvestris Leaf Oil, Ethylhexylglycerin, Ascorbic Acid, Tocopherol, Glyceryl Caprylate, Caprylyl Glycol, Polymethylsilsesquioxane, Lauryl Polyglyceryl-3 Polydimethylsiloxyethyl Dimethicone, 1,2-Hexanediol, Polyglyceryl-2 Dipolyhydroxystearate, Disteardimonium Hectorite, Magnesium Sulfate<\/p>\n<p>&nbsp;<\/p>\n","protected":false},"excerpt":{"rendered":"<p>Round Lab Birch Juice Mitrino\u0161s maigs saules aizsargkr\u0113ms SPF 50+ PA++++ lieliski aizsarg\u0101 jut\u012bgu \u0101du no UV stariem, nov\u0113r\u0161 aps\u0101rtumu un apdegumus, nov\u0113r\u0161 \u0101das noveco\u0161anos. L\u012bdzeklis ar maigu formulu ir lieliski piem\u0113rots jut\u012bgai un problem\u0101tiskai \u0101dai: tas nerada taukainu sp\u012bdumu, samazina jut\u012bbu pret \u0101r\u0113jiem kairin\u0101t\u0101jiem un nov\u0113r\u0161 iekaisumus. Augstais UV aizsardz\u012bbas indekss ir apstiprin\u0101ts kl\u012bniskajos [&hellip;]<\/p>\n","protected":false},"featured_media":14103,"comment_status":"open","ping_status":"closed","template":"","meta":{"site-sidebar-layout":"default","site-content-layout":"","ast-site-content-layout":"default","site-content-style":"default","site-sidebar-style":"default","ast-global-header-display":"","ast-banner-title-visibility":"","ast-main-header-display":"","ast-hfb-above-header-display":"","ast-hfb-below-header-display":"","ast-hfb-mobile-header-display":"","site-post-title":"","ast-breadcrumbs-content":"","ast-featured-img":"","footer-sml-layout":"","theme-transparent-header-meta":"default","adv-header-id-meta":"","stick-header-meta":"","header-above-stick-meta":"","header-main-stick-meta":"","header-below-stick-meta":"","astra-migrate-meta-layouts":"set","ast-page-background-enabled":"default","ast-page-background-meta":{"desktop":{"background-color":"var(--ast-global-color-4)","background-image":"","background-repeat":"repeat","background-position":"center center","background-size":"auto","background-attachment":"scroll","background-type":"","background-media":"","overlay-type":"","overlay-color":"","overlay-opacity":"","overlay-gradient":""},"tablet":{"background-color":"","background-image":"","background-repeat":"repeat","background-position":"center center","background-size":"auto","background-attachment":"scroll","background-type":"","background-media":"","overlay-type":"","overlay-color":"","overlay-opacity":"","overlay-gradient":""},"mobile":{"background-color":"","background-image":"","background-repeat":"repeat","background-position":"center center","background-size":"auto","background-attachment":"scroll","background-type":"","background-media":"","overlay-type":"","overlay-color":"","overlay-opacity":"","overlay-gradient":""}},"ast-content-background-meta":{"desktop":{"background-color":"var(--ast-global-color-5)","background-image":"","background-repeat":"repeat","background-position":"center center","background-size":"auto","background-attachment":"scroll","background-type":"","background-media":"","overlay-type":"","overlay-color":"","overlay-opacity":"","overlay-gradient":""},"tablet":{"background-color":"var(--ast-global-color-5)","background-image":"","background-repeat":"repeat","background-position":"center center","background-size":"auto","background-attachment":"scroll","background-type":"","background-media":"","overlay-type":"","overlay-color":"","overlay-opacity":"","overlay-gradient":""},"mobile":{"background-color":"var(--ast-global-color-5)","background-image":"","background-repeat":"repeat","background-position":"center center","background-size":"auto","background-attachment":"scroll","background-type":"","background-media":"","overlay-type":"","overlay-color":"","overlay-opacity":"","overlay-gradient":""}}},"product_brand":[],"product_cat":[360,307,362,512],"product_tag":[],"berocket_brand":[589],"class_list":{"0":"post-14101","1":"product","2":"type-product","3":"status-publish","4":"has-post-thumbnail","6":"product_cat-saules-aizsarglidzekli","7":"product_cat-sejai","8":"product_cat-sejas-krems","9":"product_cat-spf","10":"berocket_brand-round-lab","11":"desktop-align-left","12":"tablet-align-left","13":"mobile-align-left","15":"first","16":"outofstock","17":"taxable","18":"shipping-taxable","19":"purchasable","20":"product-type-simple","21":"add-to-wishlist-before_image"},"yoast_head":"<!-- This site is optimized with the Yoast SEO plugin v27.3 - https:\/\/yoast.com\/product\/yoast-seo-wordpress\/ -->\n<title>Round Lab Birch Juice Moisturizing Mild-Up Sunscreen SPF 50+ PA++++ 50ml - FACECORNER<\/title>\n<meta name=\"robots\" content=\"index, follow, max-snippet:-1, max-image-preview:large, max-video-preview:-1\" \/>\n<link rel=\"canonical\" href=\"https:\/\/www.facecorner.lv\/lv\/shop\/round-lab-birch-juice-moisturizing-mild-up-sunscreen-spf-50-pa-50ml\/\" \/>\n<meta property=\"og:locale\" content=\"lv_LV\" \/>\n<meta property=\"og:type\" content=\"article\" \/>\n<meta property=\"og:title\" content=\"Round Lab Birch Juice Moisturizing Mild-Up Sunscreen SPF 50+ PA++++ 50ml - FACECORNER\" \/>\n<meta property=\"og:description\" content=\"Round Lab Birch Juice Mitrino\u0161s maigs saules aizsargkr\u0113ms SPF 50+ PA++++ lieliski aizsarg\u0101 jut\u012bgu \u0101du no UV stariem, nov\u0113r\u0161 aps\u0101rtumu un apdegumus, nov\u0113r\u0161 \u0101das noveco\u0161anos. L\u012bdzeklis ar maigu formulu ir lieliski piem\u0113rots jut\u012bgai un problem\u0101tiskai \u0101dai: tas nerada taukainu sp\u012bdumu, samazina jut\u012bbu pret \u0101r\u0113jiem kairin\u0101t\u0101jiem un nov\u0113r\u0161 iekaisumus. Augstais UV aizsardz\u012bbas indekss ir apstiprin\u0101ts kl\u012bniskajos [&hellip;]\" \/>\n<meta property=\"og:url\" content=\"https:\/\/www.facecorner.lv\/lv\/shop\/round-lab-birch-juice-moisturizing-mild-up-sunscreen-spf-50-pa-50ml\/\" \/>\n<meta property=\"og:site_name\" content=\"FACECORNER\" \/>\n<meta property=\"article:publisher\" content=\"https:\/\/www.facebook.com\/profile.php?id=100063824551839\" \/>\n<meta property=\"article:modified_time\" content=\"2025-09-29T11:59:35+00:00\" \/>\n<meta property=\"og:image\" content=\"https:\/\/www.facecorner.lv\/wp-content\/uploads\/2024\/02\/ee9a79_07d2e5adf0d7419b97822f67a26f1fe4_mv2.png\" \/>\n\t<meta property=\"og:image:width\" content=\"1080\" \/>\n\t<meta property=\"og:image:height\" content=\"1080\" \/>\n\t<meta property=\"og:image:type\" content=\"image\/png\" \/>\n<meta name=\"twitter:card\" content=\"summary_large_image\" \/>\n<meta name=\"twitter:label1\" content=\"Price\" \/>\n\t<meta name=\"twitter:data1\" content=\"&euro;22.00\" \/>\n\t<meta name=\"twitter:label2\" content=\"Availability\" \/>\n\t<meta name=\"twitter:data2\" content=\"Out of stock\" \/>\n<script type=\"application\/ld+json\" class=\"yoast-schema-graph\">{\"@context\":\"https:\\\/\\\/schema.org\",\"@graph\":[{\"@type\":\"WebPage\",\"@id\":\"https:\\\/\\\/www.facecorner.lv\\\/shop\\\/round-lab-birch-juice-moisturizing-mild-up-sunscreen-spf-50-pa-50ml\\\/\",\"url\":\"https:\\\/\\\/www.facecorner.lv\\\/shop\\\/round-lab-birch-juice-moisturizing-mild-up-sunscreen-spf-50-pa-50ml\\\/\",\"name\":\"Round Lab Birch Juice Moisturizing Mild-Up Sunscreen SPF 50+ PA++++ 50ml - FACECORNER\",\"isPartOf\":{\"@id\":\"https:\\\/\\\/www.facecorner.lv\\\/#website\"},\"primaryImageOfPage\":{\"@id\":\"https:\\\/\\\/www.facecorner.lv\\\/shop\\\/round-lab-birch-juice-moisturizing-mild-up-sunscreen-spf-50-pa-50ml\\\/#primaryimage\"},\"image\":{\"@id\":\"https:\\\/\\\/www.facecorner.lv\\\/shop\\\/round-lab-birch-juice-moisturizing-mild-up-sunscreen-spf-50-pa-50ml\\\/#primaryimage\"},\"thumbnailUrl\":\"https:\\\/\\\/www.facecorner.lv\\\/wp-content\\\/uploads\\\/2024\\\/02\\\/ee9a79_07d2e5adf0d7419b97822f67a26f1fe4_mv2.png\",\"datePublished\":\"2024-02-01T17:56:26+00:00\",\"dateModified\":\"2025-09-29T11:59:35+00:00\",\"breadcrumb\":{\"@id\":\"https:\\\/\\\/www.facecorner.lv\\\/shop\\\/round-lab-birch-juice-moisturizing-mild-up-sunscreen-spf-50-pa-50ml\\\/#breadcrumb\"},\"inLanguage\":\"lv-LV\",\"potentialAction\":[{\"@type\":\"ReadAction\",\"target\":[\"https:\\\/\\\/www.facecorner.lv\\\/shop\\\/round-lab-birch-juice-moisturizing-mild-up-sunscreen-spf-50-pa-50ml\\\/\"]}]},{\"@type\":\"ImageObject\",\"inLanguage\":\"lv-LV\",\"@id\":\"https:\\\/\\\/www.facecorner.lv\\\/shop\\\/round-lab-birch-juice-moisturizing-mild-up-sunscreen-spf-50-pa-50ml\\\/#primaryimage\",\"url\":\"https:\\\/\\\/www.facecorner.lv\\\/wp-content\\\/uploads\\\/2024\\\/02\\\/ee9a79_07d2e5adf0d7419b97822f67a26f1fe4_mv2.png\",\"contentUrl\":\"https:\\\/\\\/www.facecorner.lv\\\/wp-content\\\/uploads\\\/2024\\\/02\\\/ee9a79_07d2e5adf0d7419b97822f67a26f1fe4_mv2.png\",\"width\":1080,\"height\":1080},{\"@type\":\"BreadcrumbList\",\"@id\":\"https:\\\/\\\/www.facecorner.lv\\\/shop\\\/round-lab-birch-juice-moisturizing-mild-up-sunscreen-spf-50-pa-50ml\\\/#breadcrumb\",\"itemListElement\":[{\"@type\":\"ListItem\",\"position\":1,\"name\":\"Home\",\"item\":\"https:\\\/\\\/www.facecorner.lv\\\/\"},{\"@type\":\"ListItem\",\"position\":2,\"name\":\"Veikals\",\"item\":\"https:\\\/\\\/www.facecorner.lv\\\/shop\\\/\"},{\"@type\":\"ListItem\",\"position\":3,\"name\":\"Round Lab Birch Juice Moisturizing Mild-Up Sunscreen SPF 50+ PA++++ 50ml\"}]},{\"@type\":\"WebSite\",\"@id\":\"https:\\\/\\\/www.facecorner.lv\\\/#website\",\"url\":\"https:\\\/\\\/www.facecorner.lv\\\/\",\"name\":\"Facecorner\",\"description\":\"\",\"publisher\":{\"@id\":\"https:\\\/\\\/www.facecorner.lv\\\/#organization\"},\"potentialAction\":[{\"@type\":\"SearchAction\",\"target\":{\"@type\":\"EntryPoint\",\"urlTemplate\":\"https:\\\/\\\/www.facecorner.lv\\\/?s={search_term_string}\"},\"query-input\":{\"@type\":\"PropertyValueSpecification\",\"valueRequired\":true,\"valueName\":\"search_term_string\"}}],\"inLanguage\":\"lv-LV\"},{\"@type\":\"Organization\",\"@id\":\"https:\\\/\\\/www.facecorner.lv\\\/#organization\",\"name\":\"Facecorner\",\"url\":\"https:\\\/\\\/www.facecorner.lv\\\/\",\"logo\":{\"@type\":\"ImageObject\",\"inLanguage\":\"lv-LV\",\"@id\":\"https:\\\/\\\/www.facecorner.lv\\\/#\\\/schema\\\/logo\\\/image\\\/\",\"url\":\"https:\\\/\\\/www.facecorner.lv\\\/wp-content\\\/uploads\\\/2024\\\/04\\\/fc-logo.jpg\",\"contentUrl\":\"https:\\\/\\\/www.facecorner.lv\\\/wp-content\\\/uploads\\\/2024\\\/04\\\/fc-logo.jpg\",\"width\":174,\"height\":28,\"caption\":\"Facecorner\"},\"image\":{\"@id\":\"https:\\\/\\\/www.facecorner.lv\\\/#\\\/schema\\\/logo\\\/image\\\/\"},\"sameAs\":[\"https:\\\/\\\/www.facebook.com\\\/profile.php?id=100063824551839\",\"https:\\\/\\\/www.instagram.com\\\/facecorner_shop\\\/\"]}]}<\/script>\n<meta property=\"product:price:amount\" content=\"22.00\" \/>\n<meta property=\"product:price:currency\" content=\"EUR\" \/>\n<meta property=\"og:availability\" content=\"out of stock\" \/>\n<meta property=\"product:availability\" content=\"out of stock\" \/>\n<meta property=\"product:condition\" content=\"new\" \/>\n<!-- \/ Yoast SEO plugin. -->","yoast_head_json":{"title":"Round Lab Birch Juice Moisturizing Mild-Up Sunscreen SPF 50+ PA++++ 50ml - FACECORNER","robots":{"index":"index","follow":"follow","max-snippet":"max-snippet:-1","max-image-preview":"max-image-preview:large","max-video-preview":"max-video-preview:-1"},"canonical":"https:\/\/www.facecorner.lv\/lv\/shop\/round-lab-birch-juice-moisturizing-mild-up-sunscreen-spf-50-pa-50ml\/","og_locale":"lv_LV","og_type":"article","og_title":"Round Lab Birch Juice Moisturizing Mild-Up Sunscreen SPF 50+ PA++++ 50ml - FACECORNER","og_description":"Round Lab Birch Juice Mitrino\u0161s maigs saules aizsargkr\u0113ms SPF 50+ PA++++ lieliski aizsarg\u0101 jut\u012bgu \u0101du no UV stariem, nov\u0113r\u0161 aps\u0101rtumu un apdegumus, nov\u0113r\u0161 \u0101das noveco\u0161anos. L\u012bdzeklis ar maigu formulu ir lieliski piem\u0113rots jut\u012bgai un problem\u0101tiskai \u0101dai: tas nerada taukainu sp\u012bdumu, samazina jut\u012bbu pret \u0101r\u0113jiem kairin\u0101t\u0101jiem un nov\u0113r\u0161 iekaisumus. Augstais UV aizsardz\u012bbas indekss ir apstiprin\u0101ts kl\u012bniskajos [&hellip;]","og_url":"https:\/\/www.facecorner.lv\/lv\/shop\/round-lab-birch-juice-moisturizing-mild-up-sunscreen-spf-50-pa-50ml\/","og_site_name":"FACECORNER","article_publisher":"https:\/\/www.facebook.com\/profile.php?id=100063824551839","article_modified_time":"2025-09-29T11:59:35+00:00","og_image":[{"width":1080,"height":1080,"url":"https:\/\/www.facecorner.lv\/wp-content\/uploads\/2024\/02\/ee9a79_07d2e5adf0d7419b97822f67a26f1fe4_mv2.png","type":"image\/png"}],"twitter_card":"summary_large_image","twitter_misc":{"Price":"&euro;22.00","Availability":"Out of stock"},"schema":{"@context":"https:\/\/schema.org","@graph":[{"@type":"WebPage","@id":"https:\/\/www.facecorner.lv\/shop\/round-lab-birch-juice-moisturizing-mild-up-sunscreen-spf-50-pa-50ml\/","url":"https:\/\/www.facecorner.lv\/shop\/round-lab-birch-juice-moisturizing-mild-up-sunscreen-spf-50-pa-50ml\/","name":"Round Lab Birch Juice Moisturizing Mild-Up Sunscreen SPF 50+ PA++++ 50ml - FACECORNER","isPartOf":{"@id":"https:\/\/www.facecorner.lv\/#website"},"primaryImageOfPage":{"@id":"https:\/\/www.facecorner.lv\/shop\/round-lab-birch-juice-moisturizing-mild-up-sunscreen-spf-50-pa-50ml\/#primaryimage"},"image":{"@id":"https:\/\/www.facecorner.lv\/shop\/round-lab-birch-juice-moisturizing-mild-up-sunscreen-spf-50-pa-50ml\/#primaryimage"},"thumbnailUrl":"https:\/\/www.facecorner.lv\/wp-content\/uploads\/2024\/02\/ee9a79_07d2e5adf0d7419b97822f67a26f1fe4_mv2.png","datePublished":"2024-02-01T17:56:26+00:00","dateModified":"2025-09-29T11:59:35+00:00","breadcrumb":{"@id":"https:\/\/www.facecorner.lv\/shop\/round-lab-birch-juice-moisturizing-mild-up-sunscreen-spf-50-pa-50ml\/#breadcrumb"},"inLanguage":"lv-LV","potentialAction":[{"@type":"ReadAction","target":["https:\/\/www.facecorner.lv\/shop\/round-lab-birch-juice-moisturizing-mild-up-sunscreen-spf-50-pa-50ml\/"]}]},{"@type":"ImageObject","inLanguage":"lv-LV","@id":"https:\/\/www.facecorner.lv\/shop\/round-lab-birch-juice-moisturizing-mild-up-sunscreen-spf-50-pa-50ml\/#primaryimage","url":"https:\/\/www.facecorner.lv\/wp-content\/uploads\/2024\/02\/ee9a79_07d2e5adf0d7419b97822f67a26f1fe4_mv2.png","contentUrl":"https:\/\/www.facecorner.lv\/wp-content\/uploads\/2024\/02\/ee9a79_07d2e5adf0d7419b97822f67a26f1fe4_mv2.png","width":1080,"height":1080},{"@type":"BreadcrumbList","@id":"https:\/\/www.facecorner.lv\/shop\/round-lab-birch-juice-moisturizing-mild-up-sunscreen-spf-50-pa-50ml\/#breadcrumb","itemListElement":[{"@type":"ListItem","position":1,"name":"Home","item":"https:\/\/www.facecorner.lv\/"},{"@type":"ListItem","position":2,"name":"Veikals","item":"https:\/\/www.facecorner.lv\/shop\/"},{"@type":"ListItem","position":3,"name":"Round Lab Birch Juice Moisturizing Mild-Up Sunscreen SPF 50+ PA++++ 50ml"}]},{"@type":"WebSite","@id":"https:\/\/www.facecorner.lv\/#website","url":"https:\/\/www.facecorner.lv\/","name":"Facecorner","description":"","publisher":{"@id":"https:\/\/www.facecorner.lv\/#organization"},"potentialAction":[{"@type":"SearchAction","target":{"@type":"EntryPoint","urlTemplate":"https:\/\/www.facecorner.lv\/?s={search_term_string}"},"query-input":{"@type":"PropertyValueSpecification","valueRequired":true,"valueName":"search_term_string"}}],"inLanguage":"lv-LV"},{"@type":"Organization","@id":"https:\/\/www.facecorner.lv\/#organization","name":"Facecorner","url":"https:\/\/www.facecorner.lv\/","logo":{"@type":"ImageObject","inLanguage":"lv-LV","@id":"https:\/\/www.facecorner.lv\/#\/schema\/logo\/image\/","url":"https:\/\/www.facecorner.lv\/wp-content\/uploads\/2024\/04\/fc-logo.jpg","contentUrl":"https:\/\/www.facecorner.lv\/wp-content\/uploads\/2024\/04\/fc-logo.jpg","width":174,"height":28,"caption":"Facecorner"},"image":{"@id":"https:\/\/www.facecorner.lv\/#\/schema\/logo\/image\/"},"sameAs":["https:\/\/www.facebook.com\/profile.php?id=100063824551839","https:\/\/www.instagram.com\/facecorner_shop\/"]}]},"product_price_amount":"22.00","product_price_currency":"EUR","og_availability":"out of stock","product_availability":"out of stock","product_condition":"new"},"_links":{"self":[{"href":"https:\/\/www.facecorner.lv\/lv\/wp-json\/wp\/v2\/product\/14101","targetHints":{"allow":["GET"]}}],"collection":[{"href":"https:\/\/www.facecorner.lv\/lv\/wp-json\/wp\/v2\/product"}],"about":[{"href":"https:\/\/www.facecorner.lv\/lv\/wp-json\/wp\/v2\/types\/product"}],"replies":[{"embeddable":true,"href":"https:\/\/www.facecorner.lv\/lv\/wp-json\/wp\/v2\/comments?post=14101"}],"wp:featuredmedia":[{"embeddable":true,"href":"https:\/\/www.facecorner.lv\/lv\/wp-json\/wp\/v2\/media\/14103"}],"wp:attachment":[{"href":"https:\/\/www.facecorner.lv\/lv\/wp-json\/wp\/v2\/media?parent=14101"}],"wp:term":[{"taxonomy":"product_brand","embeddable":true,"href":"https:\/\/www.facecorner.lv\/lv\/wp-json\/wp\/v2\/product_brand?post=14101"},{"taxonomy":"product_cat","embeddable":true,"href":"https:\/\/www.facecorner.lv\/lv\/wp-json\/wp\/v2\/product_cat?post=14101"},{"taxonomy":"product_tag","embeddable":true,"href":"https:\/\/www.facecorner.lv\/lv\/wp-json\/wp\/v2\/product_tag?post=14101"},{"taxonomy":"berocket_brand","embeddable":true,"href":"https:\/\/www.facecorner.lv\/lv\/wp-json\/wp\/v2\/berocket_brand?post=14101"}],"curies":[{"name":"wp","href":"https:\/\/api.w.org\/{rel}","templated":true}]}}