{"id":14052,"date":"2024-01-27T15:17:11","date_gmt":"2024-01-27T13:17:11","guid":{"rendered":"https:\/\/www.facecorner.lv\/?post_type=product&#038;p=14052"},"modified":"2024-12-11T01:36:22","modified_gmt":"2024-12-10T22:36:22","slug":"pyunkang-yul-calming-moisture-nourishing-cream-50ml","status":"publish","type":"product","link":"https:\/\/www.facecorner.lv\/lv\/shop\/pyunkang-yul-calming-moisture-nourishing-cream-50ml\/","title":{"rendered":"Pyunkang Yul Calming Moisture Nourishing Cream 50ml"},"content":{"rendered":"<p>Nomierino\u0161s aizsargkr\u0113ms Pyunkang Yul Calming Moisture Nourishing Cream nomierina sakairin\u0101tu \u0101du, mazina aps\u0101rtumu un pa\u0101trina dz\u012b\u0161anas procesus. Mazina diskomfortu un niezi, nostiprina aizsargsl\u0101ni, samazina \u0101das jut\u012bgumu. Kr\u0113ms efekt\u012bvi aizsarg\u0101 \u0101du no aukstas temperat\u016bras, sausa gaisa, v\u0113ja un ultraviolet\u0101 starojuma iedarb\u012bbas, k\u0101 ar\u012b nov\u0113r\u0161 lob\u012b\u0161anos un sausuma par\u0101d\u012b\u0161anos. Padara \u0101du maigu un samtainu, izl\u012bdzina toni.<\/p>\n<ul>\n<li>CICA komplekss palielina \u0101das tvirtumu un elast\u012bbu, pies\u0101tina dermas \u0161\u016bnas ar mitrumu. Veido aizsargbarjeru, kas pasarg\u0101 \u0101du no ultraviolet\u0101 starojuma un negat\u012bviem vides faktoriem.<\/li>\n<li><span style=\"color: var(--g5-color-text-main); font-family: var(--g5-body-font); font-size: var(--g5-body-font-size); font-style: var(--g5-body-font-style); letter-spacing: var(--g5-body-letter-spacing); text-transform: var(--g5-body-text-transform);\">T\u0113jas koka e\u013c\u013ca ir efekt\u012bvs pretmikrobu un dziedino\u0161s l\u012bdzeklis. C\u012bn\u0101s ar poru aizs\u0113r\u0113\u0161anu, normaliz\u0113 tauku dziedzeru darb\u012bbu un sebuma veido\u0161anos, samazina taukaino sp\u012bdumu.<\/span><\/li>\n<li><span style=\"color: var(--g5-color-text-main); font-family: var(--g5-body-font); font-size: var(--g5-body-font-size); font-style: var(--g5-body-font-style); letter-spacing: var(--g5-body-letter-spacing); text-transform: var(--g5-body-text-transform);\">V\u0113rmeles ekstraktam piem\u012bt nomierino\u0161as, pretiekaisuma, antioksidanta un mitrino\u0161as \u012bpa\u0161\u012bbas. Nov\u0113r\u0161 iekaisumu un aps\u0101rtumu, regul\u0113 sebuma veido\u0161anos, nov\u0113r\u0161 taukaino sp\u012bdumu.<\/span><\/li>\n<li><span style=\"color: var(--g5-color-text-main); font-family: var(--g5-body-font); font-size: var(--g5-body-font-size); font-style: var(--g5-body-font-style); letter-spacing: var(--g5-body-letter-spacing); text-transform: var(--g5-body-text-transform);\">Daudzmolekul\u0101r\u0101 hialuronsk\u0101be iek\u013c\u016bst epidermas dzi\u013cajos sl\u0101\u0146os, akt\u012bvi mitrina \u0161\u016bnas un pal\u012bdz saglab\u0101t mitrumu \u0101d\u0101. Veido aizsargk\u0101rtu, kas ne\u013cauj mitrumam iztvaikot.<\/span><\/li>\n<li><span style=\"color: var(--g5-color-text-main); font-family: var(--g5-body-font); font-size: var(--g5-body-font-size); font-style: var(--g5-body-font-style); letter-spacing: var(--g5-body-letter-spacing); text-transform: var(--g5-body-text-transform);\">\u0160\u012b sviests m\u012bkstina \u0101du, nov\u0113r\u0161 sausumu un lob\u012b\u0161anos. Dzi\u013ci mitrina, pie\u0161\u0137ir \u0101dai elast\u012bbu, gludumu un tvirtumu.<\/span><\/li>\n<li><span style=\"color: var(--g5-color-text-main); font-family: var(--g5-body-font); font-size: var(--g5-body-font-size); font-style: var(--g5-body-font-style); letter-spacing: var(--g5-body-letter-spacing); text-transform: var(--g5-body-text-transform);\">Keram\u012bdi pastiprina epidermas aizsargfunkcijas, nov\u0113r\u0161 mitruma zudumu un pal\u012bdz atjaunot \u0101du. Tie mazina sausumu, zv\u012b\u0146o\u0161anos un ir noder\u012bgi aler\u0123isku izsitumu, ekz\u0113mas un psori\u0101zes \u0101rst\u0113\u0161an\u0101.<\/span><\/li>\n<\/ul>\n<p><strong>S\u0101stavs:<\/strong> Water, Dipropylene Glycol, Glycerin, Caprylic\/Capric Triglyceride, Isohexadecane, Cetearyl Alcohol, Ethylhexyl Palmitate, Cetyl Ethylhexanoate, Stearic Acid, Hydroxypropyltrimonium Hyaluronate, Hydrolyzed Hyaluronic Acid, Sodium Hyaluronate, Lonicera Japonica (Honeysuckle) Flower Extract, Melaleuca Alternifolia (Tea Tree) Leaf Extract, Sodium Hyaluronate Crosspolymer, Sodium Acetylated Hyaluronate, Ammonium Acryloyldimethyltaurate\/VP Copolymer, Cetearyl Glucoside, Pentylene Glycol, Trehalose, Ceramide NP, Arachidic Acid, Glucose, Palmitic Acid, Oleic Acid, Centella Asiatica Extract, Madecassoside, Madecassic Acid, Asiaticoside, Asiatic Acid, Squalane, Olea Europaea (Olive) Fruit Oil, Butyrospermum Parkii (Shea) Butter, Camellia Japonica Flower Extract, Salvia Officinalis (Sage) Leaf Extract, Hydroxyacetophenone, Butylene Glycol, Caprylyl Glycol, Tocopherol, Disodium EDTA, 1,2-Hexanediol, Tromethamine, Hydrogenated Lecithin, Ethylhexylglycerin<\/p>\n","protected":false},"excerpt":{"rendered":"<p>Nomierino\u0161s aizsargkr\u0113ms Pyunkang Yul Calming Moisture Nourishing Cream nomierina sakairin\u0101tu \u0101du, mazina aps\u0101rtumu un pa\u0101trina dz\u012b\u0161anas procesus.<\/p>\n","protected":false},"featured_media":14053,"comment_status":"open","ping_status":"closed","template":"","meta":{"site-sidebar-layout":"default","site-content-layout":"","ast-site-content-layout":"","site-content-style":"default","site-sidebar-style":"default","ast-global-header-display":"","ast-banner-title-visibility":"","ast-main-header-display":"","ast-hfb-above-header-display":"","ast-hfb-below-header-display":"","ast-hfb-mobile-header-display":"","site-post-title":"","ast-breadcrumbs-content":"","ast-featured-img":"","footer-sml-layout":"","theme-transparent-header-meta":"","adv-header-id-meta":"","stick-header-meta":"","header-above-stick-meta":"","header-main-stick-meta":"","header-below-stick-meta":"","astra-migrate-meta-layouts":"default","ast-page-background-enabled":"default","ast-page-background-meta":{"desktop":{"background-color":"var(--ast-global-color-4)","background-image":"","background-repeat":"repeat","background-position":"center center","background-size":"auto","background-attachment":"scroll","background-type":"","background-media":"","overlay-type":"","overlay-color":"","overlay-opacity":"","overlay-gradient":""},"tablet":{"background-color":"","background-image":"","background-repeat":"repeat","background-position":"center center","background-size":"auto","background-attachment":"scroll","background-type":"","background-media":"","overlay-type":"","overlay-color":"","overlay-opacity":"","overlay-gradient":""},"mobile":{"background-color":"","background-image":"","background-repeat":"repeat","background-position":"center center","background-size":"auto","background-attachment":"scroll","background-type":"","background-media":"","overlay-type":"","overlay-color":"","overlay-opacity":"","overlay-gradient":""}},"ast-content-background-meta":{"desktop":{"background-color":"var(--ast-global-color-5)","background-image":"","background-repeat":"repeat","background-position":"center center","background-size":"auto","background-attachment":"scroll","background-type":"","background-media":"","overlay-type":"","overlay-color":"","overlay-opacity":"","overlay-gradient":""},"tablet":{"background-color":"var(--ast-global-color-5)","background-image":"","background-repeat":"repeat","background-position":"center center","background-size":"auto","background-attachment":"scroll","background-type":"","background-media":"","overlay-type":"","overlay-color":"","overlay-opacity":"","overlay-gradient":""},"mobile":{"background-color":"var(--ast-global-color-5)","background-image":"","background-repeat":"repeat","background-position":"center center","background-size":"auto","background-attachment":"scroll","background-type":"","background-media":"","overlay-type":"","overlay-color":"","overlay-opacity":"","overlay-gradient":""}}},"product_brand":[],"product_cat":[365,366,367,362],"product_tag":[],"berocket_brand":[587],"class_list":{"0":"post-14052","1":"product","2":"type-product","3":"status-publish","4":"has-post-thumbnail","6":"product_cat-barojoss","7":"product_cat-mitrinoss","8":"product_cat-nomierinoss","9":"product_cat-sejas-krems","10":"berocket_brand-pyunkangyul","11":"desktop-align-left","12":"tablet-align-left","13":"mobile-align-left","15":"first","16":"outofstock","17":"taxable","18":"shipping-taxable","19":"purchasable","20":"product-type-simple","21":"add-to-wishlist-before_image"},"yoast_head":"<!-- This site is optimized with the Yoast SEO plugin v27.3 - https:\/\/yoast.com\/product\/yoast-seo-wordpress\/ -->\n<title>Pyunkang Yul Calming Moisture Nourishing Cream 50ml - FACECORNER<\/title>\n<meta name=\"description\" content=\"Nomierino\u0161s aizsargkr\u0113ms Pyunkang Yul Calming Moisture Nourishing Cream nomierina sakairin\u0101tu \u0101du, mazina aps\u0101rtumu un pa\u0101trina dz\u012b\u0161anas procesus.\" \/>\n<meta name=\"robots\" content=\"index, follow, max-snippet:-1, max-image-preview:large, max-video-preview:-1\" \/>\n<link rel=\"canonical\" href=\"https:\/\/www.facecorner.lv\/lv\/shop\/pyunkang-yul-calming-moisture-nourishing-cream-50ml\/\" \/>\n<meta property=\"og:locale\" content=\"lv_LV\" \/>\n<meta property=\"og:type\" content=\"article\" \/>\n<meta property=\"og:title\" content=\"Pyunkang Yul Calming Moisture Nourishing Cream 50ml - FACECORNER\" \/>\n<meta property=\"og:description\" content=\"Nomierino\u0161s aizsargkr\u0113ms Pyunkang Yul Calming Moisture Nourishing Cream nomierina sakairin\u0101tu \u0101du, mazina aps\u0101rtumu un pa\u0101trina dz\u012b\u0161anas procesus.\" \/>\n<meta property=\"og:url\" content=\"https:\/\/www.facecorner.lv\/lv\/shop\/pyunkang-yul-calming-moisture-nourishing-cream-50ml\/\" \/>\n<meta property=\"og:site_name\" content=\"FACECORNER\" \/>\n<meta property=\"article:publisher\" content=\"https:\/\/www.facebook.com\/profile.php?id=100063824551839\" \/>\n<meta property=\"article:modified_time\" content=\"2024-12-10T22:36:22+00:00\" \/>\n<meta property=\"og:image\" content=\"https:\/\/www.facecorner.lv\/wp-content\/uploads\/2024\/01\/PyunkangyulCalmingMoistureNourishingCreamveidokremas.png.webp\" \/>\n\t<meta property=\"og:image:width\" content=\"1080\" \/>\n\t<meta property=\"og:image:height\" content=\"1080\" \/>\n\t<meta property=\"og:image:type\" content=\"image\/webp\" \/>\n<meta name=\"twitter:card\" content=\"summary_large_image\" \/>\n<meta name=\"twitter:label1\" content=\"Price\" \/>\n\t<meta name=\"twitter:data1\" content=\"&euro;23.50\" \/>\n\t<meta name=\"twitter:label2\" content=\"Availability\" \/>\n\t<meta name=\"twitter:data2\" content=\"Out of stock\" \/>\n<script type=\"application\/ld+json\" class=\"yoast-schema-graph\">{\"@context\":\"https:\\\/\\\/schema.org\",\"@graph\":[{\"@type\":\"WebPage\",\"@id\":\"https:\\\/\\\/www.facecorner.lv\\\/shop\\\/pyunkang-yul-calming-moisture-nourishing-cream-50ml\\\/\",\"url\":\"https:\\\/\\\/www.facecorner.lv\\\/shop\\\/pyunkang-yul-calming-moisture-nourishing-cream-50ml\\\/\",\"name\":\"Pyunkang Yul Calming Moisture Nourishing Cream 50ml - FACECORNER\",\"isPartOf\":{\"@id\":\"https:\\\/\\\/www.facecorner.lv\\\/#website\"},\"primaryImageOfPage\":{\"@id\":\"https:\\\/\\\/www.facecorner.lv\\\/shop\\\/pyunkang-yul-calming-moisture-nourishing-cream-50ml\\\/#primaryimage\"},\"image\":{\"@id\":\"https:\\\/\\\/www.facecorner.lv\\\/shop\\\/pyunkang-yul-calming-moisture-nourishing-cream-50ml\\\/#primaryimage\"},\"thumbnailUrl\":\"https:\\\/\\\/www.facecorner.lv\\\/wp-content\\\/uploads\\\/2024\\\/01\\\/PyunkangyulCalmingMoistureNourishingCreamveidokremas.png.webp\",\"datePublished\":\"2024-01-27T13:17:11+00:00\",\"dateModified\":\"2024-12-10T22:36:22+00:00\",\"description\":\"Nomierino\u0161s aizsargkr\u0113ms Pyunkang Yul Calming Moisture Nourishing Cream nomierina sakairin\u0101tu \u0101du, mazina aps\u0101rtumu un pa\u0101trina dz\u012b\u0161anas procesus.\",\"breadcrumb\":{\"@id\":\"https:\\\/\\\/www.facecorner.lv\\\/shop\\\/pyunkang-yul-calming-moisture-nourishing-cream-50ml\\\/#breadcrumb\"},\"inLanguage\":\"lv-LV\",\"potentialAction\":[{\"@type\":\"ReadAction\",\"target\":[\"https:\\\/\\\/www.facecorner.lv\\\/shop\\\/pyunkang-yul-calming-moisture-nourishing-cream-50ml\\\/\"]}]},{\"@type\":\"ImageObject\",\"inLanguage\":\"lv-LV\",\"@id\":\"https:\\\/\\\/www.facecorner.lv\\\/shop\\\/pyunkang-yul-calming-moisture-nourishing-cream-50ml\\\/#primaryimage\",\"url\":\"https:\\\/\\\/www.facecorner.lv\\\/wp-content\\\/uploads\\\/2024\\\/01\\\/PyunkangyulCalmingMoistureNourishingCreamveidokremas.png.webp\",\"contentUrl\":\"https:\\\/\\\/www.facecorner.lv\\\/wp-content\\\/uploads\\\/2024\\\/01\\\/PyunkangyulCalmingMoistureNourishingCreamveidokremas.png.webp\",\"width\":1080,\"height\":1080,\"caption\":\"Pyunkang Yul Calming Moisture Nourishing Cream\"},{\"@type\":\"BreadcrumbList\",\"@id\":\"https:\\\/\\\/www.facecorner.lv\\\/shop\\\/pyunkang-yul-calming-moisture-nourishing-cream-50ml\\\/#breadcrumb\",\"itemListElement\":[{\"@type\":\"ListItem\",\"position\":1,\"name\":\"Home\",\"item\":\"https:\\\/\\\/www.facecorner.lv\\\/\"},{\"@type\":\"ListItem\",\"position\":2,\"name\":\"Veikals\",\"item\":\"https:\\\/\\\/www.facecorner.lv\\\/shop\\\/\"},{\"@type\":\"ListItem\",\"position\":3,\"name\":\"Pyunkang Yul Calming Moisture Nourishing Cream 50ml\"}]},{\"@type\":\"WebSite\",\"@id\":\"https:\\\/\\\/www.facecorner.lv\\\/#website\",\"url\":\"https:\\\/\\\/www.facecorner.lv\\\/\",\"name\":\"Facecorner\",\"description\":\"\",\"publisher\":{\"@id\":\"https:\\\/\\\/www.facecorner.lv\\\/#organization\"},\"potentialAction\":[{\"@type\":\"SearchAction\",\"target\":{\"@type\":\"EntryPoint\",\"urlTemplate\":\"https:\\\/\\\/www.facecorner.lv\\\/?s={search_term_string}\"},\"query-input\":{\"@type\":\"PropertyValueSpecification\",\"valueRequired\":true,\"valueName\":\"search_term_string\"}}],\"inLanguage\":\"lv-LV\"},{\"@type\":\"Organization\",\"@id\":\"https:\\\/\\\/www.facecorner.lv\\\/#organization\",\"name\":\"Facecorner\",\"url\":\"https:\\\/\\\/www.facecorner.lv\\\/\",\"logo\":{\"@type\":\"ImageObject\",\"inLanguage\":\"lv-LV\",\"@id\":\"https:\\\/\\\/www.facecorner.lv\\\/#\\\/schema\\\/logo\\\/image\\\/\",\"url\":\"https:\\\/\\\/www.facecorner.lv\\\/wp-content\\\/uploads\\\/2024\\\/04\\\/fc-logo.jpg\",\"contentUrl\":\"https:\\\/\\\/www.facecorner.lv\\\/wp-content\\\/uploads\\\/2024\\\/04\\\/fc-logo.jpg\",\"width\":174,\"height\":28,\"caption\":\"Facecorner\"},\"image\":{\"@id\":\"https:\\\/\\\/www.facecorner.lv\\\/#\\\/schema\\\/logo\\\/image\\\/\"},\"sameAs\":[\"https:\\\/\\\/www.facebook.com\\\/profile.php?id=100063824551839\",\"https:\\\/\\\/www.instagram.com\\\/facecorner_shop\\\/\"]}]}<\/script>\n<meta property=\"product:price:amount\" content=\"23.50\" \/>\n<meta property=\"product:price:currency\" content=\"EUR\" \/>\n<meta property=\"og:availability\" content=\"out of stock\" \/>\n<meta property=\"product:availability\" content=\"out of stock\" \/>\n<meta property=\"product:condition\" content=\"new\" \/>\n<!-- \/ Yoast SEO plugin. -->","yoast_head_json":{"title":"Pyunkang Yul Calming Moisture Nourishing Cream 50ml - FACECORNER","description":"Nomierino\u0161s aizsargkr\u0113ms Pyunkang Yul Calming Moisture Nourishing Cream nomierina sakairin\u0101tu \u0101du, mazina aps\u0101rtumu un pa\u0101trina dz\u012b\u0161anas procesus.","robots":{"index":"index","follow":"follow","max-snippet":"max-snippet:-1","max-image-preview":"max-image-preview:large","max-video-preview":"max-video-preview:-1"},"canonical":"https:\/\/www.facecorner.lv\/lv\/shop\/pyunkang-yul-calming-moisture-nourishing-cream-50ml\/","og_locale":"lv_LV","og_type":"article","og_title":"Pyunkang Yul Calming Moisture Nourishing Cream 50ml - FACECORNER","og_description":"Nomierino\u0161s aizsargkr\u0113ms Pyunkang Yul Calming Moisture Nourishing Cream nomierina sakairin\u0101tu \u0101du, mazina aps\u0101rtumu un pa\u0101trina dz\u012b\u0161anas procesus.","og_url":"https:\/\/www.facecorner.lv\/lv\/shop\/pyunkang-yul-calming-moisture-nourishing-cream-50ml\/","og_site_name":"FACECORNER","article_publisher":"https:\/\/www.facebook.com\/profile.php?id=100063824551839","article_modified_time":"2024-12-10T22:36:22+00:00","og_image":[{"width":1080,"height":1080,"url":"https:\/\/www.facecorner.lv\/wp-content\/uploads\/2024\/01\/PyunkangyulCalmingMoistureNourishingCreamveidokremas.png.webp","type":"image\/webp"}],"twitter_card":"summary_large_image","twitter_misc":{"Price":"&euro;23.50","Availability":"Out of stock"},"schema":{"@context":"https:\/\/schema.org","@graph":[{"@type":"WebPage","@id":"https:\/\/www.facecorner.lv\/shop\/pyunkang-yul-calming-moisture-nourishing-cream-50ml\/","url":"https:\/\/www.facecorner.lv\/shop\/pyunkang-yul-calming-moisture-nourishing-cream-50ml\/","name":"Pyunkang Yul Calming Moisture Nourishing Cream 50ml - FACECORNER","isPartOf":{"@id":"https:\/\/www.facecorner.lv\/#website"},"primaryImageOfPage":{"@id":"https:\/\/www.facecorner.lv\/shop\/pyunkang-yul-calming-moisture-nourishing-cream-50ml\/#primaryimage"},"image":{"@id":"https:\/\/www.facecorner.lv\/shop\/pyunkang-yul-calming-moisture-nourishing-cream-50ml\/#primaryimage"},"thumbnailUrl":"https:\/\/www.facecorner.lv\/wp-content\/uploads\/2024\/01\/PyunkangyulCalmingMoistureNourishingCreamveidokremas.png.webp","datePublished":"2024-01-27T13:17:11+00:00","dateModified":"2024-12-10T22:36:22+00:00","description":"Nomierino\u0161s aizsargkr\u0113ms Pyunkang Yul Calming Moisture Nourishing Cream nomierina sakairin\u0101tu \u0101du, mazina aps\u0101rtumu un pa\u0101trina dz\u012b\u0161anas procesus.","breadcrumb":{"@id":"https:\/\/www.facecorner.lv\/shop\/pyunkang-yul-calming-moisture-nourishing-cream-50ml\/#breadcrumb"},"inLanguage":"lv-LV","potentialAction":[{"@type":"ReadAction","target":["https:\/\/www.facecorner.lv\/shop\/pyunkang-yul-calming-moisture-nourishing-cream-50ml\/"]}]},{"@type":"ImageObject","inLanguage":"lv-LV","@id":"https:\/\/www.facecorner.lv\/shop\/pyunkang-yul-calming-moisture-nourishing-cream-50ml\/#primaryimage","url":"https:\/\/www.facecorner.lv\/wp-content\/uploads\/2024\/01\/PyunkangyulCalmingMoistureNourishingCreamveidokremas.png.webp","contentUrl":"https:\/\/www.facecorner.lv\/wp-content\/uploads\/2024\/01\/PyunkangyulCalmingMoistureNourishingCreamveidokremas.png.webp","width":1080,"height":1080,"caption":"Pyunkang Yul Calming Moisture Nourishing Cream"},{"@type":"BreadcrumbList","@id":"https:\/\/www.facecorner.lv\/shop\/pyunkang-yul-calming-moisture-nourishing-cream-50ml\/#breadcrumb","itemListElement":[{"@type":"ListItem","position":1,"name":"Home","item":"https:\/\/www.facecorner.lv\/"},{"@type":"ListItem","position":2,"name":"Veikals","item":"https:\/\/www.facecorner.lv\/shop\/"},{"@type":"ListItem","position":3,"name":"Pyunkang Yul Calming Moisture Nourishing Cream 50ml"}]},{"@type":"WebSite","@id":"https:\/\/www.facecorner.lv\/#website","url":"https:\/\/www.facecorner.lv\/","name":"Facecorner","description":"","publisher":{"@id":"https:\/\/www.facecorner.lv\/#organization"},"potentialAction":[{"@type":"SearchAction","target":{"@type":"EntryPoint","urlTemplate":"https:\/\/www.facecorner.lv\/?s={search_term_string}"},"query-input":{"@type":"PropertyValueSpecification","valueRequired":true,"valueName":"search_term_string"}}],"inLanguage":"lv-LV"},{"@type":"Organization","@id":"https:\/\/www.facecorner.lv\/#organization","name":"Facecorner","url":"https:\/\/www.facecorner.lv\/","logo":{"@type":"ImageObject","inLanguage":"lv-LV","@id":"https:\/\/www.facecorner.lv\/#\/schema\/logo\/image\/","url":"https:\/\/www.facecorner.lv\/wp-content\/uploads\/2024\/04\/fc-logo.jpg","contentUrl":"https:\/\/www.facecorner.lv\/wp-content\/uploads\/2024\/04\/fc-logo.jpg","width":174,"height":28,"caption":"Facecorner"},"image":{"@id":"https:\/\/www.facecorner.lv\/#\/schema\/logo\/image\/"},"sameAs":["https:\/\/www.facebook.com\/profile.php?id=100063824551839","https:\/\/www.instagram.com\/facecorner_shop\/"]}]},"product_price_amount":"23.50","product_price_currency":"EUR","og_availability":"out of stock","product_availability":"out of stock","product_condition":"new"},"_links":{"self":[{"href":"https:\/\/www.facecorner.lv\/lv\/wp-json\/wp\/v2\/product\/14052","targetHints":{"allow":["GET"]}}],"collection":[{"href":"https:\/\/www.facecorner.lv\/lv\/wp-json\/wp\/v2\/product"}],"about":[{"href":"https:\/\/www.facecorner.lv\/lv\/wp-json\/wp\/v2\/types\/product"}],"replies":[{"embeddable":true,"href":"https:\/\/www.facecorner.lv\/lv\/wp-json\/wp\/v2\/comments?post=14052"}],"wp:featuredmedia":[{"embeddable":true,"href":"https:\/\/www.facecorner.lv\/lv\/wp-json\/wp\/v2\/media\/14053"}],"wp:attachment":[{"href":"https:\/\/www.facecorner.lv\/lv\/wp-json\/wp\/v2\/media?parent=14052"}],"wp:term":[{"taxonomy":"product_brand","embeddable":true,"href":"https:\/\/www.facecorner.lv\/lv\/wp-json\/wp\/v2\/product_brand?post=14052"},{"taxonomy":"product_cat","embeddable":true,"href":"https:\/\/www.facecorner.lv\/lv\/wp-json\/wp\/v2\/product_cat?post=14052"},{"taxonomy":"product_tag","embeddable":true,"href":"https:\/\/www.facecorner.lv\/lv\/wp-json\/wp\/v2\/product_tag?post=14052"},{"taxonomy":"berocket_brand","embeddable":true,"href":"https:\/\/www.facecorner.lv\/lv\/wp-json\/wp\/v2\/berocket_brand?post=14052"}],"curies":[{"name":"wp","href":"https:\/\/api.w.org\/{rel}","templated":true}]}}