{"id":13923,"date":"2024-01-18T21:08:24","date_gmt":"2024-01-18T19:08:24","guid":{"rendered":"https:\/\/www.facecorner.lv\/?post_type=product&#038;p=13923"},"modified":"2024-11-27T00:40:35","modified_gmt":"2024-11-26T21:40:35","slug":"by-wishtrend-blue-oasis-hydrating-serum-30ml","status":"publish","type":"product","link":"https:\/\/www.facecorner.lv\/lv\/shop\/by-wishtrend-blue-oasis-hydrating-serum-30ml\/","title":{"rendered":"By Wishtrend Blue Oasis Hydrating Serum 30ml"},"content":{"rendered":"<p>\u012apa\u0161i mitrino\u0161s alvejas serums By Wishtrend Hydra Enriched Ampoule efekt\u012bvi nov\u0113r\u0161 sausumu un dehidrat\u0101ciju, nov\u0113r\u0161 bl\u0101vumu un piepilda \u0101du ar labu mirdzumu. Palielina tvirtumu un elast\u012bbu, samazina grumbu par\u0101d\u012b\u0161anos.<\/p>\n<p>Serums nomierina un atsvaidzina sakairin\u0101tu \u0101du, nov\u0113r\u0161 diskomfortu un niezi. Nostiprina aizsargbarjeru, nov\u0113r\u0161 mitruma iztvaiko\u0161anu, uztur optim\u0101lu \u016bdens-lip\u012bdu l\u012bdzsvaru. Seruma pamat\u0101 ir alvejas ekstrakts (70%). Alveja pies\u0101tina \u0161\u016bnas ar mitrumu un vitam\u012bniem, tai piem\u012bt \u0101rstnieciska un pretmikrobu iedarb\u012bba, nomierina kairin\u0101jumu un aps\u0101rtumu. Nostiprina aizsargbarjeru, padarot \u0101du maz\u0101k jut\u012bgu pret vides faktoriem.<\/p>\n<p>Serums ir g\u0113la konsistences, \u0101tri ies\u016bcas un neatst\u0101j lip\u012bgumu.<\/p>\n<p><strong>Papildu akt\u012bv\u0101s sast\u0101vda\u013cas:<\/strong><\/p>\n<ul>\n<li>Tokoferols samazina grumbu dzi\u013cumu, stimul\u0113 kolag\u0113na sint\u0113zi, nov\u0113r\u0161 pigment\u0101cijas par\u0101d\u012b\u0161anos un pal\u0113nina ar vecumu saist\u012btas \u0101das nokarenas izpausmes. Pal\u012bdz saglab\u0101t mitrumu \u0101d\u0101, pie\u0161\u0137ir gludumu un toniz\u0113.<\/li>\n<li>Pantenols stimul\u0113 \u0101das integrit\u0101tes atjauno\u0161anos, mazina aps\u0101rtumu un kairin\u0101jumu, un tam piem\u012bt br\u016b\u010du dziedino\u0161as \u012bpa\u0161\u012bbas.<\/li>\n<li>Hialuronsk\u0101be iek\u013c\u016bst dzi\u013cajos epidermas sl\u0101\u0146os, akt\u012bvi mitrina \u0161\u016bnas un pal\u012bdz saglab\u0101t mitrumu \u0101d\u0101. Veido aizsargk\u0101rtu, kas ne\u013cauj mitrumam iztvaikot. Augu prote\u012bni bag\u0101tina \u0101du ar aminosk\u0101b\u0113m un stimul\u0113 \u0161\u016bnu atjauno\u0161anos. Tiem piem\u012bt sp\u0113c\u012bgas antioksidanta \u012bpa\u0161\u012bbas, tie stiprina \u0101du, uzlabo t\u0101s aizsargfunkcijas. Pie\u0161\u0137ir \u0101dai maigumu un samtainu.<\/li>\n<\/ul>\n<p><strong>Lieto\u0161ana:<\/strong> Uzkl\u0101jiet nepiecie\u0161amo seruma daudzumu uz ton\u0113tas sejas. Ja nepiecie\u0161ams, pabeidziet kop\u0161anu ar kr\u0113mu.<\/p>\n<p><strong>S\u0101stavs:\u00a0<\/strong>Aloe Barbadensis Leaf Polysaccharides, Butylene Glycol, Glycerin, Dipropylene Glycol, Water, 1,2-Hexanediol, Hydroxyacetophenone, Ammonium Acryloyldimethyltaurate\/Vp Copolymer, Polyglycerin-3, Propanediol, Malachite Extract, Polyglyceryl-10 Oleate, Glycosyl Trehalose, Methyl Gluceth-20, Glyceryl Acrylate\/Acrylic Acid Copolymer, Hydrogenated Starch Hydrolysate, Sodium Hyaluronate, Biosaccharide Gum-1, Allantoin, Betaine, Hydrolyzed Vegetable Protein, Linum Usitatissimum (Linseed) Seed Extract, Maltodextrin, Panthenol, Pentylene Glycol, Trehalose, Houttuynia Cordata Extract, Ethylhexylglycerin, Tocopherol.<\/p>\n<div class=\"product-detail-tabs\">\n<div class=\"le-tabs products-tab-wrapper product-detail-tabs__tabs\">\n<div class=\"tab-content\">\n<div id=\"usageInstructions\" class=\"le-tab-content tab-pane\">\n<div class=\"product-detail-tabs__tab-content\">\n<div class=\"text-preview\"><\/div>\n<\/div>\n<\/div>\n<\/div>\n<\/div>\n<\/div>\n<div id=\"reviews\" class=\"row\">\n<div class=\"col-xs-12\">\n<div class=\"product-reviews\"><\/div>\n<\/div>\n<\/div>\n","protected":false},"excerpt":{"rendered":"<p>\u012apa\u0161i mitrino\u0161s alvejas serums By Wishtrend Hydra Enriched Ampoule efekt\u012bvi nov\u0113r\u0161 sausumu un dehidrat\u0101ciju, nov\u0113r\u0161 bl\u0101vumu un piepilda \u0101du ar labu mirdzumu. Palielina tvirtumu un elast\u012bbu, samazina grumbu par\u0101d\u012b\u0161anos. Serums nomierina un atsvaidzina sakairin\u0101tu \u0101du, nov\u0113r\u0161 diskomfortu un niezi. Nostiprina aizsargbarjeru, nov\u0113r\u0161 mitruma iztvaiko\u0161anu, uztur optim\u0101lu \u016bdens-lip\u012bdu l\u012bdzsvaru. Seruma pamat\u0101 ir alvejas ekstrakts (70%). Alveja [&hellip;]<\/p>\n","protected":false},"featured_media":13924,"comment_status":"open","ping_status":"closed","template":"","meta":{"site-sidebar-layout":"default","site-content-layout":"","ast-site-content-layout":"","site-content-style":"default","site-sidebar-style":"default","ast-global-header-display":"","ast-banner-title-visibility":"","ast-main-header-display":"","ast-hfb-above-header-display":"","ast-hfb-below-header-display":"","ast-hfb-mobile-header-display":"","site-post-title":"","ast-breadcrumbs-content":"","ast-featured-img":"","footer-sml-layout":"","theme-transparent-header-meta":"","adv-header-id-meta":"","stick-header-meta":"","header-above-stick-meta":"","header-main-stick-meta":"","header-below-stick-meta":"","astra-migrate-meta-layouts":"default","ast-page-background-enabled":"default","ast-page-background-meta":{"desktop":{"background-color":"var(--ast-global-color-4)","background-image":"","background-repeat":"repeat","background-position":"center center","background-size":"auto","background-attachment":"scroll","background-type":"","background-media":"","overlay-type":"","overlay-color":"","overlay-opacity":"","overlay-gradient":""},"tablet":{"background-color":"","background-image":"","background-repeat":"repeat","background-position":"center center","background-size":"auto","background-attachment":"scroll","background-type":"","background-media":"","overlay-type":"","overlay-color":"","overlay-opacity":"","overlay-gradient":""},"mobile":{"background-color":"","background-image":"","background-repeat":"repeat","background-position":"center center","background-size":"auto","background-attachment":"scroll","background-type":"","background-media":"","overlay-type":"","overlay-color":"","overlay-opacity":"","overlay-gradient":""}},"ast-content-background-meta":{"desktop":{"background-color":"var(--ast-global-color-5)","background-image":"","background-repeat":"repeat","background-position":"center center","background-size":"auto","background-attachment":"scroll","background-type":"","background-media":"","overlay-type":"","overlay-color":"","overlay-opacity":"","overlay-gradient":""},"tablet":{"background-color":"var(--ast-global-color-5)","background-image":"","background-repeat":"repeat","background-position":"center center","background-size":"auto","background-attachment":"scroll","background-type":"","background-media":"","overlay-type":"","overlay-color":"","overlay-opacity":"","overlay-gradient":""},"mobile":{"background-color":"var(--ast-global-color-5)","background-image":"","background-repeat":"repeat","background-position":"center center","background-size":"auto","background-attachment":"scroll","background-type":"","background-media":"","overlay-type":"","overlay-color":"","overlay-opacity":"","overlay-gradient":""}}},"product_brand":[],"product_cat":[370,371,372,363],"product_tag":[],"berocket_brand":[],"class_list":{"0":"post-13923","1":"product","2":"type-product","3":"status-publish","4":"has-post-thumbnail","6":"product_cat-adas-mirdzumam","7":"product_cat-anti-age","8":"product_cat-jutigai-adai-serumi","9":"product_cat-serumi","10":"desktop-align-left","11":"tablet-align-left","12":"mobile-align-left","14":"first","15":"instock","16":"sale","17":"taxable","18":"shipping-taxable","19":"purchasable","20":"product-type-simple","21":"add-to-wishlist-before_image"},"yoast_head":"<!-- This site is optimized with the Yoast SEO plugin v27.4 - https:\/\/yoast.com\/product\/yoast-seo-wordpress\/ -->\n<title>By Wishtrend Blue Oasis Hydrating Serum 30ml - FACECORNER<\/title>\n<meta name=\"robots\" content=\"index, follow, max-snippet:-1, max-image-preview:large, max-video-preview:-1\" \/>\n<link rel=\"canonical\" href=\"https:\/\/www.facecorner.lv\/lv\/shop\/by-wishtrend-blue-oasis-hydrating-serum-30ml\/\" \/>\n<meta property=\"og:locale\" content=\"lv_LV\" \/>\n<meta property=\"og:type\" content=\"article\" \/>\n<meta property=\"og:title\" content=\"By Wishtrend Blue Oasis Hydrating Serum 30ml - FACECORNER\" \/>\n<meta property=\"og:description\" content=\"\u012apa\u0161i mitrino\u0161s alvejas serums By Wishtrend Hydra Enriched Ampoule efekt\u012bvi nov\u0113r\u0161 sausumu un dehidrat\u0101ciju, nov\u0113r\u0161 bl\u0101vumu un piepilda \u0101du ar labu mirdzumu. Palielina tvirtumu un elast\u012bbu, samazina grumbu par\u0101d\u012b\u0161anos. Serums nomierina un atsvaidzina sakairin\u0101tu \u0101du, nov\u0113r\u0161 diskomfortu un niezi. Nostiprina aizsargbarjeru, nov\u0113r\u0161 mitruma iztvaiko\u0161anu, uztur optim\u0101lu \u016bdens-lip\u012bdu l\u012bdzsvaru. Seruma pamat\u0101 ir alvejas ekstrakts (70%). Alveja [&hellip;]\" \/>\n<meta property=\"og:url\" content=\"https:\/\/www.facecorner.lv\/lv\/shop\/by-wishtrend-blue-oasis-hydrating-serum-30ml\/\" \/>\n<meta property=\"og:site_name\" content=\"FACECORNER\" \/>\n<meta property=\"article:publisher\" content=\"https:\/\/www.facebook.com\/profile.php?id=100063824551839\" \/>\n<meta property=\"article:modified_time\" content=\"2024-11-26T21:40:35+00:00\" \/>\n<meta property=\"og:image\" content=\"https:\/\/www.facecorner.lv\/wp-content\/uploads\/2024\/01\/by-wishtrend-blue-oasis-aloe-hydrating-serum-30-ml-uvlazhnyayushchaya-syvorotka-1000x1000-1.jpg\" \/>\n\t<meta property=\"og:image:width\" content=\"1000\" \/>\n\t<meta property=\"og:image:height\" content=\"1000\" \/>\n\t<meta property=\"og:image:type\" content=\"image\/jpeg\" \/>\n<meta name=\"twitter:card\" content=\"summary_large_image\" \/>\n<meta name=\"twitter:label1\" content=\"Price\" \/>\n\t<meta name=\"twitter:data1\" content=\"&euro;25.90\" \/>\n\t<meta name=\"twitter:label2\" content=\"Availability\" \/>\n\t<meta name=\"twitter:data2\" content=\"In stock\" \/>\n<script type=\"application\/ld+json\" class=\"yoast-schema-graph\">{\"@context\":\"https:\\\/\\\/schema.org\",\"@graph\":[{\"@type\":\"WebPage\",\"@id\":\"https:\\\/\\\/www.facecorner.lv\\\/shop\\\/by-wishtrend-blue-oasis-hydrating-serum-30ml\\\/\",\"url\":\"https:\\\/\\\/www.facecorner.lv\\\/shop\\\/by-wishtrend-blue-oasis-hydrating-serum-30ml\\\/\",\"name\":\"By Wishtrend Blue Oasis Hydrating Serum 30ml - FACECORNER\",\"isPartOf\":{\"@id\":\"https:\\\/\\\/www.facecorner.lv\\\/#website\"},\"primaryImageOfPage\":{\"@id\":\"https:\\\/\\\/www.facecorner.lv\\\/shop\\\/by-wishtrend-blue-oasis-hydrating-serum-30ml\\\/#primaryimage\"},\"image\":{\"@id\":\"https:\\\/\\\/www.facecorner.lv\\\/shop\\\/by-wishtrend-blue-oasis-hydrating-serum-30ml\\\/#primaryimage\"},\"thumbnailUrl\":\"https:\\\/\\\/www.facecorner.lv\\\/wp-content\\\/uploads\\\/2024\\\/01\\\/by-wishtrend-blue-oasis-aloe-hydrating-serum-30-ml-uvlazhnyayushchaya-syvorotka-1000x1000-1.jpg\",\"datePublished\":\"2024-01-18T19:08:24+00:00\",\"dateModified\":\"2024-11-26T21:40:35+00:00\",\"breadcrumb\":{\"@id\":\"https:\\\/\\\/www.facecorner.lv\\\/shop\\\/by-wishtrend-blue-oasis-hydrating-serum-30ml\\\/#breadcrumb\"},\"inLanguage\":\"lv-LV\",\"potentialAction\":[{\"@type\":\"ReadAction\",\"target\":[\"https:\\\/\\\/www.facecorner.lv\\\/shop\\\/by-wishtrend-blue-oasis-hydrating-serum-30ml\\\/\"]}]},{\"@type\":\"ImageObject\",\"inLanguage\":\"lv-LV\",\"@id\":\"https:\\\/\\\/www.facecorner.lv\\\/shop\\\/by-wishtrend-blue-oasis-hydrating-serum-30ml\\\/#primaryimage\",\"url\":\"https:\\\/\\\/www.facecorner.lv\\\/wp-content\\\/uploads\\\/2024\\\/01\\\/by-wishtrend-blue-oasis-aloe-hydrating-serum-30-ml-uvlazhnyayushchaya-syvorotka-1000x1000-1.jpg\",\"contentUrl\":\"https:\\\/\\\/www.facecorner.lv\\\/wp-content\\\/uploads\\\/2024\\\/01\\\/by-wishtrend-blue-oasis-aloe-hydrating-serum-30-ml-uvlazhnyayushchaya-syvorotka-1000x1000-1.jpg\",\"width\":1000,\"height\":1000},{\"@type\":\"BreadcrumbList\",\"@id\":\"https:\\\/\\\/www.facecorner.lv\\\/shop\\\/by-wishtrend-blue-oasis-hydrating-serum-30ml\\\/#breadcrumb\",\"itemListElement\":[{\"@type\":\"ListItem\",\"position\":1,\"name\":\"Home\",\"item\":\"https:\\\/\\\/www.facecorner.lv\\\/\"},{\"@type\":\"ListItem\",\"position\":2,\"name\":\"Veikals\",\"item\":\"https:\\\/\\\/www.facecorner.lv\\\/shop\\\/\"},{\"@type\":\"ListItem\",\"position\":3,\"name\":\"By Wishtrend Blue Oasis Hydrating Serum 30ml\"}]},{\"@type\":\"WebSite\",\"@id\":\"https:\\\/\\\/www.facecorner.lv\\\/#website\",\"url\":\"https:\\\/\\\/www.facecorner.lv\\\/\",\"name\":\"Facecorner\",\"description\":\"\",\"publisher\":{\"@id\":\"https:\\\/\\\/www.facecorner.lv\\\/#organization\"},\"potentialAction\":[{\"@type\":\"SearchAction\",\"target\":{\"@type\":\"EntryPoint\",\"urlTemplate\":\"https:\\\/\\\/www.facecorner.lv\\\/?s={search_term_string}\"},\"query-input\":{\"@type\":\"PropertyValueSpecification\",\"valueRequired\":true,\"valueName\":\"search_term_string\"}}],\"inLanguage\":\"lv-LV\"},{\"@type\":\"Organization\",\"@id\":\"https:\\\/\\\/www.facecorner.lv\\\/#organization\",\"name\":\"Facecorner\",\"url\":\"https:\\\/\\\/www.facecorner.lv\\\/\",\"logo\":{\"@type\":\"ImageObject\",\"inLanguage\":\"lv-LV\",\"@id\":\"https:\\\/\\\/www.facecorner.lv\\\/#\\\/schema\\\/logo\\\/image\\\/\",\"url\":\"https:\\\/\\\/www.facecorner.lv\\\/wp-content\\\/uploads\\\/2024\\\/04\\\/fc-logo.jpg\",\"contentUrl\":\"https:\\\/\\\/www.facecorner.lv\\\/wp-content\\\/uploads\\\/2024\\\/04\\\/fc-logo.jpg\",\"width\":174,\"height\":28,\"caption\":\"Facecorner\"},\"image\":{\"@id\":\"https:\\\/\\\/www.facecorner.lv\\\/#\\\/schema\\\/logo\\\/image\\\/\"},\"sameAs\":[\"https:\\\/\\\/www.facebook.com\\\/profile.php?id=100063824551839\",\"https:\\\/\\\/www.instagram.com\\\/facecorner_shop\\\/\"]}]}<\/script>\n<meta property=\"product:price:amount\" content=\"25.90\" \/>\n<meta property=\"product:price:currency\" content=\"EUR\" \/>\n<meta property=\"og:availability\" content=\"instock\" \/>\n<meta property=\"product:availability\" content=\"instock\" \/>\n<meta property=\"product:condition\" content=\"new\" \/>\n<!-- \/ Yoast SEO plugin. -->","yoast_head_json":{"title":"By Wishtrend Blue Oasis Hydrating Serum 30ml - FACECORNER","robots":{"index":"index","follow":"follow","max-snippet":"max-snippet:-1","max-image-preview":"max-image-preview:large","max-video-preview":"max-video-preview:-1"},"canonical":"https:\/\/www.facecorner.lv\/lv\/shop\/by-wishtrend-blue-oasis-hydrating-serum-30ml\/","og_locale":"lv_LV","og_type":"article","og_title":"By Wishtrend Blue Oasis Hydrating Serum 30ml - FACECORNER","og_description":"\u012apa\u0161i mitrino\u0161s alvejas serums By Wishtrend Hydra Enriched Ampoule efekt\u012bvi nov\u0113r\u0161 sausumu un dehidrat\u0101ciju, nov\u0113r\u0161 bl\u0101vumu un piepilda \u0101du ar labu mirdzumu. Palielina tvirtumu un elast\u012bbu, samazina grumbu par\u0101d\u012b\u0161anos. Serums nomierina un atsvaidzina sakairin\u0101tu \u0101du, nov\u0113r\u0161 diskomfortu un niezi. Nostiprina aizsargbarjeru, nov\u0113r\u0161 mitruma iztvaiko\u0161anu, uztur optim\u0101lu \u016bdens-lip\u012bdu l\u012bdzsvaru. Seruma pamat\u0101 ir alvejas ekstrakts (70%). Alveja [&hellip;]","og_url":"https:\/\/www.facecorner.lv\/lv\/shop\/by-wishtrend-blue-oasis-hydrating-serum-30ml\/","og_site_name":"FACECORNER","article_publisher":"https:\/\/www.facebook.com\/profile.php?id=100063824551839","article_modified_time":"2024-11-26T21:40:35+00:00","og_image":[{"width":1000,"height":1000,"url":"https:\/\/www.facecorner.lv\/wp-content\/uploads\/2024\/01\/by-wishtrend-blue-oasis-aloe-hydrating-serum-30-ml-uvlazhnyayushchaya-syvorotka-1000x1000-1.jpg","type":"image\/jpeg"}],"twitter_card":"summary_large_image","twitter_misc":{"Price":"&euro;25.90","Availability":"In stock"},"schema":{"@context":"https:\/\/schema.org","@graph":[{"@type":"WebPage","@id":"https:\/\/www.facecorner.lv\/shop\/by-wishtrend-blue-oasis-hydrating-serum-30ml\/","url":"https:\/\/www.facecorner.lv\/shop\/by-wishtrend-blue-oasis-hydrating-serum-30ml\/","name":"By Wishtrend Blue Oasis Hydrating Serum 30ml - FACECORNER","isPartOf":{"@id":"https:\/\/www.facecorner.lv\/#website"},"primaryImageOfPage":{"@id":"https:\/\/www.facecorner.lv\/shop\/by-wishtrend-blue-oasis-hydrating-serum-30ml\/#primaryimage"},"image":{"@id":"https:\/\/www.facecorner.lv\/shop\/by-wishtrend-blue-oasis-hydrating-serum-30ml\/#primaryimage"},"thumbnailUrl":"https:\/\/www.facecorner.lv\/wp-content\/uploads\/2024\/01\/by-wishtrend-blue-oasis-aloe-hydrating-serum-30-ml-uvlazhnyayushchaya-syvorotka-1000x1000-1.jpg","datePublished":"2024-01-18T19:08:24+00:00","dateModified":"2024-11-26T21:40:35+00:00","breadcrumb":{"@id":"https:\/\/www.facecorner.lv\/shop\/by-wishtrend-blue-oasis-hydrating-serum-30ml\/#breadcrumb"},"inLanguage":"lv-LV","potentialAction":[{"@type":"ReadAction","target":["https:\/\/www.facecorner.lv\/shop\/by-wishtrend-blue-oasis-hydrating-serum-30ml\/"]}]},{"@type":"ImageObject","inLanguage":"lv-LV","@id":"https:\/\/www.facecorner.lv\/shop\/by-wishtrend-blue-oasis-hydrating-serum-30ml\/#primaryimage","url":"https:\/\/www.facecorner.lv\/wp-content\/uploads\/2024\/01\/by-wishtrend-blue-oasis-aloe-hydrating-serum-30-ml-uvlazhnyayushchaya-syvorotka-1000x1000-1.jpg","contentUrl":"https:\/\/www.facecorner.lv\/wp-content\/uploads\/2024\/01\/by-wishtrend-blue-oasis-aloe-hydrating-serum-30-ml-uvlazhnyayushchaya-syvorotka-1000x1000-1.jpg","width":1000,"height":1000},{"@type":"BreadcrumbList","@id":"https:\/\/www.facecorner.lv\/shop\/by-wishtrend-blue-oasis-hydrating-serum-30ml\/#breadcrumb","itemListElement":[{"@type":"ListItem","position":1,"name":"Home","item":"https:\/\/www.facecorner.lv\/"},{"@type":"ListItem","position":2,"name":"Veikals","item":"https:\/\/www.facecorner.lv\/shop\/"},{"@type":"ListItem","position":3,"name":"By Wishtrend Blue Oasis Hydrating Serum 30ml"}]},{"@type":"WebSite","@id":"https:\/\/www.facecorner.lv\/#website","url":"https:\/\/www.facecorner.lv\/","name":"Facecorner","description":"","publisher":{"@id":"https:\/\/www.facecorner.lv\/#organization"},"potentialAction":[{"@type":"SearchAction","target":{"@type":"EntryPoint","urlTemplate":"https:\/\/www.facecorner.lv\/?s={search_term_string}"},"query-input":{"@type":"PropertyValueSpecification","valueRequired":true,"valueName":"search_term_string"}}],"inLanguage":"lv-LV"},{"@type":"Organization","@id":"https:\/\/www.facecorner.lv\/#organization","name":"Facecorner","url":"https:\/\/www.facecorner.lv\/","logo":{"@type":"ImageObject","inLanguage":"lv-LV","@id":"https:\/\/www.facecorner.lv\/#\/schema\/logo\/image\/","url":"https:\/\/www.facecorner.lv\/wp-content\/uploads\/2024\/04\/fc-logo.jpg","contentUrl":"https:\/\/www.facecorner.lv\/wp-content\/uploads\/2024\/04\/fc-logo.jpg","width":174,"height":28,"caption":"Facecorner"},"image":{"@id":"https:\/\/www.facecorner.lv\/#\/schema\/logo\/image\/"},"sameAs":["https:\/\/www.facebook.com\/profile.php?id=100063824551839","https:\/\/www.instagram.com\/facecorner_shop\/"]}]},"product_price_amount":"25.90","product_price_currency":"EUR","og_availability":"instock","product_availability":"instock","product_condition":"new"},"_links":{"self":[{"href":"https:\/\/www.facecorner.lv\/lv\/wp-json\/wp\/v2\/product\/13923","targetHints":{"allow":["GET"]}}],"collection":[{"href":"https:\/\/www.facecorner.lv\/lv\/wp-json\/wp\/v2\/product"}],"about":[{"href":"https:\/\/www.facecorner.lv\/lv\/wp-json\/wp\/v2\/types\/product"}],"replies":[{"embeddable":true,"href":"https:\/\/www.facecorner.lv\/lv\/wp-json\/wp\/v2\/comments?post=13923"}],"wp:featuredmedia":[{"embeddable":true,"href":"https:\/\/www.facecorner.lv\/lv\/wp-json\/wp\/v2\/media\/13924"}],"wp:attachment":[{"href":"https:\/\/www.facecorner.lv\/lv\/wp-json\/wp\/v2\/media?parent=13923"}],"wp:term":[{"taxonomy":"product_brand","embeddable":true,"href":"https:\/\/www.facecorner.lv\/lv\/wp-json\/wp\/v2\/product_brand?post=13923"},{"taxonomy":"product_cat","embeddable":true,"href":"https:\/\/www.facecorner.lv\/lv\/wp-json\/wp\/v2\/product_cat?post=13923"},{"taxonomy":"product_tag","embeddable":true,"href":"https:\/\/www.facecorner.lv\/lv\/wp-json\/wp\/v2\/product_tag?post=13923"},{"taxonomy":"berocket_brand","embeddable":true,"href":"https:\/\/www.facecorner.lv\/lv\/wp-json\/wp\/v2\/berocket_brand?post=13923"}],"curies":[{"name":"wp","href":"https:\/\/api.w.org\/{rel}","templated":true}]}}