{"id":13883,"date":"2024-01-14T15:23:05","date_gmt":"2024-01-14T13:23:05","guid":{"rendered":"https:\/\/www.facecorner.lv\/?post_type=product&#038;p=13883"},"modified":"2024-03-28T16:26:18","modified_gmt":"2024-03-28T14:26:18","slug":"daeng-gi-meo-ri-vitalizing-treatment-300ml","status":"publish","type":"product","link":"https:\/\/www.facecorner.lv\/lv\/shop\/daeng-gi-meo-ri-vitalizing-treatment-300ml\/","title":{"rendered":"Daeng Gi Meo Ri Vitalizing Treatment 300ml"},"content":{"rendered":"<p>Atjaunojo\u0161\u0101 matu maska \u200b\u200bar laktobacill\u0101m Daeng Gi Meo Ri Vitalizing Treatment satur laktobacillus, kerat\u012bnu un keram\u012bdus. Produkts \u0101tri uzlabo boj\u0101tu matu st\u0101vokli un mazina sausu galvas \u0101du, nov\u0113r\u0161ot matu izkri\u0161anu. Mitrina matus vis\u0101 garum\u0101, pies\u0101tina tos ar noder\u012bg\u0101m sast\u0101vda\u013c\u0101m, nov\u0113r\u0161 sausumu un nov\u0113r\u0161 matu galu \u0161\u0137el\u0161anos. Kondicionieris ar\u012b pal\u012bdz atbr\u012bvoties no blaugzn\u0101m, nov\u0113r\u0161 seborejas un iekaisuma par\u0101d\u012b\u0161anos galvas \u0101d\u0101.<\/p>\n<p><strong>Galven\u0101s akt\u012bv\u0101s sast\u0101vda\u013cas:<\/strong><\/p>\n<ul>\n<li>Laktobacilli nodro\u0161ina norm\u0101lu floru, kas apdz\u012bvo galvas \u0101du, un nodro\u0161ina patog\u0113no mikroorganismu p\u0101rvieto\u0161anos, kas bie\u017ei ir blaugznu, matu izkri\u0161anas vai trauslu matu c\u0113lonis.<\/li>\n<li>Keram\u012bdi piepilda \u0161\u0137ipsnas ar vitalit\u0101ti un padara t\u0101s stipr\u0101kas, atjauno boj\u0101t\u0101s vietas, pie\u0161\u0137ir matiem sp\u012bdumu un z\u012bdainumu.<\/li>\n<li>Kerat\u012bns ir galven\u0101 matu strukt\u016bras sast\u0101vda\u013ca, uzlabo matu strukt\u016bru un nov\u0113r\u0161 sausumu. T\u0101s ir dabiskas kerat\u012bna molekulas, kas \u0137\u012bmiski izn\u012bcin\u0101tas l\u012bdz maz\u0101kiem izm\u0113riem un \u016bden\u012b \u0161\u0137\u012bsto\u0161\u0101 form\u0101. \u0160\u012bs vielas viegli iek\u013c\u016bst matu un \u0101das strukt\u016br\u0101 un t\u0101m ir \u013coti efekt\u012bva kondicion\u0113jo\u0161a iedarb\u012bba.<\/li>\n<li>Beta\u012bns akt\u012bvi mitrina un tai ir kondicion\u0113jo\u0161s efekts.<\/li>\n<li>Centella asiatica mitrina un baro galvas \u0101du, padara matus sp\u012bd\u012bg\u0101kus un pa\u0101trina to aug\u0161anu.<\/li>\n<\/ul>\n<p><strong>Lieto\u0161anas nor\u0101d\u012bjumi:<\/strong> Uzkl\u0101jiet uz t\u012briem, mitriem matiem, atst\u0101jiet 3-5 min\u016btes un izskalojiet.<\/p>\n<p><strong>S\u0101stavs:\u00a0<\/strong>purified water, ceteryl alcohol, cyclopenta siloxane, dimethicone, stearamido propyl dimethylamine, gujeolcho extract, fragrance, dicaprylyl carbonate, betaine, glutamic acid, turmeric extract, aminoprofil Dimethicone, Cypress Leaf Extract, Mugwort Extract, Amordimethicone, Ceteares-20, Acacia Extract, Cereal Extract, Nasturtium Extract, Hydrolyzed De Keratin, Irises, Lactobacillus, Centella, Engraver Fermented filtrate, butylene glycol, celestial extract, laureth -23, C12-15 pares-3, fiji-10, glycerin, set limonium chloride Cyclotetrasiloxane, Ginseng Extract, Trideces-12, Thenyl Trimethicone, Panthenol, Caprylic, Capric Triglyceride, Ke Latin, lecithin, tocopheryl acetate, machi extract, ceramide 3, phenoxy ethanol<\/p>\n","protected":false},"excerpt":{"rendered":"<p>Atjaunojo\u0161\u0101 matu maska \u200b\u200bar laktobacill\u0101m Daeng Gi Meo Ri Vitalizing Treatment satur laktobacillus, kerat\u012bnu un keram\u012bdus. Produkts \u0101tri uzlabo boj\u0101tu matu st\u0101vokli un mazina sausu galvas \u0101du, nov\u0113r\u0161ot matu izkri\u0161anu. Mitrina matus vis\u0101 garum\u0101, pies\u0101tina tos ar noder\u012bg\u0101m sast\u0101vda\u013c\u0101m, nov\u0113r\u0161 sausumu un nov\u0113r\u0161 matu galu \u0161\u0137el\u0161anos. Kondicionieris ar\u012b pal\u012bdz atbr\u012bvoties no blaugzn\u0101m, nov\u0113r\u0161 seborejas un [&hellip;]<\/p>\n","protected":false},"featured_media":13884,"comment_status":"open","ping_status":"closed","template":"","meta":{"site-sidebar-layout":"default","site-content-layout":"","ast-site-content-layout":"","site-content-style":"default","site-sidebar-style":"default","ast-global-header-display":"","ast-banner-title-visibility":"","ast-main-header-display":"","ast-hfb-above-header-display":"","ast-hfb-below-header-display":"","ast-hfb-mobile-header-display":"","site-post-title":"","ast-breadcrumbs-content":"","ast-featured-img":"","footer-sml-layout":"","theme-transparent-header-meta":"","adv-header-id-meta":"","stick-header-meta":"","header-above-stick-meta":"","header-main-stick-meta":"","header-below-stick-meta":"","astra-migrate-meta-layouts":"default","ast-page-background-enabled":"default","ast-page-background-meta":{"desktop":{"background-color":"var(--ast-global-color-4)","background-image":"","background-repeat":"repeat","background-position":"center center","background-size":"auto","background-attachment":"scroll","background-type":"","background-media":"","overlay-type":"","overlay-color":"","overlay-opacity":"","overlay-gradient":""},"tablet":{"background-color":"","background-image":"","background-repeat":"repeat","background-position":"center center","background-size":"auto","background-attachment":"scroll","background-type":"","background-media":"","overlay-type":"","overlay-color":"","overlay-opacity":"","overlay-gradient":""},"mobile":{"background-color":"","background-image":"","background-repeat":"repeat","background-position":"center center","background-size":"auto","background-attachment":"scroll","background-type":"","background-media":"","overlay-type":"","overlay-color":"","overlay-opacity":"","overlay-gradient":""}},"ast-content-background-meta":{"desktop":{"background-color":"var(--ast-global-color-5)","background-image":"","background-repeat":"repeat","background-position":"center center","background-size":"auto","background-attachment":"scroll","background-type":"","background-media":"","overlay-type":"","overlay-color":"","overlay-opacity":"","overlay-gradient":""},"tablet":{"background-color":"var(--ast-global-color-5)","background-image":"","background-repeat":"repeat","background-position":"center center","background-size":"auto","background-attachment":"scroll","background-type":"","background-media":"","overlay-type":"","overlay-color":"","overlay-opacity":"","overlay-gradient":""},"mobile":{"background-color":"var(--ast-global-color-5)","background-image":"","background-repeat":"repeat","background-position":"center center","background-size":"auto","background-attachment":"scroll","background-type":"","background-media":"","overlay-type":"","overlay-color":"","overlay-opacity":"","overlay-gradient":""}}},"product_brand":[],"product_cat":[356,330],"product_tag":[],"berocket_brand":[],"class_list":{"0":"post-13883","1":"product","2":"type-product","3":"status-publish","4":"has-post-thumbnail","6":"product_cat-kondicionieri","7":"product_cat-matiem","8":"desktop-align-left","9":"tablet-align-left","10":"mobile-align-left","12":"first","13":"outofstock","14":"taxable","15":"shipping-taxable","16":"purchasable","17":"product-type-simple","18":"add-to-wishlist-before_image"},"yoast_head":"<!-- This site is optimized with the Yoast SEO plugin v27.4 - https:\/\/yoast.com\/product\/yoast-seo-wordpress\/ -->\n<title>Daeng Gi Meo Ri Vitalizing Treatment 300ml - FACECORNER<\/title>\n<meta name=\"robots\" content=\"index, follow, max-snippet:-1, max-image-preview:large, max-video-preview:-1\" \/>\n<link rel=\"canonical\" href=\"https:\/\/www.facecorner.lv\/lv\/shop\/daeng-gi-meo-ri-vitalizing-treatment-300ml\/\" \/>\n<meta property=\"og:locale\" content=\"lv_LV\" \/>\n<meta property=\"og:type\" content=\"article\" \/>\n<meta property=\"og:title\" content=\"Daeng Gi Meo Ri Vitalizing Treatment 300ml - FACECORNER\" \/>\n<meta property=\"og:description\" content=\"Atjaunojo\u0161\u0101 matu maska \u200b\u200bar laktobacill\u0101m Daeng Gi Meo Ri Vitalizing Treatment satur laktobacillus, kerat\u012bnu un keram\u012bdus. Produkts \u0101tri uzlabo boj\u0101tu matu st\u0101vokli un mazina sausu galvas \u0101du, nov\u0113r\u0161ot matu izkri\u0161anu. Mitrina matus vis\u0101 garum\u0101, pies\u0101tina tos ar noder\u012bg\u0101m sast\u0101vda\u013c\u0101m, nov\u0113r\u0161 sausumu un nov\u0113r\u0161 matu galu \u0161\u0137el\u0161anos. Kondicionieris ar\u012b pal\u012bdz atbr\u012bvoties no blaugzn\u0101m, nov\u0113r\u0161 seborejas un [&hellip;]\" \/>\n<meta property=\"og:url\" content=\"https:\/\/www.facecorner.lv\/lv\/shop\/daeng-gi-meo-ri-vitalizing-treatment-300ml\/\" \/>\n<meta property=\"og:site_name\" content=\"FACECORNER\" \/>\n<meta property=\"article:publisher\" content=\"https:\/\/www.facebook.com\/profile.php?id=100063824551839\" \/>\n<meta property=\"article:modified_time\" content=\"2024-03-28T14:26:18+00:00\" \/>\n<meta property=\"og:image\" content=\"https:\/\/www.facecorner.lv\/wp-content\/uploads\/2024\/01\/DaengGiMeoRiVitalizingTreatment300ml.webp.jpeg\" \/>\n\t<meta property=\"og:image:width\" content=\"1000\" \/>\n\t<meta property=\"og:image:height\" content=\"1000\" \/>\n\t<meta property=\"og:image:type\" content=\"image\/jpeg\" \/>\n<meta name=\"twitter:card\" content=\"summary_large_image\" \/>\n<meta name=\"twitter:label1\" content=\"Price\" \/>\n\t<meta name=\"twitter:data1\" content=\"&euro;14.50\" \/>\n\t<meta name=\"twitter:label2\" content=\"Availability\" \/>\n\t<meta name=\"twitter:data2\" content=\"Out of stock\" \/>\n<script type=\"application\/ld+json\" class=\"yoast-schema-graph\">{\"@context\":\"https:\\\/\\\/schema.org\",\"@graph\":[{\"@type\":\"WebPage\",\"@id\":\"https:\\\/\\\/www.facecorner.lv\\\/shop\\\/daeng-gi-meo-ri-vitalizing-treatment-300ml\\\/\",\"url\":\"https:\\\/\\\/www.facecorner.lv\\\/shop\\\/daeng-gi-meo-ri-vitalizing-treatment-300ml\\\/\",\"name\":\"Daeng Gi Meo Ri Vitalizing Treatment 300ml - FACECORNER\",\"isPartOf\":{\"@id\":\"https:\\\/\\\/www.facecorner.lv\\\/#website\"},\"primaryImageOfPage\":{\"@id\":\"https:\\\/\\\/www.facecorner.lv\\\/shop\\\/daeng-gi-meo-ri-vitalizing-treatment-300ml\\\/#primaryimage\"},\"image\":{\"@id\":\"https:\\\/\\\/www.facecorner.lv\\\/shop\\\/daeng-gi-meo-ri-vitalizing-treatment-300ml\\\/#primaryimage\"},\"thumbnailUrl\":\"https:\\\/\\\/www.facecorner.lv\\\/wp-content\\\/uploads\\\/2024\\\/01\\\/DaengGiMeoRiVitalizingTreatment300ml.webp.jpeg\",\"datePublished\":\"2024-01-14T13:23:05+00:00\",\"dateModified\":\"2024-03-28T14:26:18+00:00\",\"breadcrumb\":{\"@id\":\"https:\\\/\\\/www.facecorner.lv\\\/shop\\\/daeng-gi-meo-ri-vitalizing-treatment-300ml\\\/#breadcrumb\"},\"inLanguage\":\"lv-LV\",\"potentialAction\":[{\"@type\":\"ReadAction\",\"target\":[\"https:\\\/\\\/www.facecorner.lv\\\/shop\\\/daeng-gi-meo-ri-vitalizing-treatment-300ml\\\/\"]}]},{\"@type\":\"ImageObject\",\"inLanguage\":\"lv-LV\",\"@id\":\"https:\\\/\\\/www.facecorner.lv\\\/shop\\\/daeng-gi-meo-ri-vitalizing-treatment-300ml\\\/#primaryimage\",\"url\":\"https:\\\/\\\/www.facecorner.lv\\\/wp-content\\\/uploads\\\/2024\\\/01\\\/DaengGiMeoRiVitalizingTreatment300ml.webp.jpeg\",\"contentUrl\":\"https:\\\/\\\/www.facecorner.lv\\\/wp-content\\\/uploads\\\/2024\\\/01\\\/DaengGiMeoRiVitalizingTreatment300ml.webp.jpeg\",\"width\":1000,\"height\":1000},{\"@type\":\"BreadcrumbList\",\"@id\":\"https:\\\/\\\/www.facecorner.lv\\\/shop\\\/daeng-gi-meo-ri-vitalizing-treatment-300ml\\\/#breadcrumb\",\"itemListElement\":[{\"@type\":\"ListItem\",\"position\":1,\"name\":\"Home\",\"item\":\"https:\\\/\\\/www.facecorner.lv\\\/\"},{\"@type\":\"ListItem\",\"position\":2,\"name\":\"Veikals\",\"item\":\"https:\\\/\\\/www.facecorner.lv\\\/shop\\\/\"},{\"@type\":\"ListItem\",\"position\":3,\"name\":\"Daeng Gi Meo Ri Vitalizing Treatment 300ml\"}]},{\"@type\":\"WebSite\",\"@id\":\"https:\\\/\\\/www.facecorner.lv\\\/#website\",\"url\":\"https:\\\/\\\/www.facecorner.lv\\\/\",\"name\":\"Facecorner\",\"description\":\"\",\"publisher\":{\"@id\":\"https:\\\/\\\/www.facecorner.lv\\\/#organization\"},\"potentialAction\":[{\"@type\":\"SearchAction\",\"target\":{\"@type\":\"EntryPoint\",\"urlTemplate\":\"https:\\\/\\\/www.facecorner.lv\\\/?s={search_term_string}\"},\"query-input\":{\"@type\":\"PropertyValueSpecification\",\"valueRequired\":true,\"valueName\":\"search_term_string\"}}],\"inLanguage\":\"lv-LV\"},{\"@type\":\"Organization\",\"@id\":\"https:\\\/\\\/www.facecorner.lv\\\/#organization\",\"name\":\"Facecorner\",\"url\":\"https:\\\/\\\/www.facecorner.lv\\\/\",\"logo\":{\"@type\":\"ImageObject\",\"inLanguage\":\"lv-LV\",\"@id\":\"https:\\\/\\\/www.facecorner.lv\\\/#\\\/schema\\\/logo\\\/image\\\/\",\"url\":\"https:\\\/\\\/www.facecorner.lv\\\/wp-content\\\/uploads\\\/2024\\\/04\\\/fc-logo.jpg\",\"contentUrl\":\"https:\\\/\\\/www.facecorner.lv\\\/wp-content\\\/uploads\\\/2024\\\/04\\\/fc-logo.jpg\",\"width\":174,\"height\":28,\"caption\":\"Facecorner\"},\"image\":{\"@id\":\"https:\\\/\\\/www.facecorner.lv\\\/#\\\/schema\\\/logo\\\/image\\\/\"},\"sameAs\":[\"https:\\\/\\\/www.facebook.com\\\/profile.php?id=100063824551839\",\"https:\\\/\\\/www.instagram.com\\\/facecorner_shop\\\/\"]}]}<\/script>\n<meta property=\"product:price:amount\" content=\"14.50\" \/>\n<meta property=\"product:price:currency\" content=\"EUR\" \/>\n<meta property=\"og:availability\" content=\"out of stock\" \/>\n<meta property=\"product:availability\" content=\"out of stock\" \/>\n<meta property=\"product:condition\" content=\"new\" \/>\n<!-- \/ Yoast SEO plugin. -->","yoast_head_json":{"title":"Daeng Gi Meo Ri Vitalizing Treatment 300ml - FACECORNER","robots":{"index":"index","follow":"follow","max-snippet":"max-snippet:-1","max-image-preview":"max-image-preview:large","max-video-preview":"max-video-preview:-1"},"canonical":"https:\/\/www.facecorner.lv\/lv\/shop\/daeng-gi-meo-ri-vitalizing-treatment-300ml\/","og_locale":"lv_LV","og_type":"article","og_title":"Daeng Gi Meo Ri Vitalizing Treatment 300ml - FACECORNER","og_description":"Atjaunojo\u0161\u0101 matu maska \u200b\u200bar laktobacill\u0101m Daeng Gi Meo Ri Vitalizing Treatment satur laktobacillus, kerat\u012bnu un keram\u012bdus. Produkts \u0101tri uzlabo boj\u0101tu matu st\u0101vokli un mazina sausu galvas \u0101du, nov\u0113r\u0161ot matu izkri\u0161anu. Mitrina matus vis\u0101 garum\u0101, pies\u0101tina tos ar noder\u012bg\u0101m sast\u0101vda\u013c\u0101m, nov\u0113r\u0161 sausumu un nov\u0113r\u0161 matu galu \u0161\u0137el\u0161anos. Kondicionieris ar\u012b pal\u012bdz atbr\u012bvoties no blaugzn\u0101m, nov\u0113r\u0161 seborejas un [&hellip;]","og_url":"https:\/\/www.facecorner.lv\/lv\/shop\/daeng-gi-meo-ri-vitalizing-treatment-300ml\/","og_site_name":"FACECORNER","article_publisher":"https:\/\/www.facebook.com\/profile.php?id=100063824551839","article_modified_time":"2024-03-28T14:26:18+00:00","og_image":[{"width":1000,"height":1000,"url":"https:\/\/www.facecorner.lv\/wp-content\/uploads\/2024\/01\/DaengGiMeoRiVitalizingTreatment300ml.webp.jpeg","type":"image\/jpeg"}],"twitter_card":"summary_large_image","twitter_misc":{"Price":"&euro;14.50","Availability":"Out of stock"},"schema":{"@context":"https:\/\/schema.org","@graph":[{"@type":"WebPage","@id":"https:\/\/www.facecorner.lv\/shop\/daeng-gi-meo-ri-vitalizing-treatment-300ml\/","url":"https:\/\/www.facecorner.lv\/shop\/daeng-gi-meo-ri-vitalizing-treatment-300ml\/","name":"Daeng Gi Meo Ri Vitalizing Treatment 300ml - FACECORNER","isPartOf":{"@id":"https:\/\/www.facecorner.lv\/#website"},"primaryImageOfPage":{"@id":"https:\/\/www.facecorner.lv\/shop\/daeng-gi-meo-ri-vitalizing-treatment-300ml\/#primaryimage"},"image":{"@id":"https:\/\/www.facecorner.lv\/shop\/daeng-gi-meo-ri-vitalizing-treatment-300ml\/#primaryimage"},"thumbnailUrl":"https:\/\/www.facecorner.lv\/wp-content\/uploads\/2024\/01\/DaengGiMeoRiVitalizingTreatment300ml.webp.jpeg","datePublished":"2024-01-14T13:23:05+00:00","dateModified":"2024-03-28T14:26:18+00:00","breadcrumb":{"@id":"https:\/\/www.facecorner.lv\/shop\/daeng-gi-meo-ri-vitalizing-treatment-300ml\/#breadcrumb"},"inLanguage":"lv-LV","potentialAction":[{"@type":"ReadAction","target":["https:\/\/www.facecorner.lv\/shop\/daeng-gi-meo-ri-vitalizing-treatment-300ml\/"]}]},{"@type":"ImageObject","inLanguage":"lv-LV","@id":"https:\/\/www.facecorner.lv\/shop\/daeng-gi-meo-ri-vitalizing-treatment-300ml\/#primaryimage","url":"https:\/\/www.facecorner.lv\/wp-content\/uploads\/2024\/01\/DaengGiMeoRiVitalizingTreatment300ml.webp.jpeg","contentUrl":"https:\/\/www.facecorner.lv\/wp-content\/uploads\/2024\/01\/DaengGiMeoRiVitalizingTreatment300ml.webp.jpeg","width":1000,"height":1000},{"@type":"BreadcrumbList","@id":"https:\/\/www.facecorner.lv\/shop\/daeng-gi-meo-ri-vitalizing-treatment-300ml\/#breadcrumb","itemListElement":[{"@type":"ListItem","position":1,"name":"Home","item":"https:\/\/www.facecorner.lv\/"},{"@type":"ListItem","position":2,"name":"Veikals","item":"https:\/\/www.facecorner.lv\/shop\/"},{"@type":"ListItem","position":3,"name":"Daeng Gi Meo Ri Vitalizing Treatment 300ml"}]},{"@type":"WebSite","@id":"https:\/\/www.facecorner.lv\/#website","url":"https:\/\/www.facecorner.lv\/","name":"Facecorner","description":"","publisher":{"@id":"https:\/\/www.facecorner.lv\/#organization"},"potentialAction":[{"@type":"SearchAction","target":{"@type":"EntryPoint","urlTemplate":"https:\/\/www.facecorner.lv\/?s={search_term_string}"},"query-input":{"@type":"PropertyValueSpecification","valueRequired":true,"valueName":"search_term_string"}}],"inLanguage":"lv-LV"},{"@type":"Organization","@id":"https:\/\/www.facecorner.lv\/#organization","name":"Facecorner","url":"https:\/\/www.facecorner.lv\/","logo":{"@type":"ImageObject","inLanguage":"lv-LV","@id":"https:\/\/www.facecorner.lv\/#\/schema\/logo\/image\/","url":"https:\/\/www.facecorner.lv\/wp-content\/uploads\/2024\/04\/fc-logo.jpg","contentUrl":"https:\/\/www.facecorner.lv\/wp-content\/uploads\/2024\/04\/fc-logo.jpg","width":174,"height":28,"caption":"Facecorner"},"image":{"@id":"https:\/\/www.facecorner.lv\/#\/schema\/logo\/image\/"},"sameAs":["https:\/\/www.facebook.com\/profile.php?id=100063824551839","https:\/\/www.instagram.com\/facecorner_shop\/"]}]},"product_price_amount":"14.50","product_price_currency":"EUR","og_availability":"out of stock","product_availability":"out of stock","product_condition":"new"},"_links":{"self":[{"href":"https:\/\/www.facecorner.lv\/lv\/wp-json\/wp\/v2\/product\/13883","targetHints":{"allow":["GET"]}}],"collection":[{"href":"https:\/\/www.facecorner.lv\/lv\/wp-json\/wp\/v2\/product"}],"about":[{"href":"https:\/\/www.facecorner.lv\/lv\/wp-json\/wp\/v2\/types\/product"}],"replies":[{"embeddable":true,"href":"https:\/\/www.facecorner.lv\/lv\/wp-json\/wp\/v2\/comments?post=13883"}],"wp:featuredmedia":[{"embeddable":true,"href":"https:\/\/www.facecorner.lv\/lv\/wp-json\/wp\/v2\/media\/13884"}],"wp:attachment":[{"href":"https:\/\/www.facecorner.lv\/lv\/wp-json\/wp\/v2\/media?parent=13883"}],"wp:term":[{"taxonomy":"product_brand","embeddable":true,"href":"https:\/\/www.facecorner.lv\/lv\/wp-json\/wp\/v2\/product_brand?post=13883"},{"taxonomy":"product_cat","embeddable":true,"href":"https:\/\/www.facecorner.lv\/lv\/wp-json\/wp\/v2\/product_cat?post=13883"},{"taxonomy":"product_tag","embeddable":true,"href":"https:\/\/www.facecorner.lv\/lv\/wp-json\/wp\/v2\/product_tag?post=13883"},{"taxonomy":"berocket_brand","embeddable":true,"href":"https:\/\/www.facecorner.lv\/lv\/wp-json\/wp\/v2\/berocket_brand?post=13883"}],"curies":[{"name":"wp","href":"https:\/\/api.w.org\/{rel}","templated":true}]}}