{"id":13881,"date":"2024-01-14T15:17:24","date_gmt":"2024-01-14T13:17:24","guid":{"rendered":"https:\/\/www.facecorner.lv\/?post_type=product&#038;p=13881"},"modified":"2025-08-21T16:40:21","modified_gmt":"2025-08-21T13:40:21","slug":"daeng-gi-meo-ri-vitalizing-shampoo-300ml","status":"publish","type":"product","link":"https:\/\/www.facecorner.lv\/lv\/shop\/daeng-gi-meo-ri-vitalizing-shampoo-300ml\/","title":{"rendered":"Daeng Gi Meo Ri Vitalizing Shampoo 300ml"},"content":{"rendered":"<p>Atjaunojo\u0161s \u0161amp\u016bns nov\u0101jin\u0101tiem matiem Daeng Gi Meo Ri Vitalizing Shampoo efekt\u012bvi un maigi att\u012bra matus no visiem net\u012brumiem. Veicina intens\u012bvu matu baro\u0161anu un mitrin\u0101\u0161anu, stiprina pl\u0101nus un trauslus matus. Izraisa \u0161\u016bnu atjauno\u0161anos, uzlabo asinsriti, baro matu folikulus.Atjaunojo\u0161s \u0161amp\u016bns nov\u0101jin\u0101tiem matiem Daeng Gi Meo Ri Vitalizing Shampoo efekt\u012bvi un maigi att\u012bra matus no visiem net\u012brumiem. Veicina intens\u012bvu matu baro\u0161anu un mitrin\u0101\u0161anu, stiprina pl\u0101nus un trauslus matus. Izraisa \u0161\u016bnu atjauno\u0161anos, uzlabo asinsriti, baro matu folikulus.<\/p>\n<p><strong>Galven\u0101s akt\u012bv\u0101s sast\u0101vda\u013cas:<\/strong><\/p>\n<ul>\n<li>Kerat\u012bns ir galven\u0101 matu strukt\u016bras sast\u0101vda\u013ca, uzlabo matu strukt\u016bru un nov\u0113r\u0161 sausumu. T\u0101s ir dabiskas kerat\u012bna molekulas, kas \u0137\u012bmiski izn\u012bcin\u0101tas l\u012bdz maz\u0101kiem izm\u0113riem un \u016bden\u012b \u0161\u0137\u012bsto\u0161\u0101 form\u0101. \u0160\u012bs vielas viegli iek\u013c\u016bst matu un \u0101das strukt\u016br\u0101 un t\u0101m ir \u013coti efekt\u012bva kondicion\u0113jo\u0161a iedarb\u012bba.<\/li>\n<li>Laktobacilli nodro\u0161ina norm\u0101lu floru, kas apdz\u012bvo galvas \u0101du, un nodro\u0161ina patog\u0113no mikroorganismu p\u0101rvieto\u0161anos, kas bie\u017ei ir blaugznu, matu izkri\u0161anas vai trauslu matu c\u0113lonis.<\/li>\n<li>Centella asiatica mitrina un baro galvas \u0101du, padara matus sp\u012bd\u012bg\u0101kus un pa\u0101trina to aug\u0161anu.<\/li>\n<li>\u017de\u0146\u0161e\u0146a ekstrakts aktiviz\u0113 kolag\u0113na sint\u0113zi, pa\u0101trina asins mikrocirkul\u0101ciju, kas labv\u0113l\u012bgi ietekm\u0113 matu folikulus un stimul\u0113 jaunu matu aug\u0161anu. Tai ir atjaunojo\u0161a iedarb\u012bba, dzied\u0113 br\u016bces un plaisas, dezinfic\u0113, aizsarg\u0101 no \u0101r\u0113jo faktoru kait\u012bg\u0101s ietekmes, m\u012bkstina un toniz\u0113. Mazina aps\u0101rtumu un kairin\u0101jumu, palielina epidermas bar\u012bbas vielu uzs\u016bk\u0161an\u0101s pak\u0101pi un kav\u0113 \u0101das noveco\u0161an\u0101s procesu.<\/li>\n<\/ul>\n<p><strong>Lieto\u0161anas nor\u0101d\u012bjumi: <\/strong>Uzkl\u0101jiet nelielu daudzumu \u0161amp\u016bna mitros matos un galvas \u0101d\u0101, iemas\u0113jiet un noskalojiet ar siltu \u016bdeni. Ja nepiecie\u0161ams, atk\u0101rtojiet.<\/p>\n<p><strong>S\u0101stavs:\u00a0<\/strong>Purified water,\u00a0Chrysanthemum Indicum Extract, sodium laureth sulfate, sodium lauryl sulfate, turmeric extract, cypress leaf extract, mugwort extract, cocamidopropyl betaine, dimethicone, juniper fruit extract, lettuce extract, nasturtium extract, sebum -7 Glyceryl Cocoate, Iris Water, Flavoring, Cnidium Extract, Cocaamide M, Desylene Glycol, Carbomer, Sodium Cocoallanate, Triethanol Amine, Fiji-10, Guaroxypropyl Trimonium Chloride, Propylene Glycol, Menthol, Hydroxy Acetophenone, Ginseng Extract, Lactobacillus \/ Centella \/ Engraver Barley \/ Echinacea Extract \/ Yellowish White \/ Fuchsia \/ Lamiaceae \/ Casualty Extract Fermentation Filtrate, Panthenol, Disodium Ditty A, butylene glycol, lauramin oxide, hydrolyzed \u00a0keratin, oak beanie, machichu Extract<\/p>\n","protected":false},"excerpt":{"rendered":"<p>Atjaunojo\u0161s \u0161amp\u016bns nov\u0101jin\u0101tiem matiem Daeng Gi Meo Ri Vitalizing Shampoo efekt\u012bvi un maigi att\u012bra matus no visiem net\u012brumiem. Veicina intens\u012bvu matu baro\u0161anu un mitrin\u0101\u0161anu, stiprina pl\u0101nus un trauslus matus. Izraisa \u0161\u016bnu atjauno\u0161anos, uzlabo asinsriti, baro matu folikulus.Atjaunojo\u0161s \u0161amp\u016bns nov\u0101jin\u0101tiem matiem Daeng Gi Meo Ri Vitalizing Shampoo efekt\u012bvi un maigi att\u012bra matus no visiem net\u012brumiem. Veicina [&hellip;]<\/p>\n","protected":false},"featured_media":13882,"comment_status":"open","ping_status":"closed","template":"","meta":{"site-sidebar-layout":"default","site-content-layout":"","ast-site-content-layout":"","site-content-style":"default","site-sidebar-style":"default","ast-global-header-display":"","ast-banner-title-visibility":"","ast-main-header-display":"","ast-hfb-above-header-display":"","ast-hfb-below-header-display":"","ast-hfb-mobile-header-display":"","site-post-title":"","ast-breadcrumbs-content":"","ast-featured-img":"","footer-sml-layout":"","theme-transparent-header-meta":"","adv-header-id-meta":"","stick-header-meta":"","header-above-stick-meta":"","header-main-stick-meta":"","header-below-stick-meta":"","astra-migrate-meta-layouts":"default","ast-page-background-enabled":"default","ast-page-background-meta":{"desktop":{"background-color":"var(--ast-global-color-4)","background-image":"","background-repeat":"repeat","background-position":"center center","background-size":"auto","background-attachment":"scroll","background-type":"","background-media":"","overlay-type":"","overlay-color":"","overlay-opacity":"","overlay-gradient":""},"tablet":{"background-color":"","background-image":"","background-repeat":"repeat","background-position":"center center","background-size":"auto","background-attachment":"scroll","background-type":"","background-media":"","overlay-type":"","overlay-color":"","overlay-opacity":"","overlay-gradient":""},"mobile":{"background-color":"","background-image":"","background-repeat":"repeat","background-position":"center center","background-size":"auto","background-attachment":"scroll","background-type":"","background-media":"","overlay-type":"","overlay-color":"","overlay-opacity":"","overlay-gradient":""}},"ast-content-background-meta":{"desktop":{"background-color":"var(--ast-global-color-5)","background-image":"","background-repeat":"repeat","background-position":"center center","background-size":"auto","background-attachment":"scroll","background-type":"","background-media":"","overlay-type":"","overlay-color":"","overlay-opacity":"","overlay-gradient":""},"tablet":{"background-color":"var(--ast-global-color-5)","background-image":"","background-repeat":"repeat","background-position":"center center","background-size":"auto","background-attachment":"scroll","background-type":"","background-media":"","overlay-type":"","overlay-color":"","overlay-opacity":"","overlay-gradient":""},"mobile":{"background-color":"var(--ast-global-color-5)","background-image":"","background-repeat":"repeat","background-position":"center center","background-size":"auto","background-attachment":"scroll","background-type":"","background-media":"","overlay-type":"","overlay-color":"","overlay-opacity":"","overlay-gradient":""}}},"product_brand":[],"product_cat":[357],"product_tag":[],"berocket_brand":[],"class_list":{"0":"post-13881","1":"product","2":"type-product","3":"status-publish","4":"has-post-thumbnail","6":"product_cat-sampuni","7":"desktop-align-left","8":"tablet-align-left","9":"mobile-align-left","11":"first","12":"outofstock","13":"taxable","14":"shipping-taxable","15":"purchasable","16":"product-type-variable","17":"add-to-wishlist-before_image"},"yoast_head":"<!-- This site is optimized with the Yoast SEO plugin v27.4 - https:\/\/yoast.com\/product\/yoast-seo-wordpress\/ -->\n<title>Daeng Gi Meo Ri Vitalizing Shampoo 300ml - FACECORNER<\/title>\n<meta name=\"robots\" content=\"index, follow, max-snippet:-1, max-image-preview:large, max-video-preview:-1\" \/>\n<link rel=\"canonical\" href=\"https:\/\/www.facecorner.lv\/lv\/shop\/daeng-gi-meo-ri-vitalizing-shampoo-300ml\/\" \/>\n<meta property=\"og:locale\" content=\"lv_LV\" \/>\n<meta property=\"og:type\" content=\"article\" \/>\n<meta property=\"og:title\" content=\"Daeng Gi Meo Ri Vitalizing Shampoo 300ml - FACECORNER\" \/>\n<meta property=\"og:description\" content=\"Atjaunojo\u0161s \u0161amp\u016bns nov\u0101jin\u0101tiem matiem Daeng Gi Meo Ri Vitalizing Shampoo efekt\u012bvi un maigi att\u012bra matus no visiem net\u012brumiem. Veicina intens\u012bvu matu baro\u0161anu un mitrin\u0101\u0161anu, stiprina pl\u0101nus un trauslus matus. Izraisa \u0161\u016bnu atjauno\u0161anos, uzlabo asinsriti, baro matu folikulus.Atjaunojo\u0161s \u0161amp\u016bns nov\u0101jin\u0101tiem matiem Daeng Gi Meo Ri Vitalizing Shampoo efekt\u012bvi un maigi att\u012bra matus no visiem net\u012brumiem. Veicina [&hellip;]\" \/>\n<meta property=\"og:url\" content=\"https:\/\/www.facecorner.lv\/lv\/shop\/daeng-gi-meo-ri-vitalizing-shampoo-300ml\/\" \/>\n<meta property=\"og:site_name\" content=\"FACECORNER\" \/>\n<meta property=\"article:publisher\" content=\"https:\/\/www.facebook.com\/profile.php?id=100063824551839\" \/>\n<meta property=\"article:modified_time\" content=\"2025-08-21T13:40:21+00:00\" \/>\n<meta property=\"og:image\" content=\"https:\/\/www.facecorner.lv\/wp-content\/uploads\/2024\/01\/DaengGiMeoRiVitalizingShampooplaukusampunas.png.webp\" \/>\n\t<meta property=\"og:image:width\" content=\"1080\" \/>\n\t<meta property=\"og:image:height\" content=\"1080\" \/>\n\t<meta property=\"og:image:type\" content=\"image\/webp\" \/>\n<meta name=\"twitter:card\" content=\"summary_large_image\" \/>\n<meta name=\"twitter:label1\" content=\"Availability\" \/>\n\t<meta name=\"twitter:data1\" content=\"Out of stock\" \/>\n<script type=\"application\/ld+json\" class=\"yoast-schema-graph\">{\"@context\":\"https:\\\/\\\/schema.org\",\"@graph\":[{\"@type\":\"WebPage\",\"@id\":\"https:\\\/\\\/www.facecorner.lv\\\/en\\\/shop\\\/daeng-gi-meo-ri-vitalizing-shampoo-300ml\\\/\",\"url\":\"https:\\\/\\\/www.facecorner.lv\\\/en\\\/shop\\\/daeng-gi-meo-ri-vitalizing-shampoo-300ml\\\/\",\"name\":\"Daeng Gi Meo Ri Vitalizing Shampoo 300ml - FACECORNER\",\"isPartOf\":{\"@id\":\"https:\\\/\\\/www.facecorner.lv\\\/#website\"},\"primaryImageOfPage\":{\"@id\":\"https:\\\/\\\/www.facecorner.lv\\\/en\\\/shop\\\/daeng-gi-meo-ri-vitalizing-shampoo-300ml\\\/#primaryimage\"},\"image\":{\"@id\":\"https:\\\/\\\/www.facecorner.lv\\\/en\\\/shop\\\/daeng-gi-meo-ri-vitalizing-shampoo-300ml\\\/#primaryimage\"},\"thumbnailUrl\":\"https:\\\/\\\/www.facecorner.lv\\\/wp-content\\\/uploads\\\/2024\\\/01\\\/DaengGiMeoRiVitalizingShampooplaukusampunas.png.webp\",\"datePublished\":\"2024-01-14T13:17:24+00:00\",\"dateModified\":\"2025-08-21T13:40:21+00:00\",\"breadcrumb\":{\"@id\":\"https:\\\/\\\/www.facecorner.lv\\\/en\\\/shop\\\/daeng-gi-meo-ri-vitalizing-shampoo-300ml\\\/#breadcrumb\"},\"inLanguage\":\"lv-LV\",\"potentialAction\":[{\"@type\":\"ReadAction\",\"target\":[\"https:\\\/\\\/www.facecorner.lv\\\/en\\\/shop\\\/daeng-gi-meo-ri-vitalizing-shampoo-300ml\\\/\"]}]},{\"@type\":\"ImageObject\",\"inLanguage\":\"lv-LV\",\"@id\":\"https:\\\/\\\/www.facecorner.lv\\\/en\\\/shop\\\/daeng-gi-meo-ri-vitalizing-shampoo-300ml\\\/#primaryimage\",\"url\":\"https:\\\/\\\/www.facecorner.lv\\\/wp-content\\\/uploads\\\/2024\\\/01\\\/DaengGiMeoRiVitalizingShampooplaukusampunas.png.webp\",\"contentUrl\":\"https:\\\/\\\/www.facecorner.lv\\\/wp-content\\\/uploads\\\/2024\\\/01\\\/DaengGiMeoRiVitalizingShampooplaukusampunas.png.webp\",\"width\":1080,\"height\":1080},{\"@type\":\"BreadcrumbList\",\"@id\":\"https:\\\/\\\/www.facecorner.lv\\\/en\\\/shop\\\/daeng-gi-meo-ri-vitalizing-shampoo-300ml\\\/#breadcrumb\",\"itemListElement\":[{\"@type\":\"ListItem\",\"position\":1,\"name\":\"Home\",\"item\":\"https:\\\/\\\/www.facecorner.lv\\\/\"},{\"@type\":\"ListItem\",\"position\":2,\"name\":\"Veikals\",\"item\":\"https:\\\/\\\/www.facecorner.lv\\\/shop\\\/\"},{\"@type\":\"ListItem\",\"position\":3,\"name\":\"Daeng Gi Meo Ri Vitalizing Shampoo 300ml\"}]},{\"@type\":\"WebSite\",\"@id\":\"https:\\\/\\\/www.facecorner.lv\\\/#website\",\"url\":\"https:\\\/\\\/www.facecorner.lv\\\/\",\"name\":\"Facecorner\",\"description\":\"\",\"publisher\":{\"@id\":\"https:\\\/\\\/www.facecorner.lv\\\/#organization\"},\"potentialAction\":[{\"@type\":\"SearchAction\",\"target\":{\"@type\":\"EntryPoint\",\"urlTemplate\":\"https:\\\/\\\/www.facecorner.lv\\\/?s={search_term_string}\"},\"query-input\":{\"@type\":\"PropertyValueSpecification\",\"valueRequired\":true,\"valueName\":\"search_term_string\"}}],\"inLanguage\":\"lv-LV\"},{\"@type\":\"Organization\",\"@id\":\"https:\\\/\\\/www.facecorner.lv\\\/#organization\",\"name\":\"Facecorner\",\"url\":\"https:\\\/\\\/www.facecorner.lv\\\/\",\"logo\":{\"@type\":\"ImageObject\",\"inLanguage\":\"lv-LV\",\"@id\":\"https:\\\/\\\/www.facecorner.lv\\\/#\\\/schema\\\/logo\\\/image\\\/\",\"url\":\"https:\\\/\\\/www.facecorner.lv\\\/wp-content\\\/uploads\\\/2024\\\/04\\\/fc-logo.jpg\",\"contentUrl\":\"https:\\\/\\\/www.facecorner.lv\\\/wp-content\\\/uploads\\\/2024\\\/04\\\/fc-logo.jpg\",\"width\":174,\"height\":28,\"caption\":\"Facecorner\"},\"image\":{\"@id\":\"https:\\\/\\\/www.facecorner.lv\\\/#\\\/schema\\\/logo\\\/image\\\/\"},\"sameAs\":[\"https:\\\/\\\/www.facebook.com\\\/profile.php?id=100063824551839\",\"https:\\\/\\\/www.instagram.com\\\/facecorner_shop\\\/\"]}]}<\/script>\n<meta property=\"og:availability\" content=\"out of stock\" \/>\n<meta property=\"product:availability\" content=\"out of stock\" \/>\n<meta property=\"product:condition\" content=\"new\" \/>\n<!-- \/ Yoast SEO plugin. -->","yoast_head_json":{"title":"Daeng Gi Meo Ri Vitalizing Shampoo 300ml - FACECORNER","robots":{"index":"index","follow":"follow","max-snippet":"max-snippet:-1","max-image-preview":"max-image-preview:large","max-video-preview":"max-video-preview:-1"},"canonical":"https:\/\/www.facecorner.lv\/lv\/shop\/daeng-gi-meo-ri-vitalizing-shampoo-300ml\/","og_locale":"lv_LV","og_type":"article","og_title":"Daeng Gi Meo Ri Vitalizing Shampoo 300ml - FACECORNER","og_description":"Atjaunojo\u0161s \u0161amp\u016bns nov\u0101jin\u0101tiem matiem Daeng Gi Meo Ri Vitalizing Shampoo efekt\u012bvi un maigi att\u012bra matus no visiem net\u012brumiem. Veicina intens\u012bvu matu baro\u0161anu un mitrin\u0101\u0161anu, stiprina pl\u0101nus un trauslus matus. Izraisa \u0161\u016bnu atjauno\u0161anos, uzlabo asinsriti, baro matu folikulus.Atjaunojo\u0161s \u0161amp\u016bns nov\u0101jin\u0101tiem matiem Daeng Gi Meo Ri Vitalizing Shampoo efekt\u012bvi un maigi att\u012bra matus no visiem net\u012brumiem. Veicina [&hellip;]","og_url":"https:\/\/www.facecorner.lv\/lv\/shop\/daeng-gi-meo-ri-vitalizing-shampoo-300ml\/","og_site_name":"FACECORNER","article_publisher":"https:\/\/www.facebook.com\/profile.php?id=100063824551839","article_modified_time":"2025-08-21T13:40:21+00:00","og_image":[{"width":1080,"height":1080,"url":"https:\/\/www.facecorner.lv\/wp-content\/uploads\/2024\/01\/DaengGiMeoRiVitalizingShampooplaukusampunas.png.webp","type":"image\/webp"}],"twitter_card":"summary_large_image","twitter_misc":{"Availability":"Out of stock"},"schema":{"@context":"https:\/\/schema.org","@graph":[{"@type":"WebPage","@id":"https:\/\/www.facecorner.lv\/en\/shop\/daeng-gi-meo-ri-vitalizing-shampoo-300ml\/","url":"https:\/\/www.facecorner.lv\/en\/shop\/daeng-gi-meo-ri-vitalizing-shampoo-300ml\/","name":"Daeng Gi Meo Ri Vitalizing Shampoo 300ml - FACECORNER","isPartOf":{"@id":"https:\/\/www.facecorner.lv\/#website"},"primaryImageOfPage":{"@id":"https:\/\/www.facecorner.lv\/en\/shop\/daeng-gi-meo-ri-vitalizing-shampoo-300ml\/#primaryimage"},"image":{"@id":"https:\/\/www.facecorner.lv\/en\/shop\/daeng-gi-meo-ri-vitalizing-shampoo-300ml\/#primaryimage"},"thumbnailUrl":"https:\/\/www.facecorner.lv\/wp-content\/uploads\/2024\/01\/DaengGiMeoRiVitalizingShampooplaukusampunas.png.webp","datePublished":"2024-01-14T13:17:24+00:00","dateModified":"2025-08-21T13:40:21+00:00","breadcrumb":{"@id":"https:\/\/www.facecorner.lv\/en\/shop\/daeng-gi-meo-ri-vitalizing-shampoo-300ml\/#breadcrumb"},"inLanguage":"lv-LV","potentialAction":[{"@type":"ReadAction","target":["https:\/\/www.facecorner.lv\/en\/shop\/daeng-gi-meo-ri-vitalizing-shampoo-300ml\/"]}]},{"@type":"ImageObject","inLanguage":"lv-LV","@id":"https:\/\/www.facecorner.lv\/en\/shop\/daeng-gi-meo-ri-vitalizing-shampoo-300ml\/#primaryimage","url":"https:\/\/www.facecorner.lv\/wp-content\/uploads\/2024\/01\/DaengGiMeoRiVitalizingShampooplaukusampunas.png.webp","contentUrl":"https:\/\/www.facecorner.lv\/wp-content\/uploads\/2024\/01\/DaengGiMeoRiVitalizingShampooplaukusampunas.png.webp","width":1080,"height":1080},{"@type":"BreadcrumbList","@id":"https:\/\/www.facecorner.lv\/en\/shop\/daeng-gi-meo-ri-vitalizing-shampoo-300ml\/#breadcrumb","itemListElement":[{"@type":"ListItem","position":1,"name":"Home","item":"https:\/\/www.facecorner.lv\/"},{"@type":"ListItem","position":2,"name":"Veikals","item":"https:\/\/www.facecorner.lv\/shop\/"},{"@type":"ListItem","position":3,"name":"Daeng Gi Meo Ri Vitalizing Shampoo 300ml"}]},{"@type":"WebSite","@id":"https:\/\/www.facecorner.lv\/#website","url":"https:\/\/www.facecorner.lv\/","name":"Facecorner","description":"","publisher":{"@id":"https:\/\/www.facecorner.lv\/#organization"},"potentialAction":[{"@type":"SearchAction","target":{"@type":"EntryPoint","urlTemplate":"https:\/\/www.facecorner.lv\/?s={search_term_string}"},"query-input":{"@type":"PropertyValueSpecification","valueRequired":true,"valueName":"search_term_string"}}],"inLanguage":"lv-LV"},{"@type":"Organization","@id":"https:\/\/www.facecorner.lv\/#organization","name":"Facecorner","url":"https:\/\/www.facecorner.lv\/","logo":{"@type":"ImageObject","inLanguage":"lv-LV","@id":"https:\/\/www.facecorner.lv\/#\/schema\/logo\/image\/","url":"https:\/\/www.facecorner.lv\/wp-content\/uploads\/2024\/04\/fc-logo.jpg","contentUrl":"https:\/\/www.facecorner.lv\/wp-content\/uploads\/2024\/04\/fc-logo.jpg","width":174,"height":28,"caption":"Facecorner"},"image":{"@id":"https:\/\/www.facecorner.lv\/#\/schema\/logo\/image\/"},"sameAs":["https:\/\/www.facebook.com\/profile.php?id=100063824551839","https:\/\/www.instagram.com\/facecorner_shop\/"]}]},"og_availability":"out of stock","product_availability":"out of stock","product_condition":"new"},"_links":{"self":[{"href":"https:\/\/www.facecorner.lv\/lv\/wp-json\/wp\/v2\/product\/13881","targetHints":{"allow":["GET"]}}],"collection":[{"href":"https:\/\/www.facecorner.lv\/lv\/wp-json\/wp\/v2\/product"}],"about":[{"href":"https:\/\/www.facecorner.lv\/lv\/wp-json\/wp\/v2\/types\/product"}],"replies":[{"embeddable":true,"href":"https:\/\/www.facecorner.lv\/lv\/wp-json\/wp\/v2\/comments?post=13881"}],"wp:featuredmedia":[{"embeddable":true,"href":"https:\/\/www.facecorner.lv\/lv\/wp-json\/wp\/v2\/media\/13882"}],"wp:attachment":[{"href":"https:\/\/www.facecorner.lv\/lv\/wp-json\/wp\/v2\/media?parent=13881"}],"wp:term":[{"taxonomy":"product_brand","embeddable":true,"href":"https:\/\/www.facecorner.lv\/lv\/wp-json\/wp\/v2\/product_brand?post=13881"},{"taxonomy":"product_cat","embeddable":true,"href":"https:\/\/www.facecorner.lv\/lv\/wp-json\/wp\/v2\/product_cat?post=13881"},{"taxonomy":"product_tag","embeddable":true,"href":"https:\/\/www.facecorner.lv\/lv\/wp-json\/wp\/v2\/product_tag?post=13881"},{"taxonomy":"berocket_brand","embeddable":true,"href":"https:\/\/www.facecorner.lv\/lv\/wp-json\/wp\/v2\/berocket_brand?post=13881"}],"curies":[{"name":"wp","href":"https:\/\/api.w.org\/{rel}","templated":true}]}}