{"id":13879,"date":"2024-01-14T15:07:47","date_gmt":"2024-01-14T13:07:47","guid":{"rendered":"https:\/\/www.facecorner.lv\/?post_type=product&#038;p=13879"},"modified":"2024-08-10T12:16:41","modified_gmt":"2024-08-10T10:16:41","slug":"daeng-gi-meo-ri-new-gold-special-shampoo-500ml","status":"publish","type":"product","link":"https:\/\/www.facecorner.lv\/lv\/shop\/daeng-gi-meo-ri-new-gold-special-shampoo-500ml\/","title":{"rendered":"Daeng Gi Meo Ri New Gold Special Shampoo 500ml"},"content":{"rendered":"<p>\u0160amp\u016bns dzi\u013cai matu sak\u0146u att\u012br\u012b\u0161anai un nostiprin\u0101\u0161anai Daeng Gi Meo Ri New Gold Special Shampoo r\u016bp\u012bgi izskalo, likvid\u0113jot lieko sebumu, putek\u013cus, net\u012brumus, atmiru\u0161\u0101s \u0101das da\u013ci\u0146as un veido\u0161anas l\u012bdzek\u013cu atlikumus, atst\u0101jot t\u012br\u012bbas un svaiguma saj\u016btu.<\/p>\n<p>\u0160amp\u016bns aktiviz\u0113 matu folikulus un uzlabo mikrocirkul\u0101ciju, t\u0101d\u0113j\u0101di nov\u0113r\u0161ot matu izkri\u0161anu un padarot matus stiprus un sp\u012bd\u012bgus. Dzied\u0113 galvas \u0101du un pal\u012bdz samazin\u0101t p\u0101rm\u0113r\u012bgu taukain\u012bbu.<\/p>\n<p>Satur 35% augu ekstraktu, tai skait\u0101 \u017ee\u0146\u0161e\u0146a ekstraktu \u2013 ar labv\u0113l\u012bg\u0101m viel\u0101m bag\u0101tu sast\u0101vda\u013cu \u2013 sapon\u012bniem, kas uzlabo galvas \u0101das mikrocirkul\u0101ciju, t\u0101d\u0113j\u0101di stimul\u0113jot matu aug\u0161anu un iedarbojoties ar antioksidantu.<\/p>\n<p><strong>Papildu akt\u012bv\u0101s sast\u0101vda\u013cas:<\/strong><\/p>\n<ul>\n<li>J\u016bras kolag\u0113ns (Lactobacillus\/Collagen Ferment Filtrate) izl\u012bdzina kerat\u012bna matu zv\u012b\u0146as, aizpilda boj\u0101t\u0101s vietas, atjauno un sabiez\u0113.<\/li>\n<li>Kerat\u012bns nov\u0113r\u0161 sausumu, m\u012bkstina, rada mitruma barjeru, nov\u0113r\u0161 trauslumu un apst\u0101k\u013cus.<\/li>\n<li>Niacinam\u012bds (B3 vitam\u012bns) baro matu folikulus, nomierina kairin\u0101tu galvas \u0101du un veicina akt\u012bvu aug\u0161anu. Uzlabo mikrocirkul\u0101ciju, pamodina snaudo\u0161os matu folikulus, padara matus bl\u012bv\u0101kus un elast\u012bg\u0101kus.<\/li>\n<li>Salicilsk\u0101be BHA att\u012bra galvas \u0101du, no\u0146em sebumu un atmiru\u0161\u0101s da\u013ci\u0146as, atsvaidzina, mazina kairin\u0101jumu un niezi.<\/li>\n<li>Pantenols (B5 vitam\u012bns) stimul\u0113 intens\u012bvu matu folikulu aug\u0161anu un pamo\u0161anos, nov\u0113r\u0161 matu izkri\u0161anu, mitrina un uztur optim\u0101lu hidrat\u0101cijas l\u012bmeni.<\/li>\n<\/ul>\n<p><strong>Lieto\u0161anas nor\u0101d\u012bjumi:<\/strong> Uzkl\u0101jiet \u0161amp\u016bnu uz mitras galvas \u0101das, mas\u0113jo\u0161\u0101m kust\u012bb\u0101m sadaliet ar pirkstu galiem, noskalojiet ar \u016bdeni.<\/p>\n<p><strong>S\u0101stavs:<\/strong> Water, Chrysanthemum Zawadskii Extract, Chrysanthemum Boreale Flower\/Leaf\/Stem Extract, Ammonium Lauryl Sulfate, Ammonium Laureth Sulfate, Rehmannia Glutinosa Root Extract, Eclipta Prostrata Extract, Thuja Orientalis Leaf Extract, Morus Alba Bark Extract, Agrimonia Eupatoria Extract, Rumex Crispus Root Extract, Cocamidopropyl Betaine, Dimethicone, Fragrance, Cocamide MIPA, Carbomer, Triethanolamine, Decylene Glycol, Sodium Chloride, Panthenol, Salicylic Acid, Menthol, Niacinamide, Hydroxyacetophenone, Steareth-20, Panax Ginseng Root Extract, Butylene Glycol, Disodium EDTA, Bambusa Arundinacea Stem Extract, Glycerin, Acanthopanax Sessiliflorus Root Extract, Nelumbo Nucifera Stamen Extract, Crinum Asiaticum Extract, Monarda Didyma Leaf Extract, Xanthan Gum, Keratin, Lecithin, Phenyl Trimethicone, Caprylic\/Capric Triglyceride, Ocimum Basilicum(Basil) Leaf Extract, Artemisia Vulgaris Extract , Steareth-2, Salvia Officinalis(Sage) Leaf Extract, Lactobacillus\/Collagen Ferment Filtrate, Tocopheryl Acetate, Sporulin Platensis Extract, Codium Fragile Extract, Oak Vinegar, Portulaca Oleracea Extract, Ceramide NP, Hexyl Cinnamal, Limonene, Linalool, Geraniol, Citronellol<\/p>\n","protected":false},"excerpt":{"rendered":"<p>\u0160amp\u016bns dzi\u013cai matu sak\u0146u att\u012br\u012b\u0161anai un nostiprin\u0101\u0161anai Daeng Gi Meo Ri New Gold Special Shampoo r\u016bp\u012bgi izskalo, likvid\u0113jot lieko sebumu, putek\u013cus, net\u012brumus, atmiru\u0161\u0101s \u0101das da\u013ci\u0146as un veido\u0161anas l\u012bdzek\u013cu atlikumus, atst\u0101jot t\u012br\u012bbas un svaiguma saj\u016btu. \u0160amp\u016bns aktiviz\u0113 matu folikulus un uzlabo mikrocirkul\u0101ciju, t\u0101d\u0113j\u0101di nov\u0113r\u0161ot matu izkri\u0161anu un padarot matus stiprus un sp\u012bd\u012bgus. Dzied\u0113 galvas \u0101du un [&hellip;]<\/p>\n","protected":false},"featured_media":13880,"comment_status":"open","ping_status":"closed","template":"","meta":{"site-sidebar-layout":"default","site-content-layout":"","ast-site-content-layout":"","site-content-style":"default","site-sidebar-style":"default","ast-global-header-display":"","ast-banner-title-visibility":"","ast-main-header-display":"","ast-hfb-above-header-display":"","ast-hfb-below-header-display":"","ast-hfb-mobile-header-display":"","site-post-title":"","ast-breadcrumbs-content":"","ast-featured-img":"","footer-sml-layout":"","theme-transparent-header-meta":"","adv-header-id-meta":"","stick-header-meta":"","header-above-stick-meta":"","header-main-stick-meta":"","header-below-stick-meta":"","astra-migrate-meta-layouts":"default","ast-page-background-enabled":"default","ast-page-background-meta":{"desktop":{"background-color":"var(--ast-global-color-4)","background-image":"","background-repeat":"repeat","background-position":"center center","background-size":"auto","background-attachment":"scroll","background-type":"","background-media":"","overlay-type":"","overlay-color":"","overlay-opacity":"","overlay-gradient":""},"tablet":{"background-color":"","background-image":"","background-repeat":"repeat","background-position":"center center","background-size":"auto","background-attachment":"scroll","background-type":"","background-media":"","overlay-type":"","overlay-color":"","overlay-opacity":"","overlay-gradient":""},"mobile":{"background-color":"","background-image":"","background-repeat":"repeat","background-position":"center center","background-size":"auto","background-attachment":"scroll","background-type":"","background-media":"","overlay-type":"","overlay-color":"","overlay-opacity":"","overlay-gradient":""}},"ast-content-background-meta":{"desktop":{"background-color":"var(--ast-global-color-5)","background-image":"","background-repeat":"repeat","background-position":"center center","background-size":"auto","background-attachment":"scroll","background-type":"","background-media":"","overlay-type":"","overlay-color":"","overlay-opacity":"","overlay-gradient":""},"tablet":{"background-color":"var(--ast-global-color-5)","background-image":"","background-repeat":"repeat","background-position":"center center","background-size":"auto","background-attachment":"scroll","background-type":"","background-media":"","overlay-type":"","overlay-color":"","overlay-opacity":"","overlay-gradient":""},"mobile":{"background-color":"var(--ast-global-color-5)","background-image":"","background-repeat":"repeat","background-position":"center center","background-size":"auto","background-attachment":"scroll","background-type":"","background-media":"","overlay-type":"","overlay-color":"","overlay-opacity":"","overlay-gradient":""}}},"product_brand":[],"product_cat":[330,357],"product_tag":[],"berocket_brand":[],"class_list":{"0":"post-13879","1":"product","2":"type-product","3":"status-publish","4":"has-post-thumbnail","6":"product_cat-matiem","7":"product_cat-sampuni","8":"desktop-align-left","9":"tablet-align-left","10":"mobile-align-left","12":"first","13":"outofstock","14":"taxable","15":"shipping-taxable","16":"purchasable","17":"product-type-simple","18":"add-to-wishlist-before_image"},"yoast_head":"<!-- This site is optimized with the Yoast SEO plugin v27.4 - https:\/\/yoast.com\/product\/yoast-seo-wordpress\/ -->\n<title>Daeng Gi Meo Ri New Gold Special Shampoo 500ml - FACECORNER<\/title>\n<meta name=\"robots\" content=\"index, follow, max-snippet:-1, max-image-preview:large, max-video-preview:-1\" \/>\n<link rel=\"canonical\" href=\"https:\/\/www.facecorner.lv\/lv\/shop\/daeng-gi-meo-ri-new-gold-special-shampoo-500ml\/\" \/>\n<meta property=\"og:locale\" content=\"lv_LV\" \/>\n<meta property=\"og:type\" content=\"article\" \/>\n<meta property=\"og:title\" content=\"Daeng Gi Meo Ri New Gold Special Shampoo 500ml - FACECORNER\" \/>\n<meta property=\"og:description\" content=\"\u0160amp\u016bns dzi\u013cai matu sak\u0146u att\u012br\u012b\u0161anai un nostiprin\u0101\u0161anai Daeng Gi Meo Ri New Gold Special Shampoo r\u016bp\u012bgi izskalo, likvid\u0113jot lieko sebumu, putek\u013cus, net\u012brumus, atmiru\u0161\u0101s \u0101das da\u013ci\u0146as un veido\u0161anas l\u012bdzek\u013cu atlikumus, atst\u0101jot t\u012br\u012bbas un svaiguma saj\u016btu. \u0160amp\u016bns aktiviz\u0113 matu folikulus un uzlabo mikrocirkul\u0101ciju, t\u0101d\u0113j\u0101di nov\u0113r\u0161ot matu izkri\u0161anu un padarot matus stiprus un sp\u012bd\u012bgus. Dzied\u0113 galvas \u0101du un [&hellip;]\" \/>\n<meta property=\"og:url\" content=\"https:\/\/www.facecorner.lv\/lv\/shop\/daeng-gi-meo-ri-new-gold-special-shampoo-500ml\/\" \/>\n<meta property=\"og:site_name\" content=\"FACECORNER\" \/>\n<meta property=\"article:publisher\" content=\"https:\/\/www.facebook.com\/profile.php?id=100063824551839\" \/>\n<meta property=\"article:modified_time\" content=\"2024-08-10T10:16:41+00:00\" \/>\n<meta property=\"og:image\" content=\"https:\/\/www.facecorner.lv\/wp-content\/uploads\/2024\/01\/61LBe2yHN2L.jpg\" \/>\n\t<meta property=\"og:image:width\" content=\"1500\" \/>\n\t<meta property=\"og:image:height\" content=\"1500\" \/>\n\t<meta property=\"og:image:type\" content=\"image\/jpeg\" \/>\n<meta name=\"twitter:card\" content=\"summary_large_image\" \/>\n<meta name=\"twitter:label1\" content=\"Price\" \/>\n\t<meta name=\"twitter:data1\" content=\"&euro;25.00\" \/>\n\t<meta name=\"twitter:label2\" content=\"Availability\" \/>\n\t<meta name=\"twitter:data2\" content=\"Out of stock\" \/>\n<script type=\"application\/ld+json\" class=\"yoast-schema-graph\">{\"@context\":\"https:\\\/\\\/schema.org\",\"@graph\":[{\"@type\":\"WebPage\",\"@id\":\"https:\\\/\\\/www.facecorner.lv\\\/en\\\/shop\\\/daeng-gi-meo-ri-new-gold-special-shampoo-500ml\\\/\",\"url\":\"https:\\\/\\\/www.facecorner.lv\\\/en\\\/shop\\\/daeng-gi-meo-ri-new-gold-special-shampoo-500ml\\\/\",\"name\":\"Daeng Gi Meo Ri New Gold Special Shampoo 500ml - FACECORNER\",\"isPartOf\":{\"@id\":\"https:\\\/\\\/www.facecorner.lv\\\/#website\"},\"primaryImageOfPage\":{\"@id\":\"https:\\\/\\\/www.facecorner.lv\\\/en\\\/shop\\\/daeng-gi-meo-ri-new-gold-special-shampoo-500ml\\\/#primaryimage\"},\"image\":{\"@id\":\"https:\\\/\\\/www.facecorner.lv\\\/en\\\/shop\\\/daeng-gi-meo-ri-new-gold-special-shampoo-500ml\\\/#primaryimage\"},\"thumbnailUrl\":\"https:\\\/\\\/www.facecorner.lv\\\/wp-content\\\/uploads\\\/2024\\\/01\\\/61LBe2yHN2L.jpg\",\"datePublished\":\"2024-01-14T13:07:47+00:00\",\"dateModified\":\"2024-08-10T10:16:41+00:00\",\"breadcrumb\":{\"@id\":\"https:\\\/\\\/www.facecorner.lv\\\/en\\\/shop\\\/daeng-gi-meo-ri-new-gold-special-shampoo-500ml\\\/#breadcrumb\"},\"inLanguage\":\"lv-LV\",\"potentialAction\":[{\"@type\":\"ReadAction\",\"target\":[\"https:\\\/\\\/www.facecorner.lv\\\/en\\\/shop\\\/daeng-gi-meo-ri-new-gold-special-shampoo-500ml\\\/\"]}]},{\"@type\":\"ImageObject\",\"inLanguage\":\"lv-LV\",\"@id\":\"https:\\\/\\\/www.facecorner.lv\\\/en\\\/shop\\\/daeng-gi-meo-ri-new-gold-special-shampoo-500ml\\\/#primaryimage\",\"url\":\"https:\\\/\\\/www.facecorner.lv\\\/wp-content\\\/uploads\\\/2024\\\/01\\\/61LBe2yHN2L.jpg\",\"contentUrl\":\"https:\\\/\\\/www.facecorner.lv\\\/wp-content\\\/uploads\\\/2024\\\/01\\\/61LBe2yHN2L.jpg\",\"width\":1500,\"height\":1500},{\"@type\":\"BreadcrumbList\",\"@id\":\"https:\\\/\\\/www.facecorner.lv\\\/en\\\/shop\\\/daeng-gi-meo-ri-new-gold-special-shampoo-500ml\\\/#breadcrumb\",\"itemListElement\":[{\"@type\":\"ListItem\",\"position\":1,\"name\":\"Home\",\"item\":\"https:\\\/\\\/www.facecorner.lv\\\/\"},{\"@type\":\"ListItem\",\"position\":2,\"name\":\"Veikals\",\"item\":\"https:\\\/\\\/www.facecorner.lv\\\/shop\\\/\"},{\"@type\":\"ListItem\",\"position\":3,\"name\":\"Daeng Gi Meo Ri New Gold Special Shampoo 500ml\"}]},{\"@type\":\"WebSite\",\"@id\":\"https:\\\/\\\/www.facecorner.lv\\\/#website\",\"url\":\"https:\\\/\\\/www.facecorner.lv\\\/\",\"name\":\"Facecorner\",\"description\":\"\",\"publisher\":{\"@id\":\"https:\\\/\\\/www.facecorner.lv\\\/#organization\"},\"potentialAction\":[{\"@type\":\"SearchAction\",\"target\":{\"@type\":\"EntryPoint\",\"urlTemplate\":\"https:\\\/\\\/www.facecorner.lv\\\/?s={search_term_string}\"},\"query-input\":{\"@type\":\"PropertyValueSpecification\",\"valueRequired\":true,\"valueName\":\"search_term_string\"}}],\"inLanguage\":\"lv-LV\"},{\"@type\":\"Organization\",\"@id\":\"https:\\\/\\\/www.facecorner.lv\\\/#organization\",\"name\":\"Facecorner\",\"url\":\"https:\\\/\\\/www.facecorner.lv\\\/\",\"logo\":{\"@type\":\"ImageObject\",\"inLanguage\":\"lv-LV\",\"@id\":\"https:\\\/\\\/www.facecorner.lv\\\/#\\\/schema\\\/logo\\\/image\\\/\",\"url\":\"https:\\\/\\\/www.facecorner.lv\\\/wp-content\\\/uploads\\\/2024\\\/04\\\/fc-logo.jpg\",\"contentUrl\":\"https:\\\/\\\/www.facecorner.lv\\\/wp-content\\\/uploads\\\/2024\\\/04\\\/fc-logo.jpg\",\"width\":174,\"height\":28,\"caption\":\"Facecorner\"},\"image\":{\"@id\":\"https:\\\/\\\/www.facecorner.lv\\\/#\\\/schema\\\/logo\\\/image\\\/\"},\"sameAs\":[\"https:\\\/\\\/www.facebook.com\\\/profile.php?id=100063824551839\",\"https:\\\/\\\/www.instagram.com\\\/facecorner_shop\\\/\"]}]}<\/script>\n<meta property=\"product:price:amount\" content=\"25.00\" \/>\n<meta property=\"product:price:currency\" content=\"EUR\" \/>\n<meta property=\"og:availability\" content=\"out of stock\" \/>\n<meta property=\"product:availability\" content=\"out of stock\" \/>\n<meta property=\"product:condition\" content=\"new\" \/>\n<!-- \/ Yoast SEO plugin. -->","yoast_head_json":{"title":"Daeng Gi Meo Ri New Gold Special Shampoo 500ml - FACECORNER","robots":{"index":"index","follow":"follow","max-snippet":"max-snippet:-1","max-image-preview":"max-image-preview:large","max-video-preview":"max-video-preview:-1"},"canonical":"https:\/\/www.facecorner.lv\/lv\/shop\/daeng-gi-meo-ri-new-gold-special-shampoo-500ml\/","og_locale":"lv_LV","og_type":"article","og_title":"Daeng Gi Meo Ri New Gold Special Shampoo 500ml - FACECORNER","og_description":"\u0160amp\u016bns dzi\u013cai matu sak\u0146u att\u012br\u012b\u0161anai un nostiprin\u0101\u0161anai Daeng Gi Meo Ri New Gold Special Shampoo r\u016bp\u012bgi izskalo, likvid\u0113jot lieko sebumu, putek\u013cus, net\u012brumus, atmiru\u0161\u0101s \u0101das da\u013ci\u0146as un veido\u0161anas l\u012bdzek\u013cu atlikumus, atst\u0101jot t\u012br\u012bbas un svaiguma saj\u016btu. \u0160amp\u016bns aktiviz\u0113 matu folikulus un uzlabo mikrocirkul\u0101ciju, t\u0101d\u0113j\u0101di nov\u0113r\u0161ot matu izkri\u0161anu un padarot matus stiprus un sp\u012bd\u012bgus. Dzied\u0113 galvas \u0101du un [&hellip;]","og_url":"https:\/\/www.facecorner.lv\/lv\/shop\/daeng-gi-meo-ri-new-gold-special-shampoo-500ml\/","og_site_name":"FACECORNER","article_publisher":"https:\/\/www.facebook.com\/profile.php?id=100063824551839","article_modified_time":"2024-08-10T10:16:41+00:00","og_image":[{"width":1500,"height":1500,"url":"https:\/\/www.facecorner.lv\/wp-content\/uploads\/2024\/01\/61LBe2yHN2L.jpg","type":"image\/jpeg"}],"twitter_card":"summary_large_image","twitter_misc":{"Price":"&euro;25.00","Availability":"Out of stock"},"schema":{"@context":"https:\/\/schema.org","@graph":[{"@type":"WebPage","@id":"https:\/\/www.facecorner.lv\/en\/shop\/daeng-gi-meo-ri-new-gold-special-shampoo-500ml\/","url":"https:\/\/www.facecorner.lv\/en\/shop\/daeng-gi-meo-ri-new-gold-special-shampoo-500ml\/","name":"Daeng Gi Meo Ri New Gold Special Shampoo 500ml - FACECORNER","isPartOf":{"@id":"https:\/\/www.facecorner.lv\/#website"},"primaryImageOfPage":{"@id":"https:\/\/www.facecorner.lv\/en\/shop\/daeng-gi-meo-ri-new-gold-special-shampoo-500ml\/#primaryimage"},"image":{"@id":"https:\/\/www.facecorner.lv\/en\/shop\/daeng-gi-meo-ri-new-gold-special-shampoo-500ml\/#primaryimage"},"thumbnailUrl":"https:\/\/www.facecorner.lv\/wp-content\/uploads\/2024\/01\/61LBe2yHN2L.jpg","datePublished":"2024-01-14T13:07:47+00:00","dateModified":"2024-08-10T10:16:41+00:00","breadcrumb":{"@id":"https:\/\/www.facecorner.lv\/en\/shop\/daeng-gi-meo-ri-new-gold-special-shampoo-500ml\/#breadcrumb"},"inLanguage":"lv-LV","potentialAction":[{"@type":"ReadAction","target":["https:\/\/www.facecorner.lv\/en\/shop\/daeng-gi-meo-ri-new-gold-special-shampoo-500ml\/"]}]},{"@type":"ImageObject","inLanguage":"lv-LV","@id":"https:\/\/www.facecorner.lv\/en\/shop\/daeng-gi-meo-ri-new-gold-special-shampoo-500ml\/#primaryimage","url":"https:\/\/www.facecorner.lv\/wp-content\/uploads\/2024\/01\/61LBe2yHN2L.jpg","contentUrl":"https:\/\/www.facecorner.lv\/wp-content\/uploads\/2024\/01\/61LBe2yHN2L.jpg","width":1500,"height":1500},{"@type":"BreadcrumbList","@id":"https:\/\/www.facecorner.lv\/en\/shop\/daeng-gi-meo-ri-new-gold-special-shampoo-500ml\/#breadcrumb","itemListElement":[{"@type":"ListItem","position":1,"name":"Home","item":"https:\/\/www.facecorner.lv\/"},{"@type":"ListItem","position":2,"name":"Veikals","item":"https:\/\/www.facecorner.lv\/shop\/"},{"@type":"ListItem","position":3,"name":"Daeng Gi Meo Ri New Gold Special Shampoo 500ml"}]},{"@type":"WebSite","@id":"https:\/\/www.facecorner.lv\/#website","url":"https:\/\/www.facecorner.lv\/","name":"Facecorner","description":"","publisher":{"@id":"https:\/\/www.facecorner.lv\/#organization"},"potentialAction":[{"@type":"SearchAction","target":{"@type":"EntryPoint","urlTemplate":"https:\/\/www.facecorner.lv\/?s={search_term_string}"},"query-input":{"@type":"PropertyValueSpecification","valueRequired":true,"valueName":"search_term_string"}}],"inLanguage":"lv-LV"},{"@type":"Organization","@id":"https:\/\/www.facecorner.lv\/#organization","name":"Facecorner","url":"https:\/\/www.facecorner.lv\/","logo":{"@type":"ImageObject","inLanguage":"lv-LV","@id":"https:\/\/www.facecorner.lv\/#\/schema\/logo\/image\/","url":"https:\/\/www.facecorner.lv\/wp-content\/uploads\/2024\/04\/fc-logo.jpg","contentUrl":"https:\/\/www.facecorner.lv\/wp-content\/uploads\/2024\/04\/fc-logo.jpg","width":174,"height":28,"caption":"Facecorner"},"image":{"@id":"https:\/\/www.facecorner.lv\/#\/schema\/logo\/image\/"},"sameAs":["https:\/\/www.facebook.com\/profile.php?id=100063824551839","https:\/\/www.instagram.com\/facecorner_shop\/"]}]},"product_price_amount":"25.00","product_price_currency":"EUR","og_availability":"out of stock","product_availability":"out of stock","product_condition":"new"},"_links":{"self":[{"href":"https:\/\/www.facecorner.lv\/lv\/wp-json\/wp\/v2\/product\/13879","targetHints":{"allow":["GET"]}}],"collection":[{"href":"https:\/\/www.facecorner.lv\/lv\/wp-json\/wp\/v2\/product"}],"about":[{"href":"https:\/\/www.facecorner.lv\/lv\/wp-json\/wp\/v2\/types\/product"}],"replies":[{"embeddable":true,"href":"https:\/\/www.facecorner.lv\/lv\/wp-json\/wp\/v2\/comments?post=13879"}],"wp:featuredmedia":[{"embeddable":true,"href":"https:\/\/www.facecorner.lv\/lv\/wp-json\/wp\/v2\/media\/13880"}],"wp:attachment":[{"href":"https:\/\/www.facecorner.lv\/lv\/wp-json\/wp\/v2\/media?parent=13879"}],"wp:term":[{"taxonomy":"product_brand","embeddable":true,"href":"https:\/\/www.facecorner.lv\/lv\/wp-json\/wp\/v2\/product_brand?post=13879"},{"taxonomy":"product_cat","embeddable":true,"href":"https:\/\/www.facecorner.lv\/lv\/wp-json\/wp\/v2\/product_cat?post=13879"},{"taxonomy":"product_tag","embeddable":true,"href":"https:\/\/www.facecorner.lv\/lv\/wp-json\/wp\/v2\/product_tag?post=13879"},{"taxonomy":"berocket_brand","embeddable":true,"href":"https:\/\/www.facecorner.lv\/lv\/wp-json\/wp\/v2\/berocket_brand?post=13879"}],"curies":[{"name":"wp","href":"https:\/\/api.w.org\/{rel}","templated":true}]}}