{"id":13870,"date":"2024-01-14T14:44:44","date_gmt":"2024-01-14T12:44:44","guid":{"rendered":"https:\/\/www.facecorner.lv\/?post_type=product&#038;p=13870"},"modified":"2025-10-16T14:54:26","modified_gmt":"2025-10-16T11:54:26","slug":"medi-peel-peptide-tox-5-peptide-bor-multi-care-kit","status":"publish","type":"product","link":"https:\/\/www.facecorner.lv\/lv\/shop\/medi-peel-peptide-tox-5-peptide-bor-multi-care-kit\/","title":{"rendered":"Medi-Peel Peptide-Tox 5 Peptide Bor Multi Care Kit"},"content":{"rendered":"<p>Liftinga komplekts ar Botox efektu Medi-Peel Peptide-Tox 5 Peptide Bor Multi Care Kit efekt\u012bvi c\u012bn\u0101s ar grumb\u0101m, savelk tekst\u016bru un padara \u0101du tvirt\u0101ku un elast\u012bg\u0101ku. Produkti pies\u0101tina \u0101du ar mitrumu un bar\u012bbas viel\u0101m, uzs\u0101kot atjauno\u0161anas un dziedin\u0101\u0161anas procesus.<\/p>\n<p>Komplekts ir piln\u012bga kop\u0161ana nobriedu\u0161ai \u0101dai. Produktu iedarb\u012bba ir sal\u012bdzin\u0101ma ar Botox funkcionalit\u0101ti: tiem ir musku\u013cu relaks\u0113jo\u0161a iedarb\u012bba un tie no\u0146em spriedzi no m\u012bmikas musku\u013ciem, samazinot eso\u0161o grumbu par\u0101d\u012b\u0161anos un nov\u0113r\u0161ot jaunu ra\u0161anos. Produkts padara sejas ov\u0101lu izteikt\u0101ku un skaidr\u0101ku, nov\u0113r\u0161 \u0101das nokar\u0101\u0161anos un nokar\u0101\u0161anos, uzlabo mikrocirkul\u0101ciju un vielmai\u0146u.<\/p>\n<ul>\n<li>Toniks efekt\u012bvi aizpilda mitruma tr\u016bkumu p\u0113c mazg\u0101\u0161anas, atjauno un uztur optim\u0101lu \u016bdens-lip\u012bdu l\u012bdzsvaru, k\u0101 ar\u012b uzlabo \u0161\u016bnu sp\u0113ju notur\u0113t mitrumu. Toniks sagatavo \u0101du turpm\u0101kai kop\u0161anai, palielinot turpm\u0101ko kop\u0161anas l\u012bdzek\u013cu efektivit\u0101ti.<\/li>\n<li>Emulsija dzi\u013ci baro un mitrina, stimul\u0113 kolag\u0113na un elast\u012bna sint\u0113zi, stiprina epidermas \u0161\u016bnas. Nov\u0113r\u0161 dehidrat\u0101ciju, mazina sasprindzin\u0101jumu un sausumu.<\/li>\n<li>Serumam ir sp\u0113c\u012bgs liftinga efekts, m\u0113r\u0137\u0113jot uz problem\u0101tiskaj\u0101m zon\u0101m, efekt\u012bvi izl\u012bdzinot v\u0101rnu p\u0113das, marionetes l\u012bnijas un nasolabi\u0101l\u0101s krokas.<\/li>\n<li>Kr\u0113ms aktiviz\u0113 kolag\u0113na un elast\u012bna ra\u017eo\u0161anu, pa\u0101trina \u0161\u016bnu dal\u012b\u0161anos, palielinot \u0101das bl\u012bvumu un elast\u012bbu. Stiprina un dzied\u0113 epidermas \u0161\u0137iedras un nov\u0113r\u0161 to izn\u012bcin\u0101\u0161anu.<\/li>\n<\/ul>\n<p><strong>Lieto\u0161anas nor\u0101d\u012bjumi<\/strong>: Uzkl\u0101jiet nelielu daudzumu tonera uz att\u012br\u012btas \u0101das un uzman\u012bgi uzkl\u0101jiet uz sejas. P\u0113c tam izmantojiet serumu, pagaidiet, l\u012bdz tas ies\u016bcas, un tad uzkl\u0101jiet emulsiju. Atkar\u012bb\u0101 no j\u016bsu \u0101das vajadz\u012bb\u0101m varat izmantot kr\u0113mu k\u0101 p\u0113d\u0113jo kop\u0161anas posmu vai k\u0101 nakts kr\u0113mu.<\/p>\n<p><strong>Komplekt\u0101 ietilpst 4 produkti:<\/strong><\/p>\n<ul>\n<li>toneris &#8211; 30 ml<\/li>\n<li>emulsija &#8211; 30 ml<\/li>\n<li>serums &#8211; 30 ml<\/li>\n<li>kr\u0113ms &#8211; 50 ml<\/li>\n<\/ul>\n<p>&nbsp;<\/p>\n","protected":false},"excerpt":{"rendered":"<p>Liftinga komplekts ar Botox efektu Medi-Peel Peptide-Tox 5 Peptide Bor Multi Care Kit efekt\u012bvi c\u012bn\u0101s ar grumb\u0101m, savelk tekst\u016bru un padara \u0101du tvirt\u0101ku un elast\u012bg\u0101ku. Produkti pies\u0101tina \u0101du ar mitrumu un bar\u012bbas viel\u0101m, uzs\u0101kot atjauno\u0161anas un dziedin\u0101\u0161anas procesus. Komplekts ir piln\u012bga kop\u0161ana nobriedu\u0161ai \u0101dai. Produktu iedarb\u012bba ir sal\u012bdzin\u0101ma ar Botox funkcionalit\u0101ti: tiem ir musku\u013cu relaks\u0113jo\u0161a [&hellip;]<\/p>\n","protected":false},"featured_media":13871,"comment_status":"open","ping_status":"closed","template":"","meta":{"site-sidebar-layout":"default","site-content-layout":"","ast-site-content-layout":"","site-content-style":"default","site-sidebar-style":"default","ast-global-header-display":"","ast-banner-title-visibility":"","ast-main-header-display":"","ast-hfb-above-header-display":"","ast-hfb-below-header-display":"","ast-hfb-mobile-header-display":"","site-post-title":"","ast-breadcrumbs-content":"","ast-featured-img":"","footer-sml-layout":"","theme-transparent-header-meta":"","adv-header-id-meta":"","stick-header-meta":"","header-above-stick-meta":"","header-main-stick-meta":"","header-below-stick-meta":"","astra-migrate-meta-layouts":"default","ast-page-background-enabled":"default","ast-page-background-meta":{"desktop":{"background-color":"var(--ast-global-color-4)","background-image":"","background-repeat":"repeat","background-position":"center center","background-size":"auto","background-attachment":"scroll","background-type":"","background-media":"","overlay-type":"","overlay-color":"","overlay-opacity":"","overlay-gradient":""},"tablet":{"background-color":"","background-image":"","background-repeat":"repeat","background-position":"center center","background-size":"auto","background-attachment":"scroll","background-type":"","background-media":"","overlay-type":"","overlay-color":"","overlay-opacity":"","overlay-gradient":""},"mobile":{"background-color":"","background-image":"","background-repeat":"repeat","background-position":"center center","background-size":"auto","background-attachment":"scroll","background-type":"","background-media":"","overlay-type":"","overlay-color":"","overlay-opacity":"","overlay-gradient":""}},"ast-content-background-meta":{"desktop":{"background-color":"var(--ast-global-color-5)","background-image":"","background-repeat":"repeat","background-position":"center center","background-size":"auto","background-attachment":"scroll","background-type":"","background-media":"","overlay-type":"","overlay-color":"","overlay-opacity":"","overlay-gradient":""},"tablet":{"background-color":"var(--ast-global-color-5)","background-image":"","background-repeat":"repeat","background-position":"center center","background-size":"auto","background-attachment":"scroll","background-type":"","background-media":"","overlay-type":"","overlay-color":"","overlay-opacity":"","overlay-gradient":""},"mobile":{"background-color":"var(--ast-global-color-5)","background-image":"","background-repeat":"repeat","background-position":"center center","background-size":"auto","background-attachment":"scroll","background-type":"","background-media":"","overlay-type":"","overlay-color":"","overlay-opacity":"","overlay-gradient":""}}},"product_brand":[],"product_cat":[511,318,307,362,363,364],"product_tag":[],"berocket_brand":[583],"class_list":{"0":"post-13870","1":"product","2":"type-product","3":"status-publish","4":"has-post-thumbnail","6":"product_cat-atlaides","7":"product_cat-komplekti-sejai","8":"product_cat-sejai","9":"product_cat-sejas-krems","10":"product_cat-serumi","11":"product_cat-toneri","12":"berocket_brand-medi-peel","13":"desktop-align-left","14":"tablet-align-left","15":"mobile-align-left","17":"first","18":"outofstock","19":"sale","20":"taxable","21":"shipping-taxable","22":"purchasable","23":"product-type-simple","24":"add-to-wishlist-before_image"},"yoast_head":"<!-- This site is optimized with the Yoast SEO plugin v27.4 - https:\/\/yoast.com\/product\/yoast-seo-wordpress\/ -->\n<title>Medi-Peel Peptide-Tox 5 Peptide Bor Multi Care Kit - FACECORNER<\/title>\n<meta name=\"robots\" content=\"index, follow, max-snippet:-1, max-image-preview:large, max-video-preview:-1\" \/>\n<link rel=\"canonical\" href=\"https:\/\/www.facecorner.lv\/lv\/shop\/medi-peel-peptide-tox-5-peptide-bor-multi-care-kit\/\" \/>\n<meta property=\"og:locale\" content=\"lv_LV\" \/>\n<meta property=\"og:type\" content=\"article\" \/>\n<meta property=\"og:title\" content=\"Medi-Peel Peptide-Tox 5 Peptide Bor Multi Care Kit - FACECORNER\" \/>\n<meta property=\"og:description\" content=\"Liftinga komplekts ar Botox efektu Medi-Peel Peptide-Tox 5 Peptide Bor Multi Care Kit efekt\u012bvi c\u012bn\u0101s ar grumb\u0101m, savelk tekst\u016bru un padara \u0101du tvirt\u0101ku un elast\u012bg\u0101ku. Produkti pies\u0101tina \u0101du ar mitrumu un bar\u012bbas viel\u0101m, uzs\u0101kot atjauno\u0161anas un dziedin\u0101\u0161anas procesus. Komplekts ir piln\u012bga kop\u0161ana nobriedu\u0161ai \u0101dai. Produktu iedarb\u012bba ir sal\u012bdzin\u0101ma ar Botox funkcionalit\u0101ti: tiem ir musku\u013cu relaks\u0113jo\u0161a [&hellip;]\" \/>\n<meta property=\"og:url\" content=\"https:\/\/www.facecorner.lv\/lv\/shop\/medi-peel-peptide-tox-5-peptide-bor-multi-care-kit\/\" \/>\n<meta property=\"og:site_name\" content=\"FACECORNER\" \/>\n<meta property=\"article:publisher\" content=\"https:\/\/www.facebook.com\/profile.php?id=100063824551839\" \/>\n<meta property=\"article:modified_time\" content=\"2025-10-16T11:54:26+00:00\" \/>\n<meta property=\"og:image\" content=\"https:\/\/www.facecorner.lv\/wp-content\/uploads\/2024\/01\/Medi-Peel-Bor-Tox-5-Peptide-Multi-Care-Kit.png\" \/>\n\t<meta property=\"og:image:width\" content=\"810\" \/>\n\t<meta property=\"og:image:height\" content=\"810\" \/>\n\t<meta property=\"og:image:type\" content=\"image\/png\" \/>\n<meta name=\"twitter:card\" content=\"summary_large_image\" \/>\n<meta name=\"twitter:label1\" content=\"Price\" \/>\n\t<meta name=\"twitter:data1\" content=\"&euro;52.00\" \/>\n\t<meta name=\"twitter:label2\" content=\"Availability\" \/>\n\t<meta name=\"twitter:data2\" content=\"Out of stock\" \/>\n<script type=\"application\/ld+json\" class=\"yoast-schema-graph\">{\"@context\":\"https:\\\/\\\/schema.org\",\"@graph\":[{\"@type\":\"WebPage\",\"@id\":\"https:\\\/\\\/www.facecorner.lv\\\/shop\\\/medi-peel-peptide-tox-5-peptide-bor-multi-care-kit\\\/\",\"url\":\"https:\\\/\\\/www.facecorner.lv\\\/shop\\\/medi-peel-peptide-tox-5-peptide-bor-multi-care-kit\\\/\",\"name\":\"Medi-Peel Peptide-Tox 5 Peptide Bor Multi Care Kit - FACECORNER\",\"isPartOf\":{\"@id\":\"https:\\\/\\\/www.facecorner.lv\\\/#website\"},\"primaryImageOfPage\":{\"@id\":\"https:\\\/\\\/www.facecorner.lv\\\/shop\\\/medi-peel-peptide-tox-5-peptide-bor-multi-care-kit\\\/#primaryimage\"},\"image\":{\"@id\":\"https:\\\/\\\/www.facecorner.lv\\\/shop\\\/medi-peel-peptide-tox-5-peptide-bor-multi-care-kit\\\/#primaryimage\"},\"thumbnailUrl\":\"https:\\\/\\\/www.facecorner.lv\\\/wp-content\\\/uploads\\\/2024\\\/01\\\/Medi-Peel-Bor-Tox-5-Peptide-Multi-Care-Kit.png\",\"datePublished\":\"2024-01-14T12:44:44+00:00\",\"dateModified\":\"2025-10-16T11:54:26+00:00\",\"breadcrumb\":{\"@id\":\"https:\\\/\\\/www.facecorner.lv\\\/shop\\\/medi-peel-peptide-tox-5-peptide-bor-multi-care-kit\\\/#breadcrumb\"},\"inLanguage\":\"lv-LV\",\"potentialAction\":[{\"@type\":\"ReadAction\",\"target\":[\"https:\\\/\\\/www.facecorner.lv\\\/shop\\\/medi-peel-peptide-tox-5-peptide-bor-multi-care-kit\\\/\"]}]},{\"@type\":\"ImageObject\",\"inLanguage\":\"lv-LV\",\"@id\":\"https:\\\/\\\/www.facecorner.lv\\\/shop\\\/medi-peel-peptide-tox-5-peptide-bor-multi-care-kit\\\/#primaryimage\",\"url\":\"https:\\\/\\\/www.facecorner.lv\\\/wp-content\\\/uploads\\\/2024\\\/01\\\/Medi-Peel-Bor-Tox-5-Peptide-Multi-Care-Kit.png\",\"contentUrl\":\"https:\\\/\\\/www.facecorner.lv\\\/wp-content\\\/uploads\\\/2024\\\/01\\\/Medi-Peel-Bor-Tox-5-Peptide-Multi-Care-Kit.png\",\"width\":810,\"height\":810},{\"@type\":\"BreadcrumbList\",\"@id\":\"https:\\\/\\\/www.facecorner.lv\\\/shop\\\/medi-peel-peptide-tox-5-peptide-bor-multi-care-kit\\\/#breadcrumb\",\"itemListElement\":[{\"@type\":\"ListItem\",\"position\":1,\"name\":\"Home\",\"item\":\"https:\\\/\\\/www.facecorner.lv\\\/\"},{\"@type\":\"ListItem\",\"position\":2,\"name\":\"Veikals\",\"item\":\"https:\\\/\\\/www.facecorner.lv\\\/shop\\\/\"},{\"@type\":\"ListItem\",\"position\":3,\"name\":\"Medi-Peel Peptide-Tox 5 Peptide Bor Multi Care Kit\"}]},{\"@type\":\"WebSite\",\"@id\":\"https:\\\/\\\/www.facecorner.lv\\\/#website\",\"url\":\"https:\\\/\\\/www.facecorner.lv\\\/\",\"name\":\"Facecorner\",\"description\":\"\",\"publisher\":{\"@id\":\"https:\\\/\\\/www.facecorner.lv\\\/#organization\"},\"potentialAction\":[{\"@type\":\"SearchAction\",\"target\":{\"@type\":\"EntryPoint\",\"urlTemplate\":\"https:\\\/\\\/www.facecorner.lv\\\/?s={search_term_string}\"},\"query-input\":{\"@type\":\"PropertyValueSpecification\",\"valueRequired\":true,\"valueName\":\"search_term_string\"}}],\"inLanguage\":\"lv-LV\"},{\"@type\":\"Organization\",\"@id\":\"https:\\\/\\\/www.facecorner.lv\\\/#organization\",\"name\":\"Facecorner\",\"url\":\"https:\\\/\\\/www.facecorner.lv\\\/\",\"logo\":{\"@type\":\"ImageObject\",\"inLanguage\":\"lv-LV\",\"@id\":\"https:\\\/\\\/www.facecorner.lv\\\/#\\\/schema\\\/logo\\\/image\\\/\",\"url\":\"https:\\\/\\\/www.facecorner.lv\\\/wp-content\\\/uploads\\\/2024\\\/04\\\/fc-logo.jpg\",\"contentUrl\":\"https:\\\/\\\/www.facecorner.lv\\\/wp-content\\\/uploads\\\/2024\\\/04\\\/fc-logo.jpg\",\"width\":174,\"height\":28,\"caption\":\"Facecorner\"},\"image\":{\"@id\":\"https:\\\/\\\/www.facecorner.lv\\\/#\\\/schema\\\/logo\\\/image\\\/\"},\"sameAs\":[\"https:\\\/\\\/www.facebook.com\\\/profile.php?id=100063824551839\",\"https:\\\/\\\/www.instagram.com\\\/facecorner_shop\\\/\"]}]}<\/script>\n<meta property=\"product:price:amount\" content=\"52.00\" \/>\n<meta property=\"product:price:currency\" content=\"EUR\" \/>\n<meta property=\"og:availability\" content=\"out of stock\" \/>\n<meta property=\"product:availability\" content=\"out of stock\" \/>\n<meta property=\"product:condition\" content=\"new\" \/>\n<!-- \/ Yoast SEO plugin. -->","yoast_head_json":{"title":"Medi-Peel Peptide-Tox 5 Peptide Bor Multi Care Kit - FACECORNER","robots":{"index":"index","follow":"follow","max-snippet":"max-snippet:-1","max-image-preview":"max-image-preview:large","max-video-preview":"max-video-preview:-1"},"canonical":"https:\/\/www.facecorner.lv\/lv\/shop\/medi-peel-peptide-tox-5-peptide-bor-multi-care-kit\/","og_locale":"lv_LV","og_type":"article","og_title":"Medi-Peel Peptide-Tox 5 Peptide Bor Multi Care Kit - FACECORNER","og_description":"Liftinga komplekts ar Botox efektu Medi-Peel Peptide-Tox 5 Peptide Bor Multi Care Kit efekt\u012bvi c\u012bn\u0101s ar grumb\u0101m, savelk tekst\u016bru un padara \u0101du tvirt\u0101ku un elast\u012bg\u0101ku. Produkti pies\u0101tina \u0101du ar mitrumu un bar\u012bbas viel\u0101m, uzs\u0101kot atjauno\u0161anas un dziedin\u0101\u0161anas procesus. Komplekts ir piln\u012bga kop\u0161ana nobriedu\u0161ai \u0101dai. Produktu iedarb\u012bba ir sal\u012bdzin\u0101ma ar Botox funkcionalit\u0101ti: tiem ir musku\u013cu relaks\u0113jo\u0161a [&hellip;]","og_url":"https:\/\/www.facecorner.lv\/lv\/shop\/medi-peel-peptide-tox-5-peptide-bor-multi-care-kit\/","og_site_name":"FACECORNER","article_publisher":"https:\/\/www.facebook.com\/profile.php?id=100063824551839","article_modified_time":"2025-10-16T11:54:26+00:00","og_image":[{"width":810,"height":810,"url":"https:\/\/www.facecorner.lv\/wp-content\/uploads\/2024\/01\/Medi-Peel-Bor-Tox-5-Peptide-Multi-Care-Kit.png","type":"image\/png"}],"twitter_card":"summary_large_image","twitter_misc":{"Price":"&euro;52.00","Availability":"Out of stock"},"schema":{"@context":"https:\/\/schema.org","@graph":[{"@type":"WebPage","@id":"https:\/\/www.facecorner.lv\/shop\/medi-peel-peptide-tox-5-peptide-bor-multi-care-kit\/","url":"https:\/\/www.facecorner.lv\/shop\/medi-peel-peptide-tox-5-peptide-bor-multi-care-kit\/","name":"Medi-Peel Peptide-Tox 5 Peptide Bor Multi Care Kit - FACECORNER","isPartOf":{"@id":"https:\/\/www.facecorner.lv\/#website"},"primaryImageOfPage":{"@id":"https:\/\/www.facecorner.lv\/shop\/medi-peel-peptide-tox-5-peptide-bor-multi-care-kit\/#primaryimage"},"image":{"@id":"https:\/\/www.facecorner.lv\/shop\/medi-peel-peptide-tox-5-peptide-bor-multi-care-kit\/#primaryimage"},"thumbnailUrl":"https:\/\/www.facecorner.lv\/wp-content\/uploads\/2024\/01\/Medi-Peel-Bor-Tox-5-Peptide-Multi-Care-Kit.png","datePublished":"2024-01-14T12:44:44+00:00","dateModified":"2025-10-16T11:54:26+00:00","breadcrumb":{"@id":"https:\/\/www.facecorner.lv\/shop\/medi-peel-peptide-tox-5-peptide-bor-multi-care-kit\/#breadcrumb"},"inLanguage":"lv-LV","potentialAction":[{"@type":"ReadAction","target":["https:\/\/www.facecorner.lv\/shop\/medi-peel-peptide-tox-5-peptide-bor-multi-care-kit\/"]}]},{"@type":"ImageObject","inLanguage":"lv-LV","@id":"https:\/\/www.facecorner.lv\/shop\/medi-peel-peptide-tox-5-peptide-bor-multi-care-kit\/#primaryimage","url":"https:\/\/www.facecorner.lv\/wp-content\/uploads\/2024\/01\/Medi-Peel-Bor-Tox-5-Peptide-Multi-Care-Kit.png","contentUrl":"https:\/\/www.facecorner.lv\/wp-content\/uploads\/2024\/01\/Medi-Peel-Bor-Tox-5-Peptide-Multi-Care-Kit.png","width":810,"height":810},{"@type":"BreadcrumbList","@id":"https:\/\/www.facecorner.lv\/shop\/medi-peel-peptide-tox-5-peptide-bor-multi-care-kit\/#breadcrumb","itemListElement":[{"@type":"ListItem","position":1,"name":"Home","item":"https:\/\/www.facecorner.lv\/"},{"@type":"ListItem","position":2,"name":"Veikals","item":"https:\/\/www.facecorner.lv\/shop\/"},{"@type":"ListItem","position":3,"name":"Medi-Peel Peptide-Tox 5 Peptide Bor Multi Care Kit"}]},{"@type":"WebSite","@id":"https:\/\/www.facecorner.lv\/#website","url":"https:\/\/www.facecorner.lv\/","name":"Facecorner","description":"","publisher":{"@id":"https:\/\/www.facecorner.lv\/#organization"},"potentialAction":[{"@type":"SearchAction","target":{"@type":"EntryPoint","urlTemplate":"https:\/\/www.facecorner.lv\/?s={search_term_string}"},"query-input":{"@type":"PropertyValueSpecification","valueRequired":true,"valueName":"search_term_string"}}],"inLanguage":"lv-LV"},{"@type":"Organization","@id":"https:\/\/www.facecorner.lv\/#organization","name":"Facecorner","url":"https:\/\/www.facecorner.lv\/","logo":{"@type":"ImageObject","inLanguage":"lv-LV","@id":"https:\/\/www.facecorner.lv\/#\/schema\/logo\/image\/","url":"https:\/\/www.facecorner.lv\/wp-content\/uploads\/2024\/04\/fc-logo.jpg","contentUrl":"https:\/\/www.facecorner.lv\/wp-content\/uploads\/2024\/04\/fc-logo.jpg","width":174,"height":28,"caption":"Facecorner"},"image":{"@id":"https:\/\/www.facecorner.lv\/#\/schema\/logo\/image\/"},"sameAs":["https:\/\/www.facebook.com\/profile.php?id=100063824551839","https:\/\/www.instagram.com\/facecorner_shop\/"]}]},"product_price_amount":"52.00","product_price_currency":"EUR","og_availability":"out of stock","product_availability":"out of stock","product_condition":"new"},"_links":{"self":[{"href":"https:\/\/www.facecorner.lv\/lv\/wp-json\/wp\/v2\/product\/13870","targetHints":{"allow":["GET"]}}],"collection":[{"href":"https:\/\/www.facecorner.lv\/lv\/wp-json\/wp\/v2\/product"}],"about":[{"href":"https:\/\/www.facecorner.lv\/lv\/wp-json\/wp\/v2\/types\/product"}],"replies":[{"embeddable":true,"href":"https:\/\/www.facecorner.lv\/lv\/wp-json\/wp\/v2\/comments?post=13870"}],"wp:featuredmedia":[{"embeddable":true,"href":"https:\/\/www.facecorner.lv\/lv\/wp-json\/wp\/v2\/media\/13871"}],"wp:attachment":[{"href":"https:\/\/www.facecorner.lv\/lv\/wp-json\/wp\/v2\/media?parent=13870"}],"wp:term":[{"taxonomy":"product_brand","embeddable":true,"href":"https:\/\/www.facecorner.lv\/lv\/wp-json\/wp\/v2\/product_brand?post=13870"},{"taxonomy":"product_cat","embeddable":true,"href":"https:\/\/www.facecorner.lv\/lv\/wp-json\/wp\/v2\/product_cat?post=13870"},{"taxonomy":"product_tag","embeddable":true,"href":"https:\/\/www.facecorner.lv\/lv\/wp-json\/wp\/v2\/product_tag?post=13870"},{"taxonomy":"berocket_brand","embeddable":true,"href":"https:\/\/www.facecorner.lv\/lv\/wp-json\/wp\/v2\/berocket_brand?post=13870"}],"curies":[{"name":"wp","href":"https:\/\/api.w.org\/{rel}","templated":true}]}}