{"id":13779,"date":"2024-01-08T20:46:47","date_gmt":"2024-01-08T18:46:47","guid":{"rendered":"https:\/\/www.facecorner.lv\/?post_type=product&#038;p=13779"},"modified":"2024-12-02T23:31:28","modified_gmt":"2024-12-02T20:31:28","slug":"some-by-mi-propolis-b5-glow-barrier-calming-starter-kit","status":"publish","type":"product","link":"https:\/\/www.facecorner.lv\/lv\/shop\/some-by-mi-propolis-b5-glow-barrier-calming-starter-kit\/","title":{"rendered":"Some By Mi Propolis B5 Glow Barrier Calming Starter Kit"},"content":{"rendered":"<p>Miniat\u016bras kosm\u0113tikas komplekts ar propolisu Some By Mi Propolis B5 Glow Barrier Calming Starter Kit ir lieliski izv\u0113l\u0113ta visaptvero\u0161a kop\u0161ana, kuras m\u0113r\u0137is ir da\u017e\u0101du probl\u0113mu risin\u0101\u0161ana. Sast\u0101v no 4 produktiem, kas efekt\u012bvi izgaismo, c\u012bn\u0101s ar vecuma izmai\u0146\u0101m, iekaisumiem un mitrina \u0101du.<\/p>\n<ul>\n<li>Some By Mi Propolis B5 Glow Barrier Calming Oil To Foam (30 ml) ietver uzreiz divus att\u012br\u012b\u0161anas posmus &#8211; hidrofilo e\u013c\u013cu un putu t\u012br\u012b\u0161anas l\u012bdzekli. Produkts ies\u016bcas dzi\u013ci por\u0101s un iz\u0161\u0137\u012bdina visa veida net\u012brumus, no\u0146em kosm\u0113tiku, lieko sebumu, saules aizsargkr\u0113mu un ton\u0101lo kr\u0113mu. Efekt\u012bvi, bet smalki att\u012bra epidermas virsmu, uzturot \u0101du barotu un mitrin\u0101tu ar\u012b p\u0113c mazg\u0101\u0161anas.<\/li>\n<li><span style=\"color: var(--g5-color-text-main); font-family: var(--g5-body-font); font-size: var(--g5-body-font-size); font-style: var(--g5-body-font-style); letter-spacing: var(--g5-body-letter-spacing); text-transform: var(--g5-body-text-transform);\">Barojo\u0161s toniks Some By Mi Propolis B5 Glow Barrier Calming Toner (30 ml) piem\u012bt sp\u0113c\u012bga pretiekaisuma un antibakteri\u0101la iedarb\u012bba, veicina mitruma aizturi. Padara \u0101du maigu un elast\u012bgu, piepilda to ar vesel\u012bgu mirdzumu un izl\u012bdzina toni. Pal\u012bdz stiprin\u0101t \u0101das aizsargbarjeru.<\/span><\/li>\n<li><span style=\"color: var(--g5-color-text-main); font-family: var(--g5-body-font); font-size: var(--g5-body-font-size); font-style: var(--g5-body-font-style); letter-spacing: var(--g5-body-letter-spacing); text-transform: var(--g5-body-text-transform);\">\u00a0Serums ar propolisu \u0101das mirdzumam Some By MiPropolis B5 Glow Barrier Calming Serum (10 ml) piem\u012bt sp\u0113c\u012bga pretiekaisuma, antibakteri\u0101la un antioksidanta iedarb\u012bba. Ac\u012bmredzami izl\u012bdzina \u0101das toni un piepilda ar vesel\u012bgu, vienm\u0113r\u012bgu mirdzumu. Palielina \u0101das tvirtumu un elast\u012bbu, veicina mitruma saglab\u0101\u0161anu un baro. Serums stiprina aizsargbarjeru, neitraliz\u0113 br\u012bvo radik\u0101\u013cu, ultraviolet\u0101 starojuma un citu vides faktoru agres\u012bvo iedarb\u012bbu.<\/span><\/li>\n<li><span style=\"color: var(--g5-color-text-main); font-family: var(--g5-body-font); font-size: var(--g5-body-font-size); font-style: var(--g5-body-font-style); letter-spacing: var(--g5-body-letter-spacing); text-transform: var(--g5-body-text-transform);\">Nomierino\u0161s sejas kr\u0113ms Propolis B5 Glow Barrier Calming Cream (20 g) ir \u0101rstnieciska iedarb\u012bba, mazina aps\u0101rtumu un kairin\u0101jumu, stiprina aizsargbarjeru. Palielina viet\u0113jo \u0101das imunit\u0101ti, padarot to maz\u0101k jut\u012bgu. Kr\u0113ms uzlabo un izl\u012bdzina sejas toni, nov\u0113r\u0161 bl\u0101vumu un c\u012bn\u0101s ar noguruma paz\u012bm\u0113m. Padara \u0101du maig\u0101ku un samtainu, izl\u012bdzina \u0101das grumbas, uztur \u016bdens-lip\u012bdu l\u012bdzsvaru. Uzlabo vielmai\u0146u, uzs\u0101k re\u0123ener\u0101cijas procesus.<\/span><\/li>\n<\/ul>\n<p><strong>Lieto\u0161anas nor\u0101d\u012bjumi:<\/strong> Lietojiet \u0161\u0101d\u0101 sec\u012bb\u0101: E\u013c\u013cu putojo\u0161s t\u012br\u012b\u0161anas l\u012bdzeklis \u2192 Toneris \u2192 Serums \u2192 Kr\u0113ms. Uzkl\u0101jiet nepiecie\u0161amo t\u012br\u012b\u0161anas l\u012bdzek\u013ca daudzumu un maigi iemas\u0113jiet visu seju. P\u0113c tam noskalojiet ar siltu \u016bdeni. P\u0113c tam viegli piesitiet tonerim ar pirkstu galiem, l\u012bdz tas piln\u012bb\u0101 uzs\u016bcas. Uzkl\u0101jiet serumu un \u013caujiet 1-2 min\u016btes ies\u016bkties. P\u0113c tam uz sejas uzkl\u0101jiet nelielu kr\u0113ma daudzumu.<\/p>\n","protected":false},"excerpt":{"rendered":"<p>Miniat\u016bras kosm\u0113tikas komplekts ar propolisu Some By Mi Propolis B5 Glow Barrier Calming Starter Kit ir lieliski izv\u0113l\u0113ta visaptvero\u0161a kop\u0161ana, kuras m\u0113r\u0137is ir da\u017e\u0101du probl\u0113mu risin\u0101\u0161ana. Sast\u0101v no 4 produktiem, kas efekt\u012bvi izgaismo, c\u012bn\u0101s ar vecuma izmai\u0146\u0101m, iekaisumiem un mitrina \u0101du. Some By Mi Propolis B5 Glow Barrier Calming Oil To Foam (30 ml) ietver [&hellip;]<\/p>\n","protected":false},"featured_media":13780,"comment_status":"open","ping_status":"closed","template":"","meta":{"site-sidebar-layout":"default","site-content-layout":"","ast-site-content-layout":"","site-content-style":"default","site-sidebar-style":"default","ast-global-header-display":"","ast-banner-title-visibility":"","ast-main-header-display":"","ast-hfb-above-header-display":"","ast-hfb-below-header-display":"","ast-hfb-mobile-header-display":"","site-post-title":"","ast-breadcrumbs-content":"","ast-featured-img":"","footer-sml-layout":"","theme-transparent-header-meta":"","adv-header-id-meta":"","stick-header-meta":"","header-above-stick-meta":"","header-main-stick-meta":"","header-below-stick-meta":"","astra-migrate-meta-layouts":"default","ast-page-background-enabled":"default","ast-page-background-meta":{"desktop":{"background-color":"var(--ast-global-color-4)","background-image":"","background-repeat":"repeat","background-position":"center center","background-size":"auto","background-attachment":"scroll","background-type":"","background-media":"","overlay-type":"","overlay-color":"","overlay-opacity":"","overlay-gradient":""},"tablet":{"background-color":"","background-image":"","background-repeat":"repeat","background-position":"center center","background-size":"auto","background-attachment":"scroll","background-type":"","background-media":"","overlay-type":"","overlay-color":"","overlay-opacity":"","overlay-gradient":""},"mobile":{"background-color":"","background-image":"","background-repeat":"repeat","background-position":"center center","background-size":"auto","background-attachment":"scroll","background-type":"","background-media":"","overlay-type":"","overlay-color":"","overlay-opacity":"","overlay-gradient":""}},"ast-content-background-meta":{"desktop":{"background-color":"var(--ast-global-color-5)","background-image":"","background-repeat":"repeat","background-position":"center center","background-size":"auto","background-attachment":"scroll","background-type":"","background-media":"","overlay-type":"","overlay-color":"","overlay-opacity":"","overlay-gradient":""},"tablet":{"background-color":"var(--ast-global-color-5)","background-image":"","background-repeat":"repeat","background-position":"center center","background-size":"auto","background-attachment":"scroll","background-type":"","background-media":"","overlay-type":"","overlay-color":"","overlay-opacity":"","overlay-gradient":""},"mobile":{"background-color":"var(--ast-global-color-5)","background-image":"","background-repeat":"repeat","background-position":"center center","background-size":"auto","background-attachment":"scroll","background-type":"","background-media":"","overlay-type":"","overlay-color":"","overlay-opacity":"","overlay-gradient":""}}},"product_brand":[],"product_cat":[310,318,362,364],"product_tag":[],"berocket_brand":[581],"class_list":{"0":"post-13779","1":"product","2":"type-product","3":"status-publish","4":"has-post-thumbnail","6":"product_cat-attirisana","7":"product_cat-komplekti-sejai","8":"product_cat-sejas-krems","9":"product_cat-toneri","10":"berocket_brand-some-by-mi","11":"desktop-align-left","12":"tablet-align-left","13":"mobile-align-left","15":"first","16":"outofstock","17":"taxable","18":"shipping-taxable","19":"purchasable","20":"product-type-simple","21":"add-to-wishlist-before_image"},"yoast_head":"<!-- This site is optimized with the Yoast SEO plugin v27.4 - https:\/\/yoast.com\/product\/yoast-seo-wordpress\/ -->\n<title>Some By Mi Propolis B5 Glow Barrier Calming Starter Kit - FACECORNER<\/title>\n<meta name=\"robots\" content=\"index, follow, max-snippet:-1, max-image-preview:large, max-video-preview:-1\" \/>\n<link rel=\"canonical\" href=\"https:\/\/www.facecorner.lv\/lv\/shop\/some-by-mi-propolis-b5-glow-barrier-calming-starter-kit\/\" \/>\n<meta property=\"og:locale\" content=\"lv_LV\" \/>\n<meta property=\"og:type\" content=\"article\" \/>\n<meta property=\"og:title\" content=\"Some By Mi Propolis B5 Glow Barrier Calming Starter Kit - FACECORNER\" \/>\n<meta property=\"og:description\" content=\"Miniat\u016bras kosm\u0113tikas komplekts ar propolisu Some By Mi Propolis B5 Glow Barrier Calming Starter Kit ir lieliski izv\u0113l\u0113ta visaptvero\u0161a kop\u0161ana, kuras m\u0113r\u0137is ir da\u017e\u0101du probl\u0113mu risin\u0101\u0161ana. Sast\u0101v no 4 produktiem, kas efekt\u012bvi izgaismo, c\u012bn\u0101s ar vecuma izmai\u0146\u0101m, iekaisumiem un mitrina \u0101du. Some By Mi Propolis B5 Glow Barrier Calming Oil To Foam (30 ml) ietver [&hellip;]\" \/>\n<meta property=\"og:url\" content=\"https:\/\/www.facecorner.lv\/lv\/shop\/some-by-mi-propolis-b5-glow-barrier-calming-starter-kit\/\" \/>\n<meta property=\"og:site_name\" content=\"FACECORNER\" \/>\n<meta property=\"article:publisher\" content=\"https:\/\/www.facebook.com\/profile.php?id=100063824551839\" \/>\n<meta property=\"article:modified_time\" content=\"2024-12-02T20:31:28+00:00\" \/>\n<meta property=\"og:image\" content=\"https:\/\/www.facecorner.lv\/wp-content\/uploads\/2024\/01\/some-by-mi-propolis-b5-glow-barrier-calming-starter-kit.png\" \/>\n\t<meta property=\"og:image:width\" content=\"1601\" \/>\n\t<meta property=\"og:image:height\" content=\"1601\" \/>\n\t<meta property=\"og:image:type\" content=\"image\/png\" \/>\n<meta name=\"twitter:card\" content=\"summary_large_image\" \/>\n<meta name=\"twitter:label1\" content=\"Price\" \/>\n\t<meta name=\"twitter:data1\" content=\"&euro;22.50\" \/>\n\t<meta name=\"twitter:label2\" content=\"Availability\" \/>\n\t<meta name=\"twitter:data2\" content=\"Out of stock\" \/>\n<script type=\"application\/ld+json\" class=\"yoast-schema-graph\">{\"@context\":\"https:\\\/\\\/schema.org\",\"@graph\":[{\"@type\":\"WebPage\",\"@id\":\"https:\\\/\\\/www.facecorner.lv\\\/shop\\\/some-by-mi-propolis-b5-glow-barrier-calming-starter-kit\\\/\",\"url\":\"https:\\\/\\\/www.facecorner.lv\\\/shop\\\/some-by-mi-propolis-b5-glow-barrier-calming-starter-kit\\\/\",\"name\":\"Some By Mi Propolis B5 Glow Barrier Calming Starter Kit - FACECORNER\",\"isPartOf\":{\"@id\":\"https:\\\/\\\/www.facecorner.lv\\\/#website\"},\"primaryImageOfPage\":{\"@id\":\"https:\\\/\\\/www.facecorner.lv\\\/shop\\\/some-by-mi-propolis-b5-glow-barrier-calming-starter-kit\\\/#primaryimage\"},\"image\":{\"@id\":\"https:\\\/\\\/www.facecorner.lv\\\/shop\\\/some-by-mi-propolis-b5-glow-barrier-calming-starter-kit\\\/#primaryimage\"},\"thumbnailUrl\":\"https:\\\/\\\/www.facecorner.lv\\\/wp-content\\\/uploads\\\/2024\\\/01\\\/some-by-mi-propolis-b5-glow-barrier-calming-starter-kit.png\",\"datePublished\":\"2024-01-08T18:46:47+00:00\",\"dateModified\":\"2024-12-02T20:31:28+00:00\",\"breadcrumb\":{\"@id\":\"https:\\\/\\\/www.facecorner.lv\\\/shop\\\/some-by-mi-propolis-b5-glow-barrier-calming-starter-kit\\\/#breadcrumb\"},\"inLanguage\":\"lv-LV\",\"potentialAction\":[{\"@type\":\"ReadAction\",\"target\":[\"https:\\\/\\\/www.facecorner.lv\\\/shop\\\/some-by-mi-propolis-b5-glow-barrier-calming-starter-kit\\\/\"]}]},{\"@type\":\"ImageObject\",\"inLanguage\":\"lv-LV\",\"@id\":\"https:\\\/\\\/www.facecorner.lv\\\/shop\\\/some-by-mi-propolis-b5-glow-barrier-calming-starter-kit\\\/#primaryimage\",\"url\":\"https:\\\/\\\/www.facecorner.lv\\\/wp-content\\\/uploads\\\/2024\\\/01\\\/some-by-mi-propolis-b5-glow-barrier-calming-starter-kit.png\",\"contentUrl\":\"https:\\\/\\\/www.facecorner.lv\\\/wp-content\\\/uploads\\\/2024\\\/01\\\/some-by-mi-propolis-b5-glow-barrier-calming-starter-kit.png\",\"width\":1601,\"height\":1601},{\"@type\":\"BreadcrumbList\",\"@id\":\"https:\\\/\\\/www.facecorner.lv\\\/shop\\\/some-by-mi-propolis-b5-glow-barrier-calming-starter-kit\\\/#breadcrumb\",\"itemListElement\":[{\"@type\":\"ListItem\",\"position\":1,\"name\":\"Home\",\"item\":\"https:\\\/\\\/www.facecorner.lv\\\/\"},{\"@type\":\"ListItem\",\"position\":2,\"name\":\"Veikals\",\"item\":\"https:\\\/\\\/www.facecorner.lv\\\/shop\\\/\"},{\"@type\":\"ListItem\",\"position\":3,\"name\":\"Some By Mi Propolis B5 Glow Barrier Calming Starter Kit\"}]},{\"@type\":\"WebSite\",\"@id\":\"https:\\\/\\\/www.facecorner.lv\\\/#website\",\"url\":\"https:\\\/\\\/www.facecorner.lv\\\/\",\"name\":\"Facecorner\",\"description\":\"\",\"publisher\":{\"@id\":\"https:\\\/\\\/www.facecorner.lv\\\/#organization\"},\"potentialAction\":[{\"@type\":\"SearchAction\",\"target\":{\"@type\":\"EntryPoint\",\"urlTemplate\":\"https:\\\/\\\/www.facecorner.lv\\\/?s={search_term_string}\"},\"query-input\":{\"@type\":\"PropertyValueSpecification\",\"valueRequired\":true,\"valueName\":\"search_term_string\"}}],\"inLanguage\":\"lv-LV\"},{\"@type\":\"Organization\",\"@id\":\"https:\\\/\\\/www.facecorner.lv\\\/#organization\",\"name\":\"Facecorner\",\"url\":\"https:\\\/\\\/www.facecorner.lv\\\/\",\"logo\":{\"@type\":\"ImageObject\",\"inLanguage\":\"lv-LV\",\"@id\":\"https:\\\/\\\/www.facecorner.lv\\\/#\\\/schema\\\/logo\\\/image\\\/\",\"url\":\"https:\\\/\\\/www.facecorner.lv\\\/wp-content\\\/uploads\\\/2024\\\/04\\\/fc-logo.jpg\",\"contentUrl\":\"https:\\\/\\\/www.facecorner.lv\\\/wp-content\\\/uploads\\\/2024\\\/04\\\/fc-logo.jpg\",\"width\":174,\"height\":28,\"caption\":\"Facecorner\"},\"image\":{\"@id\":\"https:\\\/\\\/www.facecorner.lv\\\/#\\\/schema\\\/logo\\\/image\\\/\"},\"sameAs\":[\"https:\\\/\\\/www.facebook.com\\\/profile.php?id=100063824551839\",\"https:\\\/\\\/www.instagram.com\\\/facecorner_shop\\\/\"]}]}<\/script>\n<meta property=\"product:price:amount\" content=\"22.50\" \/>\n<meta property=\"product:price:currency\" content=\"EUR\" \/>\n<meta property=\"og:availability\" content=\"out of stock\" \/>\n<meta property=\"product:availability\" content=\"out of stock\" \/>\n<meta property=\"product:condition\" content=\"new\" \/>\n<!-- \/ Yoast SEO plugin. -->","yoast_head_json":{"title":"Some By Mi Propolis B5 Glow Barrier Calming Starter Kit - FACECORNER","robots":{"index":"index","follow":"follow","max-snippet":"max-snippet:-1","max-image-preview":"max-image-preview:large","max-video-preview":"max-video-preview:-1"},"canonical":"https:\/\/www.facecorner.lv\/lv\/shop\/some-by-mi-propolis-b5-glow-barrier-calming-starter-kit\/","og_locale":"lv_LV","og_type":"article","og_title":"Some By Mi Propolis B5 Glow Barrier Calming Starter Kit - FACECORNER","og_description":"Miniat\u016bras kosm\u0113tikas komplekts ar propolisu Some By Mi Propolis B5 Glow Barrier Calming Starter Kit ir lieliski izv\u0113l\u0113ta visaptvero\u0161a kop\u0161ana, kuras m\u0113r\u0137is ir da\u017e\u0101du probl\u0113mu risin\u0101\u0161ana. Sast\u0101v no 4 produktiem, kas efekt\u012bvi izgaismo, c\u012bn\u0101s ar vecuma izmai\u0146\u0101m, iekaisumiem un mitrina \u0101du. Some By Mi Propolis B5 Glow Barrier Calming Oil To Foam (30 ml) ietver [&hellip;]","og_url":"https:\/\/www.facecorner.lv\/lv\/shop\/some-by-mi-propolis-b5-glow-barrier-calming-starter-kit\/","og_site_name":"FACECORNER","article_publisher":"https:\/\/www.facebook.com\/profile.php?id=100063824551839","article_modified_time":"2024-12-02T20:31:28+00:00","og_image":[{"width":1601,"height":1601,"url":"https:\/\/www.facecorner.lv\/wp-content\/uploads\/2024\/01\/some-by-mi-propolis-b5-glow-barrier-calming-starter-kit.png","type":"image\/png"}],"twitter_card":"summary_large_image","twitter_misc":{"Price":"&euro;22.50","Availability":"Out of stock"},"schema":{"@context":"https:\/\/schema.org","@graph":[{"@type":"WebPage","@id":"https:\/\/www.facecorner.lv\/shop\/some-by-mi-propolis-b5-glow-barrier-calming-starter-kit\/","url":"https:\/\/www.facecorner.lv\/shop\/some-by-mi-propolis-b5-glow-barrier-calming-starter-kit\/","name":"Some By Mi Propolis B5 Glow Barrier Calming Starter Kit - FACECORNER","isPartOf":{"@id":"https:\/\/www.facecorner.lv\/#website"},"primaryImageOfPage":{"@id":"https:\/\/www.facecorner.lv\/shop\/some-by-mi-propolis-b5-glow-barrier-calming-starter-kit\/#primaryimage"},"image":{"@id":"https:\/\/www.facecorner.lv\/shop\/some-by-mi-propolis-b5-glow-barrier-calming-starter-kit\/#primaryimage"},"thumbnailUrl":"https:\/\/www.facecorner.lv\/wp-content\/uploads\/2024\/01\/some-by-mi-propolis-b5-glow-barrier-calming-starter-kit.png","datePublished":"2024-01-08T18:46:47+00:00","dateModified":"2024-12-02T20:31:28+00:00","breadcrumb":{"@id":"https:\/\/www.facecorner.lv\/shop\/some-by-mi-propolis-b5-glow-barrier-calming-starter-kit\/#breadcrumb"},"inLanguage":"lv-LV","potentialAction":[{"@type":"ReadAction","target":["https:\/\/www.facecorner.lv\/shop\/some-by-mi-propolis-b5-glow-barrier-calming-starter-kit\/"]}]},{"@type":"ImageObject","inLanguage":"lv-LV","@id":"https:\/\/www.facecorner.lv\/shop\/some-by-mi-propolis-b5-glow-barrier-calming-starter-kit\/#primaryimage","url":"https:\/\/www.facecorner.lv\/wp-content\/uploads\/2024\/01\/some-by-mi-propolis-b5-glow-barrier-calming-starter-kit.png","contentUrl":"https:\/\/www.facecorner.lv\/wp-content\/uploads\/2024\/01\/some-by-mi-propolis-b5-glow-barrier-calming-starter-kit.png","width":1601,"height":1601},{"@type":"BreadcrumbList","@id":"https:\/\/www.facecorner.lv\/shop\/some-by-mi-propolis-b5-glow-barrier-calming-starter-kit\/#breadcrumb","itemListElement":[{"@type":"ListItem","position":1,"name":"Home","item":"https:\/\/www.facecorner.lv\/"},{"@type":"ListItem","position":2,"name":"Veikals","item":"https:\/\/www.facecorner.lv\/shop\/"},{"@type":"ListItem","position":3,"name":"Some By Mi Propolis B5 Glow Barrier Calming Starter Kit"}]},{"@type":"WebSite","@id":"https:\/\/www.facecorner.lv\/#website","url":"https:\/\/www.facecorner.lv\/","name":"Facecorner","description":"","publisher":{"@id":"https:\/\/www.facecorner.lv\/#organization"},"potentialAction":[{"@type":"SearchAction","target":{"@type":"EntryPoint","urlTemplate":"https:\/\/www.facecorner.lv\/?s={search_term_string}"},"query-input":{"@type":"PropertyValueSpecification","valueRequired":true,"valueName":"search_term_string"}}],"inLanguage":"lv-LV"},{"@type":"Organization","@id":"https:\/\/www.facecorner.lv\/#organization","name":"Facecorner","url":"https:\/\/www.facecorner.lv\/","logo":{"@type":"ImageObject","inLanguage":"lv-LV","@id":"https:\/\/www.facecorner.lv\/#\/schema\/logo\/image\/","url":"https:\/\/www.facecorner.lv\/wp-content\/uploads\/2024\/04\/fc-logo.jpg","contentUrl":"https:\/\/www.facecorner.lv\/wp-content\/uploads\/2024\/04\/fc-logo.jpg","width":174,"height":28,"caption":"Facecorner"},"image":{"@id":"https:\/\/www.facecorner.lv\/#\/schema\/logo\/image\/"},"sameAs":["https:\/\/www.facebook.com\/profile.php?id=100063824551839","https:\/\/www.instagram.com\/facecorner_shop\/"]}]},"product_price_amount":"22.50","product_price_currency":"EUR","og_availability":"out of stock","product_availability":"out of stock","product_condition":"new"},"_links":{"self":[{"href":"https:\/\/www.facecorner.lv\/lv\/wp-json\/wp\/v2\/product\/13779","targetHints":{"allow":["GET"]}}],"collection":[{"href":"https:\/\/www.facecorner.lv\/lv\/wp-json\/wp\/v2\/product"}],"about":[{"href":"https:\/\/www.facecorner.lv\/lv\/wp-json\/wp\/v2\/types\/product"}],"replies":[{"embeddable":true,"href":"https:\/\/www.facecorner.lv\/lv\/wp-json\/wp\/v2\/comments?post=13779"}],"wp:featuredmedia":[{"embeddable":true,"href":"https:\/\/www.facecorner.lv\/lv\/wp-json\/wp\/v2\/media\/13780"}],"wp:attachment":[{"href":"https:\/\/www.facecorner.lv\/lv\/wp-json\/wp\/v2\/media?parent=13779"}],"wp:term":[{"taxonomy":"product_brand","embeddable":true,"href":"https:\/\/www.facecorner.lv\/lv\/wp-json\/wp\/v2\/product_brand?post=13779"},{"taxonomy":"product_cat","embeddable":true,"href":"https:\/\/www.facecorner.lv\/lv\/wp-json\/wp\/v2\/product_cat?post=13779"},{"taxonomy":"product_tag","embeddable":true,"href":"https:\/\/www.facecorner.lv\/lv\/wp-json\/wp\/v2\/product_tag?post=13779"},{"taxonomy":"berocket_brand","embeddable":true,"href":"https:\/\/www.facecorner.lv\/lv\/wp-json\/wp\/v2\/berocket_brand?post=13779"}],"curies":[{"name":"wp","href":"https:\/\/api.w.org\/{rel}","templated":true}]}}