{"id":13726,"date":"2024-01-03T21:43:53","date_gmt":"2024-01-03T19:43:53","guid":{"rendered":"https:\/\/www.facecorner.lv\/?post_type=product&#038;p=13726"},"modified":"2026-05-09T09:28:40","modified_gmt":"2026-05-09T06:28:40","slug":"anua-heartleaf-quercetinol-pore-deep-cleansing-foam-150ml","status":"publish","type":"product","link":"https:\/\/www.facecorner.lv\/lv\/shop\/anua-heartleaf-quercetinol-pore-deep-cleansing-foam-150ml\/","title":{"rendered":"ANUA HEARTLEAF QUERCETINOL PORE DEEP CLEANSING FOAM 150ml"},"content":{"rendered":"<p>Anua Heartleaf Quercetinol Pore Deep Cleansing Foam ir ide\u0101li piem\u0113rots taukainai \u0101dai. Efekt\u012bvi no\u0146em visus net\u012brumus, uzs\u016bc lieko sebumu un tai piem\u012bt maiga p\u012blinga iedarb\u012bba. Pul\u0113 un izl\u012bdzina reljefu, m\u012bkstina raupju \u0101du un veicina iekaisuma dziedin\u0101\u0161anu. Normaliz\u0113 tauku dziedzeru darb\u012bbu un samazina taukainu \u0101du visas dienas garum\u0101.<\/p>\n<p>Produkta galven\u0101 v\u0113rt\u012bba ir kvercetinols \u2013 tam piem\u012bt sp\u0113c\u012bga pretiekaisuma un bakteric\u012bda iedarb\u012bba, kav\u0113 bakt\u0113riju aug\u0161anu un veicina vesel\u012bgas epidermas mikrofloras veido\u0161anos. Efekt\u012bvi izpau\u017eas aknes un citu iekaisuma procesu \u0101rst\u0113\u0161an\u0101, maigi nomierina. Samazina kairin\u0101juma un sasprindzin\u0101juma risku p\u0113c mazg\u0101\u0161anas.<\/p>\n<p>Produktam ir kr\u0113mveida konsistence ar sasmalcin\u0101tu hauttuynia lapu abraz\u012bv\u0101m da\u013ci\u0146\u0101m (3000 ppm), pateicoties \u0161im smalkajam skrubim, \u0101da k\u013c\u016bst maiga un gluda, un papla\u0161in\u0101t\u0101s poras sa\u0161aurin\u0101s. Piem\u012bt atsvaidzino\u0161s eikalipta arom\u0101ts.<\/p>\n<p><strong>Papildu akt\u012bv\u0101s sast\u0101vda\u013cas:<\/strong><\/p>\n<ul>\n<li>Anti-Sebum P ir augu komplekss, kas sast\u0101v no priedes, gobas, apses un pueraria ekstraktiem. Komplekss nom\u0101c p\u0101rm\u0113r\u012bgu tauku dziedzeru darb\u012bbu, normaliz\u0113 taukainu \u0101du un nov\u0113r\u0161 taukainu sp\u012bdumu.<\/li>\n<li>Houttuynia cordate ekstrakts normaliz\u0113 \u0101das st\u0101vokli, mazina kairin\u0101jumu un mazina iekaisumu. Stiprina im\u016bnsist\u0113mu, padara epidermas virsmu maz\u0101k jut\u012bgu un reakt\u012bvu.<\/li>\n<li>Salicilsk\u0101be att\u012bra poras: izgaismo melnos punktus un tauku pavedienus, nov\u0113r\u0161 poru aizs\u0113r\u0113\u0161anu, normaliz\u0113 sebuma sekr\u0113ciju un nov\u0113r\u0161 taukainu sp\u012bdumu.<\/li>\n<li>Eikalipta ekstraktam piem\u012bt bakteric\u012bda un pretiekaisuma iedarb\u012bba, tas nov\u0113r\u0161 pinnes, nomierina kairin\u0101jumu.<\/li>\n<li>8 veidu hialuronsk\u0101bes komplekss veido netveramu aizsargk\u0101rtu, kas nov\u0113r\u0161 mitruma iztvaiko\u0161anu un sniedz sejai komfortablu svaiguma un mitrin\u0101\u0161anas saj\u016btu.<\/li>\n<li>Naktssveces ekstraktam piem\u012bt pretiekaisuma iedarb\u012bba, mazina aps\u0101rtumu, padara \u0101du samtainu.<br \/>\nPiem\u0113rots kombin\u0113tai un taukainai \u0101dai.<\/li>\n<\/ul>\n<p><strong>Lieto\u0161anas nor\u0101d\u012bjumi:<\/strong> Uzkl\u0101jiet nepiecie\u0161amo daudzumu uz mitras \u0101das, viegli iemas\u0113jiet, \u012bpa\u0161u uzman\u012bbu piev\u0113r\u0161ot viet\u0101m ar papla\u0161in\u0101t\u0101m por\u0101m, un p\u0113c tam noskalojiet ar siltu \u016bdeni.<\/p>\n<p><strong>S\u0101stavs:\u00a0<\/strong>Houttuynia Cordata Extract, Glycerin, Sodium Cocoyl Glycinate, Water, Sodium Lauroyl Glutamate, Coco-Glucoside, Sodium Cocoamphoacetate, Sodium Chloride, 1,2-Hexanediol, Salicylic Acid, Butylene Glycol, Lecithin, Glyceryl Stearate SE, Hydroxypropyl Starch Phosphate, Potassium Benzoate, Polyquaternium-67, Houttuynia Cordata Powder, Quercetin, Oenothera Biennis (Evening Primrose) Flower Extract, Ulmus Davidiana Root Extract, Pinus Palustris Leaf Extract, Pueraria Lobata Root Extract, Capryloyl Salicylic Acid, Tocopherol, Sodium Hyaluronate, Hydroxypropyltrimonium Hyaluronate, Sodium Acetylated Hyaluronate, Hydrolyzed Sodium Hyaluronate, Potassium Hyaluronate, Dextrin, Gardenia Florida Fruit Extract, Fragrance, Ethylhexylglycerin, Disodium EDTA<\/p>\n","protected":false},"excerpt":{"rendered":"<p>Anua Heartleaf Quercetinol Pore Deep Cleansing Foam ir ide\u0101li piem\u0113rots taukainai \u0101dai. Efekt\u012bvi no\u0146em visus net\u012brumus, uzs\u016bc lieko sebumu un tai piem\u012bt maiga p\u012blinga iedarb\u012bba. Pul\u0113 un izl\u012bdzina reljefu, m\u012bkstina raupju \u0101du un veicina iekaisuma dziedin\u0101\u0161anu. Normaliz\u0113 tauku dziedzeru darb\u012bbu un samazina taukainu \u0101du visas dienas garum\u0101. Produkta galven\u0101 v\u0113rt\u012bba ir kvercetinols \u2013 tam piem\u012bt [&hellip;]<\/p>\n","protected":false},"featured_media":13728,"comment_status":"open","ping_status":"closed","template":"","meta":{"site-sidebar-layout":"default","site-content-layout":"","ast-site-content-layout":"","site-content-style":"default","site-sidebar-style":"default","ast-global-header-display":"","ast-banner-title-visibility":"","ast-main-header-display":"","ast-hfb-above-header-display":"","ast-hfb-below-header-display":"","ast-hfb-mobile-header-display":"","site-post-title":"","ast-breadcrumbs-content":"","ast-featured-img":"","footer-sml-layout":"","theme-transparent-header-meta":"","adv-header-id-meta":"","stick-header-meta":"","header-above-stick-meta":"","header-main-stick-meta":"","header-below-stick-meta":"","astra-migrate-meta-layouts":"default","ast-page-background-enabled":"default","ast-page-background-meta":{"desktop":{"background-color":"var(--ast-global-color-4)","background-image":"","background-repeat":"repeat","background-position":"center center","background-size":"auto","background-attachment":"scroll","background-type":"","background-media":"","overlay-type":"","overlay-color":"","overlay-opacity":"","overlay-gradient":""},"tablet":{"background-color":"","background-image":"","background-repeat":"repeat","background-position":"center center","background-size":"auto","background-attachment":"scroll","background-type":"","background-media":"","overlay-type":"","overlay-color":"","overlay-opacity":"","overlay-gradient":""},"mobile":{"background-color":"","background-image":"","background-repeat":"repeat","background-position":"center center","background-size":"auto","background-attachment":"scroll","background-type":"","background-media":"","overlay-type":"","overlay-color":"","overlay-opacity":"","overlay-gradient":""}},"ast-content-background-meta":{"desktop":{"background-color":"var(--ast-global-color-5)","background-image":"","background-repeat":"repeat","background-position":"center center","background-size":"auto","background-attachment":"scroll","background-type":"","background-media":"","overlay-type":"","overlay-color":"","overlay-opacity":"","overlay-gradient":""},"tablet":{"background-color":"var(--ast-global-color-5)","background-image":"","background-repeat":"repeat","background-position":"center center","background-size":"auto","background-attachment":"scroll","background-type":"","background-media":"","overlay-type":"","overlay-color":"","overlay-opacity":"","overlay-gradient":""},"mobile":{"background-color":"var(--ast-global-color-5)","background-image":"","background-repeat":"repeat","background-position":"center center","background-size":"auto","background-attachment":"scroll","background-type":"","background-media":"","overlay-type":"","overlay-color":"","overlay-opacity":"","overlay-gradient":""}}},"product_brand":[],"product_cat":[310,312,313,307],"product_tag":[],"berocket_brand":[575],"class_list":{"0":"post-13726","1":"product","2":"type-product","3":"status-publish","4":"has-post-thumbnail","6":"product_cat-attirisana","7":"product_cat-kombinetai-adai-attirisana","8":"product_cat-problematiskai-adai-attirisana","9":"product_cat-sejai","10":"berocket_brand-anua","11":"desktop-align-left","12":"tablet-align-left","13":"mobile-align-left","15":"first","16":"instock","17":"sale","18":"taxable","19":"shipping-taxable","20":"purchasable","21":"product-type-simple","22":"add-to-wishlist-before_image"},"yoast_head":"<!-- This site is optimized with the Yoast SEO plugin v27.4 - https:\/\/yoast.com\/product\/yoast-seo-wordpress\/ -->\n<title>ANUA HEARTLEAF QUERCETINOL PORE DEEP CLEANSING FOAM 150ml - FACECORNER<\/title>\n<meta name=\"robots\" content=\"index, follow, max-snippet:-1, max-image-preview:large, max-video-preview:-1\" \/>\n<link rel=\"canonical\" href=\"https:\/\/www.facecorner.lv\/lv\/shop\/anua-heartleaf-quercetinol-pore-deep-cleansing-foam-150ml\/\" \/>\n<meta property=\"og:locale\" content=\"lv_LV\" \/>\n<meta property=\"og:type\" content=\"article\" \/>\n<meta property=\"og:title\" content=\"ANUA HEARTLEAF QUERCETINOL PORE DEEP CLEANSING FOAM 150ml - FACECORNER\" \/>\n<meta property=\"og:description\" content=\"Anua Heartleaf Quercetinol Pore Deep Cleansing Foam ir ide\u0101li piem\u0113rots taukainai \u0101dai. Efekt\u012bvi no\u0146em visus net\u012brumus, uzs\u016bc lieko sebumu un tai piem\u012bt maiga p\u012blinga iedarb\u012bba. Pul\u0113 un izl\u012bdzina reljefu, m\u012bkstina raupju \u0101du un veicina iekaisuma dziedin\u0101\u0161anu. Normaliz\u0113 tauku dziedzeru darb\u012bbu un samazina taukainu \u0101du visas dienas garum\u0101. Produkta galven\u0101 v\u0113rt\u012bba ir kvercetinols \u2013 tam piem\u012bt [&hellip;]\" \/>\n<meta property=\"og:url\" content=\"https:\/\/www.facecorner.lv\/lv\/shop\/anua-heartleaf-quercetinol-pore-deep-cleansing-foam-150ml\/\" \/>\n<meta property=\"og:site_name\" content=\"FACECORNER\" \/>\n<meta property=\"article:publisher\" content=\"https:\/\/www.facebook.com\/profile.php?id=100063824551839\" \/>\n<meta property=\"article:modified_time\" content=\"2026-05-09T06:28:40+00:00\" \/>\n<meta property=\"og:image\" content=\"https:\/\/www.facecorner.lv\/wp-content\/uploads\/2024\/01\/bdb1cf89be1ddda60c337c6673b15c09_jpg_1200x1200q80_jpg_2000x.webp.jpeg\" \/>\n\t<meta property=\"og:image:width\" content=\"800\" \/>\n\t<meta property=\"og:image:height\" content=\"800\" \/>\n\t<meta property=\"og:image:type\" content=\"image\/jpeg\" \/>\n<meta name=\"twitter:card\" content=\"summary_large_image\" \/>\n<meta name=\"twitter:label1\" content=\"Price\" \/>\n\t<meta name=\"twitter:data1\" content=\"&euro;19.99\" \/>\n\t<meta name=\"twitter:label2\" content=\"Availability\" \/>\n\t<meta name=\"twitter:data2\" content=\"In stock\" \/>\n<script type=\"application\/ld+json\" class=\"yoast-schema-graph\">{\"@context\":\"https:\\\/\\\/schema.org\",\"@graph\":[{\"@type\":\"WebPage\",\"@id\":\"https:\\\/\\\/www.facecorner.lv\\\/shop\\\/anua-heartleaf-quercetinol-pore-deep-cleansing-foam-150ml\\\/\",\"url\":\"https:\\\/\\\/www.facecorner.lv\\\/shop\\\/anua-heartleaf-quercetinol-pore-deep-cleansing-foam-150ml\\\/\",\"name\":\"ANUA HEARTLEAF QUERCETINOL PORE DEEP CLEANSING FOAM 150ml - FACECORNER\",\"isPartOf\":{\"@id\":\"https:\\\/\\\/www.facecorner.lv\\\/#website\"},\"primaryImageOfPage\":{\"@id\":\"https:\\\/\\\/www.facecorner.lv\\\/shop\\\/anua-heartleaf-quercetinol-pore-deep-cleansing-foam-150ml\\\/#primaryimage\"},\"image\":{\"@id\":\"https:\\\/\\\/www.facecorner.lv\\\/shop\\\/anua-heartleaf-quercetinol-pore-deep-cleansing-foam-150ml\\\/#primaryimage\"},\"thumbnailUrl\":\"https:\\\/\\\/www.facecorner.lv\\\/wp-content\\\/uploads\\\/2024\\\/01\\\/bdb1cf89be1ddda60c337c6673b15c09_jpg_1200x1200q80_jpg_2000x.webp.jpeg\",\"datePublished\":\"2024-01-03T19:43:53+00:00\",\"dateModified\":\"2026-05-09T06:28:40+00:00\",\"breadcrumb\":{\"@id\":\"https:\\\/\\\/www.facecorner.lv\\\/shop\\\/anua-heartleaf-quercetinol-pore-deep-cleansing-foam-150ml\\\/#breadcrumb\"},\"inLanguage\":\"lv-LV\",\"potentialAction\":[{\"@type\":\"ReadAction\",\"target\":[\"https:\\\/\\\/www.facecorner.lv\\\/shop\\\/anua-heartleaf-quercetinol-pore-deep-cleansing-foam-150ml\\\/\"]}]},{\"@type\":\"ImageObject\",\"inLanguage\":\"lv-LV\",\"@id\":\"https:\\\/\\\/www.facecorner.lv\\\/shop\\\/anua-heartleaf-quercetinol-pore-deep-cleansing-foam-150ml\\\/#primaryimage\",\"url\":\"https:\\\/\\\/www.facecorner.lv\\\/wp-content\\\/uploads\\\/2024\\\/01\\\/bdb1cf89be1ddda60c337c6673b15c09_jpg_1200x1200q80_jpg_2000x.webp.jpeg\",\"contentUrl\":\"https:\\\/\\\/www.facecorner.lv\\\/wp-content\\\/uploads\\\/2024\\\/01\\\/bdb1cf89be1ddda60c337c6673b15c09_jpg_1200x1200q80_jpg_2000x.webp.jpeg\",\"width\":800,\"height\":800},{\"@type\":\"BreadcrumbList\",\"@id\":\"https:\\\/\\\/www.facecorner.lv\\\/shop\\\/anua-heartleaf-quercetinol-pore-deep-cleansing-foam-150ml\\\/#breadcrumb\",\"itemListElement\":[{\"@type\":\"ListItem\",\"position\":1,\"name\":\"Home\",\"item\":\"https:\\\/\\\/www.facecorner.lv\\\/\"},{\"@type\":\"ListItem\",\"position\":2,\"name\":\"Veikals\",\"item\":\"https:\\\/\\\/www.facecorner.lv\\\/shop\\\/\"},{\"@type\":\"ListItem\",\"position\":3,\"name\":\"ANUA HEARTLEAF QUERCETINOL PORE DEEP CLEANSING FOAM 150ml\"}]},{\"@type\":\"WebSite\",\"@id\":\"https:\\\/\\\/www.facecorner.lv\\\/#website\",\"url\":\"https:\\\/\\\/www.facecorner.lv\\\/\",\"name\":\"Facecorner\",\"description\":\"\",\"publisher\":{\"@id\":\"https:\\\/\\\/www.facecorner.lv\\\/#organization\"},\"potentialAction\":[{\"@type\":\"SearchAction\",\"target\":{\"@type\":\"EntryPoint\",\"urlTemplate\":\"https:\\\/\\\/www.facecorner.lv\\\/?s={search_term_string}\"},\"query-input\":{\"@type\":\"PropertyValueSpecification\",\"valueRequired\":true,\"valueName\":\"search_term_string\"}}],\"inLanguage\":\"lv-LV\"},{\"@type\":\"Organization\",\"@id\":\"https:\\\/\\\/www.facecorner.lv\\\/#organization\",\"name\":\"Facecorner\",\"url\":\"https:\\\/\\\/www.facecorner.lv\\\/\",\"logo\":{\"@type\":\"ImageObject\",\"inLanguage\":\"lv-LV\",\"@id\":\"https:\\\/\\\/www.facecorner.lv\\\/#\\\/schema\\\/logo\\\/image\\\/\",\"url\":\"https:\\\/\\\/www.facecorner.lv\\\/wp-content\\\/uploads\\\/2024\\\/04\\\/fc-logo.jpg\",\"contentUrl\":\"https:\\\/\\\/www.facecorner.lv\\\/wp-content\\\/uploads\\\/2024\\\/04\\\/fc-logo.jpg\",\"width\":174,\"height\":28,\"caption\":\"Facecorner\"},\"image\":{\"@id\":\"https:\\\/\\\/www.facecorner.lv\\\/#\\\/schema\\\/logo\\\/image\\\/\"},\"sameAs\":[\"https:\\\/\\\/www.facebook.com\\\/profile.php?id=100063824551839\",\"https:\\\/\\\/www.instagram.com\\\/facecorner_shop\\\/\"]}]}<\/script>\n<meta property=\"product:price:amount\" content=\"19.99\" \/>\n<meta property=\"product:price:currency\" content=\"EUR\" \/>\n<meta property=\"og:availability\" content=\"instock\" \/>\n<meta property=\"product:availability\" content=\"instock\" \/>\n<meta property=\"product:condition\" content=\"new\" \/>\n<!-- \/ Yoast SEO plugin. -->","yoast_head_json":{"title":"ANUA HEARTLEAF QUERCETINOL PORE DEEP CLEANSING FOAM 150ml - FACECORNER","robots":{"index":"index","follow":"follow","max-snippet":"max-snippet:-1","max-image-preview":"max-image-preview:large","max-video-preview":"max-video-preview:-1"},"canonical":"https:\/\/www.facecorner.lv\/lv\/shop\/anua-heartleaf-quercetinol-pore-deep-cleansing-foam-150ml\/","og_locale":"lv_LV","og_type":"article","og_title":"ANUA HEARTLEAF QUERCETINOL PORE DEEP CLEANSING FOAM 150ml - FACECORNER","og_description":"Anua Heartleaf Quercetinol Pore Deep Cleansing Foam ir ide\u0101li piem\u0113rots taukainai \u0101dai. Efekt\u012bvi no\u0146em visus net\u012brumus, uzs\u016bc lieko sebumu un tai piem\u012bt maiga p\u012blinga iedarb\u012bba. Pul\u0113 un izl\u012bdzina reljefu, m\u012bkstina raupju \u0101du un veicina iekaisuma dziedin\u0101\u0161anu. Normaliz\u0113 tauku dziedzeru darb\u012bbu un samazina taukainu \u0101du visas dienas garum\u0101. Produkta galven\u0101 v\u0113rt\u012bba ir kvercetinols \u2013 tam piem\u012bt [&hellip;]","og_url":"https:\/\/www.facecorner.lv\/lv\/shop\/anua-heartleaf-quercetinol-pore-deep-cleansing-foam-150ml\/","og_site_name":"FACECORNER","article_publisher":"https:\/\/www.facebook.com\/profile.php?id=100063824551839","article_modified_time":"2026-05-09T06:28:40+00:00","og_image":[{"width":800,"height":800,"url":"https:\/\/www.facecorner.lv\/wp-content\/uploads\/2024\/01\/bdb1cf89be1ddda60c337c6673b15c09_jpg_1200x1200q80_jpg_2000x.webp.jpeg","type":"image\/jpeg"}],"twitter_card":"summary_large_image","twitter_misc":{"Price":"&euro;19.99","Availability":"In stock"},"schema":{"@context":"https:\/\/schema.org","@graph":[{"@type":"WebPage","@id":"https:\/\/www.facecorner.lv\/shop\/anua-heartleaf-quercetinol-pore-deep-cleansing-foam-150ml\/","url":"https:\/\/www.facecorner.lv\/shop\/anua-heartleaf-quercetinol-pore-deep-cleansing-foam-150ml\/","name":"ANUA HEARTLEAF QUERCETINOL PORE DEEP CLEANSING FOAM 150ml - FACECORNER","isPartOf":{"@id":"https:\/\/www.facecorner.lv\/#website"},"primaryImageOfPage":{"@id":"https:\/\/www.facecorner.lv\/shop\/anua-heartleaf-quercetinol-pore-deep-cleansing-foam-150ml\/#primaryimage"},"image":{"@id":"https:\/\/www.facecorner.lv\/shop\/anua-heartleaf-quercetinol-pore-deep-cleansing-foam-150ml\/#primaryimage"},"thumbnailUrl":"https:\/\/www.facecorner.lv\/wp-content\/uploads\/2024\/01\/bdb1cf89be1ddda60c337c6673b15c09_jpg_1200x1200q80_jpg_2000x.webp.jpeg","datePublished":"2024-01-03T19:43:53+00:00","dateModified":"2026-05-09T06:28:40+00:00","breadcrumb":{"@id":"https:\/\/www.facecorner.lv\/shop\/anua-heartleaf-quercetinol-pore-deep-cleansing-foam-150ml\/#breadcrumb"},"inLanguage":"lv-LV","potentialAction":[{"@type":"ReadAction","target":["https:\/\/www.facecorner.lv\/shop\/anua-heartleaf-quercetinol-pore-deep-cleansing-foam-150ml\/"]}]},{"@type":"ImageObject","inLanguage":"lv-LV","@id":"https:\/\/www.facecorner.lv\/shop\/anua-heartleaf-quercetinol-pore-deep-cleansing-foam-150ml\/#primaryimage","url":"https:\/\/www.facecorner.lv\/wp-content\/uploads\/2024\/01\/bdb1cf89be1ddda60c337c6673b15c09_jpg_1200x1200q80_jpg_2000x.webp.jpeg","contentUrl":"https:\/\/www.facecorner.lv\/wp-content\/uploads\/2024\/01\/bdb1cf89be1ddda60c337c6673b15c09_jpg_1200x1200q80_jpg_2000x.webp.jpeg","width":800,"height":800},{"@type":"BreadcrumbList","@id":"https:\/\/www.facecorner.lv\/shop\/anua-heartleaf-quercetinol-pore-deep-cleansing-foam-150ml\/#breadcrumb","itemListElement":[{"@type":"ListItem","position":1,"name":"Home","item":"https:\/\/www.facecorner.lv\/"},{"@type":"ListItem","position":2,"name":"Veikals","item":"https:\/\/www.facecorner.lv\/shop\/"},{"@type":"ListItem","position":3,"name":"ANUA HEARTLEAF QUERCETINOL PORE DEEP CLEANSING FOAM 150ml"}]},{"@type":"WebSite","@id":"https:\/\/www.facecorner.lv\/#website","url":"https:\/\/www.facecorner.lv\/","name":"Facecorner","description":"","publisher":{"@id":"https:\/\/www.facecorner.lv\/#organization"},"potentialAction":[{"@type":"SearchAction","target":{"@type":"EntryPoint","urlTemplate":"https:\/\/www.facecorner.lv\/?s={search_term_string}"},"query-input":{"@type":"PropertyValueSpecification","valueRequired":true,"valueName":"search_term_string"}}],"inLanguage":"lv-LV"},{"@type":"Organization","@id":"https:\/\/www.facecorner.lv\/#organization","name":"Facecorner","url":"https:\/\/www.facecorner.lv\/","logo":{"@type":"ImageObject","inLanguage":"lv-LV","@id":"https:\/\/www.facecorner.lv\/#\/schema\/logo\/image\/","url":"https:\/\/www.facecorner.lv\/wp-content\/uploads\/2024\/04\/fc-logo.jpg","contentUrl":"https:\/\/www.facecorner.lv\/wp-content\/uploads\/2024\/04\/fc-logo.jpg","width":174,"height":28,"caption":"Facecorner"},"image":{"@id":"https:\/\/www.facecorner.lv\/#\/schema\/logo\/image\/"},"sameAs":["https:\/\/www.facebook.com\/profile.php?id=100063824551839","https:\/\/www.instagram.com\/facecorner_shop\/"]}]},"product_price_amount":"19.99","product_price_currency":"EUR","og_availability":"instock","product_availability":"instock","product_condition":"new"},"_links":{"self":[{"href":"https:\/\/www.facecorner.lv\/lv\/wp-json\/wp\/v2\/product\/13726","targetHints":{"allow":["GET"]}}],"collection":[{"href":"https:\/\/www.facecorner.lv\/lv\/wp-json\/wp\/v2\/product"}],"about":[{"href":"https:\/\/www.facecorner.lv\/lv\/wp-json\/wp\/v2\/types\/product"}],"replies":[{"embeddable":true,"href":"https:\/\/www.facecorner.lv\/lv\/wp-json\/wp\/v2\/comments?post=13726"}],"wp:featuredmedia":[{"embeddable":true,"href":"https:\/\/www.facecorner.lv\/lv\/wp-json\/wp\/v2\/media\/13728"}],"wp:attachment":[{"href":"https:\/\/www.facecorner.lv\/lv\/wp-json\/wp\/v2\/media?parent=13726"}],"wp:term":[{"taxonomy":"product_brand","embeddable":true,"href":"https:\/\/www.facecorner.lv\/lv\/wp-json\/wp\/v2\/product_brand?post=13726"},{"taxonomy":"product_cat","embeddable":true,"href":"https:\/\/www.facecorner.lv\/lv\/wp-json\/wp\/v2\/product_cat?post=13726"},{"taxonomy":"product_tag","embeddable":true,"href":"https:\/\/www.facecorner.lv\/lv\/wp-json\/wp\/v2\/product_tag?post=13726"},{"taxonomy":"berocket_brand","embeddable":true,"href":"https:\/\/www.facecorner.lv\/lv\/wp-json\/wp\/v2\/berocket_brand?post=13726"}],"curies":[{"name":"wp","href":"https:\/\/api.w.org\/{rel}","templated":true}]}}