{"id":13696,"date":"2023-12-29T17:05:49","date_gmt":"2023-12-29T15:05:49","guid":{"rendered":"https:\/\/www.facecorner.lv\/?post_type=product&#038;p=13696"},"modified":"2024-12-03T00:10:25","modified_gmt":"2024-12-02T21:10:25","slug":"estethic-house-cp-1-head-spa-scalp-scaler-250ml","status":"publish","type":"product","link":"https:\/\/www.facecorner.lv\/lv\/shop\/estethic-house-cp-1-head-spa-scalp-scaler-250ml\/","title":{"rendered":"Estethic House CP-1 Head Spa Scalp Scaler 250ml"},"content":{"rendered":"<p>Estethic House CP-1 Head Spa Scalp Scaler dzi\u013cai galvas \u0101das att\u012br\u012b\u0161anai ir tr\u012bsk\u0101r\u0161s efekts:<\/p>\n<ul>\n<li>Intens\u012bvi, bet taj\u0101 pa\u0161\u0101 laik\u0101 maigi att\u012bra galvas \u0101du no net\u012brumiem, noloba atmiru\u0161\u0101s \u0101das da\u013ci\u0146as, stimul\u0113 atjauno\u0161anos un uzlabo \u0161\u016bnu elpo\u0161anu.<\/li>\n<li>Dzied\u0113 epidermu: nov\u0113r\u0161 niezi, nomierina kairin\u0101jumu, dzied\u0113, paaugstina viet\u0113jo imunit\u0101ti, normaliz\u0113 tauku dziedzeru darb\u012bbu, dezinfic\u0113 un mitrina.<\/li>\n<li>Baro un stiprina matu saknes, pasarg\u0101jot no priek\u0161laic\u012bgas izkri\u0161anas.<\/li>\n<\/ul>\n<p>Produkta dzi\u013ci att\u012bro\u0161o efektu nodro\u0161ina augu izcelsmes m\u012bkst\u0101s virsmakt\u012bv\u0101s vielas, k\u0101 ar\u012b j\u016bras s\u0101ls un glikolsk\u0101be. \u0100rstniecisko funkciju veic \u0101rstniec\u012bbas augu kompleksa organiskie ekstrakti.<\/p>\n<p>Produkts ir bag\u0101tin\u0101ts ar piparm\u0113tru ekstraktu, pateicoties kuram tas pat\u012bkami atv\u0113sina galvas \u0101du, sniedzot svaiguma un t\u012br\u012bbas saj\u016btu.<\/p>\n<p><strong>Lieto\u0161anas nor\u0101d\u012bjumi:<\/strong> Uzkl\u0101jiet nelielu produkta daudzumu mitr\u0101 galvas \u0101d\u0101, maigi iemas\u0113jiet 2-3 min\u016btes. Noskalojiet ar lielu daudzumu silta \u016bdens. P\u0113c tam izmantojiet matu kondicionieri. Ieteicams lietot ne vair\u0101k k\u0101 1-2 reizes ned\u0113\u013c\u0101, lai dzi\u013ci att\u012br\u012btu galvas \u0101du.<\/p>\n<p><strong>Piez\u012bme!<\/strong> Nelietojiet produktu vienlaikus ar matu \u0161amp\u016bnu. Lietojiet tos da\u017e\u0101d\u0101s dien\u0101s.<\/p>\n<p><strong>S\u0101stavs:\u00a0<\/strong>Sodium Chloride, Cocamidopropyl Betaine, Coco-Betaine, Potassium Cocoate, Coco-glucoside, 1,2-Hexanedio, Camellia Sinensis Leaf Extract, Centella Asiatica Extract, Melaleuca Alternifolia (Tea Tree) Leaf Extract, Lavandula Angustifolia (Lavender) Extract, Monarda Didyma Leaf Extract, Mentha Piperita (Peppermint) Leaf Extract, Freesia Refracta Extract, Chamomilla Recutita(Matricaria) Flower Extract, Rosmarinus Officinalis (Rosemary) Leaf Extract, Panthenol. Illicium Verum (Anise) Fruit Extract, Scutellaria Baicalensis Root Extract, Butylene Glycol, Glycolic Acid, Fragrance.<\/p>\n","protected":false},"excerpt":{"rendered":"<p>Estethic House CP-1 Head Spa Scalp Scaler dzi\u013cai galvas \u0101das att\u012br\u012b\u0161anai ir tr\u012bsk\u0101r\u0161s efekts: Intens\u012bvi, bet taj\u0101 pa\u0161\u0101 laik\u0101 maigi att\u012bra galvas \u0101du no net\u012brumiem, noloba atmiru\u0161\u0101s \u0101das da\u013ci\u0146as, stimul\u0113 atjauno\u0161anos un uzlabo \u0161\u016bnu elpo\u0161anu. Dzied\u0113 epidermu: nov\u0113r\u0161 niezi, nomierina kairin\u0101jumu, dzied\u0113, paaugstina viet\u0113jo imunit\u0101ti, normaliz\u0113 tauku dziedzeru darb\u012bbu, dezinfic\u0113 un mitrina. Baro un stiprina [&hellip;]<\/p>\n","protected":false},"featured_media":13697,"comment_status":"open","ping_status":"closed","template":"","meta":{"site-sidebar-layout":"default","site-content-layout":"","ast-site-content-layout":"","site-content-style":"default","site-sidebar-style":"default","ast-global-header-display":"","ast-banner-title-visibility":"","ast-main-header-display":"","ast-hfb-above-header-display":"","ast-hfb-below-header-display":"","ast-hfb-mobile-header-display":"","site-post-title":"","ast-breadcrumbs-content":"","ast-featured-img":"","footer-sml-layout":"","theme-transparent-header-meta":"","adv-header-id-meta":"","stick-header-meta":"","header-above-stick-meta":"","header-main-stick-meta":"","header-below-stick-meta":"","astra-migrate-meta-layouts":"default","ast-page-background-enabled":"default","ast-page-background-meta":{"desktop":{"background-color":"var(--ast-global-color-4)","background-image":"","background-repeat":"repeat","background-position":"center center","background-size":"auto","background-attachment":"scroll","background-type":"","background-media":"","overlay-type":"","overlay-color":"","overlay-opacity":"","overlay-gradient":""},"tablet":{"background-color":"","background-image":"","background-repeat":"repeat","background-position":"center center","background-size":"auto","background-attachment":"scroll","background-type":"","background-media":"","overlay-type":"","overlay-color":"","overlay-opacity":"","overlay-gradient":""},"mobile":{"background-color":"","background-image":"","background-repeat":"repeat","background-position":"center center","background-size":"auto","background-attachment":"scroll","background-type":"","background-media":"","overlay-type":"","overlay-color":"","overlay-opacity":"","overlay-gradient":""}},"ast-content-background-meta":{"desktop":{"background-color":"var(--ast-global-color-5)","background-image":"","background-repeat":"repeat","background-position":"center center","background-size":"auto","background-attachment":"scroll","background-type":"","background-media":"","overlay-type":"","overlay-color":"","overlay-opacity":"","overlay-gradient":""},"tablet":{"background-color":"var(--ast-global-color-5)","background-image":"","background-repeat":"repeat","background-position":"center center","background-size":"auto","background-attachment":"scroll","background-type":"","background-media":"","overlay-type":"","overlay-color":"","overlay-opacity":"","overlay-gradient":""},"mobile":{"background-color":"var(--ast-global-color-5)","background-image":"","background-repeat":"repeat","background-position":"center center","background-size":"auto","background-attachment":"scroll","background-type":"","background-media":"","overlay-type":"","overlay-color":"","overlay-opacity":"","overlay-gradient":""}}},"product_brand":[],"product_cat":[330,357],"product_tag":[],"berocket_brand":[592],"class_list":{"0":"post-13696","1":"product","2":"type-product","3":"status-publish","4":"has-post-thumbnail","6":"product_cat-matiem","7":"product_cat-sampuni","8":"berocket_brand-esthetic-house","9":"desktop-align-left","10":"tablet-align-left","11":"mobile-align-left","13":"first","14":"outofstock","15":"taxable","16":"shipping-taxable","17":"purchasable","18":"product-type-simple","19":"add-to-wishlist-before_image"},"yoast_head":"<!-- This site is optimized with the Yoast SEO plugin v27.4 - https:\/\/yoast.com\/product\/yoast-seo-wordpress\/ -->\n<title>Estethic House CP-1 Head Spa Scalp Scaler 250ml - FACECORNER<\/title>\n<meta name=\"robots\" content=\"index, follow, max-snippet:-1, max-image-preview:large, max-video-preview:-1\" \/>\n<link rel=\"canonical\" href=\"https:\/\/www.facecorner.lv\/lv\/shop\/estethic-house-cp-1-head-spa-scalp-scaler-250ml\/\" \/>\n<meta property=\"og:locale\" content=\"lv_LV\" \/>\n<meta property=\"og:type\" content=\"article\" \/>\n<meta property=\"og:title\" content=\"Estethic House CP-1 Head Spa Scalp Scaler 250ml - FACECORNER\" \/>\n<meta property=\"og:description\" content=\"Estethic House CP-1 Head Spa Scalp Scaler dzi\u013cai galvas \u0101das att\u012br\u012b\u0161anai ir tr\u012bsk\u0101r\u0161s efekts: Intens\u012bvi, bet taj\u0101 pa\u0161\u0101 laik\u0101 maigi att\u012bra galvas \u0101du no net\u012brumiem, noloba atmiru\u0161\u0101s \u0101das da\u013ci\u0146as, stimul\u0113 atjauno\u0161anos un uzlabo \u0161\u016bnu elpo\u0161anu. Dzied\u0113 epidermu: nov\u0113r\u0161 niezi, nomierina kairin\u0101jumu, dzied\u0113, paaugstina viet\u0113jo imunit\u0101ti, normaliz\u0113 tauku dziedzeru darb\u012bbu, dezinfic\u0113 un mitrina. Baro un stiprina [&hellip;]\" \/>\n<meta property=\"og:url\" content=\"https:\/\/www.facecorner.lv\/lv\/shop\/estethic-house-cp-1-head-spa-scalp-scaler-250ml\/\" \/>\n<meta property=\"og:site_name\" content=\"FACECORNER\" \/>\n<meta property=\"article:publisher\" content=\"https:\/\/www.facebook.com\/profile.php?id=100063824551839\" \/>\n<meta property=\"article:modified_time\" content=\"2024-12-02T21:10:25+00:00\" \/>\n<meta property=\"og:image\" content=\"https:\/\/www.facecorner.lv\/wp-content\/uploads\/2023\/12\/full8809450010933-jpg.jpg\" \/>\n\t<meta property=\"og:image:width\" content=\"1000\" \/>\n\t<meta property=\"og:image:height\" content=\"1000\" \/>\n\t<meta property=\"og:image:type\" content=\"image\/jpeg\" \/>\n<meta name=\"twitter:card\" content=\"summary_large_image\" \/>\n<meta name=\"twitter:label1\" content=\"Price\" \/>\n\t<meta name=\"twitter:data1\" content=\"&euro;11.00\" \/>\n\t<meta name=\"twitter:label2\" content=\"Availability\" \/>\n\t<meta name=\"twitter:data2\" content=\"Out of stock\" \/>\n<script type=\"application\/ld+json\" class=\"yoast-schema-graph\">{\"@context\":\"https:\\\/\\\/schema.org\",\"@graph\":[{\"@type\":\"WebPage\",\"@id\":\"https:\\\/\\\/www.facecorner.lv\\\/shop\\\/estethic-house-cp-1-head-spa-scalp-scaler-250ml\\\/\",\"url\":\"https:\\\/\\\/www.facecorner.lv\\\/shop\\\/estethic-house-cp-1-head-spa-scalp-scaler-250ml\\\/\",\"name\":\"Estethic House CP-1 Head Spa Scalp Scaler 250ml - FACECORNER\",\"isPartOf\":{\"@id\":\"https:\\\/\\\/www.facecorner.lv\\\/#website\"},\"primaryImageOfPage\":{\"@id\":\"https:\\\/\\\/www.facecorner.lv\\\/shop\\\/estethic-house-cp-1-head-spa-scalp-scaler-250ml\\\/#primaryimage\"},\"image\":{\"@id\":\"https:\\\/\\\/www.facecorner.lv\\\/shop\\\/estethic-house-cp-1-head-spa-scalp-scaler-250ml\\\/#primaryimage\"},\"thumbnailUrl\":\"https:\\\/\\\/www.facecorner.lv\\\/wp-content\\\/uploads\\\/2023\\\/12\\\/full8809450010933-jpg.jpg\",\"datePublished\":\"2023-12-29T15:05:49+00:00\",\"dateModified\":\"2024-12-02T21:10:25+00:00\",\"breadcrumb\":{\"@id\":\"https:\\\/\\\/www.facecorner.lv\\\/shop\\\/estethic-house-cp-1-head-spa-scalp-scaler-250ml\\\/#breadcrumb\"},\"inLanguage\":\"lv-LV\",\"potentialAction\":[{\"@type\":\"ReadAction\",\"target\":[\"https:\\\/\\\/www.facecorner.lv\\\/shop\\\/estethic-house-cp-1-head-spa-scalp-scaler-250ml\\\/\"]}]},{\"@type\":\"ImageObject\",\"inLanguage\":\"lv-LV\",\"@id\":\"https:\\\/\\\/www.facecorner.lv\\\/shop\\\/estethic-house-cp-1-head-spa-scalp-scaler-250ml\\\/#primaryimage\",\"url\":\"https:\\\/\\\/www.facecorner.lv\\\/wp-content\\\/uploads\\\/2023\\\/12\\\/full8809450010933-jpg.jpg\",\"contentUrl\":\"https:\\\/\\\/www.facecorner.lv\\\/wp-content\\\/uploads\\\/2023\\\/12\\\/full8809450010933-jpg.jpg\",\"width\":1000,\"height\":1000},{\"@type\":\"BreadcrumbList\",\"@id\":\"https:\\\/\\\/www.facecorner.lv\\\/shop\\\/estethic-house-cp-1-head-spa-scalp-scaler-250ml\\\/#breadcrumb\",\"itemListElement\":[{\"@type\":\"ListItem\",\"position\":1,\"name\":\"Home\",\"item\":\"https:\\\/\\\/www.facecorner.lv\\\/\"},{\"@type\":\"ListItem\",\"position\":2,\"name\":\"Veikals\",\"item\":\"https:\\\/\\\/www.facecorner.lv\\\/shop\\\/\"},{\"@type\":\"ListItem\",\"position\":3,\"name\":\"Estethic House CP-1 Head Spa Scalp Scaler 250ml\"}]},{\"@type\":\"WebSite\",\"@id\":\"https:\\\/\\\/www.facecorner.lv\\\/#website\",\"url\":\"https:\\\/\\\/www.facecorner.lv\\\/\",\"name\":\"Facecorner\",\"description\":\"\",\"publisher\":{\"@id\":\"https:\\\/\\\/www.facecorner.lv\\\/#organization\"},\"potentialAction\":[{\"@type\":\"SearchAction\",\"target\":{\"@type\":\"EntryPoint\",\"urlTemplate\":\"https:\\\/\\\/www.facecorner.lv\\\/?s={search_term_string}\"},\"query-input\":{\"@type\":\"PropertyValueSpecification\",\"valueRequired\":true,\"valueName\":\"search_term_string\"}}],\"inLanguage\":\"lv-LV\"},{\"@type\":\"Organization\",\"@id\":\"https:\\\/\\\/www.facecorner.lv\\\/#organization\",\"name\":\"Facecorner\",\"url\":\"https:\\\/\\\/www.facecorner.lv\\\/\",\"logo\":{\"@type\":\"ImageObject\",\"inLanguage\":\"lv-LV\",\"@id\":\"https:\\\/\\\/www.facecorner.lv\\\/#\\\/schema\\\/logo\\\/image\\\/\",\"url\":\"https:\\\/\\\/www.facecorner.lv\\\/wp-content\\\/uploads\\\/2024\\\/04\\\/fc-logo.jpg\",\"contentUrl\":\"https:\\\/\\\/www.facecorner.lv\\\/wp-content\\\/uploads\\\/2024\\\/04\\\/fc-logo.jpg\",\"width\":174,\"height\":28,\"caption\":\"Facecorner\"},\"image\":{\"@id\":\"https:\\\/\\\/www.facecorner.lv\\\/#\\\/schema\\\/logo\\\/image\\\/\"},\"sameAs\":[\"https:\\\/\\\/www.facebook.com\\\/profile.php?id=100063824551839\",\"https:\\\/\\\/www.instagram.com\\\/facecorner_shop\\\/\"]}]}<\/script>\n<meta property=\"product:price:amount\" content=\"11.00\" \/>\n<meta property=\"product:price:currency\" content=\"EUR\" \/>\n<meta property=\"og:availability\" content=\"out of stock\" \/>\n<meta property=\"product:availability\" content=\"out of stock\" \/>\n<meta property=\"product:condition\" content=\"new\" \/>\n<!-- \/ Yoast SEO plugin. -->","yoast_head_json":{"title":"Estethic House CP-1 Head Spa Scalp Scaler 250ml - FACECORNER","robots":{"index":"index","follow":"follow","max-snippet":"max-snippet:-1","max-image-preview":"max-image-preview:large","max-video-preview":"max-video-preview:-1"},"canonical":"https:\/\/www.facecorner.lv\/lv\/shop\/estethic-house-cp-1-head-spa-scalp-scaler-250ml\/","og_locale":"lv_LV","og_type":"article","og_title":"Estethic House CP-1 Head Spa Scalp Scaler 250ml - FACECORNER","og_description":"Estethic House CP-1 Head Spa Scalp Scaler dzi\u013cai galvas \u0101das att\u012br\u012b\u0161anai ir tr\u012bsk\u0101r\u0161s efekts: Intens\u012bvi, bet taj\u0101 pa\u0161\u0101 laik\u0101 maigi att\u012bra galvas \u0101du no net\u012brumiem, noloba atmiru\u0161\u0101s \u0101das da\u013ci\u0146as, stimul\u0113 atjauno\u0161anos un uzlabo \u0161\u016bnu elpo\u0161anu. Dzied\u0113 epidermu: nov\u0113r\u0161 niezi, nomierina kairin\u0101jumu, dzied\u0113, paaugstina viet\u0113jo imunit\u0101ti, normaliz\u0113 tauku dziedzeru darb\u012bbu, dezinfic\u0113 un mitrina. Baro un stiprina [&hellip;]","og_url":"https:\/\/www.facecorner.lv\/lv\/shop\/estethic-house-cp-1-head-spa-scalp-scaler-250ml\/","og_site_name":"FACECORNER","article_publisher":"https:\/\/www.facebook.com\/profile.php?id=100063824551839","article_modified_time":"2024-12-02T21:10:25+00:00","og_image":[{"width":1000,"height":1000,"url":"https:\/\/www.facecorner.lv\/wp-content\/uploads\/2023\/12\/full8809450010933-jpg.jpg","type":"image\/jpeg"}],"twitter_card":"summary_large_image","twitter_misc":{"Price":"&euro;11.00","Availability":"Out of stock"},"schema":{"@context":"https:\/\/schema.org","@graph":[{"@type":"WebPage","@id":"https:\/\/www.facecorner.lv\/shop\/estethic-house-cp-1-head-spa-scalp-scaler-250ml\/","url":"https:\/\/www.facecorner.lv\/shop\/estethic-house-cp-1-head-spa-scalp-scaler-250ml\/","name":"Estethic House CP-1 Head Spa Scalp Scaler 250ml - FACECORNER","isPartOf":{"@id":"https:\/\/www.facecorner.lv\/#website"},"primaryImageOfPage":{"@id":"https:\/\/www.facecorner.lv\/shop\/estethic-house-cp-1-head-spa-scalp-scaler-250ml\/#primaryimage"},"image":{"@id":"https:\/\/www.facecorner.lv\/shop\/estethic-house-cp-1-head-spa-scalp-scaler-250ml\/#primaryimage"},"thumbnailUrl":"https:\/\/www.facecorner.lv\/wp-content\/uploads\/2023\/12\/full8809450010933-jpg.jpg","datePublished":"2023-12-29T15:05:49+00:00","dateModified":"2024-12-02T21:10:25+00:00","breadcrumb":{"@id":"https:\/\/www.facecorner.lv\/shop\/estethic-house-cp-1-head-spa-scalp-scaler-250ml\/#breadcrumb"},"inLanguage":"lv-LV","potentialAction":[{"@type":"ReadAction","target":["https:\/\/www.facecorner.lv\/shop\/estethic-house-cp-1-head-spa-scalp-scaler-250ml\/"]}]},{"@type":"ImageObject","inLanguage":"lv-LV","@id":"https:\/\/www.facecorner.lv\/shop\/estethic-house-cp-1-head-spa-scalp-scaler-250ml\/#primaryimage","url":"https:\/\/www.facecorner.lv\/wp-content\/uploads\/2023\/12\/full8809450010933-jpg.jpg","contentUrl":"https:\/\/www.facecorner.lv\/wp-content\/uploads\/2023\/12\/full8809450010933-jpg.jpg","width":1000,"height":1000},{"@type":"BreadcrumbList","@id":"https:\/\/www.facecorner.lv\/shop\/estethic-house-cp-1-head-spa-scalp-scaler-250ml\/#breadcrumb","itemListElement":[{"@type":"ListItem","position":1,"name":"Home","item":"https:\/\/www.facecorner.lv\/"},{"@type":"ListItem","position":2,"name":"Veikals","item":"https:\/\/www.facecorner.lv\/shop\/"},{"@type":"ListItem","position":3,"name":"Estethic House CP-1 Head Spa Scalp Scaler 250ml"}]},{"@type":"WebSite","@id":"https:\/\/www.facecorner.lv\/#website","url":"https:\/\/www.facecorner.lv\/","name":"Facecorner","description":"","publisher":{"@id":"https:\/\/www.facecorner.lv\/#organization"},"potentialAction":[{"@type":"SearchAction","target":{"@type":"EntryPoint","urlTemplate":"https:\/\/www.facecorner.lv\/?s={search_term_string}"},"query-input":{"@type":"PropertyValueSpecification","valueRequired":true,"valueName":"search_term_string"}}],"inLanguage":"lv-LV"},{"@type":"Organization","@id":"https:\/\/www.facecorner.lv\/#organization","name":"Facecorner","url":"https:\/\/www.facecorner.lv\/","logo":{"@type":"ImageObject","inLanguage":"lv-LV","@id":"https:\/\/www.facecorner.lv\/#\/schema\/logo\/image\/","url":"https:\/\/www.facecorner.lv\/wp-content\/uploads\/2024\/04\/fc-logo.jpg","contentUrl":"https:\/\/www.facecorner.lv\/wp-content\/uploads\/2024\/04\/fc-logo.jpg","width":174,"height":28,"caption":"Facecorner"},"image":{"@id":"https:\/\/www.facecorner.lv\/#\/schema\/logo\/image\/"},"sameAs":["https:\/\/www.facebook.com\/profile.php?id=100063824551839","https:\/\/www.instagram.com\/facecorner_shop\/"]}]},"product_price_amount":"11.00","product_price_currency":"EUR","og_availability":"out of stock","product_availability":"out of stock","product_condition":"new"},"_links":{"self":[{"href":"https:\/\/www.facecorner.lv\/lv\/wp-json\/wp\/v2\/product\/13696","targetHints":{"allow":["GET"]}}],"collection":[{"href":"https:\/\/www.facecorner.lv\/lv\/wp-json\/wp\/v2\/product"}],"about":[{"href":"https:\/\/www.facecorner.lv\/lv\/wp-json\/wp\/v2\/types\/product"}],"replies":[{"embeddable":true,"href":"https:\/\/www.facecorner.lv\/lv\/wp-json\/wp\/v2\/comments?post=13696"}],"wp:featuredmedia":[{"embeddable":true,"href":"https:\/\/www.facecorner.lv\/lv\/wp-json\/wp\/v2\/media\/13697"}],"wp:attachment":[{"href":"https:\/\/www.facecorner.lv\/lv\/wp-json\/wp\/v2\/media?parent=13696"}],"wp:term":[{"taxonomy":"product_brand","embeddable":true,"href":"https:\/\/www.facecorner.lv\/lv\/wp-json\/wp\/v2\/product_brand?post=13696"},{"taxonomy":"product_cat","embeddable":true,"href":"https:\/\/www.facecorner.lv\/lv\/wp-json\/wp\/v2\/product_cat?post=13696"},{"taxonomy":"product_tag","embeddable":true,"href":"https:\/\/www.facecorner.lv\/lv\/wp-json\/wp\/v2\/product_tag?post=13696"},{"taxonomy":"berocket_brand","embeddable":true,"href":"https:\/\/www.facecorner.lv\/lv\/wp-json\/wp\/v2\/berocket_brand?post=13696"}],"curies":[{"name":"wp","href":"https:\/\/api.w.org\/{rel}","templated":true}]}}