{"id":13522,"date":"2023-12-18T18:40:59","date_gmt":"2023-12-18T16:40:59","guid":{"rendered":"https:\/\/www.facecorner.lv\/?post_type=product&#038;p=13522"},"modified":"2025-11-14T16:48:13","modified_gmt":"2025-11-14T13:48:13","slug":"lador-keratin-lpp-shampoo-osmanthus-200ml","status":"publish","type":"product","link":"https:\/\/www.facecorner.lv\/lv\/shop\/lador-keratin-lpp-shampoo-osmanthus-200ml\/","title":{"rendered":"Lador Keratin LPP Shampoo Osmanthus 200ml"},"content":{"rendered":"<p>Parfim\u0113ts sulf\u0101tu nesaturo\u0161s \u0161amp\u016bns ar kerat\u012bnu Lador Keratin LPP Shampoo Osmanthus ir sp\u0113c\u012bgs dziedino\u0161s efekts, atjauno un piepilda boj\u0101tos matu folikulus, nov\u0113r\u0161 trauslumu un matu galu \u0161\u0137el\u0161anos. Tam ir atsvaidzino\u0161s osmanthus arom\u0101ts ar persiku-apriko\u017eu ska\u0146u.<\/p>\n<p>Produkts lieliski noskalo, no\u0146em visus net\u012brumus un lieko sebumu. Nobl\u012bv\u0113 un aizsarg\u0101 pret trauslumu, baro un veicina mitruma aizturi matu kutikulu.<\/p>\n<p>V\u0101ji sk\u0101b\u0101, sulf\u0101tus nesaturo\u0161\u0101 formula ir maiga pret galvas \u0101du un maigi att\u012bra, neizraisot sausumu, niezi vai kairin\u0101jumu.<\/p>\n<p><strong>Galven\u0101s akt\u012bv\u0101s sast\u0101vda\u013cas:<\/strong><\/p>\n<ul>\n<li>LPP prote\u012bni ir dabisks aminosk\u0101bju komplekss. Maz\u0101k\u0101 prote\u012bna strukt\u016bra, lai pie\u0161\u0137irtu matiem m\u012bkstumu un z\u012bdainumu. Lipoprote\u012bnu aizsarg\u0101jo\u0161s komplekss, kas satur milz\u012bgu daudzumu noder\u012bgu komponentu, kas atjauno boj\u0101tus matus.<\/li>\n<li>Z\u012bda prote\u012bni pal\u012bdz uztur\u0113t optim\u0101lu mitruma l\u012bmeni matu iek\u0161ien\u0113, veido \u012bpa\u0161u apvalku uz virsmas, kas izl\u012bdzina strukt\u016bru, nov\u0113r\u0161 \u010dokuro\u0161anos un atvieglo \u0137emm\u0113\u0161anu. Atjauno sp\u012bdumu un sp\u0113ku.<\/li>\n<li>17 aminosk\u0101bju komplekss dzi\u013ci atjauno cirtas strukt\u016bru, integr\u0113jas boj\u0101taj\u0101s viet\u0101s, nostiprina un uztur aizsargsl\u0101ni. Padara matus iztur\u012bg\u0101kus pret \u0101r\u0113jiem kairin\u0101t\u0101jiem, pie\u0161\u0137ir gludumu un iztur\u012bbu.<\/li>\n<\/ul>\n<p><strong>Lieto\u0161anas nor\u0101d\u012bjumi:<\/strong> uzkl\u0101t produktu mitros matos, saputot, iemas\u0113t galvas \u0101du, p\u0113c tam noskalot ar siltu\u00a0\u016bdeni.<\/p>\n<p><strong>S\u0101stavs:\u00a0<\/strong>Purified water, cocamidopropyl betaine, disodium laureth sulfosuccinate, lauramine oxide, TEA-cocoyl glutamate, glycerin, butylene glycol, lauramide DIA, PEG-120 methylglucosediolate, Sodium benzoate, PEG-7 glyceryl cocoate, PEG-3 caprylyl ether, citric acid, polyquaternium-10, betaine, hydroxypropyl chitosan, hydrolyzed wheat protein, hydrolyzed Decorn Sudan White, Hydrolyzed Soy Protein, Hydrolyzed Silk, Hydroxyacetophenone, Sodium Hyaluronate, Trehalose, Dipropylene Glycol, Zein, Argan Kernel Oil, Avocado Oil, Camellia Seed Oil, jojoba seed oil, fragrance, benzyl salicylate, citronellol, hexylcinnamal, hydroxycitronelal, Fragrance<\/p>\n","protected":false},"excerpt":{"rendered":"<p>Parfim\u0113ts sulf\u0101tu nesaturo\u0161s \u0161amp\u016bns ar kerat\u012bnu Lador Keratin LPP Shampoo Osmanthus ir sp\u0113c\u012bgs dziedino\u0161s efekts, atjauno un piepilda boj\u0101tos matu folikulus, nov\u0113r\u0161 trauslumu un matu galu \u0161\u0137el\u0161anos. Tam ir atsvaidzino\u0161s osmanthus arom\u0101ts ar persiku-apriko\u017eu ska\u0146u. Produkts lieliski noskalo, no\u0146em visus net\u012brumus un lieko sebumu. Nobl\u012bv\u0113 un aizsarg\u0101 pret trauslumu, baro un veicina mitruma aizturi matu [&hellip;]<\/p>\n","protected":false},"featured_media":13523,"comment_status":"open","ping_status":"closed","template":"","meta":{"site-sidebar-layout":"default","site-content-layout":"","ast-site-content-layout":"default","site-content-style":"default","site-sidebar-style":"default","ast-global-header-display":"","ast-banner-title-visibility":"","ast-main-header-display":"","ast-hfb-above-header-display":"","ast-hfb-below-header-display":"","ast-hfb-mobile-header-display":"","site-post-title":"","ast-breadcrumbs-content":"","ast-featured-img":"","footer-sml-layout":"","theme-transparent-header-meta":"default","adv-header-id-meta":"","stick-header-meta":"","header-above-stick-meta":"","header-main-stick-meta":"","header-below-stick-meta":"","astra-migrate-meta-layouts":"set","ast-page-background-enabled":"default","ast-page-background-meta":{"desktop":{"background-color":"var(--ast-global-color-4)","background-image":"","background-repeat":"repeat","background-position":"center center","background-size":"auto","background-attachment":"scroll","background-type":"","background-media":"","overlay-type":"","overlay-color":"","overlay-opacity":"","overlay-gradient":""},"tablet":{"background-color":"","background-image":"","background-repeat":"repeat","background-position":"center center","background-size":"auto","background-attachment":"scroll","background-type":"","background-media":"","overlay-type":"","overlay-color":"","overlay-opacity":"","overlay-gradient":""},"mobile":{"background-color":"","background-image":"","background-repeat":"repeat","background-position":"center center","background-size":"auto","background-attachment":"scroll","background-type":"","background-media":"","overlay-type":"","overlay-color":"","overlay-opacity":"","overlay-gradient":""}},"ast-content-background-meta":{"desktop":{"background-color":"var(--ast-global-color-5)","background-image":"","background-repeat":"repeat","background-position":"center center","background-size":"auto","background-attachment":"scroll","background-type":"","background-media":"","overlay-type":"","overlay-color":"","overlay-opacity":"","overlay-gradient":""},"tablet":{"background-color":"var(--ast-global-color-5)","background-image":"","background-repeat":"repeat","background-position":"center center","background-size":"auto","background-attachment":"scroll","background-type":"","background-media":"","overlay-type":"","overlay-color":"","overlay-opacity":"","overlay-gradient":""},"mobile":{"background-color":"var(--ast-global-color-5)","background-image":"","background-repeat":"repeat","background-position":"center center","background-size":"auto","background-attachment":"scroll","background-type":"","background-media":"","overlay-type":"","overlay-color":"","overlay-opacity":"","overlay-gradient":""}}},"product_brand":[],"product_cat":[330,357],"product_tag":[],"berocket_brand":[594],"class_list":{"0":"post-13522","1":"product","2":"type-product","3":"status-publish","4":"has-post-thumbnail","6":"product_cat-matiem","7":"product_cat-sampuni","8":"berocket_brand-lador","9":"desktop-align-left","10":"tablet-align-left","11":"mobile-align-left","13":"first","14":"outofstock","15":"taxable","16":"shipping-taxable","17":"purchasable","18":"product-type-simple","19":"add-to-wishlist-before_image"},"yoast_head":"<!-- This site is optimized with the Yoast SEO plugin v27.1.1 - https:\/\/yoast.com\/product\/yoast-seo-wordpress\/ -->\n<title>Lador Keratin LPP Shampoo Osmanthus 200ml - FACECORNER<\/title>\n<meta name=\"robots\" content=\"index, follow, max-snippet:-1, max-image-preview:large, max-video-preview:-1\" \/>\n<link rel=\"canonical\" href=\"https:\/\/www.facecorner.lv\/lv\/shop\/lador-keratin-lpp-shampoo-osmanthus-200ml\/\" \/>\n<meta property=\"og:locale\" content=\"lv_LV\" \/>\n<meta property=\"og:type\" content=\"article\" \/>\n<meta property=\"og:title\" content=\"Lador Keratin LPP Shampoo Osmanthus 200ml - FACECORNER\" \/>\n<meta property=\"og:description\" content=\"Parfim\u0113ts sulf\u0101tu nesaturo\u0161s \u0161amp\u016bns ar kerat\u012bnu Lador Keratin LPP Shampoo Osmanthus ir sp\u0113c\u012bgs dziedino\u0161s efekts, atjauno un piepilda boj\u0101tos matu folikulus, nov\u0113r\u0161 trauslumu un matu galu \u0161\u0137el\u0161anos. Tam ir atsvaidzino\u0161s osmanthus arom\u0101ts ar persiku-apriko\u017eu ska\u0146u. Produkts lieliski noskalo, no\u0146em visus net\u012brumus un lieko sebumu. Nobl\u012bv\u0113 un aizsarg\u0101 pret trauslumu, baro un veicina mitruma aizturi matu [&hellip;]\" \/>\n<meta property=\"og:url\" content=\"https:\/\/www.facecorner.lv\/lv\/shop\/lador-keratin-lpp-shampoo-osmanthus-200ml\/\" \/>\n<meta property=\"og:site_name\" content=\"FACECORNER\" \/>\n<meta property=\"article:publisher\" content=\"https:\/\/www.facebook.com\/profile.php?id=100063824551839\" \/>\n<meta property=\"article:modified_time\" content=\"2025-11-14T13:48:13+00:00\" \/>\n<meta property=\"og:image\" content=\"https:\/\/www.facecorner.lv\/wp-content\/uploads\/2023\/12\/ix6l69e9xtxkhgwzjtucvpz8hya006mt.jpeg\" \/>\n\t<meta property=\"og:image:width\" content=\"900\" \/>\n\t<meta property=\"og:image:height\" content=\"900\" \/>\n\t<meta property=\"og:image:type\" content=\"image\/jpeg\" \/>\n<meta name=\"twitter:card\" content=\"summary_large_image\" \/>\n<meta name=\"twitter:label1\" content=\"Price\" \/>\n\t<meta name=\"twitter:data1\" content=\"&euro;14.50\" \/>\n\t<meta name=\"twitter:label2\" content=\"Availability\" \/>\n\t<meta name=\"twitter:data2\" content=\"Out of stock\" \/>\n<script type=\"application\/ld+json\" class=\"yoast-schema-graph\">{\"@context\":\"https:\/\/schema.org\",\"@graph\":[{\"@type\":\"WebPage\",\"@id\":\"https:\/\/www.facecorner.lv\/shop\/lador-keratin-lpp-shampoo-osmanthus-200ml\/\",\"url\":\"https:\/\/www.facecorner.lv\/shop\/lador-keratin-lpp-shampoo-osmanthus-200ml\/\",\"name\":\"Lador Keratin LPP Shampoo Osmanthus 200ml - FACECORNER\",\"isPartOf\":{\"@id\":\"https:\/\/www.facecorner.lv\/#website\"},\"primaryImageOfPage\":{\"@id\":\"https:\/\/www.facecorner.lv\/shop\/lador-keratin-lpp-shampoo-osmanthus-200ml\/#primaryimage\"},\"image\":{\"@id\":\"https:\/\/www.facecorner.lv\/shop\/lador-keratin-lpp-shampoo-osmanthus-200ml\/#primaryimage\"},\"thumbnailUrl\":\"https:\/\/www.facecorner.lv\/wp-content\/uploads\/2023\/12\/ix6l69e9xtxkhgwzjtucvpz8hya006mt.jpeg\",\"datePublished\":\"2023-12-18T16:40:59+00:00\",\"dateModified\":\"2025-11-14T13:48:13+00:00\",\"breadcrumb\":{\"@id\":\"https:\/\/www.facecorner.lv\/shop\/lador-keratin-lpp-shampoo-osmanthus-200ml\/#breadcrumb\"},\"inLanguage\":\"lv-LV\",\"potentialAction\":[{\"@type\":\"ReadAction\",\"target\":[\"https:\/\/www.facecorner.lv\/shop\/lador-keratin-lpp-shampoo-osmanthus-200ml\/\"]}]},{\"@type\":\"ImageObject\",\"inLanguage\":\"lv-LV\",\"@id\":\"https:\/\/www.facecorner.lv\/shop\/lador-keratin-lpp-shampoo-osmanthus-200ml\/#primaryimage\",\"url\":\"https:\/\/www.facecorner.lv\/wp-content\/uploads\/2023\/12\/ix6l69e9xtxkhgwzjtucvpz8hya006mt.jpeg\",\"contentUrl\":\"https:\/\/www.facecorner.lv\/wp-content\/uploads\/2023\/12\/ix6l69e9xtxkhgwzjtucvpz8hya006mt.jpeg\",\"width\":900,\"height\":900},{\"@type\":\"BreadcrumbList\",\"@id\":\"https:\/\/www.facecorner.lv\/shop\/lador-keratin-lpp-shampoo-osmanthus-200ml\/#breadcrumb\",\"itemListElement\":[{\"@type\":\"ListItem\",\"position\":1,\"name\":\"Home\",\"item\":\"https:\/\/www.facecorner.lv\/\"},{\"@type\":\"ListItem\",\"position\":2,\"name\":\"Veikals\",\"item\":\"https:\/\/www.facecorner.lv\/shop\/\"},{\"@type\":\"ListItem\",\"position\":3,\"name\":\"Lador Keratin LPP Shampoo Osmanthus 200ml\"}]},{\"@type\":\"WebSite\",\"@id\":\"https:\/\/www.facecorner.lv\/#website\",\"url\":\"https:\/\/www.facecorner.lv\/\",\"name\":\"Facecorner\",\"description\":\"\",\"publisher\":{\"@id\":\"https:\/\/www.facecorner.lv\/#organization\"},\"potentialAction\":[{\"@type\":\"SearchAction\",\"target\":{\"@type\":\"EntryPoint\",\"urlTemplate\":\"https:\/\/www.facecorner.lv\/?s={search_term_string}\"},\"query-input\":{\"@type\":\"PropertyValueSpecification\",\"valueRequired\":true,\"valueName\":\"search_term_string\"}}],\"inLanguage\":\"lv-LV\"},{\"@type\":\"Organization\",\"@id\":\"https:\/\/www.facecorner.lv\/#organization\",\"name\":\"Facecorner\",\"url\":\"https:\/\/www.facecorner.lv\/\",\"logo\":{\"@type\":\"ImageObject\",\"inLanguage\":\"lv-LV\",\"@id\":\"https:\/\/www.facecorner.lv\/#\/schema\/logo\/image\/\",\"url\":\"https:\/\/www.facecorner.lv\/wp-content\/uploads\/2024\/04\/fc-logo.jpg\",\"contentUrl\":\"https:\/\/www.facecorner.lv\/wp-content\/uploads\/2024\/04\/fc-logo.jpg\",\"width\":174,\"height\":28,\"caption\":\"Facecorner\"},\"image\":{\"@id\":\"https:\/\/www.facecorner.lv\/#\/schema\/logo\/image\/\"},\"sameAs\":[\"https:\/\/www.facebook.com\/profile.php?id=100063824551839\",\"https:\/\/www.instagram.com\/facecorner_shop\/\"]}]}<\/script>\n<meta property=\"product:price:amount\" content=\"14.50\" \/>\n<meta property=\"product:price:currency\" content=\"EUR\" \/>\n<meta property=\"og:availability\" content=\"out of stock\" \/>\n<meta property=\"product:availability\" content=\"out of stock\" \/>\n<meta property=\"product:condition\" content=\"new\" \/>\n<!-- \/ Yoast SEO plugin. -->","yoast_head_json":{"title":"Lador Keratin LPP Shampoo Osmanthus 200ml - FACECORNER","robots":{"index":"index","follow":"follow","max-snippet":"max-snippet:-1","max-image-preview":"max-image-preview:large","max-video-preview":"max-video-preview:-1"},"canonical":"https:\/\/www.facecorner.lv\/lv\/shop\/lador-keratin-lpp-shampoo-osmanthus-200ml\/","og_locale":"lv_LV","og_type":"article","og_title":"Lador Keratin LPP Shampoo Osmanthus 200ml - FACECORNER","og_description":"Parfim\u0113ts sulf\u0101tu nesaturo\u0161s \u0161amp\u016bns ar kerat\u012bnu Lador Keratin LPP Shampoo Osmanthus ir sp\u0113c\u012bgs dziedino\u0161s efekts, atjauno un piepilda boj\u0101tos matu folikulus, nov\u0113r\u0161 trauslumu un matu galu \u0161\u0137el\u0161anos. Tam ir atsvaidzino\u0161s osmanthus arom\u0101ts ar persiku-apriko\u017eu ska\u0146u. Produkts lieliski noskalo, no\u0146em visus net\u012brumus un lieko sebumu. Nobl\u012bv\u0113 un aizsarg\u0101 pret trauslumu, baro un veicina mitruma aizturi matu [&hellip;]","og_url":"https:\/\/www.facecorner.lv\/lv\/shop\/lador-keratin-lpp-shampoo-osmanthus-200ml\/","og_site_name":"FACECORNER","article_publisher":"https:\/\/www.facebook.com\/profile.php?id=100063824551839","article_modified_time":"2025-11-14T13:48:13+00:00","og_image":[{"width":900,"height":900,"url":"https:\/\/www.facecorner.lv\/wp-content\/uploads\/2023\/12\/ix6l69e9xtxkhgwzjtucvpz8hya006mt.jpeg","type":"image\/jpeg"}],"twitter_card":"summary_large_image","twitter_misc":{"Price":"&euro;14.50","Availability":"Out of stock"},"schema":{"@context":"https:\/\/schema.org","@graph":[{"@type":"WebPage","@id":"https:\/\/www.facecorner.lv\/shop\/lador-keratin-lpp-shampoo-osmanthus-200ml\/","url":"https:\/\/www.facecorner.lv\/shop\/lador-keratin-lpp-shampoo-osmanthus-200ml\/","name":"Lador Keratin LPP Shampoo Osmanthus 200ml - FACECORNER","isPartOf":{"@id":"https:\/\/www.facecorner.lv\/#website"},"primaryImageOfPage":{"@id":"https:\/\/www.facecorner.lv\/shop\/lador-keratin-lpp-shampoo-osmanthus-200ml\/#primaryimage"},"image":{"@id":"https:\/\/www.facecorner.lv\/shop\/lador-keratin-lpp-shampoo-osmanthus-200ml\/#primaryimage"},"thumbnailUrl":"https:\/\/www.facecorner.lv\/wp-content\/uploads\/2023\/12\/ix6l69e9xtxkhgwzjtucvpz8hya006mt.jpeg","datePublished":"2023-12-18T16:40:59+00:00","dateModified":"2025-11-14T13:48:13+00:00","breadcrumb":{"@id":"https:\/\/www.facecorner.lv\/shop\/lador-keratin-lpp-shampoo-osmanthus-200ml\/#breadcrumb"},"inLanguage":"lv-LV","potentialAction":[{"@type":"ReadAction","target":["https:\/\/www.facecorner.lv\/shop\/lador-keratin-lpp-shampoo-osmanthus-200ml\/"]}]},{"@type":"ImageObject","inLanguage":"lv-LV","@id":"https:\/\/www.facecorner.lv\/shop\/lador-keratin-lpp-shampoo-osmanthus-200ml\/#primaryimage","url":"https:\/\/www.facecorner.lv\/wp-content\/uploads\/2023\/12\/ix6l69e9xtxkhgwzjtucvpz8hya006mt.jpeg","contentUrl":"https:\/\/www.facecorner.lv\/wp-content\/uploads\/2023\/12\/ix6l69e9xtxkhgwzjtucvpz8hya006mt.jpeg","width":900,"height":900},{"@type":"BreadcrumbList","@id":"https:\/\/www.facecorner.lv\/shop\/lador-keratin-lpp-shampoo-osmanthus-200ml\/#breadcrumb","itemListElement":[{"@type":"ListItem","position":1,"name":"Home","item":"https:\/\/www.facecorner.lv\/"},{"@type":"ListItem","position":2,"name":"Veikals","item":"https:\/\/www.facecorner.lv\/shop\/"},{"@type":"ListItem","position":3,"name":"Lador Keratin LPP Shampoo Osmanthus 200ml"}]},{"@type":"WebSite","@id":"https:\/\/www.facecorner.lv\/#website","url":"https:\/\/www.facecorner.lv\/","name":"Facecorner","description":"","publisher":{"@id":"https:\/\/www.facecorner.lv\/#organization"},"potentialAction":[{"@type":"SearchAction","target":{"@type":"EntryPoint","urlTemplate":"https:\/\/www.facecorner.lv\/?s={search_term_string}"},"query-input":{"@type":"PropertyValueSpecification","valueRequired":true,"valueName":"search_term_string"}}],"inLanguage":"lv-LV"},{"@type":"Organization","@id":"https:\/\/www.facecorner.lv\/#organization","name":"Facecorner","url":"https:\/\/www.facecorner.lv\/","logo":{"@type":"ImageObject","inLanguage":"lv-LV","@id":"https:\/\/www.facecorner.lv\/#\/schema\/logo\/image\/","url":"https:\/\/www.facecorner.lv\/wp-content\/uploads\/2024\/04\/fc-logo.jpg","contentUrl":"https:\/\/www.facecorner.lv\/wp-content\/uploads\/2024\/04\/fc-logo.jpg","width":174,"height":28,"caption":"Facecorner"},"image":{"@id":"https:\/\/www.facecorner.lv\/#\/schema\/logo\/image\/"},"sameAs":["https:\/\/www.facebook.com\/profile.php?id=100063824551839","https:\/\/www.instagram.com\/facecorner_shop\/"]}]},"product_price_amount":"14.50","product_price_currency":"EUR","og_availability":"out of stock","product_availability":"out of stock","product_condition":"new"},"_links":{"self":[{"href":"https:\/\/www.facecorner.lv\/lv\/wp-json\/wp\/v2\/product\/13522","targetHints":{"allow":["GET"]}}],"collection":[{"href":"https:\/\/www.facecorner.lv\/lv\/wp-json\/wp\/v2\/product"}],"about":[{"href":"https:\/\/www.facecorner.lv\/lv\/wp-json\/wp\/v2\/types\/product"}],"replies":[{"embeddable":true,"href":"https:\/\/www.facecorner.lv\/lv\/wp-json\/wp\/v2\/comments?post=13522"}],"wp:featuredmedia":[{"embeddable":true,"href":"https:\/\/www.facecorner.lv\/lv\/wp-json\/wp\/v2\/media\/13523"}],"wp:attachment":[{"href":"https:\/\/www.facecorner.lv\/lv\/wp-json\/wp\/v2\/media?parent=13522"}],"wp:term":[{"taxonomy":"product_brand","embeddable":true,"href":"https:\/\/www.facecorner.lv\/lv\/wp-json\/wp\/v2\/product_brand?post=13522"},{"taxonomy":"product_cat","embeddable":true,"href":"https:\/\/www.facecorner.lv\/lv\/wp-json\/wp\/v2\/product_cat?post=13522"},{"taxonomy":"product_tag","embeddable":true,"href":"https:\/\/www.facecorner.lv\/lv\/wp-json\/wp\/v2\/product_tag?post=13522"},{"taxonomy":"berocket_brand","embeddable":true,"href":"https:\/\/www.facecorner.lv\/lv\/wp-json\/wp\/v2\/berocket_brand?post=13522"}],"curies":[{"name":"wp","href":"https:\/\/api.w.org\/{rel}","templated":true}]}}