{"id":13499,"date":"2023-12-18T17:35:38","date_gmt":"2023-12-18T15:35:38","guid":{"rendered":"https:\/\/www.facecorner.lv\/?post_type=product&#038;p=13499"},"modified":"2025-09-22T13:41:26","modified_gmt":"2025-09-22T10:41:26","slug":"torriden-dive-in-low-molecule-hyaluronic-acid-toner-300ml","status":"publish","type":"product","link":"https:\/\/www.facecorner.lv\/lv\/shop\/torriden-dive-in-low-molecule-hyaluronic-acid-toner-300ml\/","title":{"rendered":"Torriden DIVE IN Low Molecule Hyaluronic Acid Toner 300ml"},"content":{"rendered":"<p>Mitrino\u0161s mazmolekul\u0101rais hialuronsk\u0101bes toniks Torriden DIVE IN zemas molekulas hialuronsk\u0101bes toniks taukainas un dehidr\u0113tas sejas \u0101das kop\u0161anai, acumirkl\u012b pies\u0101tina \u0101du ar dz\u012bvino\u0161u mitrumu, saglab\u0101jot to dzi\u013cajos un aug\u0161\u0113jos \u0101das sl\u0101\u0146os, kas nodro\u0161ina ilgsto\u0161u. un dzi\u013ci mitrino\u0161s efekts.<\/p>\n<p>Toniks nomierina, m\u012bkstina un izl\u012bdzina epidermas virsmu, padarot \u0101du maigu un z\u012bdainu.<\/p>\n<p>Produktam ir viegla \u016bde\u0146aina konsistence, viegli kl\u0101jas pa seju un \u0101tri ies\u016bcas, neatst\u0101jot lip\u012bgu saj\u016btu p\u0113c uzkl\u0101\u0161anas.<\/p>\n<p>Toniks pilda diri\u0123enta lomu, lieliski sagatavo \u0101du turpm\u0101kai kop\u0161anai, ieved visas akt\u012bv\u0101s sast\u0101vda\u013cas epidermas dzi\u013cajos sl\u0101\u0146os un veicina to lab\u0101ku uzs\u016bk\u0161anos.<\/p>\n<p>Produkts ir dermatolo\u0123iski p\u0101rbaud\u012bts un atz\u012bts par dro\u0161u jut\u012bgai \u0101dai.<\/p>\n<p><strong>Galven\u0101s akt\u012bv\u0101s sast\u0101vda\u013cas:<\/strong><\/p>\n<ul>\n<li>\u00a0augstas molekulmasas hialuronsk\u0101be veido pl\u0101nu k\u0101rti\u0146u-\u201cbarjeru\u201d uz \u0101das virsmas, kas \u201cpievelk\u201d mitrumu no gaisa un notur to aug\u0161\u0113jos sl\u0101\u0146os, pasarg\u0101jot to no dehidrat\u0101cijas;<\/li>\n<li>\u00a0zemas molekulmasas hialuronsk\u0101be iek\u013c\u016bst dzi\u013c\u0101kajos epidermas sl\u0101\u0146os un mitrina tos;<\/li>\n<li>alanto\u012bns ir sp\u0113c\u012bgs augu izcelsmes antioksidants ar nomierino\u0161\u0101m un mitrino\u0161\u0101m \u012bpa\u0161\u012bb\u0101m. Tam ir ar\u012b keratol\u012btiska \u012bpa\u0161\u012bba, kuras d\u0113\u013c tas iz\u0161\u0137\u012bdina atmiru\u0161\u0101s \u0101das \u0161\u016bnas, kas pal\u012bdz atjaunot epidermas reljefu, izl\u012bdzina to un padara to z\u012bdainu uz tausti;<\/li>\n<li>ar varu bag\u0101tais malah\u012bta ekstrakts stimul\u0113 \u0101das aizsargfunkcijas c\u012bn\u012bties ar br\u012bvajiem radik\u0101\u013ciem un ierobe\u017eot oksidat\u012bvo stresu, atjauno \u0101das strukt\u016bras, kas veicina \u016bdens aizturi \u0161\u016bn\u0101s.<\/li>\n<\/ul>\n<p><strong>Lieto\u0161anas veids:\u00a0<\/strong>Uzkl\u0101jiet uz vates diska un noslaukiet visu \u0101du, s\u0101kot no sejas centra. Vai ar\u012b sadaliet nelielu daudzumu plaukst\u0101 un uzkl\u0101jiet uz sejas ar maig\u0101m gl\u0101st\u012b\u0161anas kust\u012bb\u0101m.<\/p>\n<p><strong>S\u0101stavs:\u00a0<\/strong>Water, Butylene Glycol, Dipropylene Glycol, 1,2-Hexanediol, Glycerin, Betaine, Allantoin, Panthenol, Portulaca Oleracea Extract, Trehalose, Sodium Hyaluronate, Hydrolyzed Hyaluronic Acid (100pp), Sodium Hyaluronate Crosspolymer, Hydrolyzed Sodium Hyaluronate, Sodium Acetylated Hyaluronate, 2,3-Butanediol, Pentylene Glycol, Malachite Extract, Disodium EDTA, Ethylhexylglycerin<\/p>\n","protected":false},"excerpt":{"rendered":"<p>Mitrino\u0161s mazmolekul\u0101rais hialuronsk\u0101bes toniks Torriden DIVE IN zemas molekulas hialuronsk\u0101bes toniks taukainas un dehidr\u0113tas sejas \u0101das kop\u0161anai, acumirkl\u012b pies\u0101tina \u0101du ar dz\u012bvino\u0161u mitrumu, saglab\u0101jot to dzi\u013cajos un aug\u0161\u0113jos \u0101das sl\u0101\u0146os, kas nodro\u0161ina ilgsto\u0161u. un dzi\u013ci mitrino\u0161s efekts. Toniks nomierina, m\u012bkstina un izl\u012bdzina epidermas virsmu, padarot \u0101du maigu un z\u012bdainu. Produktam ir viegla \u016bde\u0146aina konsistence, viegli [&hellip;]<\/p>\n","protected":false},"featured_media":13500,"comment_status":"open","ping_status":"closed","template":"","meta":{"site-sidebar-layout":"default","site-content-layout":"","ast-site-content-layout":"","site-content-style":"default","site-sidebar-style":"default","ast-global-header-display":"","ast-banner-title-visibility":"","ast-main-header-display":"","ast-hfb-above-header-display":"","ast-hfb-below-header-display":"","ast-hfb-mobile-header-display":"","site-post-title":"","ast-breadcrumbs-content":"","ast-featured-img":"","footer-sml-layout":"","theme-transparent-header-meta":"","adv-header-id-meta":"","stick-header-meta":"","header-above-stick-meta":"","header-main-stick-meta":"","header-below-stick-meta":"","astra-migrate-meta-layouts":"default","ast-page-background-enabled":"default","ast-page-background-meta":{"desktop":{"background-color":"var(--ast-global-color-4)","background-image":"","background-repeat":"repeat","background-position":"center center","background-size":"auto","background-attachment":"scroll","background-type":"","background-media":"","overlay-type":"","overlay-color":"","overlay-opacity":"","overlay-gradient":""},"tablet":{"background-color":"","background-image":"","background-repeat":"repeat","background-position":"center center","background-size":"auto","background-attachment":"scroll","background-type":"","background-media":"","overlay-type":"","overlay-color":"","overlay-opacity":"","overlay-gradient":""},"mobile":{"background-color":"","background-image":"","background-repeat":"repeat","background-position":"center center","background-size":"auto","background-attachment":"scroll","background-type":"","background-media":"","overlay-type":"","overlay-color":"","overlay-opacity":"","overlay-gradient":""}},"ast-content-background-meta":{"desktop":{"background-color":"var(--ast-global-color-5)","background-image":"","background-repeat":"repeat","background-position":"center center","background-size":"auto","background-attachment":"scroll","background-type":"","background-media":"","overlay-type":"","overlay-color":"","overlay-opacity":"","overlay-gradient":""},"tablet":{"background-color":"var(--ast-global-color-5)","background-image":"","background-repeat":"repeat","background-position":"center center","background-size":"auto","background-attachment":"scroll","background-type":"","background-media":"","overlay-type":"","overlay-color":"","overlay-opacity":"","overlay-gradient":""},"mobile":{"background-color":"var(--ast-global-color-5)","background-image":"","background-repeat":"repeat","background-position":"center center","background-size":"auto","background-attachment":"scroll","background-type":"","background-media":"","overlay-type":"","overlay-color":"","overlay-opacity":"","overlay-gradient":""}}},"product_brand":[],"product_cat":[375,378,364,376],"product_tag":[],"berocket_brand":[624],"class_list":{"0":"post-13499","1":"product","2":"type-product","3":"status-publish","4":"has-post-thumbnail","6":"product_cat-jutigai-adai-toneri","7":"product_cat-sausai-adai-toneri","8":"product_cat-toneri","9":"product_cat-kombinetai-adai-toneri","10":"berocket_brand-torriden","11":"desktop-align-left","12":"tablet-align-left","13":"mobile-align-left","15":"first","16":"instock","17":"taxable","18":"shipping-taxable","19":"purchasable","20":"product-type-simple","21":"add-to-wishlist-before_image"},"yoast_head":"<!-- This site is optimized with the Yoast SEO plugin v27.4 - https:\/\/yoast.com\/product\/yoast-seo-wordpress\/ -->\n<title>Torriden DIVE IN Low Molecule Hyaluronic Acid Toner 300ml - FACECORNER<\/title>\n<meta name=\"robots\" content=\"index, follow, max-snippet:-1, max-image-preview:large, max-video-preview:-1\" \/>\n<link rel=\"canonical\" href=\"https:\/\/www.facecorner.lv\/lv\/shop\/torriden-dive-in-low-molecule-hyaluronic-acid-toner-300ml\/\" \/>\n<meta property=\"og:locale\" content=\"lv_LV\" \/>\n<meta property=\"og:type\" content=\"article\" \/>\n<meta property=\"og:title\" content=\"Torriden DIVE IN Low Molecule Hyaluronic Acid Toner 300ml - FACECORNER\" \/>\n<meta property=\"og:description\" content=\"Mitrino\u0161s mazmolekul\u0101rais hialuronsk\u0101bes toniks Torriden DIVE IN zemas molekulas hialuronsk\u0101bes toniks taukainas un dehidr\u0113tas sejas \u0101das kop\u0161anai, acumirkl\u012b pies\u0101tina \u0101du ar dz\u012bvino\u0161u mitrumu, saglab\u0101jot to dzi\u013cajos un aug\u0161\u0113jos \u0101das sl\u0101\u0146os, kas nodro\u0161ina ilgsto\u0161u. un dzi\u013ci mitrino\u0161s efekts. Toniks nomierina, m\u012bkstina un izl\u012bdzina epidermas virsmu, padarot \u0101du maigu un z\u012bdainu. Produktam ir viegla \u016bde\u0146aina konsistence, viegli [&hellip;]\" \/>\n<meta property=\"og:url\" content=\"https:\/\/www.facecorner.lv\/lv\/shop\/torriden-dive-in-low-molecule-hyaluronic-acid-toner-300ml\/\" \/>\n<meta property=\"og:site_name\" content=\"FACECORNER\" \/>\n<meta property=\"article:publisher\" content=\"https:\/\/www.facebook.com\/profile.php?id=100063824551839\" \/>\n<meta property=\"article:modified_time\" content=\"2025-09-22T10:41:26+00:00\" \/>\n<meta property=\"og:image\" content=\"https:\/\/www.facecorner.lv\/wp-content\/uploads\/2023\/12\/c272cce6-b03d-4cfe-bbd5-82051e101e9e-550x550-1.jpeg\" \/>\n\t<meta property=\"og:image:width\" content=\"550\" \/>\n\t<meta property=\"og:image:height\" content=\"550\" \/>\n\t<meta property=\"og:image:type\" content=\"image\/jpeg\" \/>\n<meta name=\"twitter:card\" content=\"summary_large_image\" \/>\n<meta name=\"twitter:label1\" content=\"Price\" \/>\n\t<meta name=\"twitter:data1\" content=\"&euro;22.00\" \/>\n\t<meta name=\"twitter:label2\" content=\"Availability\" \/>\n\t<meta name=\"twitter:data2\" content=\"In stock\" \/>\n<script type=\"application\/ld+json\" class=\"yoast-schema-graph\">{\"@context\":\"https:\\\/\\\/schema.org\",\"@graph\":[{\"@type\":\"WebPage\",\"@id\":\"https:\\\/\\\/www.facecorner.lv\\\/shop\\\/torriden-dive-in-low-molecule-hyaluronic-acid-toner-300ml\\\/\",\"url\":\"https:\\\/\\\/www.facecorner.lv\\\/shop\\\/torriden-dive-in-low-molecule-hyaluronic-acid-toner-300ml\\\/\",\"name\":\"Torriden DIVE IN Low Molecule Hyaluronic Acid Toner 300ml - FACECORNER\",\"isPartOf\":{\"@id\":\"https:\\\/\\\/www.facecorner.lv\\\/#website\"},\"primaryImageOfPage\":{\"@id\":\"https:\\\/\\\/www.facecorner.lv\\\/shop\\\/torriden-dive-in-low-molecule-hyaluronic-acid-toner-300ml\\\/#primaryimage\"},\"image\":{\"@id\":\"https:\\\/\\\/www.facecorner.lv\\\/shop\\\/torriden-dive-in-low-molecule-hyaluronic-acid-toner-300ml\\\/#primaryimage\"},\"thumbnailUrl\":\"https:\\\/\\\/www.facecorner.lv\\\/wp-content\\\/uploads\\\/2023\\\/12\\\/c272cce6-b03d-4cfe-bbd5-82051e101e9e-550x550-1.jpeg\",\"datePublished\":\"2023-12-18T15:35:38+00:00\",\"dateModified\":\"2025-09-22T10:41:26+00:00\",\"breadcrumb\":{\"@id\":\"https:\\\/\\\/www.facecorner.lv\\\/shop\\\/torriden-dive-in-low-molecule-hyaluronic-acid-toner-300ml\\\/#breadcrumb\"},\"inLanguage\":\"lv-LV\",\"potentialAction\":[{\"@type\":\"ReadAction\",\"target\":[\"https:\\\/\\\/www.facecorner.lv\\\/shop\\\/torriden-dive-in-low-molecule-hyaluronic-acid-toner-300ml\\\/\"]}]},{\"@type\":\"ImageObject\",\"inLanguage\":\"lv-LV\",\"@id\":\"https:\\\/\\\/www.facecorner.lv\\\/shop\\\/torriden-dive-in-low-molecule-hyaluronic-acid-toner-300ml\\\/#primaryimage\",\"url\":\"https:\\\/\\\/www.facecorner.lv\\\/wp-content\\\/uploads\\\/2023\\\/12\\\/c272cce6-b03d-4cfe-bbd5-82051e101e9e-550x550-1.jpeg\",\"contentUrl\":\"https:\\\/\\\/www.facecorner.lv\\\/wp-content\\\/uploads\\\/2023\\\/12\\\/c272cce6-b03d-4cfe-bbd5-82051e101e9e-550x550-1.jpeg\",\"width\":550,\"height\":550},{\"@type\":\"BreadcrumbList\",\"@id\":\"https:\\\/\\\/www.facecorner.lv\\\/shop\\\/torriden-dive-in-low-molecule-hyaluronic-acid-toner-300ml\\\/#breadcrumb\",\"itemListElement\":[{\"@type\":\"ListItem\",\"position\":1,\"name\":\"Home\",\"item\":\"https:\\\/\\\/www.facecorner.lv\\\/\"},{\"@type\":\"ListItem\",\"position\":2,\"name\":\"Veikals\",\"item\":\"https:\\\/\\\/www.facecorner.lv\\\/shop\\\/\"},{\"@type\":\"ListItem\",\"position\":3,\"name\":\"Torriden DIVE IN Low Molecule Hyaluronic Acid Toner 300ml\"}]},{\"@type\":\"WebSite\",\"@id\":\"https:\\\/\\\/www.facecorner.lv\\\/#website\",\"url\":\"https:\\\/\\\/www.facecorner.lv\\\/\",\"name\":\"Facecorner\",\"description\":\"\",\"publisher\":{\"@id\":\"https:\\\/\\\/www.facecorner.lv\\\/#organization\"},\"potentialAction\":[{\"@type\":\"SearchAction\",\"target\":{\"@type\":\"EntryPoint\",\"urlTemplate\":\"https:\\\/\\\/www.facecorner.lv\\\/?s={search_term_string}\"},\"query-input\":{\"@type\":\"PropertyValueSpecification\",\"valueRequired\":true,\"valueName\":\"search_term_string\"}}],\"inLanguage\":\"lv-LV\"},{\"@type\":\"Organization\",\"@id\":\"https:\\\/\\\/www.facecorner.lv\\\/#organization\",\"name\":\"Facecorner\",\"url\":\"https:\\\/\\\/www.facecorner.lv\\\/\",\"logo\":{\"@type\":\"ImageObject\",\"inLanguage\":\"lv-LV\",\"@id\":\"https:\\\/\\\/www.facecorner.lv\\\/#\\\/schema\\\/logo\\\/image\\\/\",\"url\":\"https:\\\/\\\/www.facecorner.lv\\\/wp-content\\\/uploads\\\/2024\\\/04\\\/fc-logo.jpg\",\"contentUrl\":\"https:\\\/\\\/www.facecorner.lv\\\/wp-content\\\/uploads\\\/2024\\\/04\\\/fc-logo.jpg\",\"width\":174,\"height\":28,\"caption\":\"Facecorner\"},\"image\":{\"@id\":\"https:\\\/\\\/www.facecorner.lv\\\/#\\\/schema\\\/logo\\\/image\\\/\"},\"sameAs\":[\"https:\\\/\\\/www.facebook.com\\\/profile.php?id=100063824551839\",\"https:\\\/\\\/www.instagram.com\\\/facecorner_shop\\\/\"]}]}<\/script>\n<meta property=\"product:price:amount\" content=\"22.00\" \/>\n<meta property=\"product:price:currency\" content=\"EUR\" \/>\n<meta property=\"og:availability\" content=\"instock\" \/>\n<meta property=\"product:availability\" content=\"instock\" \/>\n<meta property=\"product:condition\" content=\"new\" \/>\n<!-- \/ Yoast SEO plugin. -->","yoast_head_json":{"title":"Torriden DIVE IN Low Molecule Hyaluronic Acid Toner 300ml - FACECORNER","robots":{"index":"index","follow":"follow","max-snippet":"max-snippet:-1","max-image-preview":"max-image-preview:large","max-video-preview":"max-video-preview:-1"},"canonical":"https:\/\/www.facecorner.lv\/lv\/shop\/torriden-dive-in-low-molecule-hyaluronic-acid-toner-300ml\/","og_locale":"lv_LV","og_type":"article","og_title":"Torriden DIVE IN Low Molecule Hyaluronic Acid Toner 300ml - FACECORNER","og_description":"Mitrino\u0161s mazmolekul\u0101rais hialuronsk\u0101bes toniks Torriden DIVE IN zemas molekulas hialuronsk\u0101bes toniks taukainas un dehidr\u0113tas sejas \u0101das kop\u0161anai, acumirkl\u012b pies\u0101tina \u0101du ar dz\u012bvino\u0161u mitrumu, saglab\u0101jot to dzi\u013cajos un aug\u0161\u0113jos \u0101das sl\u0101\u0146os, kas nodro\u0161ina ilgsto\u0161u. un dzi\u013ci mitrino\u0161s efekts. Toniks nomierina, m\u012bkstina un izl\u012bdzina epidermas virsmu, padarot \u0101du maigu un z\u012bdainu. Produktam ir viegla \u016bde\u0146aina konsistence, viegli [&hellip;]","og_url":"https:\/\/www.facecorner.lv\/lv\/shop\/torriden-dive-in-low-molecule-hyaluronic-acid-toner-300ml\/","og_site_name":"FACECORNER","article_publisher":"https:\/\/www.facebook.com\/profile.php?id=100063824551839","article_modified_time":"2025-09-22T10:41:26+00:00","og_image":[{"width":550,"height":550,"url":"https:\/\/www.facecorner.lv\/wp-content\/uploads\/2023\/12\/c272cce6-b03d-4cfe-bbd5-82051e101e9e-550x550-1.jpeg","type":"image\/jpeg"}],"twitter_card":"summary_large_image","twitter_misc":{"Price":"&euro;22.00","Availability":"In stock"},"schema":{"@context":"https:\/\/schema.org","@graph":[{"@type":"WebPage","@id":"https:\/\/www.facecorner.lv\/shop\/torriden-dive-in-low-molecule-hyaluronic-acid-toner-300ml\/","url":"https:\/\/www.facecorner.lv\/shop\/torriden-dive-in-low-molecule-hyaluronic-acid-toner-300ml\/","name":"Torriden DIVE IN Low Molecule Hyaluronic Acid Toner 300ml - FACECORNER","isPartOf":{"@id":"https:\/\/www.facecorner.lv\/#website"},"primaryImageOfPage":{"@id":"https:\/\/www.facecorner.lv\/shop\/torriden-dive-in-low-molecule-hyaluronic-acid-toner-300ml\/#primaryimage"},"image":{"@id":"https:\/\/www.facecorner.lv\/shop\/torriden-dive-in-low-molecule-hyaluronic-acid-toner-300ml\/#primaryimage"},"thumbnailUrl":"https:\/\/www.facecorner.lv\/wp-content\/uploads\/2023\/12\/c272cce6-b03d-4cfe-bbd5-82051e101e9e-550x550-1.jpeg","datePublished":"2023-12-18T15:35:38+00:00","dateModified":"2025-09-22T10:41:26+00:00","breadcrumb":{"@id":"https:\/\/www.facecorner.lv\/shop\/torriden-dive-in-low-molecule-hyaluronic-acid-toner-300ml\/#breadcrumb"},"inLanguage":"lv-LV","potentialAction":[{"@type":"ReadAction","target":["https:\/\/www.facecorner.lv\/shop\/torriden-dive-in-low-molecule-hyaluronic-acid-toner-300ml\/"]}]},{"@type":"ImageObject","inLanguage":"lv-LV","@id":"https:\/\/www.facecorner.lv\/shop\/torriden-dive-in-low-molecule-hyaluronic-acid-toner-300ml\/#primaryimage","url":"https:\/\/www.facecorner.lv\/wp-content\/uploads\/2023\/12\/c272cce6-b03d-4cfe-bbd5-82051e101e9e-550x550-1.jpeg","contentUrl":"https:\/\/www.facecorner.lv\/wp-content\/uploads\/2023\/12\/c272cce6-b03d-4cfe-bbd5-82051e101e9e-550x550-1.jpeg","width":550,"height":550},{"@type":"BreadcrumbList","@id":"https:\/\/www.facecorner.lv\/shop\/torriden-dive-in-low-molecule-hyaluronic-acid-toner-300ml\/#breadcrumb","itemListElement":[{"@type":"ListItem","position":1,"name":"Home","item":"https:\/\/www.facecorner.lv\/"},{"@type":"ListItem","position":2,"name":"Veikals","item":"https:\/\/www.facecorner.lv\/shop\/"},{"@type":"ListItem","position":3,"name":"Torriden DIVE IN Low Molecule Hyaluronic Acid Toner 300ml"}]},{"@type":"WebSite","@id":"https:\/\/www.facecorner.lv\/#website","url":"https:\/\/www.facecorner.lv\/","name":"Facecorner","description":"","publisher":{"@id":"https:\/\/www.facecorner.lv\/#organization"},"potentialAction":[{"@type":"SearchAction","target":{"@type":"EntryPoint","urlTemplate":"https:\/\/www.facecorner.lv\/?s={search_term_string}"},"query-input":{"@type":"PropertyValueSpecification","valueRequired":true,"valueName":"search_term_string"}}],"inLanguage":"lv-LV"},{"@type":"Organization","@id":"https:\/\/www.facecorner.lv\/#organization","name":"Facecorner","url":"https:\/\/www.facecorner.lv\/","logo":{"@type":"ImageObject","inLanguage":"lv-LV","@id":"https:\/\/www.facecorner.lv\/#\/schema\/logo\/image\/","url":"https:\/\/www.facecorner.lv\/wp-content\/uploads\/2024\/04\/fc-logo.jpg","contentUrl":"https:\/\/www.facecorner.lv\/wp-content\/uploads\/2024\/04\/fc-logo.jpg","width":174,"height":28,"caption":"Facecorner"},"image":{"@id":"https:\/\/www.facecorner.lv\/#\/schema\/logo\/image\/"},"sameAs":["https:\/\/www.facebook.com\/profile.php?id=100063824551839","https:\/\/www.instagram.com\/facecorner_shop\/"]}]},"product_price_amount":"22.00","product_price_currency":"EUR","og_availability":"instock","product_availability":"instock","product_condition":"new"},"_links":{"self":[{"href":"https:\/\/www.facecorner.lv\/lv\/wp-json\/wp\/v2\/product\/13499","targetHints":{"allow":["GET"]}}],"collection":[{"href":"https:\/\/www.facecorner.lv\/lv\/wp-json\/wp\/v2\/product"}],"about":[{"href":"https:\/\/www.facecorner.lv\/lv\/wp-json\/wp\/v2\/types\/product"}],"replies":[{"embeddable":true,"href":"https:\/\/www.facecorner.lv\/lv\/wp-json\/wp\/v2\/comments?post=13499"}],"wp:featuredmedia":[{"embeddable":true,"href":"https:\/\/www.facecorner.lv\/lv\/wp-json\/wp\/v2\/media\/13500"}],"wp:attachment":[{"href":"https:\/\/www.facecorner.lv\/lv\/wp-json\/wp\/v2\/media?parent=13499"}],"wp:term":[{"taxonomy":"product_brand","embeddable":true,"href":"https:\/\/www.facecorner.lv\/lv\/wp-json\/wp\/v2\/product_brand?post=13499"},{"taxonomy":"product_cat","embeddable":true,"href":"https:\/\/www.facecorner.lv\/lv\/wp-json\/wp\/v2\/product_cat?post=13499"},{"taxonomy":"product_tag","embeddable":true,"href":"https:\/\/www.facecorner.lv\/lv\/wp-json\/wp\/v2\/product_tag?post=13499"},{"taxonomy":"berocket_brand","embeddable":true,"href":"https:\/\/www.facecorner.lv\/lv\/wp-json\/wp\/v2\/berocket_brand?post=13499"}],"curies":[{"name":"wp","href":"https:\/\/api.w.org\/{rel}","templated":true}]}}