{"id":13493,"date":"2023-12-18T16:22:48","date_gmt":"2023-12-18T14:22:48","guid":{"rendered":"https:\/\/www.facecorner.lv\/?post_type=product&#038;p=13493"},"modified":"2025-02-19T14:08:22","modified_gmt":"2025-02-19T11:08:22","slug":"cosrx-pure-fit-cica-creamy-foam-cleanser-150ml","status":"publish","type":"product","link":"https:\/\/www.facecorner.lv\/lv\/shop\/cosrx-pure-fit-cica-creamy-foam-cleanser-150ml\/","title":{"rendered":"COSRX Pure Fit Cica Creamy Foam Cleanser 150ml"},"content":{"rendered":"<p>M\u012bkstas putas jut\u012bgai \u0101dai Cosrx Pure Fit Cica Cleanser maigi att\u012bra no visa veida net\u012brumiem, putek\u013ciem un kosm\u0113tikas atlikumiem. Likvid\u0113 lieko sebumu, neizjaucot lip\u012bdu l\u012bdzsvaru. Atjauno problem\u0101tisku \u0101du ar noslieci uz pinn\u0113m, rosaceju un rosaceju. Intens\u012bvi mitrina, veicina mitruma aizturi, mazina iekaisumu un aps\u0101rtumu.<\/p>\n<p>Maigi noloba atmiru\u0161\u0101s \u0101das \u0161\u016bnas, izl\u012bdzina \u0101das tekst\u016bru un uzlabo tonusu, atdz\u012bvinot sejas kr\u0101su. Nov\u0113r\u0161 jaunu iekaisumu ra\u0161anos, c\u012bn\u0101s ar aps\u0101rtumu un padara rosaceju maz\u0101k izteiktu.<\/p>\n<p>Produkts ir hipoaler\u0123isks, nesatur miner\u0101le\u013c\u013cas, sulf\u0101tus, parab\u0113nus, alkoholu un sint\u0113tiskas smar\u017evielas, k\u0101 ar\u012b nav test\u0113ts uz dz\u012bvniekiem.<\/p>\n<p>Putas satur CICA-7 kompleksu, kas ietver centella asiatica ekstraktu, centella asiatica lapu ekstraktu, centella asiatica sak\u0146u ekstraktu, asiaticoside, asiatic sk\u0101bi, madecasic sk\u0101bi un madecassoside. Komplekss sniedz izteiktu dziedino\u0161u un nomierino\u0161u efektu. Atjauno un m\u012bkstina \u0101du, no\u0146em aps\u0101rtumu un lob\u012b\u0161anos, baro un nostiprina aizsargbarjeru.<\/p>\n<p><strong>Papildu akt\u012bv\u0101s sast\u0101vda\u013cas:<\/strong><\/p>\n<ul>\n<li>Rauga ekstrakts nov\u0113r\u0161 sausumu un veicina kolag\u0113na ra\u017eo\u0161anu. Tam ir liftinga un izl\u012bdzin\u0101\u0161anas efekts, padarot \u0101du elast\u012bg\u0101ku un glud\u0101ku.<\/li>\n<li>Eikalipta e\u013c\u013cai piem\u012bt bakteric\u012bda un pretiekaisuma iedarb\u012bba, t\u0101 nov\u0113r\u0161 pinnes, nomierina kairin\u0101jumu.<br \/>\nPiem\u0113rots jut\u012bgai un problem\u0101tiskai \u0101dai.<\/li>\n<\/ul>\n<p><strong>Lieto\u0161anas nor\u0101d\u012bjumi:<\/strong> sajauciet nelielu produkta daudzumu ar \u016bdeni un saputojiet putas. Ar maig\u0101m mas\u0101\u017eas kust\u012bb\u0101m sadaliet putas pa \u0101du, iemas\u0113jiet un noskalojiet ar siltu \u016bdeni.<\/p>\n<p><strong>S\u0101stavs:\u00a0<\/strong>Water, Sodium Cocoyl Isethionate, Glycerin, Glyceryl Stearate, Stearyl Alcohol, Coco-Betaine, Sodium Methyl Cocoyl Taurate, Sodium Chloride, Coco-Glucoside, Caprylyl Glycol, Glyceryl Caprylate, Citric Acid, Eucalyptus Globulus Leaf Oil, Disodium EDTA, Ocimum Basilicum (Basil) Oil, 1,2-Hexanediol, Quillaja Saponaria Bark Extract, Propanediol, Centella Asiatica Extract, Centella Asiatica Leaf Extract, Centella Asiatica Root Extract, Saccharomyces Ferment, Ethylhexylglycerin, Asiatic Acid, Asiaticoside, Madecassic Acid, Madecassoside, Pinus Pinaster Bark Extract<\/p>\n","protected":false},"excerpt":{"rendered":"<p>M\u012bkstas putas jut\u012bgai \u0101dai Cosrx Pure Fit Cica Cleanser maigi att\u012bra no visa veida net\u012brumiem, putek\u013ciem un kosm\u0113tikas atlikumiem. Likvid\u0113 lieko sebumu, neizjaucot lip\u012bdu l\u012bdzsvaru. Atjauno problem\u0101tisku \u0101du ar noslieci uz pinn\u0113m, rosaceju un rosaceju. Intens\u012bvi mitrina, veicina mitruma aizturi, mazina iekaisumu un aps\u0101rtumu. Maigi noloba atmiru\u0161\u0101s \u0101das \u0161\u016bnas, izl\u012bdzina \u0101das tekst\u016bru un uzlabo tonusu, [&hellip;]<\/p>\n","protected":false},"featured_media":13494,"comment_status":"open","ping_status":"closed","template":"","meta":{"site-sidebar-layout":"default","site-content-layout":"","ast-site-content-layout":"","site-content-style":"default","site-sidebar-style":"default","ast-global-header-display":"","ast-banner-title-visibility":"","ast-main-header-display":"","ast-hfb-above-header-display":"","ast-hfb-below-header-display":"","ast-hfb-mobile-header-display":"","site-post-title":"","ast-breadcrumbs-content":"","ast-featured-img":"","footer-sml-layout":"","theme-transparent-header-meta":"","adv-header-id-meta":"","stick-header-meta":"","header-above-stick-meta":"","header-main-stick-meta":"","header-below-stick-meta":"","astra-migrate-meta-layouts":"default","ast-page-background-enabled":"default","ast-page-background-meta":{"desktop":{"background-color":"var(--ast-global-color-4)","background-image":"","background-repeat":"repeat","background-position":"center center","background-size":"auto","background-attachment":"scroll","background-type":"","background-media":"","overlay-type":"","overlay-color":"","overlay-opacity":"","overlay-gradient":""},"tablet":{"background-color":"","background-image":"","background-repeat":"repeat","background-position":"center center","background-size":"auto","background-attachment":"scroll","background-type":"","background-media":"","overlay-type":"","overlay-color":"","overlay-opacity":"","overlay-gradient":""},"mobile":{"background-color":"","background-image":"","background-repeat":"repeat","background-position":"center center","background-size":"auto","background-attachment":"scroll","background-type":"","background-media":"","overlay-type":"","overlay-color":"","overlay-opacity":"","overlay-gradient":""}},"ast-content-background-meta":{"desktop":{"background-color":"var(--ast-global-color-5)","background-image":"","background-repeat":"repeat","background-position":"center center","background-size":"auto","background-attachment":"scroll","background-type":"","background-media":"","overlay-type":"","overlay-color":"","overlay-opacity":"","overlay-gradient":""},"tablet":{"background-color":"var(--ast-global-color-5)","background-image":"","background-repeat":"repeat","background-position":"center center","background-size":"auto","background-attachment":"scroll","background-type":"","background-media":"","overlay-type":"","overlay-color":"","overlay-opacity":"","overlay-gradient":""},"mobile":{"background-color":"var(--ast-global-color-5)","background-image":"","background-repeat":"repeat","background-position":"center center","background-size":"auto","background-attachment":"scroll","background-type":"","background-media":"","overlay-type":"","overlay-color":"","overlay-opacity":"","overlay-gradient":""}}},"product_brand":[],"product_cat":[310,311,313,317,307],"product_tag":[],"berocket_brand":[],"class_list":{"0":"post-13493","1":"product","2":"type-product","3":"status-publish","4":"has-post-thumbnail","6":"product_cat-attirisana","7":"product_cat-jutigai-adai-attirisana","8":"product_cat-problematiskai-adai-attirisana","9":"product_cat-sausai-adai-attirisana","10":"product_cat-sejai","11":"desktop-align-left","12":"tablet-align-left","13":"mobile-align-left","15":"first","16":"outofstock","17":"taxable","18":"shipping-taxable","19":"purchasable","20":"product-type-simple","21":"add-to-wishlist-before_image"},"yoast_head":"<!-- This site is optimized with the Yoast SEO plugin v27.4 - https:\/\/yoast.com\/product\/yoast-seo-wordpress\/ -->\n<title>COSRX Pure Fit Cica Creamy Foam Cleanser 150ml - FACECORNER<\/title>\n<meta name=\"robots\" content=\"index, follow, max-snippet:-1, max-image-preview:large, max-video-preview:-1\" \/>\n<link rel=\"canonical\" href=\"https:\/\/www.facecorner.lv\/lv\/shop\/cosrx-pure-fit-cica-creamy-foam-cleanser-150ml\/\" \/>\n<meta property=\"og:locale\" content=\"lv_LV\" \/>\n<meta property=\"og:type\" content=\"article\" \/>\n<meta property=\"og:title\" content=\"COSRX Pure Fit Cica Creamy Foam Cleanser 150ml - FACECORNER\" \/>\n<meta property=\"og:description\" content=\"M\u012bkstas putas jut\u012bgai \u0101dai Cosrx Pure Fit Cica Cleanser maigi att\u012bra no visa veida net\u012brumiem, putek\u013ciem un kosm\u0113tikas atlikumiem. Likvid\u0113 lieko sebumu, neizjaucot lip\u012bdu l\u012bdzsvaru. Atjauno problem\u0101tisku \u0101du ar noslieci uz pinn\u0113m, rosaceju un rosaceju. Intens\u012bvi mitrina, veicina mitruma aizturi, mazina iekaisumu un aps\u0101rtumu. Maigi noloba atmiru\u0161\u0101s \u0101das \u0161\u016bnas, izl\u012bdzina \u0101das tekst\u016bru un uzlabo tonusu, [&hellip;]\" \/>\n<meta property=\"og:url\" content=\"https:\/\/www.facecorner.lv\/lv\/shop\/cosrx-pure-fit-cica-creamy-foam-cleanser-150ml\/\" \/>\n<meta property=\"og:site_name\" content=\"FACECORNER\" \/>\n<meta property=\"article:publisher\" content=\"https:\/\/www.facebook.com\/profile.php?id=100063824551839\" \/>\n<meta property=\"article:modified_time\" content=\"2025-02-19T11:08:22+00:00\" \/>\n<meta property=\"og:image\" content=\"https:\/\/www.facecorner.lv\/wp-content\/uploads\/2023\/12\/rus_pl_Cosrx-OCHISHCHAIUSHCHAIA-PENA-Pure-Fit-Cica-Creamy-Foam-Cleanser-75ml-6291_2.webp\" \/>\n\t<meta property=\"og:image:width\" content=\"1500\" \/>\n\t<meta property=\"og:image:height\" content=\"1500\" \/>\n\t<meta property=\"og:image:type\" content=\"image\/webp\" \/>\n<meta name=\"twitter:card\" content=\"summary_large_image\" \/>\n<meta name=\"twitter:label1\" content=\"Price\" \/>\n\t<meta name=\"twitter:data1\" content=\"&euro;19.95\" \/>\n\t<meta name=\"twitter:label2\" content=\"Availability\" \/>\n\t<meta name=\"twitter:data2\" content=\"Out of stock\" \/>\n<script type=\"application\/ld+json\" class=\"yoast-schema-graph\">{\"@context\":\"https:\\\/\\\/schema.org\",\"@graph\":[{\"@type\":\"WebPage\",\"@id\":\"https:\\\/\\\/www.facecorner.lv\\\/shop\\\/cosrx-pure-fit-cica-creamy-foam-cleanser-150ml\\\/\",\"url\":\"https:\\\/\\\/www.facecorner.lv\\\/shop\\\/cosrx-pure-fit-cica-creamy-foam-cleanser-150ml\\\/\",\"name\":\"COSRX Pure Fit Cica Creamy Foam Cleanser 150ml - FACECORNER\",\"isPartOf\":{\"@id\":\"https:\\\/\\\/www.facecorner.lv\\\/#website\"},\"primaryImageOfPage\":{\"@id\":\"https:\\\/\\\/www.facecorner.lv\\\/shop\\\/cosrx-pure-fit-cica-creamy-foam-cleanser-150ml\\\/#primaryimage\"},\"image\":{\"@id\":\"https:\\\/\\\/www.facecorner.lv\\\/shop\\\/cosrx-pure-fit-cica-creamy-foam-cleanser-150ml\\\/#primaryimage\"},\"thumbnailUrl\":\"https:\\\/\\\/www.facecorner.lv\\\/wp-content\\\/uploads\\\/2023\\\/12\\\/rus_pl_Cosrx-OCHISHCHAIUSHCHAIA-PENA-Pure-Fit-Cica-Creamy-Foam-Cleanser-75ml-6291_2.webp\",\"datePublished\":\"2023-12-18T14:22:48+00:00\",\"dateModified\":\"2025-02-19T11:08:22+00:00\",\"breadcrumb\":{\"@id\":\"https:\\\/\\\/www.facecorner.lv\\\/shop\\\/cosrx-pure-fit-cica-creamy-foam-cleanser-150ml\\\/#breadcrumb\"},\"inLanguage\":\"lv-LV\",\"potentialAction\":[{\"@type\":\"ReadAction\",\"target\":[\"https:\\\/\\\/www.facecorner.lv\\\/shop\\\/cosrx-pure-fit-cica-creamy-foam-cleanser-150ml\\\/\"]}]},{\"@type\":\"ImageObject\",\"inLanguage\":\"lv-LV\",\"@id\":\"https:\\\/\\\/www.facecorner.lv\\\/shop\\\/cosrx-pure-fit-cica-creamy-foam-cleanser-150ml\\\/#primaryimage\",\"url\":\"https:\\\/\\\/www.facecorner.lv\\\/wp-content\\\/uploads\\\/2023\\\/12\\\/rus_pl_Cosrx-OCHISHCHAIUSHCHAIA-PENA-Pure-Fit-Cica-Creamy-Foam-Cleanser-75ml-6291_2.webp\",\"contentUrl\":\"https:\\\/\\\/www.facecorner.lv\\\/wp-content\\\/uploads\\\/2023\\\/12\\\/rus_pl_Cosrx-OCHISHCHAIUSHCHAIA-PENA-Pure-Fit-Cica-Creamy-Foam-Cleanser-75ml-6291_2.webp\",\"width\":1500,\"height\":1500},{\"@type\":\"BreadcrumbList\",\"@id\":\"https:\\\/\\\/www.facecorner.lv\\\/shop\\\/cosrx-pure-fit-cica-creamy-foam-cleanser-150ml\\\/#breadcrumb\",\"itemListElement\":[{\"@type\":\"ListItem\",\"position\":1,\"name\":\"Home\",\"item\":\"https:\\\/\\\/www.facecorner.lv\\\/\"},{\"@type\":\"ListItem\",\"position\":2,\"name\":\"Veikals\",\"item\":\"https:\\\/\\\/www.facecorner.lv\\\/shop\\\/\"},{\"@type\":\"ListItem\",\"position\":3,\"name\":\"COSRX Pure Fit Cica Creamy Foam Cleanser 150ml\"}]},{\"@type\":\"WebSite\",\"@id\":\"https:\\\/\\\/www.facecorner.lv\\\/#website\",\"url\":\"https:\\\/\\\/www.facecorner.lv\\\/\",\"name\":\"Facecorner\",\"description\":\"\",\"publisher\":{\"@id\":\"https:\\\/\\\/www.facecorner.lv\\\/#organization\"},\"potentialAction\":[{\"@type\":\"SearchAction\",\"target\":{\"@type\":\"EntryPoint\",\"urlTemplate\":\"https:\\\/\\\/www.facecorner.lv\\\/?s={search_term_string}\"},\"query-input\":{\"@type\":\"PropertyValueSpecification\",\"valueRequired\":true,\"valueName\":\"search_term_string\"}}],\"inLanguage\":\"lv-LV\"},{\"@type\":\"Organization\",\"@id\":\"https:\\\/\\\/www.facecorner.lv\\\/#organization\",\"name\":\"Facecorner\",\"url\":\"https:\\\/\\\/www.facecorner.lv\\\/\",\"logo\":{\"@type\":\"ImageObject\",\"inLanguage\":\"lv-LV\",\"@id\":\"https:\\\/\\\/www.facecorner.lv\\\/#\\\/schema\\\/logo\\\/image\\\/\",\"url\":\"https:\\\/\\\/www.facecorner.lv\\\/wp-content\\\/uploads\\\/2024\\\/04\\\/fc-logo.jpg\",\"contentUrl\":\"https:\\\/\\\/www.facecorner.lv\\\/wp-content\\\/uploads\\\/2024\\\/04\\\/fc-logo.jpg\",\"width\":174,\"height\":28,\"caption\":\"Facecorner\"},\"image\":{\"@id\":\"https:\\\/\\\/www.facecorner.lv\\\/#\\\/schema\\\/logo\\\/image\\\/\"},\"sameAs\":[\"https:\\\/\\\/www.facebook.com\\\/profile.php?id=100063824551839\",\"https:\\\/\\\/www.instagram.com\\\/facecorner_shop\\\/\"]}]}<\/script>\n<meta property=\"product:price:amount\" content=\"19.95\" \/>\n<meta property=\"product:price:currency\" content=\"EUR\" \/>\n<meta property=\"og:availability\" content=\"out of stock\" \/>\n<meta property=\"product:availability\" content=\"out of stock\" \/>\n<meta property=\"product:condition\" content=\"new\" \/>\n<!-- \/ Yoast SEO plugin. -->","yoast_head_json":{"title":"COSRX Pure Fit Cica Creamy Foam Cleanser 150ml - FACECORNER","robots":{"index":"index","follow":"follow","max-snippet":"max-snippet:-1","max-image-preview":"max-image-preview:large","max-video-preview":"max-video-preview:-1"},"canonical":"https:\/\/www.facecorner.lv\/lv\/shop\/cosrx-pure-fit-cica-creamy-foam-cleanser-150ml\/","og_locale":"lv_LV","og_type":"article","og_title":"COSRX Pure Fit Cica Creamy Foam Cleanser 150ml - FACECORNER","og_description":"M\u012bkstas putas jut\u012bgai \u0101dai Cosrx Pure Fit Cica Cleanser maigi att\u012bra no visa veida net\u012brumiem, putek\u013ciem un kosm\u0113tikas atlikumiem. Likvid\u0113 lieko sebumu, neizjaucot lip\u012bdu l\u012bdzsvaru. Atjauno problem\u0101tisku \u0101du ar noslieci uz pinn\u0113m, rosaceju un rosaceju. Intens\u012bvi mitrina, veicina mitruma aizturi, mazina iekaisumu un aps\u0101rtumu. Maigi noloba atmiru\u0161\u0101s \u0101das \u0161\u016bnas, izl\u012bdzina \u0101das tekst\u016bru un uzlabo tonusu, [&hellip;]","og_url":"https:\/\/www.facecorner.lv\/lv\/shop\/cosrx-pure-fit-cica-creamy-foam-cleanser-150ml\/","og_site_name":"FACECORNER","article_publisher":"https:\/\/www.facebook.com\/profile.php?id=100063824551839","article_modified_time":"2025-02-19T11:08:22+00:00","og_image":[{"width":1500,"height":1500,"url":"https:\/\/www.facecorner.lv\/wp-content\/uploads\/2023\/12\/rus_pl_Cosrx-OCHISHCHAIUSHCHAIA-PENA-Pure-Fit-Cica-Creamy-Foam-Cleanser-75ml-6291_2.webp","type":"image\/webp"}],"twitter_card":"summary_large_image","twitter_misc":{"Price":"&euro;19.95","Availability":"Out of stock"},"schema":{"@context":"https:\/\/schema.org","@graph":[{"@type":"WebPage","@id":"https:\/\/www.facecorner.lv\/shop\/cosrx-pure-fit-cica-creamy-foam-cleanser-150ml\/","url":"https:\/\/www.facecorner.lv\/shop\/cosrx-pure-fit-cica-creamy-foam-cleanser-150ml\/","name":"COSRX Pure Fit Cica Creamy Foam Cleanser 150ml - FACECORNER","isPartOf":{"@id":"https:\/\/www.facecorner.lv\/#website"},"primaryImageOfPage":{"@id":"https:\/\/www.facecorner.lv\/shop\/cosrx-pure-fit-cica-creamy-foam-cleanser-150ml\/#primaryimage"},"image":{"@id":"https:\/\/www.facecorner.lv\/shop\/cosrx-pure-fit-cica-creamy-foam-cleanser-150ml\/#primaryimage"},"thumbnailUrl":"https:\/\/www.facecorner.lv\/wp-content\/uploads\/2023\/12\/rus_pl_Cosrx-OCHISHCHAIUSHCHAIA-PENA-Pure-Fit-Cica-Creamy-Foam-Cleanser-75ml-6291_2.webp","datePublished":"2023-12-18T14:22:48+00:00","dateModified":"2025-02-19T11:08:22+00:00","breadcrumb":{"@id":"https:\/\/www.facecorner.lv\/shop\/cosrx-pure-fit-cica-creamy-foam-cleanser-150ml\/#breadcrumb"},"inLanguage":"lv-LV","potentialAction":[{"@type":"ReadAction","target":["https:\/\/www.facecorner.lv\/shop\/cosrx-pure-fit-cica-creamy-foam-cleanser-150ml\/"]}]},{"@type":"ImageObject","inLanguage":"lv-LV","@id":"https:\/\/www.facecorner.lv\/shop\/cosrx-pure-fit-cica-creamy-foam-cleanser-150ml\/#primaryimage","url":"https:\/\/www.facecorner.lv\/wp-content\/uploads\/2023\/12\/rus_pl_Cosrx-OCHISHCHAIUSHCHAIA-PENA-Pure-Fit-Cica-Creamy-Foam-Cleanser-75ml-6291_2.webp","contentUrl":"https:\/\/www.facecorner.lv\/wp-content\/uploads\/2023\/12\/rus_pl_Cosrx-OCHISHCHAIUSHCHAIA-PENA-Pure-Fit-Cica-Creamy-Foam-Cleanser-75ml-6291_2.webp","width":1500,"height":1500},{"@type":"BreadcrumbList","@id":"https:\/\/www.facecorner.lv\/shop\/cosrx-pure-fit-cica-creamy-foam-cleanser-150ml\/#breadcrumb","itemListElement":[{"@type":"ListItem","position":1,"name":"Home","item":"https:\/\/www.facecorner.lv\/"},{"@type":"ListItem","position":2,"name":"Veikals","item":"https:\/\/www.facecorner.lv\/shop\/"},{"@type":"ListItem","position":3,"name":"COSRX Pure Fit Cica Creamy Foam Cleanser 150ml"}]},{"@type":"WebSite","@id":"https:\/\/www.facecorner.lv\/#website","url":"https:\/\/www.facecorner.lv\/","name":"Facecorner","description":"","publisher":{"@id":"https:\/\/www.facecorner.lv\/#organization"},"potentialAction":[{"@type":"SearchAction","target":{"@type":"EntryPoint","urlTemplate":"https:\/\/www.facecorner.lv\/?s={search_term_string}"},"query-input":{"@type":"PropertyValueSpecification","valueRequired":true,"valueName":"search_term_string"}}],"inLanguage":"lv-LV"},{"@type":"Organization","@id":"https:\/\/www.facecorner.lv\/#organization","name":"Facecorner","url":"https:\/\/www.facecorner.lv\/","logo":{"@type":"ImageObject","inLanguage":"lv-LV","@id":"https:\/\/www.facecorner.lv\/#\/schema\/logo\/image\/","url":"https:\/\/www.facecorner.lv\/wp-content\/uploads\/2024\/04\/fc-logo.jpg","contentUrl":"https:\/\/www.facecorner.lv\/wp-content\/uploads\/2024\/04\/fc-logo.jpg","width":174,"height":28,"caption":"Facecorner"},"image":{"@id":"https:\/\/www.facecorner.lv\/#\/schema\/logo\/image\/"},"sameAs":["https:\/\/www.facebook.com\/profile.php?id=100063824551839","https:\/\/www.instagram.com\/facecorner_shop\/"]}]},"product_price_amount":"19.95","product_price_currency":"EUR","og_availability":"out of stock","product_availability":"out of stock","product_condition":"new"},"_links":{"self":[{"href":"https:\/\/www.facecorner.lv\/lv\/wp-json\/wp\/v2\/product\/13493","targetHints":{"allow":["GET"]}}],"collection":[{"href":"https:\/\/www.facecorner.lv\/lv\/wp-json\/wp\/v2\/product"}],"about":[{"href":"https:\/\/www.facecorner.lv\/lv\/wp-json\/wp\/v2\/types\/product"}],"replies":[{"embeddable":true,"href":"https:\/\/www.facecorner.lv\/lv\/wp-json\/wp\/v2\/comments?post=13493"}],"wp:featuredmedia":[{"embeddable":true,"href":"https:\/\/www.facecorner.lv\/lv\/wp-json\/wp\/v2\/media\/13494"}],"wp:attachment":[{"href":"https:\/\/www.facecorner.lv\/lv\/wp-json\/wp\/v2\/media?parent=13493"}],"wp:term":[{"taxonomy":"product_brand","embeddable":true,"href":"https:\/\/www.facecorner.lv\/lv\/wp-json\/wp\/v2\/product_brand?post=13493"},{"taxonomy":"product_cat","embeddable":true,"href":"https:\/\/www.facecorner.lv\/lv\/wp-json\/wp\/v2\/product_cat?post=13493"},{"taxonomy":"product_tag","embeddable":true,"href":"https:\/\/www.facecorner.lv\/lv\/wp-json\/wp\/v2\/product_tag?post=13493"},{"taxonomy":"berocket_brand","embeddable":true,"href":"https:\/\/www.facecorner.lv\/lv\/wp-json\/wp\/v2\/berocket_brand?post=13493"}],"curies":[{"name":"wp","href":"https:\/\/api.w.org\/{rel}","templated":true}]}}