{"id":13414,"date":"2023-12-14T20:29:32","date_gmt":"2023-12-14T18:29:32","guid":{"rendered":"https:\/\/www.facecorner.lv\/?post_type=product&#038;p=13414"},"modified":"2025-06-25T20:41:18","modified_gmt":"2025-06-25T17:41:18","slug":"isntree-chestnut-aha-8-clear-essence-100ml","status":"publish","type":"product","link":"https:\/\/www.facecorner.lv\/lv\/shop\/isntree-chestnut-aha-8-clear-essence-100ml\/","title":{"rendered":"IsNtree Chestnut AHA 8% Clear Essence 100ml"},"content":{"rendered":"<p>Atjaunojo\u0161a esence ar AHA sk\u0101b\u0113m IsNtree Chestnut AHA 8% Clear Essence noloba epidermas raga sl\u0101ni un no\u0146em atmiru\u0161\u0101s \u0161\u016bnas, pa\u0101trina re\u0123ener\u0101cijas un atvese\u013co\u0161an\u0101s procesus.<\/p>\n<p>Efekt\u012bvi izl\u012bdzina kop\u0113jo sejas toni, nov\u0113r\u0161 aps\u0101rtumu un bl\u0101vumu, pal\u012bdz izgaismot pigment\u0101ciju un p\u0113cp\u016bt\u012btes. AHA sk\u0101bes (8%) efekt\u012bvi atjauno epidermas aug\u0161\u0113jo sl\u0101ni un palielina \u0101das uzs\u016bk\u0161anas sp\u0113ju.<\/p>\n<p>Iepakojums ir izgatavots no p\u0101rstr\u0101d\u0101ta materi\u0101la, izmantojot sojas tinti, kas ir videi draudz\u012bga. Pudeles eti\u0137eti var viegli no\u0146emt, lai atvieglotu p\u0101rstr\u0101di.<\/p>\n<p><strong>Galven\u0101s akt\u012bv\u0101s sast\u0101vda\u013cas:<\/strong><\/p>\n<ul>\n<li>Glikolsk\u0101be (4%) noloba atmiru\u0161\u0101s \u0101das \u0161\u016bnas, stimul\u0113 epidermas atjauno\u0161anos, izl\u012bdzina grumbas, izgaismo un nodro\u0161ina dzi\u013cu \u0101das att\u012br\u012b\u0161anu.<\/li>\n<li>Piensk\u0101be (4%) noloba raga sl\u0101ni, uzs\u0101k atjauno\u0161an\u0101s procesu, samazina grumbu un pigment\u0101cijas redzam\u012bbu, k\u0101 ar\u012b izl\u012bdzina mikroreljefu. Mitrina, ir da\u013ca no dab\u012bg\u0101 mitrino\u0161\u0101 faktora (NMF), palielina keram\u012bdu sint\u0113zi.<\/li>\n<li>Kasta\u0146u \u010daumalas ekstrakts (10 000 ppm) satur tan\u012bnus, kas palielina \u0101das elast\u012bbu un ar\u012b savelk papla\u0161in\u0101t\u0101s poras.<\/li>\n<\/ul>\n<p>Esencei ir m\u012bksts p\u012blinga efekts un nav nepiecie\u0161ama skalo\u0161ana. Produkts efekt\u012bvi iedarbojas ne tikai uz \u0101das virsmu, bet ar\u012b dzi\u013ci iek\u013c\u016bst por\u0101s, iz\u0161\u0137\u012bdinot visus net\u012brumus un tauku aizb\u0101\u017e\u0146us. Nov\u0113r\u0161 bl\u0101vumu, mitrina un atjauno vesel\u012bgu mirdzumu.<\/p>\n<p><strong>Galven\u0101s esences funkcijas:<\/strong><\/p>\n<ul>\n<li>Noloba stratum corneum;<\/li>\n<li>Uzlabo \u0101das toni;<\/li>\n<li>Savelk un att\u012bra poras;<\/li>\n<li>Normaliz\u0113 epidermas hidrolip\u012bdu l\u012bdzsvaru.<\/li>\n<\/ul>\n<p><strong>K\u0101 lietot:<\/strong> P\u0113c tonera uzkl\u0101jiet nepiecie\u0161amo esences daudzumu un \u013caujiet tai ies\u016bkties.<\/p>\n<p>*Ja sk\u0101bes lietojat pirmo reizi, esenci ieteicams lietot reizi dien\u0101;<br \/>\n*Tiem ar jut\u012bgu \u0101du produktu lab\u0101k lietot 2-3 reizes ned\u0113\u013c\u0101;<br \/>\n*Lietojot produktu no r\u012bta, neaizmirstiet uzkl\u0101t saules aizsargkr\u0113mu.<\/p>\n<p><strong>S\u0101stavs:\u00a0<\/strong>Water, Glycolic Acid, Lactic acid, Butylene Glycol, Glycerin, Potassium Hydroxide, 1,2-Hexanediol, Castanea Crenata (Chestnut) Shell Extract, Panthenol, Sodium Hyaluronate, Centella Asiatica Extract, Asiaticoside, Asiatic Acid, Madecassic Acid, Madecassoside, Portulaca Oleracea Extract, Allantoin, Paeonia Suffruticosa Root Extract, Caprylic\/Capric Triglyceride, Hydrogenated Phosphatidylcholine, Sucrose Stearate, Cetearyl Alcohol, Glyceryl Caprylate, Hydroxyethyl cellulose, Ethylhexylglycerin<\/p>\n","protected":false},"excerpt":{"rendered":"<p>Atjaunojo\u0161a esence ar AHA sk\u0101b\u0113m IsNtree Chestnut AHA 8% Clear Essence noloba epidermas raga sl\u0101ni un no\u0146em atmiru\u0161\u0101s \u0161\u016bnas, pa\u0101trina re\u0123ener\u0101cijas un atvese\u013co\u0161an\u0101s procesus. Efekt\u012bvi izl\u012bdzina kop\u0113jo sejas toni, nov\u0113r\u0161 aps\u0101rtumu un bl\u0101vumu, pal\u012bdz izgaismot pigment\u0101ciju un p\u0113cp\u016bt\u012btes. AHA sk\u0101bes (8%) efekt\u012bvi atjauno epidermas aug\u0161\u0113jo sl\u0101ni un palielina \u0101das uzs\u016bk\u0161anas sp\u0113ju. Iepakojums ir izgatavots no [&hellip;]<\/p>\n","protected":false},"featured_media":13415,"comment_status":"open","ping_status":"closed","template":"","meta":{"site-sidebar-layout":"default","site-content-layout":"","ast-site-content-layout":"","site-content-style":"default","site-sidebar-style":"default","ast-global-header-display":"","ast-banner-title-visibility":"","ast-main-header-display":"","ast-hfb-above-header-display":"","ast-hfb-below-header-display":"","ast-hfb-mobile-header-display":"","site-post-title":"","ast-breadcrumbs-content":"","ast-featured-img":"","footer-sml-layout":"","theme-transparent-header-meta":"","adv-header-id-meta":"","stick-header-meta":"","header-above-stick-meta":"","header-main-stick-meta":"","header-below-stick-meta":"","astra-migrate-meta-layouts":"default","ast-page-background-enabled":"default","ast-page-background-meta":{"desktop":{"background-color":"var(--ast-global-color-4)","background-image":"","background-repeat":"repeat","background-position":"center center","background-size":"auto","background-attachment":"scroll","background-type":"","background-media":"","overlay-type":"","overlay-color":"","overlay-opacity":"","overlay-gradient":""},"tablet":{"background-color":"","background-image":"","background-repeat":"repeat","background-position":"center center","background-size":"auto","background-attachment":"scroll","background-type":"","background-media":"","overlay-type":"","overlay-color":"","overlay-opacity":"","overlay-gradient":""},"mobile":{"background-color":"","background-image":"","background-repeat":"repeat","background-position":"center center","background-size":"auto","background-attachment":"scroll","background-type":"","background-media":"","overlay-type":"","overlay-color":"","overlay-opacity":"","overlay-gradient":""}},"ast-content-background-meta":{"desktop":{"background-color":"var(--ast-global-color-5)","background-image":"","background-repeat":"repeat","background-position":"center center","background-size":"auto","background-attachment":"scroll","background-type":"","background-media":"","overlay-type":"","overlay-color":"","overlay-opacity":"","overlay-gradient":""},"tablet":{"background-color":"var(--ast-global-color-5)","background-image":"","background-repeat":"repeat","background-position":"center center","background-size":"auto","background-attachment":"scroll","background-type":"","background-media":"","overlay-type":"","overlay-color":"","overlay-opacity":"","overlay-gradient":""},"mobile":{"background-color":"var(--ast-global-color-5)","background-image":"","background-repeat":"repeat","background-position":"center center","background-size":"auto","background-attachment":"scroll","background-type":"","background-media":"","overlay-type":"","overlay-color":"","overlay-opacity":"","overlay-gradient":""}}},"product_brand":[],"product_cat":[328,363],"product_tag":[],"berocket_brand":[585],"class_list":{"0":"post-13414","1":"product","2":"type-product","3":"status-publish","4":"has-post-thumbnail","6":"product_cat-pilingi-un-skrubji","7":"product_cat-serumi","8":"berocket_brand-isntree","9":"desktop-align-left","10":"tablet-align-left","11":"mobile-align-left","13":"first","14":"instock","15":"taxable","16":"shipping-taxable","17":"purchasable","18":"product-type-simple","19":"add-to-wishlist-before_image"},"yoast_head":"<!-- This site is optimized with the Yoast SEO plugin v27.4 - https:\/\/yoast.com\/product\/yoast-seo-wordpress\/ -->\n<title>IsNtree Chestnut AHA 8% Clear Essence 100ml - FACECORNER<\/title>\n<meta name=\"robots\" content=\"index, follow, max-snippet:-1, max-image-preview:large, max-video-preview:-1\" \/>\n<link rel=\"canonical\" href=\"https:\/\/www.facecorner.lv\/lv\/shop\/isntree-chestnut-aha-8-clear-essence-100ml\/\" \/>\n<meta property=\"og:locale\" content=\"lv_LV\" \/>\n<meta property=\"og:type\" content=\"article\" \/>\n<meta property=\"og:title\" content=\"IsNtree Chestnut AHA 8% Clear Essence 100ml - FACECORNER\" \/>\n<meta property=\"og:description\" content=\"Atjaunojo\u0161a esence ar AHA sk\u0101b\u0113m IsNtree Chestnut AHA 8% Clear Essence noloba epidermas raga sl\u0101ni un no\u0146em atmiru\u0161\u0101s \u0161\u016bnas, pa\u0101trina re\u0123ener\u0101cijas un atvese\u013co\u0161an\u0101s procesus. Efekt\u012bvi izl\u012bdzina kop\u0113jo sejas toni, nov\u0113r\u0161 aps\u0101rtumu un bl\u0101vumu, pal\u012bdz izgaismot pigment\u0101ciju un p\u0113cp\u016bt\u012btes. AHA sk\u0101bes (8%) efekt\u012bvi atjauno epidermas aug\u0161\u0113jo sl\u0101ni un palielina \u0101das uzs\u016bk\u0161anas sp\u0113ju. Iepakojums ir izgatavots no [&hellip;]\" \/>\n<meta property=\"og:url\" content=\"https:\/\/www.facecorner.lv\/lv\/shop\/isntree-chestnut-aha-8-clear-essence-100ml\/\" \/>\n<meta property=\"og:site_name\" content=\"FACECORNER\" \/>\n<meta property=\"article:publisher\" content=\"https:\/\/www.facebook.com\/profile.php?id=100063824551839\" \/>\n<meta property=\"article:modified_time\" content=\"2025-06-25T17:41:18+00:00\" \/>\n<meta property=\"og:image\" content=\"https:\/\/www.facecorner.lv\/wp-content\/uploads\/2023\/12\/41VjNmXzsuL.jpg\" \/>\n\t<meta property=\"og:image:width\" content=\"1080\" \/>\n\t<meta property=\"og:image:height\" content=\"1080\" \/>\n\t<meta property=\"og:image:type\" content=\"image\/jpeg\" \/>\n<meta name=\"twitter:card\" content=\"summary_large_image\" \/>\n<meta name=\"twitter:label1\" content=\"Price\" \/>\n\t<meta name=\"twitter:data1\" content=\"&euro;19.80\" \/>\n\t<meta name=\"twitter:label2\" content=\"Availability\" \/>\n\t<meta name=\"twitter:data2\" content=\"In stock\" \/>\n<script type=\"application\/ld+json\" class=\"yoast-schema-graph\">{\"@context\":\"https:\\\/\\\/schema.org\",\"@graph\":[{\"@type\":\"WebPage\",\"@id\":\"https:\\\/\\\/www.facecorner.lv\\\/shop\\\/isntree-chestnut-aha-8-clear-essence-100ml\\\/\",\"url\":\"https:\\\/\\\/www.facecorner.lv\\\/shop\\\/isntree-chestnut-aha-8-clear-essence-100ml\\\/\",\"name\":\"IsNtree Chestnut AHA 8% Clear Essence 100ml - FACECORNER\",\"isPartOf\":{\"@id\":\"https:\\\/\\\/www.facecorner.lv\\\/#website\"},\"primaryImageOfPage\":{\"@id\":\"https:\\\/\\\/www.facecorner.lv\\\/shop\\\/isntree-chestnut-aha-8-clear-essence-100ml\\\/#primaryimage\"},\"image\":{\"@id\":\"https:\\\/\\\/www.facecorner.lv\\\/shop\\\/isntree-chestnut-aha-8-clear-essence-100ml\\\/#primaryimage\"},\"thumbnailUrl\":\"https:\\\/\\\/www.facecorner.lv\\\/wp-content\\\/uploads\\\/2023\\\/12\\\/41VjNmXzsuL.jpg\",\"datePublished\":\"2023-12-14T18:29:32+00:00\",\"dateModified\":\"2025-06-25T17:41:18+00:00\",\"breadcrumb\":{\"@id\":\"https:\\\/\\\/www.facecorner.lv\\\/shop\\\/isntree-chestnut-aha-8-clear-essence-100ml\\\/#breadcrumb\"},\"inLanguage\":\"lv-LV\",\"potentialAction\":[{\"@type\":\"ReadAction\",\"target\":[\"https:\\\/\\\/www.facecorner.lv\\\/shop\\\/isntree-chestnut-aha-8-clear-essence-100ml\\\/\"]}]},{\"@type\":\"ImageObject\",\"inLanguage\":\"lv-LV\",\"@id\":\"https:\\\/\\\/www.facecorner.lv\\\/shop\\\/isntree-chestnut-aha-8-clear-essence-100ml\\\/#primaryimage\",\"url\":\"https:\\\/\\\/www.facecorner.lv\\\/wp-content\\\/uploads\\\/2023\\\/12\\\/41VjNmXzsuL.jpg\",\"contentUrl\":\"https:\\\/\\\/www.facecorner.lv\\\/wp-content\\\/uploads\\\/2023\\\/12\\\/41VjNmXzsuL.jpg\",\"width\":1080,\"height\":1080},{\"@type\":\"BreadcrumbList\",\"@id\":\"https:\\\/\\\/www.facecorner.lv\\\/shop\\\/isntree-chestnut-aha-8-clear-essence-100ml\\\/#breadcrumb\",\"itemListElement\":[{\"@type\":\"ListItem\",\"position\":1,\"name\":\"Home\",\"item\":\"https:\\\/\\\/www.facecorner.lv\\\/\"},{\"@type\":\"ListItem\",\"position\":2,\"name\":\"Veikals\",\"item\":\"https:\\\/\\\/www.facecorner.lv\\\/shop\\\/\"},{\"@type\":\"ListItem\",\"position\":3,\"name\":\"IsNtree Chestnut AHA 8% Clear Essence 100ml\"}]},{\"@type\":\"WebSite\",\"@id\":\"https:\\\/\\\/www.facecorner.lv\\\/#website\",\"url\":\"https:\\\/\\\/www.facecorner.lv\\\/\",\"name\":\"Facecorner\",\"description\":\"\",\"publisher\":{\"@id\":\"https:\\\/\\\/www.facecorner.lv\\\/#organization\"},\"potentialAction\":[{\"@type\":\"SearchAction\",\"target\":{\"@type\":\"EntryPoint\",\"urlTemplate\":\"https:\\\/\\\/www.facecorner.lv\\\/?s={search_term_string}\"},\"query-input\":{\"@type\":\"PropertyValueSpecification\",\"valueRequired\":true,\"valueName\":\"search_term_string\"}}],\"inLanguage\":\"lv-LV\"},{\"@type\":\"Organization\",\"@id\":\"https:\\\/\\\/www.facecorner.lv\\\/#organization\",\"name\":\"Facecorner\",\"url\":\"https:\\\/\\\/www.facecorner.lv\\\/\",\"logo\":{\"@type\":\"ImageObject\",\"inLanguage\":\"lv-LV\",\"@id\":\"https:\\\/\\\/www.facecorner.lv\\\/#\\\/schema\\\/logo\\\/image\\\/\",\"url\":\"https:\\\/\\\/www.facecorner.lv\\\/wp-content\\\/uploads\\\/2024\\\/04\\\/fc-logo.jpg\",\"contentUrl\":\"https:\\\/\\\/www.facecorner.lv\\\/wp-content\\\/uploads\\\/2024\\\/04\\\/fc-logo.jpg\",\"width\":174,\"height\":28,\"caption\":\"Facecorner\"},\"image\":{\"@id\":\"https:\\\/\\\/www.facecorner.lv\\\/#\\\/schema\\\/logo\\\/image\\\/\"},\"sameAs\":[\"https:\\\/\\\/www.facebook.com\\\/profile.php?id=100063824551839\",\"https:\\\/\\\/www.instagram.com\\\/facecorner_shop\\\/\"]}]}<\/script>\n<meta property=\"product:price:amount\" content=\"19.80\" \/>\n<meta property=\"product:price:currency\" content=\"EUR\" \/>\n<meta property=\"og:availability\" content=\"instock\" \/>\n<meta property=\"product:availability\" content=\"instock\" \/>\n<meta property=\"product:condition\" content=\"new\" \/>\n<!-- \/ Yoast SEO plugin. -->","yoast_head_json":{"title":"IsNtree Chestnut AHA 8% Clear Essence 100ml - FACECORNER","robots":{"index":"index","follow":"follow","max-snippet":"max-snippet:-1","max-image-preview":"max-image-preview:large","max-video-preview":"max-video-preview:-1"},"canonical":"https:\/\/www.facecorner.lv\/lv\/shop\/isntree-chestnut-aha-8-clear-essence-100ml\/","og_locale":"lv_LV","og_type":"article","og_title":"IsNtree Chestnut AHA 8% Clear Essence 100ml - FACECORNER","og_description":"Atjaunojo\u0161a esence ar AHA sk\u0101b\u0113m IsNtree Chestnut AHA 8% Clear Essence noloba epidermas raga sl\u0101ni un no\u0146em atmiru\u0161\u0101s \u0161\u016bnas, pa\u0101trina re\u0123ener\u0101cijas un atvese\u013co\u0161an\u0101s procesus. Efekt\u012bvi izl\u012bdzina kop\u0113jo sejas toni, nov\u0113r\u0161 aps\u0101rtumu un bl\u0101vumu, pal\u012bdz izgaismot pigment\u0101ciju un p\u0113cp\u016bt\u012btes. AHA sk\u0101bes (8%) efekt\u012bvi atjauno epidermas aug\u0161\u0113jo sl\u0101ni un palielina \u0101das uzs\u016bk\u0161anas sp\u0113ju. Iepakojums ir izgatavots no [&hellip;]","og_url":"https:\/\/www.facecorner.lv\/lv\/shop\/isntree-chestnut-aha-8-clear-essence-100ml\/","og_site_name":"FACECORNER","article_publisher":"https:\/\/www.facebook.com\/profile.php?id=100063824551839","article_modified_time":"2025-06-25T17:41:18+00:00","og_image":[{"width":1080,"height":1080,"url":"https:\/\/www.facecorner.lv\/wp-content\/uploads\/2023\/12\/41VjNmXzsuL.jpg","type":"image\/jpeg"}],"twitter_card":"summary_large_image","twitter_misc":{"Price":"&euro;19.80","Availability":"In stock"},"schema":{"@context":"https:\/\/schema.org","@graph":[{"@type":"WebPage","@id":"https:\/\/www.facecorner.lv\/shop\/isntree-chestnut-aha-8-clear-essence-100ml\/","url":"https:\/\/www.facecorner.lv\/shop\/isntree-chestnut-aha-8-clear-essence-100ml\/","name":"IsNtree Chestnut AHA 8% Clear Essence 100ml - FACECORNER","isPartOf":{"@id":"https:\/\/www.facecorner.lv\/#website"},"primaryImageOfPage":{"@id":"https:\/\/www.facecorner.lv\/shop\/isntree-chestnut-aha-8-clear-essence-100ml\/#primaryimage"},"image":{"@id":"https:\/\/www.facecorner.lv\/shop\/isntree-chestnut-aha-8-clear-essence-100ml\/#primaryimage"},"thumbnailUrl":"https:\/\/www.facecorner.lv\/wp-content\/uploads\/2023\/12\/41VjNmXzsuL.jpg","datePublished":"2023-12-14T18:29:32+00:00","dateModified":"2025-06-25T17:41:18+00:00","breadcrumb":{"@id":"https:\/\/www.facecorner.lv\/shop\/isntree-chestnut-aha-8-clear-essence-100ml\/#breadcrumb"},"inLanguage":"lv-LV","potentialAction":[{"@type":"ReadAction","target":["https:\/\/www.facecorner.lv\/shop\/isntree-chestnut-aha-8-clear-essence-100ml\/"]}]},{"@type":"ImageObject","inLanguage":"lv-LV","@id":"https:\/\/www.facecorner.lv\/shop\/isntree-chestnut-aha-8-clear-essence-100ml\/#primaryimage","url":"https:\/\/www.facecorner.lv\/wp-content\/uploads\/2023\/12\/41VjNmXzsuL.jpg","contentUrl":"https:\/\/www.facecorner.lv\/wp-content\/uploads\/2023\/12\/41VjNmXzsuL.jpg","width":1080,"height":1080},{"@type":"BreadcrumbList","@id":"https:\/\/www.facecorner.lv\/shop\/isntree-chestnut-aha-8-clear-essence-100ml\/#breadcrumb","itemListElement":[{"@type":"ListItem","position":1,"name":"Home","item":"https:\/\/www.facecorner.lv\/"},{"@type":"ListItem","position":2,"name":"Veikals","item":"https:\/\/www.facecorner.lv\/shop\/"},{"@type":"ListItem","position":3,"name":"IsNtree Chestnut AHA 8% Clear Essence 100ml"}]},{"@type":"WebSite","@id":"https:\/\/www.facecorner.lv\/#website","url":"https:\/\/www.facecorner.lv\/","name":"Facecorner","description":"","publisher":{"@id":"https:\/\/www.facecorner.lv\/#organization"},"potentialAction":[{"@type":"SearchAction","target":{"@type":"EntryPoint","urlTemplate":"https:\/\/www.facecorner.lv\/?s={search_term_string}"},"query-input":{"@type":"PropertyValueSpecification","valueRequired":true,"valueName":"search_term_string"}}],"inLanguage":"lv-LV"},{"@type":"Organization","@id":"https:\/\/www.facecorner.lv\/#organization","name":"Facecorner","url":"https:\/\/www.facecorner.lv\/","logo":{"@type":"ImageObject","inLanguage":"lv-LV","@id":"https:\/\/www.facecorner.lv\/#\/schema\/logo\/image\/","url":"https:\/\/www.facecorner.lv\/wp-content\/uploads\/2024\/04\/fc-logo.jpg","contentUrl":"https:\/\/www.facecorner.lv\/wp-content\/uploads\/2024\/04\/fc-logo.jpg","width":174,"height":28,"caption":"Facecorner"},"image":{"@id":"https:\/\/www.facecorner.lv\/#\/schema\/logo\/image\/"},"sameAs":["https:\/\/www.facebook.com\/profile.php?id=100063824551839","https:\/\/www.instagram.com\/facecorner_shop\/"]}]},"product_price_amount":"19.80","product_price_currency":"EUR","og_availability":"instock","product_availability":"instock","product_condition":"new"},"_links":{"self":[{"href":"https:\/\/www.facecorner.lv\/lv\/wp-json\/wp\/v2\/product\/13414","targetHints":{"allow":["GET"]}}],"collection":[{"href":"https:\/\/www.facecorner.lv\/lv\/wp-json\/wp\/v2\/product"}],"about":[{"href":"https:\/\/www.facecorner.lv\/lv\/wp-json\/wp\/v2\/types\/product"}],"replies":[{"embeddable":true,"href":"https:\/\/www.facecorner.lv\/lv\/wp-json\/wp\/v2\/comments?post=13414"}],"wp:featuredmedia":[{"embeddable":true,"href":"https:\/\/www.facecorner.lv\/lv\/wp-json\/wp\/v2\/media\/13415"}],"wp:attachment":[{"href":"https:\/\/www.facecorner.lv\/lv\/wp-json\/wp\/v2\/media?parent=13414"}],"wp:term":[{"taxonomy":"product_brand","embeddable":true,"href":"https:\/\/www.facecorner.lv\/lv\/wp-json\/wp\/v2\/product_brand?post=13414"},{"taxonomy":"product_cat","embeddable":true,"href":"https:\/\/www.facecorner.lv\/lv\/wp-json\/wp\/v2\/product_cat?post=13414"},{"taxonomy":"product_tag","embeddable":true,"href":"https:\/\/www.facecorner.lv\/lv\/wp-json\/wp\/v2\/product_tag?post=13414"},{"taxonomy":"berocket_brand","embeddable":true,"href":"https:\/\/www.facecorner.lv\/lv\/wp-json\/wp\/v2\/berocket_brand?post=13414"}],"curies":[{"name":"wp","href":"https:\/\/api.w.org\/{rel}","templated":true}]}}