{"id":13410,"date":"2023-12-14T20:17:44","date_gmt":"2023-12-14T18:17:44","guid":{"rendered":"https:\/\/www.facecorner.lv\/?post_type=product&#038;p=13410"},"modified":"2024-03-02T15:22:50","modified_gmt":"2024-03-02T13:22:50","slug":"isntree-tw-real-eye-cream-30ml","status":"publish","type":"product","link":"https:\/\/www.facecorner.lv\/lv\/shop\/isntree-tw-real-eye-cream-30ml\/","title":{"rendered":"IsNtree TW-REAL Eye Cream 30ml"},"content":{"rendered":"<p>Atjaunojo\u0161s acu kr\u0113ms ar bifidobakt\u0113riju liz\u0101tu IsNtree TW-REAL Eye Cream nobriedu\u0161as \u0101das kop\u0161anai.<\/p>\n<p>Kr\u0113mam ir izl\u012bdzino\u0161a un savelko\u0161a iedarb\u012bba: tas samazina grumbu dzi\u013cumu un smagumu, nov\u0113r\u0161 to par\u0101d\u012b\u0161anos un izl\u012bdzina \u0101das grumbas.<\/p>\n<p>Produkts palielina audu elast\u012bbu, sabl\u012bv\u0113 un savelk. Intens\u012bvi baro, atjauno un c\u012bn\u0101s ar sausumu. Kr\u0113mam piem\u012bt viegls izgaismojo\u0161s efekts, pal\u012bdz likvid\u0113t tum\u0161os lokus zem ac\u012bm, mazina piet\u016bkumu un piet\u016bkumu.<\/p>\n<p><strong>Kr\u0113ms ir ieteicams, lai c\u012bn\u012btos pret:<\/strong><\/p>\n<ul>\n<li>Izteiksmes grumbas un v\u0101rnu k\u0101ji\u0146as acu zon\u0101;<\/li>\n<li>Grumbas nasolabi\u0101lo kroku zon\u0101 un uz kakla;<\/li>\n<li>Tum\u0161i loki zem ac\u012bm;<\/li>\n<li>Priek\u0161laic\u012bga \u0101das noveco\u0161an\u0101s.<\/li>\n<\/ul>\n<p><strong>Galven\u0101s akt\u012bv\u0101s sast\u0101vda\u013cas:<\/strong><\/p>\n<ul>\n<li>Bifidobakt\u0113riju liz\u0101ta fermentam (61%) ir sp\u0113c\u012bgas atjaunojo\u0161as, atjaunojo\u0161as un aizsarg\u0101jo\u0161as \u012bpa\u0161\u012bbas. Stimul\u0113 fibroblastu &#8211; galveno saistaudu \u0161\u016bnu &#8211; prolifer\u0101ciju. \u0160is fakts izskaidro kr\u0113ma lielisko sp\u0113ju izl\u012bdzin\u0101t grumbas un padar\u012bt \u0101du gludu un vienm\u0113r\u012bgu.<\/li>\n<li>Niacinam\u012bds pal\u012bdz stimul\u0113t kolag\u0113na sint\u0113zi un uzlabo \u0101das aizsargfunkcijas, pal\u012bdz samazin\u0101t transepiderm\u0101lo mitruma zudumu no epidermas un likvid\u0113t pigment\u0101ciju, mitrina, savelk poras, nomierina un izgaismo.<\/li>\n<li>Adenoz\u012bns ir sp\u0113c\u012bgs pretnoveco\u0161an\u0101s komponents. Nostiprina \u0101du, uzlabo kolag\u0113na ra\u017eo\u0161anu, pal\u012bdz samazin\u0101t grumbu skaitu un pal\u0113nina noveco\u0161an\u0101s procesu.<\/li>\n<li>Pept\u012bdu komplekss atjauno, samazina eso\u0161\u0101s grumbas un nov\u0113r\u0161 jaunu par\u0101d\u012b\u0161anos, savelk, mitrina un pal\u0113nina noveco\u0161an\u0101s procesus. Pept\u012bdi pal\u012bdz nostiprin\u0101t sejas kont\u016bras, paaugstina kop\u0113jo \u0101das toni un pa\u0101trina dabisko kolag\u0113na un elast\u012bna \u0161\u0137iedru ra\u017eo\u0161anas procesu epiderm\u0101.<\/li>\n<li>\u0160\u012b sviests intens\u012bvi mitrina un baro \u0101du, padarot to maigu un maigu. Lieliski izl\u012bdzina m\u012bmikas krunci\u0146as un \u0101das krokas.<\/li>\n<li>Mango s\u0113klu e\u013c\u013ca lieliski mitrina, palielinot elast\u012bbu un maigumu. Pateicoties augstajai nep\u0101rziepjojamo frakciju vielu koncentr\u0101cijai, e\u013c\u013ca ar\u012b intens\u012bvi atjauno \u0101du, atjaunojot t\u0101s integrit\u0101ti, nov\u0113r\u0161 grumbu veido\u0161anos.<\/li>\n<\/ul>\n<p><strong>Lieto\u0161anas nor\u0101d\u012bjumi:<\/strong> Uzkl\u0101jiet nepiecie\u0161amo kr\u0113ma daudzumu uz viet\u0101m, kur\u0101m nepiecie\u0161ama \u012bpa\u0161a kop\u0161ana.<\/p>\n<p><strong>S\u0101stavs:<\/strong>Bifida Ferment Lysate, Dipropylene Glycol, Cyclopentasiloxane, Glycerin, Squalane, Hydrogenated Polydecene, Niacinamide, Dimethicone, Pentaerythrityl Tetraethylhexanoate, Arachidyl Alcohol, Aqua, Butyrospermum Parkii (Shea) Butter, Cetearyl Alcohol, C12-16 Alcohols, Polyglyceryl-2 Stearate, Behenyl Alcohol, Erythritol, Polysorbate 60, Butylene Glycol, 1,2-Hexanediol, Glyceryl Stearate, Hydrogenated Lecithin, Stearyl Alcohol, Dimethicone\/Vinyl Dimethicone Crosspolymer, Arachidyl Glucoside, Palmitic Acid, Allantoin, Carbomer, Tromethamine, Illicium Verum (Anise) Fruit Extract, Sodium Acrylate\/Sodium Acryloyldimethyl Taurate Copolymer, Mangifera Indica (Mango) Seed Butter, Hydroxyethyl Acrylate\/Sodium Acryloyldimethyl Taurate Copolymer, Isohexadecane, Persea Gratissima (Avocado) Oil, Hydroxyethylcellulose, Scutellaria Baicalensis Root Extract, Adenosine, Polysorbate 80, Disodium EDTA, Hydrogenated Vegetable Oil, Ceramide NP, 3-O-Ethyl Ascorbic Acid, Sorbitan Oleate, Glucose, Caprylic\/Capric Triglyceride, Daucus Carota Sativa (Carrot) Root Extract, Caprylyl Glycol, Sodium Phosphate, Pentylene Glycol, Deoxyphytantriyl Palmitamide MEA, Tocopherol, Ethylhexylglycerin, Polysorbate 20, Cholesterol, Lecithin, Phosphatidylcholine, Acetyl Hexapeptide-8, sh-Oligopeptide-2, sh-Polypeptide-1, Astaxanthin, sh-Oligopeptide-1<\/p>\n","protected":false},"excerpt":{"rendered":"<p>Atjaunojo\u0161s acu kr\u0113ms ar bifidobakt\u0113riju liz\u0101tu IsNtree TW-REAL Eye Cream nobriedu\u0161as \u0101das kop\u0161anai. Kr\u0113mam ir izl\u012bdzino\u0161a un savelko\u0161a iedarb\u012bba: tas samazina grumbu dzi\u013cumu un smagumu, nov\u0113r\u0161 to par\u0101d\u012b\u0161anos un izl\u012bdzina \u0101das grumbas. Produkts palielina audu elast\u012bbu, sabl\u012bv\u0113 un savelk. Intens\u012bvi baro, atjauno un c\u012bn\u0101s ar sausumu. Kr\u0113mam piem\u012bt viegls izgaismojo\u0161s efekts, pal\u012bdz likvid\u0113t tum\u0161os lokus [&hellip;]<\/p>\n","protected":false},"featured_media":13411,"comment_status":"open","ping_status":"closed","template":"","meta":{"site-sidebar-layout":"default","site-content-layout":"","ast-site-content-layout":"","site-content-style":"default","site-sidebar-style":"default","ast-global-header-display":"","ast-banner-title-visibility":"","ast-main-header-display":"","ast-hfb-above-header-display":"","ast-hfb-below-header-display":"","ast-hfb-mobile-header-display":"","site-post-title":"","ast-breadcrumbs-content":"","ast-featured-img":"","footer-sml-layout":"","theme-transparent-header-meta":"","adv-header-id-meta":"","stick-header-meta":"","header-above-stick-meta":"","header-main-stick-meta":"","header-below-stick-meta":"","astra-migrate-meta-layouts":"default","ast-page-background-enabled":"default","ast-page-background-meta":{"desktop":{"background-color":"var(--ast-global-color-4)","background-image":"","background-repeat":"repeat","background-position":"center center","background-size":"auto","background-attachment":"scroll","background-type":"","background-media":"","overlay-type":"","overlay-color":"","overlay-opacity":"","overlay-gradient":""},"tablet":{"background-color":"","background-image":"","background-repeat":"repeat","background-position":"center center","background-size":"auto","background-attachment":"scroll","background-type":"","background-media":"","overlay-type":"","overlay-color":"","overlay-opacity":"","overlay-gradient":""},"mobile":{"background-color":"","background-image":"","background-repeat":"repeat","background-position":"center center","background-size":"auto","background-attachment":"scroll","background-type":"","background-media":"","overlay-type":"","overlay-color":"","overlay-opacity":"","overlay-gradient":""}},"ast-content-background-meta":{"desktop":{"background-color":"var(--ast-global-color-5)","background-image":"","background-repeat":"repeat","background-position":"center center","background-size":"auto","background-attachment":"scroll","background-type":"","background-media":"","overlay-type":"","overlay-color":"","overlay-opacity":"","overlay-gradient":""},"tablet":{"background-color":"var(--ast-global-color-5)","background-image":"","background-repeat":"repeat","background-position":"center center","background-size":"auto","background-attachment":"scroll","background-type":"","background-media":"","overlay-type":"","overlay-color":"","overlay-opacity":"","overlay-gradient":""},"mobile":{"background-color":"var(--ast-global-color-5)","background-image":"","background-repeat":"repeat","background-position":"center center","background-size":"auto","background-attachment":"scroll","background-type":"","background-media":"","overlay-type":"","overlay-color":"","overlay-opacity":"","overlay-gradient":""}}},"product_brand":[],"product_cat":[308],"product_tag":[],"berocket_brand":[],"class_list":{"0":"post-13410","1":"product","2":"type-product","3":"status-publish","4":"has-post-thumbnail","6":"product_cat-acu-krems","7":"desktop-align-left","8":"tablet-align-left","9":"mobile-align-left","11":"first","12":"outofstock","13":"taxable","14":"shipping-taxable","15":"purchasable","16":"product-type-simple","17":"add-to-wishlist-before_image"},"yoast_head":"<!-- This site is optimized with the Yoast SEO plugin v27.4 - https:\/\/yoast.com\/product\/yoast-seo-wordpress\/ -->\n<title>IsNtree TW-REAL Eye Cream 30ml - FACECORNER<\/title>\n<meta name=\"robots\" content=\"index, follow, max-snippet:-1, max-image-preview:large, max-video-preview:-1\" \/>\n<link rel=\"canonical\" href=\"https:\/\/www.facecorner.lv\/lv\/shop\/isntree-tw-real-eye-cream-30ml\/\" \/>\n<meta property=\"og:locale\" content=\"lv_LV\" \/>\n<meta property=\"og:type\" content=\"article\" \/>\n<meta property=\"og:title\" content=\"IsNtree TW-REAL Eye Cream 30ml - FACECORNER\" \/>\n<meta property=\"og:description\" content=\"Atjaunojo\u0161s acu kr\u0113ms ar bifidobakt\u0113riju liz\u0101tu IsNtree TW-REAL Eye Cream nobriedu\u0161as \u0101das kop\u0161anai. Kr\u0113mam ir izl\u012bdzino\u0161a un savelko\u0161a iedarb\u012bba: tas samazina grumbu dzi\u013cumu un smagumu, nov\u0113r\u0161 to par\u0101d\u012b\u0161anos un izl\u012bdzina \u0101das grumbas. Produkts palielina audu elast\u012bbu, sabl\u012bv\u0113 un savelk. Intens\u012bvi baro, atjauno un c\u012bn\u0101s ar sausumu. Kr\u0113mam piem\u012bt viegls izgaismojo\u0161s efekts, pal\u012bdz likvid\u0113t tum\u0161os lokus [&hellip;]\" \/>\n<meta property=\"og:url\" content=\"https:\/\/www.facecorner.lv\/lv\/shop\/isntree-tw-real-eye-cream-30ml\/\" \/>\n<meta property=\"og:site_name\" content=\"FACECORNER\" \/>\n<meta property=\"article:publisher\" content=\"https:\/\/www.facebook.com\/profile.php?id=100063824551839\" \/>\n<meta property=\"article:modified_time\" content=\"2024-03-02T13:22:50+00:00\" \/>\n<meta property=\"og:image\" content=\"https:\/\/www.facecorner.lv\/wp-content\/uploads\/2023\/12\/rus_pl_Isntree-KREM-DLIA-KOZHI-VOKRUG-GLAZ-TW-REAL-Eye-Cream-30ml-7572_2.webp\" \/>\n\t<meta property=\"og:image:width\" content=\"1500\" \/>\n\t<meta property=\"og:image:height\" content=\"1500\" \/>\n\t<meta property=\"og:image:type\" content=\"image\/webp\" \/>\n<meta name=\"twitter:card\" content=\"summary_large_image\" \/>\n<meta name=\"twitter:label1\" content=\"Price\" \/>\n\t<meta name=\"twitter:data1\" content=\"&euro;18.50\" \/>\n\t<meta name=\"twitter:label2\" content=\"Availability\" \/>\n\t<meta name=\"twitter:data2\" content=\"Out of stock\" \/>\n<script type=\"application\/ld+json\" class=\"yoast-schema-graph\">{\"@context\":\"https:\\\/\\\/schema.org\",\"@graph\":[{\"@type\":\"WebPage\",\"@id\":\"https:\\\/\\\/www.facecorner.lv\\\/shop\\\/isntree-tw-real-eye-cream-30ml\\\/\",\"url\":\"https:\\\/\\\/www.facecorner.lv\\\/shop\\\/isntree-tw-real-eye-cream-30ml\\\/\",\"name\":\"IsNtree TW-REAL Eye Cream 30ml - FACECORNER\",\"isPartOf\":{\"@id\":\"https:\\\/\\\/www.facecorner.lv\\\/#website\"},\"primaryImageOfPage\":{\"@id\":\"https:\\\/\\\/www.facecorner.lv\\\/shop\\\/isntree-tw-real-eye-cream-30ml\\\/#primaryimage\"},\"image\":{\"@id\":\"https:\\\/\\\/www.facecorner.lv\\\/shop\\\/isntree-tw-real-eye-cream-30ml\\\/#primaryimage\"},\"thumbnailUrl\":\"https:\\\/\\\/www.facecorner.lv\\\/wp-content\\\/uploads\\\/2023\\\/12\\\/rus_pl_Isntree-KREM-DLIA-KOZHI-VOKRUG-GLAZ-TW-REAL-Eye-Cream-30ml-7572_2.webp\",\"datePublished\":\"2023-12-14T18:17:44+00:00\",\"dateModified\":\"2024-03-02T13:22:50+00:00\",\"breadcrumb\":{\"@id\":\"https:\\\/\\\/www.facecorner.lv\\\/shop\\\/isntree-tw-real-eye-cream-30ml\\\/#breadcrumb\"},\"inLanguage\":\"lv-LV\",\"potentialAction\":[{\"@type\":\"ReadAction\",\"target\":[\"https:\\\/\\\/www.facecorner.lv\\\/shop\\\/isntree-tw-real-eye-cream-30ml\\\/\"]}]},{\"@type\":\"ImageObject\",\"inLanguage\":\"lv-LV\",\"@id\":\"https:\\\/\\\/www.facecorner.lv\\\/shop\\\/isntree-tw-real-eye-cream-30ml\\\/#primaryimage\",\"url\":\"https:\\\/\\\/www.facecorner.lv\\\/wp-content\\\/uploads\\\/2023\\\/12\\\/rus_pl_Isntree-KREM-DLIA-KOZHI-VOKRUG-GLAZ-TW-REAL-Eye-Cream-30ml-7572_2.webp\",\"contentUrl\":\"https:\\\/\\\/www.facecorner.lv\\\/wp-content\\\/uploads\\\/2023\\\/12\\\/rus_pl_Isntree-KREM-DLIA-KOZHI-VOKRUG-GLAZ-TW-REAL-Eye-Cream-30ml-7572_2.webp\",\"width\":1500,\"height\":1500},{\"@type\":\"BreadcrumbList\",\"@id\":\"https:\\\/\\\/www.facecorner.lv\\\/shop\\\/isntree-tw-real-eye-cream-30ml\\\/#breadcrumb\",\"itemListElement\":[{\"@type\":\"ListItem\",\"position\":1,\"name\":\"Home\",\"item\":\"https:\\\/\\\/www.facecorner.lv\\\/\"},{\"@type\":\"ListItem\",\"position\":2,\"name\":\"Veikals\",\"item\":\"https:\\\/\\\/www.facecorner.lv\\\/shop\\\/\"},{\"@type\":\"ListItem\",\"position\":3,\"name\":\"IsNtree TW-REAL Eye Cream 30ml\"}]},{\"@type\":\"WebSite\",\"@id\":\"https:\\\/\\\/www.facecorner.lv\\\/#website\",\"url\":\"https:\\\/\\\/www.facecorner.lv\\\/\",\"name\":\"Facecorner\",\"description\":\"\",\"publisher\":{\"@id\":\"https:\\\/\\\/www.facecorner.lv\\\/#organization\"},\"potentialAction\":[{\"@type\":\"SearchAction\",\"target\":{\"@type\":\"EntryPoint\",\"urlTemplate\":\"https:\\\/\\\/www.facecorner.lv\\\/?s={search_term_string}\"},\"query-input\":{\"@type\":\"PropertyValueSpecification\",\"valueRequired\":true,\"valueName\":\"search_term_string\"}}],\"inLanguage\":\"lv-LV\"},{\"@type\":\"Organization\",\"@id\":\"https:\\\/\\\/www.facecorner.lv\\\/#organization\",\"name\":\"Facecorner\",\"url\":\"https:\\\/\\\/www.facecorner.lv\\\/\",\"logo\":{\"@type\":\"ImageObject\",\"inLanguage\":\"lv-LV\",\"@id\":\"https:\\\/\\\/www.facecorner.lv\\\/#\\\/schema\\\/logo\\\/image\\\/\",\"url\":\"https:\\\/\\\/www.facecorner.lv\\\/wp-content\\\/uploads\\\/2024\\\/04\\\/fc-logo.jpg\",\"contentUrl\":\"https:\\\/\\\/www.facecorner.lv\\\/wp-content\\\/uploads\\\/2024\\\/04\\\/fc-logo.jpg\",\"width\":174,\"height\":28,\"caption\":\"Facecorner\"},\"image\":{\"@id\":\"https:\\\/\\\/www.facecorner.lv\\\/#\\\/schema\\\/logo\\\/image\\\/\"},\"sameAs\":[\"https:\\\/\\\/www.facebook.com\\\/profile.php?id=100063824551839\",\"https:\\\/\\\/www.instagram.com\\\/facecorner_shop\\\/\"]}]}<\/script>\n<meta property=\"product:price:amount\" content=\"18.50\" \/>\n<meta property=\"product:price:currency\" content=\"EUR\" \/>\n<meta property=\"og:availability\" content=\"out of stock\" \/>\n<meta property=\"product:availability\" content=\"out of stock\" \/>\n<meta property=\"product:condition\" content=\"new\" \/>\n<!-- \/ Yoast SEO plugin. -->","yoast_head_json":{"title":"IsNtree TW-REAL Eye Cream 30ml - FACECORNER","robots":{"index":"index","follow":"follow","max-snippet":"max-snippet:-1","max-image-preview":"max-image-preview:large","max-video-preview":"max-video-preview:-1"},"canonical":"https:\/\/www.facecorner.lv\/lv\/shop\/isntree-tw-real-eye-cream-30ml\/","og_locale":"lv_LV","og_type":"article","og_title":"IsNtree TW-REAL Eye Cream 30ml - FACECORNER","og_description":"Atjaunojo\u0161s acu kr\u0113ms ar bifidobakt\u0113riju liz\u0101tu IsNtree TW-REAL Eye Cream nobriedu\u0161as \u0101das kop\u0161anai. Kr\u0113mam ir izl\u012bdzino\u0161a un savelko\u0161a iedarb\u012bba: tas samazina grumbu dzi\u013cumu un smagumu, nov\u0113r\u0161 to par\u0101d\u012b\u0161anos un izl\u012bdzina \u0101das grumbas. Produkts palielina audu elast\u012bbu, sabl\u012bv\u0113 un savelk. Intens\u012bvi baro, atjauno un c\u012bn\u0101s ar sausumu. Kr\u0113mam piem\u012bt viegls izgaismojo\u0161s efekts, pal\u012bdz likvid\u0113t tum\u0161os lokus [&hellip;]","og_url":"https:\/\/www.facecorner.lv\/lv\/shop\/isntree-tw-real-eye-cream-30ml\/","og_site_name":"FACECORNER","article_publisher":"https:\/\/www.facebook.com\/profile.php?id=100063824551839","article_modified_time":"2024-03-02T13:22:50+00:00","og_image":[{"width":1500,"height":1500,"url":"https:\/\/www.facecorner.lv\/wp-content\/uploads\/2023\/12\/rus_pl_Isntree-KREM-DLIA-KOZHI-VOKRUG-GLAZ-TW-REAL-Eye-Cream-30ml-7572_2.webp","type":"image\/webp"}],"twitter_card":"summary_large_image","twitter_misc":{"Price":"&euro;18.50","Availability":"Out of stock"},"schema":{"@context":"https:\/\/schema.org","@graph":[{"@type":"WebPage","@id":"https:\/\/www.facecorner.lv\/shop\/isntree-tw-real-eye-cream-30ml\/","url":"https:\/\/www.facecorner.lv\/shop\/isntree-tw-real-eye-cream-30ml\/","name":"IsNtree TW-REAL Eye Cream 30ml - FACECORNER","isPartOf":{"@id":"https:\/\/www.facecorner.lv\/#website"},"primaryImageOfPage":{"@id":"https:\/\/www.facecorner.lv\/shop\/isntree-tw-real-eye-cream-30ml\/#primaryimage"},"image":{"@id":"https:\/\/www.facecorner.lv\/shop\/isntree-tw-real-eye-cream-30ml\/#primaryimage"},"thumbnailUrl":"https:\/\/www.facecorner.lv\/wp-content\/uploads\/2023\/12\/rus_pl_Isntree-KREM-DLIA-KOZHI-VOKRUG-GLAZ-TW-REAL-Eye-Cream-30ml-7572_2.webp","datePublished":"2023-12-14T18:17:44+00:00","dateModified":"2024-03-02T13:22:50+00:00","breadcrumb":{"@id":"https:\/\/www.facecorner.lv\/shop\/isntree-tw-real-eye-cream-30ml\/#breadcrumb"},"inLanguage":"lv-LV","potentialAction":[{"@type":"ReadAction","target":["https:\/\/www.facecorner.lv\/shop\/isntree-tw-real-eye-cream-30ml\/"]}]},{"@type":"ImageObject","inLanguage":"lv-LV","@id":"https:\/\/www.facecorner.lv\/shop\/isntree-tw-real-eye-cream-30ml\/#primaryimage","url":"https:\/\/www.facecorner.lv\/wp-content\/uploads\/2023\/12\/rus_pl_Isntree-KREM-DLIA-KOZHI-VOKRUG-GLAZ-TW-REAL-Eye-Cream-30ml-7572_2.webp","contentUrl":"https:\/\/www.facecorner.lv\/wp-content\/uploads\/2023\/12\/rus_pl_Isntree-KREM-DLIA-KOZHI-VOKRUG-GLAZ-TW-REAL-Eye-Cream-30ml-7572_2.webp","width":1500,"height":1500},{"@type":"BreadcrumbList","@id":"https:\/\/www.facecorner.lv\/shop\/isntree-tw-real-eye-cream-30ml\/#breadcrumb","itemListElement":[{"@type":"ListItem","position":1,"name":"Home","item":"https:\/\/www.facecorner.lv\/"},{"@type":"ListItem","position":2,"name":"Veikals","item":"https:\/\/www.facecorner.lv\/shop\/"},{"@type":"ListItem","position":3,"name":"IsNtree TW-REAL Eye Cream 30ml"}]},{"@type":"WebSite","@id":"https:\/\/www.facecorner.lv\/#website","url":"https:\/\/www.facecorner.lv\/","name":"Facecorner","description":"","publisher":{"@id":"https:\/\/www.facecorner.lv\/#organization"},"potentialAction":[{"@type":"SearchAction","target":{"@type":"EntryPoint","urlTemplate":"https:\/\/www.facecorner.lv\/?s={search_term_string}"},"query-input":{"@type":"PropertyValueSpecification","valueRequired":true,"valueName":"search_term_string"}}],"inLanguage":"lv-LV"},{"@type":"Organization","@id":"https:\/\/www.facecorner.lv\/#organization","name":"Facecorner","url":"https:\/\/www.facecorner.lv\/","logo":{"@type":"ImageObject","inLanguage":"lv-LV","@id":"https:\/\/www.facecorner.lv\/#\/schema\/logo\/image\/","url":"https:\/\/www.facecorner.lv\/wp-content\/uploads\/2024\/04\/fc-logo.jpg","contentUrl":"https:\/\/www.facecorner.lv\/wp-content\/uploads\/2024\/04\/fc-logo.jpg","width":174,"height":28,"caption":"Facecorner"},"image":{"@id":"https:\/\/www.facecorner.lv\/#\/schema\/logo\/image\/"},"sameAs":["https:\/\/www.facebook.com\/profile.php?id=100063824551839","https:\/\/www.instagram.com\/facecorner_shop\/"]}]},"product_price_amount":"18.50","product_price_currency":"EUR","og_availability":"out of stock","product_availability":"out of stock","product_condition":"new"},"_links":{"self":[{"href":"https:\/\/www.facecorner.lv\/lv\/wp-json\/wp\/v2\/product\/13410","targetHints":{"allow":["GET"]}}],"collection":[{"href":"https:\/\/www.facecorner.lv\/lv\/wp-json\/wp\/v2\/product"}],"about":[{"href":"https:\/\/www.facecorner.lv\/lv\/wp-json\/wp\/v2\/types\/product"}],"replies":[{"embeddable":true,"href":"https:\/\/www.facecorner.lv\/lv\/wp-json\/wp\/v2\/comments?post=13410"}],"wp:featuredmedia":[{"embeddable":true,"href":"https:\/\/www.facecorner.lv\/lv\/wp-json\/wp\/v2\/media\/13411"}],"wp:attachment":[{"href":"https:\/\/www.facecorner.lv\/lv\/wp-json\/wp\/v2\/media?parent=13410"}],"wp:term":[{"taxonomy":"product_brand","embeddable":true,"href":"https:\/\/www.facecorner.lv\/lv\/wp-json\/wp\/v2\/product_brand?post=13410"},{"taxonomy":"product_cat","embeddable":true,"href":"https:\/\/www.facecorner.lv\/lv\/wp-json\/wp\/v2\/product_cat?post=13410"},{"taxonomy":"product_tag","embeddable":true,"href":"https:\/\/www.facecorner.lv\/lv\/wp-json\/wp\/v2\/product_tag?post=13410"},{"taxonomy":"berocket_brand","embeddable":true,"href":"https:\/\/www.facecorner.lv\/lv\/wp-json\/wp\/v2\/berocket_brand?post=13410"}],"curies":[{"name":"wp","href":"https:\/\/api.w.org\/{rel}","templated":true}]}}