{"id":13405,"date":"2023-12-14T14:43:07","date_gmt":"2023-12-14T12:43:07","guid":{"rendered":"https:\/\/www.facecorner.lv\/?post_type=product&#038;p=13405"},"modified":"2024-03-27T21:20:51","modified_gmt":"2024-03-27T19:20:51","slug":"isntree-tw-real-bifida-ampoule-50ml","status":"publish","type":"product","link":"https:\/\/www.facecorner.lv\/lv\/shop\/isntree-tw-real-bifida-ampoule-50ml\/","title":{"rendered":"IsNtree TW-REAL Bifida Ampoule 50ml"},"content":{"rendered":"<p>Atjaunojo\u0161a ampula ar bifidobakt\u0113riju liz\u0101tu IsNtree TW-REAL Bifida Ampula nobriedu\u0161as \u0101das kop\u0161anai ir ar augstu re\u0123ener\u0101cijas sp\u0113ju, pateicoties kurai t\u0101 aktiviz\u0113 kolag\u0113na un elast\u012bna \u0161\u0137iedru sint\u0113zi audos, palielina elast\u012bbu, samazina grumbu dzi\u013cumu un pal\u0113nina \u0101das veido\u0161anos. noveco\u0161an\u0101s process.<\/p>\n<p>Produkts stiprina im\u016bnsist\u0113mu un \u0101das aizsargfunkcijas, aizsarg\u0101 epidermu no \u0101r\u0113jo \u0137\u012bmisko un fizik\u0101lo faktoru posto\u0161\u0101s ietekmes, k\u0101 ar\u012b atjauno lip\u012bdu barjeru.<\/p>\n<p>Serums piepilda \u0101das \u0161\u016bnas ar akt\u012bviem uztura komponentiem, nov\u0113r\u0161 sausumu un lob\u012b\u0161anos, k\u0101 ar\u012b pal\u012bdz uztur\u0113t optim\u0101lu mitruma l\u012bmeni epidermas \u0161\u016bn\u0101s. Nostiprina un nostiprina turgoru, palielina \u0101das elast\u012bbu, maigi izgaismo un pal\u012bdz nov\u0113rst pigment\u0101ciju un vecuma plankumus.<\/p>\n<p>Produkta iepakojums ir izgatavots no p\u0101rstr\u0101d\u0101ta materi\u0101la, izmantojot sojas tinti, kas ir videi draudz\u012bga. Pudeles eti\u0137eti var viegli no\u0146emt, lai atvieglotu p\u0101rstr\u0101di.<\/p>\n<p><strong>Galven\u0101s akt\u012bv\u0101s sast\u0101vda\u013cas:<\/strong><\/p>\n<ul>\n<li>Bifidobakt\u0113riju liz\u0101ta enz\u012bmam 88% piem\u012bt sp\u0113c\u012bgas atjaunojo\u0161as, atjaunojo\u0161as un aizsarg\u0101jo\u0161as \u012bpa\u0161\u012bbas. Stimul\u0113 fibroblastu &#8211; galveno saistaudu \u0161\u016bnu &#8211; prolifer\u0101ciju. \u0160is fakts izskaidro seruma lielisko sp\u0113ju izl\u012bdzin\u0101t grumbas un padar\u012bt \u0101du gludu un vienm\u0113r\u012bgu.<\/li>\n<li>Niacinam\u012bds pal\u012bdz stimul\u0113t kolag\u0113na sint\u0113zi un uzlabo \u0101das aizsargfunkcijas, pal\u012bdz samazin\u0101t transepiderm\u0101lo mitruma zudumu un likvid\u0113t pigment\u0101ciju, mitrina, savelk poras, nomierina un padara gai\u0161\u0101ku.<\/li>\n<li>Adenoz\u012bns ir sp\u0113c\u012bgs pretnoveco\u0161an\u0101s komponents. Nostiprina \u0101du, uzlabo kolag\u0113na ra\u017eo\u0161anu, pal\u012bdz samazin\u0101t grumbu skaitu un pal\u0113nina noveco\u0161an\u0101s procesu.<\/li>\n<li>Pept\u012bdu komplekss atjauno, samazina eso\u0161\u0101s grumbas un nov\u0113r\u0161 jaunu par\u0101d\u012b\u0161anos, savelk, mitrina un pal\u0113nina noveco\u0161an\u0101s procesus. Pept\u012bdi pal\u012bdz nostiprin\u0101t sejas kont\u016bras, paaugstina kop\u0113jo \u0101das toni un pa\u0101trina dabisko kolag\u0113na un elast\u012bna \u0161\u0137iedru ra\u017eo\u0161anas procesu epiderm\u0101.<\/li>\n<li>Laktobacilli izgaismo, mitrina, nov\u0113r\u0161 aps\u0101rtumu, regul\u0113 melan\u012bna veido\u0161anos epiderm\u0101, maigi noloba raga sl\u0101ni un pa\u0101trina re\u0123ener\u0101cijas procesus.<\/li>\n<\/ul>\n<p><strong>Lieto\u0161anas nor\u0101d\u012bjumi:<\/strong> Uzkl\u0101jiet nepiecie\u0161amo seruma daudzumu uz \u0101das, kas samitrin\u0101ta ar toniku.<\/p>\n<p><strong>S\u0101stavs:\u00a0<\/strong>Bifida Ferment Lysate, Dipropylene Glycol, Niacinamide, Glycerin, 1,2-Hexanediol, Butylene Glycol, Illicium Verum (Anise) Fruit Extract, Allantoin, Panthenol, Hydroxyethylcellulose, Water, Scutellaria Baicalensis Root Extract, Arginine, Carbomer, Adenosine, Disodium EDTA, Lactobacillus\/Rice Ferment Filtrate, Sodium Hyaluronate, Origanum Vulgare Leaf Extract, Chamaecyparis Obtusa Leaf Extract, Hydrolyzed Collagen, Salix Alba (Willow) Bark Extract, Lactobacillus\/Soybean Ferment-Extract, Lactobacillus\/Pumpkin Ferment Extract, Portulaca Oleracea Extract, Cinnamomum Cassia Bark Extract, Beta- Glucan, Acetyl Hexapeptide-8, Palmitoyl Tripeptide-1, Copper Tripeptide-1<\/p>\n","protected":false},"excerpt":{"rendered":"<p>Atjaunojo\u0161a ampula ar bifidobakt\u0113riju liz\u0101tu IsNtree TW-REAL Bifida Ampula nobriedu\u0161as \u0101das kop\u0161anai ir ar augstu re\u0123ener\u0101cijas sp\u0113ju, pateicoties kurai t\u0101 aktiviz\u0113 kolag\u0113na un elast\u012bna \u0161\u0137iedru sint\u0113zi audos, palielina elast\u012bbu, samazina grumbu dzi\u013cumu un pal\u0113nina \u0101das veido\u0161anos. noveco\u0161an\u0101s process. Produkts stiprina im\u016bnsist\u0113mu un \u0101das aizsargfunkcijas, aizsarg\u0101 epidermu no \u0101r\u0113jo \u0137\u012bmisko un fizik\u0101lo faktoru posto\u0161\u0101s ietekmes, k\u0101 [&hellip;]<\/p>\n","protected":false},"featured_media":13406,"comment_status":"open","ping_status":"closed","template":"","meta":{"site-sidebar-layout":"default","site-content-layout":"","ast-site-content-layout":"","site-content-style":"default","site-sidebar-style":"default","ast-global-header-display":"","ast-banner-title-visibility":"","ast-main-header-display":"","ast-hfb-above-header-display":"","ast-hfb-below-header-display":"","ast-hfb-mobile-header-display":"","site-post-title":"","ast-breadcrumbs-content":"","ast-featured-img":"","footer-sml-layout":"","theme-transparent-header-meta":"","adv-header-id-meta":"","stick-header-meta":"","header-above-stick-meta":"","header-main-stick-meta":"","header-below-stick-meta":"","astra-migrate-meta-layouts":"default","ast-page-background-enabled":"default","ast-page-background-meta":{"desktop":{"background-color":"var(--ast-global-color-4)","background-image":"","background-repeat":"repeat","background-position":"center center","background-size":"auto","background-attachment":"scroll","background-type":"","background-media":"","overlay-type":"","overlay-color":"","overlay-opacity":"","overlay-gradient":""},"tablet":{"background-color":"","background-image":"","background-repeat":"repeat","background-position":"center center","background-size":"auto","background-attachment":"scroll","background-type":"","background-media":"","overlay-type":"","overlay-color":"","overlay-opacity":"","overlay-gradient":""},"mobile":{"background-color":"","background-image":"","background-repeat":"repeat","background-position":"center center","background-size":"auto","background-attachment":"scroll","background-type":"","background-media":"","overlay-type":"","overlay-color":"","overlay-opacity":"","overlay-gradient":""}},"ast-content-background-meta":{"desktop":{"background-color":"var(--ast-global-color-5)","background-image":"","background-repeat":"repeat","background-position":"center center","background-size":"auto","background-attachment":"scroll","background-type":"","background-media":"","overlay-type":"","overlay-color":"","overlay-opacity":"","overlay-gradient":""},"tablet":{"background-color":"var(--ast-global-color-5)","background-image":"","background-repeat":"repeat","background-position":"center center","background-size":"auto","background-attachment":"scroll","background-type":"","background-media":"","overlay-type":"","overlay-color":"","overlay-opacity":"","overlay-gradient":""},"mobile":{"background-color":"var(--ast-global-color-5)","background-image":"","background-repeat":"repeat","background-position":"center center","background-size":"auto","background-attachment":"scroll","background-type":"","background-media":"","overlay-type":"","overlay-color":"","overlay-opacity":"","overlay-gradient":""}}},"product_brand":[],"product_cat":[370,371,372,363],"product_tag":[],"berocket_brand":[],"class_list":{"0":"post-13405","1":"product","2":"type-product","3":"status-publish","4":"has-post-thumbnail","6":"product_cat-adas-mirdzumam","7":"product_cat-anti-age","8":"product_cat-jutigai-adai-serumi","9":"product_cat-serumi","10":"desktop-align-left","11":"tablet-align-left","12":"mobile-align-left","14":"first","15":"outofstock","16":"taxable","17":"shipping-taxable","18":"purchasable","19":"product-type-simple","20":"add-to-wishlist-before_image"},"yoast_head":"<!-- This site is optimized with the Yoast SEO plugin v27.4 - https:\/\/yoast.com\/product\/yoast-seo-wordpress\/ -->\n<title>IsNtree TW-REAL Bifida Ampoule 50ml - FACECORNER<\/title>\n<meta name=\"robots\" content=\"index, follow, max-snippet:-1, max-image-preview:large, max-video-preview:-1\" \/>\n<link rel=\"canonical\" href=\"https:\/\/www.facecorner.lv\/lv\/shop\/isntree-tw-real-bifida-ampoule-50ml\/\" \/>\n<meta property=\"og:locale\" content=\"lv_LV\" \/>\n<meta property=\"og:type\" content=\"article\" \/>\n<meta property=\"og:title\" content=\"IsNtree TW-REAL Bifida Ampoule 50ml - FACECORNER\" \/>\n<meta property=\"og:description\" content=\"Atjaunojo\u0161a ampula ar bifidobakt\u0113riju liz\u0101tu IsNtree TW-REAL Bifida Ampula nobriedu\u0161as \u0101das kop\u0161anai ir ar augstu re\u0123ener\u0101cijas sp\u0113ju, pateicoties kurai t\u0101 aktiviz\u0113 kolag\u0113na un elast\u012bna \u0161\u0137iedru sint\u0113zi audos, palielina elast\u012bbu, samazina grumbu dzi\u013cumu un pal\u0113nina \u0101das veido\u0161anos. noveco\u0161an\u0101s process. Produkts stiprina im\u016bnsist\u0113mu un \u0101das aizsargfunkcijas, aizsarg\u0101 epidermu no \u0101r\u0113jo \u0137\u012bmisko un fizik\u0101lo faktoru posto\u0161\u0101s ietekmes, k\u0101 [&hellip;]\" \/>\n<meta property=\"og:url\" content=\"https:\/\/www.facecorner.lv\/lv\/shop\/isntree-tw-real-bifida-ampoule-50ml\/\" \/>\n<meta property=\"og:site_name\" content=\"FACECORNER\" \/>\n<meta property=\"article:publisher\" content=\"https:\/\/www.facebook.com\/profile.php?id=100063824551839\" \/>\n<meta property=\"article:modified_time\" content=\"2024-03-27T19:20:51+00:00\" \/>\n<meta property=\"og:image\" content=\"https:\/\/www.facecorner.lv\/wp-content\/uploads\/2023\/12\/IsNtreeTW-REALBifidaAmpoule_1c4b05aa-f7c3-4854-a42b-f32f59a88c60.jpeg\" \/>\n\t<meta property=\"og:image:width\" content=\"1000\" \/>\n\t<meta property=\"og:image:height\" content=\"1000\" \/>\n\t<meta property=\"og:image:type\" content=\"image\/jpeg\" \/>\n<meta name=\"twitter:card\" content=\"summary_large_image\" \/>\n<meta name=\"twitter:label1\" content=\"Price\" \/>\n\t<meta name=\"twitter:data1\" content=\"&euro;23.70\" \/>\n\t<meta name=\"twitter:label2\" content=\"Availability\" \/>\n\t<meta name=\"twitter:data2\" content=\"Out of stock\" \/>\n<script type=\"application\/ld+json\" class=\"yoast-schema-graph\">{\"@context\":\"https:\\\/\\\/schema.org\",\"@graph\":[{\"@type\":\"WebPage\",\"@id\":\"https:\\\/\\\/www.facecorner.lv\\\/shop\\\/isntree-tw-real-bifida-ampoule-50ml\\\/\",\"url\":\"https:\\\/\\\/www.facecorner.lv\\\/shop\\\/isntree-tw-real-bifida-ampoule-50ml\\\/\",\"name\":\"IsNtree TW-REAL Bifida Ampoule 50ml - FACECORNER\",\"isPartOf\":{\"@id\":\"https:\\\/\\\/www.facecorner.lv\\\/#website\"},\"primaryImageOfPage\":{\"@id\":\"https:\\\/\\\/www.facecorner.lv\\\/shop\\\/isntree-tw-real-bifida-ampoule-50ml\\\/#primaryimage\"},\"image\":{\"@id\":\"https:\\\/\\\/www.facecorner.lv\\\/shop\\\/isntree-tw-real-bifida-ampoule-50ml\\\/#primaryimage\"},\"thumbnailUrl\":\"https:\\\/\\\/www.facecorner.lv\\\/wp-content\\\/uploads\\\/2023\\\/12\\\/IsNtreeTW-REALBifidaAmpoule_1c4b05aa-f7c3-4854-a42b-f32f59a88c60.jpeg\",\"datePublished\":\"2023-12-14T12:43:07+00:00\",\"dateModified\":\"2024-03-27T19:20:51+00:00\",\"breadcrumb\":{\"@id\":\"https:\\\/\\\/www.facecorner.lv\\\/shop\\\/isntree-tw-real-bifida-ampoule-50ml\\\/#breadcrumb\"},\"inLanguage\":\"lv-LV\",\"potentialAction\":[{\"@type\":\"ReadAction\",\"target\":[\"https:\\\/\\\/www.facecorner.lv\\\/shop\\\/isntree-tw-real-bifida-ampoule-50ml\\\/\"]}]},{\"@type\":\"ImageObject\",\"inLanguage\":\"lv-LV\",\"@id\":\"https:\\\/\\\/www.facecorner.lv\\\/shop\\\/isntree-tw-real-bifida-ampoule-50ml\\\/#primaryimage\",\"url\":\"https:\\\/\\\/www.facecorner.lv\\\/wp-content\\\/uploads\\\/2023\\\/12\\\/IsNtreeTW-REALBifidaAmpoule_1c4b05aa-f7c3-4854-a42b-f32f59a88c60.jpeg\",\"contentUrl\":\"https:\\\/\\\/www.facecorner.lv\\\/wp-content\\\/uploads\\\/2023\\\/12\\\/IsNtreeTW-REALBifidaAmpoule_1c4b05aa-f7c3-4854-a42b-f32f59a88c60.jpeg\",\"width\":1000,\"height\":1000},{\"@type\":\"BreadcrumbList\",\"@id\":\"https:\\\/\\\/www.facecorner.lv\\\/shop\\\/isntree-tw-real-bifida-ampoule-50ml\\\/#breadcrumb\",\"itemListElement\":[{\"@type\":\"ListItem\",\"position\":1,\"name\":\"Home\",\"item\":\"https:\\\/\\\/www.facecorner.lv\\\/\"},{\"@type\":\"ListItem\",\"position\":2,\"name\":\"Veikals\",\"item\":\"https:\\\/\\\/www.facecorner.lv\\\/shop\\\/\"},{\"@type\":\"ListItem\",\"position\":3,\"name\":\"IsNtree TW-REAL Bifida Ampoule 50ml\"}]},{\"@type\":\"WebSite\",\"@id\":\"https:\\\/\\\/www.facecorner.lv\\\/#website\",\"url\":\"https:\\\/\\\/www.facecorner.lv\\\/\",\"name\":\"Facecorner\",\"description\":\"\",\"publisher\":{\"@id\":\"https:\\\/\\\/www.facecorner.lv\\\/#organization\"},\"potentialAction\":[{\"@type\":\"SearchAction\",\"target\":{\"@type\":\"EntryPoint\",\"urlTemplate\":\"https:\\\/\\\/www.facecorner.lv\\\/?s={search_term_string}\"},\"query-input\":{\"@type\":\"PropertyValueSpecification\",\"valueRequired\":true,\"valueName\":\"search_term_string\"}}],\"inLanguage\":\"lv-LV\"},{\"@type\":\"Organization\",\"@id\":\"https:\\\/\\\/www.facecorner.lv\\\/#organization\",\"name\":\"Facecorner\",\"url\":\"https:\\\/\\\/www.facecorner.lv\\\/\",\"logo\":{\"@type\":\"ImageObject\",\"inLanguage\":\"lv-LV\",\"@id\":\"https:\\\/\\\/www.facecorner.lv\\\/#\\\/schema\\\/logo\\\/image\\\/\",\"url\":\"https:\\\/\\\/www.facecorner.lv\\\/wp-content\\\/uploads\\\/2024\\\/04\\\/fc-logo.jpg\",\"contentUrl\":\"https:\\\/\\\/www.facecorner.lv\\\/wp-content\\\/uploads\\\/2024\\\/04\\\/fc-logo.jpg\",\"width\":174,\"height\":28,\"caption\":\"Facecorner\"},\"image\":{\"@id\":\"https:\\\/\\\/www.facecorner.lv\\\/#\\\/schema\\\/logo\\\/image\\\/\"},\"sameAs\":[\"https:\\\/\\\/www.facebook.com\\\/profile.php?id=100063824551839\",\"https:\\\/\\\/www.instagram.com\\\/facecorner_shop\\\/\"]}]}<\/script>\n<meta property=\"product:price:amount\" content=\"23.70\" \/>\n<meta property=\"product:price:currency\" content=\"EUR\" \/>\n<meta property=\"og:availability\" content=\"out of stock\" \/>\n<meta property=\"product:availability\" content=\"out of stock\" \/>\n<meta property=\"product:condition\" content=\"new\" \/>\n<!-- \/ Yoast SEO plugin. -->","yoast_head_json":{"title":"IsNtree TW-REAL Bifida Ampoule 50ml - FACECORNER","robots":{"index":"index","follow":"follow","max-snippet":"max-snippet:-1","max-image-preview":"max-image-preview:large","max-video-preview":"max-video-preview:-1"},"canonical":"https:\/\/www.facecorner.lv\/lv\/shop\/isntree-tw-real-bifida-ampoule-50ml\/","og_locale":"lv_LV","og_type":"article","og_title":"IsNtree TW-REAL Bifida Ampoule 50ml - FACECORNER","og_description":"Atjaunojo\u0161a ampula ar bifidobakt\u0113riju liz\u0101tu IsNtree TW-REAL Bifida Ampula nobriedu\u0161as \u0101das kop\u0161anai ir ar augstu re\u0123ener\u0101cijas sp\u0113ju, pateicoties kurai t\u0101 aktiviz\u0113 kolag\u0113na un elast\u012bna \u0161\u0137iedru sint\u0113zi audos, palielina elast\u012bbu, samazina grumbu dzi\u013cumu un pal\u0113nina \u0101das veido\u0161anos. noveco\u0161an\u0101s process. Produkts stiprina im\u016bnsist\u0113mu un \u0101das aizsargfunkcijas, aizsarg\u0101 epidermu no \u0101r\u0113jo \u0137\u012bmisko un fizik\u0101lo faktoru posto\u0161\u0101s ietekmes, k\u0101 [&hellip;]","og_url":"https:\/\/www.facecorner.lv\/lv\/shop\/isntree-tw-real-bifida-ampoule-50ml\/","og_site_name":"FACECORNER","article_publisher":"https:\/\/www.facebook.com\/profile.php?id=100063824551839","article_modified_time":"2024-03-27T19:20:51+00:00","og_image":[{"width":1000,"height":1000,"url":"https:\/\/www.facecorner.lv\/wp-content\/uploads\/2023\/12\/IsNtreeTW-REALBifidaAmpoule_1c4b05aa-f7c3-4854-a42b-f32f59a88c60.jpeg","type":"image\/jpeg"}],"twitter_card":"summary_large_image","twitter_misc":{"Price":"&euro;23.70","Availability":"Out of stock"},"schema":{"@context":"https:\/\/schema.org","@graph":[{"@type":"WebPage","@id":"https:\/\/www.facecorner.lv\/shop\/isntree-tw-real-bifida-ampoule-50ml\/","url":"https:\/\/www.facecorner.lv\/shop\/isntree-tw-real-bifida-ampoule-50ml\/","name":"IsNtree TW-REAL Bifida Ampoule 50ml - FACECORNER","isPartOf":{"@id":"https:\/\/www.facecorner.lv\/#website"},"primaryImageOfPage":{"@id":"https:\/\/www.facecorner.lv\/shop\/isntree-tw-real-bifida-ampoule-50ml\/#primaryimage"},"image":{"@id":"https:\/\/www.facecorner.lv\/shop\/isntree-tw-real-bifida-ampoule-50ml\/#primaryimage"},"thumbnailUrl":"https:\/\/www.facecorner.lv\/wp-content\/uploads\/2023\/12\/IsNtreeTW-REALBifidaAmpoule_1c4b05aa-f7c3-4854-a42b-f32f59a88c60.jpeg","datePublished":"2023-12-14T12:43:07+00:00","dateModified":"2024-03-27T19:20:51+00:00","breadcrumb":{"@id":"https:\/\/www.facecorner.lv\/shop\/isntree-tw-real-bifida-ampoule-50ml\/#breadcrumb"},"inLanguage":"lv-LV","potentialAction":[{"@type":"ReadAction","target":["https:\/\/www.facecorner.lv\/shop\/isntree-tw-real-bifida-ampoule-50ml\/"]}]},{"@type":"ImageObject","inLanguage":"lv-LV","@id":"https:\/\/www.facecorner.lv\/shop\/isntree-tw-real-bifida-ampoule-50ml\/#primaryimage","url":"https:\/\/www.facecorner.lv\/wp-content\/uploads\/2023\/12\/IsNtreeTW-REALBifidaAmpoule_1c4b05aa-f7c3-4854-a42b-f32f59a88c60.jpeg","contentUrl":"https:\/\/www.facecorner.lv\/wp-content\/uploads\/2023\/12\/IsNtreeTW-REALBifidaAmpoule_1c4b05aa-f7c3-4854-a42b-f32f59a88c60.jpeg","width":1000,"height":1000},{"@type":"BreadcrumbList","@id":"https:\/\/www.facecorner.lv\/shop\/isntree-tw-real-bifida-ampoule-50ml\/#breadcrumb","itemListElement":[{"@type":"ListItem","position":1,"name":"Home","item":"https:\/\/www.facecorner.lv\/"},{"@type":"ListItem","position":2,"name":"Veikals","item":"https:\/\/www.facecorner.lv\/shop\/"},{"@type":"ListItem","position":3,"name":"IsNtree TW-REAL Bifida Ampoule 50ml"}]},{"@type":"WebSite","@id":"https:\/\/www.facecorner.lv\/#website","url":"https:\/\/www.facecorner.lv\/","name":"Facecorner","description":"","publisher":{"@id":"https:\/\/www.facecorner.lv\/#organization"},"potentialAction":[{"@type":"SearchAction","target":{"@type":"EntryPoint","urlTemplate":"https:\/\/www.facecorner.lv\/?s={search_term_string}"},"query-input":{"@type":"PropertyValueSpecification","valueRequired":true,"valueName":"search_term_string"}}],"inLanguage":"lv-LV"},{"@type":"Organization","@id":"https:\/\/www.facecorner.lv\/#organization","name":"Facecorner","url":"https:\/\/www.facecorner.lv\/","logo":{"@type":"ImageObject","inLanguage":"lv-LV","@id":"https:\/\/www.facecorner.lv\/#\/schema\/logo\/image\/","url":"https:\/\/www.facecorner.lv\/wp-content\/uploads\/2024\/04\/fc-logo.jpg","contentUrl":"https:\/\/www.facecorner.lv\/wp-content\/uploads\/2024\/04\/fc-logo.jpg","width":174,"height":28,"caption":"Facecorner"},"image":{"@id":"https:\/\/www.facecorner.lv\/#\/schema\/logo\/image\/"},"sameAs":["https:\/\/www.facebook.com\/profile.php?id=100063824551839","https:\/\/www.instagram.com\/facecorner_shop\/"]}]},"product_price_amount":"23.70","product_price_currency":"EUR","og_availability":"out of stock","product_availability":"out of stock","product_condition":"new"},"_links":{"self":[{"href":"https:\/\/www.facecorner.lv\/lv\/wp-json\/wp\/v2\/product\/13405","targetHints":{"allow":["GET"]}}],"collection":[{"href":"https:\/\/www.facecorner.lv\/lv\/wp-json\/wp\/v2\/product"}],"about":[{"href":"https:\/\/www.facecorner.lv\/lv\/wp-json\/wp\/v2\/types\/product"}],"replies":[{"embeddable":true,"href":"https:\/\/www.facecorner.lv\/lv\/wp-json\/wp\/v2\/comments?post=13405"}],"wp:featuredmedia":[{"embeddable":true,"href":"https:\/\/www.facecorner.lv\/lv\/wp-json\/wp\/v2\/media\/13406"}],"wp:attachment":[{"href":"https:\/\/www.facecorner.lv\/lv\/wp-json\/wp\/v2\/media?parent=13405"}],"wp:term":[{"taxonomy":"product_brand","embeddable":true,"href":"https:\/\/www.facecorner.lv\/lv\/wp-json\/wp\/v2\/product_brand?post=13405"},{"taxonomy":"product_cat","embeddable":true,"href":"https:\/\/www.facecorner.lv\/lv\/wp-json\/wp\/v2\/product_cat?post=13405"},{"taxonomy":"product_tag","embeddable":true,"href":"https:\/\/www.facecorner.lv\/lv\/wp-json\/wp\/v2\/product_tag?post=13405"},{"taxonomy":"berocket_brand","embeddable":true,"href":"https:\/\/www.facecorner.lv\/lv\/wp-json\/wp\/v2\/berocket_brand?post=13405"}],"curies":[{"name":"wp","href":"https:\/\/api.w.org\/{rel}","templated":true}]}}