{"id":13400,"date":"2023-12-14T14:30:30","date_gmt":"2023-12-14T12:30:30","guid":{"rendered":"https:\/\/www.facecorner.lv\/?post_type=product&#038;p=13400"},"modified":"2025-08-24T11:23:01","modified_gmt":"2025-08-24T08:23:01","slug":"anua-trial-kit","status":"publish","type":"product","link":"https:\/\/www.facecorner.lv\/lv\/shop\/anua-trial-kit\/","title":{"rendered":"Anua Heartleaf Soothing Trial Kit"},"content":{"rendered":"<p>Komplekts no z\u012bmola ANUA sast\u0101v no 4 miniat\u016br\u0101m un ietver piln\u012bgu pamata kop\u0161anu, ko \u0113rti \u0146emt l\u012bdzi ce\u013cojum\u0101! Ar\u012b lieliska iesp\u0113ja tuv\u0101k iepaz\u012bt z\u012bmola galveno l\u012bniju! Visu produktu formulas pamat\u0101 ir guttuinia ekstrakts, kam piem\u012bt pretmikrobu un nomierino\u0161as \u012bpa\u0161\u012bbas, regul\u0113 sebuma veido\u0161anos, k\u0101 ar\u012b stiprina aizsargbarjeru. L\u012bnija piem\u0113rota visiem \u0101das tipiem, efekt\u012bvs pal\u012bgs darbam ar problem\u0101tisku \u0101du, kurai ir nosliece uz pinn\u0113m.<\/p>\n<p><strong>Komplekt\u0101 ietilpa:<\/strong><br \/>\n1. Heartleaf 77% nomierino\u0161s toneris 40 ml<br \/>\n2. P\u012blinga tonera spilventi\u0146i Heartleaf 77 Clear Pad 2 gab<br \/>\n3. Heartleaf 80% nomierino\u0161a ampula 10 ml<br \/>\n4. Heartleaf 70 Daily Lotion 20ml<\/p>\n<p>&nbsp;<\/p>\n","protected":false},"excerpt":{"rendered":"<p>Komplekts no z\u012bmola ANUA sast\u0101v no 4 miniat\u016br\u0101m un ietver piln\u012bgu pamata kop\u0161anu, ko \u0113rti \u0146emt l\u012bdzi ce\u013cojum\u0101! Ar\u012b lieliska iesp\u0113ja tuv\u0101k iepaz\u012bt z\u012bmola galveno l\u012bniju! Visu produktu formulas pamat\u0101 ir guttuinia ekstrakts, kam piem\u012bt pretmikrobu un nomierino\u0161as \u012bpa\u0161\u012bbas, regul\u0113 sebuma veido\u0161anos, k\u0101 ar\u012b stiprina aizsargbarjeru. L\u012bnija piem\u0113rota visiem \u0101das tipiem, efekt\u012bvs pal\u012bgs darbam ar problem\u0101tisku \u0101du, kurai ir nosliece uz pinn\u0113m.<\/p>\n","protected":false},"featured_media":21992,"comment_status":"open","ping_status":"closed","template":"","meta":{"site-sidebar-layout":"default","site-content-layout":"","ast-site-content-layout":"default","site-content-style":"default","site-sidebar-style":"default","ast-global-header-display":"","ast-banner-title-visibility":"","ast-main-header-display":"","ast-hfb-above-header-display":"","ast-hfb-below-header-display":"","ast-hfb-mobile-header-display":"","site-post-title":"","ast-breadcrumbs-content":"","ast-featured-img":"","footer-sml-layout":"","theme-transparent-header-meta":"default","adv-header-id-meta":"","stick-header-meta":"","header-above-stick-meta":"","header-main-stick-meta":"","header-below-stick-meta":"","astra-migrate-meta-layouts":"set","ast-page-background-enabled":"default","ast-page-background-meta":{"desktop":{"background-color":"var(--ast-global-color-4)","background-image":"","background-repeat":"repeat","background-position":"center center","background-size":"auto","background-attachment":"scroll","background-type":"","background-media":"","overlay-type":"","overlay-color":"","overlay-opacity":"","overlay-gradient":""},"tablet":{"background-color":"","background-image":"","background-repeat":"repeat","background-position":"center center","background-size":"auto","background-attachment":"scroll","background-type":"","background-media":"","overlay-type":"","overlay-color":"","overlay-opacity":"","overlay-gradient":""},"mobile":{"background-color":"","background-image":"","background-repeat":"repeat","background-position":"center center","background-size":"auto","background-attachment":"scroll","background-type":"","background-media":"","overlay-type":"","overlay-color":"","overlay-opacity":"","overlay-gradient":""}},"ast-content-background-meta":{"desktop":{"background-color":"var(--ast-global-color-5)","background-image":"","background-repeat":"repeat","background-position":"center center","background-size":"auto","background-attachment":"scroll","background-type":"","background-media":"","overlay-type":"","overlay-color":"","overlay-opacity":"","overlay-gradient":""},"tablet":{"background-color":"var(--ast-global-color-5)","background-image":"","background-repeat":"repeat","background-position":"center center","background-size":"auto","background-attachment":"scroll","background-type":"","background-media":"","overlay-type":"","overlay-color":"","overlay-opacity":"","overlay-gradient":""},"mobile":{"background-color":"var(--ast-global-color-5)","background-image":"","background-repeat":"repeat","background-position":"center center","background-size":"auto","background-attachment":"scroll","background-type":"","background-media":"","overlay-type":"","overlay-color":"","overlay-opacity":"","overlay-gradient":""}}},"product_brand":[],"product_cat":[511,318,307],"product_tag":[],"berocket_brand":[575],"class_list":{"0":"post-13400","1":"product","2":"type-product","3":"status-publish","4":"has-post-thumbnail","6":"product_cat-atlaides","7":"product_cat-komplekti-sejai","8":"product_cat-sejai","9":"berocket_brand-anua","10":"desktop-align-left","11":"tablet-align-left","12":"mobile-align-left","14":"first","15":"instock","16":"sale","17":"taxable","18":"shipping-taxable","19":"purchasable","20":"product-type-simple","21":"add-to-wishlist-before_image"},"yoast_head":"<!-- This site is optimized with the Yoast SEO plugin v27.3 - https:\/\/yoast.com\/product\/yoast-seo-wordpress\/ -->\n<title>Anua Heartleaf Soothing Trial Kit - FACECORNER<\/title>\n<meta name=\"description\" content=\"Komplekts no z\u012bmola ANUA sast\u0101v no 4 miniat\u016br\u0101m un ietver piln\u012bgu pamata kop\u0161anu, ko \u0113rti \u0146emt l\u012bdzi ce\u013cojum\u0101! Ar\u012b lieliska iesp\u0113ja tuv\u0101k iepaz\u012bt\" \/>\n<meta name=\"robots\" content=\"index, follow, max-snippet:-1, max-image-preview:large, max-video-preview:-1\" \/>\n<link rel=\"canonical\" href=\"https:\/\/www.facecorner.lv\/lv\/shop\/anua-trial-kit\/\" \/>\n<meta property=\"og:locale\" content=\"lv_LV\" \/>\n<meta property=\"og:type\" content=\"article\" \/>\n<meta property=\"og:title\" content=\"Anua Heartleaf Soothing Trial Kit - FACECORNER\" \/>\n<meta property=\"og:description\" content=\"Komplekts no z\u012bmola ANUA sast\u0101v no 4 miniat\u016br\u0101m un ietver piln\u012bgu pamata kop\u0161anu, ko \u0113rti \u0146emt l\u012bdzi ce\u013cojum\u0101! Ar\u012b lieliska iesp\u0113ja tuv\u0101k iepaz\u012bt\" \/>\n<meta property=\"og:url\" content=\"https:\/\/www.facecorner.lv\/lv\/shop\/anua-trial-kit\/\" \/>\n<meta property=\"og:site_name\" content=\"FACECORNER\" \/>\n<meta property=\"article:publisher\" content=\"https:\/\/www.facebook.com\/profile.php?id=100063824551839\" \/>\n<meta property=\"article:modified_time\" content=\"2025-08-24T08:23:01+00:00\" \/>\n<meta property=\"og:image\" content=\"https:\/\/www.facecorner.lv\/wp-content\/uploads\/2023\/12\/eng_pl_Anua-Heartleaf-Soothing-Trial-Kit-Miniature-Kit-with-Astragalus-Extract-19646_5.webp\" \/>\n\t<meta property=\"og:image:width\" content=\"1500\" \/>\n\t<meta property=\"og:image:height\" content=\"1500\" \/>\n\t<meta property=\"og:image:type\" content=\"image\/webp\" \/>\n<meta name=\"twitter:card\" content=\"summary_large_image\" \/>\n<meta name=\"twitter:label1\" content=\"Price\" \/>\n\t<meta name=\"twitter:data1\" content=\"&euro;25.90\" \/>\n\t<meta name=\"twitter:label2\" content=\"Availability\" \/>\n\t<meta name=\"twitter:data2\" content=\"In stock\" \/>\n<script type=\"application\/ld+json\" class=\"yoast-schema-graph\">{\"@context\":\"https:\\\/\\\/schema.org\",\"@graph\":[{\"@type\":\"WebPage\",\"@id\":\"https:\\\/\\\/www.facecorner.lv\\\/shop\\\/anua-trial-kit\\\/\",\"url\":\"https:\\\/\\\/www.facecorner.lv\\\/shop\\\/anua-trial-kit\\\/\",\"name\":\"Anua Heartleaf Soothing Trial Kit - FACECORNER\",\"isPartOf\":{\"@id\":\"https:\\\/\\\/www.facecorner.lv\\\/#website\"},\"primaryImageOfPage\":{\"@id\":\"https:\\\/\\\/www.facecorner.lv\\\/shop\\\/anua-trial-kit\\\/#primaryimage\"},\"image\":{\"@id\":\"https:\\\/\\\/www.facecorner.lv\\\/shop\\\/anua-trial-kit\\\/#primaryimage\"},\"thumbnailUrl\":\"https:\\\/\\\/www.facecorner.lv\\\/wp-content\\\/uploads\\\/2023\\\/12\\\/eng_pl_Anua-Heartleaf-Soothing-Trial-Kit-Miniature-Kit-with-Astragalus-Extract-19646_5.webp\",\"datePublished\":\"2023-12-14T12:30:30+00:00\",\"dateModified\":\"2025-08-24T08:23:01+00:00\",\"description\":\"Komplekts no z\u012bmola ANUA sast\u0101v no 4 miniat\u016br\u0101m un ietver piln\u012bgu pamata kop\u0161anu, ko \u0113rti \u0146emt l\u012bdzi ce\u013cojum\u0101! Ar\u012b lieliska iesp\u0113ja tuv\u0101k iepaz\u012bt\",\"breadcrumb\":{\"@id\":\"https:\\\/\\\/www.facecorner.lv\\\/shop\\\/anua-trial-kit\\\/#breadcrumb\"},\"inLanguage\":\"lv-LV\",\"potentialAction\":[{\"@type\":\"ReadAction\",\"target\":[\"https:\\\/\\\/www.facecorner.lv\\\/shop\\\/anua-trial-kit\\\/\"]}]},{\"@type\":\"ImageObject\",\"inLanguage\":\"lv-LV\",\"@id\":\"https:\\\/\\\/www.facecorner.lv\\\/shop\\\/anua-trial-kit\\\/#primaryimage\",\"url\":\"https:\\\/\\\/www.facecorner.lv\\\/wp-content\\\/uploads\\\/2023\\\/12\\\/eng_pl_Anua-Heartleaf-Soothing-Trial-Kit-Miniature-Kit-with-Astragalus-Extract-19646_5.webp\",\"contentUrl\":\"https:\\\/\\\/www.facecorner.lv\\\/wp-content\\\/uploads\\\/2023\\\/12\\\/eng_pl_Anua-Heartleaf-Soothing-Trial-Kit-Miniature-Kit-with-Astragalus-Extract-19646_5.webp\",\"width\":1500,\"height\":1500,\"caption\":\"Anua Heartleaf Soothing Trial Kit\"},{\"@type\":\"BreadcrumbList\",\"@id\":\"https:\\\/\\\/www.facecorner.lv\\\/shop\\\/anua-trial-kit\\\/#breadcrumb\",\"itemListElement\":[{\"@type\":\"ListItem\",\"position\":1,\"name\":\"Home\",\"item\":\"https:\\\/\\\/www.facecorner.lv\\\/\"},{\"@type\":\"ListItem\",\"position\":2,\"name\":\"Veikals\",\"item\":\"https:\\\/\\\/www.facecorner.lv\\\/shop\\\/\"},{\"@type\":\"ListItem\",\"position\":3,\"name\":\"Anua Heartleaf Soothing Trial Kit\"}]},{\"@type\":\"WebSite\",\"@id\":\"https:\\\/\\\/www.facecorner.lv\\\/#website\",\"url\":\"https:\\\/\\\/www.facecorner.lv\\\/\",\"name\":\"Facecorner\",\"description\":\"\",\"publisher\":{\"@id\":\"https:\\\/\\\/www.facecorner.lv\\\/#organization\"},\"potentialAction\":[{\"@type\":\"SearchAction\",\"target\":{\"@type\":\"EntryPoint\",\"urlTemplate\":\"https:\\\/\\\/www.facecorner.lv\\\/?s={search_term_string}\"},\"query-input\":{\"@type\":\"PropertyValueSpecification\",\"valueRequired\":true,\"valueName\":\"search_term_string\"}}],\"inLanguage\":\"lv-LV\"},{\"@type\":\"Organization\",\"@id\":\"https:\\\/\\\/www.facecorner.lv\\\/#organization\",\"name\":\"Facecorner\",\"url\":\"https:\\\/\\\/www.facecorner.lv\\\/\",\"logo\":{\"@type\":\"ImageObject\",\"inLanguage\":\"lv-LV\",\"@id\":\"https:\\\/\\\/www.facecorner.lv\\\/#\\\/schema\\\/logo\\\/image\\\/\",\"url\":\"https:\\\/\\\/www.facecorner.lv\\\/wp-content\\\/uploads\\\/2024\\\/04\\\/fc-logo.jpg\",\"contentUrl\":\"https:\\\/\\\/www.facecorner.lv\\\/wp-content\\\/uploads\\\/2024\\\/04\\\/fc-logo.jpg\",\"width\":174,\"height\":28,\"caption\":\"Facecorner\"},\"image\":{\"@id\":\"https:\\\/\\\/www.facecorner.lv\\\/#\\\/schema\\\/logo\\\/image\\\/\"},\"sameAs\":[\"https:\\\/\\\/www.facebook.com\\\/profile.php?id=100063824551839\",\"https:\\\/\\\/www.instagram.com\\\/facecorner_shop\\\/\"]}]}<\/script>\n<meta property=\"product:price:amount\" content=\"25.90\" \/>\n<meta property=\"product:price:currency\" content=\"EUR\" \/>\n<meta property=\"og:availability\" content=\"instock\" \/>\n<meta property=\"product:availability\" content=\"instock\" \/>\n<meta property=\"product:condition\" content=\"new\" \/>\n<!-- \/ Yoast SEO plugin. -->","yoast_head_json":{"title":"Anua Heartleaf Soothing Trial Kit - FACECORNER","description":"Komplekts no z\u012bmola ANUA sast\u0101v no 4 miniat\u016br\u0101m un ietver piln\u012bgu pamata kop\u0161anu, ko \u0113rti \u0146emt l\u012bdzi ce\u013cojum\u0101! Ar\u012b lieliska iesp\u0113ja tuv\u0101k iepaz\u012bt","robots":{"index":"index","follow":"follow","max-snippet":"max-snippet:-1","max-image-preview":"max-image-preview:large","max-video-preview":"max-video-preview:-1"},"canonical":"https:\/\/www.facecorner.lv\/lv\/shop\/anua-trial-kit\/","og_locale":"lv_LV","og_type":"article","og_title":"Anua Heartleaf Soothing Trial Kit - FACECORNER","og_description":"Komplekts no z\u012bmola ANUA sast\u0101v no 4 miniat\u016br\u0101m un ietver piln\u012bgu pamata kop\u0161anu, ko \u0113rti \u0146emt l\u012bdzi ce\u013cojum\u0101! Ar\u012b lieliska iesp\u0113ja tuv\u0101k iepaz\u012bt","og_url":"https:\/\/www.facecorner.lv\/lv\/shop\/anua-trial-kit\/","og_site_name":"FACECORNER","article_publisher":"https:\/\/www.facebook.com\/profile.php?id=100063824551839","article_modified_time":"2025-08-24T08:23:01+00:00","og_image":[{"width":1500,"height":1500,"url":"https:\/\/www.facecorner.lv\/wp-content\/uploads\/2023\/12\/eng_pl_Anua-Heartleaf-Soothing-Trial-Kit-Miniature-Kit-with-Astragalus-Extract-19646_5.webp","type":"image\/webp"}],"twitter_card":"summary_large_image","twitter_misc":{"Price":"&euro;25.90","Availability":"In stock"},"schema":{"@context":"https:\/\/schema.org","@graph":[{"@type":"WebPage","@id":"https:\/\/www.facecorner.lv\/shop\/anua-trial-kit\/","url":"https:\/\/www.facecorner.lv\/shop\/anua-trial-kit\/","name":"Anua Heartleaf Soothing Trial Kit - FACECORNER","isPartOf":{"@id":"https:\/\/www.facecorner.lv\/#website"},"primaryImageOfPage":{"@id":"https:\/\/www.facecorner.lv\/shop\/anua-trial-kit\/#primaryimage"},"image":{"@id":"https:\/\/www.facecorner.lv\/shop\/anua-trial-kit\/#primaryimage"},"thumbnailUrl":"https:\/\/www.facecorner.lv\/wp-content\/uploads\/2023\/12\/eng_pl_Anua-Heartleaf-Soothing-Trial-Kit-Miniature-Kit-with-Astragalus-Extract-19646_5.webp","datePublished":"2023-12-14T12:30:30+00:00","dateModified":"2025-08-24T08:23:01+00:00","description":"Komplekts no z\u012bmola ANUA sast\u0101v no 4 miniat\u016br\u0101m un ietver piln\u012bgu pamata kop\u0161anu, ko \u0113rti \u0146emt l\u012bdzi ce\u013cojum\u0101! Ar\u012b lieliska iesp\u0113ja tuv\u0101k iepaz\u012bt","breadcrumb":{"@id":"https:\/\/www.facecorner.lv\/shop\/anua-trial-kit\/#breadcrumb"},"inLanguage":"lv-LV","potentialAction":[{"@type":"ReadAction","target":["https:\/\/www.facecorner.lv\/shop\/anua-trial-kit\/"]}]},{"@type":"ImageObject","inLanguage":"lv-LV","@id":"https:\/\/www.facecorner.lv\/shop\/anua-trial-kit\/#primaryimage","url":"https:\/\/www.facecorner.lv\/wp-content\/uploads\/2023\/12\/eng_pl_Anua-Heartleaf-Soothing-Trial-Kit-Miniature-Kit-with-Astragalus-Extract-19646_5.webp","contentUrl":"https:\/\/www.facecorner.lv\/wp-content\/uploads\/2023\/12\/eng_pl_Anua-Heartleaf-Soothing-Trial-Kit-Miniature-Kit-with-Astragalus-Extract-19646_5.webp","width":1500,"height":1500,"caption":"Anua Heartleaf Soothing Trial Kit"},{"@type":"BreadcrumbList","@id":"https:\/\/www.facecorner.lv\/shop\/anua-trial-kit\/#breadcrumb","itemListElement":[{"@type":"ListItem","position":1,"name":"Home","item":"https:\/\/www.facecorner.lv\/"},{"@type":"ListItem","position":2,"name":"Veikals","item":"https:\/\/www.facecorner.lv\/shop\/"},{"@type":"ListItem","position":3,"name":"Anua Heartleaf Soothing Trial Kit"}]},{"@type":"WebSite","@id":"https:\/\/www.facecorner.lv\/#website","url":"https:\/\/www.facecorner.lv\/","name":"Facecorner","description":"","publisher":{"@id":"https:\/\/www.facecorner.lv\/#organization"},"potentialAction":[{"@type":"SearchAction","target":{"@type":"EntryPoint","urlTemplate":"https:\/\/www.facecorner.lv\/?s={search_term_string}"},"query-input":{"@type":"PropertyValueSpecification","valueRequired":true,"valueName":"search_term_string"}}],"inLanguage":"lv-LV"},{"@type":"Organization","@id":"https:\/\/www.facecorner.lv\/#organization","name":"Facecorner","url":"https:\/\/www.facecorner.lv\/","logo":{"@type":"ImageObject","inLanguage":"lv-LV","@id":"https:\/\/www.facecorner.lv\/#\/schema\/logo\/image\/","url":"https:\/\/www.facecorner.lv\/wp-content\/uploads\/2024\/04\/fc-logo.jpg","contentUrl":"https:\/\/www.facecorner.lv\/wp-content\/uploads\/2024\/04\/fc-logo.jpg","width":174,"height":28,"caption":"Facecorner"},"image":{"@id":"https:\/\/www.facecorner.lv\/#\/schema\/logo\/image\/"},"sameAs":["https:\/\/www.facebook.com\/profile.php?id=100063824551839","https:\/\/www.instagram.com\/facecorner_shop\/"]}]},"product_price_amount":"25.90","product_price_currency":"EUR","og_availability":"instock","product_availability":"instock","product_condition":"new"},"_links":{"self":[{"href":"https:\/\/www.facecorner.lv\/lv\/wp-json\/wp\/v2\/product\/13400","targetHints":{"allow":["GET"]}}],"collection":[{"href":"https:\/\/www.facecorner.lv\/lv\/wp-json\/wp\/v2\/product"}],"about":[{"href":"https:\/\/www.facecorner.lv\/lv\/wp-json\/wp\/v2\/types\/product"}],"replies":[{"embeddable":true,"href":"https:\/\/www.facecorner.lv\/lv\/wp-json\/wp\/v2\/comments?post=13400"}],"wp:featuredmedia":[{"embeddable":true,"href":"https:\/\/www.facecorner.lv\/lv\/wp-json\/wp\/v2\/media\/21992"}],"wp:attachment":[{"href":"https:\/\/www.facecorner.lv\/lv\/wp-json\/wp\/v2\/media?parent=13400"}],"wp:term":[{"taxonomy":"product_brand","embeddable":true,"href":"https:\/\/www.facecorner.lv\/lv\/wp-json\/wp\/v2\/product_brand?post=13400"},{"taxonomy":"product_cat","embeddable":true,"href":"https:\/\/www.facecorner.lv\/lv\/wp-json\/wp\/v2\/product_cat?post=13400"},{"taxonomy":"product_tag","embeddable":true,"href":"https:\/\/www.facecorner.lv\/lv\/wp-json\/wp\/v2\/product_tag?post=13400"},{"taxonomy":"berocket_brand","embeddable":true,"href":"https:\/\/www.facecorner.lv\/lv\/wp-json\/wp\/v2\/berocket_brand?post=13400"}],"curies":[{"name":"wp","href":"https:\/\/api.w.org\/{rel}","templated":true}]}}