{"id":13357,"date":"2023-12-10T18:41:41","date_gmt":"2023-12-10T16:41:41","guid":{"rendered":"https:\/\/www.facecorner.lv\/?post_type=product&#038;p=13357"},"modified":"2024-02-15T16:47:18","modified_gmt":"2024-02-15T14:47:18","slug":"some-by-mi-aha-bha-pha-30-days-miracle-ac-sos-kit","status":"publish","type":"product","link":"https:\/\/www.facecorner.lv\/lv\/shop\/some-by-mi-aha-bha-pha-30-days-miracle-ac-sos-kit\/","title":{"rendered":"Some By Mi AHA-BHA-PHA 30 Days Miracle AC SOS Kit\u200b"},"content":{"rendered":"<p>Miniat\u016bru sk\u0101bju produktu komplekts problem\u0101tiskai \u0101dai Some By Mi AHA-BHA-PHA 30 Days Miracle AC SOS Kit\u200b efekt\u012bvi att\u012bra \u0101du, atjaunojot t\u0101s gludumu un mirdzumu!<\/p>\n<p>Produkta \u012bpatn\u012bba ir t\u0101 bag\u0101t\u012bgais sast\u0101vs: 3 veidu sk\u0101bes, t\u0113jas koka e\u013c\u013ca (10 000 ppm), kuras koncentr\u0101cija vair\u0101kas reizes p\u0101rsniedz \u0161\u012b komponenta saturu citos z\u012bmolos, k\u0101 ar\u012b daudz noder\u012bgu sast\u0101vda\u013cu. nepiecie\u0161ams, lai saglab\u0101tu vesel\u012bgu un t\u012bru \u0101du.<\/p>\n<p>3 veidu sk\u0101bes ir paredz\u0113tas dzi\u013cai \u0101das att\u012br\u012b\u0161anai, atjauno\u0161anai un atjauno\u0161anai.<\/p>\n<ul>\n<li>AHA sk\u0101bes noloba epidermas raga sl\u0101ni, no\u0146em atmiru\u0161\u0101s \u0101das \u0161\u016bnas un citus net\u012brumus.<\/li>\n<li>BHA sk\u0101bes iz\u0161\u0137\u012bdina komedonus, pal\u012bdz att\u012br\u012bt \u0101du no dzi\u013c\u0101kiem, zem\u0101das net\u012brumiem un liek\u0101 sebuma por\u0101s, k\u0101 ar\u012b normaliz\u0113 \u0101das \u016bdens-e\u013c\u013cas l\u012bdzsvaru.<\/li>\n<li>PHA sk\u0101bes nov\u0113r\u0161 mitruma zudumu un maigi noloba, nomierina un nov\u0113r\u0161 \u0101das kairin\u0101jumus.<\/li>\n<\/ul>\n<p><strong>Galven\u0101s l\u012bnijas funkcijas:<\/strong><\/p>\n<ul>\n<li>noloba atmiru\u0161\u0101s \u0101das \u0161\u016bnas un atjauno epidermu<\/li>\n<li>pal\u012bdz c\u012b\u0146\u0101 pret melnajiem punktiem, att\u012bra poras un pal\u012bdz t\u0101s savelkt<\/li>\n<li>\u00a0mitrina un pieg\u0101d\u0101 \u0101das \u0161\u016bn\u0101m nepiecie\u0161amo mitruma daudzumu, uztur nepiecie\u0161amo epidermas hidrat\u0101cijas l\u012bmeni<\/li>\n<li>maigi atvieglo pigment\u0101ciju un p\u0113cp\u016bt\u012btes, izl\u012bdzina sejas toni un c\u012bn\u0101s ar aps\u0101rtumu<\/li>\n<li>\u0101rst\u0113 pinnes un iekaisumus, pa\u0101trina to dz\u012b\u0161anu un nov\u0113r\u0161 \u0101das nepiln\u012bbu atk\u0101rtotu par\u0101d\u012b\u0161anos.<\/li>\n<\/ul>\n<p><strong>Komplekt\u0101 ietilpst:<\/strong><\/p>\n<p>1. Some By Mi AHA-BHA-PHA 30 Days Miracle p\u016bt\u012btes putas (30 ml)<br \/>\n2. Sk\u0101bes toneris Some By Mi AHA-BHA-PHA 30 Days Miracle Toner (30 ml)<br \/>\n3. Sk\u0101bes serums Some By Mi AHA-BHA-PHA 30 Days Miracle Serum (10 ml)<br \/>\n4. Sk\u0101bes kr\u0113ms Some By Mi AHA-BHA-PHA 30 Days Miracle Cream (20 ml)<\/p>\n<p>&nbsp;<\/p>\n","protected":false},"excerpt":{"rendered":"<p>Miniat\u016bru sk\u0101bju produktu komplekts problem\u0101tiskai \u0101dai Some By Mi AHA-BHA-PHA 30 Days Miracle AC SOS Kit\u200b efekt\u012bvi att\u012bra \u0101du, atjaunojot t\u0101s gludumu un mirdzumu! Produkta \u012bpatn\u012bba ir t\u0101 bag\u0101t\u012bgais sast\u0101vs: 3 veidu sk\u0101bes, t\u0113jas koka e\u013c\u013ca (10 000 ppm), kuras koncentr\u0101cija vair\u0101kas reizes p\u0101rsniedz \u0161\u012b komponenta saturu citos z\u012bmolos, k\u0101 ar\u012b daudz noder\u012bgu sast\u0101vda\u013cu. nepiecie\u0161ams, [&hellip;]<\/p>\n","protected":false},"featured_media":13358,"comment_status":"open","ping_status":"closed","template":"","meta":{"site-sidebar-layout":"default","site-content-layout":"","ast-site-content-layout":"","site-content-style":"default","site-sidebar-style":"default","ast-global-header-display":"","ast-banner-title-visibility":"","ast-main-header-display":"","ast-hfb-above-header-display":"","ast-hfb-below-header-display":"","ast-hfb-mobile-header-display":"","site-post-title":"","ast-breadcrumbs-content":"","ast-featured-img":"","footer-sml-layout":"","theme-transparent-header-meta":"","adv-header-id-meta":"","stick-header-meta":"","header-above-stick-meta":"","header-main-stick-meta":"","header-below-stick-meta":"","astra-migrate-meta-layouts":"default","ast-page-background-enabled":"default","ast-page-background-meta":{"desktop":{"background-color":"var(--ast-global-color-4)","background-image":"","background-repeat":"repeat","background-position":"center center","background-size":"auto","background-attachment":"scroll","background-type":"","background-media":"","overlay-type":"","overlay-color":"","overlay-opacity":"","overlay-gradient":""},"tablet":{"background-color":"","background-image":"","background-repeat":"repeat","background-position":"center center","background-size":"auto","background-attachment":"scroll","background-type":"","background-media":"","overlay-type":"","overlay-color":"","overlay-opacity":"","overlay-gradient":""},"mobile":{"background-color":"","background-image":"","background-repeat":"repeat","background-position":"center center","background-size":"auto","background-attachment":"scroll","background-type":"","background-media":"","overlay-type":"","overlay-color":"","overlay-opacity":"","overlay-gradient":""}},"ast-content-background-meta":{"desktop":{"background-color":"var(--ast-global-color-5)","background-image":"","background-repeat":"repeat","background-position":"center center","background-size":"auto","background-attachment":"scroll","background-type":"","background-media":"","overlay-type":"","overlay-color":"","overlay-opacity":"","overlay-gradient":""},"tablet":{"background-color":"var(--ast-global-color-5)","background-image":"","background-repeat":"repeat","background-position":"center center","background-size":"auto","background-attachment":"scroll","background-type":"","background-media":"","overlay-type":"","overlay-color":"","overlay-opacity":"","overlay-gradient":""},"mobile":{"background-color":"var(--ast-global-color-5)","background-image":"","background-repeat":"repeat","background-position":"center center","background-size":"auto","background-attachment":"scroll","background-type":"","background-media":"","overlay-type":"","overlay-color":"","overlay-opacity":"","overlay-gradient":""}}},"product_brand":[],"product_cat":[318],"product_tag":[],"berocket_brand":[],"class_list":{"0":"post-13357","1":"product","2":"type-product","3":"status-publish","4":"has-post-thumbnail","6":"product_cat-komplekti-sejai","7":"desktop-align-left","8":"tablet-align-left","9":"mobile-align-left","11":"first","12":"outofstock","13":"taxable","14":"shipping-taxable","15":"purchasable","16":"product-type-simple","17":"add-to-wishlist-before_image"},"yoast_head":"<!-- This site is optimized with the Yoast SEO plugin v27.4 - https:\/\/yoast.com\/product\/yoast-seo-wordpress\/ -->\n<title>Some By Mi AHA-BHA-PHA 30 Days Miracle AC SOS Kit\u200b - FACECORNER<\/title>\n<meta name=\"robots\" content=\"index, follow, max-snippet:-1, max-image-preview:large, max-video-preview:-1\" \/>\n<link rel=\"canonical\" href=\"https:\/\/www.facecorner.lv\/lv\/shop\/some-by-mi-aha-bha-pha-30-days-miracle-ac-sos-kit\/\" \/>\n<meta property=\"og:locale\" content=\"lv_LV\" \/>\n<meta property=\"og:type\" content=\"article\" \/>\n<meta property=\"og:title\" content=\"Some By Mi AHA-BHA-PHA 30 Days Miracle AC SOS Kit\u200b - FACECORNER\" \/>\n<meta property=\"og:description\" content=\"Miniat\u016bru sk\u0101bju produktu komplekts problem\u0101tiskai \u0101dai Some By Mi AHA-BHA-PHA 30 Days Miracle AC SOS Kit\u200b efekt\u012bvi att\u012bra \u0101du, atjaunojot t\u0101s gludumu un mirdzumu! Produkta \u012bpatn\u012bba ir t\u0101 bag\u0101t\u012bgais sast\u0101vs: 3 veidu sk\u0101bes, t\u0113jas koka e\u013c\u013ca (10 000 ppm), kuras koncentr\u0101cija vair\u0101kas reizes p\u0101rsniedz \u0161\u012b komponenta saturu citos z\u012bmolos, k\u0101 ar\u012b daudz noder\u012bgu sast\u0101vda\u013cu. nepiecie\u0161ams, [&hellip;]\" \/>\n<meta property=\"og:url\" content=\"https:\/\/www.facecorner.lv\/lv\/shop\/some-by-mi-aha-bha-pha-30-days-miracle-ac-sos-kit\/\" \/>\n<meta property=\"og:site_name\" content=\"FACECORNER\" \/>\n<meta property=\"article:publisher\" content=\"https:\/\/www.facebook.com\/profile.php?id=100063824551839\" \/>\n<meta property=\"article:modified_time\" content=\"2024-02-15T14:47:18+00:00\" \/>\n<meta property=\"og:image\" content=\"https:\/\/www.facecorner.lv\/wp-content\/uploads\/2023\/12\/1w0ab286ndxb.jpg\" \/>\n\t<meta property=\"og:image:width\" content=\"715\" \/>\n\t<meta property=\"og:image:height\" content=\"760\" \/>\n\t<meta property=\"og:image:type\" content=\"image\/jpeg\" \/>\n<meta name=\"twitter:card\" content=\"summary_large_image\" \/>\n<meta name=\"twitter:label1\" content=\"Price\" \/>\n\t<meta name=\"twitter:data1\" content=\"&euro;22.00\" \/>\n\t<meta name=\"twitter:label2\" content=\"Availability\" \/>\n\t<meta name=\"twitter:data2\" content=\"Out of stock\" \/>\n<script type=\"application\/ld+json\" class=\"yoast-schema-graph\">{\"@context\":\"https:\\\/\\\/schema.org\",\"@graph\":[{\"@type\":\"WebPage\",\"@id\":\"https:\\\/\\\/www.facecorner.lv\\\/shop\\\/some-by-mi-aha-bha-pha-30-days-miracle-ac-sos-kit\\\/\",\"url\":\"https:\\\/\\\/www.facecorner.lv\\\/shop\\\/some-by-mi-aha-bha-pha-30-days-miracle-ac-sos-kit\\\/\",\"name\":\"Some By Mi AHA-BHA-PHA 30 Days Miracle AC SOS Kit\u200b - FACECORNER\",\"isPartOf\":{\"@id\":\"https:\\\/\\\/www.facecorner.lv\\\/#website\"},\"primaryImageOfPage\":{\"@id\":\"https:\\\/\\\/www.facecorner.lv\\\/shop\\\/some-by-mi-aha-bha-pha-30-days-miracle-ac-sos-kit\\\/#primaryimage\"},\"image\":{\"@id\":\"https:\\\/\\\/www.facecorner.lv\\\/shop\\\/some-by-mi-aha-bha-pha-30-days-miracle-ac-sos-kit\\\/#primaryimage\"},\"thumbnailUrl\":\"https:\\\/\\\/www.facecorner.lv\\\/wp-content\\\/uploads\\\/2023\\\/12\\\/1w0ab286ndxb.jpg\",\"datePublished\":\"2023-12-10T16:41:41+00:00\",\"dateModified\":\"2024-02-15T14:47:18+00:00\",\"breadcrumb\":{\"@id\":\"https:\\\/\\\/www.facecorner.lv\\\/shop\\\/some-by-mi-aha-bha-pha-30-days-miracle-ac-sos-kit\\\/#breadcrumb\"},\"inLanguage\":\"lv-LV\",\"potentialAction\":[{\"@type\":\"ReadAction\",\"target\":[\"https:\\\/\\\/www.facecorner.lv\\\/shop\\\/some-by-mi-aha-bha-pha-30-days-miracle-ac-sos-kit\\\/\"]}]},{\"@type\":\"ImageObject\",\"inLanguage\":\"lv-LV\",\"@id\":\"https:\\\/\\\/www.facecorner.lv\\\/shop\\\/some-by-mi-aha-bha-pha-30-days-miracle-ac-sos-kit\\\/#primaryimage\",\"url\":\"https:\\\/\\\/www.facecorner.lv\\\/wp-content\\\/uploads\\\/2023\\\/12\\\/1w0ab286ndxb.jpg\",\"contentUrl\":\"https:\\\/\\\/www.facecorner.lv\\\/wp-content\\\/uploads\\\/2023\\\/12\\\/1w0ab286ndxb.jpg\",\"width\":715,\"height\":760},{\"@type\":\"BreadcrumbList\",\"@id\":\"https:\\\/\\\/www.facecorner.lv\\\/shop\\\/some-by-mi-aha-bha-pha-30-days-miracle-ac-sos-kit\\\/#breadcrumb\",\"itemListElement\":[{\"@type\":\"ListItem\",\"position\":1,\"name\":\"Home\",\"item\":\"https:\\\/\\\/www.facecorner.lv\\\/\"},{\"@type\":\"ListItem\",\"position\":2,\"name\":\"Veikals\",\"item\":\"https:\\\/\\\/www.facecorner.lv\\\/shop\\\/\"},{\"@type\":\"ListItem\",\"position\":3,\"name\":\"Some By Mi AHA-BHA-PHA 30 Days Miracle AC SOS Kit\u200b\"}]},{\"@type\":\"WebSite\",\"@id\":\"https:\\\/\\\/www.facecorner.lv\\\/#website\",\"url\":\"https:\\\/\\\/www.facecorner.lv\\\/\",\"name\":\"Facecorner\",\"description\":\"\",\"publisher\":{\"@id\":\"https:\\\/\\\/www.facecorner.lv\\\/#organization\"},\"potentialAction\":[{\"@type\":\"SearchAction\",\"target\":{\"@type\":\"EntryPoint\",\"urlTemplate\":\"https:\\\/\\\/www.facecorner.lv\\\/?s={search_term_string}\"},\"query-input\":{\"@type\":\"PropertyValueSpecification\",\"valueRequired\":true,\"valueName\":\"search_term_string\"}}],\"inLanguage\":\"lv-LV\"},{\"@type\":\"Organization\",\"@id\":\"https:\\\/\\\/www.facecorner.lv\\\/#organization\",\"name\":\"Facecorner\",\"url\":\"https:\\\/\\\/www.facecorner.lv\\\/\",\"logo\":{\"@type\":\"ImageObject\",\"inLanguage\":\"lv-LV\",\"@id\":\"https:\\\/\\\/www.facecorner.lv\\\/#\\\/schema\\\/logo\\\/image\\\/\",\"url\":\"https:\\\/\\\/www.facecorner.lv\\\/wp-content\\\/uploads\\\/2024\\\/04\\\/fc-logo.jpg\",\"contentUrl\":\"https:\\\/\\\/www.facecorner.lv\\\/wp-content\\\/uploads\\\/2024\\\/04\\\/fc-logo.jpg\",\"width\":174,\"height\":28,\"caption\":\"Facecorner\"},\"image\":{\"@id\":\"https:\\\/\\\/www.facecorner.lv\\\/#\\\/schema\\\/logo\\\/image\\\/\"},\"sameAs\":[\"https:\\\/\\\/www.facebook.com\\\/profile.php?id=100063824551839\",\"https:\\\/\\\/www.instagram.com\\\/facecorner_shop\\\/\"]}]}<\/script>\n<meta property=\"product:price:amount\" content=\"22.00\" \/>\n<meta property=\"product:price:currency\" content=\"EUR\" \/>\n<meta property=\"og:availability\" content=\"out of stock\" \/>\n<meta property=\"product:availability\" content=\"out of stock\" \/>\n<meta property=\"product:condition\" content=\"new\" \/>\n<!-- \/ Yoast SEO plugin. -->","yoast_head_json":{"title":"Some By Mi AHA-BHA-PHA 30 Days Miracle AC SOS Kit\u200b - FACECORNER","robots":{"index":"index","follow":"follow","max-snippet":"max-snippet:-1","max-image-preview":"max-image-preview:large","max-video-preview":"max-video-preview:-1"},"canonical":"https:\/\/www.facecorner.lv\/lv\/shop\/some-by-mi-aha-bha-pha-30-days-miracle-ac-sos-kit\/","og_locale":"lv_LV","og_type":"article","og_title":"Some By Mi AHA-BHA-PHA 30 Days Miracle AC SOS Kit\u200b - FACECORNER","og_description":"Miniat\u016bru sk\u0101bju produktu komplekts problem\u0101tiskai \u0101dai Some By Mi AHA-BHA-PHA 30 Days Miracle AC SOS Kit\u200b efekt\u012bvi att\u012bra \u0101du, atjaunojot t\u0101s gludumu un mirdzumu! Produkta \u012bpatn\u012bba ir t\u0101 bag\u0101t\u012bgais sast\u0101vs: 3 veidu sk\u0101bes, t\u0113jas koka e\u013c\u013ca (10 000 ppm), kuras koncentr\u0101cija vair\u0101kas reizes p\u0101rsniedz \u0161\u012b komponenta saturu citos z\u012bmolos, k\u0101 ar\u012b daudz noder\u012bgu sast\u0101vda\u013cu. nepiecie\u0161ams, [&hellip;]","og_url":"https:\/\/www.facecorner.lv\/lv\/shop\/some-by-mi-aha-bha-pha-30-days-miracle-ac-sos-kit\/","og_site_name":"FACECORNER","article_publisher":"https:\/\/www.facebook.com\/profile.php?id=100063824551839","article_modified_time":"2024-02-15T14:47:18+00:00","og_image":[{"width":715,"height":760,"url":"https:\/\/www.facecorner.lv\/wp-content\/uploads\/2023\/12\/1w0ab286ndxb.jpg","type":"image\/jpeg"}],"twitter_card":"summary_large_image","twitter_misc":{"Price":"&euro;22.00","Availability":"Out of stock"},"schema":{"@context":"https:\/\/schema.org","@graph":[{"@type":"WebPage","@id":"https:\/\/www.facecorner.lv\/shop\/some-by-mi-aha-bha-pha-30-days-miracle-ac-sos-kit\/","url":"https:\/\/www.facecorner.lv\/shop\/some-by-mi-aha-bha-pha-30-days-miracle-ac-sos-kit\/","name":"Some By Mi AHA-BHA-PHA 30 Days Miracle AC SOS Kit\u200b - FACECORNER","isPartOf":{"@id":"https:\/\/www.facecorner.lv\/#website"},"primaryImageOfPage":{"@id":"https:\/\/www.facecorner.lv\/shop\/some-by-mi-aha-bha-pha-30-days-miracle-ac-sos-kit\/#primaryimage"},"image":{"@id":"https:\/\/www.facecorner.lv\/shop\/some-by-mi-aha-bha-pha-30-days-miracle-ac-sos-kit\/#primaryimage"},"thumbnailUrl":"https:\/\/www.facecorner.lv\/wp-content\/uploads\/2023\/12\/1w0ab286ndxb.jpg","datePublished":"2023-12-10T16:41:41+00:00","dateModified":"2024-02-15T14:47:18+00:00","breadcrumb":{"@id":"https:\/\/www.facecorner.lv\/shop\/some-by-mi-aha-bha-pha-30-days-miracle-ac-sos-kit\/#breadcrumb"},"inLanguage":"lv-LV","potentialAction":[{"@type":"ReadAction","target":["https:\/\/www.facecorner.lv\/shop\/some-by-mi-aha-bha-pha-30-days-miracle-ac-sos-kit\/"]}]},{"@type":"ImageObject","inLanguage":"lv-LV","@id":"https:\/\/www.facecorner.lv\/shop\/some-by-mi-aha-bha-pha-30-days-miracle-ac-sos-kit\/#primaryimage","url":"https:\/\/www.facecorner.lv\/wp-content\/uploads\/2023\/12\/1w0ab286ndxb.jpg","contentUrl":"https:\/\/www.facecorner.lv\/wp-content\/uploads\/2023\/12\/1w0ab286ndxb.jpg","width":715,"height":760},{"@type":"BreadcrumbList","@id":"https:\/\/www.facecorner.lv\/shop\/some-by-mi-aha-bha-pha-30-days-miracle-ac-sos-kit\/#breadcrumb","itemListElement":[{"@type":"ListItem","position":1,"name":"Home","item":"https:\/\/www.facecorner.lv\/"},{"@type":"ListItem","position":2,"name":"Veikals","item":"https:\/\/www.facecorner.lv\/shop\/"},{"@type":"ListItem","position":3,"name":"Some By Mi AHA-BHA-PHA 30 Days Miracle AC SOS Kit\u200b"}]},{"@type":"WebSite","@id":"https:\/\/www.facecorner.lv\/#website","url":"https:\/\/www.facecorner.lv\/","name":"Facecorner","description":"","publisher":{"@id":"https:\/\/www.facecorner.lv\/#organization"},"potentialAction":[{"@type":"SearchAction","target":{"@type":"EntryPoint","urlTemplate":"https:\/\/www.facecorner.lv\/?s={search_term_string}"},"query-input":{"@type":"PropertyValueSpecification","valueRequired":true,"valueName":"search_term_string"}}],"inLanguage":"lv-LV"},{"@type":"Organization","@id":"https:\/\/www.facecorner.lv\/#organization","name":"Facecorner","url":"https:\/\/www.facecorner.lv\/","logo":{"@type":"ImageObject","inLanguage":"lv-LV","@id":"https:\/\/www.facecorner.lv\/#\/schema\/logo\/image\/","url":"https:\/\/www.facecorner.lv\/wp-content\/uploads\/2024\/04\/fc-logo.jpg","contentUrl":"https:\/\/www.facecorner.lv\/wp-content\/uploads\/2024\/04\/fc-logo.jpg","width":174,"height":28,"caption":"Facecorner"},"image":{"@id":"https:\/\/www.facecorner.lv\/#\/schema\/logo\/image\/"},"sameAs":["https:\/\/www.facebook.com\/profile.php?id=100063824551839","https:\/\/www.instagram.com\/facecorner_shop\/"]}]},"product_price_amount":"22.00","product_price_currency":"EUR","og_availability":"out of stock","product_availability":"out of stock","product_condition":"new"},"_links":{"self":[{"href":"https:\/\/www.facecorner.lv\/lv\/wp-json\/wp\/v2\/product\/13357","targetHints":{"allow":["GET"]}}],"collection":[{"href":"https:\/\/www.facecorner.lv\/lv\/wp-json\/wp\/v2\/product"}],"about":[{"href":"https:\/\/www.facecorner.lv\/lv\/wp-json\/wp\/v2\/types\/product"}],"replies":[{"embeddable":true,"href":"https:\/\/www.facecorner.lv\/lv\/wp-json\/wp\/v2\/comments?post=13357"}],"wp:featuredmedia":[{"embeddable":true,"href":"https:\/\/www.facecorner.lv\/lv\/wp-json\/wp\/v2\/media\/13358"}],"wp:attachment":[{"href":"https:\/\/www.facecorner.lv\/lv\/wp-json\/wp\/v2\/media?parent=13357"}],"wp:term":[{"taxonomy":"product_brand","embeddable":true,"href":"https:\/\/www.facecorner.lv\/lv\/wp-json\/wp\/v2\/product_brand?post=13357"},{"taxonomy":"product_cat","embeddable":true,"href":"https:\/\/www.facecorner.lv\/lv\/wp-json\/wp\/v2\/product_cat?post=13357"},{"taxonomy":"product_tag","embeddable":true,"href":"https:\/\/www.facecorner.lv\/lv\/wp-json\/wp\/v2\/product_tag?post=13357"},{"taxonomy":"berocket_brand","embeddable":true,"href":"https:\/\/www.facecorner.lv\/lv\/wp-json\/wp\/v2\/berocket_brand?post=13357"}],"curies":[{"name":"wp","href":"https:\/\/api.w.org\/{rel}","templated":true}]}}