{"id":13351,"date":"2023-12-10T18:23:45","date_gmt":"2023-12-10T16:23:45","guid":{"rendered":"https:\/\/www.facecorner.lv\/?post_type=product&#038;p=13351"},"modified":"2024-11-27T23:27:01","modified_gmt":"2024-11-27T20:27:01","slug":"round-lab-birch-juice-moisturizing-cleanser-150ml","status":"publish","type":"product","link":"https:\/\/www.facecorner.lv\/lv\/shop\/round-lab-birch-juice-moisturizing-cleanser-150ml\/","title":{"rendered":"Round Lab Birch Juice Moisturizing Cleanser 150ml"},"content":{"rendered":"<p>Round Lab Birch Juice Moisturizing Cleanser \u017eeleja no\u0146em net\u012brumus, smalkos putek\u013cus, sau\u013co\u0161an\u0101s kr\u0113ma atlikumus un lieko sebumu, m\u012bkstina un mitrina.<\/p>\n<p>Produkts att\u012bra poras, maigi noloba atmiru\u0161\u0101s da\u013ci\u0146as, neizraisa sausumu un savilktuma saj\u016btu: m\u012bkst\u0101 formula piepild\u0101s ar mitrumu, nov\u0113r\u0161ot t\u0101 iztvaiko\u0161anu.<\/p>\n<p>Produkts ar pH 5,0-6,0 un dab\u012bg\u0101m virsmakt\u012bv\u0101m viel\u0101m uz kokosriekstu b\u0101zes normaliz\u0113 mitruma un lip\u012bdu l\u012bdzsvaru uz \u0101das virsmas, tam piem\u012bt maiga \u016bde\u0146aina g\u0113la tekst\u016bra un kumel\u012b\u0161u un v\u0113rmeles arom\u0101ts.<\/p>\n<p>Galven\u0101 sast\u0101vda\u013ca ir b\u0113rzu sulas (10 000 ppm), kas sav\u0101ktas no kokiem, kas aug ekolo\u0123iskaj\u0101 re\u0123ion\u0101 Inje, Korej\u0101. B\u0113rzu sulas, kas bag\u0101tas ar labv\u0113l\u012bg\u0101m miner\u0101lviel\u0101m un aminosk\u0101b\u0113m, paaugstina \u0101das mitruma aiztur\u0113\u0161anas sp\u0113ju un uzlabo keranoc\u012btu darb\u012bbu, saglab\u0101jot epidermas vesel\u012bbu.<\/p>\n<p><strong>Papildu akt\u012bv\u0101s sast\u0101vda\u013cas:<\/strong><\/p>\n<ul>\n<li>2 hialuronsk\u0101bes veidi iek\u013c\u016bst epidermas dzi\u013cajos sl\u0101\u0146os, akt\u012bvi mitrina un uztur optim\u0101lu mitrin\u0101\u0161anas l\u012bmeni. Tie veido aizsargk\u0101rtu, kas ne\u013cauj mitrumam iztvaikot.<\/li>\n<li>Askorb\u012bnsk\u0101bei, C vitam\u012bna formai, piem\u012bt sp\u0113c\u012bga antioksidanta iedarb\u012bba, saglab\u0101jot \u0101das elast\u012bbu un jaunekl\u012bbu, k\u0101 ar\u012b pal\u012bdz padar\u012bt to gai\u0161\u0101ku un izl\u012bdzin\u0101t.<\/li>\n<li>Kumel\u012b\u0161u e\u013c\u013ca toniz\u0113, mazina iekaisumu, nomierina, uzlabo mikrocirkul\u0101ciju, aktiviz\u0113 re\u0123ener\u0101cijas procesus.<\/li>\n<\/ul>\n<p><strong>Lieto\u0161anas nor\u0101d\u012bjumi:<\/strong> saputojiet produktu plaukst\u0101s, uzkl\u0101jiet uz sejas, izkl\u0101jiet ar ap\u013cveida mas\u0101\u017eas kust\u012bb\u0101m, noskalojiet ar siltu \u016bdeni.<\/p>\n<p><strong>S\u0101stavs:\u00a0<\/strong>Water, Glycerin , Sodium Cocoyl Alaninate , Lauryl Hydroxysultaine, Disodium Cocoamphodiacetate, Sodium Methyl Cocoyl Taurate , Acrylates\/C10-30 Alkyl Acrylate Crosspolymer, Betula Platyphylla Japonica Juice(10,000 ppm),Butylene Glycol, Sodium Hyaluronate, Hyaluronic Acid , Sodium Chloride, Glyceryl Glucoside, Ascorbic Acid , 1,2-Hexanediol, Artemisia Annua Extract, Anthemis Nobilis Flower Oil, Pinus Sylvestris Leaf Oil , Quillaja Saponaria Bark Extract, Caprylyl Glycol, Coco-Glucoside , Glyceryl Caprylate, Sodium Cocoyl Isethionate, Hexylene Glycol, Citric Acid, Disodium EDTA<\/p>\n","protected":false},"excerpt":{"rendered":"<p>Round Lab Birch Juice Moisturizing Cleanser \u017eeleja no\u0146em net\u012brumus, smalkos putek\u013cus, sau\u013co\u0161an\u0101s kr\u0113ma atlikumus un lieko sebumu, m\u012bkstina un mitrina. Produkts att\u012bra poras, maigi noloba atmiru\u0161\u0101s da\u013ci\u0146as, neizraisa sausumu un savilktuma saj\u016btu: m\u012bkst\u0101 formula piepild\u0101s ar mitrumu, nov\u0113r\u0161ot t\u0101 iztvaiko\u0161anu. Produkts ar pH 5,0-6,0 un dab\u012bg\u0101m virsmakt\u012bv\u0101m viel\u0101m uz kokosriekstu b\u0101zes normaliz\u0113 mitruma un lip\u012bdu [&hellip;]<\/p>\n","protected":false},"featured_media":13353,"comment_status":"open","ping_status":"closed","template":"","meta":{"site-sidebar-layout":"default","site-content-layout":"","ast-site-content-layout":"","site-content-style":"default","site-sidebar-style":"default","ast-global-header-display":"","ast-banner-title-visibility":"","ast-main-header-display":"","ast-hfb-above-header-display":"","ast-hfb-below-header-display":"","ast-hfb-mobile-header-display":"","site-post-title":"","ast-breadcrumbs-content":"","ast-featured-img":"","footer-sml-layout":"","theme-transparent-header-meta":"","adv-header-id-meta":"","stick-header-meta":"","header-above-stick-meta":"","header-main-stick-meta":"","header-below-stick-meta":"","astra-migrate-meta-layouts":"default","ast-page-background-enabled":"default","ast-page-background-meta":{"desktop":{"background-color":"var(--ast-global-color-4)","background-image":"","background-repeat":"repeat","background-position":"center center","background-size":"auto","background-attachment":"scroll","background-type":"","background-media":"","overlay-type":"","overlay-color":"","overlay-opacity":"","overlay-gradient":""},"tablet":{"background-color":"","background-image":"","background-repeat":"repeat","background-position":"center center","background-size":"auto","background-attachment":"scroll","background-type":"","background-media":"","overlay-type":"","overlay-color":"","overlay-opacity":"","overlay-gradient":""},"mobile":{"background-color":"","background-image":"","background-repeat":"repeat","background-position":"center center","background-size":"auto","background-attachment":"scroll","background-type":"","background-media":"","overlay-type":"","overlay-color":"","overlay-opacity":"","overlay-gradient":""}},"ast-content-background-meta":{"desktop":{"background-color":"var(--ast-global-color-5)","background-image":"","background-repeat":"repeat","background-position":"center center","background-size":"auto","background-attachment":"scroll","background-type":"","background-media":"","overlay-type":"","overlay-color":"","overlay-opacity":"","overlay-gradient":""},"tablet":{"background-color":"var(--ast-global-color-5)","background-image":"","background-repeat":"repeat","background-position":"center center","background-size":"auto","background-attachment":"scroll","background-type":"","background-media":"","overlay-type":"","overlay-color":"","overlay-opacity":"","overlay-gradient":""},"mobile":{"background-color":"var(--ast-global-color-5)","background-image":"","background-repeat":"repeat","background-position":"center center","background-size":"auto","background-attachment":"scroll","background-type":"","background-media":"","overlay-type":"","overlay-color":"","overlay-opacity":"","overlay-gradient":""}}},"product_brand":[],"product_cat":[310,311,312,313,317,307,314],"product_tag":[],"berocket_brand":[],"class_list":{"0":"post-13351","1":"product","2":"type-product","3":"status-publish","4":"has-post-thumbnail","6":"product_cat-attirisana","7":"product_cat-jutigai-adai-attirisana","8":"product_cat-kombinetai-adai-attirisana","9":"product_cat-problematiskai-adai-attirisana","10":"product_cat-sausai-adai-attirisana","11":"product_cat-sejai","12":"product_cat-taukainai-adai-attirisana","13":"desktop-align-left","14":"tablet-align-left","15":"mobile-align-left","17":"first","18":"outofstock","19":"taxable","20":"shipping-taxable","21":"purchasable","22":"product-type-simple","23":"add-to-wishlist-before_image"},"yoast_head":"<!-- This site is optimized with the Yoast SEO plugin v27.4 - https:\/\/yoast.com\/product\/yoast-seo-wordpress\/ -->\n<title>Round Lab Birch Juice Moisturizing Cleanser 150ml - FACECORNER<\/title>\n<meta name=\"robots\" content=\"index, follow, max-snippet:-1, max-image-preview:large, max-video-preview:-1\" \/>\n<link rel=\"canonical\" href=\"https:\/\/www.facecorner.lv\/lv\/shop\/round-lab-birch-juice-moisturizing-cleanser-150ml\/\" \/>\n<meta property=\"og:locale\" content=\"lv_LV\" \/>\n<meta property=\"og:type\" content=\"article\" \/>\n<meta property=\"og:title\" content=\"Round Lab Birch Juice Moisturizing Cleanser 150ml - FACECORNER\" \/>\n<meta property=\"og:description\" content=\"Round Lab Birch Juice Moisturizing Cleanser \u017eeleja no\u0146em net\u012brumus, smalkos putek\u013cus, sau\u013co\u0161an\u0101s kr\u0113ma atlikumus un lieko sebumu, m\u012bkstina un mitrina. Produkts att\u012bra poras, maigi noloba atmiru\u0161\u0101s da\u013ci\u0146as, neizraisa sausumu un savilktuma saj\u016btu: m\u012bkst\u0101 formula piepild\u0101s ar mitrumu, nov\u0113r\u0161ot t\u0101 iztvaiko\u0161anu. Produkts ar pH 5,0-6,0 un dab\u012bg\u0101m virsmakt\u012bv\u0101m viel\u0101m uz kokosriekstu b\u0101zes normaliz\u0113 mitruma un lip\u012bdu [&hellip;]\" \/>\n<meta property=\"og:url\" content=\"https:\/\/www.facecorner.lv\/lv\/shop\/round-lab-birch-juice-moisturizing-cleanser-150ml\/\" \/>\n<meta property=\"og:site_name\" content=\"FACECORNER\" \/>\n<meta property=\"article:publisher\" content=\"https:\/\/www.facebook.com\/profile.php?id=100063824551839\" \/>\n<meta property=\"article:modified_time\" content=\"2024-11-27T20:27:01+00:00\" \/>\n<meta property=\"og:image\" content=\"https:\/\/www.facecorner.lv\/wp-content\/uploads\/2023\/12\/rus_pl_Round-Lab-UVLAZHNIAIUSHCHII-GEL-DLIA-UMYVANIIA-Birch-Juice-Moisturizing-Cleanser-150ml-11204_3.webp\" \/>\n\t<meta property=\"og:image:width\" content=\"1500\" \/>\n\t<meta property=\"og:image:height\" content=\"1500\" \/>\n\t<meta property=\"og:image:type\" content=\"image\/webp\" \/>\n<meta name=\"twitter:card\" content=\"summary_large_image\" \/>\n<meta name=\"twitter:label1\" content=\"Price\" \/>\n\t<meta name=\"twitter:data1\" content=\"&euro;13.50\" \/>\n\t<meta name=\"twitter:label2\" content=\"Availability\" \/>\n\t<meta name=\"twitter:data2\" content=\"Out of stock\" \/>\n<script type=\"application\/ld+json\" class=\"yoast-schema-graph\">{\"@context\":\"https:\\\/\\\/schema.org\",\"@graph\":[{\"@type\":\"WebPage\",\"@id\":\"https:\\\/\\\/www.facecorner.lv\\\/shop\\\/round-lab-birch-juice-moisturizing-cleanser-150ml\\\/\",\"url\":\"https:\\\/\\\/www.facecorner.lv\\\/shop\\\/round-lab-birch-juice-moisturizing-cleanser-150ml\\\/\",\"name\":\"Round Lab Birch Juice Moisturizing Cleanser 150ml - FACECORNER\",\"isPartOf\":{\"@id\":\"https:\\\/\\\/www.facecorner.lv\\\/#website\"},\"primaryImageOfPage\":{\"@id\":\"https:\\\/\\\/www.facecorner.lv\\\/shop\\\/round-lab-birch-juice-moisturizing-cleanser-150ml\\\/#primaryimage\"},\"image\":{\"@id\":\"https:\\\/\\\/www.facecorner.lv\\\/shop\\\/round-lab-birch-juice-moisturizing-cleanser-150ml\\\/#primaryimage\"},\"thumbnailUrl\":\"https:\\\/\\\/www.facecorner.lv\\\/wp-content\\\/uploads\\\/2023\\\/12\\\/rus_pl_Round-Lab-UVLAZHNIAIUSHCHII-GEL-DLIA-UMYVANIIA-Birch-Juice-Moisturizing-Cleanser-150ml-11204_3.webp\",\"datePublished\":\"2023-12-10T16:23:45+00:00\",\"dateModified\":\"2024-11-27T20:27:01+00:00\",\"breadcrumb\":{\"@id\":\"https:\\\/\\\/www.facecorner.lv\\\/shop\\\/round-lab-birch-juice-moisturizing-cleanser-150ml\\\/#breadcrumb\"},\"inLanguage\":\"lv-LV\",\"potentialAction\":[{\"@type\":\"ReadAction\",\"target\":[\"https:\\\/\\\/www.facecorner.lv\\\/shop\\\/round-lab-birch-juice-moisturizing-cleanser-150ml\\\/\"]}]},{\"@type\":\"ImageObject\",\"inLanguage\":\"lv-LV\",\"@id\":\"https:\\\/\\\/www.facecorner.lv\\\/shop\\\/round-lab-birch-juice-moisturizing-cleanser-150ml\\\/#primaryimage\",\"url\":\"https:\\\/\\\/www.facecorner.lv\\\/wp-content\\\/uploads\\\/2023\\\/12\\\/rus_pl_Round-Lab-UVLAZHNIAIUSHCHII-GEL-DLIA-UMYVANIIA-Birch-Juice-Moisturizing-Cleanser-150ml-11204_3.webp\",\"contentUrl\":\"https:\\\/\\\/www.facecorner.lv\\\/wp-content\\\/uploads\\\/2023\\\/12\\\/rus_pl_Round-Lab-UVLAZHNIAIUSHCHII-GEL-DLIA-UMYVANIIA-Birch-Juice-Moisturizing-Cleanser-150ml-11204_3.webp\",\"width\":1500,\"height\":1500},{\"@type\":\"BreadcrumbList\",\"@id\":\"https:\\\/\\\/www.facecorner.lv\\\/shop\\\/round-lab-birch-juice-moisturizing-cleanser-150ml\\\/#breadcrumb\",\"itemListElement\":[{\"@type\":\"ListItem\",\"position\":1,\"name\":\"Home\",\"item\":\"https:\\\/\\\/www.facecorner.lv\\\/\"},{\"@type\":\"ListItem\",\"position\":2,\"name\":\"Veikals\",\"item\":\"https:\\\/\\\/www.facecorner.lv\\\/shop\\\/\"},{\"@type\":\"ListItem\",\"position\":3,\"name\":\"Round Lab Birch Juice Moisturizing Cleanser 150ml\"}]},{\"@type\":\"WebSite\",\"@id\":\"https:\\\/\\\/www.facecorner.lv\\\/#website\",\"url\":\"https:\\\/\\\/www.facecorner.lv\\\/\",\"name\":\"Facecorner\",\"description\":\"\",\"publisher\":{\"@id\":\"https:\\\/\\\/www.facecorner.lv\\\/#organization\"},\"potentialAction\":[{\"@type\":\"SearchAction\",\"target\":{\"@type\":\"EntryPoint\",\"urlTemplate\":\"https:\\\/\\\/www.facecorner.lv\\\/?s={search_term_string}\"},\"query-input\":{\"@type\":\"PropertyValueSpecification\",\"valueRequired\":true,\"valueName\":\"search_term_string\"}}],\"inLanguage\":\"lv-LV\"},{\"@type\":\"Organization\",\"@id\":\"https:\\\/\\\/www.facecorner.lv\\\/#organization\",\"name\":\"Facecorner\",\"url\":\"https:\\\/\\\/www.facecorner.lv\\\/\",\"logo\":{\"@type\":\"ImageObject\",\"inLanguage\":\"lv-LV\",\"@id\":\"https:\\\/\\\/www.facecorner.lv\\\/#\\\/schema\\\/logo\\\/image\\\/\",\"url\":\"https:\\\/\\\/www.facecorner.lv\\\/wp-content\\\/uploads\\\/2024\\\/04\\\/fc-logo.jpg\",\"contentUrl\":\"https:\\\/\\\/www.facecorner.lv\\\/wp-content\\\/uploads\\\/2024\\\/04\\\/fc-logo.jpg\",\"width\":174,\"height\":28,\"caption\":\"Facecorner\"},\"image\":{\"@id\":\"https:\\\/\\\/www.facecorner.lv\\\/#\\\/schema\\\/logo\\\/image\\\/\"},\"sameAs\":[\"https:\\\/\\\/www.facebook.com\\\/profile.php?id=100063824551839\",\"https:\\\/\\\/www.instagram.com\\\/facecorner_shop\\\/\"]}]}<\/script>\n<meta property=\"product:price:amount\" content=\"13.50\" \/>\n<meta property=\"product:price:currency\" content=\"EUR\" \/>\n<meta property=\"og:availability\" content=\"out of stock\" \/>\n<meta property=\"product:availability\" content=\"out of stock\" \/>\n<meta property=\"product:condition\" content=\"new\" \/>\n<!-- \/ Yoast SEO plugin. -->","yoast_head_json":{"title":"Round Lab Birch Juice Moisturizing Cleanser 150ml - FACECORNER","robots":{"index":"index","follow":"follow","max-snippet":"max-snippet:-1","max-image-preview":"max-image-preview:large","max-video-preview":"max-video-preview:-1"},"canonical":"https:\/\/www.facecorner.lv\/lv\/shop\/round-lab-birch-juice-moisturizing-cleanser-150ml\/","og_locale":"lv_LV","og_type":"article","og_title":"Round Lab Birch Juice Moisturizing Cleanser 150ml - FACECORNER","og_description":"Round Lab Birch Juice Moisturizing Cleanser \u017eeleja no\u0146em net\u012brumus, smalkos putek\u013cus, sau\u013co\u0161an\u0101s kr\u0113ma atlikumus un lieko sebumu, m\u012bkstina un mitrina. Produkts att\u012bra poras, maigi noloba atmiru\u0161\u0101s da\u013ci\u0146as, neizraisa sausumu un savilktuma saj\u016btu: m\u012bkst\u0101 formula piepild\u0101s ar mitrumu, nov\u0113r\u0161ot t\u0101 iztvaiko\u0161anu. Produkts ar pH 5,0-6,0 un dab\u012bg\u0101m virsmakt\u012bv\u0101m viel\u0101m uz kokosriekstu b\u0101zes normaliz\u0113 mitruma un lip\u012bdu [&hellip;]","og_url":"https:\/\/www.facecorner.lv\/lv\/shop\/round-lab-birch-juice-moisturizing-cleanser-150ml\/","og_site_name":"FACECORNER","article_publisher":"https:\/\/www.facebook.com\/profile.php?id=100063824551839","article_modified_time":"2024-11-27T20:27:01+00:00","og_image":[{"width":1500,"height":1500,"url":"https:\/\/www.facecorner.lv\/wp-content\/uploads\/2023\/12\/rus_pl_Round-Lab-UVLAZHNIAIUSHCHII-GEL-DLIA-UMYVANIIA-Birch-Juice-Moisturizing-Cleanser-150ml-11204_3.webp","type":"image\/webp"}],"twitter_card":"summary_large_image","twitter_misc":{"Price":"&euro;13.50","Availability":"Out of stock"},"schema":{"@context":"https:\/\/schema.org","@graph":[{"@type":"WebPage","@id":"https:\/\/www.facecorner.lv\/shop\/round-lab-birch-juice-moisturizing-cleanser-150ml\/","url":"https:\/\/www.facecorner.lv\/shop\/round-lab-birch-juice-moisturizing-cleanser-150ml\/","name":"Round Lab Birch Juice Moisturizing Cleanser 150ml - FACECORNER","isPartOf":{"@id":"https:\/\/www.facecorner.lv\/#website"},"primaryImageOfPage":{"@id":"https:\/\/www.facecorner.lv\/shop\/round-lab-birch-juice-moisturizing-cleanser-150ml\/#primaryimage"},"image":{"@id":"https:\/\/www.facecorner.lv\/shop\/round-lab-birch-juice-moisturizing-cleanser-150ml\/#primaryimage"},"thumbnailUrl":"https:\/\/www.facecorner.lv\/wp-content\/uploads\/2023\/12\/rus_pl_Round-Lab-UVLAZHNIAIUSHCHII-GEL-DLIA-UMYVANIIA-Birch-Juice-Moisturizing-Cleanser-150ml-11204_3.webp","datePublished":"2023-12-10T16:23:45+00:00","dateModified":"2024-11-27T20:27:01+00:00","breadcrumb":{"@id":"https:\/\/www.facecorner.lv\/shop\/round-lab-birch-juice-moisturizing-cleanser-150ml\/#breadcrumb"},"inLanguage":"lv-LV","potentialAction":[{"@type":"ReadAction","target":["https:\/\/www.facecorner.lv\/shop\/round-lab-birch-juice-moisturizing-cleanser-150ml\/"]}]},{"@type":"ImageObject","inLanguage":"lv-LV","@id":"https:\/\/www.facecorner.lv\/shop\/round-lab-birch-juice-moisturizing-cleanser-150ml\/#primaryimage","url":"https:\/\/www.facecorner.lv\/wp-content\/uploads\/2023\/12\/rus_pl_Round-Lab-UVLAZHNIAIUSHCHII-GEL-DLIA-UMYVANIIA-Birch-Juice-Moisturizing-Cleanser-150ml-11204_3.webp","contentUrl":"https:\/\/www.facecorner.lv\/wp-content\/uploads\/2023\/12\/rus_pl_Round-Lab-UVLAZHNIAIUSHCHII-GEL-DLIA-UMYVANIIA-Birch-Juice-Moisturizing-Cleanser-150ml-11204_3.webp","width":1500,"height":1500},{"@type":"BreadcrumbList","@id":"https:\/\/www.facecorner.lv\/shop\/round-lab-birch-juice-moisturizing-cleanser-150ml\/#breadcrumb","itemListElement":[{"@type":"ListItem","position":1,"name":"Home","item":"https:\/\/www.facecorner.lv\/"},{"@type":"ListItem","position":2,"name":"Veikals","item":"https:\/\/www.facecorner.lv\/shop\/"},{"@type":"ListItem","position":3,"name":"Round Lab Birch Juice Moisturizing Cleanser 150ml"}]},{"@type":"WebSite","@id":"https:\/\/www.facecorner.lv\/#website","url":"https:\/\/www.facecorner.lv\/","name":"Facecorner","description":"","publisher":{"@id":"https:\/\/www.facecorner.lv\/#organization"},"potentialAction":[{"@type":"SearchAction","target":{"@type":"EntryPoint","urlTemplate":"https:\/\/www.facecorner.lv\/?s={search_term_string}"},"query-input":{"@type":"PropertyValueSpecification","valueRequired":true,"valueName":"search_term_string"}}],"inLanguage":"lv-LV"},{"@type":"Organization","@id":"https:\/\/www.facecorner.lv\/#organization","name":"Facecorner","url":"https:\/\/www.facecorner.lv\/","logo":{"@type":"ImageObject","inLanguage":"lv-LV","@id":"https:\/\/www.facecorner.lv\/#\/schema\/logo\/image\/","url":"https:\/\/www.facecorner.lv\/wp-content\/uploads\/2024\/04\/fc-logo.jpg","contentUrl":"https:\/\/www.facecorner.lv\/wp-content\/uploads\/2024\/04\/fc-logo.jpg","width":174,"height":28,"caption":"Facecorner"},"image":{"@id":"https:\/\/www.facecorner.lv\/#\/schema\/logo\/image\/"},"sameAs":["https:\/\/www.facebook.com\/profile.php?id=100063824551839","https:\/\/www.instagram.com\/facecorner_shop\/"]}]},"product_price_amount":"13.50","product_price_currency":"EUR","og_availability":"out of stock","product_availability":"out of stock","product_condition":"new"},"_links":{"self":[{"href":"https:\/\/www.facecorner.lv\/lv\/wp-json\/wp\/v2\/product\/13351","targetHints":{"allow":["GET"]}}],"collection":[{"href":"https:\/\/www.facecorner.lv\/lv\/wp-json\/wp\/v2\/product"}],"about":[{"href":"https:\/\/www.facecorner.lv\/lv\/wp-json\/wp\/v2\/types\/product"}],"replies":[{"embeddable":true,"href":"https:\/\/www.facecorner.lv\/lv\/wp-json\/wp\/v2\/comments?post=13351"}],"wp:featuredmedia":[{"embeddable":true,"href":"https:\/\/www.facecorner.lv\/lv\/wp-json\/wp\/v2\/media\/13353"}],"wp:attachment":[{"href":"https:\/\/www.facecorner.lv\/lv\/wp-json\/wp\/v2\/media?parent=13351"}],"wp:term":[{"taxonomy":"product_brand","embeddable":true,"href":"https:\/\/www.facecorner.lv\/lv\/wp-json\/wp\/v2\/product_brand?post=13351"},{"taxonomy":"product_cat","embeddable":true,"href":"https:\/\/www.facecorner.lv\/lv\/wp-json\/wp\/v2\/product_cat?post=13351"},{"taxonomy":"product_tag","embeddable":true,"href":"https:\/\/www.facecorner.lv\/lv\/wp-json\/wp\/v2\/product_tag?post=13351"},{"taxonomy":"berocket_brand","embeddable":true,"href":"https:\/\/www.facecorner.lv\/lv\/wp-json\/wp\/v2\/berocket_brand?post=13351"}],"curies":[{"name":"wp","href":"https:\/\/api.w.org\/{rel}","templated":true}]}}