{"id":13301,"date":"2023-12-07T14:50:51","date_gmt":"2023-12-07T12:50:51","guid":{"rendered":"https:\/\/www.facecorner.lv\/?post_type=product&#038;p=13301"},"modified":"2025-08-28T23:06:57","modified_gmt":"2025-08-28T20:06:57","slug":"medi-peel-eazy-filler-ampoule-30-ml","status":"publish","type":"product","link":"https:\/\/www.facecorner.lv\/lv\/shop\/medi-peel-eazy-filler-ampoule-30-ml\/","title":{"rendered":"Medi Peel Eazy Filler Ampoule 30 ml"},"content":{"rendered":"<p>Medi-Peel Eazy Filler Ampoule serums darbojas k\u0101 pildviela: aizpilda grumbas, paaugstina \u0101das elast\u012bbu, atjauno \u0101du, uzlabo t\u0101s elast\u012bbu un tvirtumu.<\/p>\n<p><strong>Galven\u0101s akt\u012bv\u0101s sast\u0101vda\u013cas:<\/strong><\/p>\n<ul>\n<li>Matrixyl 3000 ir inovat\u012bvs komponents, kas sast\u0101v no diviem kolag\u0113nu veidojo\u0161iem pept\u012bdiem: stiprina un pie\u0161\u0137ir \u0101dai elast\u012bbu, izl\u012bdzina grumbas, ir liftinga efekts, k\u0101 ar\u012b stimul\u0113 kolag\u0113na un elast\u012bna sint\u0113zi.<\/li>\n<li>RiFerm &#8211; NPG sast\u0101v no raudz\u0113ta r\u012bsu hidrol\u0101ta un hibiska s\u0113kl\u0101m. Tam ir intens\u012bva antioksidanta iedarb\u012bba un tas pal\u012bdz stiprin\u0101t \u0101das imunit\u0101ti.<\/li>\n<li>Patent\u0113ts Blue Complex HR, kas sast\u0101v no lavandas ziedu hidrol\u0101ta, m\u0101la salvijas ekstrakta, hiacintes ekstrakta, kumel\u012b\u0161u ekstrakta, gur\u0137u ekstrakta un rudzupu\u0137u ekstrakta. Komplekss uzlabo \u0101das barjerfunkcijas, neitraliz\u0113jot UV un \u0101r\u0113jo faktoru negat\u012bvo ietekmi. T\u0101s darb\u012bba ir v\u0113rsta ar\u012b uz dzi\u013cu, intens\u012bvu mitrin\u0101\u0161anu un \u016bdens bilances atjauno\u0161anu \u0161\u016bnu sist\u0113m\u0101s.<\/li>\n<li>PHYTO E.G.F (R\u012bsu sh-oligopept\u012bds) darbojas k\u0101 epidermas \u0161\u016bnu re\u0123ener\u0101cijas faktors. Darbojas molekul\u0101r\u0101 un \u0161\u016bnu l\u012bmen\u012b un pal\u0113nina \u0101das noveco\u0161an\u0101s procesus.<\/li>\n<li>PHA sk\u0101be kop\u0101 ar akvapor\u012bniem veicina mitruma aizturi, nov\u0113r\u0161ot dehidrat\u0101cijas procesu, maigi stimul\u0113 \u0101das \u0161\u016bnu atjauno\u0161anos un paaugstina barjeras funkcijas.<\/li>\n<\/ul>\n<p><strong>Lieto\u0161ana:<\/strong> uzkl\u0101jiet produktu uz ton\u0113tas sejas un ar maig\u0101m, mas\u0113jo\u0161\u0101m kust\u012bb\u0101m uzkl\u0101jiet pa \u0101du.<\/p>\n","protected":false},"excerpt":{"rendered":"<p>Medi-Peel Eazy Filler Ampoule serums darbojas k\u0101 pildviela: aizpilda grumbas, paaugstina \u0101das elast\u012bbu, atjauno \u0101du, uzlabo t\u0101s elast\u012bbu un tvirtumu. Galven\u0101s akt\u012bv\u0101s sast\u0101vda\u013cas: Matrixyl 3000 ir inovat\u012bvs komponents, kas sast\u0101v no diviem kolag\u0113nu veidojo\u0161iem pept\u012bdiem: stiprina un pie\u0161\u0137ir \u0101dai elast\u012bbu, izl\u012bdzina grumbas, ir liftinga efekts, k\u0101 ar\u012b stimul\u0113 kolag\u0113na un elast\u012bna sint\u0113zi. RiFerm &#8211; NPG [&hellip;]<\/p>\n","protected":false},"featured_media":13303,"comment_status":"open","ping_status":"closed","template":"","meta":{"site-sidebar-layout":"default","site-content-layout":"","ast-site-content-layout":"","site-content-style":"default","site-sidebar-style":"default","ast-global-header-display":"","ast-banner-title-visibility":"","ast-main-header-display":"","ast-hfb-above-header-display":"","ast-hfb-below-header-display":"","ast-hfb-mobile-header-display":"","site-post-title":"","ast-breadcrumbs-content":"","ast-featured-img":"","footer-sml-layout":"","theme-transparent-header-meta":"","adv-header-id-meta":"","stick-header-meta":"","header-above-stick-meta":"","header-main-stick-meta":"","header-below-stick-meta":"","astra-migrate-meta-layouts":"default","ast-page-background-enabled":"default","ast-page-background-meta":{"desktop":{"background-color":"var(--ast-global-color-4)","background-image":"","background-repeat":"repeat","background-position":"center center","background-size":"auto","background-attachment":"scroll","background-type":"","background-media":"","overlay-type":"","overlay-color":"","overlay-opacity":"","overlay-gradient":""},"tablet":{"background-color":"","background-image":"","background-repeat":"repeat","background-position":"center center","background-size":"auto","background-attachment":"scroll","background-type":"","background-media":"","overlay-type":"","overlay-color":"","overlay-opacity":"","overlay-gradient":""},"mobile":{"background-color":"","background-image":"","background-repeat":"repeat","background-position":"center center","background-size":"auto","background-attachment":"scroll","background-type":"","background-media":"","overlay-type":"","overlay-color":"","overlay-opacity":"","overlay-gradient":""}},"ast-content-background-meta":{"desktop":{"background-color":"var(--ast-global-color-5)","background-image":"","background-repeat":"repeat","background-position":"center center","background-size":"auto","background-attachment":"scroll","background-type":"","background-media":"","overlay-type":"","overlay-color":"","overlay-opacity":"","overlay-gradient":""},"tablet":{"background-color":"var(--ast-global-color-5)","background-image":"","background-repeat":"repeat","background-position":"center center","background-size":"auto","background-attachment":"scroll","background-type":"","background-media":"","overlay-type":"","overlay-color":"","overlay-opacity":"","overlay-gradient":""},"mobile":{"background-color":"var(--ast-global-color-5)","background-image":"","background-repeat":"repeat","background-position":"center center","background-size":"auto","background-attachment":"scroll","background-type":"","background-media":"","overlay-type":"","overlay-color":"","overlay-opacity":"","overlay-gradient":""}}},"product_brand":[],"product_cat":[363,370,371,372],"product_tag":[],"berocket_brand":[583],"class_list":{"0":"post-13301","1":"product","2":"type-product","3":"status-publish","4":"has-post-thumbnail","6":"product_cat-serumi","7":"product_cat-adas-mirdzumam","8":"product_cat-anti-age","9":"product_cat-jutigai-adai-serumi","10":"berocket_brand-medi-peel","11":"desktop-align-left","12":"tablet-align-left","13":"mobile-align-left","15":"first","16":"outofstock","17":"taxable","18":"shipping-taxable","19":"purchasable","20":"product-type-simple","21":"add-to-wishlist-before_image"},"yoast_head":"<!-- This site is optimized with the Yoast SEO plugin v27.1.1 - https:\/\/yoast.com\/product\/yoast-seo-wordpress\/ -->\n<title>Medi Peel Eazy Filler Ampoule 30 ml - FACECORNER<\/title>\n<meta name=\"robots\" content=\"index, follow, max-snippet:-1, max-image-preview:large, max-video-preview:-1\" \/>\n<link rel=\"canonical\" href=\"https:\/\/www.facecorner.lv\/lv\/shop\/medi-peel-eazy-filler-ampoule-30-ml\/\" \/>\n<meta property=\"og:locale\" content=\"lv_LV\" \/>\n<meta property=\"og:type\" content=\"article\" \/>\n<meta property=\"og:title\" content=\"Medi Peel Eazy Filler Ampoule 30 ml - FACECORNER\" \/>\n<meta property=\"og:description\" content=\"Medi-Peel Eazy Filler Ampoule serums darbojas k\u0101 pildviela: aizpilda grumbas, paaugstina \u0101das elast\u012bbu, atjauno \u0101du, uzlabo t\u0101s elast\u012bbu un tvirtumu. Galven\u0101s akt\u012bv\u0101s sast\u0101vda\u013cas: Matrixyl 3000 ir inovat\u012bvs komponents, kas sast\u0101v no diviem kolag\u0113nu veidojo\u0161iem pept\u012bdiem: stiprina un pie\u0161\u0137ir \u0101dai elast\u012bbu, izl\u012bdzina grumbas, ir liftinga efekts, k\u0101 ar\u012b stimul\u0113 kolag\u0113na un elast\u012bna sint\u0113zi. RiFerm &#8211; NPG [&hellip;]\" \/>\n<meta property=\"og:url\" content=\"https:\/\/www.facecorner.lv\/lv\/shop\/medi-peel-eazy-filler-ampoule-30-ml\/\" \/>\n<meta property=\"og:site_name\" content=\"FACECORNER\" \/>\n<meta property=\"article:publisher\" content=\"https:\/\/www.facebook.com\/profile.php?id=100063824551839\" \/>\n<meta property=\"article:modified_time\" content=\"2025-08-28T20:06:57+00:00\" \/>\n<meta property=\"og:image\" content=\"https:\/\/www.facecorner.lv\/wp-content\/uploads\/2023\/12\/0_aqms-ok.jpeg\" \/>\n\t<meta property=\"og:image:width\" content=\"1000\" \/>\n\t<meta property=\"og:image:height\" content=\"1000\" \/>\n\t<meta property=\"og:image:type\" content=\"image\/jpeg\" \/>\n<meta name=\"twitter:card\" content=\"summary_large_image\" \/>\n<meta name=\"twitter:label1\" content=\"Price\" \/>\n\t<meta name=\"twitter:data1\" content=\"&euro;26.80\" \/>\n\t<meta name=\"twitter:label2\" content=\"Availability\" \/>\n\t<meta name=\"twitter:data2\" content=\"Out of stock\" \/>\n<script type=\"application\/ld+json\" class=\"yoast-schema-graph\">{\"@context\":\"https:\/\/schema.org\",\"@graph\":[{\"@type\":\"WebPage\",\"@id\":\"https:\/\/www.facecorner.lv\/shop\/medi-peel-eazy-filler-ampoule-30-ml\/\",\"url\":\"https:\/\/www.facecorner.lv\/shop\/medi-peel-eazy-filler-ampoule-30-ml\/\",\"name\":\"Medi Peel Eazy Filler Ampoule 30 ml - FACECORNER\",\"isPartOf\":{\"@id\":\"https:\/\/www.facecorner.lv\/#website\"},\"primaryImageOfPage\":{\"@id\":\"https:\/\/www.facecorner.lv\/shop\/medi-peel-eazy-filler-ampoule-30-ml\/#primaryimage\"},\"image\":{\"@id\":\"https:\/\/www.facecorner.lv\/shop\/medi-peel-eazy-filler-ampoule-30-ml\/#primaryimage\"},\"thumbnailUrl\":\"https:\/\/www.facecorner.lv\/wp-content\/uploads\/2023\/12\/0_aqms-ok.jpeg\",\"datePublished\":\"2023-12-07T12:50:51+00:00\",\"dateModified\":\"2025-08-28T20:06:57+00:00\",\"breadcrumb\":{\"@id\":\"https:\/\/www.facecorner.lv\/shop\/medi-peel-eazy-filler-ampoule-30-ml\/#breadcrumb\"},\"inLanguage\":\"lv-LV\",\"potentialAction\":[{\"@type\":\"ReadAction\",\"target\":[\"https:\/\/www.facecorner.lv\/shop\/medi-peel-eazy-filler-ampoule-30-ml\/\"]}]},{\"@type\":\"ImageObject\",\"inLanguage\":\"lv-LV\",\"@id\":\"https:\/\/www.facecorner.lv\/shop\/medi-peel-eazy-filler-ampoule-30-ml\/#primaryimage\",\"url\":\"https:\/\/www.facecorner.lv\/wp-content\/uploads\/2023\/12\/0_aqms-ok.jpeg\",\"contentUrl\":\"https:\/\/www.facecorner.lv\/wp-content\/uploads\/2023\/12\/0_aqms-ok.jpeg\",\"width\":1000,\"height\":1000},{\"@type\":\"BreadcrumbList\",\"@id\":\"https:\/\/www.facecorner.lv\/shop\/medi-peel-eazy-filler-ampoule-30-ml\/#breadcrumb\",\"itemListElement\":[{\"@type\":\"ListItem\",\"position\":1,\"name\":\"Home\",\"item\":\"https:\/\/www.facecorner.lv\/\"},{\"@type\":\"ListItem\",\"position\":2,\"name\":\"Veikals\",\"item\":\"https:\/\/www.facecorner.lv\/shop\/\"},{\"@type\":\"ListItem\",\"position\":3,\"name\":\"Medi Peel Eazy Filler Ampoule 30 ml\"}]},{\"@type\":\"WebSite\",\"@id\":\"https:\/\/www.facecorner.lv\/#website\",\"url\":\"https:\/\/www.facecorner.lv\/\",\"name\":\"Facecorner\",\"description\":\"\",\"publisher\":{\"@id\":\"https:\/\/www.facecorner.lv\/#organization\"},\"potentialAction\":[{\"@type\":\"SearchAction\",\"target\":{\"@type\":\"EntryPoint\",\"urlTemplate\":\"https:\/\/www.facecorner.lv\/?s={search_term_string}\"},\"query-input\":{\"@type\":\"PropertyValueSpecification\",\"valueRequired\":true,\"valueName\":\"search_term_string\"}}],\"inLanguage\":\"lv-LV\"},{\"@type\":\"Organization\",\"@id\":\"https:\/\/www.facecorner.lv\/#organization\",\"name\":\"Facecorner\",\"url\":\"https:\/\/www.facecorner.lv\/\",\"logo\":{\"@type\":\"ImageObject\",\"inLanguage\":\"lv-LV\",\"@id\":\"https:\/\/www.facecorner.lv\/#\/schema\/logo\/image\/\",\"url\":\"https:\/\/www.facecorner.lv\/wp-content\/uploads\/2024\/04\/fc-logo.jpg\",\"contentUrl\":\"https:\/\/www.facecorner.lv\/wp-content\/uploads\/2024\/04\/fc-logo.jpg\",\"width\":174,\"height\":28,\"caption\":\"Facecorner\"},\"image\":{\"@id\":\"https:\/\/www.facecorner.lv\/#\/schema\/logo\/image\/\"},\"sameAs\":[\"https:\/\/www.facebook.com\/profile.php?id=100063824551839\",\"https:\/\/www.instagram.com\/facecorner_shop\/\"]}]}<\/script>\n<meta property=\"product:price:amount\" content=\"26.80\" \/>\n<meta property=\"product:price:currency\" content=\"EUR\" \/>\n<meta property=\"og:availability\" content=\"out of stock\" \/>\n<meta property=\"product:availability\" content=\"out of stock\" \/>\n<meta property=\"product:condition\" content=\"new\" \/>\n<!-- \/ Yoast SEO plugin. -->","yoast_head_json":{"title":"Medi Peel Eazy Filler Ampoule 30 ml - FACECORNER","robots":{"index":"index","follow":"follow","max-snippet":"max-snippet:-1","max-image-preview":"max-image-preview:large","max-video-preview":"max-video-preview:-1"},"canonical":"https:\/\/www.facecorner.lv\/lv\/shop\/medi-peel-eazy-filler-ampoule-30-ml\/","og_locale":"lv_LV","og_type":"article","og_title":"Medi Peel Eazy Filler Ampoule 30 ml - FACECORNER","og_description":"Medi-Peel Eazy Filler Ampoule serums darbojas k\u0101 pildviela: aizpilda grumbas, paaugstina \u0101das elast\u012bbu, atjauno \u0101du, uzlabo t\u0101s elast\u012bbu un tvirtumu. Galven\u0101s akt\u012bv\u0101s sast\u0101vda\u013cas: Matrixyl 3000 ir inovat\u012bvs komponents, kas sast\u0101v no diviem kolag\u0113nu veidojo\u0161iem pept\u012bdiem: stiprina un pie\u0161\u0137ir \u0101dai elast\u012bbu, izl\u012bdzina grumbas, ir liftinga efekts, k\u0101 ar\u012b stimul\u0113 kolag\u0113na un elast\u012bna sint\u0113zi. RiFerm &#8211; NPG [&hellip;]","og_url":"https:\/\/www.facecorner.lv\/lv\/shop\/medi-peel-eazy-filler-ampoule-30-ml\/","og_site_name":"FACECORNER","article_publisher":"https:\/\/www.facebook.com\/profile.php?id=100063824551839","article_modified_time":"2025-08-28T20:06:57+00:00","og_image":[{"width":1000,"height":1000,"url":"https:\/\/www.facecorner.lv\/wp-content\/uploads\/2023\/12\/0_aqms-ok.jpeg","type":"image\/jpeg"}],"twitter_card":"summary_large_image","twitter_misc":{"Price":"&euro;26.80","Availability":"Out of stock"},"schema":{"@context":"https:\/\/schema.org","@graph":[{"@type":"WebPage","@id":"https:\/\/www.facecorner.lv\/shop\/medi-peel-eazy-filler-ampoule-30-ml\/","url":"https:\/\/www.facecorner.lv\/shop\/medi-peel-eazy-filler-ampoule-30-ml\/","name":"Medi Peel Eazy Filler Ampoule 30 ml - FACECORNER","isPartOf":{"@id":"https:\/\/www.facecorner.lv\/#website"},"primaryImageOfPage":{"@id":"https:\/\/www.facecorner.lv\/shop\/medi-peel-eazy-filler-ampoule-30-ml\/#primaryimage"},"image":{"@id":"https:\/\/www.facecorner.lv\/shop\/medi-peel-eazy-filler-ampoule-30-ml\/#primaryimage"},"thumbnailUrl":"https:\/\/www.facecorner.lv\/wp-content\/uploads\/2023\/12\/0_aqms-ok.jpeg","datePublished":"2023-12-07T12:50:51+00:00","dateModified":"2025-08-28T20:06:57+00:00","breadcrumb":{"@id":"https:\/\/www.facecorner.lv\/shop\/medi-peel-eazy-filler-ampoule-30-ml\/#breadcrumb"},"inLanguage":"lv-LV","potentialAction":[{"@type":"ReadAction","target":["https:\/\/www.facecorner.lv\/shop\/medi-peel-eazy-filler-ampoule-30-ml\/"]}]},{"@type":"ImageObject","inLanguage":"lv-LV","@id":"https:\/\/www.facecorner.lv\/shop\/medi-peel-eazy-filler-ampoule-30-ml\/#primaryimage","url":"https:\/\/www.facecorner.lv\/wp-content\/uploads\/2023\/12\/0_aqms-ok.jpeg","contentUrl":"https:\/\/www.facecorner.lv\/wp-content\/uploads\/2023\/12\/0_aqms-ok.jpeg","width":1000,"height":1000},{"@type":"BreadcrumbList","@id":"https:\/\/www.facecorner.lv\/shop\/medi-peel-eazy-filler-ampoule-30-ml\/#breadcrumb","itemListElement":[{"@type":"ListItem","position":1,"name":"Home","item":"https:\/\/www.facecorner.lv\/"},{"@type":"ListItem","position":2,"name":"Veikals","item":"https:\/\/www.facecorner.lv\/shop\/"},{"@type":"ListItem","position":3,"name":"Medi Peel Eazy Filler Ampoule 30 ml"}]},{"@type":"WebSite","@id":"https:\/\/www.facecorner.lv\/#website","url":"https:\/\/www.facecorner.lv\/","name":"Facecorner","description":"","publisher":{"@id":"https:\/\/www.facecorner.lv\/#organization"},"potentialAction":[{"@type":"SearchAction","target":{"@type":"EntryPoint","urlTemplate":"https:\/\/www.facecorner.lv\/?s={search_term_string}"},"query-input":{"@type":"PropertyValueSpecification","valueRequired":true,"valueName":"search_term_string"}}],"inLanguage":"lv-LV"},{"@type":"Organization","@id":"https:\/\/www.facecorner.lv\/#organization","name":"Facecorner","url":"https:\/\/www.facecorner.lv\/","logo":{"@type":"ImageObject","inLanguage":"lv-LV","@id":"https:\/\/www.facecorner.lv\/#\/schema\/logo\/image\/","url":"https:\/\/www.facecorner.lv\/wp-content\/uploads\/2024\/04\/fc-logo.jpg","contentUrl":"https:\/\/www.facecorner.lv\/wp-content\/uploads\/2024\/04\/fc-logo.jpg","width":174,"height":28,"caption":"Facecorner"},"image":{"@id":"https:\/\/www.facecorner.lv\/#\/schema\/logo\/image\/"},"sameAs":["https:\/\/www.facebook.com\/profile.php?id=100063824551839","https:\/\/www.instagram.com\/facecorner_shop\/"]}]},"product_price_amount":"26.80","product_price_currency":"EUR","og_availability":"out of stock","product_availability":"out of stock","product_condition":"new"},"_links":{"self":[{"href":"https:\/\/www.facecorner.lv\/lv\/wp-json\/wp\/v2\/product\/13301","targetHints":{"allow":["GET"]}}],"collection":[{"href":"https:\/\/www.facecorner.lv\/lv\/wp-json\/wp\/v2\/product"}],"about":[{"href":"https:\/\/www.facecorner.lv\/lv\/wp-json\/wp\/v2\/types\/product"}],"replies":[{"embeddable":true,"href":"https:\/\/www.facecorner.lv\/lv\/wp-json\/wp\/v2\/comments?post=13301"}],"wp:featuredmedia":[{"embeddable":true,"href":"https:\/\/www.facecorner.lv\/lv\/wp-json\/wp\/v2\/media\/13303"}],"wp:attachment":[{"href":"https:\/\/www.facecorner.lv\/lv\/wp-json\/wp\/v2\/media?parent=13301"}],"wp:term":[{"taxonomy":"product_brand","embeddable":true,"href":"https:\/\/www.facecorner.lv\/lv\/wp-json\/wp\/v2\/product_brand?post=13301"},{"taxonomy":"product_cat","embeddable":true,"href":"https:\/\/www.facecorner.lv\/lv\/wp-json\/wp\/v2\/product_cat?post=13301"},{"taxonomy":"product_tag","embeddable":true,"href":"https:\/\/www.facecorner.lv\/lv\/wp-json\/wp\/v2\/product_tag?post=13301"},{"taxonomy":"berocket_brand","embeddable":true,"href":"https:\/\/www.facecorner.lv\/lv\/wp-json\/wp\/v2\/berocket_brand?post=13301"}],"curies":[{"name":"wp","href":"https:\/\/api.w.org\/{rel}","templated":true}]}}