{"id":13299,"date":"2023-12-07T14:44:08","date_gmt":"2023-12-07T12:44:08","guid":{"rendered":"https:\/\/www.facecorner.lv\/?post_type=product&#038;p=13299"},"modified":"2025-06-06T12:50:12","modified_gmt":"2025-06-06T09:50:12","slug":"medi-peel-filler-eazy-cream-50ml","status":"publish","type":"product","link":"https:\/\/www.facecorner.lv\/lv\/shop\/medi-peel-filler-eazy-cream-50ml\/","title":{"rendered":"MEDI-PEEL Filler-Eazy Cream 50ml"},"content":{"rendered":"<p>Barojo\u0161s kr\u0113ms-pildviela ar pept\u012bdiem un EGF pret grumb\u0101m pies\u0101tina ar mitrumu, paaugstina audu elast\u012bbu un tvirtumu, nodro\u0161inot liftinga efektu, izl\u012bdzina grumbas, pal\u0113nina \u0101das noveco\u0161an\u0101s procesu.<\/p>\n<p>Produkts ar\u012b nostiprina, izl\u012bdzina kop\u0113jo toni un mikroreljefu, pie\u0161\u0137ir skaistu mirdzumu no iek\u0161puses, nov\u0113r\u0161 sausumu, lob\u012b\u0161anos un niezi.<\/p>\n<p>Kr\u0113ma tekst\u016bra ir viskoza, muc\u012bnam l\u012bdz\u012bga konsistence un \u0101tri ies\u016bcas, sniedzot t\u016bl\u012bt\u0113ju komforta saj\u016btu.<\/p>\n<ul>\n<li>anti-noveco\u0161an\u0101s iedarb\u012bba<\/li>\n<li>dzi\u013ca baro\u0161ana, mitrin\u0101\u0161ana un atjauno\u0161ana<\/li>\n<li>atsvaidzino\u0161s efekts<\/li>\n<li>vesel\u012bgs mirdzums<\/li>\n<\/ul>\n<p>Matrixyl\u00ae3000 (Palmitoyl Tripeptide-1, Palmitoyl Tetrapeptide-7) ir pept\u012bdu komplekss, kas aktiviz\u0113 \u0161\u016bnu vielmai\u0146u, stiprina audus un ar\u012b izraisa dabisko kolag\u0113na ra\u017eo\u0161anu, t\u0101d\u0113j\u0101di nodro\u0161inot sp\u0113c\u012bgu atjaunojo\u0161u efektu.<\/p>\n<p>Argirel\u012bns (Acetyl Hexapeptide-8) \u2013 nodro\u0161ina botul\u012bnam l\u012bdz\u012bgu efektu, blo\u0137\u0113jot musku\u013cu kontrakciju, t\u0101d\u0113j\u0101di samazinot m\u012bmikas grumbu dzi\u013cumu un skaitu, ilgsto\u0161i saglab\u0101jot jaunekl\u012bgu \u0101du.<\/p>\n<p>Vara pept\u012bds (Copper Tripeptide-1) &#8211; piem\u012bt pretiekaisuma iedarb\u012bba, uzs\u0101k atvese\u013co\u0161an\u0101s procesu, ir sp\u0113c\u012bgs br\u016b\u010du dz\u012b\u0161anas efekts, un, t\u0101pat k\u0101 visi pept\u012bdi, darbojas ar\u012b ar vecumu saist\u012bt\u0101m izmai\u0146\u0101m.<\/p>\n<p><strong>Lieto\u0161ana:<\/strong> K\u0101 p\u0113d\u0113jo kop\u0161anas posmu uzkl\u0101jiet nelielu kr\u0113ma daudzumu pa mas\u0101\u017eas l\u012bnij\u0101m uz zonu zem ac\u012bm, p\u0113c tam ar viegl\u0101m gl\u0101sto\u0161\u0101m kust\u012bb\u0101m sadaliet produktu, l\u012bdz tas piln\u012bb\u0101 uzs\u016bcas. Lietojiet no r\u012bta un vakar\u0101.<\/p>\n<p><strong>S\u0101stavs:<\/strong> Water, Butylene Glycol, Glycerin, Caprylic\/Capric Triglyceride, Niacinamide, Glycereth-26, 1,2-Hexanediol, Cyclohexasiloxane, Dipentaerythrityl Hexa C5-9 AcidEsters, Betaine, Palmitic Acid, Saccharomyces\/Rice Ferment Filtrate, Stearic Acid, Microcrystalline Wax, Cetearyl Alcohol, Cetearyl Olivate, Phenyl Trimethicone, Panthenol, Methyl Gluceth-20, Glyceryl Stearate, Cetyl Ethylhexanoate, Sorbitan Olivate, Carbomer, Punica Granatum Fruit Extract, Morus Alba Fruit Extract, Ginkgo Biloba Nut Extract, Ficus Carica(Fig) Fruit Extract, Tromethamine, Cetearyl Glucoside, Helianthus Annuus (Sunflower) Seed Oil, Polyglyceryl-10 Laurate, Pentylene Glycol, Xanthan Gum, Ethylhexylglycerin, Sodium Polyacrylate, Adenosine, Polyquaternium-51, Disodium EDTA, Glycine Soja (Soybean) Oil, Arachidic Acid, Rice sh-Oligopeptide-1, Hydrolyzed Collagen, Gluconolactone, Glucose, Oleic Acid, Myristic Acid, Lauric Acid, Propanediol, Sodium Hyaluronate Crosspolymer, Bixa Orellana Seed Oil, Hydrolyzed Glycosaminoglycans, Sodium Hyaluronate, Sodium Lactate, Benzyl Glycol, Tocopherol, Salvia Sclarea (Clary) Extract, Polysorbate 20, Lavandula Angustifolia (Lavender) Flower Extract, Hyacinthus Orientalis (Hyacinth) Extract, Chamomilla Recutita (Matricaria) Flower Extract, Centaurea Cyanus Flower Extract, Borago Officinalis Extract, Hydrolyzed Hyaluronic Acid, Sodium Acetylated Hyaluronate, Palmitoyl Tripeptide-1, Copper Tripeptide-1, Acetyl Hexapepti<\/p>\n","protected":false},"excerpt":{"rendered":"<p>Barojo\u0161s kr\u0113ms-pildviela ar pept\u012bdiem un EGF pret grumb\u0101m pies\u0101tina ar mitrumu, paaugstina audu elast\u012bbu un tvirtumu, nodro\u0161inot liftinga efektu, izl\u012bdzina grumbas, pal\u0113nina \u0101das noveco\u0161an\u0101s procesu. Produkts ar\u012b nostiprina, izl\u012bdzina kop\u0113jo toni un mikroreljefu, pie\u0161\u0137ir skaistu mirdzumu no iek\u0161puses, nov\u0113r\u0161 sausumu, lob\u012b\u0161anos un niezi. Kr\u0113ma tekst\u016bra ir viskoza, muc\u012bnam l\u012bdz\u012bga konsistence un \u0101tri ies\u016bcas, sniedzot t\u016bl\u012bt\u0113ju [&hellip;]<\/p>\n","protected":false},"featured_media":13300,"comment_status":"open","ping_status":"closed","template":"","meta":{"site-sidebar-layout":"default","site-content-layout":"","ast-site-content-layout":"","site-content-style":"default","site-sidebar-style":"default","ast-global-header-display":"","ast-banner-title-visibility":"","ast-main-header-display":"","ast-hfb-above-header-display":"","ast-hfb-below-header-display":"","ast-hfb-mobile-header-display":"","site-post-title":"","ast-breadcrumbs-content":"","ast-featured-img":"","footer-sml-layout":"","theme-transparent-header-meta":"","adv-header-id-meta":"","stick-header-meta":"","header-above-stick-meta":"","header-main-stick-meta":"","header-below-stick-meta":"","astra-migrate-meta-layouts":"default","ast-page-background-enabled":"default","ast-page-background-meta":{"desktop":{"background-color":"var(--ast-global-color-4)","background-image":"","background-repeat":"repeat","background-position":"center center","background-size":"auto","background-attachment":"scroll","background-type":"","background-media":"","overlay-type":"","overlay-color":"","overlay-opacity":"","overlay-gradient":""},"tablet":{"background-color":"","background-image":"","background-repeat":"repeat","background-position":"center center","background-size":"auto","background-attachment":"scroll","background-type":"","background-media":"","overlay-type":"","overlay-color":"","overlay-opacity":"","overlay-gradient":""},"mobile":{"background-color":"","background-image":"","background-repeat":"repeat","background-position":"center center","background-size":"auto","background-attachment":"scroll","background-type":"","background-media":"","overlay-type":"","overlay-color":"","overlay-opacity":"","overlay-gradient":""}},"ast-content-background-meta":{"desktop":{"background-color":"var(--ast-global-color-5)","background-image":"","background-repeat":"repeat","background-position":"center center","background-size":"auto","background-attachment":"scroll","background-type":"","background-media":"","overlay-type":"","overlay-color":"","overlay-opacity":"","overlay-gradient":""},"tablet":{"background-color":"var(--ast-global-color-5)","background-image":"","background-repeat":"repeat","background-position":"center center","background-size":"auto","background-attachment":"scroll","background-type":"","background-media":"","overlay-type":"","overlay-color":"","overlay-opacity":"","overlay-gradient":""},"mobile":{"background-color":"var(--ast-global-color-5)","background-image":"","background-repeat":"repeat","background-position":"center center","background-size":"auto","background-attachment":"scroll","background-type":"","background-media":"","overlay-type":"","overlay-color":"","overlay-opacity":"","overlay-gradient":""}}},"product_brand":[],"product_cat":[365,368,362],"product_tag":[],"berocket_brand":[583],"class_list":{"0":"post-13299","1":"product","2":"type-product","3":"status-publish","4":"has-post-thumbnail","6":"product_cat-barojoss","7":"product_cat-pret-grumbam","8":"product_cat-sejas-krems","9":"berocket_brand-medi-peel","10":"desktop-align-left","11":"tablet-align-left","12":"mobile-align-left","14":"first","15":"outofstock","16":"taxable","17":"shipping-taxable","18":"purchasable","19":"product-type-simple","20":"add-to-wishlist-before_image"},"yoast_head":"<!-- This site is optimized with the Yoast SEO plugin v27.3 - https:\/\/yoast.com\/product\/yoast-seo-wordpress\/ -->\n<title>MEDI-PEEL Filler-Eazy Cream 50ml - FACECORNER<\/title>\n<meta name=\"robots\" content=\"index, follow, max-snippet:-1, max-image-preview:large, max-video-preview:-1\" \/>\n<link rel=\"canonical\" href=\"https:\/\/www.facecorner.lv\/lv\/shop\/medi-peel-filler-eazy-cream-50ml\/\" \/>\n<meta property=\"og:locale\" content=\"lv_LV\" \/>\n<meta property=\"og:type\" content=\"article\" \/>\n<meta property=\"og:title\" content=\"MEDI-PEEL Filler-Eazy Cream 50ml - FACECORNER\" \/>\n<meta property=\"og:description\" content=\"Barojo\u0161s kr\u0113ms-pildviela ar pept\u012bdiem un EGF pret grumb\u0101m pies\u0101tina ar mitrumu, paaugstina audu elast\u012bbu un tvirtumu, nodro\u0161inot liftinga efektu, izl\u012bdzina grumbas, pal\u0113nina \u0101das noveco\u0161an\u0101s procesu. Produkts ar\u012b nostiprina, izl\u012bdzina kop\u0113jo toni un mikroreljefu, pie\u0161\u0137ir skaistu mirdzumu no iek\u0161puses, nov\u0113r\u0161 sausumu, lob\u012b\u0161anos un niezi. Kr\u0113ma tekst\u016bra ir viskoza, muc\u012bnam l\u012bdz\u012bga konsistence un \u0101tri ies\u016bcas, sniedzot t\u016bl\u012bt\u0113ju [&hellip;]\" \/>\n<meta property=\"og:url\" content=\"https:\/\/www.facecorner.lv\/lv\/shop\/medi-peel-filler-eazy-cream-50ml\/\" \/>\n<meta property=\"og:site_name\" content=\"FACECORNER\" \/>\n<meta property=\"article:publisher\" content=\"https:\/\/www.facebook.com\/profile.php?id=100063824551839\" \/>\n<meta property=\"article:modified_time\" content=\"2025-06-06T09:50:12+00:00\" \/>\n<meta property=\"og:image\" content=\"https:\/\/www.facecorner.lv\/wp-content\/uploads\/2023\/12\/2.jpeg\" \/>\n\t<meta property=\"og:image:width\" content=\"600\" \/>\n\t<meta property=\"og:image:height\" content=\"600\" \/>\n\t<meta property=\"og:image:type\" content=\"image\/jpeg\" \/>\n<meta name=\"twitter:card\" content=\"summary_large_image\" \/>\n<meta name=\"twitter:label1\" content=\"Price\" \/>\n\t<meta name=\"twitter:data1\" content=\"&euro;28.00\" \/>\n\t<meta name=\"twitter:label2\" content=\"Availability\" \/>\n\t<meta name=\"twitter:data2\" content=\"Out of stock\" \/>\n<script type=\"application\/ld+json\" class=\"yoast-schema-graph\">{\"@context\":\"https:\\\/\\\/schema.org\",\"@graph\":[{\"@type\":\"WebPage\",\"@id\":\"https:\\\/\\\/www.facecorner.lv\\\/shop\\\/medi-peel-filler-eazy-cream-50ml\\\/\",\"url\":\"https:\\\/\\\/www.facecorner.lv\\\/shop\\\/medi-peel-filler-eazy-cream-50ml\\\/\",\"name\":\"MEDI-PEEL Filler-Eazy Cream 50ml - FACECORNER\",\"isPartOf\":{\"@id\":\"https:\\\/\\\/www.facecorner.lv\\\/#website\"},\"primaryImageOfPage\":{\"@id\":\"https:\\\/\\\/www.facecorner.lv\\\/shop\\\/medi-peel-filler-eazy-cream-50ml\\\/#primaryimage\"},\"image\":{\"@id\":\"https:\\\/\\\/www.facecorner.lv\\\/shop\\\/medi-peel-filler-eazy-cream-50ml\\\/#primaryimage\"},\"thumbnailUrl\":\"https:\\\/\\\/www.facecorner.lv\\\/wp-content\\\/uploads\\\/2023\\\/12\\\/2.jpeg\",\"datePublished\":\"2023-12-07T12:44:08+00:00\",\"dateModified\":\"2025-06-06T09:50:12+00:00\",\"breadcrumb\":{\"@id\":\"https:\\\/\\\/www.facecorner.lv\\\/shop\\\/medi-peel-filler-eazy-cream-50ml\\\/#breadcrumb\"},\"inLanguage\":\"lv-LV\",\"potentialAction\":[{\"@type\":\"ReadAction\",\"target\":[\"https:\\\/\\\/www.facecorner.lv\\\/shop\\\/medi-peel-filler-eazy-cream-50ml\\\/\"]}]},{\"@type\":\"ImageObject\",\"inLanguage\":\"lv-LV\",\"@id\":\"https:\\\/\\\/www.facecorner.lv\\\/shop\\\/medi-peel-filler-eazy-cream-50ml\\\/#primaryimage\",\"url\":\"https:\\\/\\\/www.facecorner.lv\\\/wp-content\\\/uploads\\\/2023\\\/12\\\/2.jpeg\",\"contentUrl\":\"https:\\\/\\\/www.facecorner.lv\\\/wp-content\\\/uploads\\\/2023\\\/12\\\/2.jpeg\",\"width\":600,\"height\":600},{\"@type\":\"BreadcrumbList\",\"@id\":\"https:\\\/\\\/www.facecorner.lv\\\/shop\\\/medi-peel-filler-eazy-cream-50ml\\\/#breadcrumb\",\"itemListElement\":[{\"@type\":\"ListItem\",\"position\":1,\"name\":\"Home\",\"item\":\"https:\\\/\\\/www.facecorner.lv\\\/\"},{\"@type\":\"ListItem\",\"position\":2,\"name\":\"Veikals\",\"item\":\"https:\\\/\\\/www.facecorner.lv\\\/shop\\\/\"},{\"@type\":\"ListItem\",\"position\":3,\"name\":\"MEDI-PEEL Filler-Eazy Cream 50ml\"}]},{\"@type\":\"WebSite\",\"@id\":\"https:\\\/\\\/www.facecorner.lv\\\/#website\",\"url\":\"https:\\\/\\\/www.facecorner.lv\\\/\",\"name\":\"Facecorner\",\"description\":\"\",\"publisher\":{\"@id\":\"https:\\\/\\\/www.facecorner.lv\\\/#organization\"},\"potentialAction\":[{\"@type\":\"SearchAction\",\"target\":{\"@type\":\"EntryPoint\",\"urlTemplate\":\"https:\\\/\\\/www.facecorner.lv\\\/?s={search_term_string}\"},\"query-input\":{\"@type\":\"PropertyValueSpecification\",\"valueRequired\":true,\"valueName\":\"search_term_string\"}}],\"inLanguage\":\"lv-LV\"},{\"@type\":\"Organization\",\"@id\":\"https:\\\/\\\/www.facecorner.lv\\\/#organization\",\"name\":\"Facecorner\",\"url\":\"https:\\\/\\\/www.facecorner.lv\\\/\",\"logo\":{\"@type\":\"ImageObject\",\"inLanguage\":\"lv-LV\",\"@id\":\"https:\\\/\\\/www.facecorner.lv\\\/#\\\/schema\\\/logo\\\/image\\\/\",\"url\":\"https:\\\/\\\/www.facecorner.lv\\\/wp-content\\\/uploads\\\/2024\\\/04\\\/fc-logo.jpg\",\"contentUrl\":\"https:\\\/\\\/www.facecorner.lv\\\/wp-content\\\/uploads\\\/2024\\\/04\\\/fc-logo.jpg\",\"width\":174,\"height\":28,\"caption\":\"Facecorner\"},\"image\":{\"@id\":\"https:\\\/\\\/www.facecorner.lv\\\/#\\\/schema\\\/logo\\\/image\\\/\"},\"sameAs\":[\"https:\\\/\\\/www.facebook.com\\\/profile.php?id=100063824551839\",\"https:\\\/\\\/www.instagram.com\\\/facecorner_shop\\\/\"]}]}<\/script>\n<meta property=\"product:price:amount\" content=\"28.00\" \/>\n<meta property=\"product:price:currency\" content=\"EUR\" \/>\n<meta property=\"og:availability\" content=\"out of stock\" \/>\n<meta property=\"product:availability\" content=\"out of stock\" \/>\n<meta property=\"product:condition\" content=\"new\" \/>\n<!-- \/ Yoast SEO plugin. -->","yoast_head_json":{"title":"MEDI-PEEL Filler-Eazy Cream 50ml - FACECORNER","robots":{"index":"index","follow":"follow","max-snippet":"max-snippet:-1","max-image-preview":"max-image-preview:large","max-video-preview":"max-video-preview:-1"},"canonical":"https:\/\/www.facecorner.lv\/lv\/shop\/medi-peel-filler-eazy-cream-50ml\/","og_locale":"lv_LV","og_type":"article","og_title":"MEDI-PEEL Filler-Eazy Cream 50ml - FACECORNER","og_description":"Barojo\u0161s kr\u0113ms-pildviela ar pept\u012bdiem un EGF pret grumb\u0101m pies\u0101tina ar mitrumu, paaugstina audu elast\u012bbu un tvirtumu, nodro\u0161inot liftinga efektu, izl\u012bdzina grumbas, pal\u0113nina \u0101das noveco\u0161an\u0101s procesu. Produkts ar\u012b nostiprina, izl\u012bdzina kop\u0113jo toni un mikroreljefu, pie\u0161\u0137ir skaistu mirdzumu no iek\u0161puses, nov\u0113r\u0161 sausumu, lob\u012b\u0161anos un niezi. Kr\u0113ma tekst\u016bra ir viskoza, muc\u012bnam l\u012bdz\u012bga konsistence un \u0101tri ies\u016bcas, sniedzot t\u016bl\u012bt\u0113ju [&hellip;]","og_url":"https:\/\/www.facecorner.lv\/lv\/shop\/medi-peel-filler-eazy-cream-50ml\/","og_site_name":"FACECORNER","article_publisher":"https:\/\/www.facebook.com\/profile.php?id=100063824551839","article_modified_time":"2025-06-06T09:50:12+00:00","og_image":[{"width":600,"height":600,"url":"https:\/\/www.facecorner.lv\/wp-content\/uploads\/2023\/12\/2.jpeg","type":"image\/jpeg"}],"twitter_card":"summary_large_image","twitter_misc":{"Price":"&euro;28.00","Availability":"Out of stock"},"schema":{"@context":"https:\/\/schema.org","@graph":[{"@type":"WebPage","@id":"https:\/\/www.facecorner.lv\/shop\/medi-peel-filler-eazy-cream-50ml\/","url":"https:\/\/www.facecorner.lv\/shop\/medi-peel-filler-eazy-cream-50ml\/","name":"MEDI-PEEL Filler-Eazy Cream 50ml - FACECORNER","isPartOf":{"@id":"https:\/\/www.facecorner.lv\/#website"},"primaryImageOfPage":{"@id":"https:\/\/www.facecorner.lv\/shop\/medi-peel-filler-eazy-cream-50ml\/#primaryimage"},"image":{"@id":"https:\/\/www.facecorner.lv\/shop\/medi-peel-filler-eazy-cream-50ml\/#primaryimage"},"thumbnailUrl":"https:\/\/www.facecorner.lv\/wp-content\/uploads\/2023\/12\/2.jpeg","datePublished":"2023-12-07T12:44:08+00:00","dateModified":"2025-06-06T09:50:12+00:00","breadcrumb":{"@id":"https:\/\/www.facecorner.lv\/shop\/medi-peel-filler-eazy-cream-50ml\/#breadcrumb"},"inLanguage":"lv-LV","potentialAction":[{"@type":"ReadAction","target":["https:\/\/www.facecorner.lv\/shop\/medi-peel-filler-eazy-cream-50ml\/"]}]},{"@type":"ImageObject","inLanguage":"lv-LV","@id":"https:\/\/www.facecorner.lv\/shop\/medi-peel-filler-eazy-cream-50ml\/#primaryimage","url":"https:\/\/www.facecorner.lv\/wp-content\/uploads\/2023\/12\/2.jpeg","contentUrl":"https:\/\/www.facecorner.lv\/wp-content\/uploads\/2023\/12\/2.jpeg","width":600,"height":600},{"@type":"BreadcrumbList","@id":"https:\/\/www.facecorner.lv\/shop\/medi-peel-filler-eazy-cream-50ml\/#breadcrumb","itemListElement":[{"@type":"ListItem","position":1,"name":"Home","item":"https:\/\/www.facecorner.lv\/"},{"@type":"ListItem","position":2,"name":"Veikals","item":"https:\/\/www.facecorner.lv\/shop\/"},{"@type":"ListItem","position":3,"name":"MEDI-PEEL Filler-Eazy Cream 50ml"}]},{"@type":"WebSite","@id":"https:\/\/www.facecorner.lv\/#website","url":"https:\/\/www.facecorner.lv\/","name":"Facecorner","description":"","publisher":{"@id":"https:\/\/www.facecorner.lv\/#organization"},"potentialAction":[{"@type":"SearchAction","target":{"@type":"EntryPoint","urlTemplate":"https:\/\/www.facecorner.lv\/?s={search_term_string}"},"query-input":{"@type":"PropertyValueSpecification","valueRequired":true,"valueName":"search_term_string"}}],"inLanguage":"lv-LV"},{"@type":"Organization","@id":"https:\/\/www.facecorner.lv\/#organization","name":"Facecorner","url":"https:\/\/www.facecorner.lv\/","logo":{"@type":"ImageObject","inLanguage":"lv-LV","@id":"https:\/\/www.facecorner.lv\/#\/schema\/logo\/image\/","url":"https:\/\/www.facecorner.lv\/wp-content\/uploads\/2024\/04\/fc-logo.jpg","contentUrl":"https:\/\/www.facecorner.lv\/wp-content\/uploads\/2024\/04\/fc-logo.jpg","width":174,"height":28,"caption":"Facecorner"},"image":{"@id":"https:\/\/www.facecorner.lv\/#\/schema\/logo\/image\/"},"sameAs":["https:\/\/www.facebook.com\/profile.php?id=100063824551839","https:\/\/www.instagram.com\/facecorner_shop\/"]}]},"product_price_amount":"28.00","product_price_currency":"EUR","og_availability":"out of stock","product_availability":"out of stock","product_condition":"new"},"_links":{"self":[{"href":"https:\/\/www.facecorner.lv\/lv\/wp-json\/wp\/v2\/product\/13299","targetHints":{"allow":["GET"]}}],"collection":[{"href":"https:\/\/www.facecorner.lv\/lv\/wp-json\/wp\/v2\/product"}],"about":[{"href":"https:\/\/www.facecorner.lv\/lv\/wp-json\/wp\/v2\/types\/product"}],"replies":[{"embeddable":true,"href":"https:\/\/www.facecorner.lv\/lv\/wp-json\/wp\/v2\/comments?post=13299"}],"wp:featuredmedia":[{"embeddable":true,"href":"https:\/\/www.facecorner.lv\/lv\/wp-json\/wp\/v2\/media\/13300"}],"wp:attachment":[{"href":"https:\/\/www.facecorner.lv\/lv\/wp-json\/wp\/v2\/media?parent=13299"}],"wp:term":[{"taxonomy":"product_brand","embeddable":true,"href":"https:\/\/www.facecorner.lv\/lv\/wp-json\/wp\/v2\/product_brand?post=13299"},{"taxonomy":"product_cat","embeddable":true,"href":"https:\/\/www.facecorner.lv\/lv\/wp-json\/wp\/v2\/product_cat?post=13299"},{"taxonomy":"product_tag","embeddable":true,"href":"https:\/\/www.facecorner.lv\/lv\/wp-json\/wp\/v2\/product_tag?post=13299"},{"taxonomy":"berocket_brand","embeddable":true,"href":"https:\/\/www.facecorner.lv\/lv\/wp-json\/wp\/v2\/berocket_brand?post=13299"}],"curies":[{"name":"wp","href":"https:\/\/api.w.org\/{rel}","templated":true}]}}